{"id":25022,"date":"2025-08-18T21:30:41","date_gmt":"2025-08-18T18:30:41","guid":{"rendered":"https:\/\/www.facecorner.lv\/?post_type=product&#038;p=25022"},"modified":"2026-04-08T06:45:43","modified_gmt":"2026-04-08T03:45:43","slug":"vt-pdrn-capsule-cream-50ml","status":"publish","type":"product","link":"https:\/\/www.facecorner.lv\/lv\/shop\/vt-pdrn-capsule-cream-50ml\/","title":{"rendered":"VT PDRN Capsule Cream 50ml"},"content":{"rendered":"<p>VT PDRN Capsule Cream inovat\u012bvs kr\u0113ms ar sp\u0113c\u012bgu re\u0123ener\u0113jo\u0161u iedarb\u012bbu. Formula ar polideoksiribonukleot\u012bdu (PDRN), kas ieg\u016bts no la\u0161u DNS, stimul\u0113 \u0161\u016bnu atjauno\u0161anos, pa\u0101trina sadz\u012b\u0161anu un iev\u0113rojami uzlabo \u0101das tekst\u016bru.<\/p>\n<ul>\n<li>PDRN (polideoksiribonukleot\u012bds) \u2014 akt\u012bvi atjauno \u0101du, pastiprina kolag\u0113na veido\u0161anos un veicina atjauno\u0161anos.<\/li>\n<li>Kapsulas ar akt\u012bvaj\u0101m sast\u0101vda\u013c\u0101m \u2014 uzkl\u0101jot uz \u0101das, t\u0101s iz\u0161\u0137\u012bst, atbr\u012bvojot der\u012bg\u0101s vielas tie\u0161i dzi\u013cajos \u0101das sl\u0101\u0146os.<\/li>\n<li>Ceram\u012bdi un pantenols \u2014 nostiprina aizsargbarjeru, dzi\u013ci mitrina un nomierina iekaisu\u0161u \u0101du.<\/li>\n<\/ul>\n<p><strong>Lieto\u0161anas efekts:<\/strong><\/p>\n<ul>\n<li>Gluda, elast\u012bga un mirdzo\u0161a \u0101da.<\/li>\n<li>Sarkanuma un kairin\u0101juma mazin\u0101\u0161an\u0101s.<\/li>\n<li>\u0100das to\u0146a un tekst\u016bras izl\u012bdzin\u0101\u0161an\u0101s.<\/li>\n<li>Barjerfunkciju uzlabo\u0161an\u0101s.<\/li>\n<\/ul>\n<p><strong>Lieto\u0161ana:<\/strong> \u0145emiet nelielu daudzumu kr\u0113ma \u2014 kapsulas un kr\u0113ma b\u0101zi.R\u016bp\u012bgi izl\u012bdziniet pa seju. Uzkl\u0101jot kapsulas iz\u0161\u0137\u012bst, atbr\u012bvojot akt\u012bv\u0101s sast\u0101vda\u013cas.Viegli mas\u0113jiet \u0101du, lai kr\u0113ms piln\u012bb\u0101 ies\u016bktos.Lietojiet no r\u012bta un vakar\u0101 k\u0101 p\u0113d\u0113jo kop\u0161anas posmu.<\/p>\n<p><strong>Sast\u0101vs:<\/strong> Water;\u202fGlycerin;\u202fCaprylic\/Capric Triglyceride;\u202fGlycereth\u201126;\u202fDipropylene Glycol;\u202fNiacinamide;\u202f1,2\u2011Hexanediol;\u202fPanthenol;\u202fButyrospermum Parkii (Shea) Butter;\u202fSqualane;\u202fGlyceryl Glucoside;\u202fCarbomer;\u202fArginine;\u202fPolyglyceryl\u20112 Stearate;\u202fC13\u201115 Alkane;\u202fArachidyl Alcohol;\u202fAmmonium Acryloyldimethyl Taurate\/VP Copolymer;\u202fGlyceryl Stearate;\u202fPsidium Guajava Leaf Extract;\u202fCetearyl Alcohol;\u202fStearyl Alcohol;\u202fPsidium Guajava Flower Extract;\u202fBehenyl Alcohol;\u202fC12\u201116 Alcohol;\u202fArachidyl Glucoside;\u202fTromethamine;\u202fCoccinia Indica Fruit Extract;\u202fAdenosine;\u202fDimethicone\/Vinyl Dimethicone Crosspolymer;\u202fPentaerythrityl Tetra\u2011Di\u2011T\u2011Butyl Hydroxyhydrocinnamate;\u202fPalmitic Acid;\u202fHydrogenated Lecithin;\u202fSolanum Melongena Fruit Extract;\u202fXanthan Gum;\u202fCucurbita Pepo (Pumpkin) Powder;\u202fCurcuma Longa Root Extract;\u202fOcimum Sanctum Leaf Extract;\u202fAloe Barbadensis Flower Extract;\u202fCorallina Officinalis Extract;\u202fMoringa Oleifera Seed Oil;\u202fSimmondsia Chinensis (Jojoba) Seed Oil;\u202fButylene Glycol;\u202fGlucose;\u202fPanax Ginseng Root Extract;\u202fSodium DNA;\u202fDimethylsilanol Hyaluronate;\u202fHydrolyzed Hyaluronic Acid;\u202fHydrolyzed Sodium Hyaluronate;\u202fSodium Hyaluronate;\u202fPotassium Hyaluronate;\u202fHyaluronic Acid;\u202fCeramide NP;\u202fSodium Hyaluronate Crosspolymer;\u202fHydroxypropyltrimonium Hyaluronate;\u202fSodium Hyaluronate Dimethylsilanol;\u202fSodium Acetylated Hyaluronate;\u202fPolyglyceryl\u201110 Laurate;\u202fTripeptide\u20111;\u202fAcetyl Tetrapeptide\u20112;\u202fAcetyl Tetrapeptide\u20115;\u202fCopper Tripeptide\u20111;\u202fPalmitoyl Tripeptide\u20111;\u202fPalmitoyl Pentapeptide\u20114;\u202fHexapeptide\u201111;\u202fHexapeptide\u20119;\u202fPalmitoyl Tripeptide\u20115;\u202fEthylhexylglycerin<\/p>\n","protected":false},"excerpt":{"rendered":"<p>VT PDRN Capsule Cream inovat\u012bvs kr\u0113ms ar sp\u0113c\u012bgu re\u0123ener\u0113jo\u0161u iedarb\u012bbu. Formula ar polideoksiribonukleot\u012bdu (PDRN), kas ieg\u016bts no la\u0161u DNS, stimul\u0113 \u0161\u016bnu atjauno\u0161anos, pa\u0101trina sadz\u012b\u0161anu un iev\u0113rojami uzlabo \u0101das tekst\u016bru.<\/p>\n","protected":false},"featured_media":25023,"comment_status":"open","ping_status":"closed","template":"","meta":{"site-sidebar-layout":"default","site-content-layout":"","ast-site-content-layout":"default","site-content-style":"default","site-sidebar-style":"default","ast-global-header-display":"","ast-banner-title-visibility":"","ast-main-header-display":"","ast-hfb-above-header-display":"","ast-hfb-below-header-display":"","ast-hfb-mobile-header-display":"","site-post-title":"","ast-breadcrumbs-content":"","ast-featured-img":"","footer-sml-layout":"","theme-transparent-header-meta":"default","adv-header-id-meta":"","stick-header-meta":"","header-above-stick-meta":"","header-main-stick-meta":"","header-below-stick-meta":"","astra-migrate-meta-layouts":"set","ast-page-background-enabled":"default","ast-page-background-meta":{"desktop":{"background-color":"var(--ast-global-color-4)","background-image":"","background-repeat":"repeat","background-position":"center center","background-size":"auto","background-attachment":"scroll","background-type":"","background-media":"","overlay-type":"","overlay-color":"","overlay-opacity":"","overlay-gradient":""},"tablet":{"background-color":"","background-image":"","background-repeat":"repeat","background-position":"center center","background-size":"auto","background-attachment":"scroll","background-type":"","background-media":"","overlay-type":"","overlay-color":"","overlay-opacity":"","overlay-gradient":""},"mobile":{"background-color":"","background-image":"","background-repeat":"repeat","background-position":"center center","background-size":"auto","background-attachment":"scroll","background-type":"","background-media":"","overlay-type":"","overlay-color":"","overlay-opacity":"","overlay-gradient":""}},"ast-content-background-meta":{"desktop":{"background-color":"var(--ast-global-color-5)","background-image":"","background-repeat":"repeat","background-position":"center center","background-size":"auto","background-attachment":"scroll","background-type":"","background-media":"","overlay-type":"","overlay-color":"","overlay-opacity":"","overlay-gradient":""},"tablet":{"background-color":"var(--ast-global-color-5)","background-image":"","background-repeat":"repeat","background-position":"center center","background-size":"auto","background-attachment":"scroll","background-type":"","background-media":"","overlay-type":"","overlay-color":"","overlay-opacity":"","overlay-gradient":""},"mobile":{"background-color":"var(--ast-global-color-5)","background-image":"","background-repeat":"repeat","background-position":"center center","background-size":"auto","background-attachment":"scroll","background-type":"","background-media":"","overlay-type":"","overlay-color":"","overlay-opacity":"","overlay-gradient":""}}},"product_brand":[],"product_cat":[366,652,368,362],"product_tag":[],"berocket_brand":[582],"class_list":{"0":"post-25022","1":"product","2":"type-product","3":"status-publish","4":"has-post-thumbnail","6":"product_cat-mitrinoss","7":"product_cat-pdrn","8":"product_cat-pret-grumbam","9":"product_cat-sejas-krems","10":"berocket_brand-vt","11":"desktop-align-left","12":"tablet-align-left","13":"mobile-align-left","15":"first","16":"outofstock","17":"taxable","18":"shipping-taxable","19":"purchasable","20":"product-type-simple","21":"add-to-wishlist-before_image"},"yoast_head":"<!-- This site is optimized with the Yoast SEO plugin v27.4 - https:\/\/yoast.com\/product\/yoast-seo-wordpress\/ -->\n<title>VT PDRN Capsule Cream 50ml - FACECORNER<\/title>\n<meta name=\"description\" content=\"VT PDRN Capsule Cream inovat\u012bvs kr\u0113ms ar sp\u0113c\u012bgu re\u0123ener\u0113jo\u0161u iedarb\u012bbu. Formula (PDRN), kas ieg\u016bts no la\u0161u DNS, stimul\u0113 \u0161\u016bnu atjauno\u0161anos\" \/>\n<meta name=\"robots\" content=\"index, follow, max-snippet:-1, max-image-preview:large, max-video-preview:-1\" \/>\n<link rel=\"canonical\" href=\"https:\/\/www.facecorner.lv\/lv\/shop\/vt-pdrn-capsule-cream-50ml\/\" \/>\n<meta property=\"og:locale\" content=\"lv_LV\" \/>\n<meta property=\"og:type\" content=\"article\" \/>\n<meta property=\"og:title\" content=\"VT PDRN Capsule Cream 50ml - FACECORNER\" \/>\n<meta property=\"og:description\" content=\"VT PDRN Capsule Cream inovat\u012bvs kr\u0113ms ar sp\u0113c\u012bgu re\u0123ener\u0113jo\u0161u iedarb\u012bbu. Formula (PDRN), kas ieg\u016bts no la\u0161u DNS, stimul\u0113 \u0161\u016bnu atjauno\u0161anos\" \/>\n<meta property=\"og:url\" content=\"https:\/\/www.facecorner.lv\/lv\/shop\/vt-pdrn-capsule-cream-50ml\/\" \/>\n<meta property=\"og:site_name\" content=\"FACECORNER\" \/>\n<meta property=\"article:publisher\" content=\"https:\/\/www.facebook.com\/profile.php?id=100063824551839\" \/>\n<meta property=\"article:modified_time\" content=\"2026-04-08T03:45:43+00:00\" \/>\n<meta property=\"og:image\" content=\"https:\/\/www.facecorner.lv\/wp-content\/uploads\/2025\/08\/1_f0231e7d-9155-42d1-8f97-442372038e74.webp\" \/>\n\t<meta property=\"og:image:width\" content=\"1500\" \/>\n\t<meta property=\"og:image:height\" content=\"1500\" \/>\n\t<meta property=\"og:image:type\" content=\"image\/webp\" \/>\n<meta name=\"twitter:card\" content=\"summary_large_image\" \/>\n<meta name=\"twitter:label1\" content=\"Price\" \/>\n\t<meta name=\"twitter:data1\" content=\"&euro;29.50\" \/>\n\t<meta name=\"twitter:label2\" content=\"Availability\" \/>\n\t<meta name=\"twitter:data2\" content=\"Out of stock\" \/>\n<script type=\"application\/ld+json\" class=\"yoast-schema-graph\">{\"@context\":\"https:\\\/\\\/schema.org\",\"@graph\":[{\"@type\":\"WebPage\",\"@id\":\"https:\\\/\\\/www.facecorner.lv\\\/shop\\\/vt-pdrn-capsule-cream-50ml\\\/\",\"url\":\"https:\\\/\\\/www.facecorner.lv\\\/shop\\\/vt-pdrn-capsule-cream-50ml\\\/\",\"name\":\"VT PDRN Capsule Cream 50ml - FACECORNER\",\"isPartOf\":{\"@id\":\"https:\\\/\\\/www.facecorner.lv\\\/#website\"},\"primaryImageOfPage\":{\"@id\":\"https:\\\/\\\/www.facecorner.lv\\\/shop\\\/vt-pdrn-capsule-cream-50ml\\\/#primaryimage\"},\"image\":{\"@id\":\"https:\\\/\\\/www.facecorner.lv\\\/shop\\\/vt-pdrn-capsule-cream-50ml\\\/#primaryimage\"},\"thumbnailUrl\":\"https:\\\/\\\/www.facecorner.lv\\\/wp-content\\\/uploads\\\/2025\\\/08\\\/1_f0231e7d-9155-42d1-8f97-442372038e74.webp\",\"datePublished\":\"2025-08-18T18:30:41+00:00\",\"dateModified\":\"2026-04-08T03:45:43+00:00\",\"description\":\"VT PDRN Capsule Cream inovat\u012bvs kr\u0113ms ar sp\u0113c\u012bgu re\u0123ener\u0113jo\u0161u iedarb\u012bbu. Formula (PDRN), kas ieg\u016bts no la\u0161u DNS, stimul\u0113 \u0161\u016bnu atjauno\u0161anos\",\"breadcrumb\":{\"@id\":\"https:\\\/\\\/www.facecorner.lv\\\/shop\\\/vt-pdrn-capsule-cream-50ml\\\/#breadcrumb\"},\"inLanguage\":\"lv-LV\",\"potentialAction\":[{\"@type\":\"ReadAction\",\"target\":[\"https:\\\/\\\/www.facecorner.lv\\\/shop\\\/vt-pdrn-capsule-cream-50ml\\\/\"]}]},{\"@type\":\"ImageObject\",\"inLanguage\":\"lv-LV\",\"@id\":\"https:\\\/\\\/www.facecorner.lv\\\/shop\\\/vt-pdrn-capsule-cream-50ml\\\/#primaryimage\",\"url\":\"https:\\\/\\\/www.facecorner.lv\\\/wp-content\\\/uploads\\\/2025\\\/08\\\/1_f0231e7d-9155-42d1-8f97-442372038e74.webp\",\"contentUrl\":\"https:\\\/\\\/www.facecorner.lv\\\/wp-content\\\/uploads\\\/2025\\\/08\\\/1_f0231e7d-9155-42d1-8f97-442372038e74.webp\",\"width\":1500,\"height\":1500,\"caption\":\"VT PDRN Capsule Cream\"},{\"@type\":\"BreadcrumbList\",\"@id\":\"https:\\\/\\\/www.facecorner.lv\\\/shop\\\/vt-pdrn-capsule-cream-50ml\\\/#breadcrumb\",\"itemListElement\":[{\"@type\":\"ListItem\",\"position\":1,\"name\":\"Home\",\"item\":\"https:\\\/\\\/www.facecorner.lv\\\/\"},{\"@type\":\"ListItem\",\"position\":2,\"name\":\"Veikals\",\"item\":\"https:\\\/\\\/www.facecorner.lv\\\/shop\\\/\"},{\"@type\":\"ListItem\",\"position\":3,\"name\":\"VT PDRN Capsule Cream 50ml\"}]},{\"@type\":\"WebSite\",\"@id\":\"https:\\\/\\\/www.facecorner.lv\\\/#website\",\"url\":\"https:\\\/\\\/www.facecorner.lv\\\/\",\"name\":\"Facecorner\",\"description\":\"\",\"publisher\":{\"@id\":\"https:\\\/\\\/www.facecorner.lv\\\/#organization\"},\"potentialAction\":[{\"@type\":\"SearchAction\",\"target\":{\"@type\":\"EntryPoint\",\"urlTemplate\":\"https:\\\/\\\/www.facecorner.lv\\\/?s={search_term_string}\"},\"query-input\":{\"@type\":\"PropertyValueSpecification\",\"valueRequired\":true,\"valueName\":\"search_term_string\"}}],\"inLanguage\":\"lv-LV\"},{\"@type\":\"Organization\",\"@id\":\"https:\\\/\\\/www.facecorner.lv\\\/#organization\",\"name\":\"Facecorner\",\"url\":\"https:\\\/\\\/www.facecorner.lv\\\/\",\"logo\":{\"@type\":\"ImageObject\",\"inLanguage\":\"lv-LV\",\"@id\":\"https:\\\/\\\/www.facecorner.lv\\\/#\\\/schema\\\/logo\\\/image\\\/\",\"url\":\"https:\\\/\\\/www.facecorner.lv\\\/wp-content\\\/uploads\\\/2024\\\/04\\\/fc-logo.jpg\",\"contentUrl\":\"https:\\\/\\\/www.facecorner.lv\\\/wp-content\\\/uploads\\\/2024\\\/04\\\/fc-logo.jpg\",\"width\":174,\"height\":28,\"caption\":\"Facecorner\"},\"image\":{\"@id\":\"https:\\\/\\\/www.facecorner.lv\\\/#\\\/schema\\\/logo\\\/image\\\/\"},\"sameAs\":[\"https:\\\/\\\/www.facebook.com\\\/profile.php?id=100063824551839\",\"https:\\\/\\\/www.instagram.com\\\/facecorner_shop\\\/\"]}]}<\/script>\n<meta property=\"product:price:amount\" content=\"29.50\" \/>\n<meta property=\"product:price:currency\" content=\"EUR\" \/>\n<meta property=\"og:availability\" content=\"out of stock\" \/>\n<meta property=\"product:availability\" content=\"out of stock\" \/>\n<meta property=\"product:condition\" content=\"new\" \/>\n<!-- \/ Yoast SEO plugin. -->","yoast_head_json":{"title":"VT PDRN Capsule Cream 50ml - FACECORNER","description":"VT PDRN Capsule Cream inovat\u012bvs kr\u0113ms ar sp\u0113c\u012bgu re\u0123ener\u0113jo\u0161u iedarb\u012bbu. Formula (PDRN), kas ieg\u016bts no la\u0161u DNS, stimul\u0113 \u0161\u016bnu atjauno\u0161anos","robots":{"index":"index","follow":"follow","max-snippet":"max-snippet:-1","max-image-preview":"max-image-preview:large","max-video-preview":"max-video-preview:-1"},"canonical":"https:\/\/www.facecorner.lv\/lv\/shop\/vt-pdrn-capsule-cream-50ml\/","og_locale":"lv_LV","og_type":"article","og_title":"VT PDRN Capsule Cream 50ml - FACECORNER","og_description":"VT PDRN Capsule Cream inovat\u012bvs kr\u0113ms ar sp\u0113c\u012bgu re\u0123ener\u0113jo\u0161u iedarb\u012bbu. Formula (PDRN), kas ieg\u016bts no la\u0161u DNS, stimul\u0113 \u0161\u016bnu atjauno\u0161anos","og_url":"https:\/\/www.facecorner.lv\/lv\/shop\/vt-pdrn-capsule-cream-50ml\/","og_site_name":"FACECORNER","article_publisher":"https:\/\/www.facebook.com\/profile.php?id=100063824551839","article_modified_time":"2026-04-08T03:45:43+00:00","og_image":[{"width":1500,"height":1500,"url":"https:\/\/www.facecorner.lv\/wp-content\/uploads\/2025\/08\/1_f0231e7d-9155-42d1-8f97-442372038e74.webp","type":"image\/webp"}],"twitter_card":"summary_large_image","twitter_misc":{"Price":"&euro;29.50","Availability":"Out of stock"},"schema":{"@context":"https:\/\/schema.org","@graph":[{"@type":"WebPage","@id":"https:\/\/www.facecorner.lv\/shop\/vt-pdrn-capsule-cream-50ml\/","url":"https:\/\/www.facecorner.lv\/shop\/vt-pdrn-capsule-cream-50ml\/","name":"VT PDRN Capsule Cream 50ml - FACECORNER","isPartOf":{"@id":"https:\/\/www.facecorner.lv\/#website"},"primaryImageOfPage":{"@id":"https:\/\/www.facecorner.lv\/shop\/vt-pdrn-capsule-cream-50ml\/#primaryimage"},"image":{"@id":"https:\/\/www.facecorner.lv\/shop\/vt-pdrn-capsule-cream-50ml\/#primaryimage"},"thumbnailUrl":"https:\/\/www.facecorner.lv\/wp-content\/uploads\/2025\/08\/1_f0231e7d-9155-42d1-8f97-442372038e74.webp","datePublished":"2025-08-18T18:30:41+00:00","dateModified":"2026-04-08T03:45:43+00:00","description":"VT PDRN Capsule Cream inovat\u012bvs kr\u0113ms ar sp\u0113c\u012bgu re\u0123ener\u0113jo\u0161u iedarb\u012bbu. Formula (PDRN), kas ieg\u016bts no la\u0161u DNS, stimul\u0113 \u0161\u016bnu atjauno\u0161anos","breadcrumb":{"@id":"https:\/\/www.facecorner.lv\/shop\/vt-pdrn-capsule-cream-50ml\/#breadcrumb"},"inLanguage":"lv-LV","potentialAction":[{"@type":"ReadAction","target":["https:\/\/www.facecorner.lv\/shop\/vt-pdrn-capsule-cream-50ml\/"]}]},{"@type":"ImageObject","inLanguage":"lv-LV","@id":"https:\/\/www.facecorner.lv\/shop\/vt-pdrn-capsule-cream-50ml\/#primaryimage","url":"https:\/\/www.facecorner.lv\/wp-content\/uploads\/2025\/08\/1_f0231e7d-9155-42d1-8f97-442372038e74.webp","contentUrl":"https:\/\/www.facecorner.lv\/wp-content\/uploads\/2025\/08\/1_f0231e7d-9155-42d1-8f97-442372038e74.webp","width":1500,"height":1500,"caption":"VT PDRN Capsule Cream"},{"@type":"BreadcrumbList","@id":"https:\/\/www.facecorner.lv\/shop\/vt-pdrn-capsule-cream-50ml\/#breadcrumb","itemListElement":[{"@type":"ListItem","position":1,"name":"Home","item":"https:\/\/www.facecorner.lv\/"},{"@type":"ListItem","position":2,"name":"Veikals","item":"https:\/\/www.facecorner.lv\/shop\/"},{"@type":"ListItem","position":3,"name":"VT PDRN Capsule Cream 50ml"}]},{"@type":"WebSite","@id":"https:\/\/www.facecorner.lv\/#website","url":"https:\/\/www.facecorner.lv\/","name":"Facecorner","description":"","publisher":{"@id":"https:\/\/www.facecorner.lv\/#organization"},"potentialAction":[{"@type":"SearchAction","target":{"@type":"EntryPoint","urlTemplate":"https:\/\/www.facecorner.lv\/?s={search_term_string}"},"query-input":{"@type":"PropertyValueSpecification","valueRequired":true,"valueName":"search_term_string"}}],"inLanguage":"lv-LV"},{"@type":"Organization","@id":"https:\/\/www.facecorner.lv\/#organization","name":"Facecorner","url":"https:\/\/www.facecorner.lv\/","logo":{"@type":"ImageObject","inLanguage":"lv-LV","@id":"https:\/\/www.facecorner.lv\/#\/schema\/logo\/image\/","url":"https:\/\/www.facecorner.lv\/wp-content\/uploads\/2024\/04\/fc-logo.jpg","contentUrl":"https:\/\/www.facecorner.lv\/wp-content\/uploads\/2024\/04\/fc-logo.jpg","width":174,"height":28,"caption":"Facecorner"},"image":{"@id":"https:\/\/www.facecorner.lv\/#\/schema\/logo\/image\/"},"sameAs":["https:\/\/www.facebook.com\/profile.php?id=100063824551839","https:\/\/www.instagram.com\/facecorner_shop\/"]}]},"product_price_amount":"29.50","product_price_currency":"EUR","og_availability":"out of stock","product_availability":"out of stock","product_condition":"new"},"_links":{"self":[{"href":"https:\/\/www.facecorner.lv\/lv\/wp-json\/wp\/v2\/product\/25022","targetHints":{"allow":["GET"]}}],"collection":[{"href":"https:\/\/www.facecorner.lv\/lv\/wp-json\/wp\/v2\/product"}],"about":[{"href":"https:\/\/www.facecorner.lv\/lv\/wp-json\/wp\/v2\/types\/product"}],"replies":[{"embeddable":true,"href":"https:\/\/www.facecorner.lv\/lv\/wp-json\/wp\/v2\/comments?post=25022"}],"wp:featuredmedia":[{"embeddable":true,"href":"https:\/\/www.facecorner.lv\/lv\/wp-json\/wp\/v2\/media\/25023"}],"wp:attachment":[{"href":"https:\/\/www.facecorner.lv\/lv\/wp-json\/wp\/v2\/media?parent=25022"}],"wp:term":[{"taxonomy":"product_brand","embeddable":true,"href":"https:\/\/www.facecorner.lv\/lv\/wp-json\/wp\/v2\/product_brand?post=25022"},{"taxonomy":"product_cat","embeddable":true,"href":"https:\/\/www.facecorner.lv\/lv\/wp-json\/wp\/v2\/product_cat?post=25022"},{"taxonomy":"product_tag","embeddable":true,"href":"https:\/\/www.facecorner.lv\/lv\/wp-json\/wp\/v2\/product_tag?post=25022"},{"taxonomy":"berocket_brand","embeddable":true,"href":"https:\/\/www.facecorner.lv\/lv\/wp-json\/wp\/v2\/berocket_brand?post=25022"}],"curies":[{"name":"wp","href":"https:\/\/api.w.org\/{rel}","templated":true}]}}