{"id":24971,"date":"2025-08-11T15:46:58","date_gmt":"2025-08-11T12:46:58","guid":{"rendered":"https:\/\/www.facecorner.lv\/?post_type=product&#038;p=24971"},"modified":"2025-11-28T15:28:37","modified_gmt":"2025-11-28T12:28:37","slug":"vt-cosmetics-az-care-toner-pad-60ea","status":"publish","type":"product","link":"https:\/\/www.facecorner.lv\/lv\/shop\/vt-cosmetics-az-care-toner-pad-60ea\/","title":{"rendered":"VT Cosmetics Az Care Toner Pad 60ea"},"content":{"rendered":"<p>VT Cosmetics Az Care Toner Pad\u00a0 ton\u0113jo\u0161ie padi ar azelainsk\u0101bi un centellas eksosom\u0101m ir izstr\u0101d\u0101ti kompleksai \u0101das kop\u0161anai ar da\u017e\u0101diem tr\u016bkumiem: mazina aps\u0101rtumu, efekt\u012bvi att\u012bra un sa\u0161aurina porus, k\u0101 ar\u012b regul\u0113 \u0101das sebuma veido\u0161anos, atbr\u012bvojot no liek\u0101 taukainuma.<\/p>\n<p>L\u012bdzeklis ar\u012b piem\u012bt izteikta pretiekaisuma iedarb\u012bba, veicinot aknes simptomu mazin\u0101\u0161anos. Izl\u012bdzina \u0101das mikroreljefu un toni, maigi izgaismo pigmentu plankumus un p\u0113capnikas p\u0113das. Turkl\u0101t uztur \u0101das elast\u012bbu un stingr\u012bbu, pie\u0161\u0137irot tai vesel\u012bgu starojumu no iek\u0161puses.<\/p>\n<p>Pads pamatne ir divpus\u0113ja: reljef\u0101 puse maigi no\u0146em atmiru\u0161\u0101s \u0161\u016bnas un efekt\u012bvi att\u012bra net\u012brumus, bet glud\u0101 puse var tikt izmantota k\u0101 \u0101tr\u0101 maska.<\/p>\n<p>Azelainsk\u0101be \u2014 akt\u012bvi c\u012bn\u0101s pret pinnes un roz\u0101cijas. Regul\u0113 \u0101das sebuma veido\u0161anos, samazina aps\u0101rtumu un darbojas antibakteri\u0101li. Att\u012bra poras un nov\u0113r\u0161 jaunu izsitumu veido\u0161anos, k\u0101 ar\u012b nomierina \u0101du, izl\u012bdzina t\u0101s toni un tekst\u016bru, pie\u0161\u0137irot vesel\u012bgu izskatu.<\/p>\n<p>Centellas eksosomas \u2014 t\u0101m ir nanizm\u0113rs, kas \u013cauj iek\u013c\u016bt dzi\u013ci \u0101d\u0101 un nodro\u0161ina izteikt\u0101ku un \u0101tr\u0101ku nomierino\u0161u efektu, kas ir 5,3 reizes sp\u0113c\u012bg\u0101ks nek\u0101 Centella asiatica ekstraktam. T\u0101s pa\u0101trina re\u0123ener\u0101ciju, nov\u0113r\u0161 kairin\u0101jumu un aps\u0101rtumu, atjauno un stiprina \u0101das barjeru, k\u0101 ar\u012b nodro\u0161ina sp\u0113c\u012bgu mitrin\u0101\u0161anu, burtiski \u201ciesl\u0113dzot\u201d mitrumu \u0161\u016bn\u0101s.<\/p>\n<p>Pantenols (vitam\u012bns B5) \u2014 dzi\u013ci ies\u016bcas \u0101d\u0101, pal\u012bdzot saglab\u0101t mitrumu un pa\u0101trin\u0101t mikroboj\u0101jumu sadz\u012b\u0161anu. Tas efekt\u012bvi nomierina kairin\u0101jumu, m\u012bkstina un stiprina \u0101das barjeru, padarot \u0101du elast\u012bg\u0101ku, glud\u0101ku un aizsarg\u0101tu no \u0101r\u0113jiem faktoriem.<\/p>\n<p><strong>Lieto\u0161ana:<\/strong> Uzkl\u0101jiet gludo pusi uz \u0101das un atst\u0101jiet uz 3-5 min\u016bt\u0113m, p\u0113c tam noslaukiet \u0101du ar reljefo pusi.<\/p>\n<p><strong>Sast\u0101vs:<\/strong> Water, Butylene Glycol, Glycerin, Methylpropanediol, 1,2-Hexanediol, Hydroxyacetophenone, Allantoin, Ethylhexylglycerin, Panthenol, Disodium EDTA, Xanthan Gum, Sodium Hyaluronate, Azelaic Acid, Gluconolactone, Salicylic Acid, Citric Acid, Capryloyl Salicylic Acid, Madecassoside, Centella Asiatica Extract, Propanediol, Propylene Glycol, Diospyros Kaki Leaf Extract, Melaleuca Alternifolia (Tea Tree) Leaf Extract, Vitis Vinifera (Grape) Fruit Extract, Hydrolyzed Sodium Hyaluronate, Hydrolyzed Hyaluronic Acid, Carthamus Tinctorius (Safflower) Flower Extract, Coffea Arabica (Coffee) Seed Extract, Polygonum Cuspidatum Root Extract, Camellia Sinensis Leaf Extract, Castanea Crenata (Chestnut) Shell Extract, Zanthoxylum Piperitum Fruit Extract, Sodium Benzoate, Sodium Acetylated Hyaluronate, Hydroxypropyltrimonium Hyaluronate, Dimethylsilanol Hyaluronate, Sodium Hyaluronate Crosspolymer, Pentylene Glycol, Hyaluronic Acid, Potassium Hyaluronate.<\/p>\n<p>.<\/p>\n","protected":false},"excerpt":{"rendered":"<p>VT Cosmetics Az Care Toner Pad\u00a0 ton\u0113jo\u0161ie padi ar azelainsk\u0101bi un centellas eksosom\u0101m ir izstr\u0101d\u0101ti kompleksai \u0101das kop\u0161anai ar da\u017e\u0101diem tr\u016bkumiem: mazina aps\u0101rtumu, efekt\u012bvi att\u012bra un sa\u0161aurina porus, k\u0101 ar\u012b regul\u0113 \u0101das sebuma veido\u0161anos, atbr\u012bvojot no liek\u0101 taukainuma. L\u012bdzeklis ar\u012b piem\u012bt izteikta pretiekaisuma iedarb\u012bba, veicinot aknes simptomu mazin\u0101\u0161anos. Izl\u012bdzina \u0101das mikroreljefu un toni, maigi izgaismo [&hellip;]<\/p>\n","protected":false},"featured_media":24972,"comment_status":"open","ping_status":"closed","template":"","meta":{"site-sidebar-layout":"default","site-content-layout":"","ast-site-content-layout":"default","site-content-style":"default","site-sidebar-style":"default","ast-global-header-display":"","ast-banner-title-visibility":"","ast-main-header-display":"","ast-hfb-above-header-display":"","ast-hfb-below-header-display":"","ast-hfb-mobile-header-display":"","site-post-title":"","ast-breadcrumbs-content":"","ast-featured-img":"","footer-sml-layout":"","theme-transparent-header-meta":"default","adv-header-id-meta":"","stick-header-meta":"","header-above-stick-meta":"","header-main-stick-meta":"","header-below-stick-meta":"","astra-migrate-meta-layouts":"set","ast-page-background-enabled":"default","ast-page-background-meta":{"desktop":{"background-color":"var(--ast-global-color-4)","background-image":"","background-repeat":"repeat","background-position":"center center","background-size":"auto","background-attachment":"scroll","background-type":"","background-media":"","overlay-type":"","overlay-color":"","overlay-opacity":"","overlay-gradient":""},"tablet":{"background-color":"","background-image":"","background-repeat":"repeat","background-position":"center center","background-size":"auto","background-attachment":"scroll","background-type":"","background-media":"","overlay-type":"","overlay-color":"","overlay-opacity":"","overlay-gradient":""},"mobile":{"background-color":"","background-image":"","background-repeat":"repeat","background-position":"center center","background-size":"auto","background-attachment":"scroll","background-type":"","background-media":"","overlay-type":"","overlay-color":"","overlay-opacity":"","overlay-gradient":""}},"ast-content-background-meta":{"desktop":{"background-color":"var(--ast-global-color-5)","background-image":"","background-repeat":"repeat","background-position":"center center","background-size":"auto","background-attachment":"scroll","background-type":"","background-media":"","overlay-type":"","overlay-color":"","overlay-opacity":"","overlay-gradient":""},"tablet":{"background-color":"var(--ast-global-color-5)","background-image":"","background-repeat":"repeat","background-position":"center center","background-size":"auto","background-attachment":"scroll","background-type":"","background-media":"","overlay-type":"","overlay-color":"","overlay-opacity":"","overlay-gradient":""},"mobile":{"background-color":"var(--ast-global-color-5)","background-image":"","background-repeat":"repeat","background-position":"center center","background-size":"auto","background-attachment":"scroll","background-type":"","background-media":"","overlay-type":"","overlay-color":"","overlay-opacity":"","overlay-gradient":""}}},"product_brand":[],"product_cat":[670,328,377,364,376],"product_tag":[],"berocket_brand":[582],"class_list":{"0":"post-24971","1":"product","2":"type-product","3":"status-publish","4":"has-post-thumbnail","6":"product_cat-pilinga-diski","7":"product_cat-pilingi-un-skrubji","8":"product_cat-problematiskai-adai-toneri","9":"product_cat-toneri","10":"product_cat-kombinetai-adai-toneri","11":"berocket_brand-vt","12":"desktop-align-left","13":"tablet-align-left","14":"mobile-align-left","16":"first","17":"outofstock","18":"taxable","19":"shipping-taxable","20":"purchasable","21":"product-type-simple","22":"add-to-wishlist-before_image"},"yoast_head":"<!-- This site is optimized with the Yoast SEO plugin v27.3 - https:\/\/yoast.com\/product\/yoast-seo-wordpress\/ -->\n<title>VT Cosmetics Az Care Toner Pad 60ea - FACECORNER<\/title>\n<meta name=\"description\" content=\"VT Cosmetics Az Care Toner Pad\u00a0 ton\u0113jo\u0161ie padi ar azelainsk\u0101bi un centellas eksosom\u0101m ir izstr\u0101d\u0101ti kompleksai \u0101das kop\u0161anai ar da\u017e\u0101diem tr\u016bkumiem\" \/>\n<meta name=\"robots\" content=\"index, follow, max-snippet:-1, max-image-preview:large, max-video-preview:-1\" \/>\n<link rel=\"canonical\" href=\"https:\/\/www.facecorner.lv\/lv\/shop\/vt-cosmetics-az-care-toner-pad-60ea\/\" \/>\n<meta property=\"og:locale\" content=\"lv_LV\" \/>\n<meta property=\"og:type\" content=\"article\" \/>\n<meta property=\"og:title\" content=\"VT Cosmetics Az Care Toner Pad 60ea - FACECORNER\" \/>\n<meta property=\"og:description\" content=\"VT Cosmetics Az Care Toner Pad\u00a0 ton\u0113jo\u0161ie padi ar azelainsk\u0101bi un centellas eksosom\u0101m ir izstr\u0101d\u0101ti kompleksai \u0101das kop\u0161anai ar da\u017e\u0101diem tr\u016bkumiem\" \/>\n<meta property=\"og:url\" content=\"https:\/\/www.facecorner.lv\/lv\/shop\/vt-cosmetics-az-care-toner-pad-60ea\/\" \/>\n<meta property=\"og:site_name\" content=\"FACECORNER\" \/>\n<meta property=\"article:publisher\" content=\"https:\/\/www.facebook.com\/profile.php?id=100063824551839\" \/>\n<meta property=\"article:modified_time\" content=\"2025-11-28T12:28:37+00:00\" \/>\n<meta property=\"og:image\" content=\"https:\/\/www.facecorner.lv\/wp-content\/uploads\/2025\/08\/VT-86-01.webp\" \/>\n\t<meta property=\"og:image:width\" content=\"720\" \/>\n\t<meta property=\"og:image:height\" content=\"720\" \/>\n\t<meta property=\"og:image:type\" content=\"image\/webp\" \/>\n<meta name=\"twitter:card\" content=\"summary_large_image\" \/>\n<meta name=\"twitter:label1\" content=\"Price\" \/>\n\t<meta name=\"twitter:data1\" content=\"&euro;29.00\" \/>\n\t<meta name=\"twitter:label2\" content=\"Availability\" \/>\n\t<meta name=\"twitter:data2\" content=\"Out of stock\" \/>\n<script type=\"application\/ld+json\" class=\"yoast-schema-graph\">{\"@context\":\"https:\\\/\\\/schema.org\",\"@graph\":[{\"@type\":\"WebPage\",\"@id\":\"https:\\\/\\\/www.facecorner.lv\\\/shop\\\/vt-cosmetics-az-care-toner-pad-60ea\\\/\",\"url\":\"https:\\\/\\\/www.facecorner.lv\\\/shop\\\/vt-cosmetics-az-care-toner-pad-60ea\\\/\",\"name\":\"VT Cosmetics Az Care Toner Pad 60ea - FACECORNER\",\"isPartOf\":{\"@id\":\"https:\\\/\\\/www.facecorner.lv\\\/#website\"},\"primaryImageOfPage\":{\"@id\":\"https:\\\/\\\/www.facecorner.lv\\\/shop\\\/vt-cosmetics-az-care-toner-pad-60ea\\\/#primaryimage\"},\"image\":{\"@id\":\"https:\\\/\\\/www.facecorner.lv\\\/shop\\\/vt-cosmetics-az-care-toner-pad-60ea\\\/#primaryimage\"},\"thumbnailUrl\":\"https:\\\/\\\/www.facecorner.lv\\\/wp-content\\\/uploads\\\/2025\\\/08\\\/VT-86-01.webp\",\"datePublished\":\"2025-08-11T12:46:58+00:00\",\"dateModified\":\"2025-11-28T12:28:37+00:00\",\"description\":\"VT Cosmetics Az Care Toner Pad\u00a0 ton\u0113jo\u0161ie padi ar azelainsk\u0101bi un centellas eksosom\u0101m ir izstr\u0101d\u0101ti kompleksai \u0101das kop\u0161anai ar da\u017e\u0101diem tr\u016bkumiem\",\"breadcrumb\":{\"@id\":\"https:\\\/\\\/www.facecorner.lv\\\/shop\\\/vt-cosmetics-az-care-toner-pad-60ea\\\/#breadcrumb\"},\"inLanguage\":\"lv-LV\",\"potentialAction\":[{\"@type\":\"ReadAction\",\"target\":[\"https:\\\/\\\/www.facecorner.lv\\\/shop\\\/vt-cosmetics-az-care-toner-pad-60ea\\\/\"]}]},{\"@type\":\"ImageObject\",\"inLanguage\":\"lv-LV\",\"@id\":\"https:\\\/\\\/www.facecorner.lv\\\/shop\\\/vt-cosmetics-az-care-toner-pad-60ea\\\/#primaryimage\",\"url\":\"https:\\\/\\\/www.facecorner.lv\\\/wp-content\\\/uploads\\\/2025\\\/08\\\/VT-86-01.webp\",\"contentUrl\":\"https:\\\/\\\/www.facecorner.lv\\\/wp-content\\\/uploads\\\/2025\\\/08\\\/VT-86-01.webp\",\"width\":720,\"height\":720,\"caption\":\"VT Cosmetics Az Care Toner Pad\"},{\"@type\":\"BreadcrumbList\",\"@id\":\"https:\\\/\\\/www.facecorner.lv\\\/shop\\\/vt-cosmetics-az-care-toner-pad-60ea\\\/#breadcrumb\",\"itemListElement\":[{\"@type\":\"ListItem\",\"position\":1,\"name\":\"Home\",\"item\":\"https:\\\/\\\/www.facecorner.lv\\\/\"},{\"@type\":\"ListItem\",\"position\":2,\"name\":\"Veikals\",\"item\":\"https:\\\/\\\/www.facecorner.lv\\\/shop\\\/\"},{\"@type\":\"ListItem\",\"position\":3,\"name\":\"VT Cosmetics Az Care Toner Pad 60ea\"}]},{\"@type\":\"WebSite\",\"@id\":\"https:\\\/\\\/www.facecorner.lv\\\/#website\",\"url\":\"https:\\\/\\\/www.facecorner.lv\\\/\",\"name\":\"Facecorner\",\"description\":\"\",\"publisher\":{\"@id\":\"https:\\\/\\\/www.facecorner.lv\\\/#organization\"},\"potentialAction\":[{\"@type\":\"SearchAction\",\"target\":{\"@type\":\"EntryPoint\",\"urlTemplate\":\"https:\\\/\\\/www.facecorner.lv\\\/?s={search_term_string}\"},\"query-input\":{\"@type\":\"PropertyValueSpecification\",\"valueRequired\":true,\"valueName\":\"search_term_string\"}}],\"inLanguage\":\"lv-LV\"},{\"@type\":\"Organization\",\"@id\":\"https:\\\/\\\/www.facecorner.lv\\\/#organization\",\"name\":\"Facecorner\",\"url\":\"https:\\\/\\\/www.facecorner.lv\\\/\",\"logo\":{\"@type\":\"ImageObject\",\"inLanguage\":\"lv-LV\",\"@id\":\"https:\\\/\\\/www.facecorner.lv\\\/#\\\/schema\\\/logo\\\/image\\\/\",\"url\":\"https:\\\/\\\/www.facecorner.lv\\\/wp-content\\\/uploads\\\/2024\\\/04\\\/fc-logo.jpg\",\"contentUrl\":\"https:\\\/\\\/www.facecorner.lv\\\/wp-content\\\/uploads\\\/2024\\\/04\\\/fc-logo.jpg\",\"width\":174,\"height\":28,\"caption\":\"Facecorner\"},\"image\":{\"@id\":\"https:\\\/\\\/www.facecorner.lv\\\/#\\\/schema\\\/logo\\\/image\\\/\"},\"sameAs\":[\"https:\\\/\\\/www.facebook.com\\\/profile.php?id=100063824551839\",\"https:\\\/\\\/www.instagram.com\\\/facecorner_shop\\\/\"]}]}<\/script>\n<meta property=\"product:price:amount\" content=\"29.00\" \/>\n<meta property=\"product:price:currency\" content=\"EUR\" \/>\n<meta property=\"og:availability\" content=\"out of stock\" \/>\n<meta property=\"product:availability\" content=\"out of stock\" \/>\n<meta property=\"product:condition\" content=\"new\" \/>\n<!-- \/ Yoast SEO plugin. -->","yoast_head_json":{"title":"VT Cosmetics Az Care Toner Pad 60ea - FACECORNER","description":"VT Cosmetics Az Care Toner Pad\u00a0 ton\u0113jo\u0161ie padi ar azelainsk\u0101bi un centellas eksosom\u0101m ir izstr\u0101d\u0101ti kompleksai \u0101das kop\u0161anai ar da\u017e\u0101diem tr\u016bkumiem","robots":{"index":"index","follow":"follow","max-snippet":"max-snippet:-1","max-image-preview":"max-image-preview:large","max-video-preview":"max-video-preview:-1"},"canonical":"https:\/\/www.facecorner.lv\/lv\/shop\/vt-cosmetics-az-care-toner-pad-60ea\/","og_locale":"lv_LV","og_type":"article","og_title":"VT Cosmetics Az Care Toner Pad 60ea - FACECORNER","og_description":"VT Cosmetics Az Care Toner Pad\u00a0 ton\u0113jo\u0161ie padi ar azelainsk\u0101bi un centellas eksosom\u0101m ir izstr\u0101d\u0101ti kompleksai \u0101das kop\u0161anai ar da\u017e\u0101diem tr\u016bkumiem","og_url":"https:\/\/www.facecorner.lv\/lv\/shop\/vt-cosmetics-az-care-toner-pad-60ea\/","og_site_name":"FACECORNER","article_publisher":"https:\/\/www.facebook.com\/profile.php?id=100063824551839","article_modified_time":"2025-11-28T12:28:37+00:00","og_image":[{"width":720,"height":720,"url":"https:\/\/www.facecorner.lv\/wp-content\/uploads\/2025\/08\/VT-86-01.webp","type":"image\/webp"}],"twitter_card":"summary_large_image","twitter_misc":{"Price":"&euro;29.00","Availability":"Out of stock"},"schema":{"@context":"https:\/\/schema.org","@graph":[{"@type":"WebPage","@id":"https:\/\/www.facecorner.lv\/shop\/vt-cosmetics-az-care-toner-pad-60ea\/","url":"https:\/\/www.facecorner.lv\/shop\/vt-cosmetics-az-care-toner-pad-60ea\/","name":"VT Cosmetics Az Care Toner Pad 60ea - FACECORNER","isPartOf":{"@id":"https:\/\/www.facecorner.lv\/#website"},"primaryImageOfPage":{"@id":"https:\/\/www.facecorner.lv\/shop\/vt-cosmetics-az-care-toner-pad-60ea\/#primaryimage"},"image":{"@id":"https:\/\/www.facecorner.lv\/shop\/vt-cosmetics-az-care-toner-pad-60ea\/#primaryimage"},"thumbnailUrl":"https:\/\/www.facecorner.lv\/wp-content\/uploads\/2025\/08\/VT-86-01.webp","datePublished":"2025-08-11T12:46:58+00:00","dateModified":"2025-11-28T12:28:37+00:00","description":"VT Cosmetics Az Care Toner Pad\u00a0 ton\u0113jo\u0161ie padi ar azelainsk\u0101bi un centellas eksosom\u0101m ir izstr\u0101d\u0101ti kompleksai \u0101das kop\u0161anai ar da\u017e\u0101diem tr\u016bkumiem","breadcrumb":{"@id":"https:\/\/www.facecorner.lv\/shop\/vt-cosmetics-az-care-toner-pad-60ea\/#breadcrumb"},"inLanguage":"lv-LV","potentialAction":[{"@type":"ReadAction","target":["https:\/\/www.facecorner.lv\/shop\/vt-cosmetics-az-care-toner-pad-60ea\/"]}]},{"@type":"ImageObject","inLanguage":"lv-LV","@id":"https:\/\/www.facecorner.lv\/shop\/vt-cosmetics-az-care-toner-pad-60ea\/#primaryimage","url":"https:\/\/www.facecorner.lv\/wp-content\/uploads\/2025\/08\/VT-86-01.webp","contentUrl":"https:\/\/www.facecorner.lv\/wp-content\/uploads\/2025\/08\/VT-86-01.webp","width":720,"height":720,"caption":"VT Cosmetics Az Care Toner Pad"},{"@type":"BreadcrumbList","@id":"https:\/\/www.facecorner.lv\/shop\/vt-cosmetics-az-care-toner-pad-60ea\/#breadcrumb","itemListElement":[{"@type":"ListItem","position":1,"name":"Home","item":"https:\/\/www.facecorner.lv\/"},{"@type":"ListItem","position":2,"name":"Veikals","item":"https:\/\/www.facecorner.lv\/shop\/"},{"@type":"ListItem","position":3,"name":"VT Cosmetics Az Care Toner Pad 60ea"}]},{"@type":"WebSite","@id":"https:\/\/www.facecorner.lv\/#website","url":"https:\/\/www.facecorner.lv\/","name":"Facecorner","description":"","publisher":{"@id":"https:\/\/www.facecorner.lv\/#organization"},"potentialAction":[{"@type":"SearchAction","target":{"@type":"EntryPoint","urlTemplate":"https:\/\/www.facecorner.lv\/?s={search_term_string}"},"query-input":{"@type":"PropertyValueSpecification","valueRequired":true,"valueName":"search_term_string"}}],"inLanguage":"lv-LV"},{"@type":"Organization","@id":"https:\/\/www.facecorner.lv\/#organization","name":"Facecorner","url":"https:\/\/www.facecorner.lv\/","logo":{"@type":"ImageObject","inLanguage":"lv-LV","@id":"https:\/\/www.facecorner.lv\/#\/schema\/logo\/image\/","url":"https:\/\/www.facecorner.lv\/wp-content\/uploads\/2024\/04\/fc-logo.jpg","contentUrl":"https:\/\/www.facecorner.lv\/wp-content\/uploads\/2024\/04\/fc-logo.jpg","width":174,"height":28,"caption":"Facecorner"},"image":{"@id":"https:\/\/www.facecorner.lv\/#\/schema\/logo\/image\/"},"sameAs":["https:\/\/www.facebook.com\/profile.php?id=100063824551839","https:\/\/www.instagram.com\/facecorner_shop\/"]}]},"product_price_amount":"29.00","product_price_currency":"EUR","og_availability":"out of stock","product_availability":"out of stock","product_condition":"new"},"_links":{"self":[{"href":"https:\/\/www.facecorner.lv\/lv\/wp-json\/wp\/v2\/product\/24971","targetHints":{"allow":["GET"]}}],"collection":[{"href":"https:\/\/www.facecorner.lv\/lv\/wp-json\/wp\/v2\/product"}],"about":[{"href":"https:\/\/www.facecorner.lv\/lv\/wp-json\/wp\/v2\/types\/product"}],"replies":[{"embeddable":true,"href":"https:\/\/www.facecorner.lv\/lv\/wp-json\/wp\/v2\/comments?post=24971"}],"wp:featuredmedia":[{"embeddable":true,"href":"https:\/\/www.facecorner.lv\/lv\/wp-json\/wp\/v2\/media\/24972"}],"wp:attachment":[{"href":"https:\/\/www.facecorner.lv\/lv\/wp-json\/wp\/v2\/media?parent=24971"}],"wp:term":[{"taxonomy":"product_brand","embeddable":true,"href":"https:\/\/www.facecorner.lv\/lv\/wp-json\/wp\/v2\/product_brand?post=24971"},{"taxonomy":"product_cat","embeddable":true,"href":"https:\/\/www.facecorner.lv\/lv\/wp-json\/wp\/v2\/product_cat?post=24971"},{"taxonomy":"product_tag","embeddable":true,"href":"https:\/\/www.facecorner.lv\/lv\/wp-json\/wp\/v2\/product_tag?post=24971"},{"taxonomy":"berocket_brand","embeddable":true,"href":"https:\/\/www.facecorner.lv\/lv\/wp-json\/wp\/v2\/berocket_brand?post=24971"}],"curies":[{"name":"wp","href":"https:\/\/api.w.org\/{rel}","templated":true}]}}