{"id":24969,"date":"2025-08-11T15:23:55","date_gmt":"2025-08-11T12:23:55","guid":{"rendered":"https:\/\/www.facecorner.lv\/?post_type=product&#038;p=24969"},"modified":"2025-12-28T03:05:30","modified_gmt":"2025-12-28T00:05:30","slug":"ongredients-skin-barrier-calming-lotion-220ml","status":"publish","type":"product","link":"https:\/\/www.facecorner.lv\/lv\/shop\/ongredients-skin-barrier-calming-lotion-220ml\/","title":{"rendered":"Ongredients Skin Barrier Calming Lotion 220ml"},"content":{"rendered":"<p>Ongredients Skin Barrier Calming Lotion\u00a0 izbaudiet neaprakst\u0101mu \u0101das komfortu , hipoaler\u0123isku, veg\u0101nu formulu, kas izstr\u0101d\u0101ta, lai nomierin\u0101tu un aizsarg\u0101tu jut\u012bgu \u0101du.<\/p>\n<p>\u0160is viegls, esences l\u012bdz\u012bgs losjons, kas satur patent\u0113tu NB P-Complex un 9 pept\u012bdu kompleksu, stiprina \u0101das barjeru, vienlaikus saglab\u0101jot mitrumu, nodro\u0161inot gludu un elast\u012bgu \u0101du.<\/p>\n<p>Pateicoties centella asiatica un coptis japonica sak\u0146u ekstraktiem, tas nomierina kairin\u0101jumu un sausumu, atst\u0101jot \u0101du atsvaidzin\u0101tu un atjaunotu. Test\u0113ts, lai iev\u0113rojami samazin\u0101tu \u0101das kairin\u0101jumu un mitruma zudumu, \u0161is z\u012bdainas tekst\u016bras losjons ir ide\u0101ls mitrin\u0101\u0161anai un kop\u0161anai visa gada garum\u0101, nodro\u0161inot, ka \u0101da paliek m\u012bksta, mitra un mirdzo\u0161a.<\/p>\n<p><strong>Lieto\u0161ana:<\/strong> P\u0113d\u0113j\u0101 \u0101das kop\u0161anas posm\u0101 uzkl\u0101jiet atbilsto\u0161u daudzumu un viegli ieklopojiet, lai tas ies\u016bktos, izvairoties no acu un mutes zonas.Atkar\u012bb\u0101 no \u0101das tipa, uzkl\u0101jot 1\u20132 sl\u0101\u0146us, var uzlabot mitrino\u0161o efektu.<\/p>\n<p><strong>Sast\u0101vs:\u00a0 <\/strong>Water, Glycerin, Propanediol, Caprylic\/Capric Triglyceride, Cetyl Ethylhexanoate, 1,2-Hexanediol, Glyceryl Stearate, Phenyl Trimethicone, C14-22 Alcohols, Polysorbate 60, Arginine, Coptis Japonica Root Extract, Carbomer, Butylene Glycol, Corchorus Olitorius Leaf Extract, Daucus Carota Sativa Root Extract, Ilex Paraguariensis Leaf Extract, Borago Officinalis Extract, C12-20 Alkyl Glucoside, Centella Asiatica Extract, Glucose, Polyglyceryl-10 Laurate, Ethylhexylglycerin, Tripeptide-1, Copper Tripeptide-1, Palmitoyl Pentapeptide-4, Palmitoyl Tripeptide-1, Hexapeptide-9, Hexapeptide-11, Acetyl Tetrapeptide-2, Acetyl Tetrapeptide-5, Palmitoyl Tripeptide-5<\/p>\n","protected":false},"excerpt":{"rendered":"<p>Ongredients Skin Barrier Calming Lotion\u00a0 izbaudiet neaprakst\u0101mu \u0101das komfortu , hipoaler\u0123isku, veg\u0101nu formulu, kas izstr\u0101d\u0101ta, lai nomierin\u0101tu un aizsarg\u0101tu jut\u012bgu \u0101du.<\/p>\n","protected":false},"featured_media":24970,"comment_status":"open","ping_status":"closed","template":"","meta":{"site-sidebar-layout":"default","site-content-layout":"","ast-site-content-layout":"default","site-content-style":"default","site-sidebar-style":"default","ast-global-header-display":"","ast-banner-title-visibility":"","ast-main-header-display":"","ast-hfb-above-header-display":"","ast-hfb-below-header-display":"","ast-hfb-mobile-header-display":"","site-post-title":"","ast-breadcrumbs-content":"","ast-featured-img":"","footer-sml-layout":"","theme-transparent-header-meta":"default","adv-header-id-meta":"","stick-header-meta":"","header-above-stick-meta":"","header-main-stick-meta":"","header-below-stick-meta":"","astra-migrate-meta-layouts":"set","ast-page-background-enabled":"default","ast-page-background-meta":{"desktop":{"background-color":"var(--ast-global-color-4)","background-image":"","background-repeat":"repeat","background-position":"center center","background-size":"auto","background-attachment":"scroll","background-type":"","background-media":"","overlay-type":"","overlay-color":"","overlay-opacity":"","overlay-gradient":""},"tablet":{"background-color":"","background-image":"","background-repeat":"repeat","background-position":"center center","background-size":"auto","background-attachment":"scroll","background-type":"","background-media":"","overlay-type":"","overlay-color":"","overlay-opacity":"","overlay-gradient":""},"mobile":{"background-color":"","background-image":"","background-repeat":"repeat","background-position":"center center","background-size":"auto","background-attachment":"scroll","background-type":"","background-media":"","overlay-type":"","overlay-color":"","overlay-opacity":"","overlay-gradient":""}},"ast-content-background-meta":{"desktop":{"background-color":"var(--ast-global-color-5)","background-image":"","background-repeat":"repeat","background-position":"center center","background-size":"auto","background-attachment":"scroll","background-type":"","background-media":"","overlay-type":"","overlay-color":"","overlay-opacity":"","overlay-gradient":""},"tablet":{"background-color":"var(--ast-global-color-5)","background-image":"","background-repeat":"repeat","background-position":"center center","background-size":"auto","background-attachment":"scroll","background-type":"","background-media":"","overlay-type":"","overlay-color":"","overlay-opacity":"","overlay-gradient":""},"mobile":{"background-color":"var(--ast-global-color-5)","background-image":"","background-repeat":"repeat","background-position":"center center","background-size":"auto","background-attachment":"scroll","background-type":"","background-media":"","overlay-type":"","overlay-color":"","overlay-opacity":"","overlay-gradient":""}}},"product_brand":[],"product_cat":[370,371,372,366,367,373,374,362,363],"product_tag":[],"berocket_brand":[647],"class_list":{"0":"post-24969","1":"product","2":"type-product","3":"status-publish","4":"has-post-thumbnail","6":"product_cat-adas-mirdzumam","7":"product_cat-anti-age","8":"product_cat-jutigai-adai-serumi","9":"product_cat-mitrinoss","10":"product_cat-nomierinoss","11":"product_cat-poras-sasaurinoss","12":"product_cat-pret-pinnem","13":"product_cat-sejas-krems","14":"product_cat-serumi","15":"berocket_brand-ongredients","16":"desktop-align-left","17":"tablet-align-left","18":"mobile-align-left","20":"first","21":"outofstock","22":"taxable","23":"shipping-taxable","24":"purchasable","25":"product-type-simple","26":"add-to-wishlist-before_image"},"yoast_head":"<!-- This site is optimized with the Yoast SEO plugin v27.3 - https:\/\/yoast.com\/product\/yoast-seo-wordpress\/ -->\n<title>Ongredients Skin Barrier Calming Lotion 220ml - FACECORNER<\/title>\n<meta name=\"description\" content=\"Ongredients Skin Barrier Calming Lotion\u00a0 izbaudiet neaprakst\u0101mu \u0101das komfortu , hipoaler\u0123isku, veg\u0101nu formulu, kas izstr\u0101d\u0101ta, lai nomierin\u0101tu\" \/>\n<meta name=\"robots\" content=\"index, follow, max-snippet:-1, max-image-preview:large, max-video-preview:-1\" \/>\n<link rel=\"canonical\" href=\"https:\/\/www.facecorner.lv\/lv\/shop\/ongredients-skin-barrier-calming-lotion-220ml\/\" \/>\n<meta property=\"og:locale\" content=\"lv_LV\" \/>\n<meta property=\"og:type\" content=\"article\" \/>\n<meta property=\"og:title\" content=\"Ongredients Skin Barrier Calming Lotion 220ml - FACECORNER\" \/>\n<meta property=\"og:description\" content=\"Ongredients Skin Barrier Calming Lotion\u00a0 izbaudiet neaprakst\u0101mu \u0101das komfortu , hipoaler\u0123isku, veg\u0101nu formulu, kas izstr\u0101d\u0101ta, lai nomierin\u0101tu\" \/>\n<meta property=\"og:url\" content=\"https:\/\/www.facecorner.lv\/lv\/shop\/ongredients-skin-barrier-calming-lotion-220ml\/\" \/>\n<meta property=\"og:site_name\" content=\"FACECORNER\" \/>\n<meta property=\"article:publisher\" content=\"https:\/\/www.facebook.com\/profile.php?id=100063824551839\" \/>\n<meta property=\"article:modified_time\" content=\"2025-12-28T00:05:30+00:00\" \/>\n<meta property=\"og:image\" content=\"https:\/\/www.facecorner.lv\/wp-content\/uploads\/2025\/08\/610iVUI4H9L._UF10001000_QL80_.jpg\" \/>\n\t<meta property=\"og:image:width\" content=\"1000\" \/>\n\t<meta property=\"og:image:height\" content=\"1000\" \/>\n\t<meta property=\"og:image:type\" content=\"image\/jpeg\" \/>\n<meta name=\"twitter:card\" content=\"summary_large_image\" \/>\n<meta name=\"twitter:label1\" content=\"Price\" \/>\n\t<meta name=\"twitter:data1\" content=\"&euro;28.90\" \/>\n\t<meta name=\"twitter:label2\" content=\"Availability\" \/>\n\t<meta name=\"twitter:data2\" content=\"Out of stock\" \/>\n<script type=\"application\/ld+json\" class=\"yoast-schema-graph\">{\"@context\":\"https:\\\/\\\/schema.org\",\"@graph\":[{\"@type\":\"WebPage\",\"@id\":\"https:\\\/\\\/www.facecorner.lv\\\/shop\\\/ongredients-skin-barrier-calming-lotion-220ml\\\/\",\"url\":\"https:\\\/\\\/www.facecorner.lv\\\/shop\\\/ongredients-skin-barrier-calming-lotion-220ml\\\/\",\"name\":\"Ongredients Skin Barrier Calming Lotion 220ml - FACECORNER\",\"isPartOf\":{\"@id\":\"https:\\\/\\\/www.facecorner.lv\\\/#website\"},\"primaryImageOfPage\":{\"@id\":\"https:\\\/\\\/www.facecorner.lv\\\/shop\\\/ongredients-skin-barrier-calming-lotion-220ml\\\/#primaryimage\"},\"image\":{\"@id\":\"https:\\\/\\\/www.facecorner.lv\\\/shop\\\/ongredients-skin-barrier-calming-lotion-220ml\\\/#primaryimage\"},\"thumbnailUrl\":\"https:\\\/\\\/www.facecorner.lv\\\/wp-content\\\/uploads\\\/2025\\\/08\\\/610iVUI4H9L._UF10001000_QL80_.jpg\",\"datePublished\":\"2025-08-11T12:23:55+00:00\",\"dateModified\":\"2025-12-28T00:05:30+00:00\",\"description\":\"Ongredients Skin Barrier Calming Lotion\u00a0 izbaudiet neaprakst\u0101mu \u0101das komfortu , hipoaler\u0123isku, veg\u0101nu formulu, kas izstr\u0101d\u0101ta, lai nomierin\u0101tu\",\"breadcrumb\":{\"@id\":\"https:\\\/\\\/www.facecorner.lv\\\/shop\\\/ongredients-skin-barrier-calming-lotion-220ml\\\/#breadcrumb\"},\"inLanguage\":\"lv-LV\",\"potentialAction\":[{\"@type\":\"ReadAction\",\"target\":[\"https:\\\/\\\/www.facecorner.lv\\\/shop\\\/ongredients-skin-barrier-calming-lotion-220ml\\\/\"]}]},{\"@type\":\"ImageObject\",\"inLanguage\":\"lv-LV\",\"@id\":\"https:\\\/\\\/www.facecorner.lv\\\/shop\\\/ongredients-skin-barrier-calming-lotion-220ml\\\/#primaryimage\",\"url\":\"https:\\\/\\\/www.facecorner.lv\\\/wp-content\\\/uploads\\\/2025\\\/08\\\/610iVUI4H9L._UF10001000_QL80_.jpg\",\"contentUrl\":\"https:\\\/\\\/www.facecorner.lv\\\/wp-content\\\/uploads\\\/2025\\\/08\\\/610iVUI4H9L._UF10001000_QL80_.jpg\",\"width\":1000,\"height\":1000,\"caption\":\"Ongredients Skin Barrier Calming Lotion\"},{\"@type\":\"BreadcrumbList\",\"@id\":\"https:\\\/\\\/www.facecorner.lv\\\/shop\\\/ongredients-skin-barrier-calming-lotion-220ml\\\/#breadcrumb\",\"itemListElement\":[{\"@type\":\"ListItem\",\"position\":1,\"name\":\"Home\",\"item\":\"https:\\\/\\\/www.facecorner.lv\\\/\"},{\"@type\":\"ListItem\",\"position\":2,\"name\":\"Veikals\",\"item\":\"https:\\\/\\\/www.facecorner.lv\\\/shop\\\/\"},{\"@type\":\"ListItem\",\"position\":3,\"name\":\"Ongredients Skin Barrier Calming Lotion 220ml\"}]},{\"@type\":\"WebSite\",\"@id\":\"https:\\\/\\\/www.facecorner.lv\\\/#website\",\"url\":\"https:\\\/\\\/www.facecorner.lv\\\/\",\"name\":\"Facecorner\",\"description\":\"\",\"publisher\":{\"@id\":\"https:\\\/\\\/www.facecorner.lv\\\/#organization\"},\"potentialAction\":[{\"@type\":\"SearchAction\",\"target\":{\"@type\":\"EntryPoint\",\"urlTemplate\":\"https:\\\/\\\/www.facecorner.lv\\\/?s={search_term_string}\"},\"query-input\":{\"@type\":\"PropertyValueSpecification\",\"valueRequired\":true,\"valueName\":\"search_term_string\"}}],\"inLanguage\":\"lv-LV\"},{\"@type\":\"Organization\",\"@id\":\"https:\\\/\\\/www.facecorner.lv\\\/#organization\",\"name\":\"Facecorner\",\"url\":\"https:\\\/\\\/www.facecorner.lv\\\/\",\"logo\":{\"@type\":\"ImageObject\",\"inLanguage\":\"lv-LV\",\"@id\":\"https:\\\/\\\/www.facecorner.lv\\\/#\\\/schema\\\/logo\\\/image\\\/\",\"url\":\"https:\\\/\\\/www.facecorner.lv\\\/wp-content\\\/uploads\\\/2024\\\/04\\\/fc-logo.jpg\",\"contentUrl\":\"https:\\\/\\\/www.facecorner.lv\\\/wp-content\\\/uploads\\\/2024\\\/04\\\/fc-logo.jpg\",\"width\":174,\"height\":28,\"caption\":\"Facecorner\"},\"image\":{\"@id\":\"https:\\\/\\\/www.facecorner.lv\\\/#\\\/schema\\\/logo\\\/image\\\/\"},\"sameAs\":[\"https:\\\/\\\/www.facebook.com\\\/profile.php?id=100063824551839\",\"https:\\\/\\\/www.instagram.com\\\/facecorner_shop\\\/\"]}]}<\/script>\n<meta property=\"product:price:amount\" content=\"28.90\" \/>\n<meta property=\"product:price:currency\" content=\"EUR\" \/>\n<meta property=\"og:availability\" content=\"out of stock\" \/>\n<meta property=\"product:availability\" content=\"out of stock\" \/>\n<meta property=\"product:condition\" content=\"new\" \/>\n<!-- \/ Yoast SEO plugin. -->","yoast_head_json":{"title":"Ongredients Skin Barrier Calming Lotion 220ml - FACECORNER","description":"Ongredients Skin Barrier Calming Lotion\u00a0 izbaudiet neaprakst\u0101mu \u0101das komfortu , hipoaler\u0123isku, veg\u0101nu formulu, kas izstr\u0101d\u0101ta, lai nomierin\u0101tu","robots":{"index":"index","follow":"follow","max-snippet":"max-snippet:-1","max-image-preview":"max-image-preview:large","max-video-preview":"max-video-preview:-1"},"canonical":"https:\/\/www.facecorner.lv\/lv\/shop\/ongredients-skin-barrier-calming-lotion-220ml\/","og_locale":"lv_LV","og_type":"article","og_title":"Ongredients Skin Barrier Calming Lotion 220ml - FACECORNER","og_description":"Ongredients Skin Barrier Calming Lotion\u00a0 izbaudiet neaprakst\u0101mu \u0101das komfortu , hipoaler\u0123isku, veg\u0101nu formulu, kas izstr\u0101d\u0101ta, lai nomierin\u0101tu","og_url":"https:\/\/www.facecorner.lv\/lv\/shop\/ongredients-skin-barrier-calming-lotion-220ml\/","og_site_name":"FACECORNER","article_publisher":"https:\/\/www.facebook.com\/profile.php?id=100063824551839","article_modified_time":"2025-12-28T00:05:30+00:00","og_image":[{"width":1000,"height":1000,"url":"https:\/\/www.facecorner.lv\/wp-content\/uploads\/2025\/08\/610iVUI4H9L._UF10001000_QL80_.jpg","type":"image\/jpeg"}],"twitter_card":"summary_large_image","twitter_misc":{"Price":"&euro;28.90","Availability":"Out of stock"},"schema":{"@context":"https:\/\/schema.org","@graph":[{"@type":"WebPage","@id":"https:\/\/www.facecorner.lv\/shop\/ongredients-skin-barrier-calming-lotion-220ml\/","url":"https:\/\/www.facecorner.lv\/shop\/ongredients-skin-barrier-calming-lotion-220ml\/","name":"Ongredients Skin Barrier Calming Lotion 220ml - FACECORNER","isPartOf":{"@id":"https:\/\/www.facecorner.lv\/#website"},"primaryImageOfPage":{"@id":"https:\/\/www.facecorner.lv\/shop\/ongredients-skin-barrier-calming-lotion-220ml\/#primaryimage"},"image":{"@id":"https:\/\/www.facecorner.lv\/shop\/ongredients-skin-barrier-calming-lotion-220ml\/#primaryimage"},"thumbnailUrl":"https:\/\/www.facecorner.lv\/wp-content\/uploads\/2025\/08\/610iVUI4H9L._UF10001000_QL80_.jpg","datePublished":"2025-08-11T12:23:55+00:00","dateModified":"2025-12-28T00:05:30+00:00","description":"Ongredients Skin Barrier Calming Lotion\u00a0 izbaudiet neaprakst\u0101mu \u0101das komfortu , hipoaler\u0123isku, veg\u0101nu formulu, kas izstr\u0101d\u0101ta, lai nomierin\u0101tu","breadcrumb":{"@id":"https:\/\/www.facecorner.lv\/shop\/ongredients-skin-barrier-calming-lotion-220ml\/#breadcrumb"},"inLanguage":"lv-LV","potentialAction":[{"@type":"ReadAction","target":["https:\/\/www.facecorner.lv\/shop\/ongredients-skin-barrier-calming-lotion-220ml\/"]}]},{"@type":"ImageObject","inLanguage":"lv-LV","@id":"https:\/\/www.facecorner.lv\/shop\/ongredients-skin-barrier-calming-lotion-220ml\/#primaryimage","url":"https:\/\/www.facecorner.lv\/wp-content\/uploads\/2025\/08\/610iVUI4H9L._UF10001000_QL80_.jpg","contentUrl":"https:\/\/www.facecorner.lv\/wp-content\/uploads\/2025\/08\/610iVUI4H9L._UF10001000_QL80_.jpg","width":1000,"height":1000,"caption":"Ongredients Skin Barrier Calming Lotion"},{"@type":"BreadcrumbList","@id":"https:\/\/www.facecorner.lv\/shop\/ongredients-skin-barrier-calming-lotion-220ml\/#breadcrumb","itemListElement":[{"@type":"ListItem","position":1,"name":"Home","item":"https:\/\/www.facecorner.lv\/"},{"@type":"ListItem","position":2,"name":"Veikals","item":"https:\/\/www.facecorner.lv\/shop\/"},{"@type":"ListItem","position":3,"name":"Ongredients Skin Barrier Calming Lotion 220ml"}]},{"@type":"WebSite","@id":"https:\/\/www.facecorner.lv\/#website","url":"https:\/\/www.facecorner.lv\/","name":"Facecorner","description":"","publisher":{"@id":"https:\/\/www.facecorner.lv\/#organization"},"potentialAction":[{"@type":"SearchAction","target":{"@type":"EntryPoint","urlTemplate":"https:\/\/www.facecorner.lv\/?s={search_term_string}"},"query-input":{"@type":"PropertyValueSpecification","valueRequired":true,"valueName":"search_term_string"}}],"inLanguage":"lv-LV"},{"@type":"Organization","@id":"https:\/\/www.facecorner.lv\/#organization","name":"Facecorner","url":"https:\/\/www.facecorner.lv\/","logo":{"@type":"ImageObject","inLanguage":"lv-LV","@id":"https:\/\/www.facecorner.lv\/#\/schema\/logo\/image\/","url":"https:\/\/www.facecorner.lv\/wp-content\/uploads\/2024\/04\/fc-logo.jpg","contentUrl":"https:\/\/www.facecorner.lv\/wp-content\/uploads\/2024\/04\/fc-logo.jpg","width":174,"height":28,"caption":"Facecorner"},"image":{"@id":"https:\/\/www.facecorner.lv\/#\/schema\/logo\/image\/"},"sameAs":["https:\/\/www.facebook.com\/profile.php?id=100063824551839","https:\/\/www.instagram.com\/facecorner_shop\/"]}]},"product_price_amount":"28.90","product_price_currency":"EUR","og_availability":"out of stock","product_availability":"out of stock","product_condition":"new"},"_links":{"self":[{"href":"https:\/\/www.facecorner.lv\/lv\/wp-json\/wp\/v2\/product\/24969","targetHints":{"allow":["GET"]}}],"collection":[{"href":"https:\/\/www.facecorner.lv\/lv\/wp-json\/wp\/v2\/product"}],"about":[{"href":"https:\/\/www.facecorner.lv\/lv\/wp-json\/wp\/v2\/types\/product"}],"replies":[{"embeddable":true,"href":"https:\/\/www.facecorner.lv\/lv\/wp-json\/wp\/v2\/comments?post=24969"}],"wp:featuredmedia":[{"embeddable":true,"href":"https:\/\/www.facecorner.lv\/lv\/wp-json\/wp\/v2\/media\/24970"}],"wp:attachment":[{"href":"https:\/\/www.facecorner.lv\/lv\/wp-json\/wp\/v2\/media?parent=24969"}],"wp:term":[{"taxonomy":"product_brand","embeddable":true,"href":"https:\/\/www.facecorner.lv\/lv\/wp-json\/wp\/v2\/product_brand?post=24969"},{"taxonomy":"product_cat","embeddable":true,"href":"https:\/\/www.facecorner.lv\/lv\/wp-json\/wp\/v2\/product_cat?post=24969"},{"taxonomy":"product_tag","embeddable":true,"href":"https:\/\/www.facecorner.lv\/lv\/wp-json\/wp\/v2\/product_tag?post=24969"},{"taxonomy":"berocket_brand","embeddable":true,"href":"https:\/\/www.facecorner.lv\/lv\/wp-json\/wp\/v2\/berocket_brand?post=24969"}],"curies":[{"name":"wp","href":"https:\/\/api.w.org\/{rel}","templated":true}]}}