{"id":24899,"date":"2025-07-28T21:16:46","date_gmt":"2025-07-28T18:16:46","guid":{"rendered":"https:\/\/www.facecorner.lv\/?post_type=product&#038;p=24899"},"modified":"2026-03-03T17:34:15","modified_gmt":"2026-03-03T14:34:15","slug":"numbuzin-no-9-nad-retinol-volumetox-eye-cream-10ml","status":"publish","type":"product","link":"https:\/\/www.facecorner.lv\/lv\/shop\/numbuzin-no-9-nad-retinol-volumetox-eye-cream-10ml\/","title":{"rendered":"numbuzin &#8211; No.9 NAD+ Retinol Volumetox Eye Cream 10ml"},"content":{"rendered":"<p>numbuzin &#8211; No.9 NAD+ Retinol Volumetox Eye Cream pie\u0161\u0137iriet elast\u012bbu bl\u0101viem, nok\u0101ru\u0161iem ac\u012bm ar \u0161o nostiprino\u0161o acu kr\u0113mu.<br \/>\nT\u0101 sast\u0101v\u0101 ir niac\u012bnam\u012bds un ceram\u012bds, kas izgaismo tum\u0161os lokus zem ac\u012bm, k\u0101 ar\u012b retinols un 50 pept\u012bdi, kas nostiprina nok\u0101ru\u0161\u0101s zonas. NAD+ sast\u0101v\u0101 nodro\u0161ina ar\u012b mitrino\u0161u kop\u0161anu.<\/p>\n<ul>\n<li>Stingrino\u0161s acu kr\u0113ms nodro\u0161ina intens\u012bvu kop\u0161anu jut\u012bgajai zonai zem ac\u012bm.<\/li>\n<li>Sast\u0101v\u0101 ir retinols un 50 pept\u012bdi, kas izl\u012bdzina grumbi\u0146as un smalk\u0101s l\u012bnijas, vienlaikus uzlabojot \u0101das elast\u012bbu, lai acis izskat\u012btos jaun\u0101kas.<\/li>\n<li>Bag\u0101tin\u0101ts ar NAD+, kas stiprina \u0101das barjeru, nov\u0113r\u0161ot \u0101das boj\u0101jumus un dehidrat\u0101ciju.<\/li>\n<li>Pal\u012bdz izgaismot tum\u0161os lokus un uzlabot hiperpigment\u0101ciju ar niac\u012bnam\u012bdu un ceram\u012bdu.<\/li>\n<\/ul>\n<p><strong>Lieto\u0161ana:<\/strong> Uzkl\u0101jiet nelielu daudzumu uz problem\u0101tiskaj\u0101m viet\u0101m un viegli iemas\u0113jiet, lai lab\u0101k uzs\u016bktos.<\/p>\n<p><strong>Sast\u0101vs:<\/strong>Water, Butylene Glycol, Glycerin, Propanediol, Macadamia Integrifolia Seed Oil, Niacinamide, Olea Europaea (Olive) Fruit Oil, Cetyl Ethylhexanoate, Methylpropanediol, Butyrospermum Parkii (Shea) Butter, Methyl Hydrogenated Rosinate, Polysorbate 60, Cyclopentasiloxane, 1,2-Hexanediol, Cetyl Alcohol, Stearic Acid, Glycereth-26, Glyceryl Stearate, Dimethicone, PEG-100 Stearate, Cyclohexasiloxane, Hydrogenated Lecithin, Ammonium Acryloyldimethyltaurate\/VP Copolymer, Sorbitan Stearate, Behenic Acid, Cocos Nucifera (Coconut) Oil, Hydroxyacetophenone, Polyacrylate-13, Vinyl Dimethicone, Batyl Alcohol, Dimethicone\/Vinyl Dimethicone Crosspolymer, Phytosteryl Isostearate, Polyisobutene, Ceramide NP, Nicotinamide Adenine Dinucleotide, Caprylic\/Capric Triglyceride, Macadamia Ternifolia Seed Oil, Citric Acid, Retinol, Ethylhexylglycerin, Polyglyceryl-4 Oleate, Adenosine, Hydrolyzed Gardenia Florida Extract, Hydrolyzed Malt Extract, Hydrolyzed Viola Tricolor Extract, Theobroma Cacao (Cocoa) Seed Extract, Brassica Campestris (Rapeseed) Sterols, Polysorbate 20, Disodium EDTA, Sorbitan Isostearate, Dextrin, Cholesterol, Polyglyceryl-10 Laurate, Ammonium Polyacryloyldimethyl Taurate, Hyaluronic Acid, Hydrolyzed Hyaluronic Acid, Sodium Hyaluronate, Phytosteryl\/Behenyl\/Octyldodecyl Lauroyl Glutamate, Aluminum\/Magnesium Hydroxide Stearate, Pentaerythrityl Tetra-di-t-butyl Hydroxyhydrocinnamate, Potassium Cetyl Phosphate, Hydroxypropyl Cyclodextrin, Chitosan, Tris(Tetramethylhydroxypiperidinol) Citrate, Acetyl tetrapeptide-5, Resveratrol, Acetyl Dipeptide-1 Cetyl Ester, Acetyl Hexapeptide-1, Acetyl Hexapeptide-8, Acetyl Octapeptide-3, Acetyl Tetrapeptide-2, Acetyl Tetrapeptide-3, Acetyl Tetrapeptide-9, Arginine\/Lysine Polypeptide, Biotinoyl Tripeptide-1, Copper Tripeptide-1, Dipeptide Diaminobutyroyl Benzylamide Diacetate, Dipeptide-2, Dipeptide-4, Hexapeptide-11, Hexapeptide-12, Hexapeptide-9, Myristoyl Pentapeptide-17, Nicotinoyl Dipeptide-23, Nicotinoyl Tripeptide-1, Nicotinoyl Tripeptide-35, Nonapeptide-1, Oligopeptide-29, Oligopeptide-32, Palmitoyl Hexapeptide-12, Palmitoyl Pentapeptide-4, Palmitoyl Pentapeptide-5, Palmitoyl Tetrapeptide-10, Palmitoyl Tetrapeptide-7, Palmitoyl Tripeptide-1, Palmitoyl Tripeptide-29, Palmitoyl Tripeptide-38, Palmitoyl Tripeptide-5, Palmitoyl Tripeptide-8, sh-Decapeptide-7, sh-Octapeptide-4, sh-Oligopeptide-1, sh-Oligopeptide-2, sh-Polypeptide-1, sh-Polypeptide-11, sh-Polypeptide-16, sh-Polypeptide-22, sh-Polypeptide-3, sh-Polypeptide-62, sh-Polypeptide-9, sr-(Oligopeptide-91 Clostridium Botulinum Polypeptide-1), Tetrapeptide-30, Tripeptide-1, Tripeptide-10 citrulline, Tripeptide-29<\/p>\n","protected":false},"excerpt":{"rendered":"<p>numbuzin &#8211; No.9 NAD+ Retinol Volumetox Eye Cream pie\u0161\u0137iriet elast\u012bbu bl\u0101viem, nok\u0101ru\u0161iem ac\u012bm ar \u0161o nostiprino\u0161o acu kr\u0113mu. T\u0101 sast\u0101v\u0101 ir niac\u012bnam\u012bds un ceram\u012bds, kas izgaismo tum\u0161os lokus zem ac\u012bm, k\u0101 ar\u012b retinols un 50 pept\u012bdi, kas nostiprina nok\u0101ru\u0161\u0101s zonas. NAD+ sast\u0101v\u0101 nodro\u0161ina ar\u012b mitrino\u0161u kop\u0161anu. Stingrino\u0161s acu kr\u0113ms nodro\u0161ina intens\u012bvu kop\u0161anu jut\u012bgajai zonai zem [&hellip;]<\/p>\n","protected":false},"featured_media":24900,"comment_status":"open","ping_status":"closed","template":"","meta":{"site-sidebar-layout":"default","site-content-layout":"","ast-site-content-layout":"default","site-content-style":"default","site-sidebar-style":"default","ast-global-header-display":"","ast-banner-title-visibility":"","ast-main-header-display":"","ast-hfb-above-header-display":"","ast-hfb-below-header-display":"","ast-hfb-mobile-header-display":"","site-post-title":"","ast-breadcrumbs-content":"","ast-featured-img":"","footer-sml-layout":"","theme-transparent-header-meta":"default","adv-header-id-meta":"","stick-header-meta":"","header-above-stick-meta":"","header-main-stick-meta":"","header-below-stick-meta":"","astra-migrate-meta-layouts":"set","ast-page-background-enabled":"default","ast-page-background-meta":{"desktop":{"background-color":"var(--ast-global-color-4)","background-image":"","background-repeat":"repeat","background-position":"center center","background-size":"auto","background-attachment":"scroll","background-type":"","background-media":"","overlay-type":"","overlay-color":"","overlay-opacity":"","overlay-gradient":""},"tablet":{"background-color":"","background-image":"","background-repeat":"repeat","background-position":"center center","background-size":"auto","background-attachment":"scroll","background-type":"","background-media":"","overlay-type":"","overlay-color":"","overlay-opacity":"","overlay-gradient":""},"mobile":{"background-color":"","background-image":"","background-repeat":"repeat","background-position":"center center","background-size":"auto","background-attachment":"scroll","background-type":"","background-media":"","overlay-type":"","overlay-color":"","overlay-opacity":"","overlay-gradient":""}},"ast-content-background-meta":{"desktop":{"background-color":"var(--ast-global-color-5)","background-image":"","background-repeat":"repeat","background-position":"center center","background-size":"auto","background-attachment":"scroll","background-type":"","background-media":"","overlay-type":"","overlay-color":"","overlay-opacity":"","overlay-gradient":""},"tablet":{"background-color":"var(--ast-global-color-5)","background-image":"","background-repeat":"repeat","background-position":"center center","background-size":"auto","background-attachment":"scroll","background-type":"","background-media":"","overlay-type":"","overlay-color":"","overlay-opacity":"","overlay-gradient":""},"mobile":{"background-color":"var(--ast-global-color-5)","background-image":"","background-repeat":"repeat","background-position":"center center","background-size":"auto","background-attachment":"scroll","background-type":"","background-media":"","overlay-type":"","overlay-color":"","overlay-opacity":"","overlay-gradient":""}}},"product_brand":[],"product_cat":[308],"product_tag":[],"berocket_brand":[595],"class_list":{"0":"post-24899","1":"product","2":"type-product","3":"status-publish","4":"has-post-thumbnail","6":"product_cat-acu-krems","7":"berocket_brand-numbuzin","8":"desktop-align-left","9":"tablet-align-left","10":"mobile-align-left","12":"first","13":"instock","14":"taxable","15":"shipping-taxable","16":"purchasable","17":"product-type-simple","18":"add-to-wishlist-before_image"},"yoast_head":"<!-- This site is optimized with the Yoast SEO plugin v27.4 - https:\/\/yoast.com\/product\/yoast-seo-wordpress\/ -->\n<title>numbuzin - No.9 NAD+ Retinol Volumetox Eye Cream 10ml - FACECORNER<\/title>\n<meta name=\"description\" content=\"numbuzin - No.9 NAD+ Retinol Volumetox Eye Cream pie\u0161\u0137iriet elast\u012bbu bl\u0101viem, nok\u0101ru\u0161iem ac\u012bm ar \u0161o nostiprino\u0161o acu kr\u0113mu.\" \/>\n<meta name=\"robots\" content=\"index, follow, max-snippet:-1, max-image-preview:large, max-video-preview:-1\" \/>\n<link rel=\"canonical\" href=\"https:\/\/www.facecorner.lv\/lv\/shop\/numbuzin-no-9-nad-retinol-volumetox-eye-cream-10ml\/\" \/>\n<meta property=\"og:locale\" content=\"lv_LV\" \/>\n<meta property=\"og:type\" content=\"article\" \/>\n<meta property=\"og:title\" content=\"numbuzin - No.9 NAD+ Retinol Volumetox Eye Cream 10ml - FACECORNER\" \/>\n<meta property=\"og:description\" content=\"numbuzin - No.9 NAD+ Retinol Volumetox Eye Cream pie\u0161\u0137iriet elast\u012bbu bl\u0101viem, nok\u0101ru\u0161iem ac\u012bm ar \u0161o nostiprino\u0161o acu kr\u0113mu.\" \/>\n<meta property=\"og:url\" content=\"https:\/\/www.facecorner.lv\/lv\/shop\/numbuzin-no-9-nad-retinol-volumetox-eye-cream-10ml\/\" \/>\n<meta property=\"og:site_name\" content=\"FACECORNER\" \/>\n<meta property=\"article:publisher\" content=\"https:\/\/www.facebook.com\/profile.php?id=100063824551839\" \/>\n<meta property=\"article:modified_time\" content=\"2026-03-03T14:34:15+00:00\" \/>\n<meta property=\"og:image\" content=\"https:\/\/www.facecorner.lv\/wp-content\/uploads\/2025\/07\/51ksdWB2TL._UF10001000_QL80_.jpg\" \/>\n\t<meta property=\"og:image:width\" content=\"1000\" \/>\n\t<meta property=\"og:image:height\" content=\"1000\" \/>\n\t<meta property=\"og:image:type\" content=\"image\/jpeg\" \/>\n<meta name=\"twitter:card\" content=\"summary_large_image\" \/>\n<meta name=\"twitter:label1\" content=\"Price\" \/>\n\t<meta name=\"twitter:data1\" content=\"&euro;29.90\" \/>\n\t<meta name=\"twitter:label2\" content=\"Availability\" \/>\n\t<meta name=\"twitter:data2\" content=\"In stock\" \/>\n<script type=\"application\/ld+json\" class=\"yoast-schema-graph\">{\"@context\":\"https:\\\/\\\/schema.org\",\"@graph\":[{\"@type\":\"WebPage\",\"@id\":\"https:\\\/\\\/www.facecorner.lv\\\/shop\\\/numbuzin-no-9-nad-retinol-volumetox-eye-cream-10ml\\\/\",\"url\":\"https:\\\/\\\/www.facecorner.lv\\\/shop\\\/numbuzin-no-9-nad-retinol-volumetox-eye-cream-10ml\\\/\",\"name\":\"numbuzin - No.9 NAD+ Retinol Volumetox Eye Cream 10ml - FACECORNER\",\"isPartOf\":{\"@id\":\"https:\\\/\\\/www.facecorner.lv\\\/#website\"},\"primaryImageOfPage\":{\"@id\":\"https:\\\/\\\/www.facecorner.lv\\\/shop\\\/numbuzin-no-9-nad-retinol-volumetox-eye-cream-10ml\\\/#primaryimage\"},\"image\":{\"@id\":\"https:\\\/\\\/www.facecorner.lv\\\/shop\\\/numbuzin-no-9-nad-retinol-volumetox-eye-cream-10ml\\\/#primaryimage\"},\"thumbnailUrl\":\"https:\\\/\\\/www.facecorner.lv\\\/wp-content\\\/uploads\\\/2025\\\/07\\\/51ksdWB2TL._UF10001000_QL80_.jpg\",\"datePublished\":\"2025-07-28T18:16:46+00:00\",\"dateModified\":\"2026-03-03T14:34:15+00:00\",\"description\":\"numbuzin - No.9 NAD+ Retinol Volumetox Eye Cream pie\u0161\u0137iriet elast\u012bbu bl\u0101viem, nok\u0101ru\u0161iem ac\u012bm ar \u0161o nostiprino\u0161o acu kr\u0113mu.\",\"breadcrumb\":{\"@id\":\"https:\\\/\\\/www.facecorner.lv\\\/shop\\\/numbuzin-no-9-nad-retinol-volumetox-eye-cream-10ml\\\/#breadcrumb\"},\"inLanguage\":\"lv-LV\",\"potentialAction\":[{\"@type\":\"ReadAction\",\"target\":[\"https:\\\/\\\/www.facecorner.lv\\\/shop\\\/numbuzin-no-9-nad-retinol-volumetox-eye-cream-10ml\\\/\"]}]},{\"@type\":\"ImageObject\",\"inLanguage\":\"lv-LV\",\"@id\":\"https:\\\/\\\/www.facecorner.lv\\\/shop\\\/numbuzin-no-9-nad-retinol-volumetox-eye-cream-10ml\\\/#primaryimage\",\"url\":\"https:\\\/\\\/www.facecorner.lv\\\/wp-content\\\/uploads\\\/2025\\\/07\\\/51ksdWB2TL._UF10001000_QL80_.jpg\",\"contentUrl\":\"https:\\\/\\\/www.facecorner.lv\\\/wp-content\\\/uploads\\\/2025\\\/07\\\/51ksdWB2TL._UF10001000_QL80_.jpg\",\"width\":1000,\"height\":1000,\"caption\":\"numbuzin - No.9 NAD+ Retinol Volumetox Eye Cream\"},{\"@type\":\"BreadcrumbList\",\"@id\":\"https:\\\/\\\/www.facecorner.lv\\\/shop\\\/numbuzin-no-9-nad-retinol-volumetox-eye-cream-10ml\\\/#breadcrumb\",\"itemListElement\":[{\"@type\":\"ListItem\",\"position\":1,\"name\":\"Home\",\"item\":\"https:\\\/\\\/www.facecorner.lv\\\/\"},{\"@type\":\"ListItem\",\"position\":2,\"name\":\"Veikals\",\"item\":\"https:\\\/\\\/www.facecorner.lv\\\/shop\\\/\"},{\"@type\":\"ListItem\",\"position\":3,\"name\":\"numbuzin &#8212; No.9 NAD+ Retinol Volumetox Eye Cream 10ml\"}]},{\"@type\":\"WebSite\",\"@id\":\"https:\\\/\\\/www.facecorner.lv\\\/#website\",\"url\":\"https:\\\/\\\/www.facecorner.lv\\\/\",\"name\":\"Facecorner\",\"description\":\"\",\"publisher\":{\"@id\":\"https:\\\/\\\/www.facecorner.lv\\\/#organization\"},\"potentialAction\":[{\"@type\":\"SearchAction\",\"target\":{\"@type\":\"EntryPoint\",\"urlTemplate\":\"https:\\\/\\\/www.facecorner.lv\\\/?s={search_term_string}\"},\"query-input\":{\"@type\":\"PropertyValueSpecification\",\"valueRequired\":true,\"valueName\":\"search_term_string\"}}],\"inLanguage\":\"lv-LV\"},{\"@type\":\"Organization\",\"@id\":\"https:\\\/\\\/www.facecorner.lv\\\/#organization\",\"name\":\"Facecorner\",\"url\":\"https:\\\/\\\/www.facecorner.lv\\\/\",\"logo\":{\"@type\":\"ImageObject\",\"inLanguage\":\"lv-LV\",\"@id\":\"https:\\\/\\\/www.facecorner.lv\\\/#\\\/schema\\\/logo\\\/image\\\/\",\"url\":\"https:\\\/\\\/www.facecorner.lv\\\/wp-content\\\/uploads\\\/2024\\\/04\\\/fc-logo.jpg\",\"contentUrl\":\"https:\\\/\\\/www.facecorner.lv\\\/wp-content\\\/uploads\\\/2024\\\/04\\\/fc-logo.jpg\",\"width\":174,\"height\":28,\"caption\":\"Facecorner\"},\"image\":{\"@id\":\"https:\\\/\\\/www.facecorner.lv\\\/#\\\/schema\\\/logo\\\/image\\\/\"},\"sameAs\":[\"https:\\\/\\\/www.facebook.com\\\/profile.php?id=100063824551839\",\"https:\\\/\\\/www.instagram.com\\\/facecorner_shop\\\/\"]}]}<\/script>\n<meta property=\"product:price:amount\" content=\"29.90\" \/>\n<meta property=\"product:price:currency\" content=\"EUR\" \/>\n<meta property=\"og:availability\" content=\"instock\" \/>\n<meta property=\"product:availability\" content=\"instock\" \/>\n<meta property=\"product:condition\" content=\"new\" \/>\n<!-- \/ Yoast SEO plugin. -->","yoast_head_json":{"title":"numbuzin - No.9 NAD+ Retinol Volumetox Eye Cream 10ml - FACECORNER","description":"numbuzin - No.9 NAD+ Retinol Volumetox Eye Cream pie\u0161\u0137iriet elast\u012bbu bl\u0101viem, nok\u0101ru\u0161iem ac\u012bm ar \u0161o nostiprino\u0161o acu kr\u0113mu.","robots":{"index":"index","follow":"follow","max-snippet":"max-snippet:-1","max-image-preview":"max-image-preview:large","max-video-preview":"max-video-preview:-1"},"canonical":"https:\/\/www.facecorner.lv\/lv\/shop\/numbuzin-no-9-nad-retinol-volumetox-eye-cream-10ml\/","og_locale":"lv_LV","og_type":"article","og_title":"numbuzin - No.9 NAD+ Retinol Volumetox Eye Cream 10ml - FACECORNER","og_description":"numbuzin - No.9 NAD+ Retinol Volumetox Eye Cream pie\u0161\u0137iriet elast\u012bbu bl\u0101viem, nok\u0101ru\u0161iem ac\u012bm ar \u0161o nostiprino\u0161o acu kr\u0113mu.","og_url":"https:\/\/www.facecorner.lv\/lv\/shop\/numbuzin-no-9-nad-retinol-volumetox-eye-cream-10ml\/","og_site_name":"FACECORNER","article_publisher":"https:\/\/www.facebook.com\/profile.php?id=100063824551839","article_modified_time":"2026-03-03T14:34:15+00:00","og_image":[{"width":1000,"height":1000,"url":"https:\/\/www.facecorner.lv\/wp-content\/uploads\/2025\/07\/51ksdWB2TL._UF10001000_QL80_.jpg","type":"image\/jpeg"}],"twitter_card":"summary_large_image","twitter_misc":{"Price":"&euro;29.90","Availability":"In stock"},"schema":{"@context":"https:\/\/schema.org","@graph":[{"@type":"WebPage","@id":"https:\/\/www.facecorner.lv\/shop\/numbuzin-no-9-nad-retinol-volumetox-eye-cream-10ml\/","url":"https:\/\/www.facecorner.lv\/shop\/numbuzin-no-9-nad-retinol-volumetox-eye-cream-10ml\/","name":"numbuzin - No.9 NAD+ Retinol Volumetox Eye Cream 10ml - FACECORNER","isPartOf":{"@id":"https:\/\/www.facecorner.lv\/#website"},"primaryImageOfPage":{"@id":"https:\/\/www.facecorner.lv\/shop\/numbuzin-no-9-nad-retinol-volumetox-eye-cream-10ml\/#primaryimage"},"image":{"@id":"https:\/\/www.facecorner.lv\/shop\/numbuzin-no-9-nad-retinol-volumetox-eye-cream-10ml\/#primaryimage"},"thumbnailUrl":"https:\/\/www.facecorner.lv\/wp-content\/uploads\/2025\/07\/51ksdWB2TL._UF10001000_QL80_.jpg","datePublished":"2025-07-28T18:16:46+00:00","dateModified":"2026-03-03T14:34:15+00:00","description":"numbuzin - No.9 NAD+ Retinol Volumetox Eye Cream pie\u0161\u0137iriet elast\u012bbu bl\u0101viem, nok\u0101ru\u0161iem ac\u012bm ar \u0161o nostiprino\u0161o acu kr\u0113mu.","breadcrumb":{"@id":"https:\/\/www.facecorner.lv\/shop\/numbuzin-no-9-nad-retinol-volumetox-eye-cream-10ml\/#breadcrumb"},"inLanguage":"lv-LV","potentialAction":[{"@type":"ReadAction","target":["https:\/\/www.facecorner.lv\/shop\/numbuzin-no-9-nad-retinol-volumetox-eye-cream-10ml\/"]}]},{"@type":"ImageObject","inLanguage":"lv-LV","@id":"https:\/\/www.facecorner.lv\/shop\/numbuzin-no-9-nad-retinol-volumetox-eye-cream-10ml\/#primaryimage","url":"https:\/\/www.facecorner.lv\/wp-content\/uploads\/2025\/07\/51ksdWB2TL._UF10001000_QL80_.jpg","contentUrl":"https:\/\/www.facecorner.lv\/wp-content\/uploads\/2025\/07\/51ksdWB2TL._UF10001000_QL80_.jpg","width":1000,"height":1000,"caption":"numbuzin - No.9 NAD+ Retinol Volumetox Eye Cream"},{"@type":"BreadcrumbList","@id":"https:\/\/www.facecorner.lv\/shop\/numbuzin-no-9-nad-retinol-volumetox-eye-cream-10ml\/#breadcrumb","itemListElement":[{"@type":"ListItem","position":1,"name":"Home","item":"https:\/\/www.facecorner.lv\/"},{"@type":"ListItem","position":2,"name":"Veikals","item":"https:\/\/www.facecorner.lv\/shop\/"},{"@type":"ListItem","position":3,"name":"numbuzin &#8212; No.9 NAD+ Retinol Volumetox Eye Cream 10ml"}]},{"@type":"WebSite","@id":"https:\/\/www.facecorner.lv\/#website","url":"https:\/\/www.facecorner.lv\/","name":"Facecorner","description":"","publisher":{"@id":"https:\/\/www.facecorner.lv\/#organization"},"potentialAction":[{"@type":"SearchAction","target":{"@type":"EntryPoint","urlTemplate":"https:\/\/www.facecorner.lv\/?s={search_term_string}"},"query-input":{"@type":"PropertyValueSpecification","valueRequired":true,"valueName":"search_term_string"}}],"inLanguage":"lv-LV"},{"@type":"Organization","@id":"https:\/\/www.facecorner.lv\/#organization","name":"Facecorner","url":"https:\/\/www.facecorner.lv\/","logo":{"@type":"ImageObject","inLanguage":"lv-LV","@id":"https:\/\/www.facecorner.lv\/#\/schema\/logo\/image\/","url":"https:\/\/www.facecorner.lv\/wp-content\/uploads\/2024\/04\/fc-logo.jpg","contentUrl":"https:\/\/www.facecorner.lv\/wp-content\/uploads\/2024\/04\/fc-logo.jpg","width":174,"height":28,"caption":"Facecorner"},"image":{"@id":"https:\/\/www.facecorner.lv\/#\/schema\/logo\/image\/"},"sameAs":["https:\/\/www.facebook.com\/profile.php?id=100063824551839","https:\/\/www.instagram.com\/facecorner_shop\/"]}]},"product_price_amount":"29.90","product_price_currency":"EUR","og_availability":"instock","product_availability":"instock","product_condition":"new"},"_links":{"self":[{"href":"https:\/\/www.facecorner.lv\/lv\/wp-json\/wp\/v2\/product\/24899","targetHints":{"allow":["GET"]}}],"collection":[{"href":"https:\/\/www.facecorner.lv\/lv\/wp-json\/wp\/v2\/product"}],"about":[{"href":"https:\/\/www.facecorner.lv\/lv\/wp-json\/wp\/v2\/types\/product"}],"replies":[{"embeddable":true,"href":"https:\/\/www.facecorner.lv\/lv\/wp-json\/wp\/v2\/comments?post=24899"}],"wp:featuredmedia":[{"embeddable":true,"href":"https:\/\/www.facecorner.lv\/lv\/wp-json\/wp\/v2\/media\/24900"}],"wp:attachment":[{"href":"https:\/\/www.facecorner.lv\/lv\/wp-json\/wp\/v2\/media?parent=24899"}],"wp:term":[{"taxonomy":"product_brand","embeddable":true,"href":"https:\/\/www.facecorner.lv\/lv\/wp-json\/wp\/v2\/product_brand?post=24899"},{"taxonomy":"product_cat","embeddable":true,"href":"https:\/\/www.facecorner.lv\/lv\/wp-json\/wp\/v2\/product_cat?post=24899"},{"taxonomy":"product_tag","embeddable":true,"href":"https:\/\/www.facecorner.lv\/lv\/wp-json\/wp\/v2\/product_tag?post=24899"},{"taxonomy":"berocket_brand","embeddable":true,"href":"https:\/\/www.facecorner.lv\/lv\/wp-json\/wp\/v2\/berocket_brand?post=24899"}],"curies":[{"name":"wp","href":"https:\/\/api.w.org\/{rel}","templated":true}]}}