{"id":24764,"date":"2025-07-13T22:22:04","date_gmt":"2025-07-13T19:22:04","guid":{"rendered":"https:\/\/www.facecorner.lv\/?post_type=product&#038;p=24764"},"modified":"2026-02-04T15:41:43","modified_gmt":"2026-02-04T12:41:43","slug":"numbuzin-no-9-nad-bio-lifting-essence-50ml","status":"publish","type":"product","link":"https:\/\/www.facecorner.lv\/lv\/shop\/numbuzin-no-9-nad-bio-lifting-essence-50ml\/","title":{"rendered":"numbuzin No.9 NAD Bio Lifting Essence 30ml"},"content":{"rendered":"<p>Numbuzin Nr.9 NAD Bio Liftinga esence satur 50 pept\u012bdu un koenz\u012bmu, kas atjauno un nostiepj \u0101du.<\/p>\n<p>Izl\u012bdzina grumbas, samazina grumbu dzi\u013cumu, atjauno audu tvirtumu un elast\u012bbu, nov\u0113r\u0161 ptozi.<\/p>\n<p>Pateicoties liftinga iedarb\u012bbai, samazina papla\u0161in\u0101t\u0101s poras, padara \u0101du gludu un starojo\u0161u. Samazina ar vecumu saist\u012bt\u0101s izmai\u0146as uz pieres, nazolabi\u0101laj\u0101s krok\u0101s, ap ac\u012bm un muti; saglab\u0101 sejas kont\u016bru.<\/p>\n<p>Tam piem\u012bt antioksidanta iedarb\u012bba un tas pal\u0113nina noveco\u0161an\u0101s procesus. Tam ir viskoza tekst\u016bra, tas baro un m\u012bkstina.<\/p>\n<p>Sast\u0101v\u0101 ir 50 pept\u012bdi, tostarp signaliz\u0113jo\u0161ie, miorelaks\u0113jo\u0161ie, balino\u0161ie un pretiekaisuma pept\u012bdi. Tie nodro\u0161ina anti-age efektu: stimul\u0113 kolag\u0113na sint\u0113zi un nov\u0113r\u0161 t\u0101 no\u0101rd\u012b\u0161anos, uzlabo \u0161\u016bnu vielmai\u0146u. Relaks\u0113 sejas musku\u013cus, nov\u0113r\u0161ot sejas grumbu veido\u0161anos un samazinot eso\u0161\u0101s grumbas.<\/p>\n<p><strong>Lieto\u0161ana:<\/strong> p\u0113c att\u012br\u012b\u0161anas un toniz\u0113\u0161anas uzkl\u0101jiet esenci uz sejas, izkl\u0101jiet to pa \u0101du.<\/p>\n<p><strong>Sast\u0101vs:<\/strong> <span style=\"font-size: 16px;\">Water, Glycerin, Hydrogenated Poly(C6-14 Olefin), Polyglycerin-3, Butylene Glycol, Pentaerythrityl Tetraethylhexanoate, Propanediol, Dimethicone, 1,2-Hexanediol, Niacinamide, Methylpropanediol, Cetearyl Alcohol, Glyceryl Stearate, Hydrogenated Vegetable Oil, Polyglyceryl-3 Methylglucose Distearate, Butyrospermum Parkii (Shea) Butter, Dimethicone Crosspolymer, Ammonium Acryloyldimethyltaurate\/VP Copolymer, Sodium Polyacrylate, Hydrogenated Lecithin, Carbomer, Xanthan Gum, Pentylene Glycol, Tromethamine, Ethylhexylglycerin, Adenosine, Palmitic Acid, Stearic Acid, Sodium Phytate, Cholesterol, Sodium Hyaluronate, Adenosine Triphosphate, Hydroxypropyl Cyclodextrin, Nicotinamide Adenine Dinucleotide, Beta-Glucan, Tocopherol, Palmitoyl Tripeptide-5, Copper Gluconate, Saccharomyces\/Copper Ferment, Saccharomyces\/Iron Ferment, Saccharomyces\/Magnesium Ferment, Saccharomyces\/Silicon Ferment, Saccharomyces\/Zinc Ferment, Resveratrol, Capryloyl Dipeptide-17, Thioctic Acid, Leuconostoc\/Radish Root Ferment Filtrate, Glutathione, Tremella Fuciformis (Mushroom) Extract, Haematococcus Pluvialis Oil, Potassium Hydroxide, Hesperidin Methyl Chalcone, Sorbitan Laurate, Steareth-20, Astaxanthin, Sodium Lactate, Hydroxyethylcellulose, Acetyl Dipeptide-1 Cetyl Ester, Dipeptide Diaminobutyroyl Benzylamide Diacetate, Heptasodium Hexacarboxymethyl Dipeptide-12, Panthenol, Polysorbate 20, Sodium Citrate, Chlorhexidine Digluconate, Dextran, Hexapeptide-2, Magnesium Chloride, Tetradecyl Aminobutyroylvalylaminobutyric Urea Trifluoroacetate, Acetyl Tetrapeptide-5, Dipeptide-2, Potassium Sorbate, Acetyl Hexapeptide-8, Palmitoyl Dipeptide-5 Diaminobutyroyl Hydroxythreonine, Citric Acid, Biotin, Palmitoyl Tetrapeptide-7, Biotinoyl Tripeptide-1, Acetyl Tetrapeptide-3, Trifolium Pratense (Clover) Flower Extract, Tocopheryl Acetate, Palmitoyl Tripeptide-8, Dipeptide-4, Hexapeptide-11, Pentapeptide-18, Tripeptide-3, sh-Decapeptide-7, sh-Octapeptide-4, Palmitoyl Tripeptide-1, Ascorbic Acid Polypeptide, Hexapeptide-9, Oligopeptide-3, Palmitoyl Hexapeptide-12, Tripeptide-1, Palmitoyl Pentapeptide-4, Ubiquinone, Copper Tripeptide-1, Caffeoyl Tripeptide-1, Caffeoyl sh-Octapeptide-4, Galloyl Pentapeptide-33, Kojyl Carboxy Dipeptide-23, Nicotinoyl Tripeptide-1, Octapeptide-7, Oligopeptide-1, sh-Decapeptide-9, sh-Oligopeptide-9, sh-Pentapeptide-19, Asparagine, Glutamine, Tryptophan, Oligopeptide-2, sh-Oligopeptide-1, sh-Oligopeptide-2, sh-Polypeptide-1, sh-Polypeptide-22, sh-Polypeptide-3, Acetyl Octapeptide-3, Acetyl Tetrapeptide-2, Acetyl Tetrapeptide-9, Carnosine, Nonapeptide-1<\/span><\/p>\n","protected":false},"excerpt":{"rendered":"<p>Numbuzin Nr.9 NAD Bio Liftinga esence satur 50 pept\u012bdu un koenz\u012bmu, kas atjauno un nostiepj \u0101du. Izl\u012bdzina grumbas, samazina grumbu dzi\u013cumu, atjauno audu tvirtumu un elast\u012bbu, nov\u0113r\u0161 ptozi. Pateicoties liftinga iedarb\u012bbai, samazina papla\u0161in\u0101t\u0101s poras, padara \u0101du gludu un starojo\u0161u. Samazina ar vecumu saist\u012bt\u0101s izmai\u0146as uz pieres, nazolabi\u0101laj\u0101s krok\u0101s, ap ac\u012bm un muti; saglab\u0101 sejas kont\u016bru. [&hellip;]<\/p>\n","protected":false},"featured_media":24765,"comment_status":"open","ping_status":"closed","template":"","meta":{"site-sidebar-layout":"default","site-content-layout":"","ast-site-content-layout":"default","site-content-style":"default","site-sidebar-style":"default","ast-global-header-display":"","ast-banner-title-visibility":"","ast-main-header-display":"","ast-hfb-above-header-display":"","ast-hfb-below-header-display":"","ast-hfb-mobile-header-display":"","site-post-title":"","ast-breadcrumbs-content":"","ast-featured-img":"","footer-sml-layout":"","theme-transparent-header-meta":"default","adv-header-id-meta":"","stick-header-meta":"","header-above-stick-meta":"","header-main-stick-meta":"","header-below-stick-meta":"","astra-migrate-meta-layouts":"set","ast-page-background-enabled":"default","ast-page-background-meta":{"desktop":{"background-color":"var(--ast-global-color-4)","background-image":"","background-repeat":"repeat","background-position":"center center","background-size":"auto","background-attachment":"scroll","background-type":"","background-media":"","overlay-type":"","overlay-color":"","overlay-opacity":"","overlay-gradient":""},"tablet":{"background-color":"","background-image":"","background-repeat":"repeat","background-position":"center center","background-size":"auto","background-attachment":"scroll","background-type":"","background-media":"","overlay-type":"","overlay-color":"","overlay-opacity":"","overlay-gradient":""},"mobile":{"background-color":"","background-image":"","background-repeat":"repeat","background-position":"center center","background-size":"auto","background-attachment":"scroll","background-type":"","background-media":"","overlay-type":"","overlay-color":"","overlay-opacity":"","overlay-gradient":""}},"ast-content-background-meta":{"desktop":{"background-color":"var(--ast-global-color-5)","background-image":"","background-repeat":"repeat","background-position":"center center","background-size":"auto","background-attachment":"scroll","background-type":"","background-media":"","overlay-type":"","overlay-color":"","overlay-opacity":"","overlay-gradient":""},"tablet":{"background-color":"var(--ast-global-color-5)","background-image":"","background-repeat":"repeat","background-position":"center center","background-size":"auto","background-attachment":"scroll","background-type":"","background-media":"","overlay-type":"","overlay-color":"","overlay-opacity":"","overlay-gradient":""},"mobile":{"background-color":"var(--ast-global-color-5)","background-image":"","background-repeat":"repeat","background-position":"center center","background-size":"auto","background-attachment":"scroll","background-type":"","background-media":"","overlay-type":"","overlay-color":"","overlay-opacity":"","overlay-gradient":""}}},"product_brand":[],"product_cat":[371,363],"product_tag":[],"berocket_brand":[595],"class_list":{"0":"post-24764","1":"product","2":"type-product","3":"status-publish","4":"has-post-thumbnail","6":"product_cat-anti-age","7":"product_cat-serumi","8":"berocket_brand-numbuzin","9":"desktop-align-left","10":"tablet-align-left","11":"mobile-align-left","13":"first","14":"instock","15":"taxable","16":"shipping-taxable","17":"purchasable","18":"product-type-simple","19":"add-to-wishlist-before_image"},"yoast_head":"<!-- This site is optimized with the Yoast SEO plugin v27.3 - https:\/\/yoast.com\/product\/yoast-seo-wordpress\/ -->\n<title>numbuzin No.9 NAD Bio Lifting Essence 30ml - FACECORNER<\/title>\n<meta name=\"description\" content=\"Numbuzin Nr.9 NAD Bio Liftinga esence satur 50 pept\u012bdu un koenz\u012bmu, kas atjauno un nostiepj \u0101du.Izl\u012bdzina grumbas, samazina grumbu dzi\u013cumu, atjauno audu\" \/>\n<meta name=\"robots\" content=\"index, follow, max-snippet:-1, max-image-preview:large, max-video-preview:-1\" \/>\n<link rel=\"canonical\" href=\"https:\/\/www.facecorner.lv\/lv\/shop\/numbuzin-no-9-nad-bio-lifting-essence-50ml\/\" \/>\n<meta property=\"og:locale\" content=\"lv_LV\" \/>\n<meta property=\"og:type\" content=\"article\" \/>\n<meta property=\"og:title\" content=\"numbuzin No.9 NAD Bio Lifting Essence 30ml - FACECORNER\" \/>\n<meta property=\"og:description\" content=\"Numbuzin Nr.9 NAD Bio Liftinga esence satur 50 pept\u012bdu un koenz\u012bmu, kas atjauno un nostiepj \u0101du.Izl\u012bdzina grumbas, samazina grumbu dzi\u013cumu, atjauno audu\" \/>\n<meta property=\"og:url\" content=\"https:\/\/www.facecorner.lv\/lv\/shop\/numbuzin-no-9-nad-bio-lifting-essence-50ml\/\" \/>\n<meta property=\"og:site_name\" content=\"FACECORNER\" \/>\n<meta property=\"article:publisher\" content=\"https:\/\/www.facebook.com\/profile.php?id=100063824551839\" \/>\n<meta property=\"article:modified_time\" content=\"2026-02-04T12:41:43+00:00\" \/>\n<meta property=\"og:image\" content=\"https:\/\/www.facecorner.lv\/wp-content\/uploads\/2025\/07\/numbuzinnadbioessence-min.webp\" \/>\n\t<meta property=\"og:image:width\" content=\"1080\" \/>\n\t<meta property=\"og:image:height\" content=\"1080\" \/>\n\t<meta property=\"og:image:type\" content=\"image\/webp\" \/>\n<meta name=\"twitter:card\" content=\"summary_large_image\" \/>\n<meta name=\"twitter:label1\" content=\"Price\" \/>\n\t<meta name=\"twitter:data1\" content=\"&euro;22.90\" \/>\n\t<meta name=\"twitter:label2\" content=\"Availability\" \/>\n\t<meta name=\"twitter:data2\" content=\"In stock\" \/>\n<script type=\"application\/ld+json\" class=\"yoast-schema-graph\">{\"@context\":\"https:\\\/\\\/schema.org\",\"@graph\":[{\"@type\":\"WebPage\",\"@id\":\"https:\\\/\\\/www.facecorner.lv\\\/shop\\\/numbuzin-no-9-nad-bio-lifting-essence-50ml\\\/\",\"url\":\"https:\\\/\\\/www.facecorner.lv\\\/shop\\\/numbuzin-no-9-nad-bio-lifting-essence-50ml\\\/\",\"name\":\"numbuzin No.9 NAD Bio Lifting Essence 30ml - FACECORNER\",\"isPartOf\":{\"@id\":\"https:\\\/\\\/www.facecorner.lv\\\/#website\"},\"primaryImageOfPage\":{\"@id\":\"https:\\\/\\\/www.facecorner.lv\\\/shop\\\/numbuzin-no-9-nad-bio-lifting-essence-50ml\\\/#primaryimage\"},\"image\":{\"@id\":\"https:\\\/\\\/www.facecorner.lv\\\/shop\\\/numbuzin-no-9-nad-bio-lifting-essence-50ml\\\/#primaryimage\"},\"thumbnailUrl\":\"https:\\\/\\\/www.facecorner.lv\\\/wp-content\\\/uploads\\\/2025\\\/07\\\/numbuzinnadbioessence-min.webp\",\"datePublished\":\"2025-07-13T19:22:04+00:00\",\"dateModified\":\"2026-02-04T12:41:43+00:00\",\"description\":\"Numbuzin Nr.9 NAD Bio Liftinga esence satur 50 pept\u012bdu un koenz\u012bmu, kas atjauno un nostiepj \u0101du.Izl\u012bdzina grumbas, samazina grumbu dzi\u013cumu, atjauno audu\",\"breadcrumb\":{\"@id\":\"https:\\\/\\\/www.facecorner.lv\\\/shop\\\/numbuzin-no-9-nad-bio-lifting-essence-50ml\\\/#breadcrumb\"},\"inLanguage\":\"lv-LV\",\"potentialAction\":[{\"@type\":\"ReadAction\",\"target\":[\"https:\\\/\\\/www.facecorner.lv\\\/shop\\\/numbuzin-no-9-nad-bio-lifting-essence-50ml\\\/\"]}]},{\"@type\":\"ImageObject\",\"inLanguage\":\"lv-LV\",\"@id\":\"https:\\\/\\\/www.facecorner.lv\\\/shop\\\/numbuzin-no-9-nad-bio-lifting-essence-50ml\\\/#primaryimage\",\"url\":\"https:\\\/\\\/www.facecorner.lv\\\/wp-content\\\/uploads\\\/2025\\\/07\\\/numbuzinnadbioessence-min.webp\",\"contentUrl\":\"https:\\\/\\\/www.facecorner.lv\\\/wp-content\\\/uploads\\\/2025\\\/07\\\/numbuzinnadbioessence-min.webp\",\"width\":1080,\"height\":1080,\"caption\":\"numbuzin No.9 NAD Bio Lifting Essence\"},{\"@type\":\"BreadcrumbList\",\"@id\":\"https:\\\/\\\/www.facecorner.lv\\\/shop\\\/numbuzin-no-9-nad-bio-lifting-essence-50ml\\\/#breadcrumb\",\"itemListElement\":[{\"@type\":\"ListItem\",\"position\":1,\"name\":\"Home\",\"item\":\"https:\\\/\\\/www.facecorner.lv\\\/\"},{\"@type\":\"ListItem\",\"position\":2,\"name\":\"Veikals\",\"item\":\"https:\\\/\\\/www.facecorner.lv\\\/shop\\\/\"},{\"@type\":\"ListItem\",\"position\":3,\"name\":\"numbuzin No.9 NAD Bio Lifting Essence 30ml\"}]},{\"@type\":\"WebSite\",\"@id\":\"https:\\\/\\\/www.facecorner.lv\\\/#website\",\"url\":\"https:\\\/\\\/www.facecorner.lv\\\/\",\"name\":\"Facecorner\",\"description\":\"\",\"publisher\":{\"@id\":\"https:\\\/\\\/www.facecorner.lv\\\/#organization\"},\"potentialAction\":[{\"@type\":\"SearchAction\",\"target\":{\"@type\":\"EntryPoint\",\"urlTemplate\":\"https:\\\/\\\/www.facecorner.lv\\\/?s={search_term_string}\"},\"query-input\":{\"@type\":\"PropertyValueSpecification\",\"valueRequired\":true,\"valueName\":\"search_term_string\"}}],\"inLanguage\":\"lv-LV\"},{\"@type\":\"Organization\",\"@id\":\"https:\\\/\\\/www.facecorner.lv\\\/#organization\",\"name\":\"Facecorner\",\"url\":\"https:\\\/\\\/www.facecorner.lv\\\/\",\"logo\":{\"@type\":\"ImageObject\",\"inLanguage\":\"lv-LV\",\"@id\":\"https:\\\/\\\/www.facecorner.lv\\\/#\\\/schema\\\/logo\\\/image\\\/\",\"url\":\"https:\\\/\\\/www.facecorner.lv\\\/wp-content\\\/uploads\\\/2024\\\/04\\\/fc-logo.jpg\",\"contentUrl\":\"https:\\\/\\\/www.facecorner.lv\\\/wp-content\\\/uploads\\\/2024\\\/04\\\/fc-logo.jpg\",\"width\":174,\"height\":28,\"caption\":\"Facecorner\"},\"image\":{\"@id\":\"https:\\\/\\\/www.facecorner.lv\\\/#\\\/schema\\\/logo\\\/image\\\/\"},\"sameAs\":[\"https:\\\/\\\/www.facebook.com\\\/profile.php?id=100063824551839\",\"https:\\\/\\\/www.instagram.com\\\/facecorner_shop\\\/\"]}]}<\/script>\n<meta property=\"product:price:amount\" content=\"22.90\" \/>\n<meta property=\"product:price:currency\" content=\"EUR\" \/>\n<meta property=\"og:availability\" content=\"instock\" \/>\n<meta property=\"product:availability\" content=\"instock\" \/>\n<meta property=\"product:condition\" content=\"new\" \/>\n<!-- \/ Yoast SEO plugin. -->","yoast_head_json":{"title":"numbuzin No.9 NAD Bio Lifting Essence 30ml - FACECORNER","description":"Numbuzin Nr.9 NAD Bio Liftinga esence satur 50 pept\u012bdu un koenz\u012bmu, kas atjauno un nostiepj \u0101du.Izl\u012bdzina grumbas, samazina grumbu dzi\u013cumu, atjauno audu","robots":{"index":"index","follow":"follow","max-snippet":"max-snippet:-1","max-image-preview":"max-image-preview:large","max-video-preview":"max-video-preview:-1"},"canonical":"https:\/\/www.facecorner.lv\/lv\/shop\/numbuzin-no-9-nad-bio-lifting-essence-50ml\/","og_locale":"lv_LV","og_type":"article","og_title":"numbuzin No.9 NAD Bio Lifting Essence 30ml - FACECORNER","og_description":"Numbuzin Nr.9 NAD Bio Liftinga esence satur 50 pept\u012bdu un koenz\u012bmu, kas atjauno un nostiepj \u0101du.Izl\u012bdzina grumbas, samazina grumbu dzi\u013cumu, atjauno audu","og_url":"https:\/\/www.facecorner.lv\/lv\/shop\/numbuzin-no-9-nad-bio-lifting-essence-50ml\/","og_site_name":"FACECORNER","article_publisher":"https:\/\/www.facebook.com\/profile.php?id=100063824551839","article_modified_time":"2026-02-04T12:41:43+00:00","og_image":[{"width":1080,"height":1080,"url":"https:\/\/www.facecorner.lv\/wp-content\/uploads\/2025\/07\/numbuzinnadbioessence-min.webp","type":"image\/webp"}],"twitter_card":"summary_large_image","twitter_misc":{"Price":"&euro;22.90","Availability":"In stock"},"schema":{"@context":"https:\/\/schema.org","@graph":[{"@type":"WebPage","@id":"https:\/\/www.facecorner.lv\/shop\/numbuzin-no-9-nad-bio-lifting-essence-50ml\/","url":"https:\/\/www.facecorner.lv\/shop\/numbuzin-no-9-nad-bio-lifting-essence-50ml\/","name":"numbuzin No.9 NAD Bio Lifting Essence 30ml - FACECORNER","isPartOf":{"@id":"https:\/\/www.facecorner.lv\/#website"},"primaryImageOfPage":{"@id":"https:\/\/www.facecorner.lv\/shop\/numbuzin-no-9-nad-bio-lifting-essence-50ml\/#primaryimage"},"image":{"@id":"https:\/\/www.facecorner.lv\/shop\/numbuzin-no-9-nad-bio-lifting-essence-50ml\/#primaryimage"},"thumbnailUrl":"https:\/\/www.facecorner.lv\/wp-content\/uploads\/2025\/07\/numbuzinnadbioessence-min.webp","datePublished":"2025-07-13T19:22:04+00:00","dateModified":"2026-02-04T12:41:43+00:00","description":"Numbuzin Nr.9 NAD Bio Liftinga esence satur 50 pept\u012bdu un koenz\u012bmu, kas atjauno un nostiepj \u0101du.Izl\u012bdzina grumbas, samazina grumbu dzi\u013cumu, atjauno audu","breadcrumb":{"@id":"https:\/\/www.facecorner.lv\/shop\/numbuzin-no-9-nad-bio-lifting-essence-50ml\/#breadcrumb"},"inLanguage":"lv-LV","potentialAction":[{"@type":"ReadAction","target":["https:\/\/www.facecorner.lv\/shop\/numbuzin-no-9-nad-bio-lifting-essence-50ml\/"]}]},{"@type":"ImageObject","inLanguage":"lv-LV","@id":"https:\/\/www.facecorner.lv\/shop\/numbuzin-no-9-nad-bio-lifting-essence-50ml\/#primaryimage","url":"https:\/\/www.facecorner.lv\/wp-content\/uploads\/2025\/07\/numbuzinnadbioessence-min.webp","contentUrl":"https:\/\/www.facecorner.lv\/wp-content\/uploads\/2025\/07\/numbuzinnadbioessence-min.webp","width":1080,"height":1080,"caption":"numbuzin No.9 NAD Bio Lifting Essence"},{"@type":"BreadcrumbList","@id":"https:\/\/www.facecorner.lv\/shop\/numbuzin-no-9-nad-bio-lifting-essence-50ml\/#breadcrumb","itemListElement":[{"@type":"ListItem","position":1,"name":"Home","item":"https:\/\/www.facecorner.lv\/"},{"@type":"ListItem","position":2,"name":"Veikals","item":"https:\/\/www.facecorner.lv\/shop\/"},{"@type":"ListItem","position":3,"name":"numbuzin No.9 NAD Bio Lifting Essence 30ml"}]},{"@type":"WebSite","@id":"https:\/\/www.facecorner.lv\/#website","url":"https:\/\/www.facecorner.lv\/","name":"Facecorner","description":"","publisher":{"@id":"https:\/\/www.facecorner.lv\/#organization"},"potentialAction":[{"@type":"SearchAction","target":{"@type":"EntryPoint","urlTemplate":"https:\/\/www.facecorner.lv\/?s={search_term_string}"},"query-input":{"@type":"PropertyValueSpecification","valueRequired":true,"valueName":"search_term_string"}}],"inLanguage":"lv-LV"},{"@type":"Organization","@id":"https:\/\/www.facecorner.lv\/#organization","name":"Facecorner","url":"https:\/\/www.facecorner.lv\/","logo":{"@type":"ImageObject","inLanguage":"lv-LV","@id":"https:\/\/www.facecorner.lv\/#\/schema\/logo\/image\/","url":"https:\/\/www.facecorner.lv\/wp-content\/uploads\/2024\/04\/fc-logo.jpg","contentUrl":"https:\/\/www.facecorner.lv\/wp-content\/uploads\/2024\/04\/fc-logo.jpg","width":174,"height":28,"caption":"Facecorner"},"image":{"@id":"https:\/\/www.facecorner.lv\/#\/schema\/logo\/image\/"},"sameAs":["https:\/\/www.facebook.com\/profile.php?id=100063824551839","https:\/\/www.instagram.com\/facecorner_shop\/"]}]},"product_price_amount":"22.90","product_price_currency":"EUR","og_availability":"instock","product_availability":"instock","product_condition":"new"},"_links":{"self":[{"href":"https:\/\/www.facecorner.lv\/lv\/wp-json\/wp\/v2\/product\/24764","targetHints":{"allow":["GET"]}}],"collection":[{"href":"https:\/\/www.facecorner.lv\/lv\/wp-json\/wp\/v2\/product"}],"about":[{"href":"https:\/\/www.facecorner.lv\/lv\/wp-json\/wp\/v2\/types\/product"}],"replies":[{"embeddable":true,"href":"https:\/\/www.facecorner.lv\/lv\/wp-json\/wp\/v2\/comments?post=24764"}],"wp:featuredmedia":[{"embeddable":true,"href":"https:\/\/www.facecorner.lv\/lv\/wp-json\/wp\/v2\/media\/24765"}],"wp:attachment":[{"href":"https:\/\/www.facecorner.lv\/lv\/wp-json\/wp\/v2\/media?parent=24764"}],"wp:term":[{"taxonomy":"product_brand","embeddable":true,"href":"https:\/\/www.facecorner.lv\/lv\/wp-json\/wp\/v2\/product_brand?post=24764"},{"taxonomy":"product_cat","embeddable":true,"href":"https:\/\/www.facecorner.lv\/lv\/wp-json\/wp\/v2\/product_cat?post=24764"},{"taxonomy":"product_tag","embeddable":true,"href":"https:\/\/www.facecorner.lv\/lv\/wp-json\/wp\/v2\/product_tag?post=24764"},{"taxonomy":"berocket_brand","embeddable":true,"href":"https:\/\/www.facecorner.lv\/lv\/wp-json\/wp\/v2\/berocket_brand?post=24764"}],"curies":[{"name":"wp","href":"https:\/\/api.w.org\/{rel}","templated":true}]}}