{"id":24748,"date":"2025-07-11T16:24:37","date_gmt":"2025-07-11T13:24:37","guid":{"rendered":"https:\/\/www.facecorner.lv\/?post_type=product&#038;p=24748"},"modified":"2026-03-10T15:52:02","modified_gmt":"2026-03-10T12:52:02","slug":"tocobo-cica-calming-powder-wash-50g","status":"publish","type":"product","link":"https:\/\/www.facecorner.lv\/lv\/shop\/tocobo-cica-calming-powder-wash-50g\/","title":{"rendered":"TOCOBO Cica Calming Powder Wash 50g"},"content":{"rendered":"<div class=\"en-part-h1\">TOCOBO Cica Calming Powder Wash n<span style=\"font-size: 16px;\">omierino\u0161s enz\u012bmu pulveris ar centellas ekstraktu nodro\u0161ina dzi\u013cu, bet maigu poru att\u012br\u012b\u0161anu.<\/span><\/div>\n<div><\/div>\n<ul>\n<li>Maigi eksfoli\u0113, stimul\u0113jot atjauno\u0161an\u0101s procesus, pul\u0113 un izl\u012bdzina \u0101das reljefu.<\/li>\n<li>Maigi att\u012bra \u0101du no keratiniz\u0113t\u0101 \u0161\u016bnu sl\u0101\u0146a, liek\u0101 sebuma un net\u012brumiem.<\/li>\n<li>Nomierina \u0101du, nov\u0113r\u0161 kairin\u0101jumu, iekaisumu un aps\u0101rtumu.<\/li>\n<\/ul>\n<p><strong>Galven\u0101s sast\u0101vda\u013cas:<\/strong><\/p>\n<ul>\n<li>\u00a0Papa\u012bna enz\u012bms un za\u013c\u0101s t\u0113jas pulveris iedarbojas k\u0101 maigs p\u012blings, izl\u012bdzina \u0101das strukt\u016bru un att\u012bra to no keratiniz\u0113t\u0101m \u0101das \u0161\u016bn\u0101m.<\/li>\n<li>R\u012bsu ekstraktam ir m\u012bkstino\u0161a iedarb\u012bba, un tas pal\u012bdz izl\u012bdzin\u0101t \u0101das toni.<\/li>\n<li>Centella asiatica akt\u012bvi nomierina \u0101du, mazina aps\u0101rtumu un kairin\u0101jumu, mazina jut\u012bgumu un m\u012bkstina \u0101du.<\/li>\n<li>T\u0113jas koka ekstraktam ir sp\u0113c\u012bga pretiekaisuma un antibakteri\u0101la iedarb\u012bba, tas akt\u012bvi c\u012bn\u0101s ar izsitumiem un nov\u0113r\u0161 jaunu izsitumu ra\u0161anos, k\u0101 ar\u012b regul\u0113 tauku dziedzeru darb\u012bbu.<\/li>\n<\/ul>\n<p><strong>Lieto\u0161ana:<\/strong> \u0145emiet nelielu daudzumu pulvera plaukst\u0101 un berz\u0113jiet ar mitr\u0101m rok\u0101m, l\u012bdz izveidojas putas. Maigi uzkl\u0101jiet putas uz sejas un iemas\u0113jiet, p\u0113c tam noskalojiet ar remdenu \u016bdeni.<\/p>\n<p><strong>Sast\u0101vs:<\/strong> <span style=\"font-size: 16px;\">Zea Mays (Corn) Starch, Sodium Cocoyl Isethionate, Sodium Lauroyl Glutamate, Diglycerin, Allantoin, Camellia Sinensis Leaf Powder, Maltodextrin, Papain, Fragrance, Chromium Oxide Greens, Oryza Sativa (Rice) Lees Extract, Water, 1,2-Hexanediol, Butylene Glycol, Centella Asiatica Extract (1 ppb), Melaleuca Alternifolia (Tea Tree) Leaf Extract<\/span><\/p>\n<div class=\"accordeon__item\"><\/div>\n","protected":false},"excerpt":{"rendered":"<p>TOCOBO Cica Calming Powder Wash n<span style=\"font-size: 16px;\">omierino\u0161s enz\u012bmu pulveris ar centellas ekstraktu nodro\u0161ina dzi\u013cu, bet maigu poru att\u012br\u012b\u0161anu.<\/span><\/p>\n","protected":false},"featured_media":24749,"comment_status":"open","ping_status":"closed","template":"","meta":{"site-sidebar-layout":"default","site-content-layout":"","ast-site-content-layout":"default","site-content-style":"default","site-sidebar-style":"default","ast-global-header-display":"","ast-banner-title-visibility":"","ast-main-header-display":"","ast-hfb-above-header-display":"","ast-hfb-below-header-display":"","ast-hfb-mobile-header-display":"","site-post-title":"","ast-breadcrumbs-content":"","ast-featured-img":"","footer-sml-layout":"","theme-transparent-header-meta":"default","adv-header-id-meta":"","stick-header-meta":"","header-above-stick-meta":"","header-main-stick-meta":"","header-below-stick-meta":"","astra-migrate-meta-layouts":"set","ast-page-background-enabled":"default","ast-page-background-meta":{"desktop":{"background-color":"var(--ast-global-color-4)","background-image":"","background-repeat":"repeat","background-position":"center center","background-size":"auto","background-attachment":"scroll","background-type":"","background-media":"","overlay-type":"","overlay-color":"","overlay-opacity":"","overlay-gradient":""},"tablet":{"background-color":"","background-image":"","background-repeat":"repeat","background-position":"center center","background-size":"auto","background-attachment":"scroll","background-type":"","background-media":"","overlay-type":"","overlay-color":"","overlay-opacity":"","overlay-gradient":""},"mobile":{"background-color":"","background-image":"","background-repeat":"repeat","background-position":"center center","background-size":"auto","background-attachment":"scroll","background-type":"","background-media":"","overlay-type":"","overlay-color":"","overlay-opacity":"","overlay-gradient":""}},"ast-content-background-meta":{"desktop":{"background-color":"var(--ast-global-color-5)","background-image":"","background-repeat":"repeat","background-position":"center center","background-size":"auto","background-attachment":"scroll","background-type":"","background-media":"","overlay-type":"","overlay-color":"","overlay-opacity":"","overlay-gradient":""},"tablet":{"background-color":"var(--ast-global-color-5)","background-image":"","background-repeat":"repeat","background-position":"center center","background-size":"auto","background-attachment":"scroll","background-type":"","background-media":"","overlay-type":"","overlay-color":"","overlay-opacity":"","overlay-gradient":""},"mobile":{"background-color":"var(--ast-global-color-5)","background-image":"","background-repeat":"repeat","background-position":"center center","background-size":"auto","background-attachment":"scroll","background-type":"","background-media":"","overlay-type":"","overlay-color":"","overlay-opacity":"","overlay-gradient":""}}},"product_brand":[],"product_cat":[310,640,328],"product_tag":[],"berocket_brand":[588],"class_list":{"0":"post-24748","1":"product","2":"type-product","3":"status-publish","4":"has-post-thumbnail","6":"product_cat-attirisana","7":"product_cat-enzima-puderis","8":"product_cat-pilingi-un-skrubji","9":"berocket_brand-tocobo","10":"desktop-align-left","11":"tablet-align-left","12":"mobile-align-left","14":"first","15":"outofstock","16":"taxable","17":"shipping-taxable","18":"purchasable","19":"product-type-simple","20":"add-to-wishlist-before_image"},"yoast_head":"<!-- This site is optimized with the Yoast SEO plugin v27.3 - https:\/\/yoast.com\/product\/yoast-seo-wordpress\/ -->\n<title>TOCOBO Cica Calming Powder Wash 50g - FACECORNER<\/title>\n<meta name=\"description\" content=\"TOCOBO Cica Calming Powder Wash nomierino\u0161s enz\u012bmu pulveris ar centellas ekstraktu nodro\u0161ina dzi\u013cu, bet maigu poru att\u012br\u012b\u0161anu.\" \/>\n<meta name=\"robots\" content=\"index, follow, max-snippet:-1, max-image-preview:large, max-video-preview:-1\" \/>\n<link rel=\"canonical\" href=\"https:\/\/www.facecorner.lv\/lv\/shop\/tocobo-cica-calming-powder-wash-50g\/\" \/>\n<meta property=\"og:locale\" content=\"lv_LV\" \/>\n<meta property=\"og:type\" content=\"article\" \/>\n<meta property=\"og:title\" content=\"TOCOBO Cica Calming Powder Wash 50g - FACECORNER\" \/>\n<meta property=\"og:description\" content=\"TOCOBO Cica Calming Powder Wash nomierino\u0161s enz\u012bmu pulveris ar centellas ekstraktu nodro\u0161ina dzi\u013cu, bet maigu poru att\u012br\u012b\u0161anu.\" \/>\n<meta property=\"og:url\" content=\"https:\/\/www.facecorner.lv\/lv\/shop\/tocobo-cica-calming-powder-wash-50g\/\" \/>\n<meta property=\"og:site_name\" content=\"FACECORNER\" \/>\n<meta property=\"article:publisher\" content=\"https:\/\/www.facebook.com\/profile.php?id=100063824551839\" \/>\n<meta property=\"article:modified_time\" content=\"2026-03-10T12:52:02+00:00\" \/>\n<meta property=\"og:image\" content=\"https:\/\/www.facecorner.lv\/wp-content\/uploads\/2025\/07\/Cica_Calming_Powder_Wash.jpg.webp\" \/>\n\t<meta property=\"og:image:width\" content=\"1080\" \/>\n\t<meta property=\"og:image:height\" content=\"1350\" \/>\n\t<meta property=\"og:image:type\" content=\"image\/webp\" \/>\n<meta name=\"twitter:card\" content=\"summary_large_image\" \/>\n<meta name=\"twitter:label1\" content=\"Price\" \/>\n\t<meta name=\"twitter:data1\" content=\"&euro;19.90\" \/>\n\t<meta name=\"twitter:label2\" content=\"Availability\" \/>\n\t<meta name=\"twitter:data2\" content=\"Out of stock\" \/>\n<script type=\"application\/ld+json\" class=\"yoast-schema-graph\">{\"@context\":\"https:\\\/\\\/schema.org\",\"@graph\":[{\"@type\":\"WebPage\",\"@id\":\"https:\\\/\\\/www.facecorner.lv\\\/shop\\\/tocobo-cica-calming-powder-wash-50g\\\/\",\"url\":\"https:\\\/\\\/www.facecorner.lv\\\/shop\\\/tocobo-cica-calming-powder-wash-50g\\\/\",\"name\":\"TOCOBO Cica Calming Powder Wash 50g - FACECORNER\",\"isPartOf\":{\"@id\":\"https:\\\/\\\/www.facecorner.lv\\\/#website\"},\"primaryImageOfPage\":{\"@id\":\"https:\\\/\\\/www.facecorner.lv\\\/shop\\\/tocobo-cica-calming-powder-wash-50g\\\/#primaryimage\"},\"image\":{\"@id\":\"https:\\\/\\\/www.facecorner.lv\\\/shop\\\/tocobo-cica-calming-powder-wash-50g\\\/#primaryimage\"},\"thumbnailUrl\":\"https:\\\/\\\/www.facecorner.lv\\\/wp-content\\\/uploads\\\/2025\\\/07\\\/Cica_Calming_Powder_Wash.jpg.webp\",\"datePublished\":\"2025-07-11T13:24:37+00:00\",\"dateModified\":\"2026-03-10T12:52:02+00:00\",\"description\":\"TOCOBO Cica Calming Powder Wash nomierino\u0161s enz\u012bmu pulveris ar centellas ekstraktu nodro\u0161ina dzi\u013cu, bet maigu poru att\u012br\u012b\u0161anu.\",\"breadcrumb\":{\"@id\":\"https:\\\/\\\/www.facecorner.lv\\\/shop\\\/tocobo-cica-calming-powder-wash-50g\\\/#breadcrumb\"},\"inLanguage\":\"lv-LV\",\"potentialAction\":[{\"@type\":\"ReadAction\",\"target\":[\"https:\\\/\\\/www.facecorner.lv\\\/shop\\\/tocobo-cica-calming-powder-wash-50g\\\/\"]}]},{\"@type\":\"ImageObject\",\"inLanguage\":\"lv-LV\",\"@id\":\"https:\\\/\\\/www.facecorner.lv\\\/shop\\\/tocobo-cica-calming-powder-wash-50g\\\/#primaryimage\",\"url\":\"https:\\\/\\\/www.facecorner.lv\\\/wp-content\\\/uploads\\\/2025\\\/07\\\/Cica_Calming_Powder_Wash.jpg.webp\",\"contentUrl\":\"https:\\\/\\\/www.facecorner.lv\\\/wp-content\\\/uploads\\\/2025\\\/07\\\/Cica_Calming_Powder_Wash.jpg.webp\",\"width\":1080,\"height\":1350,\"caption\":\"TOCOBO Cica Calming Powder Wash\"},{\"@type\":\"BreadcrumbList\",\"@id\":\"https:\\\/\\\/www.facecorner.lv\\\/shop\\\/tocobo-cica-calming-powder-wash-50g\\\/#breadcrumb\",\"itemListElement\":[{\"@type\":\"ListItem\",\"position\":1,\"name\":\"Home\",\"item\":\"https:\\\/\\\/www.facecorner.lv\\\/\"},{\"@type\":\"ListItem\",\"position\":2,\"name\":\"Veikals\",\"item\":\"https:\\\/\\\/www.facecorner.lv\\\/shop\\\/\"},{\"@type\":\"ListItem\",\"position\":3,\"name\":\"TOCOBO Cica Calming Powder Wash 50g\"}]},{\"@type\":\"WebSite\",\"@id\":\"https:\\\/\\\/www.facecorner.lv\\\/#website\",\"url\":\"https:\\\/\\\/www.facecorner.lv\\\/\",\"name\":\"Facecorner\",\"description\":\"\",\"publisher\":{\"@id\":\"https:\\\/\\\/www.facecorner.lv\\\/#organization\"},\"potentialAction\":[{\"@type\":\"SearchAction\",\"target\":{\"@type\":\"EntryPoint\",\"urlTemplate\":\"https:\\\/\\\/www.facecorner.lv\\\/?s={search_term_string}\"},\"query-input\":{\"@type\":\"PropertyValueSpecification\",\"valueRequired\":true,\"valueName\":\"search_term_string\"}}],\"inLanguage\":\"lv-LV\"},{\"@type\":\"Organization\",\"@id\":\"https:\\\/\\\/www.facecorner.lv\\\/#organization\",\"name\":\"Facecorner\",\"url\":\"https:\\\/\\\/www.facecorner.lv\\\/\",\"logo\":{\"@type\":\"ImageObject\",\"inLanguage\":\"lv-LV\",\"@id\":\"https:\\\/\\\/www.facecorner.lv\\\/#\\\/schema\\\/logo\\\/image\\\/\",\"url\":\"https:\\\/\\\/www.facecorner.lv\\\/wp-content\\\/uploads\\\/2024\\\/04\\\/fc-logo.jpg\",\"contentUrl\":\"https:\\\/\\\/www.facecorner.lv\\\/wp-content\\\/uploads\\\/2024\\\/04\\\/fc-logo.jpg\",\"width\":174,\"height\":28,\"caption\":\"Facecorner\"},\"image\":{\"@id\":\"https:\\\/\\\/www.facecorner.lv\\\/#\\\/schema\\\/logo\\\/image\\\/\"},\"sameAs\":[\"https:\\\/\\\/www.facebook.com\\\/profile.php?id=100063824551839\",\"https:\\\/\\\/www.instagram.com\\\/facecorner_shop\\\/\"]}]}<\/script>\n<meta property=\"product:price:amount\" content=\"19.90\" \/>\n<meta property=\"product:price:currency\" content=\"EUR\" \/>\n<meta property=\"og:availability\" content=\"out of stock\" \/>\n<meta property=\"product:availability\" content=\"out of stock\" \/>\n<meta property=\"product:condition\" content=\"new\" \/>\n<!-- \/ Yoast SEO plugin. -->","yoast_head_json":{"title":"TOCOBO Cica Calming Powder Wash 50g - FACECORNER","description":"TOCOBO Cica Calming Powder Wash nomierino\u0161s enz\u012bmu pulveris ar centellas ekstraktu nodro\u0161ina dzi\u013cu, bet maigu poru att\u012br\u012b\u0161anu.","robots":{"index":"index","follow":"follow","max-snippet":"max-snippet:-1","max-image-preview":"max-image-preview:large","max-video-preview":"max-video-preview:-1"},"canonical":"https:\/\/www.facecorner.lv\/lv\/shop\/tocobo-cica-calming-powder-wash-50g\/","og_locale":"lv_LV","og_type":"article","og_title":"TOCOBO Cica Calming Powder Wash 50g - FACECORNER","og_description":"TOCOBO Cica Calming Powder Wash nomierino\u0161s enz\u012bmu pulveris ar centellas ekstraktu nodro\u0161ina dzi\u013cu, bet maigu poru att\u012br\u012b\u0161anu.","og_url":"https:\/\/www.facecorner.lv\/lv\/shop\/tocobo-cica-calming-powder-wash-50g\/","og_site_name":"FACECORNER","article_publisher":"https:\/\/www.facebook.com\/profile.php?id=100063824551839","article_modified_time":"2026-03-10T12:52:02+00:00","og_image":[{"width":1080,"height":1350,"url":"https:\/\/www.facecorner.lv\/wp-content\/uploads\/2025\/07\/Cica_Calming_Powder_Wash.jpg.webp","type":"image\/webp"}],"twitter_card":"summary_large_image","twitter_misc":{"Price":"&euro;19.90","Availability":"Out of stock"},"schema":{"@context":"https:\/\/schema.org","@graph":[{"@type":"WebPage","@id":"https:\/\/www.facecorner.lv\/shop\/tocobo-cica-calming-powder-wash-50g\/","url":"https:\/\/www.facecorner.lv\/shop\/tocobo-cica-calming-powder-wash-50g\/","name":"TOCOBO Cica Calming Powder Wash 50g - FACECORNER","isPartOf":{"@id":"https:\/\/www.facecorner.lv\/#website"},"primaryImageOfPage":{"@id":"https:\/\/www.facecorner.lv\/shop\/tocobo-cica-calming-powder-wash-50g\/#primaryimage"},"image":{"@id":"https:\/\/www.facecorner.lv\/shop\/tocobo-cica-calming-powder-wash-50g\/#primaryimage"},"thumbnailUrl":"https:\/\/www.facecorner.lv\/wp-content\/uploads\/2025\/07\/Cica_Calming_Powder_Wash.jpg.webp","datePublished":"2025-07-11T13:24:37+00:00","dateModified":"2026-03-10T12:52:02+00:00","description":"TOCOBO Cica Calming Powder Wash nomierino\u0161s enz\u012bmu pulveris ar centellas ekstraktu nodro\u0161ina dzi\u013cu, bet maigu poru att\u012br\u012b\u0161anu.","breadcrumb":{"@id":"https:\/\/www.facecorner.lv\/shop\/tocobo-cica-calming-powder-wash-50g\/#breadcrumb"},"inLanguage":"lv-LV","potentialAction":[{"@type":"ReadAction","target":["https:\/\/www.facecorner.lv\/shop\/tocobo-cica-calming-powder-wash-50g\/"]}]},{"@type":"ImageObject","inLanguage":"lv-LV","@id":"https:\/\/www.facecorner.lv\/shop\/tocobo-cica-calming-powder-wash-50g\/#primaryimage","url":"https:\/\/www.facecorner.lv\/wp-content\/uploads\/2025\/07\/Cica_Calming_Powder_Wash.jpg.webp","contentUrl":"https:\/\/www.facecorner.lv\/wp-content\/uploads\/2025\/07\/Cica_Calming_Powder_Wash.jpg.webp","width":1080,"height":1350,"caption":"TOCOBO Cica Calming Powder Wash"},{"@type":"BreadcrumbList","@id":"https:\/\/www.facecorner.lv\/shop\/tocobo-cica-calming-powder-wash-50g\/#breadcrumb","itemListElement":[{"@type":"ListItem","position":1,"name":"Home","item":"https:\/\/www.facecorner.lv\/"},{"@type":"ListItem","position":2,"name":"Veikals","item":"https:\/\/www.facecorner.lv\/shop\/"},{"@type":"ListItem","position":3,"name":"TOCOBO Cica Calming Powder Wash 50g"}]},{"@type":"WebSite","@id":"https:\/\/www.facecorner.lv\/#website","url":"https:\/\/www.facecorner.lv\/","name":"Facecorner","description":"","publisher":{"@id":"https:\/\/www.facecorner.lv\/#organization"},"potentialAction":[{"@type":"SearchAction","target":{"@type":"EntryPoint","urlTemplate":"https:\/\/www.facecorner.lv\/?s={search_term_string}"},"query-input":{"@type":"PropertyValueSpecification","valueRequired":true,"valueName":"search_term_string"}}],"inLanguage":"lv-LV"},{"@type":"Organization","@id":"https:\/\/www.facecorner.lv\/#organization","name":"Facecorner","url":"https:\/\/www.facecorner.lv\/","logo":{"@type":"ImageObject","inLanguage":"lv-LV","@id":"https:\/\/www.facecorner.lv\/#\/schema\/logo\/image\/","url":"https:\/\/www.facecorner.lv\/wp-content\/uploads\/2024\/04\/fc-logo.jpg","contentUrl":"https:\/\/www.facecorner.lv\/wp-content\/uploads\/2024\/04\/fc-logo.jpg","width":174,"height":28,"caption":"Facecorner"},"image":{"@id":"https:\/\/www.facecorner.lv\/#\/schema\/logo\/image\/"},"sameAs":["https:\/\/www.facebook.com\/profile.php?id=100063824551839","https:\/\/www.instagram.com\/facecorner_shop\/"]}]},"product_price_amount":"19.90","product_price_currency":"EUR","og_availability":"out of stock","product_availability":"out of stock","product_condition":"new"},"_links":{"self":[{"href":"https:\/\/www.facecorner.lv\/lv\/wp-json\/wp\/v2\/product\/24748","targetHints":{"allow":["GET"]}}],"collection":[{"href":"https:\/\/www.facecorner.lv\/lv\/wp-json\/wp\/v2\/product"}],"about":[{"href":"https:\/\/www.facecorner.lv\/lv\/wp-json\/wp\/v2\/types\/product"}],"replies":[{"embeddable":true,"href":"https:\/\/www.facecorner.lv\/lv\/wp-json\/wp\/v2\/comments?post=24748"}],"wp:featuredmedia":[{"embeddable":true,"href":"https:\/\/www.facecorner.lv\/lv\/wp-json\/wp\/v2\/media\/24749"}],"wp:attachment":[{"href":"https:\/\/www.facecorner.lv\/lv\/wp-json\/wp\/v2\/media?parent=24748"}],"wp:term":[{"taxonomy":"product_brand","embeddable":true,"href":"https:\/\/www.facecorner.lv\/lv\/wp-json\/wp\/v2\/product_brand?post=24748"},{"taxonomy":"product_cat","embeddable":true,"href":"https:\/\/www.facecorner.lv\/lv\/wp-json\/wp\/v2\/product_cat?post=24748"},{"taxonomy":"product_tag","embeddable":true,"href":"https:\/\/www.facecorner.lv\/lv\/wp-json\/wp\/v2\/product_tag?post=24748"},{"taxonomy":"berocket_brand","embeddable":true,"href":"https:\/\/www.facecorner.lv\/lv\/wp-json\/wp\/v2\/berocket_brand?post=24748"}],"curies":[{"name":"wp","href":"https:\/\/api.w.org\/{rel}","templated":true}]}}