{"id":24744,"date":"2025-07-11T15:49:25","date_gmt":"2025-07-11T12:49:25","guid":{"rendered":"https:\/\/www.facecorner.lv\/?post_type=product&#038;p=24744"},"modified":"2026-02-24T15:06:31","modified_gmt":"2026-02-24T12:06:31","slug":"arencia-blue-hyssop-rice-mochi-cleanser-120g","status":"publish","type":"product","link":"https:\/\/www.facecorner.lv\/lv\/shop\/arencia-blue-hyssop-rice-mochi-cleanser-120g\/","title":{"rendered":"Arencia Blue Hyssop Rice Mochi Cleanser 120g"},"content":{"rendered":"<p>Arencia Blue Hyssop Rice Mochi Cleanser ir att\u012bro\u0161s att\u012bro\u0161s l\u012bdzeklis uz r\u012bsu b\u0101zes, kas att\u012bra poras, likvid\u0113 lieko sebumu un ac\u012bmredzami mazina p\u016bt\u012btes.<\/p>\n<p>Sast\u0101v\u0101 ir benton\u012bta m\u0101ls, za\u013c\u0101 t\u0113ja un \u012bzops, kas dzi\u013ci att\u012bra \u0101du, vienlaikus saglab\u0101jot t\u0101s l\u012bdzsvaru un atsvaidzin\u0101jumu &#8211; ide\u0101li piem\u0113rots taukainai \u0101dai vai \u0101dai ar noslieci uz plankumiem.<\/p>\n<ul>\n<li>Izops ekstrakts Dabisks savelko\u0161s l\u012bdzeklis ar antibakteri\u0101l\u0101m un pretiekaisuma \u012bpa\u0161\u012bb\u0101m, kas pal\u012bdz nomierin\u0101t kairin\u0101jumu un att\u012br\u012bt \u0101du.<\/li>\n<li>Chaga s\u0113\u0146u ekstrakts Satur beta-glik\u0101nu, kas uzlabo \u0101das elast\u012bbu un dzi\u013ci mitrina \u0101du, padarot to elast\u012bgu un kuplu.<\/li>\n<li>Melno mie\u017eu ekstrakts Bag\u0101ts ar antioksidantiem un miner\u0101lviel\u0101m, tas baro sausu \u0101du un pal\u012bdz saglab\u0101t gludu, mitrin\u0101tu tekst\u016bru.<\/li>\n<li>R\u012bsu pulveris Maigi noloba atmiru\u0161\u0101s \u0101das \u0161\u016bnas un att\u012bra no net\u012brumiem, padarot poras redzami t\u012br\u0101kas un dzidr\u0101kas.<\/li>\n<\/ul>\n<p><strong>Lieto\u0161ana<\/strong>: Uz\u0146emiet nelielu daudzumu un saputojiet ar \u016bdeni, lai veidotos maigas putas<br \/>\nAr ap\u013cveida kust\u012bb\u0101m maigi iemas\u0113jiet seju, piev\u0113r\u0161ot uzman\u012bbu saus\u0101m vai lobo\u0161\u0101m viet\u0101m<br \/>\nR\u016bp\u012bgi noskalojiet ar remdenu \u016bdeni un nosusiniet.<\/p>\n<p><strong>Sast\u0101vs:<\/strong> Glycerin, Water, Sodium Cocoyl Isethionate, Prunus Amygdalus Dulcis (Sweet Almond) Seedcake Extract, Sodium Cocoyl Glycinate, Coconut Acid, 1,2-Hexanediol, Sodium Methyl Cocoyl Taurate, Oryza Sativa (Rice) Powder, Fragrance, Kaolin, Sodium Isethionate, Glyceryl Stearate, Hydroxypropyl Starch Phosphate, Xanthan Gum, Sodium Chloride, Dextrin, Ethylhexylglycerin, Gardenia Florida Fruit Extract, Camellia Sinensis Leaf Extract, Hyssopus Officinalis Extract<\/p>\n","protected":false},"excerpt":{"rendered":"<p>Arencia Blue Hyssop Rice Mochi Cleanser ir att\u012bro\u0161s att\u012bro\u0161s l\u012bdzeklis uz r\u012bsu b\u0101zes, kas att\u012bra poras, likvid\u0113 lieko sebumu un ac\u012bmredzami mazina p\u016bt\u012btes. Sast\u0101v\u0101 ir benton\u012bta m\u0101ls, za\u013c\u0101 t\u0113ja un \u012bzops, kas dzi\u013ci att\u012bra \u0101du, vienlaikus saglab\u0101jot t\u0101s l\u012bdzsvaru un atsvaidzin\u0101jumu &#8211; ide\u0101li piem\u0113rots taukainai \u0101dai vai \u0101dai ar noslieci uz plankumiem. Izops ekstrakts Dabisks [&hellip;]<\/p>\n","protected":false},"featured_media":24745,"comment_status":"open","ping_status":"closed","template":"","meta":{"site-sidebar-layout":"default","site-content-layout":"","ast-site-content-layout":"default","site-content-style":"default","site-sidebar-style":"default","ast-global-header-display":"","ast-banner-title-visibility":"","ast-main-header-display":"","ast-hfb-above-header-display":"","ast-hfb-below-header-display":"","ast-hfb-mobile-header-display":"","site-post-title":"","ast-breadcrumbs-content":"","ast-featured-img":"","footer-sml-layout":"","theme-transparent-header-meta":"default","adv-header-id-meta":"","stick-header-meta":"","header-above-stick-meta":"","header-main-stick-meta":"","header-below-stick-meta":"","astra-migrate-meta-layouts":"set","ast-page-background-enabled":"default","ast-page-background-meta":{"desktop":{"background-color":"var(--ast-global-color-4)","background-image":"","background-repeat":"repeat","background-position":"center center","background-size":"auto","background-attachment":"scroll","background-type":"","background-media":"","overlay-type":"","overlay-color":"","overlay-opacity":"","overlay-gradient":""},"tablet":{"background-color":"","background-image":"","background-repeat":"repeat","background-position":"center center","background-size":"auto","background-attachment":"scroll","background-type":"","background-media":"","overlay-type":"","overlay-color":"","overlay-opacity":"","overlay-gradient":""},"mobile":{"background-color":"","background-image":"","background-repeat":"repeat","background-position":"center center","background-size":"auto","background-attachment":"scroll","background-type":"","background-media":"","overlay-type":"","overlay-color":"","overlay-opacity":"","overlay-gradient":""}},"ast-content-background-meta":{"desktop":{"background-color":"var(--ast-global-color-5)","background-image":"","background-repeat":"repeat","background-position":"center center","background-size":"auto","background-attachment":"scroll","background-type":"","background-media":"","overlay-type":"","overlay-color":"","overlay-opacity":"","overlay-gradient":""},"tablet":{"background-color":"var(--ast-global-color-5)","background-image":"","background-repeat":"repeat","background-position":"center center","background-size":"auto","background-attachment":"scroll","background-type":"","background-media":"","overlay-type":"","overlay-color":"","overlay-opacity":"","overlay-gradient":""},"mobile":{"background-color":"var(--ast-global-color-5)","background-image":"","background-repeat":"repeat","background-position":"center center","background-size":"auto","background-attachment":"scroll","background-type":"","background-media":"","overlay-type":"","overlay-color":"","overlay-opacity":"","overlay-gradient":""}}},"product_brand":[],"product_cat":[511,310,321,311,312,317],"product_tag":[],"berocket_brand":[635],"class_list":{"0":"post-24744","1":"product","2":"type-product","3":"status-publish","4":"has-post-thumbnail","6":"product_cat-atlaides","7":"product_cat-attirisana","8":"product_cat-hidrofila-ella","9":"product_cat-jutigai-adai-attirisana","10":"product_cat-kombinetai-adai-attirisana","11":"product_cat-sausai-adai-attirisana","12":"berocket_brand-arencia","13":"desktop-align-left","14":"tablet-align-left","15":"mobile-align-left","17":"first","18":"outofstock","19":"sale","20":"taxable","21":"shipping-taxable","22":"purchasable","23":"product-type-simple","24":"add-to-wishlist-before_image"},"yoast_head":"<!-- This site is optimized with the Yoast SEO plugin v27.4 - https:\/\/yoast.com\/product\/yoast-seo-wordpress\/ -->\n<title>Arencia Blue Hyssop Rice Mochi Cleanser 120g - FACECORNER<\/title>\n<meta name=\"description\" content=\"Arencia Blue Hyssop Rice Mochi Cleanser ir att\u012bro\u0161s att\u012bro\u0161s l\u012bdzeklis uz r\u012bsu b\u0101zes, kas att\u012bra poras, likvid\u0113 lieko sebumu un ac\u012bmredzami mazina p\u016bt\u012btes.\" \/>\n<meta name=\"robots\" content=\"index, follow, max-snippet:-1, max-image-preview:large, max-video-preview:-1\" \/>\n<link rel=\"canonical\" href=\"https:\/\/www.facecorner.lv\/lv\/shop\/arencia-blue-hyssop-rice-mochi-cleanser-120g\/\" \/>\n<meta property=\"og:locale\" content=\"lv_LV\" \/>\n<meta property=\"og:type\" content=\"article\" \/>\n<meta property=\"og:title\" content=\"Arencia Blue Hyssop Rice Mochi Cleanser 120g - FACECORNER\" \/>\n<meta property=\"og:description\" content=\"Arencia Blue Hyssop Rice Mochi Cleanser ir att\u012bro\u0161s att\u012bro\u0161s l\u012bdzeklis uz r\u012bsu b\u0101zes, kas att\u012bra poras, likvid\u0113 lieko sebumu un ac\u012bmredzami mazina p\u016bt\u012btes.\" \/>\n<meta property=\"og:url\" content=\"https:\/\/www.facecorner.lv\/lv\/shop\/arencia-blue-hyssop-rice-mochi-cleanser-120g\/\" \/>\n<meta property=\"og:site_name\" content=\"FACECORNER\" \/>\n<meta property=\"article:publisher\" content=\"https:\/\/www.facebook.com\/profile.php?id=100063824551839\" \/>\n<meta property=\"article:modified_time\" content=\"2026-02-24T12:06:31+00:00\" \/>\n<meta property=\"og:image\" content=\"https:\/\/www.facecorner.lv\/wp-content\/uploads\/2025\/07\/s-l1200.jpg\" \/>\n\t<meta property=\"og:image:width\" content=\"1000\" \/>\n\t<meta property=\"og:image:height\" content=\"1000\" \/>\n\t<meta property=\"og:image:type\" content=\"image\/jpeg\" \/>\n<meta name=\"twitter:card\" content=\"summary_large_image\" \/>\n<meta name=\"twitter:label1\" content=\"Price\" \/>\n\t<meta name=\"twitter:data1\" content=\"&euro;28.90\" \/>\n\t<meta name=\"twitter:label2\" content=\"Availability\" \/>\n\t<meta name=\"twitter:data2\" content=\"Out of stock\" \/>\n<script type=\"application\/ld+json\" class=\"yoast-schema-graph\">{\"@context\":\"https:\\\/\\\/schema.org\",\"@graph\":[{\"@type\":\"WebPage\",\"@id\":\"https:\\\/\\\/www.facecorner.lv\\\/shop\\\/arencia-blue-hyssop-rice-mochi-cleanser-120g\\\/\",\"url\":\"https:\\\/\\\/www.facecorner.lv\\\/shop\\\/arencia-blue-hyssop-rice-mochi-cleanser-120g\\\/\",\"name\":\"Arencia Blue Hyssop Rice Mochi Cleanser 120g - FACECORNER\",\"isPartOf\":{\"@id\":\"https:\\\/\\\/www.facecorner.lv\\\/#website\"},\"primaryImageOfPage\":{\"@id\":\"https:\\\/\\\/www.facecorner.lv\\\/shop\\\/arencia-blue-hyssop-rice-mochi-cleanser-120g\\\/#primaryimage\"},\"image\":{\"@id\":\"https:\\\/\\\/www.facecorner.lv\\\/shop\\\/arencia-blue-hyssop-rice-mochi-cleanser-120g\\\/#primaryimage\"},\"thumbnailUrl\":\"https:\\\/\\\/www.facecorner.lv\\\/wp-content\\\/uploads\\\/2025\\\/07\\\/s-l1200.jpg\",\"datePublished\":\"2025-07-11T12:49:25+00:00\",\"dateModified\":\"2026-02-24T12:06:31+00:00\",\"description\":\"Arencia Blue Hyssop Rice Mochi Cleanser ir att\u012bro\u0161s att\u012bro\u0161s l\u012bdzeklis uz r\u012bsu b\u0101zes, kas att\u012bra poras, likvid\u0113 lieko sebumu un ac\u012bmredzami mazina p\u016bt\u012btes.\",\"breadcrumb\":{\"@id\":\"https:\\\/\\\/www.facecorner.lv\\\/shop\\\/arencia-blue-hyssop-rice-mochi-cleanser-120g\\\/#breadcrumb\"},\"inLanguage\":\"lv-LV\",\"potentialAction\":[{\"@type\":\"ReadAction\",\"target\":[\"https:\\\/\\\/www.facecorner.lv\\\/shop\\\/arencia-blue-hyssop-rice-mochi-cleanser-120g\\\/\"]}]},{\"@type\":\"ImageObject\",\"inLanguage\":\"lv-LV\",\"@id\":\"https:\\\/\\\/www.facecorner.lv\\\/shop\\\/arencia-blue-hyssop-rice-mochi-cleanser-120g\\\/#primaryimage\",\"url\":\"https:\\\/\\\/www.facecorner.lv\\\/wp-content\\\/uploads\\\/2025\\\/07\\\/s-l1200.jpg\",\"contentUrl\":\"https:\\\/\\\/www.facecorner.lv\\\/wp-content\\\/uploads\\\/2025\\\/07\\\/s-l1200.jpg\",\"width\":1000,\"height\":1000,\"caption\":\"Arencia Blue Hyssop Rice Mochi Cleanser\"},{\"@type\":\"BreadcrumbList\",\"@id\":\"https:\\\/\\\/www.facecorner.lv\\\/shop\\\/arencia-blue-hyssop-rice-mochi-cleanser-120g\\\/#breadcrumb\",\"itemListElement\":[{\"@type\":\"ListItem\",\"position\":1,\"name\":\"Home\",\"item\":\"https:\\\/\\\/www.facecorner.lv\\\/\"},{\"@type\":\"ListItem\",\"position\":2,\"name\":\"Veikals\",\"item\":\"https:\\\/\\\/www.facecorner.lv\\\/shop\\\/\"},{\"@type\":\"ListItem\",\"position\":3,\"name\":\"Arencia Blue Hyssop Rice Mochi Cleanser 120g\"}]},{\"@type\":\"WebSite\",\"@id\":\"https:\\\/\\\/www.facecorner.lv\\\/#website\",\"url\":\"https:\\\/\\\/www.facecorner.lv\\\/\",\"name\":\"Facecorner\",\"description\":\"\",\"publisher\":{\"@id\":\"https:\\\/\\\/www.facecorner.lv\\\/#organization\"},\"potentialAction\":[{\"@type\":\"SearchAction\",\"target\":{\"@type\":\"EntryPoint\",\"urlTemplate\":\"https:\\\/\\\/www.facecorner.lv\\\/?s={search_term_string}\"},\"query-input\":{\"@type\":\"PropertyValueSpecification\",\"valueRequired\":true,\"valueName\":\"search_term_string\"}}],\"inLanguage\":\"lv-LV\"},{\"@type\":\"Organization\",\"@id\":\"https:\\\/\\\/www.facecorner.lv\\\/#organization\",\"name\":\"Facecorner\",\"url\":\"https:\\\/\\\/www.facecorner.lv\\\/\",\"logo\":{\"@type\":\"ImageObject\",\"inLanguage\":\"lv-LV\",\"@id\":\"https:\\\/\\\/www.facecorner.lv\\\/#\\\/schema\\\/logo\\\/image\\\/\",\"url\":\"https:\\\/\\\/www.facecorner.lv\\\/wp-content\\\/uploads\\\/2024\\\/04\\\/fc-logo.jpg\",\"contentUrl\":\"https:\\\/\\\/www.facecorner.lv\\\/wp-content\\\/uploads\\\/2024\\\/04\\\/fc-logo.jpg\",\"width\":174,\"height\":28,\"caption\":\"Facecorner\"},\"image\":{\"@id\":\"https:\\\/\\\/www.facecorner.lv\\\/#\\\/schema\\\/logo\\\/image\\\/\"},\"sameAs\":[\"https:\\\/\\\/www.facebook.com\\\/profile.php?id=100063824551839\",\"https:\\\/\\\/www.instagram.com\\\/facecorner_shop\\\/\"]}]}<\/script>\n<meta property=\"product:price:amount\" content=\"28.90\" \/>\n<meta property=\"product:price:currency\" content=\"EUR\" \/>\n<meta property=\"og:availability\" content=\"out of stock\" \/>\n<meta property=\"product:availability\" content=\"out of stock\" \/>\n<meta property=\"product:condition\" content=\"new\" \/>\n<!-- \/ Yoast SEO plugin. -->","yoast_head_json":{"title":"Arencia Blue Hyssop Rice Mochi Cleanser 120g - FACECORNER","description":"Arencia Blue Hyssop Rice Mochi Cleanser ir att\u012bro\u0161s att\u012bro\u0161s l\u012bdzeklis uz r\u012bsu b\u0101zes, kas att\u012bra poras, likvid\u0113 lieko sebumu un ac\u012bmredzami mazina p\u016bt\u012btes.","robots":{"index":"index","follow":"follow","max-snippet":"max-snippet:-1","max-image-preview":"max-image-preview:large","max-video-preview":"max-video-preview:-1"},"canonical":"https:\/\/www.facecorner.lv\/lv\/shop\/arencia-blue-hyssop-rice-mochi-cleanser-120g\/","og_locale":"lv_LV","og_type":"article","og_title":"Arencia Blue Hyssop Rice Mochi Cleanser 120g - FACECORNER","og_description":"Arencia Blue Hyssop Rice Mochi Cleanser ir att\u012bro\u0161s att\u012bro\u0161s l\u012bdzeklis uz r\u012bsu b\u0101zes, kas att\u012bra poras, likvid\u0113 lieko sebumu un ac\u012bmredzami mazina p\u016bt\u012btes.","og_url":"https:\/\/www.facecorner.lv\/lv\/shop\/arencia-blue-hyssop-rice-mochi-cleanser-120g\/","og_site_name":"FACECORNER","article_publisher":"https:\/\/www.facebook.com\/profile.php?id=100063824551839","article_modified_time":"2026-02-24T12:06:31+00:00","og_image":[{"width":1000,"height":1000,"url":"https:\/\/www.facecorner.lv\/wp-content\/uploads\/2025\/07\/s-l1200.jpg","type":"image\/jpeg"}],"twitter_card":"summary_large_image","twitter_misc":{"Price":"&euro;28.90","Availability":"Out of stock"},"schema":{"@context":"https:\/\/schema.org","@graph":[{"@type":"WebPage","@id":"https:\/\/www.facecorner.lv\/shop\/arencia-blue-hyssop-rice-mochi-cleanser-120g\/","url":"https:\/\/www.facecorner.lv\/shop\/arencia-blue-hyssop-rice-mochi-cleanser-120g\/","name":"Arencia Blue Hyssop Rice Mochi Cleanser 120g - FACECORNER","isPartOf":{"@id":"https:\/\/www.facecorner.lv\/#website"},"primaryImageOfPage":{"@id":"https:\/\/www.facecorner.lv\/shop\/arencia-blue-hyssop-rice-mochi-cleanser-120g\/#primaryimage"},"image":{"@id":"https:\/\/www.facecorner.lv\/shop\/arencia-blue-hyssop-rice-mochi-cleanser-120g\/#primaryimage"},"thumbnailUrl":"https:\/\/www.facecorner.lv\/wp-content\/uploads\/2025\/07\/s-l1200.jpg","datePublished":"2025-07-11T12:49:25+00:00","dateModified":"2026-02-24T12:06:31+00:00","description":"Arencia Blue Hyssop Rice Mochi Cleanser ir att\u012bro\u0161s att\u012bro\u0161s l\u012bdzeklis uz r\u012bsu b\u0101zes, kas att\u012bra poras, likvid\u0113 lieko sebumu un ac\u012bmredzami mazina p\u016bt\u012btes.","breadcrumb":{"@id":"https:\/\/www.facecorner.lv\/shop\/arencia-blue-hyssop-rice-mochi-cleanser-120g\/#breadcrumb"},"inLanguage":"lv-LV","potentialAction":[{"@type":"ReadAction","target":["https:\/\/www.facecorner.lv\/shop\/arencia-blue-hyssop-rice-mochi-cleanser-120g\/"]}]},{"@type":"ImageObject","inLanguage":"lv-LV","@id":"https:\/\/www.facecorner.lv\/shop\/arencia-blue-hyssop-rice-mochi-cleanser-120g\/#primaryimage","url":"https:\/\/www.facecorner.lv\/wp-content\/uploads\/2025\/07\/s-l1200.jpg","contentUrl":"https:\/\/www.facecorner.lv\/wp-content\/uploads\/2025\/07\/s-l1200.jpg","width":1000,"height":1000,"caption":"Arencia Blue Hyssop Rice Mochi Cleanser"},{"@type":"BreadcrumbList","@id":"https:\/\/www.facecorner.lv\/shop\/arencia-blue-hyssop-rice-mochi-cleanser-120g\/#breadcrumb","itemListElement":[{"@type":"ListItem","position":1,"name":"Home","item":"https:\/\/www.facecorner.lv\/"},{"@type":"ListItem","position":2,"name":"Veikals","item":"https:\/\/www.facecorner.lv\/shop\/"},{"@type":"ListItem","position":3,"name":"Arencia Blue Hyssop Rice Mochi Cleanser 120g"}]},{"@type":"WebSite","@id":"https:\/\/www.facecorner.lv\/#website","url":"https:\/\/www.facecorner.lv\/","name":"Facecorner","description":"","publisher":{"@id":"https:\/\/www.facecorner.lv\/#organization"},"potentialAction":[{"@type":"SearchAction","target":{"@type":"EntryPoint","urlTemplate":"https:\/\/www.facecorner.lv\/?s={search_term_string}"},"query-input":{"@type":"PropertyValueSpecification","valueRequired":true,"valueName":"search_term_string"}}],"inLanguage":"lv-LV"},{"@type":"Organization","@id":"https:\/\/www.facecorner.lv\/#organization","name":"Facecorner","url":"https:\/\/www.facecorner.lv\/","logo":{"@type":"ImageObject","inLanguage":"lv-LV","@id":"https:\/\/www.facecorner.lv\/#\/schema\/logo\/image\/","url":"https:\/\/www.facecorner.lv\/wp-content\/uploads\/2024\/04\/fc-logo.jpg","contentUrl":"https:\/\/www.facecorner.lv\/wp-content\/uploads\/2024\/04\/fc-logo.jpg","width":174,"height":28,"caption":"Facecorner"},"image":{"@id":"https:\/\/www.facecorner.lv\/#\/schema\/logo\/image\/"},"sameAs":["https:\/\/www.facebook.com\/profile.php?id=100063824551839","https:\/\/www.instagram.com\/facecorner_shop\/"]}]},"product_price_amount":"28.90","product_price_currency":"EUR","og_availability":"out of stock","product_availability":"out of stock","product_condition":"new"},"_links":{"self":[{"href":"https:\/\/www.facecorner.lv\/lv\/wp-json\/wp\/v2\/product\/24744","targetHints":{"allow":["GET"]}}],"collection":[{"href":"https:\/\/www.facecorner.lv\/lv\/wp-json\/wp\/v2\/product"}],"about":[{"href":"https:\/\/www.facecorner.lv\/lv\/wp-json\/wp\/v2\/types\/product"}],"replies":[{"embeddable":true,"href":"https:\/\/www.facecorner.lv\/lv\/wp-json\/wp\/v2\/comments?post=24744"}],"wp:featuredmedia":[{"embeddable":true,"href":"https:\/\/www.facecorner.lv\/lv\/wp-json\/wp\/v2\/media\/24745"}],"wp:attachment":[{"href":"https:\/\/www.facecorner.lv\/lv\/wp-json\/wp\/v2\/media?parent=24744"}],"wp:term":[{"taxonomy":"product_brand","embeddable":true,"href":"https:\/\/www.facecorner.lv\/lv\/wp-json\/wp\/v2\/product_brand?post=24744"},{"taxonomy":"product_cat","embeddable":true,"href":"https:\/\/www.facecorner.lv\/lv\/wp-json\/wp\/v2\/product_cat?post=24744"},{"taxonomy":"product_tag","embeddable":true,"href":"https:\/\/www.facecorner.lv\/lv\/wp-json\/wp\/v2\/product_tag?post=24744"},{"taxonomy":"berocket_brand","embeddable":true,"href":"https:\/\/www.facecorner.lv\/lv\/wp-json\/wp\/v2\/berocket_brand?post=24744"}],"curies":[{"name":"wp","href":"https:\/\/api.w.org\/{rel}","templated":true}]}}