{"id":24705,"date":"2025-07-04T14:14:27","date_gmt":"2025-07-04T11:14:27","guid":{"rendered":"https:\/\/www.facecorner.lv\/?post_type=product&#038;p=24705"},"modified":"2026-01-20T11:25:35","modified_gmt":"2026-01-20T08:25:35","slug":"laneige-lip-sleeping-mask-matcha-bubble-tea-20g","status":"publish","type":"product","link":"https:\/\/www.facecorner.lv\/lv\/shop\/laneige-lip-sleeping-mask-matcha-bubble-tea-20g\/","title":{"rendered":"LANEIGE Lip Sleeping Mask Matcha Bubble Tea 20g"},"content":{"rendered":"<p>LANEIGE Lip Sleeping Mask Matcha Bubble Tea\u00a0 barojo\u0161\u0101 nakts maska m\u012bkstina, izl\u012bdzina un dzi\u013ci mitrina l\u016bpas, padarot t\u0101s maig\u0101kas un glud\u0101kas, kad pamosties!<\/p>\n<ul>\n<li>Antioksidanti: Nov\u0113r\u0161 atmiru\u0161\u0101s \u0101das \u0161\u016bnas no l\u016bp\u0101m uz nakti, padarot t\u0101s m\u012bkstas un barotas, gatavas jaunai dienai!<\/li>\n<li>C vitam\u012bns: Vitam\u012bns: aizsarg\u0101 un atdz\u012bvina l\u016bpas.<\/li>\n<li>Kokosriekstu e\u013c\u013ca: Baro un m\u012bkstina, nodro\u0161inot ilgsto\u0161u mitrin\u0101\u0161anu.<\/li>\n<\/ul>\n<p>Dzi\u013ci barotas, \u012bpa\u0161i m\u012bkstas l\u016bpas! T\u0101s ir aizsarg\u0101tas no \u0101r\u0113jiem agresoriem un mitrin\u0101tas visas dienas garum\u0101.<\/p>\n<p><strong>Lieto\u0161ana:<\/strong> vakar\u0101 ar l\u0101psti\u0146u k\u0101rt\u012bgi uzkl\u0101jiet uz l\u016bp\u0101m.<br \/>\nAtst\u0101jiet uzkl\u0101t uz nakti, uzguliet saldus sap\u0146us un viegli noslaukiet lieko daudzumu, p\u012blingojot ar pirkstu, vai not\u012briet l\u016bpas.<\/p>\n<p><strong>Sast\u0101vs:<\/strong> Diisostearyl Malate, Hydrogenated PolyisoButene, Phytosteryl\/Isostearyl\/Cetyl\/Stearyl\/Behenyl Dimer DiliNoleate, Polybutene, Hydrogenated Poly(C6-14 Olefin), MicrocrysTalline Wax \/ Cera Microcristallina \/ Cire Microcristalline, ButyroSpermum Parkii (Shea) Butter, Synthetic Wax, Ethylene\/Propylene\/ Styrene Copolymer, Sucrose Tetrastearate Triacetate, Magnesium Potassium Fluorosilicate, Fragrance \/ Parfum, Euphorbia Cerifera (Candelilla) Wax \/ Euphorbia Cerifera Cera \/ Cire De Candelilla, Candelilla Wax Esters, Astrocaryum Murumuru Seed Butter, PolyGlyceryl-2 Triisostearate, Titanium Dioxide (Ci 77891), Glyceryl CapRylate, Butylene\/Ethylene\/Styrene Copolymer, Copernicia Cerifera (Carnauba) Wax \/ Copernicia Cerifera Cera \/ Cire De Carnauba, LinaLool, Iron Oxides (Ci 77492), Dimethicone, Blue 1 Lake (Ci 42090), GeraNiol, Cocos Nucifera (Coconut) Oil, Pentaerythrityl Tetra-Di-T-Butyl Hydroxyhydrocinnamate, Ascorbic Acid, Tocopherol, Triethoxycaprylylsilane, Water \/ Aqua \/ Eau, Glycerin, PropaneDiol, Bht, Punica Granatum Fruit Juice, Rubus Idaeus (Raspberry) Juice, Vitis Vinifera (Grape) Juice.<\/p>\n","protected":false},"excerpt":{"rendered":"<p>LANEIGE Lip Sleeping Mask Matcha Bubble Tea\u00a0 barojo\u0161\u0101 nakts maska m\u012bkstina, izl\u012bdzina un dzi\u013ci mitrina l\u016bpas, padarot t\u0101s maig\u0101kas un glud\u0101kas, kad pamosties! Antioksidanti: Nov\u0113r\u0161 atmiru\u0161\u0101s \u0101das \u0161\u016bnas no l\u016bp\u0101m uz nakti, padarot t\u0101s m\u012bkstas un barotas, gatavas jaunai dienai! C vitam\u012bns: Vitam\u012bns: aizsarg\u0101 un atdz\u012bvina l\u016bpas. Kokosriekstu e\u013c\u013ca: Baro un m\u012bkstina, nodro\u0161inot ilgsto\u0161u mitrin\u0101\u0161anu. [&hellip;]<\/p>\n","protected":false},"featured_media":24706,"comment_status":"open","ping_status":"closed","template":"","meta":{"site-sidebar-layout":"default","site-content-layout":"","ast-site-content-layout":"default","site-content-style":"default","site-sidebar-style":"default","ast-global-header-display":"","ast-banner-title-visibility":"","ast-main-header-display":"","ast-hfb-above-header-display":"","ast-hfb-below-header-display":"","ast-hfb-mobile-header-display":"","site-post-title":"","ast-breadcrumbs-content":"","ast-featured-img":"","footer-sml-layout":"","theme-transparent-header-meta":"default","adv-header-id-meta":"","stick-header-meta":"","header-above-stick-meta":"","header-main-stick-meta":"","header-below-stick-meta":"","astra-migrate-meta-layouts":"set","ast-page-background-enabled":"default","ast-page-background-meta":{"desktop":{"background-color":"var(--ast-global-color-4)","background-image":"","background-repeat":"repeat","background-position":"center center","background-size":"auto","background-attachment":"scroll","background-type":"","background-media":"","overlay-type":"","overlay-color":"","overlay-opacity":"","overlay-gradient":""},"tablet":{"background-color":"","background-image":"","background-repeat":"repeat","background-position":"center center","background-size":"auto","background-attachment":"scroll","background-type":"","background-media":"","overlay-type":"","overlay-color":"","overlay-opacity":"","overlay-gradient":""},"mobile":{"background-color":"","background-image":"","background-repeat":"repeat","background-position":"center center","background-size":"auto","background-attachment":"scroll","background-type":"","background-media":"","overlay-type":"","overlay-color":"","overlay-opacity":"","overlay-gradient":""}},"ast-content-background-meta":{"desktop":{"background-color":"var(--ast-global-color-5)","background-image":"","background-repeat":"repeat","background-position":"center center","background-size":"auto","background-attachment":"scroll","background-type":"","background-media":"","overlay-type":"","overlay-color":"","overlay-opacity":"","overlay-gradient":""},"tablet":{"background-color":"var(--ast-global-color-5)","background-image":"","background-repeat":"repeat","background-position":"center center","background-size":"auto","background-attachment":"scroll","background-type":"","background-media":"","overlay-type":"","overlay-color":"","overlay-opacity":"","overlay-gradient":""},"mobile":{"background-color":"var(--ast-global-color-5)","background-image":"","background-repeat":"repeat","background-position":"center center","background-size":"auto","background-attachment":"scroll","background-type":"","background-media":"","overlay-type":"","overlay-color":"","overlay-opacity":"","overlay-gradient":""}}},"product_brand":[],"product_cat":[320],"product_tag":[],"berocket_brand":[641],"class_list":{"0":"post-24705","1":"product","2":"type-product","3":"status-publish","4":"has-post-thumbnail","6":"product_cat-lupu-kopsana","7":"berocket_brand-laneige","8":"desktop-align-left","9":"tablet-align-left","10":"mobile-align-left","12":"first","13":"instock","14":"taxable","15":"shipping-taxable","16":"purchasable","17":"product-type-simple","18":"add-to-wishlist-before_image"},"yoast_head":"<!-- This site is optimized with the Yoast SEO plugin v27.3 - https:\/\/yoast.com\/product\/yoast-seo-wordpress\/ -->\n<title>LANEIGE Lip Sleeping Mask Matcha Bubble Tea 20g - FACECORNER<\/title>\n<meta name=\"description\" content=\"LANEIGE Lip Sleeping Mask Matcha Bubble Tea\u00a0 barojo\u0161\u0101 nakts maska m\u012bkstina, izl\u012bdzina un dzi\u013ci mitrina l\u016bpas, padarot t\u0101s maig\u0101kas un glud\u0101ka\" \/>\n<meta name=\"robots\" content=\"index, follow, max-snippet:-1, max-image-preview:large, max-video-preview:-1\" \/>\n<link rel=\"canonical\" href=\"https:\/\/www.facecorner.lv\/lv\/shop\/laneige-lip-sleeping-mask-matcha-bubble-tea-20g\/\" \/>\n<meta property=\"og:locale\" content=\"lv_LV\" \/>\n<meta property=\"og:type\" content=\"article\" \/>\n<meta property=\"og:title\" content=\"LANEIGE Lip Sleeping Mask Matcha Bubble Tea 20g - FACECORNER\" \/>\n<meta property=\"og:description\" content=\"LANEIGE Lip Sleeping Mask Matcha Bubble Tea\u00a0 barojo\u0161\u0101 nakts maska m\u012bkstina, izl\u012bdzina un dzi\u013ci mitrina l\u016bpas, padarot t\u0101s maig\u0101kas un glud\u0101ka\" \/>\n<meta property=\"og:url\" content=\"https:\/\/www.facecorner.lv\/lv\/shop\/laneige-lip-sleeping-mask-matcha-bubble-tea-20g\/\" \/>\n<meta property=\"og:site_name\" content=\"FACECORNER\" \/>\n<meta property=\"article:publisher\" content=\"https:\/\/www.facebook.com\/profile.php?id=100063824551839\" \/>\n<meta property=\"article:modified_time\" content=\"2026-01-20T08:25:35+00:00\" \/>\n<meta property=\"og:image\" content=\"https:\/\/www.facecorner.lv\/wp-content\/uploads\/2025\/07\/6b2e9352df25df26668309fb4e733c579e350552_original.jpeg\" \/>\n\t<meta property=\"og:image:width\" content=\"1024\" \/>\n\t<meta property=\"og:image:height\" content=\"1024\" \/>\n\t<meta property=\"og:image:type\" content=\"image\/jpeg\" \/>\n<meta name=\"twitter:card\" content=\"summary_large_image\" \/>\n<meta name=\"twitter:label1\" content=\"Price\" \/>\n\t<meta name=\"twitter:data1\" content=\"&euro;27.00\" \/>\n\t<meta name=\"twitter:label2\" content=\"Availability\" \/>\n\t<meta name=\"twitter:data2\" content=\"In stock\" \/>\n<script type=\"application\/ld+json\" class=\"yoast-schema-graph\">{\"@context\":\"https:\\\/\\\/schema.org\",\"@graph\":[{\"@type\":\"WebPage\",\"@id\":\"https:\\\/\\\/www.facecorner.lv\\\/shop\\\/laneige-lip-sleeping-mask-matcha-bubble-tea-20g\\\/\",\"url\":\"https:\\\/\\\/www.facecorner.lv\\\/shop\\\/laneige-lip-sleeping-mask-matcha-bubble-tea-20g\\\/\",\"name\":\"LANEIGE Lip Sleeping Mask Matcha Bubble Tea 20g - FACECORNER\",\"isPartOf\":{\"@id\":\"https:\\\/\\\/www.facecorner.lv\\\/#website\"},\"primaryImageOfPage\":{\"@id\":\"https:\\\/\\\/www.facecorner.lv\\\/shop\\\/laneige-lip-sleeping-mask-matcha-bubble-tea-20g\\\/#primaryimage\"},\"image\":{\"@id\":\"https:\\\/\\\/www.facecorner.lv\\\/shop\\\/laneige-lip-sleeping-mask-matcha-bubble-tea-20g\\\/#primaryimage\"},\"thumbnailUrl\":\"https:\\\/\\\/www.facecorner.lv\\\/wp-content\\\/uploads\\\/2025\\\/07\\\/6b2e9352df25df26668309fb4e733c579e350552_original.jpeg\",\"datePublished\":\"2025-07-04T11:14:27+00:00\",\"dateModified\":\"2026-01-20T08:25:35+00:00\",\"description\":\"LANEIGE Lip Sleeping Mask Matcha Bubble Tea\u00a0 barojo\u0161\u0101 nakts maska m\u012bkstina, izl\u012bdzina un dzi\u013ci mitrina l\u016bpas, padarot t\u0101s maig\u0101kas un glud\u0101ka\",\"breadcrumb\":{\"@id\":\"https:\\\/\\\/www.facecorner.lv\\\/shop\\\/laneige-lip-sleeping-mask-matcha-bubble-tea-20g\\\/#breadcrumb\"},\"inLanguage\":\"lv-LV\",\"potentialAction\":[{\"@type\":\"ReadAction\",\"target\":[\"https:\\\/\\\/www.facecorner.lv\\\/shop\\\/laneige-lip-sleeping-mask-matcha-bubble-tea-20g\\\/\"]}]},{\"@type\":\"ImageObject\",\"inLanguage\":\"lv-LV\",\"@id\":\"https:\\\/\\\/www.facecorner.lv\\\/shop\\\/laneige-lip-sleeping-mask-matcha-bubble-tea-20g\\\/#primaryimage\",\"url\":\"https:\\\/\\\/www.facecorner.lv\\\/wp-content\\\/uploads\\\/2025\\\/07\\\/6b2e9352df25df26668309fb4e733c579e350552_original.jpeg\",\"contentUrl\":\"https:\\\/\\\/www.facecorner.lv\\\/wp-content\\\/uploads\\\/2025\\\/07\\\/6b2e9352df25df26668309fb4e733c579e350552_original.jpeg\",\"width\":1024,\"height\":1024,\"caption\":\"LANEIGE Lip Sleeping Mask Matcha Bubble Tea 20g\"},{\"@type\":\"BreadcrumbList\",\"@id\":\"https:\\\/\\\/www.facecorner.lv\\\/shop\\\/laneige-lip-sleeping-mask-matcha-bubble-tea-20g\\\/#breadcrumb\",\"itemListElement\":[{\"@type\":\"ListItem\",\"position\":1,\"name\":\"Home\",\"item\":\"https:\\\/\\\/www.facecorner.lv\\\/\"},{\"@type\":\"ListItem\",\"position\":2,\"name\":\"Veikals\",\"item\":\"https:\\\/\\\/www.facecorner.lv\\\/shop\\\/\"},{\"@type\":\"ListItem\",\"position\":3,\"name\":\"LANEIGE Lip Sleeping Mask Matcha Bubble Tea 20g\"}]},{\"@type\":\"WebSite\",\"@id\":\"https:\\\/\\\/www.facecorner.lv\\\/#website\",\"url\":\"https:\\\/\\\/www.facecorner.lv\\\/\",\"name\":\"Facecorner\",\"description\":\"\",\"publisher\":{\"@id\":\"https:\\\/\\\/www.facecorner.lv\\\/#organization\"},\"potentialAction\":[{\"@type\":\"SearchAction\",\"target\":{\"@type\":\"EntryPoint\",\"urlTemplate\":\"https:\\\/\\\/www.facecorner.lv\\\/?s={search_term_string}\"},\"query-input\":{\"@type\":\"PropertyValueSpecification\",\"valueRequired\":true,\"valueName\":\"search_term_string\"}}],\"inLanguage\":\"lv-LV\"},{\"@type\":\"Organization\",\"@id\":\"https:\\\/\\\/www.facecorner.lv\\\/#organization\",\"name\":\"Facecorner\",\"url\":\"https:\\\/\\\/www.facecorner.lv\\\/\",\"logo\":{\"@type\":\"ImageObject\",\"inLanguage\":\"lv-LV\",\"@id\":\"https:\\\/\\\/www.facecorner.lv\\\/#\\\/schema\\\/logo\\\/image\\\/\",\"url\":\"https:\\\/\\\/www.facecorner.lv\\\/wp-content\\\/uploads\\\/2024\\\/04\\\/fc-logo.jpg\",\"contentUrl\":\"https:\\\/\\\/www.facecorner.lv\\\/wp-content\\\/uploads\\\/2024\\\/04\\\/fc-logo.jpg\",\"width\":174,\"height\":28,\"caption\":\"Facecorner\"},\"image\":{\"@id\":\"https:\\\/\\\/www.facecorner.lv\\\/#\\\/schema\\\/logo\\\/image\\\/\"},\"sameAs\":[\"https:\\\/\\\/www.facebook.com\\\/profile.php?id=100063824551839\",\"https:\\\/\\\/www.instagram.com\\\/facecorner_shop\\\/\"]}]}<\/script>\n<meta property=\"product:price:amount\" content=\"27.00\" \/>\n<meta property=\"product:price:currency\" content=\"EUR\" \/>\n<meta property=\"og:availability\" content=\"instock\" \/>\n<meta property=\"product:availability\" content=\"instock\" \/>\n<meta property=\"product:condition\" content=\"new\" \/>\n<!-- \/ Yoast SEO plugin. -->","yoast_head_json":{"title":"LANEIGE Lip Sleeping Mask Matcha Bubble Tea 20g - FACECORNER","description":"LANEIGE Lip Sleeping Mask Matcha Bubble Tea\u00a0 barojo\u0161\u0101 nakts maska m\u012bkstina, izl\u012bdzina un dzi\u013ci mitrina l\u016bpas, padarot t\u0101s maig\u0101kas un glud\u0101ka","robots":{"index":"index","follow":"follow","max-snippet":"max-snippet:-1","max-image-preview":"max-image-preview:large","max-video-preview":"max-video-preview:-1"},"canonical":"https:\/\/www.facecorner.lv\/lv\/shop\/laneige-lip-sleeping-mask-matcha-bubble-tea-20g\/","og_locale":"lv_LV","og_type":"article","og_title":"LANEIGE Lip Sleeping Mask Matcha Bubble Tea 20g - FACECORNER","og_description":"LANEIGE Lip Sleeping Mask Matcha Bubble Tea\u00a0 barojo\u0161\u0101 nakts maska m\u012bkstina, izl\u012bdzina un dzi\u013ci mitrina l\u016bpas, padarot t\u0101s maig\u0101kas un glud\u0101ka","og_url":"https:\/\/www.facecorner.lv\/lv\/shop\/laneige-lip-sleeping-mask-matcha-bubble-tea-20g\/","og_site_name":"FACECORNER","article_publisher":"https:\/\/www.facebook.com\/profile.php?id=100063824551839","article_modified_time":"2026-01-20T08:25:35+00:00","og_image":[{"width":1024,"height":1024,"url":"https:\/\/www.facecorner.lv\/wp-content\/uploads\/2025\/07\/6b2e9352df25df26668309fb4e733c579e350552_original.jpeg","type":"image\/jpeg"}],"twitter_card":"summary_large_image","twitter_misc":{"Price":"&euro;27.00","Availability":"In stock"},"schema":{"@context":"https:\/\/schema.org","@graph":[{"@type":"WebPage","@id":"https:\/\/www.facecorner.lv\/shop\/laneige-lip-sleeping-mask-matcha-bubble-tea-20g\/","url":"https:\/\/www.facecorner.lv\/shop\/laneige-lip-sleeping-mask-matcha-bubble-tea-20g\/","name":"LANEIGE Lip Sleeping Mask Matcha Bubble Tea 20g - FACECORNER","isPartOf":{"@id":"https:\/\/www.facecorner.lv\/#website"},"primaryImageOfPage":{"@id":"https:\/\/www.facecorner.lv\/shop\/laneige-lip-sleeping-mask-matcha-bubble-tea-20g\/#primaryimage"},"image":{"@id":"https:\/\/www.facecorner.lv\/shop\/laneige-lip-sleeping-mask-matcha-bubble-tea-20g\/#primaryimage"},"thumbnailUrl":"https:\/\/www.facecorner.lv\/wp-content\/uploads\/2025\/07\/6b2e9352df25df26668309fb4e733c579e350552_original.jpeg","datePublished":"2025-07-04T11:14:27+00:00","dateModified":"2026-01-20T08:25:35+00:00","description":"LANEIGE Lip Sleeping Mask Matcha Bubble Tea\u00a0 barojo\u0161\u0101 nakts maska m\u012bkstina, izl\u012bdzina un dzi\u013ci mitrina l\u016bpas, padarot t\u0101s maig\u0101kas un glud\u0101ka","breadcrumb":{"@id":"https:\/\/www.facecorner.lv\/shop\/laneige-lip-sleeping-mask-matcha-bubble-tea-20g\/#breadcrumb"},"inLanguage":"lv-LV","potentialAction":[{"@type":"ReadAction","target":["https:\/\/www.facecorner.lv\/shop\/laneige-lip-sleeping-mask-matcha-bubble-tea-20g\/"]}]},{"@type":"ImageObject","inLanguage":"lv-LV","@id":"https:\/\/www.facecorner.lv\/shop\/laneige-lip-sleeping-mask-matcha-bubble-tea-20g\/#primaryimage","url":"https:\/\/www.facecorner.lv\/wp-content\/uploads\/2025\/07\/6b2e9352df25df26668309fb4e733c579e350552_original.jpeg","contentUrl":"https:\/\/www.facecorner.lv\/wp-content\/uploads\/2025\/07\/6b2e9352df25df26668309fb4e733c579e350552_original.jpeg","width":1024,"height":1024,"caption":"LANEIGE Lip Sleeping Mask Matcha Bubble Tea 20g"},{"@type":"BreadcrumbList","@id":"https:\/\/www.facecorner.lv\/shop\/laneige-lip-sleeping-mask-matcha-bubble-tea-20g\/#breadcrumb","itemListElement":[{"@type":"ListItem","position":1,"name":"Home","item":"https:\/\/www.facecorner.lv\/"},{"@type":"ListItem","position":2,"name":"Veikals","item":"https:\/\/www.facecorner.lv\/shop\/"},{"@type":"ListItem","position":3,"name":"LANEIGE Lip Sleeping Mask Matcha Bubble Tea 20g"}]},{"@type":"WebSite","@id":"https:\/\/www.facecorner.lv\/#website","url":"https:\/\/www.facecorner.lv\/","name":"Facecorner","description":"","publisher":{"@id":"https:\/\/www.facecorner.lv\/#organization"},"potentialAction":[{"@type":"SearchAction","target":{"@type":"EntryPoint","urlTemplate":"https:\/\/www.facecorner.lv\/?s={search_term_string}"},"query-input":{"@type":"PropertyValueSpecification","valueRequired":true,"valueName":"search_term_string"}}],"inLanguage":"lv-LV"},{"@type":"Organization","@id":"https:\/\/www.facecorner.lv\/#organization","name":"Facecorner","url":"https:\/\/www.facecorner.lv\/","logo":{"@type":"ImageObject","inLanguage":"lv-LV","@id":"https:\/\/www.facecorner.lv\/#\/schema\/logo\/image\/","url":"https:\/\/www.facecorner.lv\/wp-content\/uploads\/2024\/04\/fc-logo.jpg","contentUrl":"https:\/\/www.facecorner.lv\/wp-content\/uploads\/2024\/04\/fc-logo.jpg","width":174,"height":28,"caption":"Facecorner"},"image":{"@id":"https:\/\/www.facecorner.lv\/#\/schema\/logo\/image\/"},"sameAs":["https:\/\/www.facebook.com\/profile.php?id=100063824551839","https:\/\/www.instagram.com\/facecorner_shop\/"]}]},"product_price_amount":"27.00","product_price_currency":"EUR","og_availability":"instock","product_availability":"instock","product_condition":"new"},"_links":{"self":[{"href":"https:\/\/www.facecorner.lv\/lv\/wp-json\/wp\/v2\/product\/24705","targetHints":{"allow":["GET"]}}],"collection":[{"href":"https:\/\/www.facecorner.lv\/lv\/wp-json\/wp\/v2\/product"}],"about":[{"href":"https:\/\/www.facecorner.lv\/lv\/wp-json\/wp\/v2\/types\/product"}],"replies":[{"embeddable":true,"href":"https:\/\/www.facecorner.lv\/lv\/wp-json\/wp\/v2\/comments?post=24705"}],"wp:featuredmedia":[{"embeddable":true,"href":"https:\/\/www.facecorner.lv\/lv\/wp-json\/wp\/v2\/media\/24706"}],"wp:attachment":[{"href":"https:\/\/www.facecorner.lv\/lv\/wp-json\/wp\/v2\/media?parent=24705"}],"wp:term":[{"taxonomy":"product_brand","embeddable":true,"href":"https:\/\/www.facecorner.lv\/lv\/wp-json\/wp\/v2\/product_brand?post=24705"},{"taxonomy":"product_cat","embeddable":true,"href":"https:\/\/www.facecorner.lv\/lv\/wp-json\/wp\/v2\/product_cat?post=24705"},{"taxonomy":"product_tag","embeddable":true,"href":"https:\/\/www.facecorner.lv\/lv\/wp-json\/wp\/v2\/product_tag?post=24705"},{"taxonomy":"berocket_brand","embeddable":true,"href":"https:\/\/www.facecorner.lv\/lv\/wp-json\/wp\/v2\/berocket_brand?post=24705"}],"curies":[{"name":"wp","href":"https:\/\/api.w.org\/{rel}","templated":true}]}}