{"id":24702,"date":"2025-07-04T14:03:00","date_gmt":"2025-07-04T11:03:00","guid":{"rendered":"https:\/\/www.facecorner.lv\/?post_type=product&#038;p=24702"},"modified":"2025-08-12T15:11:04","modified_gmt":"2025-08-12T12:11:04","slug":"laneige-lip-sleeping-mask-taro-bubble-tea-20g","status":"publish","type":"product","link":"https:\/\/www.facecorner.lv\/lv\/shop\/laneige-lip-sleeping-mask-taro-bubble-tea-20g\/","title":{"rendered":"LANEIGE Lip Sleeping Mask Taro Bubble Tea 20g"},"content":{"rendered":"<p>LANEIGE Lip Sleeping Mask Taro Bubble Tea \u00a0ir laidis klaj\u0101 v\u0113l vienu nakts maskas vari\u0101ciju &#8211; Taro burbu\u013ct\u0113ju<\/p>\n<ul>\n<li>Atjauno\u0161ana. Maska akt\u012bvi atjauno maigo l\u016bpu \u0101du, dzied\u0113 mikroplaisas, aizpilda visus nel\u012bdzenumus, izl\u012bdzina grumbas, atgrie\u017eot \u0101dai skaistu formu un padarot to gludu, l\u012bdzenu un koptu.<\/li>\n<li>\u0100rstniecisk\u0101 iedarb\u012bba. Maska blo\u0137\u0113 patog\u0113nos mikroorganismus, aptur mikrobu vairo\u0161anos, veido harmonisku mikrofloru un uzlabo vielmai\u0146u.<\/li>\n<li>M\u012bksta tekst\u016bra. Maskai ir bl\u012bva \u017eelejveida kr\u0113ma konsistence, t\u0101p\u0113c t\u0101 labi kl\u0101jas uz l\u016bp\u0101m, vienm\u0113r\u012bgi sadal\u0101s un \u0101tri uzs\u016bcas, neatst\u0101jot taukain\u012bbu, lip\u012bgumu un diskomfortu.<\/li>\n<\/ul>\n<p><strong>Lieto\u0161ana<\/strong>: Nospiediet nedaudz maskas un uzkl\u0101jiet uz l\u016bpu virsmas, nep\u0101rsniedzot kont\u016bras. Vienm\u0113r\u012bgi izl\u012bdziniet l\u012bdzekli un ar maig\u0101m kust\u012bb\u0101m ieberz\u0113jiet.<\/p>\n<p><strong>Sast\u0101vs:<\/strong> Diisostearyl Malate, Hydrogenated PolyisoButene, Phytosteryl\/Isostearyl\/Cetyl\/Stearyl\/Behenyl Dimer DiliNoleate, Polybutene, Hydrogenated Poly(C6-14 Olefin), MicrocrysTalline Wax \/ Cera Microcristallina \/ Cire Microcristalline, ButyroSpermum Parkii (Shea) Butter, Synthetic Wax, Ethylene\/Propylene\/ Styrene Copolymer, Sucrose Tetrastearate Triacetate, Magnesium Potassium Fluorosilicate, Fragrance \/ Parfum, Euphorbia Cerifera (Candelilla) Wax \/ Euphorbia Cerifera Cera \/ Cire De Candelilla, Candelilla Wax Esters, Astrocaryum Murumuru Seed Butter, PolyGlyceryl-2 Triisostearate, Titanium Dioxide (Ci 77891), Glyceryl CapRylate, Butylene\/Ethylene\/Styrene Copolymer, Copernicia Cerifera (Carnauba) Wax \/ Copernicia Cerifera Cera \/ Cire De Carnauba, LinaLool, Iron Oxides (Ci 77492), Dimethicone, Blue 1 Lake (Ci 42090), GeraNiol, Cocos Nucifera (Coconut) Oil, Pentaerythrityl Tetra-Di-T-Butyl Hydroxyhydrocinnamate, Ascorbic Acid, Tocopherol, Triethoxycaprylylsilane, Water \/ Aqua \/ Eau, Glycerin, PropaneDiol, Bht, Punica Granatum Fruit Juice, Rubus Idaeus (Raspberry) Juice, Vitis Vinifera (Grape) Juice.<\/p>\n","protected":false},"excerpt":{"rendered":"<p>LANEIGE Lip Sleeping Mask Taro Bubble Tea \u00a0ir laidis klaj\u0101 v\u0113l vienu nakts maskas vari\u0101ciju &#8211; Taro burbu\u013ct\u0113ju<\/p>\n","protected":false},"featured_media":24703,"comment_status":"open","ping_status":"closed","template":"","meta":{"site-sidebar-layout":"default","site-content-layout":"","ast-site-content-layout":"default","site-content-style":"default","site-sidebar-style":"default","ast-global-header-display":"","ast-banner-title-visibility":"","ast-main-header-display":"","ast-hfb-above-header-display":"","ast-hfb-below-header-display":"","ast-hfb-mobile-header-display":"","site-post-title":"","ast-breadcrumbs-content":"","ast-featured-img":"","footer-sml-layout":"","theme-transparent-header-meta":"default","adv-header-id-meta":"","stick-header-meta":"","header-above-stick-meta":"","header-main-stick-meta":"","header-below-stick-meta":"","astra-migrate-meta-layouts":"set","ast-page-background-enabled":"default","ast-page-background-meta":{"desktop":{"background-color":"var(--ast-global-color-4)","background-image":"","background-repeat":"repeat","background-position":"center center","background-size":"auto","background-attachment":"scroll","background-type":"","background-media":"","overlay-type":"","overlay-color":"","overlay-opacity":"","overlay-gradient":""},"tablet":{"background-color":"","background-image":"","background-repeat":"repeat","background-position":"center center","background-size":"auto","background-attachment":"scroll","background-type":"","background-media":"","overlay-type":"","overlay-color":"","overlay-opacity":"","overlay-gradient":""},"mobile":{"background-color":"","background-image":"","background-repeat":"repeat","background-position":"center center","background-size":"auto","background-attachment":"scroll","background-type":"","background-media":"","overlay-type":"","overlay-color":"","overlay-opacity":"","overlay-gradient":""}},"ast-content-background-meta":{"desktop":{"background-color":"var(--ast-global-color-5)","background-image":"","background-repeat":"repeat","background-position":"center center","background-size":"auto","background-attachment":"scroll","background-type":"","background-media":"","overlay-type":"","overlay-color":"","overlay-opacity":"","overlay-gradient":""},"tablet":{"background-color":"var(--ast-global-color-5)","background-image":"","background-repeat":"repeat","background-position":"center center","background-size":"auto","background-attachment":"scroll","background-type":"","background-media":"","overlay-type":"","overlay-color":"","overlay-opacity":"","overlay-gradient":""},"mobile":{"background-color":"var(--ast-global-color-5)","background-image":"","background-repeat":"repeat","background-position":"center center","background-size":"auto","background-attachment":"scroll","background-type":"","background-media":"","overlay-type":"","overlay-color":"","overlay-opacity":"","overlay-gradient":""}}},"product_brand":[],"product_cat":[320],"product_tag":[],"berocket_brand":[641],"class_list":{"0":"post-24702","1":"product","2":"type-product","3":"status-publish","4":"has-post-thumbnail","6":"product_cat-lupu-kopsana","7":"berocket_brand-laneige","8":"desktop-align-left","9":"tablet-align-left","10":"mobile-align-left","12":"first","13":"instock","14":"taxable","15":"shipping-taxable","16":"purchasable","17":"product-type-simple","18":"add-to-wishlist-before_image"},"yoast_head":"<!-- This site is optimized with the Yoast SEO plugin v27.3 - https:\/\/yoast.com\/product\/yoast-seo-wordpress\/ -->\n<title>LANEIGE Lip Sleeping Mask Taro Bubble Tea 20g - FACECORNER<\/title>\n<meta name=\"description\" content=\"LANEIGE Lip Sleeping Mask Taro Bubble Tea \u00a0ir laidis klaj\u0101 v\u0113l vienu nakts maskas vari\u0101ciju - Taro burbu\u013ct\u0113ju.aska akt\u012bvi atjauno maigo l\u016bpu \u0101du, dzied\u0113\" \/>\n<meta name=\"robots\" content=\"index, follow, max-snippet:-1, max-image-preview:large, max-video-preview:-1\" \/>\n<link rel=\"canonical\" href=\"https:\/\/www.facecorner.lv\/lv\/shop\/laneige-lip-sleeping-mask-taro-bubble-tea-20g\/\" \/>\n<meta property=\"og:locale\" content=\"lv_LV\" \/>\n<meta property=\"og:type\" content=\"article\" \/>\n<meta property=\"og:title\" content=\"LANEIGE Lip Sleeping Mask Taro Bubble Tea 20g - FACECORNER\" \/>\n<meta property=\"og:description\" content=\"LANEIGE Lip Sleeping Mask Taro Bubble Tea \u00a0ir laidis klaj\u0101 v\u0113l vienu nakts maskas vari\u0101ciju - Taro burbu\u013ct\u0113ju.aska akt\u012bvi atjauno maigo l\u016bpu \u0101du, dzied\u0113\" \/>\n<meta property=\"og:url\" content=\"https:\/\/www.facecorner.lv\/lv\/shop\/laneige-lip-sleeping-mask-taro-bubble-tea-20g\/\" \/>\n<meta property=\"og:site_name\" content=\"FACECORNER\" \/>\n<meta property=\"article:publisher\" content=\"https:\/\/www.facebook.com\/profile.php?id=100063824551839\" \/>\n<meta property=\"article:modified_time\" content=\"2025-08-12T12:11:04+00:00\" \/>\n<meta property=\"og:image\" content=\"https:\/\/www.facecorner.lv\/wp-content\/uploads\/2025\/07\/0c69b71ce1f1a4c5258494a5cc3d340640b44a9b3f09a8695e342c84db346f45.jpg\" \/>\n\t<meta property=\"og:image:width\" content=\"1000\" \/>\n\t<meta property=\"og:image:height\" content=\"1000\" \/>\n\t<meta property=\"og:image:type\" content=\"image\/jpeg\" \/>\n<meta name=\"twitter:card\" content=\"summary_large_image\" \/>\n<meta name=\"twitter:label1\" content=\"Price\" \/>\n\t<meta name=\"twitter:data1\" content=\"&euro;27.00\" \/>\n\t<meta name=\"twitter:label2\" content=\"Availability\" \/>\n\t<meta name=\"twitter:data2\" content=\"In stock\" \/>\n<script type=\"application\/ld+json\" class=\"yoast-schema-graph\">{\"@context\":\"https:\\\/\\\/schema.org\",\"@graph\":[{\"@type\":\"WebPage\",\"@id\":\"https:\\\/\\\/www.facecorner.lv\\\/shop\\\/laneige-lip-sleeping-mask-taro-bubble-tea-20g\\\/\",\"url\":\"https:\\\/\\\/www.facecorner.lv\\\/shop\\\/laneige-lip-sleeping-mask-taro-bubble-tea-20g\\\/\",\"name\":\"LANEIGE Lip Sleeping Mask Taro Bubble Tea 20g - FACECORNER\",\"isPartOf\":{\"@id\":\"https:\\\/\\\/www.facecorner.lv\\\/#website\"},\"primaryImageOfPage\":{\"@id\":\"https:\\\/\\\/www.facecorner.lv\\\/shop\\\/laneige-lip-sleeping-mask-taro-bubble-tea-20g\\\/#primaryimage\"},\"image\":{\"@id\":\"https:\\\/\\\/www.facecorner.lv\\\/shop\\\/laneige-lip-sleeping-mask-taro-bubble-tea-20g\\\/#primaryimage\"},\"thumbnailUrl\":\"https:\\\/\\\/www.facecorner.lv\\\/wp-content\\\/uploads\\\/2025\\\/07\\\/0c69b71ce1f1a4c5258494a5cc3d340640b44a9b3f09a8695e342c84db346f45.jpg\",\"datePublished\":\"2025-07-04T11:03:00+00:00\",\"dateModified\":\"2025-08-12T12:11:04+00:00\",\"description\":\"LANEIGE Lip Sleeping Mask Taro Bubble Tea \u00a0ir laidis klaj\u0101 v\u0113l vienu nakts maskas vari\u0101ciju - Taro burbu\u013ct\u0113ju.aska akt\u012bvi atjauno maigo l\u016bpu \u0101du, dzied\u0113\",\"breadcrumb\":{\"@id\":\"https:\\\/\\\/www.facecorner.lv\\\/shop\\\/laneige-lip-sleeping-mask-taro-bubble-tea-20g\\\/#breadcrumb\"},\"inLanguage\":\"lv-LV\",\"potentialAction\":[{\"@type\":\"ReadAction\",\"target\":[\"https:\\\/\\\/www.facecorner.lv\\\/shop\\\/laneige-lip-sleeping-mask-taro-bubble-tea-20g\\\/\"]}]},{\"@type\":\"ImageObject\",\"inLanguage\":\"lv-LV\",\"@id\":\"https:\\\/\\\/www.facecorner.lv\\\/shop\\\/laneige-lip-sleeping-mask-taro-bubble-tea-20g\\\/#primaryimage\",\"url\":\"https:\\\/\\\/www.facecorner.lv\\\/wp-content\\\/uploads\\\/2025\\\/07\\\/0c69b71ce1f1a4c5258494a5cc3d340640b44a9b3f09a8695e342c84db346f45.jpg\",\"contentUrl\":\"https:\\\/\\\/www.facecorner.lv\\\/wp-content\\\/uploads\\\/2025\\\/07\\\/0c69b71ce1f1a4c5258494a5cc3d340640b44a9b3f09a8695e342c84db346f45.jpg\",\"width\":1000,\"height\":1000,\"caption\":\"LANEIGE Lip Sleeping Mask Taro Bubble Tea\"},{\"@type\":\"BreadcrumbList\",\"@id\":\"https:\\\/\\\/www.facecorner.lv\\\/shop\\\/laneige-lip-sleeping-mask-taro-bubble-tea-20g\\\/#breadcrumb\",\"itemListElement\":[{\"@type\":\"ListItem\",\"position\":1,\"name\":\"Home\",\"item\":\"https:\\\/\\\/www.facecorner.lv\\\/\"},{\"@type\":\"ListItem\",\"position\":2,\"name\":\"Veikals\",\"item\":\"https:\\\/\\\/www.facecorner.lv\\\/shop\\\/\"},{\"@type\":\"ListItem\",\"position\":3,\"name\":\"LANEIGE Lip Sleeping Mask Taro Bubble Tea 20g\"}]},{\"@type\":\"WebSite\",\"@id\":\"https:\\\/\\\/www.facecorner.lv\\\/#website\",\"url\":\"https:\\\/\\\/www.facecorner.lv\\\/\",\"name\":\"Facecorner\",\"description\":\"\",\"publisher\":{\"@id\":\"https:\\\/\\\/www.facecorner.lv\\\/#organization\"},\"potentialAction\":[{\"@type\":\"SearchAction\",\"target\":{\"@type\":\"EntryPoint\",\"urlTemplate\":\"https:\\\/\\\/www.facecorner.lv\\\/?s={search_term_string}\"},\"query-input\":{\"@type\":\"PropertyValueSpecification\",\"valueRequired\":true,\"valueName\":\"search_term_string\"}}],\"inLanguage\":\"lv-LV\"},{\"@type\":\"Organization\",\"@id\":\"https:\\\/\\\/www.facecorner.lv\\\/#organization\",\"name\":\"Facecorner\",\"url\":\"https:\\\/\\\/www.facecorner.lv\\\/\",\"logo\":{\"@type\":\"ImageObject\",\"inLanguage\":\"lv-LV\",\"@id\":\"https:\\\/\\\/www.facecorner.lv\\\/#\\\/schema\\\/logo\\\/image\\\/\",\"url\":\"https:\\\/\\\/www.facecorner.lv\\\/wp-content\\\/uploads\\\/2024\\\/04\\\/fc-logo.jpg\",\"contentUrl\":\"https:\\\/\\\/www.facecorner.lv\\\/wp-content\\\/uploads\\\/2024\\\/04\\\/fc-logo.jpg\",\"width\":174,\"height\":28,\"caption\":\"Facecorner\"},\"image\":{\"@id\":\"https:\\\/\\\/www.facecorner.lv\\\/#\\\/schema\\\/logo\\\/image\\\/\"},\"sameAs\":[\"https:\\\/\\\/www.facebook.com\\\/profile.php?id=100063824551839\",\"https:\\\/\\\/www.instagram.com\\\/facecorner_shop\\\/\"]}]}<\/script>\n<meta property=\"product:price:amount\" content=\"27.00\" \/>\n<meta property=\"product:price:currency\" content=\"EUR\" \/>\n<meta property=\"og:availability\" content=\"instock\" \/>\n<meta property=\"product:availability\" content=\"instock\" \/>\n<meta property=\"product:condition\" content=\"new\" \/>\n<!-- \/ Yoast SEO plugin. -->","yoast_head_json":{"title":"LANEIGE Lip Sleeping Mask Taro Bubble Tea 20g - FACECORNER","description":"LANEIGE Lip Sleeping Mask Taro Bubble Tea \u00a0ir laidis klaj\u0101 v\u0113l vienu nakts maskas vari\u0101ciju - Taro burbu\u013ct\u0113ju.aska akt\u012bvi atjauno maigo l\u016bpu \u0101du, dzied\u0113","robots":{"index":"index","follow":"follow","max-snippet":"max-snippet:-1","max-image-preview":"max-image-preview:large","max-video-preview":"max-video-preview:-1"},"canonical":"https:\/\/www.facecorner.lv\/lv\/shop\/laneige-lip-sleeping-mask-taro-bubble-tea-20g\/","og_locale":"lv_LV","og_type":"article","og_title":"LANEIGE Lip Sleeping Mask Taro Bubble Tea 20g - FACECORNER","og_description":"LANEIGE Lip Sleeping Mask Taro Bubble Tea \u00a0ir laidis klaj\u0101 v\u0113l vienu nakts maskas vari\u0101ciju - Taro burbu\u013ct\u0113ju.aska akt\u012bvi atjauno maigo l\u016bpu \u0101du, dzied\u0113","og_url":"https:\/\/www.facecorner.lv\/lv\/shop\/laneige-lip-sleeping-mask-taro-bubble-tea-20g\/","og_site_name":"FACECORNER","article_publisher":"https:\/\/www.facebook.com\/profile.php?id=100063824551839","article_modified_time":"2025-08-12T12:11:04+00:00","og_image":[{"width":1000,"height":1000,"url":"https:\/\/www.facecorner.lv\/wp-content\/uploads\/2025\/07\/0c69b71ce1f1a4c5258494a5cc3d340640b44a9b3f09a8695e342c84db346f45.jpg","type":"image\/jpeg"}],"twitter_card":"summary_large_image","twitter_misc":{"Price":"&euro;27.00","Availability":"In stock"},"schema":{"@context":"https:\/\/schema.org","@graph":[{"@type":"WebPage","@id":"https:\/\/www.facecorner.lv\/shop\/laneige-lip-sleeping-mask-taro-bubble-tea-20g\/","url":"https:\/\/www.facecorner.lv\/shop\/laneige-lip-sleeping-mask-taro-bubble-tea-20g\/","name":"LANEIGE Lip Sleeping Mask Taro Bubble Tea 20g - FACECORNER","isPartOf":{"@id":"https:\/\/www.facecorner.lv\/#website"},"primaryImageOfPage":{"@id":"https:\/\/www.facecorner.lv\/shop\/laneige-lip-sleeping-mask-taro-bubble-tea-20g\/#primaryimage"},"image":{"@id":"https:\/\/www.facecorner.lv\/shop\/laneige-lip-sleeping-mask-taro-bubble-tea-20g\/#primaryimage"},"thumbnailUrl":"https:\/\/www.facecorner.lv\/wp-content\/uploads\/2025\/07\/0c69b71ce1f1a4c5258494a5cc3d340640b44a9b3f09a8695e342c84db346f45.jpg","datePublished":"2025-07-04T11:03:00+00:00","dateModified":"2025-08-12T12:11:04+00:00","description":"LANEIGE Lip Sleeping Mask Taro Bubble Tea \u00a0ir laidis klaj\u0101 v\u0113l vienu nakts maskas vari\u0101ciju - Taro burbu\u013ct\u0113ju.aska akt\u012bvi atjauno maigo l\u016bpu \u0101du, dzied\u0113","breadcrumb":{"@id":"https:\/\/www.facecorner.lv\/shop\/laneige-lip-sleeping-mask-taro-bubble-tea-20g\/#breadcrumb"},"inLanguage":"lv-LV","potentialAction":[{"@type":"ReadAction","target":["https:\/\/www.facecorner.lv\/shop\/laneige-lip-sleeping-mask-taro-bubble-tea-20g\/"]}]},{"@type":"ImageObject","inLanguage":"lv-LV","@id":"https:\/\/www.facecorner.lv\/shop\/laneige-lip-sleeping-mask-taro-bubble-tea-20g\/#primaryimage","url":"https:\/\/www.facecorner.lv\/wp-content\/uploads\/2025\/07\/0c69b71ce1f1a4c5258494a5cc3d340640b44a9b3f09a8695e342c84db346f45.jpg","contentUrl":"https:\/\/www.facecorner.lv\/wp-content\/uploads\/2025\/07\/0c69b71ce1f1a4c5258494a5cc3d340640b44a9b3f09a8695e342c84db346f45.jpg","width":1000,"height":1000,"caption":"LANEIGE Lip Sleeping Mask Taro Bubble Tea"},{"@type":"BreadcrumbList","@id":"https:\/\/www.facecorner.lv\/shop\/laneige-lip-sleeping-mask-taro-bubble-tea-20g\/#breadcrumb","itemListElement":[{"@type":"ListItem","position":1,"name":"Home","item":"https:\/\/www.facecorner.lv\/"},{"@type":"ListItem","position":2,"name":"Veikals","item":"https:\/\/www.facecorner.lv\/shop\/"},{"@type":"ListItem","position":3,"name":"LANEIGE Lip Sleeping Mask Taro Bubble Tea 20g"}]},{"@type":"WebSite","@id":"https:\/\/www.facecorner.lv\/#website","url":"https:\/\/www.facecorner.lv\/","name":"Facecorner","description":"","publisher":{"@id":"https:\/\/www.facecorner.lv\/#organization"},"potentialAction":[{"@type":"SearchAction","target":{"@type":"EntryPoint","urlTemplate":"https:\/\/www.facecorner.lv\/?s={search_term_string}"},"query-input":{"@type":"PropertyValueSpecification","valueRequired":true,"valueName":"search_term_string"}}],"inLanguage":"lv-LV"},{"@type":"Organization","@id":"https:\/\/www.facecorner.lv\/#organization","name":"Facecorner","url":"https:\/\/www.facecorner.lv\/","logo":{"@type":"ImageObject","inLanguage":"lv-LV","@id":"https:\/\/www.facecorner.lv\/#\/schema\/logo\/image\/","url":"https:\/\/www.facecorner.lv\/wp-content\/uploads\/2024\/04\/fc-logo.jpg","contentUrl":"https:\/\/www.facecorner.lv\/wp-content\/uploads\/2024\/04\/fc-logo.jpg","width":174,"height":28,"caption":"Facecorner"},"image":{"@id":"https:\/\/www.facecorner.lv\/#\/schema\/logo\/image\/"},"sameAs":["https:\/\/www.facebook.com\/profile.php?id=100063824551839","https:\/\/www.instagram.com\/facecorner_shop\/"]}]},"product_price_amount":"27.00","product_price_currency":"EUR","og_availability":"instock","product_availability":"instock","product_condition":"new"},"_links":{"self":[{"href":"https:\/\/www.facecorner.lv\/lv\/wp-json\/wp\/v2\/product\/24702","targetHints":{"allow":["GET"]}}],"collection":[{"href":"https:\/\/www.facecorner.lv\/lv\/wp-json\/wp\/v2\/product"}],"about":[{"href":"https:\/\/www.facecorner.lv\/lv\/wp-json\/wp\/v2\/types\/product"}],"replies":[{"embeddable":true,"href":"https:\/\/www.facecorner.lv\/lv\/wp-json\/wp\/v2\/comments?post=24702"}],"wp:featuredmedia":[{"embeddable":true,"href":"https:\/\/www.facecorner.lv\/lv\/wp-json\/wp\/v2\/media\/24703"}],"wp:attachment":[{"href":"https:\/\/www.facecorner.lv\/lv\/wp-json\/wp\/v2\/media?parent=24702"}],"wp:term":[{"taxonomy":"product_brand","embeddable":true,"href":"https:\/\/www.facecorner.lv\/lv\/wp-json\/wp\/v2\/product_brand?post=24702"},{"taxonomy":"product_cat","embeddable":true,"href":"https:\/\/www.facecorner.lv\/lv\/wp-json\/wp\/v2\/product_cat?post=24702"},{"taxonomy":"product_tag","embeddable":true,"href":"https:\/\/www.facecorner.lv\/lv\/wp-json\/wp\/v2\/product_tag?post=24702"},{"taxonomy":"berocket_brand","embeddable":true,"href":"https:\/\/www.facecorner.lv\/lv\/wp-json\/wp\/v2\/berocket_brand?post=24702"}],"curies":[{"name":"wp","href":"https:\/\/api.w.org\/{rel}","templated":true}]}}