{"id":24653,"date":"2025-06-29T22:56:08","date_gmt":"2025-06-29T19:56:08","guid":{"rendered":"https:\/\/www.facecorner.lv\/?post_type=product&#038;p=24653"},"modified":"2026-02-23T22:39:34","modified_gmt":"2026-02-23T19:39:34","slug":"medicube-txa-niacinamide-capsule-cream-55g","status":"publish","type":"product","link":"https:\/\/www.facecorner.lv\/lv\/shop\/medicube-txa-niacinamide-capsule-cream-55g\/","title":{"rendered":"Medicube TXA Niacinamide Capsule Cream 55g"},"content":{"rendered":"<p>Medicube TXA Niacinamide Capsule Cream ir inovat\u012bvs mitrino\u0161s l\u012bdzeklis ar kapsulu tehnolo\u0123iju, kas izl\u012bdzina \u0101das toni, izgaismo un dzi\u013ci mitrina.<\/p>\n<p>\u0160is balino\u0161ais kr\u0113ms ar traneksam\u012bnsk\u0101bi, alfa arbut\u012bnu un niac\u012bnam\u012bda kapsul\u0101m uzlabo \u0101das mitrin\u0101\u0161anu un izgaismo bl\u0101vu \u0101du.<\/p>\n<ul>\n<li>Tas kori\u0123\u0113 nevienm\u0113r\u012bgo toni un tekst\u016bru, padarot \u0101du redzami t\u012br\u0101ku un starojo\u0161\u0101ku.<br \/>\nViegls un viegli piel\u0101gojams TXA niac\u012bnam\u012bda kapsulu kr\u0113ms ir test\u0113ts ar cilv\u0113kiem, un ir konstat\u0113ts, ka tas ir viegli kairino\u0161s (0,00%).<\/li>\n<li>Apstiprin\u0101ts, ka tas ir piem\u0113rots ar\u012b uz akne tend\u0113tai un jut\u012bgai \u0101dai.<\/li>\n<li>Maigais un nekomedog\u0113nais produkts ir piem\u0113rots visiem \u0101das tipiem, \u012bpa\u0161i tiem, kuriem ir nosliece uz plankumiem.<\/li>\n<\/ul>\n<p>Traneksam\u012bnsk\u0101be (TXA) ir \u013coti efekt\u012bva melasmas, saules plankumu un p\u0113ciekaisuma hiperpigment\u0101cijas \u0101rst\u0113\u0161an\u0101. T\u0101s sp\u0113ja regul\u0113t melan\u012bna veido\u0161anos padara \u0101du gai\u0161\u0101ku un vienm\u0113r\u012bg\u0101ku.<\/p>\n<p>Niacinam\u012bds (5 %) dabiski atjauno \u0101du un nodro\u0161ina pretgrumbu efektu. Pateicoties t\u0101 iedarb\u012bbai, tas nodro\u0161ina viendab\u012bgu \u0101das toni, samazina poras, \u0101rst\u0113 nelielas aknes r\u0113tas. Tas c\u012bn\u0101s pret tum\u0161iem pigmenta plankumiem, stimul\u0113 sebuma veido\u0161anos un mazina aps\u0101rtumu un kairin\u0101jumu. T\u0101s \u012bpa\u0161\u012bbas veicina kolag\u0113na veido\u0161anos un aizsarg\u0101 \u0101du no UV stariem.<\/p>\n<p><strong>Lieto\u0161ana:<\/strong> Samaisa sarkano TXA kapsulu un sarkano \u017eeleju piem\u0113rot\u0101 proporcij\u0101, \u0146emot v\u0113r\u0101 j\u016bsu \u0101das tipu. Lai \u0101da b\u016btu viegl\u0101ka, palieliniet gela attiec\u012bbu, bet, lai t\u0101 b\u016btu mitr\u0101ka un elast\u012bg\u0101ka, palieliniet kapsulas attiec\u012bbu. Uzkl\u0101jiet mais\u012bjumu no r\u012bta un vakar\u0101 uz sejas un kakla p\u0113c seruma. Piel\u0101gojiet savu ikdienas proced\u016bru, pamatojoties uz \u0101das vajadz\u012bb\u0101m!<\/p>\n<p><strong>Sast\u0101vs:<\/strong> Water, Glycerin, Niacinamide (50,000 Ppm), Methylpropanediol, Propanediol, 1,2-hex- Anediol, Dipropylene Glycol, Caprylic\/capric Triglyceride, Glyceryl Glucoside, Butylene Glycol, Arginine, Ethylhexyl Palmitate, Carbomer, Cetearyl Alcohol, Cetearyl Olivate, Sor- Bitan Olivate, C12-14 Alketh-12, Ammonium Acryloyldimethyltaurate\/vp Copolymer, Simethicone, Ethylhexylglycerin, Melia Azadirachta Flower Extract, Melia Azadirachta Leaf Extract, Adenosine, Polyacrylate-13, Disodium Edta, Cyanocobalamin, Triethyl Ci- Trate, Betaine, Polyisobutene, Glyceryl Stearate, Hydrolyzed Sclerotium Gum, Tranexamic Acid, Abelmoschus Esculentus (Okra) Fruit Extract, Panthenol, Coccinia Indica Fruit Extract, Corallina Officinalis Extract, Polysorbate 20, Sorbitan Isostearate, Glutathione, Fragaria Vesca (Strawberry) Fruit Extract, Castanea Crenata (Chestnut) Shell Extract, Citrus Junos Peel Extract, Betula Platyphylla Japonica Bark\/leaf Extract, Ricinus Communis (Castor) Seed Oil, Bisabolol, Ferulic Acid, Cymbopogon Citratus Leaf Oil, Illici- Um Verum (Anise) Fruit\/seed Oil, Octyldodecanol, Hydrolyzed Hyaluronic Acid, 3-0-ethyl Ascorbic Acid, Sodium Hyaluronate, Alpha-arbutin, Hydrogenated Lecithin, Ceramide Np, Hydroxypropyltrimonium Hyaluronate, Caprylyl Glycol, Sodium Acetylated Hyaluronate, Hyaluronic Acid, Sodium Hyaluronate Crosspolymer, Hydrolyzed Sodium Hyaluronate, Potassium Hyaluronate<\/p>\n","protected":false},"excerpt":{"rendered":"<p>Medicube TXA Niacinamide Capsule Cream ir inovat\u012bvs mitrino\u0161s l\u012bdzeklis ar kapsulu tehnolo\u0123iju, kas izl\u012bdzina \u0101das toni, izgaismo un dzi\u013ci mitrina.<\/p>\n","protected":false},"featured_media":24654,"comment_status":"open","ping_status":"closed","template":"","meta":{"site-sidebar-layout":"default","site-content-layout":"","ast-site-content-layout":"default","site-content-style":"default","site-sidebar-style":"default","ast-global-header-display":"","ast-banner-title-visibility":"","ast-main-header-display":"","ast-hfb-above-header-display":"","ast-hfb-below-header-display":"","ast-hfb-mobile-header-display":"","site-post-title":"","ast-breadcrumbs-content":"","ast-featured-img":"","footer-sml-layout":"","theme-transparent-header-meta":"default","adv-header-id-meta":"","stick-header-meta":"","header-above-stick-meta":"","header-main-stick-meta":"","header-below-stick-meta":"","astra-migrate-meta-layouts":"set","ast-page-background-enabled":"default","ast-page-background-meta":{"desktop":{"background-color":"var(--ast-global-color-4)","background-image":"","background-repeat":"repeat","background-position":"center center","background-size":"auto","background-attachment":"scroll","background-type":"","background-media":"","overlay-type":"","overlay-color":"","overlay-opacity":"","overlay-gradient":""},"tablet":{"background-color":"","background-image":"","background-repeat":"repeat","background-position":"center center","background-size":"auto","background-attachment":"scroll","background-type":"","background-media":"","overlay-type":"","overlay-color":"","overlay-opacity":"","overlay-gradient":""},"mobile":{"background-color":"","background-image":"","background-repeat":"repeat","background-position":"center center","background-size":"auto","background-attachment":"scroll","background-type":"","background-media":"","overlay-type":"","overlay-color":"","overlay-opacity":"","overlay-gradient":""}},"ast-content-background-meta":{"desktop":{"background-color":"var(--ast-global-color-5)","background-image":"","background-repeat":"repeat","background-position":"center center","background-size":"auto","background-attachment":"scroll","background-type":"","background-media":"","overlay-type":"","overlay-color":"","overlay-opacity":"","overlay-gradient":""},"tablet":{"background-color":"var(--ast-global-color-5)","background-image":"","background-repeat":"repeat","background-position":"center center","background-size":"auto","background-attachment":"scroll","background-type":"","background-media":"","overlay-type":"","overlay-color":"","overlay-opacity":"","overlay-gradient":""},"mobile":{"background-color":"var(--ast-global-color-5)","background-image":"","background-repeat":"repeat","background-position":"center center","background-size":"auto","background-attachment":"scroll","background-type":"","background-media":"","overlay-type":"","overlay-color":"","overlay-opacity":"","overlay-gradient":""}}},"product_brand":[],"product_cat":[362,366,369],"product_tag":[],"berocket_brand":[579],"class_list":{"0":"post-24653","1":"product","2":"type-product","3":"status-publish","4":"has-post-thumbnail","6":"product_cat-sejas-krems","7":"product_cat-mitrinoss","8":"product_cat-problematiskai-adai-sejas-krems","9":"berocket_brand-medicube","10":"desktop-align-left","11":"tablet-align-left","12":"mobile-align-left","14":"first","15":"outofstock","16":"taxable","17":"shipping-taxable","18":"purchasable","19":"product-type-simple","20":"add-to-wishlist-before_image"},"yoast_head":"<!-- This site is optimized with the Yoast SEO plugin v27.1.1 - https:\/\/yoast.com\/product\/yoast-seo-wordpress\/ -->\n<title>Medicube TXA Niacinamide Capsule Cream 55g - FACECORNER<\/title>\n<meta name=\"description\" content=\"Medicube TXA Niacinamide Capsule Cream ir inovat\u012bvs mitrino\u0161s l\u012bdzeklis ar kapsulu tehnolo\u0123iju, kas izl\u012bdzina \u0101das toni, izgaismo un dzi\u013ci mitrina.\" \/>\n<meta name=\"robots\" content=\"index, follow, max-snippet:-1, max-image-preview:large, max-video-preview:-1\" \/>\n<link rel=\"canonical\" href=\"https:\/\/www.facecorner.lv\/lv\/shop\/medicube-txa-niacinamide-capsule-cream-55g\/\" \/>\n<meta property=\"og:locale\" content=\"lv_LV\" \/>\n<meta property=\"og:type\" content=\"article\" \/>\n<meta property=\"og:title\" content=\"Medicube TXA Niacinamide Capsule Cream 55g - FACECORNER\" \/>\n<meta property=\"og:description\" content=\"Medicube TXA Niacinamide Capsule Cream ir inovat\u012bvs mitrino\u0161s l\u012bdzeklis ar kapsulu tehnolo\u0123iju, kas izl\u012bdzina \u0101das toni, izgaismo un dzi\u013ci mitrina.\" \/>\n<meta property=\"og:url\" content=\"https:\/\/www.facecorner.lv\/lv\/shop\/medicube-txa-niacinamide-capsule-cream-55g\/\" \/>\n<meta property=\"og:site_name\" content=\"FACECORNER\" \/>\n<meta property=\"article:publisher\" content=\"https:\/\/www.facebook.com\/profile.php?id=100063824551839\" \/>\n<meta property=\"article:modified_time\" content=\"2026-02-23T19:39:34+00:00\" \/>\n<meta property=\"og:image\" content=\"https:\/\/www.facecorner.lv\/wp-content\/uploads\/2025\/06\/TXANIACINAMAIDECAPSULECREAM.webp\" \/>\n\t<meta property=\"og:image:width\" content=\"900\" \/>\n\t<meta property=\"og:image:height\" content=\"900\" \/>\n\t<meta property=\"og:image:type\" content=\"image\/webp\" \/>\n<meta name=\"twitter:card\" content=\"summary_large_image\" \/>\n<meta name=\"twitter:label1\" content=\"Price\" \/>\n\t<meta name=\"twitter:data1\" content=\"&euro;32.00\" \/>\n\t<meta name=\"twitter:label2\" content=\"Availability\" \/>\n\t<meta name=\"twitter:data2\" content=\"Out of stock\" \/>\n<script type=\"application\/ld+json\" class=\"yoast-schema-graph\">{\"@context\":\"https:\/\/schema.org\",\"@graph\":[{\"@type\":\"WebPage\",\"@id\":\"https:\/\/www.facecorner.lv\/shop\/medicube-txa-niacinamide-capsule-cream-55g\/\",\"url\":\"https:\/\/www.facecorner.lv\/shop\/medicube-txa-niacinamide-capsule-cream-55g\/\",\"name\":\"Medicube TXA Niacinamide Capsule Cream 55g - FACECORNER\",\"isPartOf\":{\"@id\":\"https:\/\/www.facecorner.lv\/#website\"},\"primaryImageOfPage\":{\"@id\":\"https:\/\/www.facecorner.lv\/shop\/medicube-txa-niacinamide-capsule-cream-55g\/#primaryimage\"},\"image\":{\"@id\":\"https:\/\/www.facecorner.lv\/shop\/medicube-txa-niacinamide-capsule-cream-55g\/#primaryimage\"},\"thumbnailUrl\":\"https:\/\/www.facecorner.lv\/wp-content\/uploads\/2025\/06\/TXANIACINAMAIDECAPSULECREAM.webp\",\"datePublished\":\"2025-06-29T19:56:08+00:00\",\"dateModified\":\"2026-02-23T19:39:34+00:00\",\"description\":\"Medicube TXA Niacinamide Capsule Cream ir inovat\u012bvs mitrino\u0161s l\u012bdzeklis ar kapsulu tehnolo\u0123iju, kas izl\u012bdzina \u0101das toni, izgaismo un dzi\u013ci mitrina.\",\"breadcrumb\":{\"@id\":\"https:\/\/www.facecorner.lv\/shop\/medicube-txa-niacinamide-capsule-cream-55g\/#breadcrumb\"},\"inLanguage\":\"lv-LV\",\"potentialAction\":[{\"@type\":\"ReadAction\",\"target\":[\"https:\/\/www.facecorner.lv\/shop\/medicube-txa-niacinamide-capsule-cream-55g\/\"]}]},{\"@type\":\"ImageObject\",\"inLanguage\":\"lv-LV\",\"@id\":\"https:\/\/www.facecorner.lv\/shop\/medicube-txa-niacinamide-capsule-cream-55g\/#primaryimage\",\"url\":\"https:\/\/www.facecorner.lv\/wp-content\/uploads\/2025\/06\/TXANIACINAMAIDECAPSULECREAM.webp\",\"contentUrl\":\"https:\/\/www.facecorner.lv\/wp-content\/uploads\/2025\/06\/TXANIACINAMAIDECAPSULECREAM.webp\",\"width\":900,\"height\":900,\"caption\":\"Medicube TXA Niacinamide Capsule Cream\"},{\"@type\":\"BreadcrumbList\",\"@id\":\"https:\/\/www.facecorner.lv\/shop\/medicube-txa-niacinamide-capsule-cream-55g\/#breadcrumb\",\"itemListElement\":[{\"@type\":\"ListItem\",\"position\":1,\"name\":\"Home\",\"item\":\"https:\/\/www.facecorner.lv\/\"},{\"@type\":\"ListItem\",\"position\":2,\"name\":\"Veikals\",\"item\":\"https:\/\/www.facecorner.lv\/shop\/\"},{\"@type\":\"ListItem\",\"position\":3,\"name\":\"Medicube TXA Niacinamide Capsule Cream 55g\"}]},{\"@type\":\"WebSite\",\"@id\":\"https:\/\/www.facecorner.lv\/#website\",\"url\":\"https:\/\/www.facecorner.lv\/\",\"name\":\"Facecorner\",\"description\":\"\",\"publisher\":{\"@id\":\"https:\/\/www.facecorner.lv\/#organization\"},\"potentialAction\":[{\"@type\":\"SearchAction\",\"target\":{\"@type\":\"EntryPoint\",\"urlTemplate\":\"https:\/\/www.facecorner.lv\/?s={search_term_string}\"},\"query-input\":{\"@type\":\"PropertyValueSpecification\",\"valueRequired\":true,\"valueName\":\"search_term_string\"}}],\"inLanguage\":\"lv-LV\"},{\"@type\":\"Organization\",\"@id\":\"https:\/\/www.facecorner.lv\/#organization\",\"name\":\"Facecorner\",\"url\":\"https:\/\/www.facecorner.lv\/\",\"logo\":{\"@type\":\"ImageObject\",\"inLanguage\":\"lv-LV\",\"@id\":\"https:\/\/www.facecorner.lv\/#\/schema\/logo\/image\/\",\"url\":\"https:\/\/www.facecorner.lv\/wp-content\/uploads\/2024\/04\/fc-logo.jpg\",\"contentUrl\":\"https:\/\/www.facecorner.lv\/wp-content\/uploads\/2024\/04\/fc-logo.jpg\",\"width\":174,\"height\":28,\"caption\":\"Facecorner\"},\"image\":{\"@id\":\"https:\/\/www.facecorner.lv\/#\/schema\/logo\/image\/\"},\"sameAs\":[\"https:\/\/www.facebook.com\/profile.php?id=100063824551839\",\"https:\/\/www.instagram.com\/facecorner_shop\/\"]}]}<\/script>\n<meta property=\"product:price:amount\" content=\"32.00\" \/>\n<meta property=\"product:price:currency\" content=\"EUR\" \/>\n<meta property=\"og:availability\" content=\"out of stock\" \/>\n<meta property=\"product:availability\" content=\"out of stock\" \/>\n<meta property=\"product:condition\" content=\"new\" \/>\n<!-- \/ Yoast SEO plugin. -->","yoast_head_json":{"title":"Medicube TXA Niacinamide Capsule Cream 55g - FACECORNER","description":"Medicube TXA Niacinamide Capsule Cream ir inovat\u012bvs mitrino\u0161s l\u012bdzeklis ar kapsulu tehnolo\u0123iju, kas izl\u012bdzina \u0101das toni, izgaismo un dzi\u013ci mitrina.","robots":{"index":"index","follow":"follow","max-snippet":"max-snippet:-1","max-image-preview":"max-image-preview:large","max-video-preview":"max-video-preview:-1"},"canonical":"https:\/\/www.facecorner.lv\/lv\/shop\/medicube-txa-niacinamide-capsule-cream-55g\/","og_locale":"lv_LV","og_type":"article","og_title":"Medicube TXA Niacinamide Capsule Cream 55g - FACECORNER","og_description":"Medicube TXA Niacinamide Capsule Cream ir inovat\u012bvs mitrino\u0161s l\u012bdzeklis ar kapsulu tehnolo\u0123iju, kas izl\u012bdzina \u0101das toni, izgaismo un dzi\u013ci mitrina.","og_url":"https:\/\/www.facecorner.lv\/lv\/shop\/medicube-txa-niacinamide-capsule-cream-55g\/","og_site_name":"FACECORNER","article_publisher":"https:\/\/www.facebook.com\/profile.php?id=100063824551839","article_modified_time":"2026-02-23T19:39:34+00:00","og_image":[{"width":900,"height":900,"url":"https:\/\/www.facecorner.lv\/wp-content\/uploads\/2025\/06\/TXANIACINAMAIDECAPSULECREAM.webp","type":"image\/webp"}],"twitter_card":"summary_large_image","twitter_misc":{"Price":"&euro;32.00","Availability":"Out of stock"},"schema":{"@context":"https:\/\/schema.org","@graph":[{"@type":"WebPage","@id":"https:\/\/www.facecorner.lv\/shop\/medicube-txa-niacinamide-capsule-cream-55g\/","url":"https:\/\/www.facecorner.lv\/shop\/medicube-txa-niacinamide-capsule-cream-55g\/","name":"Medicube TXA Niacinamide Capsule Cream 55g - FACECORNER","isPartOf":{"@id":"https:\/\/www.facecorner.lv\/#website"},"primaryImageOfPage":{"@id":"https:\/\/www.facecorner.lv\/shop\/medicube-txa-niacinamide-capsule-cream-55g\/#primaryimage"},"image":{"@id":"https:\/\/www.facecorner.lv\/shop\/medicube-txa-niacinamide-capsule-cream-55g\/#primaryimage"},"thumbnailUrl":"https:\/\/www.facecorner.lv\/wp-content\/uploads\/2025\/06\/TXANIACINAMAIDECAPSULECREAM.webp","datePublished":"2025-06-29T19:56:08+00:00","dateModified":"2026-02-23T19:39:34+00:00","description":"Medicube TXA Niacinamide Capsule Cream ir inovat\u012bvs mitrino\u0161s l\u012bdzeklis ar kapsulu tehnolo\u0123iju, kas izl\u012bdzina \u0101das toni, izgaismo un dzi\u013ci mitrina.","breadcrumb":{"@id":"https:\/\/www.facecorner.lv\/shop\/medicube-txa-niacinamide-capsule-cream-55g\/#breadcrumb"},"inLanguage":"lv-LV","potentialAction":[{"@type":"ReadAction","target":["https:\/\/www.facecorner.lv\/shop\/medicube-txa-niacinamide-capsule-cream-55g\/"]}]},{"@type":"ImageObject","inLanguage":"lv-LV","@id":"https:\/\/www.facecorner.lv\/shop\/medicube-txa-niacinamide-capsule-cream-55g\/#primaryimage","url":"https:\/\/www.facecorner.lv\/wp-content\/uploads\/2025\/06\/TXANIACINAMAIDECAPSULECREAM.webp","contentUrl":"https:\/\/www.facecorner.lv\/wp-content\/uploads\/2025\/06\/TXANIACINAMAIDECAPSULECREAM.webp","width":900,"height":900,"caption":"Medicube TXA Niacinamide Capsule Cream"},{"@type":"BreadcrumbList","@id":"https:\/\/www.facecorner.lv\/shop\/medicube-txa-niacinamide-capsule-cream-55g\/#breadcrumb","itemListElement":[{"@type":"ListItem","position":1,"name":"Home","item":"https:\/\/www.facecorner.lv\/"},{"@type":"ListItem","position":2,"name":"Veikals","item":"https:\/\/www.facecorner.lv\/shop\/"},{"@type":"ListItem","position":3,"name":"Medicube TXA Niacinamide Capsule Cream 55g"}]},{"@type":"WebSite","@id":"https:\/\/www.facecorner.lv\/#website","url":"https:\/\/www.facecorner.lv\/","name":"Facecorner","description":"","publisher":{"@id":"https:\/\/www.facecorner.lv\/#organization"},"potentialAction":[{"@type":"SearchAction","target":{"@type":"EntryPoint","urlTemplate":"https:\/\/www.facecorner.lv\/?s={search_term_string}"},"query-input":{"@type":"PropertyValueSpecification","valueRequired":true,"valueName":"search_term_string"}}],"inLanguage":"lv-LV"},{"@type":"Organization","@id":"https:\/\/www.facecorner.lv\/#organization","name":"Facecorner","url":"https:\/\/www.facecorner.lv\/","logo":{"@type":"ImageObject","inLanguage":"lv-LV","@id":"https:\/\/www.facecorner.lv\/#\/schema\/logo\/image\/","url":"https:\/\/www.facecorner.lv\/wp-content\/uploads\/2024\/04\/fc-logo.jpg","contentUrl":"https:\/\/www.facecorner.lv\/wp-content\/uploads\/2024\/04\/fc-logo.jpg","width":174,"height":28,"caption":"Facecorner"},"image":{"@id":"https:\/\/www.facecorner.lv\/#\/schema\/logo\/image\/"},"sameAs":["https:\/\/www.facebook.com\/profile.php?id=100063824551839","https:\/\/www.instagram.com\/facecorner_shop\/"]}]},"product_price_amount":"32.00","product_price_currency":"EUR","og_availability":"out of stock","product_availability":"out of stock","product_condition":"new"},"_links":{"self":[{"href":"https:\/\/www.facecorner.lv\/lv\/wp-json\/wp\/v2\/product\/24653","targetHints":{"allow":["GET"]}}],"collection":[{"href":"https:\/\/www.facecorner.lv\/lv\/wp-json\/wp\/v2\/product"}],"about":[{"href":"https:\/\/www.facecorner.lv\/lv\/wp-json\/wp\/v2\/types\/product"}],"replies":[{"embeddable":true,"href":"https:\/\/www.facecorner.lv\/lv\/wp-json\/wp\/v2\/comments?post=24653"}],"wp:featuredmedia":[{"embeddable":true,"href":"https:\/\/www.facecorner.lv\/lv\/wp-json\/wp\/v2\/media\/24654"}],"wp:attachment":[{"href":"https:\/\/www.facecorner.lv\/lv\/wp-json\/wp\/v2\/media?parent=24653"}],"wp:term":[{"taxonomy":"product_brand","embeddable":true,"href":"https:\/\/www.facecorner.lv\/lv\/wp-json\/wp\/v2\/product_brand?post=24653"},{"taxonomy":"product_cat","embeddable":true,"href":"https:\/\/www.facecorner.lv\/lv\/wp-json\/wp\/v2\/product_cat?post=24653"},{"taxonomy":"product_tag","embeddable":true,"href":"https:\/\/www.facecorner.lv\/lv\/wp-json\/wp\/v2\/product_tag?post=24653"},{"taxonomy":"berocket_brand","embeddable":true,"href":"https:\/\/www.facecorner.lv\/lv\/wp-json\/wp\/v2\/berocket_brand?post=24653"}],"curies":[{"name":"wp","href":"https:\/\/api.w.org\/{rel}","templated":true}]}}