{"id":24634,"date":"2025-06-25T14:40:10","date_gmt":"2025-06-25T11:40:10","guid":{"rendered":"https:\/\/www.facecorner.lv\/?post_type=product&#038;p=24634"},"modified":"2026-03-24T10:18:26","modified_gmt":"2026-03-24T07:18:26","slug":"celimax-oil-control-mattifying-sun-stick-spf-50-pa","status":"publish","type":"product","link":"https:\/\/www.facecorner.lv\/lv\/shop\/celimax-oil-control-mattifying-sun-stick-spf-50-pa\/","title":{"rendered":"Celimax Oil Control Mattifying Sun Stick SPF 50+ PA++++"},"content":{"rendered":"<p>celimax Oil Control Mattifying Sun Stick SPF 50 saules aizsargkr\u0113ms pal\u012bdz kontrol\u0113t sebuma veido\u0161anos un nodro\u0161ina efekt\u012bvu aizsardz\u012bbu pret pla\u0161a spektra UV stariem SPF50+ PA++++.<\/p>\n<ul>\n<li>Viegla, nekomedog\u0113na formula ir piem\u0113rota \u0101dai ar noslieci uz pinn\u0113m.<\/li>\n<li>Tam ir ilgnotur\u012bga mat\u0113ta un maiga apdare, kas pal\u012bdz viegli uzkl\u0101t uz grima.<\/li>\n<li>Lietus piliena formas aplikators nodro\u0161ina \u0113rtu uzkl\u0101\u0161anu ap ac\u012bm un degunu.<\/li>\n<\/ul>\n<p><strong>Lieto\u0161ana:<\/strong> Uzkl\u0101jiet sau\u013co\u0161an\u0101s l\u012bdzekli uz sejas un \u0137erme\u0146a zon\u0101m, kas ir viegli pak\u013cautas UV staru iedarb\u012bbai. Vajadz\u012bbas gad\u012bjum\u0101 uzkl\u0101jiet atk\u0101rtoti.<\/p>\n<p><strong>Sast\u0101vs:<\/strong> <span style=\"font-size: 16px;\">Synthetic Wax, Dibutyl Adipate, Coco-Caprylate\/Caprate, Ethylhexyl Palmitate, Methyl Methacrylate Crosspolymer, Methyl Methacrylate Crosspolymer, Caprylyl Methicone, Methyl Methacrylate Crosspolymer, Isopropyl Palmitate, Vinyl Dimethicone\/Methicone Silsesquioxane Crosspolymer, Diethylamino Hydroxybenzoil Hexyl Benzoate, Ethylhexyl Triazone, Tocopheryl Acetate, Vinyl Dimethicone, Ozokerite, Polysilicone-15, Silica, Triethoxycaprylylsilane, Bis-Ethylhexyloxyphenol Methoxyphenyl Triazine, Bisabolol, Polyglyceryl-4 Diisostearate\/Polyhydroxystearate\/Sebacate, Glyceryl Caprylate, Caprylyl Glycol, Ethylhexylglycerin, Tocopherol, Water, Butylene Glycol, 1,2-Hexanediol, Pueraria Lobata Root Extract, Pinus Palustris Leaf Extract, Ulmus Davidiana Root Extract, Oenothera Biennis (Evening Primrose) Flower Extract, Butylene Glycol, Water, 1,2-Hexanediol, Centella Asiatica Extract, Centella Asiatica Leaf Extract, Saccharomyces Ferment, Centella Asiatica Root Extract, Asiaticoside, Madecassoside, Madecassic Acid, Asiatic Acid, Calami<\/span><\/p>\n","protected":false},"excerpt":{"rendered":"<p>celimax Oil Control Mattifying Sun Stick SPF 50 saules aizsargkr\u0113ms pal\u012bdz kontrol\u0113t sebuma veido\u0161anos un nodro\u0161ina efekt\u012bvu aizsardz\u012bbu pret pla\u0161a spektra UV stariem SPF50+ PA++++.<\/p>\n","protected":false},"featured_media":24635,"comment_status":"open","ping_status":"closed","template":"","meta":{"site-sidebar-layout":"default","site-content-layout":"","ast-site-content-layout":"default","site-content-style":"default","site-sidebar-style":"default","ast-global-header-display":"","ast-banner-title-visibility":"","ast-main-header-display":"","ast-hfb-above-header-display":"","ast-hfb-below-header-display":"","ast-hfb-mobile-header-display":"","site-post-title":"","ast-breadcrumbs-content":"","ast-featured-img":"","footer-sml-layout":"","theme-transparent-header-meta":"default","adv-header-id-meta":"","stick-header-meta":"","header-above-stick-meta":"","header-main-stick-meta":"","header-below-stick-meta":"","astra-migrate-meta-layouts":"set","ast-page-background-enabled":"default","ast-page-background-meta":{"desktop":{"background-color":"var(--ast-global-color-4)","background-image":"","background-repeat":"repeat","background-position":"center center","background-size":"auto","background-attachment":"scroll","background-type":"","background-media":"","overlay-type":"","overlay-color":"","overlay-opacity":"","overlay-gradient":""},"tablet":{"background-color":"","background-image":"","background-repeat":"repeat","background-position":"center center","background-size":"auto","background-attachment":"scroll","background-type":"","background-media":"","overlay-type":"","overlay-color":"","overlay-opacity":"","overlay-gradient":""},"mobile":{"background-color":"","background-image":"","background-repeat":"repeat","background-position":"center center","background-size":"auto","background-attachment":"scroll","background-type":"","background-media":"","overlay-type":"","overlay-color":"","overlay-opacity":"","overlay-gradient":""}},"ast-content-background-meta":{"desktop":{"background-color":"var(--ast-global-color-5)","background-image":"","background-repeat":"repeat","background-position":"center center","background-size":"auto","background-attachment":"scroll","background-type":"","background-media":"","overlay-type":"","overlay-color":"","overlay-opacity":"","overlay-gradient":""},"tablet":{"background-color":"var(--ast-global-color-5)","background-image":"","background-repeat":"repeat","background-position":"center center","background-size":"auto","background-attachment":"scroll","background-type":"","background-media":"","overlay-type":"","overlay-color":"","overlay-opacity":"","overlay-gradient":""},"mobile":{"background-color":"var(--ast-global-color-5)","background-image":"","background-repeat":"repeat","background-position":"center center","background-size":"auto","background-attachment":"scroll","background-type":"","background-media":"","overlay-type":"","overlay-color":"","overlay-opacity":"","overlay-gradient":""}}},"product_brand":[],"product_cat":[512],"product_tag":[],"berocket_brand":[604],"class_list":{"0":"post-24634","1":"product","2":"type-product","3":"status-publish","4":"has-post-thumbnail","6":"product_cat-spf","7":"berocket_brand-celimax","8":"desktop-align-left","9":"tablet-align-left","10":"mobile-align-left","12":"first","13":"outofstock","14":"taxable","15":"shipping-taxable","16":"purchasable","17":"product-type-simple","18":"add-to-wishlist-before_image"},"yoast_head":"<!-- This site is optimized with the Yoast SEO plugin v27.3 - https:\/\/yoast.com\/product\/yoast-seo-wordpress\/ -->\n<title>Celimax Oil Control Mattifying Sun Stick SPF 50+ PA++++ - FACECORNER<\/title>\n<meta name=\"description\" content=\"celimax Oil Control Mattifying Sun Stick SPF 50 saules aizsargkr\u0113ms pal\u012bdz kontrol\u0113t sebuma veido\u0161anos un nodro\u0161ina efekt\u012bvu aizsardz\u012bbu pret UV stariem\" \/>\n<meta name=\"robots\" content=\"index, follow, max-snippet:-1, max-image-preview:large, max-video-preview:-1\" \/>\n<link rel=\"canonical\" href=\"https:\/\/www.facecorner.lv\/lv\/shop\/celimax-oil-control-mattifying-sun-stick-spf-50-pa\/\" \/>\n<meta property=\"og:locale\" content=\"lv_LV\" \/>\n<meta property=\"og:type\" content=\"article\" \/>\n<meta property=\"og:title\" content=\"Celimax Oil Control Mattifying Sun Stick SPF 50+ PA++++ - FACECORNER\" \/>\n<meta property=\"og:description\" content=\"celimax Oil Control Mattifying Sun Stick SPF 50 saules aizsargkr\u0113ms pal\u012bdz kontrol\u0113t sebuma veido\u0161anos un nodro\u0161ina efekt\u012bvu aizsardz\u012bbu pret UV stariem\" \/>\n<meta property=\"og:url\" content=\"https:\/\/www.facecorner.lv\/lv\/shop\/celimax-oil-control-mattifying-sun-stick-spf-50-pa\/\" \/>\n<meta property=\"og:site_name\" content=\"FACECORNER\" \/>\n<meta property=\"article:publisher\" content=\"https:\/\/www.facebook.com\/profile.php?id=100063824551839\" \/>\n<meta property=\"article:modified_time\" content=\"2026-03-24T07:18:26+00:00\" \/>\n<meta property=\"og:image\" content=\"https:\/\/www.facecorner.lv\/wp-content\/uploads\/2025\/06\/CMXSM05SS22174416748171167d69a005e69.jpg\" \/>\n\t<meta property=\"og:image:width\" content=\"500\" \/>\n\t<meta property=\"og:image:height\" content=\"500\" \/>\n\t<meta property=\"og:image:type\" content=\"image\/jpeg\" \/>\n<meta name=\"twitter:card\" content=\"summary_large_image\" \/>\n<meta name=\"twitter:label1\" content=\"Price\" \/>\n\t<meta name=\"twitter:data1\" content=\"&euro;19.00\" \/>\n\t<meta name=\"twitter:label2\" content=\"Availability\" \/>\n\t<meta name=\"twitter:data2\" content=\"Out of stock\" \/>\n<script type=\"application\/ld+json\" class=\"yoast-schema-graph\">{\"@context\":\"https:\\\/\\\/schema.org\",\"@graph\":[{\"@type\":\"WebPage\",\"@id\":\"https:\\\/\\\/www.facecorner.lv\\\/shop\\\/celimax-oil-control-mattifying-sun-stick-spf-50-pa\\\/\",\"url\":\"https:\\\/\\\/www.facecorner.lv\\\/shop\\\/celimax-oil-control-mattifying-sun-stick-spf-50-pa\\\/\",\"name\":\"Celimax Oil Control Mattifying Sun Stick SPF 50+ PA++++ - FACECORNER\",\"isPartOf\":{\"@id\":\"https:\\\/\\\/www.facecorner.lv\\\/#website\"},\"primaryImageOfPage\":{\"@id\":\"https:\\\/\\\/www.facecorner.lv\\\/shop\\\/celimax-oil-control-mattifying-sun-stick-spf-50-pa\\\/#primaryimage\"},\"image\":{\"@id\":\"https:\\\/\\\/www.facecorner.lv\\\/shop\\\/celimax-oil-control-mattifying-sun-stick-spf-50-pa\\\/#primaryimage\"},\"thumbnailUrl\":\"https:\\\/\\\/www.facecorner.lv\\\/wp-content\\\/uploads\\\/2025\\\/06\\\/CMXSM05SS22174416748171167d69a005e69.jpg\",\"datePublished\":\"2025-06-25T11:40:10+00:00\",\"dateModified\":\"2026-03-24T07:18:26+00:00\",\"description\":\"celimax Oil Control Mattifying Sun Stick SPF 50 saules aizsargkr\u0113ms pal\u012bdz kontrol\u0113t sebuma veido\u0161anos un nodro\u0161ina efekt\u012bvu aizsardz\u012bbu pret UV stariem\",\"breadcrumb\":{\"@id\":\"https:\\\/\\\/www.facecorner.lv\\\/shop\\\/celimax-oil-control-mattifying-sun-stick-spf-50-pa\\\/#breadcrumb\"},\"inLanguage\":\"lv-LV\",\"potentialAction\":[{\"@type\":\"ReadAction\",\"target\":[\"https:\\\/\\\/www.facecorner.lv\\\/shop\\\/celimax-oil-control-mattifying-sun-stick-spf-50-pa\\\/\"]}]},{\"@type\":\"ImageObject\",\"inLanguage\":\"lv-LV\",\"@id\":\"https:\\\/\\\/www.facecorner.lv\\\/shop\\\/celimax-oil-control-mattifying-sun-stick-spf-50-pa\\\/#primaryimage\",\"url\":\"https:\\\/\\\/www.facecorner.lv\\\/wp-content\\\/uploads\\\/2025\\\/06\\\/CMXSM05SS22174416748171167d69a005e69.jpg\",\"contentUrl\":\"https:\\\/\\\/www.facecorner.lv\\\/wp-content\\\/uploads\\\/2025\\\/06\\\/CMXSM05SS22174416748171167d69a005e69.jpg\",\"width\":500,\"height\":500,\"caption\":\"celimax Oil Control Mattifying Sun Stick SPF 50\"},{\"@type\":\"BreadcrumbList\",\"@id\":\"https:\\\/\\\/www.facecorner.lv\\\/shop\\\/celimax-oil-control-mattifying-sun-stick-spf-50-pa\\\/#breadcrumb\",\"itemListElement\":[{\"@type\":\"ListItem\",\"position\":1,\"name\":\"Home\",\"item\":\"https:\\\/\\\/www.facecorner.lv\\\/\"},{\"@type\":\"ListItem\",\"position\":2,\"name\":\"Veikals\",\"item\":\"https:\\\/\\\/www.facecorner.lv\\\/shop\\\/\"},{\"@type\":\"ListItem\",\"position\":3,\"name\":\"Celimax Oil Control Mattifying Sun Stick SPF 50+ PA++++\"}]},{\"@type\":\"WebSite\",\"@id\":\"https:\\\/\\\/www.facecorner.lv\\\/#website\",\"url\":\"https:\\\/\\\/www.facecorner.lv\\\/\",\"name\":\"Facecorner\",\"description\":\"\",\"publisher\":{\"@id\":\"https:\\\/\\\/www.facecorner.lv\\\/#organization\"},\"potentialAction\":[{\"@type\":\"SearchAction\",\"target\":{\"@type\":\"EntryPoint\",\"urlTemplate\":\"https:\\\/\\\/www.facecorner.lv\\\/?s={search_term_string}\"},\"query-input\":{\"@type\":\"PropertyValueSpecification\",\"valueRequired\":true,\"valueName\":\"search_term_string\"}}],\"inLanguage\":\"lv-LV\"},{\"@type\":\"Organization\",\"@id\":\"https:\\\/\\\/www.facecorner.lv\\\/#organization\",\"name\":\"Facecorner\",\"url\":\"https:\\\/\\\/www.facecorner.lv\\\/\",\"logo\":{\"@type\":\"ImageObject\",\"inLanguage\":\"lv-LV\",\"@id\":\"https:\\\/\\\/www.facecorner.lv\\\/#\\\/schema\\\/logo\\\/image\\\/\",\"url\":\"https:\\\/\\\/www.facecorner.lv\\\/wp-content\\\/uploads\\\/2024\\\/04\\\/fc-logo.jpg\",\"contentUrl\":\"https:\\\/\\\/www.facecorner.lv\\\/wp-content\\\/uploads\\\/2024\\\/04\\\/fc-logo.jpg\",\"width\":174,\"height\":28,\"caption\":\"Facecorner\"},\"image\":{\"@id\":\"https:\\\/\\\/www.facecorner.lv\\\/#\\\/schema\\\/logo\\\/image\\\/\"},\"sameAs\":[\"https:\\\/\\\/www.facebook.com\\\/profile.php?id=100063824551839\",\"https:\\\/\\\/www.instagram.com\\\/facecorner_shop\\\/\"]}]}<\/script>\n<meta property=\"product:price:amount\" content=\"19.00\" \/>\n<meta property=\"product:price:currency\" content=\"EUR\" \/>\n<meta property=\"og:availability\" content=\"out of stock\" \/>\n<meta property=\"product:availability\" content=\"out of stock\" \/>\n<meta property=\"product:condition\" content=\"new\" \/>\n<!-- \/ Yoast SEO plugin. -->","yoast_head_json":{"title":"Celimax Oil Control Mattifying Sun Stick SPF 50+ PA++++ - FACECORNER","description":"celimax Oil Control Mattifying Sun Stick SPF 50 saules aizsargkr\u0113ms pal\u012bdz kontrol\u0113t sebuma veido\u0161anos un nodro\u0161ina efekt\u012bvu aizsardz\u012bbu pret UV stariem","robots":{"index":"index","follow":"follow","max-snippet":"max-snippet:-1","max-image-preview":"max-image-preview:large","max-video-preview":"max-video-preview:-1"},"canonical":"https:\/\/www.facecorner.lv\/lv\/shop\/celimax-oil-control-mattifying-sun-stick-spf-50-pa\/","og_locale":"lv_LV","og_type":"article","og_title":"Celimax Oil Control Mattifying Sun Stick SPF 50+ PA++++ - FACECORNER","og_description":"celimax Oil Control Mattifying Sun Stick SPF 50 saules aizsargkr\u0113ms pal\u012bdz kontrol\u0113t sebuma veido\u0161anos un nodro\u0161ina efekt\u012bvu aizsardz\u012bbu pret UV stariem","og_url":"https:\/\/www.facecorner.lv\/lv\/shop\/celimax-oil-control-mattifying-sun-stick-spf-50-pa\/","og_site_name":"FACECORNER","article_publisher":"https:\/\/www.facebook.com\/profile.php?id=100063824551839","article_modified_time":"2026-03-24T07:18:26+00:00","og_image":[{"width":500,"height":500,"url":"https:\/\/www.facecorner.lv\/wp-content\/uploads\/2025\/06\/CMXSM05SS22174416748171167d69a005e69.jpg","type":"image\/jpeg"}],"twitter_card":"summary_large_image","twitter_misc":{"Price":"&euro;19.00","Availability":"Out of stock"},"schema":{"@context":"https:\/\/schema.org","@graph":[{"@type":"WebPage","@id":"https:\/\/www.facecorner.lv\/shop\/celimax-oil-control-mattifying-sun-stick-spf-50-pa\/","url":"https:\/\/www.facecorner.lv\/shop\/celimax-oil-control-mattifying-sun-stick-spf-50-pa\/","name":"Celimax Oil Control Mattifying Sun Stick SPF 50+ PA++++ - FACECORNER","isPartOf":{"@id":"https:\/\/www.facecorner.lv\/#website"},"primaryImageOfPage":{"@id":"https:\/\/www.facecorner.lv\/shop\/celimax-oil-control-mattifying-sun-stick-spf-50-pa\/#primaryimage"},"image":{"@id":"https:\/\/www.facecorner.lv\/shop\/celimax-oil-control-mattifying-sun-stick-spf-50-pa\/#primaryimage"},"thumbnailUrl":"https:\/\/www.facecorner.lv\/wp-content\/uploads\/2025\/06\/CMXSM05SS22174416748171167d69a005e69.jpg","datePublished":"2025-06-25T11:40:10+00:00","dateModified":"2026-03-24T07:18:26+00:00","description":"celimax Oil Control Mattifying Sun Stick SPF 50 saules aizsargkr\u0113ms pal\u012bdz kontrol\u0113t sebuma veido\u0161anos un nodro\u0161ina efekt\u012bvu aizsardz\u012bbu pret UV stariem","breadcrumb":{"@id":"https:\/\/www.facecorner.lv\/shop\/celimax-oil-control-mattifying-sun-stick-spf-50-pa\/#breadcrumb"},"inLanguage":"lv-LV","potentialAction":[{"@type":"ReadAction","target":["https:\/\/www.facecorner.lv\/shop\/celimax-oil-control-mattifying-sun-stick-spf-50-pa\/"]}]},{"@type":"ImageObject","inLanguage":"lv-LV","@id":"https:\/\/www.facecorner.lv\/shop\/celimax-oil-control-mattifying-sun-stick-spf-50-pa\/#primaryimage","url":"https:\/\/www.facecorner.lv\/wp-content\/uploads\/2025\/06\/CMXSM05SS22174416748171167d69a005e69.jpg","contentUrl":"https:\/\/www.facecorner.lv\/wp-content\/uploads\/2025\/06\/CMXSM05SS22174416748171167d69a005e69.jpg","width":500,"height":500,"caption":"celimax Oil Control Mattifying Sun Stick SPF 50"},{"@type":"BreadcrumbList","@id":"https:\/\/www.facecorner.lv\/shop\/celimax-oil-control-mattifying-sun-stick-spf-50-pa\/#breadcrumb","itemListElement":[{"@type":"ListItem","position":1,"name":"Home","item":"https:\/\/www.facecorner.lv\/"},{"@type":"ListItem","position":2,"name":"Veikals","item":"https:\/\/www.facecorner.lv\/shop\/"},{"@type":"ListItem","position":3,"name":"Celimax Oil Control Mattifying Sun Stick SPF 50+ PA++++"}]},{"@type":"WebSite","@id":"https:\/\/www.facecorner.lv\/#website","url":"https:\/\/www.facecorner.lv\/","name":"Facecorner","description":"","publisher":{"@id":"https:\/\/www.facecorner.lv\/#organization"},"potentialAction":[{"@type":"SearchAction","target":{"@type":"EntryPoint","urlTemplate":"https:\/\/www.facecorner.lv\/?s={search_term_string}"},"query-input":{"@type":"PropertyValueSpecification","valueRequired":true,"valueName":"search_term_string"}}],"inLanguage":"lv-LV"},{"@type":"Organization","@id":"https:\/\/www.facecorner.lv\/#organization","name":"Facecorner","url":"https:\/\/www.facecorner.lv\/","logo":{"@type":"ImageObject","inLanguage":"lv-LV","@id":"https:\/\/www.facecorner.lv\/#\/schema\/logo\/image\/","url":"https:\/\/www.facecorner.lv\/wp-content\/uploads\/2024\/04\/fc-logo.jpg","contentUrl":"https:\/\/www.facecorner.lv\/wp-content\/uploads\/2024\/04\/fc-logo.jpg","width":174,"height":28,"caption":"Facecorner"},"image":{"@id":"https:\/\/www.facecorner.lv\/#\/schema\/logo\/image\/"},"sameAs":["https:\/\/www.facebook.com\/profile.php?id=100063824551839","https:\/\/www.instagram.com\/facecorner_shop\/"]}]},"product_price_amount":"19.00","product_price_currency":"EUR","og_availability":"out of stock","product_availability":"out of stock","product_condition":"new"},"_links":{"self":[{"href":"https:\/\/www.facecorner.lv\/lv\/wp-json\/wp\/v2\/product\/24634","targetHints":{"allow":["GET"]}}],"collection":[{"href":"https:\/\/www.facecorner.lv\/lv\/wp-json\/wp\/v2\/product"}],"about":[{"href":"https:\/\/www.facecorner.lv\/lv\/wp-json\/wp\/v2\/types\/product"}],"replies":[{"embeddable":true,"href":"https:\/\/www.facecorner.lv\/lv\/wp-json\/wp\/v2\/comments?post=24634"}],"wp:featuredmedia":[{"embeddable":true,"href":"https:\/\/www.facecorner.lv\/lv\/wp-json\/wp\/v2\/media\/24635"}],"wp:attachment":[{"href":"https:\/\/www.facecorner.lv\/lv\/wp-json\/wp\/v2\/media?parent=24634"}],"wp:term":[{"taxonomy":"product_brand","embeddable":true,"href":"https:\/\/www.facecorner.lv\/lv\/wp-json\/wp\/v2\/product_brand?post=24634"},{"taxonomy":"product_cat","embeddable":true,"href":"https:\/\/www.facecorner.lv\/lv\/wp-json\/wp\/v2\/product_cat?post=24634"},{"taxonomy":"product_tag","embeddable":true,"href":"https:\/\/www.facecorner.lv\/lv\/wp-json\/wp\/v2\/product_tag?post=24634"},{"taxonomy":"berocket_brand","embeddable":true,"href":"https:\/\/www.facecorner.lv\/lv\/wp-json\/wp\/v2\/berocket_brand?post=24634"}],"curies":[{"name":"wp","href":"https:\/\/api.w.org\/{rel}","templated":true}]}}