{"id":24629,"date":"2025-06-25T14:29:17","date_gmt":"2025-06-25T11:29:17","guid":{"rendered":"https:\/\/www.facecorner.lv\/?post_type=product&#038;p=24629"},"modified":"2026-04-04T10:46:33","modified_gmt":"2026-04-04T07:46:33","slug":"celimax-poredark-spot-brightening-care-sunscreen-spf50-pa-50ml","status":"publish","type":"product","link":"https:\/\/www.facecorner.lv\/lv\/shop\/celimax-poredark-spot-brightening-care-sunscreen-spf50-pa-50ml\/","title":{"rendered":"Celimax Pore+Dark Spot Brightening Care Sunscreen SPF50+ PA++++ 50ml"},"content":{"rendered":"<p>Celimax Pore+Dark Spot Brightening Care Sunscreen SPF50 , kura pamat\u0101 ir jaun\u0101s paaudzes \u0137\u012bmiskie filtri, nodro\u0161ina dro\u0161u aizsardz\u012bbu pret saules staru kait\u012bgo iedarb\u012bbu un pal\u012bdz uzlabot un izl\u012bdzin\u0101t \u0101das kr\u0101su.<\/p>\n<ul>\n<li>Kr\u0113ms, kav\u0113jot melan\u012bna sint\u0113zi, blo\u0137\u0113 jaunu pigmenta plankumu ra\u0161anos, palielina \u0101das iztur\u012bbu pret br\u012bvajiem radik\u0101\u013ciem un UV starojumu.<\/li>\n<li>Sast\u0101v\u0101 eso\u0161\u0101 traneksam\u012bnsk\u0101be (1%) inhib\u0113 tirozin\u0101zi &#8211; enz\u012bmu, kas atbild\u012bgs par melan\u012bna sint\u0113zi, t\u0101d\u0113j\u0101di atbr\u012bvojoties no pigmenta plankumiem un nov\u0113r\u0161ot to turpm\u0101ku ra\u0161anos.<\/li>\n<li>Niacinam\u012bds (5%) sast\u0101v\u0101 regul\u0113 sebuma sekr\u0113ciju, tam piem\u012bt pretiekaisuma iedarb\u012bba, tas p\u012blingo atmiru\u0161\u0101s \u0161\u016bnas, izl\u012bdzina tonusu un mikroreljefu, mazina sastr\u0113gumu un vecuma plankumu ra\u0161anos, tam piem\u012bt sp\u0113c\u012bgs antioksidants potenci\u0101ls un tas stiprina epidermas barjeru.<\/li>\n<li>0,1% pantenola sast\u0101v\u0101 pa\u0101trina mikroboj\u0101jumu dz\u012b\u0161anu, m\u012bkstina un nomierina, mazina aps\u0101rtumu, uzlabo epidermas barjerfunkciju.<\/li>\n<\/ul>\n<p><strong>Lieto\u0161ana:<\/strong> P\u0113c visiem dienas kop\u0161anas darbiem uzkl\u0101jiet aptuveni 1,2 ml uz sejas un kakla 15-20 min\u016btes pirms do\u0161an\u0101s \u0101r\u0101, izkl\u0101jiet pa \u0101du. Atjaunojiet aizsargsl\u0101ni, kad atrodaties tie\u0161os saules staros (piem\u0113ram, pludmal\u0113), ik p\u0113c 2-3 stund\u0101m.<\/p>\n<p><strong>Sast\u0101vs<\/strong>: Water, Propanediol, Niacinamide, Dibutyl Adipate, Polymethylsilsesquioxane, Diisopropyl Sebacate, Diethylamino Hydroxybenzoyl Hexyl Benzoate, Ethylhexyl Triazone, Methylene Bis-benzotriazolyl Tetramethylbutylphenol, Coco-Caprylate\/Caprate, Diethylhexyl Butamido Triazone, 1,2-Hexanediol, Butylene Glycol, Caprylyl Methicone, Tranexamic Acid, Pentylene Glycol, Behenyl Alcohol, Poly C10-30 Alkyl Acrylate, Glycerin, Polyglyceryl-3 Methylglucose Distearate, Decyl Glucoside, Tromethamine, Carbomer, Acrylates\/C10-30 Alkyl Acrylate Crosspolymer, Panthenol, Sodium Stearoyl Glutamate, Polyacrylate Crosspolymer-6, Ethylhexylglycerin, Adenosine, Xanthan Gum, Tocopherol, Loquat Leaf Extract, Polyglyceryl-4 Isostearate, Caprylic\/Capric Triglyceride, Citric Acid, Spearmint Extract, Disteardimonium Hectorite, Quercetin<\/p>\n","protected":false},"excerpt":{"rendered":"<p>Celimax Pore+Dark Spot Brightening Care Sunscreen SPF50 , kura pamat\u0101 ir jaun\u0101s paaudzes \u0137\u012bmiskie filtri, nodro\u0161ina dro\u0161u aizsardz\u012bbu pret saules staru kait\u012bgo iedarb\u012bbu un pal\u012bdz uzlabot un izl\u012bdzin\u0101t \u0101das kr\u0101su.<\/p>\n","protected":false},"featured_media":24630,"comment_status":"open","ping_status":"closed","template":"","meta":{"site-sidebar-layout":"default","site-content-layout":"","ast-site-content-layout":"default","site-content-style":"default","site-sidebar-style":"default","ast-global-header-display":"","ast-banner-title-visibility":"","ast-main-header-display":"","ast-hfb-above-header-display":"","ast-hfb-below-header-display":"","ast-hfb-mobile-header-display":"","site-post-title":"","ast-breadcrumbs-content":"","ast-featured-img":"","footer-sml-layout":"","theme-transparent-header-meta":"default","adv-header-id-meta":"","stick-header-meta":"","header-above-stick-meta":"","header-main-stick-meta":"","header-below-stick-meta":"","astra-migrate-meta-layouts":"set","ast-page-background-enabled":"default","ast-page-background-meta":{"desktop":{"background-color":"var(--ast-global-color-4)","background-image":"","background-repeat":"repeat","background-position":"center center","background-size":"auto","background-attachment":"scroll","background-type":"","background-media":"","overlay-type":"","overlay-color":"","overlay-opacity":"","overlay-gradient":""},"tablet":{"background-color":"","background-image":"","background-repeat":"repeat","background-position":"center center","background-size":"auto","background-attachment":"scroll","background-type":"","background-media":"","overlay-type":"","overlay-color":"","overlay-opacity":"","overlay-gradient":""},"mobile":{"background-color":"","background-image":"","background-repeat":"repeat","background-position":"center center","background-size":"auto","background-attachment":"scroll","background-type":"","background-media":"","overlay-type":"","overlay-color":"","overlay-opacity":"","overlay-gradient":""}},"ast-content-background-meta":{"desktop":{"background-color":"var(--ast-global-color-5)","background-image":"","background-repeat":"repeat","background-position":"center center","background-size":"auto","background-attachment":"scroll","background-type":"","background-media":"","overlay-type":"","overlay-color":"","overlay-opacity":"","overlay-gradient":""},"tablet":{"background-color":"var(--ast-global-color-5)","background-image":"","background-repeat":"repeat","background-position":"center center","background-size":"auto","background-attachment":"scroll","background-type":"","background-media":"","overlay-type":"","overlay-color":"","overlay-opacity":"","overlay-gradient":""},"mobile":{"background-color":"var(--ast-global-color-5)","background-image":"","background-repeat":"repeat","background-position":"center center","background-size":"auto","background-attachment":"scroll","background-type":"","background-media":"","overlay-type":"","overlay-color":"","overlay-opacity":"","overlay-gradient":""}}},"product_brand":[],"product_cat":[512],"product_tag":[],"berocket_brand":[604],"class_list":{"0":"post-24629","1":"product","2":"type-product","3":"status-publish","4":"has-post-thumbnail","6":"product_cat-spf","7":"berocket_brand-celimax","8":"desktop-align-left","9":"tablet-align-left","10":"mobile-align-left","12":"first","13":"instock","14":"taxable","15":"shipping-taxable","16":"purchasable","17":"product-type-simple","18":"add-to-wishlist-before_image"},"yoast_head":"<!-- This site is optimized with the Yoast SEO plugin v27.3 - https:\/\/yoast.com\/product\/yoast-seo-wordpress\/ -->\n<title>Celimax Pore+Dark Spot Brightening Care Sunscreen SPF50+ PA++++ 50ml - FACECORNER<\/title>\n<meta name=\"description\" content=\"Celimax Pore+Dark Spot Brightening Care Sunscreen SPF50 , kura pamat\u0101 ir jaun\u0101s paaudzes \u0137\u012bmiskie filtri, nodro\u0161ina dro\u0161u aizsardz\u012bbu pret saules\" \/>\n<meta name=\"robots\" content=\"index, follow, max-snippet:-1, max-image-preview:large, max-video-preview:-1\" \/>\n<link rel=\"canonical\" href=\"https:\/\/www.facecorner.lv\/lv\/shop\/celimax-poredark-spot-brightening-care-sunscreen-spf50-pa-50ml\/\" \/>\n<meta property=\"og:locale\" content=\"lv_LV\" \/>\n<meta property=\"og:type\" content=\"article\" \/>\n<meta property=\"og:title\" content=\"Celimax Pore+Dark Spot Brightening Care Sunscreen SPF50+ PA++++ 50ml - FACECORNER\" \/>\n<meta property=\"og:description\" content=\"Celimax Pore+Dark Spot Brightening Care Sunscreen SPF50 , kura pamat\u0101 ir jaun\u0101s paaudzes \u0137\u012bmiskie filtri, nodro\u0161ina dro\u0161u aizsardz\u012bbu pret saules\" \/>\n<meta property=\"og:url\" content=\"https:\/\/www.facecorner.lv\/lv\/shop\/celimax-poredark-spot-brightening-care-sunscreen-spf50-pa-50ml\/\" \/>\n<meta property=\"og:site_name\" content=\"FACECORNER\" \/>\n<meta property=\"article:publisher\" content=\"https:\/\/www.facebook.com\/profile.php?id=100063824551839\" \/>\n<meta property=\"article:modified_time\" content=\"2026-04-04T07:46:33+00:00\" \/>\n<meta property=\"og:image\" content=\"https:\/\/www.facecorner.lv\/wp-content\/uploads\/2025\/06\/XXL_p0212699735.webp\" \/>\n\t<meta property=\"og:image:width\" content=\"640\" \/>\n\t<meta property=\"og:image:height\" content=\"640\" \/>\n\t<meta property=\"og:image:type\" content=\"image\/webp\" \/>\n<meta name=\"twitter:card\" content=\"summary_large_image\" \/>\n<meta name=\"twitter:label1\" content=\"Price\" \/>\n\t<meta name=\"twitter:data1\" content=\"&euro;27.50\" \/>\n\t<meta name=\"twitter:label2\" content=\"Availability\" \/>\n\t<meta name=\"twitter:data2\" content=\"In stock\" \/>\n<script type=\"application\/ld+json\" class=\"yoast-schema-graph\">{\"@context\":\"https:\\\/\\\/schema.org\",\"@graph\":[{\"@type\":\"WebPage\",\"@id\":\"https:\\\/\\\/www.facecorner.lv\\\/shop\\\/celimax-poredark-spot-brightening-care-sunscreen-spf50-pa-50ml\\\/\",\"url\":\"https:\\\/\\\/www.facecorner.lv\\\/shop\\\/celimax-poredark-spot-brightening-care-sunscreen-spf50-pa-50ml\\\/\",\"name\":\"Celimax Pore+Dark Spot Brightening Care Sunscreen SPF50+ PA++++ 50ml - FACECORNER\",\"isPartOf\":{\"@id\":\"https:\\\/\\\/www.facecorner.lv\\\/#website\"},\"primaryImageOfPage\":{\"@id\":\"https:\\\/\\\/www.facecorner.lv\\\/shop\\\/celimax-poredark-spot-brightening-care-sunscreen-spf50-pa-50ml\\\/#primaryimage\"},\"image\":{\"@id\":\"https:\\\/\\\/www.facecorner.lv\\\/shop\\\/celimax-poredark-spot-brightening-care-sunscreen-spf50-pa-50ml\\\/#primaryimage\"},\"thumbnailUrl\":\"https:\\\/\\\/www.facecorner.lv\\\/wp-content\\\/uploads\\\/2025\\\/06\\\/XXL_p0212699735.webp\",\"datePublished\":\"2025-06-25T11:29:17+00:00\",\"dateModified\":\"2026-04-04T07:46:33+00:00\",\"description\":\"Celimax Pore+Dark Spot Brightening Care Sunscreen SPF50 , kura pamat\u0101 ir jaun\u0101s paaudzes \u0137\u012bmiskie filtri, nodro\u0161ina dro\u0161u aizsardz\u012bbu pret saules\",\"breadcrumb\":{\"@id\":\"https:\\\/\\\/www.facecorner.lv\\\/shop\\\/celimax-poredark-spot-brightening-care-sunscreen-spf50-pa-50ml\\\/#breadcrumb\"},\"inLanguage\":\"lv-LV\",\"potentialAction\":[{\"@type\":\"ReadAction\",\"target\":[\"https:\\\/\\\/www.facecorner.lv\\\/shop\\\/celimax-poredark-spot-brightening-care-sunscreen-spf50-pa-50ml\\\/\"]}]},{\"@type\":\"ImageObject\",\"inLanguage\":\"lv-LV\",\"@id\":\"https:\\\/\\\/www.facecorner.lv\\\/shop\\\/celimax-poredark-spot-brightening-care-sunscreen-spf50-pa-50ml\\\/#primaryimage\",\"url\":\"https:\\\/\\\/www.facecorner.lv\\\/wp-content\\\/uploads\\\/2025\\\/06\\\/XXL_p0212699735.webp\",\"contentUrl\":\"https:\\\/\\\/www.facecorner.lv\\\/wp-content\\\/uploads\\\/2025\\\/06\\\/XXL_p0212699735.webp\",\"width\":640,\"height\":640,\"caption\":\"Celimax Pore+Dark Spot Brightening Care Sunscreen SPF50\"},{\"@type\":\"BreadcrumbList\",\"@id\":\"https:\\\/\\\/www.facecorner.lv\\\/shop\\\/celimax-poredark-spot-brightening-care-sunscreen-spf50-pa-50ml\\\/#breadcrumb\",\"itemListElement\":[{\"@type\":\"ListItem\",\"position\":1,\"name\":\"Home\",\"item\":\"https:\\\/\\\/www.facecorner.lv\\\/\"},{\"@type\":\"ListItem\",\"position\":2,\"name\":\"Veikals\",\"item\":\"https:\\\/\\\/www.facecorner.lv\\\/shop\\\/\"},{\"@type\":\"ListItem\",\"position\":3,\"name\":\"Celimax Pore+Dark Spot Brightening Care Sunscreen SPF50+ PA++++ 50ml\"}]},{\"@type\":\"WebSite\",\"@id\":\"https:\\\/\\\/www.facecorner.lv\\\/#website\",\"url\":\"https:\\\/\\\/www.facecorner.lv\\\/\",\"name\":\"Facecorner\",\"description\":\"\",\"publisher\":{\"@id\":\"https:\\\/\\\/www.facecorner.lv\\\/#organization\"},\"potentialAction\":[{\"@type\":\"SearchAction\",\"target\":{\"@type\":\"EntryPoint\",\"urlTemplate\":\"https:\\\/\\\/www.facecorner.lv\\\/?s={search_term_string}\"},\"query-input\":{\"@type\":\"PropertyValueSpecification\",\"valueRequired\":true,\"valueName\":\"search_term_string\"}}],\"inLanguage\":\"lv-LV\"},{\"@type\":\"Organization\",\"@id\":\"https:\\\/\\\/www.facecorner.lv\\\/#organization\",\"name\":\"Facecorner\",\"url\":\"https:\\\/\\\/www.facecorner.lv\\\/\",\"logo\":{\"@type\":\"ImageObject\",\"inLanguage\":\"lv-LV\",\"@id\":\"https:\\\/\\\/www.facecorner.lv\\\/#\\\/schema\\\/logo\\\/image\\\/\",\"url\":\"https:\\\/\\\/www.facecorner.lv\\\/wp-content\\\/uploads\\\/2024\\\/04\\\/fc-logo.jpg\",\"contentUrl\":\"https:\\\/\\\/www.facecorner.lv\\\/wp-content\\\/uploads\\\/2024\\\/04\\\/fc-logo.jpg\",\"width\":174,\"height\":28,\"caption\":\"Facecorner\"},\"image\":{\"@id\":\"https:\\\/\\\/www.facecorner.lv\\\/#\\\/schema\\\/logo\\\/image\\\/\"},\"sameAs\":[\"https:\\\/\\\/www.facebook.com\\\/profile.php?id=100063824551839\",\"https:\\\/\\\/www.instagram.com\\\/facecorner_shop\\\/\"]}]}<\/script>\n<meta property=\"product:price:amount\" content=\"27.50\" \/>\n<meta property=\"product:price:currency\" content=\"EUR\" \/>\n<meta property=\"og:availability\" content=\"instock\" \/>\n<meta property=\"product:availability\" content=\"instock\" \/>\n<meta property=\"product:condition\" content=\"new\" \/>\n<!-- \/ Yoast SEO plugin. -->","yoast_head_json":{"title":"Celimax Pore+Dark Spot Brightening Care Sunscreen SPF50+ PA++++ 50ml - FACECORNER","description":"Celimax Pore+Dark Spot Brightening Care Sunscreen SPF50 , kura pamat\u0101 ir jaun\u0101s paaudzes \u0137\u012bmiskie filtri, nodro\u0161ina dro\u0161u aizsardz\u012bbu pret saules","robots":{"index":"index","follow":"follow","max-snippet":"max-snippet:-1","max-image-preview":"max-image-preview:large","max-video-preview":"max-video-preview:-1"},"canonical":"https:\/\/www.facecorner.lv\/lv\/shop\/celimax-poredark-spot-brightening-care-sunscreen-spf50-pa-50ml\/","og_locale":"lv_LV","og_type":"article","og_title":"Celimax Pore+Dark Spot Brightening Care Sunscreen SPF50+ PA++++ 50ml - FACECORNER","og_description":"Celimax Pore+Dark Spot Brightening Care Sunscreen SPF50 , kura pamat\u0101 ir jaun\u0101s paaudzes \u0137\u012bmiskie filtri, nodro\u0161ina dro\u0161u aizsardz\u012bbu pret saules","og_url":"https:\/\/www.facecorner.lv\/lv\/shop\/celimax-poredark-spot-brightening-care-sunscreen-spf50-pa-50ml\/","og_site_name":"FACECORNER","article_publisher":"https:\/\/www.facebook.com\/profile.php?id=100063824551839","article_modified_time":"2026-04-04T07:46:33+00:00","og_image":[{"width":640,"height":640,"url":"https:\/\/www.facecorner.lv\/wp-content\/uploads\/2025\/06\/XXL_p0212699735.webp","type":"image\/webp"}],"twitter_card":"summary_large_image","twitter_misc":{"Price":"&euro;27.50","Availability":"In stock"},"schema":{"@context":"https:\/\/schema.org","@graph":[{"@type":"WebPage","@id":"https:\/\/www.facecorner.lv\/shop\/celimax-poredark-spot-brightening-care-sunscreen-spf50-pa-50ml\/","url":"https:\/\/www.facecorner.lv\/shop\/celimax-poredark-spot-brightening-care-sunscreen-spf50-pa-50ml\/","name":"Celimax Pore+Dark Spot Brightening Care Sunscreen SPF50+ PA++++ 50ml - FACECORNER","isPartOf":{"@id":"https:\/\/www.facecorner.lv\/#website"},"primaryImageOfPage":{"@id":"https:\/\/www.facecorner.lv\/shop\/celimax-poredark-spot-brightening-care-sunscreen-spf50-pa-50ml\/#primaryimage"},"image":{"@id":"https:\/\/www.facecorner.lv\/shop\/celimax-poredark-spot-brightening-care-sunscreen-spf50-pa-50ml\/#primaryimage"},"thumbnailUrl":"https:\/\/www.facecorner.lv\/wp-content\/uploads\/2025\/06\/XXL_p0212699735.webp","datePublished":"2025-06-25T11:29:17+00:00","dateModified":"2026-04-04T07:46:33+00:00","description":"Celimax Pore+Dark Spot Brightening Care Sunscreen SPF50 , kura pamat\u0101 ir jaun\u0101s paaudzes \u0137\u012bmiskie filtri, nodro\u0161ina dro\u0161u aizsardz\u012bbu pret saules","breadcrumb":{"@id":"https:\/\/www.facecorner.lv\/shop\/celimax-poredark-spot-brightening-care-sunscreen-spf50-pa-50ml\/#breadcrumb"},"inLanguage":"lv-LV","potentialAction":[{"@type":"ReadAction","target":["https:\/\/www.facecorner.lv\/shop\/celimax-poredark-spot-brightening-care-sunscreen-spf50-pa-50ml\/"]}]},{"@type":"ImageObject","inLanguage":"lv-LV","@id":"https:\/\/www.facecorner.lv\/shop\/celimax-poredark-spot-brightening-care-sunscreen-spf50-pa-50ml\/#primaryimage","url":"https:\/\/www.facecorner.lv\/wp-content\/uploads\/2025\/06\/XXL_p0212699735.webp","contentUrl":"https:\/\/www.facecorner.lv\/wp-content\/uploads\/2025\/06\/XXL_p0212699735.webp","width":640,"height":640,"caption":"Celimax Pore+Dark Spot Brightening Care Sunscreen SPF50"},{"@type":"BreadcrumbList","@id":"https:\/\/www.facecorner.lv\/shop\/celimax-poredark-spot-brightening-care-sunscreen-spf50-pa-50ml\/#breadcrumb","itemListElement":[{"@type":"ListItem","position":1,"name":"Home","item":"https:\/\/www.facecorner.lv\/"},{"@type":"ListItem","position":2,"name":"Veikals","item":"https:\/\/www.facecorner.lv\/shop\/"},{"@type":"ListItem","position":3,"name":"Celimax Pore+Dark Spot Brightening Care Sunscreen SPF50+ PA++++ 50ml"}]},{"@type":"WebSite","@id":"https:\/\/www.facecorner.lv\/#website","url":"https:\/\/www.facecorner.lv\/","name":"Facecorner","description":"","publisher":{"@id":"https:\/\/www.facecorner.lv\/#organization"},"potentialAction":[{"@type":"SearchAction","target":{"@type":"EntryPoint","urlTemplate":"https:\/\/www.facecorner.lv\/?s={search_term_string}"},"query-input":{"@type":"PropertyValueSpecification","valueRequired":true,"valueName":"search_term_string"}}],"inLanguage":"lv-LV"},{"@type":"Organization","@id":"https:\/\/www.facecorner.lv\/#organization","name":"Facecorner","url":"https:\/\/www.facecorner.lv\/","logo":{"@type":"ImageObject","inLanguage":"lv-LV","@id":"https:\/\/www.facecorner.lv\/#\/schema\/logo\/image\/","url":"https:\/\/www.facecorner.lv\/wp-content\/uploads\/2024\/04\/fc-logo.jpg","contentUrl":"https:\/\/www.facecorner.lv\/wp-content\/uploads\/2024\/04\/fc-logo.jpg","width":174,"height":28,"caption":"Facecorner"},"image":{"@id":"https:\/\/www.facecorner.lv\/#\/schema\/logo\/image\/"},"sameAs":["https:\/\/www.facebook.com\/profile.php?id=100063824551839","https:\/\/www.instagram.com\/facecorner_shop\/"]}]},"product_price_amount":"27.50","product_price_currency":"EUR","og_availability":"instock","product_availability":"instock","product_condition":"new"},"_links":{"self":[{"href":"https:\/\/www.facecorner.lv\/lv\/wp-json\/wp\/v2\/product\/24629","targetHints":{"allow":["GET"]}}],"collection":[{"href":"https:\/\/www.facecorner.lv\/lv\/wp-json\/wp\/v2\/product"}],"about":[{"href":"https:\/\/www.facecorner.lv\/lv\/wp-json\/wp\/v2\/types\/product"}],"replies":[{"embeddable":true,"href":"https:\/\/www.facecorner.lv\/lv\/wp-json\/wp\/v2\/comments?post=24629"}],"wp:featuredmedia":[{"embeddable":true,"href":"https:\/\/www.facecorner.lv\/lv\/wp-json\/wp\/v2\/media\/24630"}],"wp:attachment":[{"href":"https:\/\/www.facecorner.lv\/lv\/wp-json\/wp\/v2\/media?parent=24629"}],"wp:term":[{"taxonomy":"product_brand","embeddable":true,"href":"https:\/\/www.facecorner.lv\/lv\/wp-json\/wp\/v2\/product_brand?post=24629"},{"taxonomy":"product_cat","embeddable":true,"href":"https:\/\/www.facecorner.lv\/lv\/wp-json\/wp\/v2\/product_cat?post=24629"},{"taxonomy":"product_tag","embeddable":true,"href":"https:\/\/www.facecorner.lv\/lv\/wp-json\/wp\/v2\/product_tag?post=24629"},{"taxonomy":"berocket_brand","embeddable":true,"href":"https:\/\/www.facecorner.lv\/lv\/wp-json\/wp\/v2\/berocket_brand?post=24629"}],"curies":[{"name":"wp","href":"https:\/\/api.w.org\/{rel}","templated":true}]}}