{"id":24615,"date":"2025-06-24T22:39:03","date_gmt":"2025-06-24T19:39:03","guid":{"rendered":"https:\/\/www.facecorner.lv\/?post_type=product&#038;p=24615"},"modified":"2025-11-28T15:34:45","modified_gmt":"2025-11-28T12:34:45","slug":"one-days-you-help-me-honey-c-pad-60pcs","status":"publish","type":"product","link":"https:\/\/www.facecorner.lv\/lv\/shop\/one-days-you-help-me-honey-c-pad-60pcs\/","title":{"rendered":"One-Days You Help Me Honey-C Pad 60pcs"},"content":{"rendered":"<p>One-Days You Help Me Honey-C Pad\u00a0 sejas spilventi\u0146i ar medus ekstraktu, vitam\u012bniem un beta-glik\u0101nu intens\u012bvi mitrina un m\u012bkstina \u0101du, pie\u0161\u0137irot tai vesel\u012bgu mirdzumu.<\/p>\n<ul>\n<li>Dzi\u013ci mitrina un baro \u0101du, nov\u0113r\u0161 \u0101das sasprindzin\u0101jumu un dehidrat\u0101ciju.<\/li>\n<li>Veicina maigu p\u012blingu un izl\u012bdzina reljefu.<\/li>\n<li>Nov\u0113r\u0161 hiperpigment\u0101ciju un pal\u012bdz izl\u012bdzin\u0101t \u0101das toni, pie\u0161\u0137irot vesel\u012bgu mirdzumu.<\/li>\n<\/ul>\n<p><strong>Galven\u0101s sast\u0101vda\u013cas:<\/strong><\/p>\n<ul>\n<li>Nukle\u012bnsk\u0101be stimul\u0113 re\u0123ener\u0101cijas procesus, k\u0101 ar\u012b kolag\u0113na un elast\u012bna ra\u017eo\u0161anu.<\/li>\n<li>Kalamansi ekstraktam piem\u012bt sp\u0113c\u012bgs balino\u0161s efekts. Tas nov\u0113r\u0161 pigment\u0101ciju, izl\u012bdzina tonusu.<\/li>\n<li>Apels\u012bnu ekstraktam piem\u012bt antioksidanta iedarb\u012bba, tas pal\u012bdz izl\u012bdzin\u0101t \u0101das toni un mazina aps\u0101rtumu.<\/li>\n<li>Propolam piem\u012bt sp\u0113c\u012bga antioksidanta un pretiekaisuma iedarb\u012bba, tas atjauno \u0161\u016bnu membr\u0101nas un uzlabo \u0101das elast\u012bbu.<\/li>\n<li>C vitam\u012bns pal\u012bdz izl\u012bdzin\u0101t \u0101das toni, izgaismo vecuma plankumus, stimul\u0113 kolag\u0113na veido\u0161anos un tam piem\u012bt sp\u0113c\u012bga antioksidanta iedarb\u012bba, aizsarg\u0101jot \u0101du no br\u012bvajiem radik\u0101\u013ciem.<\/li>\n<li>Trehaloze stiprina \u0101das barjeras funkcijas, nov\u0113r\u0161 \u0101das lob\u012b\u0161anos un aps\u0101rtumu.<\/li>\n<li>Beta-glik\u0101ns atjauno \u0101das aizsargbarjeru, pal\u012bdz mazin\u0101t aps\u0101rtumu un nov\u0113r\u0161 mitruma zudumu.<\/li>\n<\/ul>\n<p><strong>Lieto\u0161ana:<\/strong> Noslaukiet att\u012br\u012btu \u0101du ar toniz\u0113jo\u0161o spilventi\u0146u un \u013caujiet atliku\u0161ajam sast\u0101vam ies\u016bkties. P\u0113c tam turpiniet pamatapr\u016bpi.<\/p>\n<p><strong>Sast\u0101vs:<\/strong> <span style=\"font-size: 16px;\">Water, Butylene Glycol, Pentaltylene Glycol, Nucleic Acid, Propanediol, Calamodin Extract, Orange Extract, Propolis Extract, Ascorbic Acid, Trehalose, Fermented Soybeans, Beta-Glucan, Betaine Salicylate, Glycerin, Allantoin, Polyglyceryl-10 Laurate, Sodium Citrate, Polyglyceryl- 10 myristate, essential oil of bergamot, ethyl esters of glycerol, denarius EDTA.<\/span><\/p>\n<div class=\"accordeon__item\"><\/div>\n","protected":false},"excerpt":{"rendered":"<p>One-Days You Help Me Honey-C Pad\u00a0 sejas spilventi\u0146i ar medus ekstraktu, vitam\u012bniem un beta-glik\u0101nu intens\u012bvi mitrina un m\u012bkstina \u0101du, pie\u0161\u0137irot tai vesel\u012bgu mirdzumu.<\/p>\n","protected":false},"featured_media":24616,"comment_status":"open","ping_status":"closed","template":"","meta":{"site-sidebar-layout":"default","site-content-layout":"","ast-site-content-layout":"default","site-content-style":"default","site-sidebar-style":"default","ast-global-header-display":"","ast-banner-title-visibility":"","ast-main-header-display":"","ast-hfb-above-header-display":"","ast-hfb-below-header-display":"","ast-hfb-mobile-header-display":"","site-post-title":"","ast-breadcrumbs-content":"","ast-featured-img":"","footer-sml-layout":"","theme-transparent-header-meta":"default","adv-header-id-meta":"","stick-header-meta":"","header-above-stick-meta":"","header-main-stick-meta":"","header-below-stick-meta":"","astra-migrate-meta-layouts":"set","ast-page-background-enabled":"default","ast-page-background-meta":{"desktop":{"background-color":"var(--ast-global-color-4)","background-image":"","background-repeat":"repeat","background-position":"center center","background-size":"auto","background-attachment":"scroll","background-type":"","background-media":"","overlay-type":"","overlay-color":"","overlay-opacity":"","overlay-gradient":""},"tablet":{"background-color":"","background-image":"","background-repeat":"repeat","background-position":"center center","background-size":"auto","background-attachment":"scroll","background-type":"","background-media":"","overlay-type":"","overlay-color":"","overlay-opacity":"","overlay-gradient":""},"mobile":{"background-color":"","background-image":"","background-repeat":"repeat","background-position":"center center","background-size":"auto","background-attachment":"scroll","background-type":"","background-media":"","overlay-type":"","overlay-color":"","overlay-opacity":"","overlay-gradient":""}},"ast-content-background-meta":{"desktop":{"background-color":"var(--ast-global-color-5)","background-image":"","background-repeat":"repeat","background-position":"center center","background-size":"auto","background-attachment":"scroll","background-type":"","background-media":"","overlay-type":"","overlay-color":"","overlay-opacity":"","overlay-gradient":""},"tablet":{"background-color":"var(--ast-global-color-5)","background-image":"","background-repeat":"repeat","background-position":"center center","background-size":"auto","background-attachment":"scroll","background-type":"","background-media":"","overlay-type":"","overlay-color":"","overlay-opacity":"","overlay-gradient":""},"mobile":{"background-color":"var(--ast-global-color-5)","background-image":"","background-repeat":"repeat","background-position":"center center","background-size":"auto","background-attachment":"scroll","background-type":"","background-media":"","overlay-type":"","overlay-color":"","overlay-opacity":"","overlay-gradient":""}}},"product_brand":[],"product_cat":[375,670,378,364],"product_tag":[],"berocket_brand":[637],"class_list":{"0":"post-24615","1":"product","2":"type-product","3":"status-publish","4":"has-post-thumbnail","6":"product_cat-jutigai-adai-toneri","7":"product_cat-pilinga-diski","8":"product_cat-sausai-adai-toneri","9":"product_cat-toneri","10":"berocket_brand-one-days-you","11":"desktop-align-left","12":"tablet-align-left","13":"mobile-align-left","15":"first","16":"instock","17":"taxable","18":"shipping-taxable","19":"purchasable","20":"product-type-simple","21":"add-to-wishlist-before_image"},"yoast_head":"<!-- This site is optimized with the Yoast SEO plugin v27.4 - https:\/\/yoast.com\/product\/yoast-seo-wordpress\/ -->\n<title>One-Days You Help Me Honey-C Pad 60pcs - FACECORNER<\/title>\n<meta name=\"description\" content=\"One-Days You Help Me Honey-C Pad\u00a0 sejas spilventi\u0146i ar medus ekstraktu, vitam\u012bniem un beta-glik\u0101nu intens\u012bvi mitrina un m\u012bkstina \u0101du\" \/>\n<meta name=\"robots\" content=\"index, follow, max-snippet:-1, max-image-preview:large, max-video-preview:-1\" \/>\n<link rel=\"canonical\" href=\"https:\/\/www.facecorner.lv\/lv\/shop\/one-days-you-help-me-honey-c-pad-60pcs\/\" \/>\n<meta property=\"og:locale\" content=\"lv_LV\" \/>\n<meta property=\"og:type\" content=\"article\" \/>\n<meta property=\"og:title\" content=\"One-Days You Help Me Honey-C Pad 60pcs - FACECORNER\" \/>\n<meta property=\"og:description\" content=\"One-Days You Help Me Honey-C Pad\u00a0 sejas spilventi\u0146i ar medus ekstraktu, vitam\u012bniem un beta-glik\u0101nu intens\u012bvi mitrina un m\u012bkstina \u0101du\" \/>\n<meta property=\"og:url\" content=\"https:\/\/www.facecorner.lv\/lv\/shop\/one-days-you-help-me-honey-c-pad-60pcs\/\" \/>\n<meta property=\"og:site_name\" content=\"FACECORNER\" \/>\n<meta property=\"article:publisher\" content=\"https:\/\/www.facebook.com\/profile.php?id=100063824551839\" \/>\n<meta property=\"article:modified_time\" content=\"2025-11-28T12:34:45+00:00\" \/>\n<meta property=\"og:image\" content=\"https:\/\/www.facecorner.lv\/wp-content\/uploads\/2025\/06\/one-days-you-22HELP-ME-HONEY-C-PAD-1024x1024-1.jpg\" \/>\n\t<meta property=\"og:image:width\" content=\"1024\" \/>\n\t<meta property=\"og:image:height\" content=\"1024\" \/>\n\t<meta property=\"og:image:type\" content=\"image\/jpeg\" \/>\n<meta name=\"twitter:card\" content=\"summary_large_image\" \/>\n<meta name=\"twitter:label1\" content=\"Price\" \/>\n\t<meta name=\"twitter:data1\" content=\"&euro;29.00\" \/>\n\t<meta name=\"twitter:label2\" content=\"Availability\" \/>\n\t<meta name=\"twitter:data2\" content=\"In stock\" \/>\n<script type=\"application\/ld+json\" class=\"yoast-schema-graph\">{\"@context\":\"https:\\\/\\\/schema.org\",\"@graph\":[{\"@type\":\"WebPage\",\"@id\":\"https:\\\/\\\/www.facecorner.lv\\\/shop\\\/one-days-you-help-me-honey-c-pad-60pcs\\\/\",\"url\":\"https:\\\/\\\/www.facecorner.lv\\\/shop\\\/one-days-you-help-me-honey-c-pad-60pcs\\\/\",\"name\":\"One-Days You Help Me Honey-C Pad 60pcs - FACECORNER\",\"isPartOf\":{\"@id\":\"https:\\\/\\\/www.facecorner.lv\\\/#website\"},\"primaryImageOfPage\":{\"@id\":\"https:\\\/\\\/www.facecorner.lv\\\/shop\\\/one-days-you-help-me-honey-c-pad-60pcs\\\/#primaryimage\"},\"image\":{\"@id\":\"https:\\\/\\\/www.facecorner.lv\\\/shop\\\/one-days-you-help-me-honey-c-pad-60pcs\\\/#primaryimage\"},\"thumbnailUrl\":\"https:\\\/\\\/www.facecorner.lv\\\/wp-content\\\/uploads\\\/2025\\\/06\\\/one-days-you-22HELP-ME-HONEY-C-PAD-1024x1024-1.jpg\",\"datePublished\":\"2025-06-24T19:39:03+00:00\",\"dateModified\":\"2025-11-28T12:34:45+00:00\",\"description\":\"One-Days You Help Me Honey-C Pad\u00a0 sejas spilventi\u0146i ar medus ekstraktu, vitam\u012bniem un beta-glik\u0101nu intens\u012bvi mitrina un m\u012bkstina \u0101du\",\"breadcrumb\":{\"@id\":\"https:\\\/\\\/www.facecorner.lv\\\/shop\\\/one-days-you-help-me-honey-c-pad-60pcs\\\/#breadcrumb\"},\"inLanguage\":\"lv-LV\",\"potentialAction\":[{\"@type\":\"ReadAction\",\"target\":[\"https:\\\/\\\/www.facecorner.lv\\\/shop\\\/one-days-you-help-me-honey-c-pad-60pcs\\\/\"]}]},{\"@type\":\"ImageObject\",\"inLanguage\":\"lv-LV\",\"@id\":\"https:\\\/\\\/www.facecorner.lv\\\/shop\\\/one-days-you-help-me-honey-c-pad-60pcs\\\/#primaryimage\",\"url\":\"https:\\\/\\\/www.facecorner.lv\\\/wp-content\\\/uploads\\\/2025\\\/06\\\/one-days-you-22HELP-ME-HONEY-C-PAD-1024x1024-1.jpg\",\"contentUrl\":\"https:\\\/\\\/www.facecorner.lv\\\/wp-content\\\/uploads\\\/2025\\\/06\\\/one-days-you-22HELP-ME-HONEY-C-PAD-1024x1024-1.jpg\",\"width\":1024,\"height\":1024,\"caption\":\"One-Days You Help Me Honey-C Pad\"},{\"@type\":\"BreadcrumbList\",\"@id\":\"https:\\\/\\\/www.facecorner.lv\\\/shop\\\/one-days-you-help-me-honey-c-pad-60pcs\\\/#breadcrumb\",\"itemListElement\":[{\"@type\":\"ListItem\",\"position\":1,\"name\":\"Home\",\"item\":\"https:\\\/\\\/www.facecorner.lv\\\/\"},{\"@type\":\"ListItem\",\"position\":2,\"name\":\"Veikals\",\"item\":\"https:\\\/\\\/www.facecorner.lv\\\/shop\\\/\"},{\"@type\":\"ListItem\",\"position\":3,\"name\":\"One-Days You Help Me Honey-C Pad 60pcs\"}]},{\"@type\":\"WebSite\",\"@id\":\"https:\\\/\\\/www.facecorner.lv\\\/#website\",\"url\":\"https:\\\/\\\/www.facecorner.lv\\\/\",\"name\":\"Facecorner\",\"description\":\"\",\"publisher\":{\"@id\":\"https:\\\/\\\/www.facecorner.lv\\\/#organization\"},\"potentialAction\":[{\"@type\":\"SearchAction\",\"target\":{\"@type\":\"EntryPoint\",\"urlTemplate\":\"https:\\\/\\\/www.facecorner.lv\\\/?s={search_term_string}\"},\"query-input\":{\"@type\":\"PropertyValueSpecification\",\"valueRequired\":true,\"valueName\":\"search_term_string\"}}],\"inLanguage\":\"lv-LV\"},{\"@type\":\"Organization\",\"@id\":\"https:\\\/\\\/www.facecorner.lv\\\/#organization\",\"name\":\"Facecorner\",\"url\":\"https:\\\/\\\/www.facecorner.lv\\\/\",\"logo\":{\"@type\":\"ImageObject\",\"inLanguage\":\"lv-LV\",\"@id\":\"https:\\\/\\\/www.facecorner.lv\\\/#\\\/schema\\\/logo\\\/image\\\/\",\"url\":\"https:\\\/\\\/www.facecorner.lv\\\/wp-content\\\/uploads\\\/2024\\\/04\\\/fc-logo.jpg\",\"contentUrl\":\"https:\\\/\\\/www.facecorner.lv\\\/wp-content\\\/uploads\\\/2024\\\/04\\\/fc-logo.jpg\",\"width\":174,\"height\":28,\"caption\":\"Facecorner\"},\"image\":{\"@id\":\"https:\\\/\\\/www.facecorner.lv\\\/#\\\/schema\\\/logo\\\/image\\\/\"},\"sameAs\":[\"https:\\\/\\\/www.facebook.com\\\/profile.php?id=100063824551839\",\"https:\\\/\\\/www.instagram.com\\\/facecorner_shop\\\/\"]}]}<\/script>\n<meta property=\"product:price:amount\" content=\"29.00\" \/>\n<meta property=\"product:price:currency\" content=\"EUR\" \/>\n<meta property=\"og:availability\" content=\"instock\" \/>\n<meta property=\"product:availability\" content=\"instock\" \/>\n<meta property=\"product:condition\" content=\"new\" \/>\n<!-- \/ Yoast SEO plugin. -->","yoast_head_json":{"title":"One-Days You Help Me Honey-C Pad 60pcs - FACECORNER","description":"One-Days You Help Me Honey-C Pad\u00a0 sejas spilventi\u0146i ar medus ekstraktu, vitam\u012bniem un beta-glik\u0101nu intens\u012bvi mitrina un m\u012bkstina \u0101du","robots":{"index":"index","follow":"follow","max-snippet":"max-snippet:-1","max-image-preview":"max-image-preview:large","max-video-preview":"max-video-preview:-1"},"canonical":"https:\/\/www.facecorner.lv\/lv\/shop\/one-days-you-help-me-honey-c-pad-60pcs\/","og_locale":"lv_LV","og_type":"article","og_title":"One-Days You Help Me Honey-C Pad 60pcs - FACECORNER","og_description":"One-Days You Help Me Honey-C Pad\u00a0 sejas spilventi\u0146i ar medus ekstraktu, vitam\u012bniem un beta-glik\u0101nu intens\u012bvi mitrina un m\u012bkstina \u0101du","og_url":"https:\/\/www.facecorner.lv\/lv\/shop\/one-days-you-help-me-honey-c-pad-60pcs\/","og_site_name":"FACECORNER","article_publisher":"https:\/\/www.facebook.com\/profile.php?id=100063824551839","article_modified_time":"2025-11-28T12:34:45+00:00","og_image":[{"width":1024,"height":1024,"url":"https:\/\/www.facecorner.lv\/wp-content\/uploads\/2025\/06\/one-days-you-22HELP-ME-HONEY-C-PAD-1024x1024-1.jpg","type":"image\/jpeg"}],"twitter_card":"summary_large_image","twitter_misc":{"Price":"&euro;29.00","Availability":"In stock"},"schema":{"@context":"https:\/\/schema.org","@graph":[{"@type":"WebPage","@id":"https:\/\/www.facecorner.lv\/shop\/one-days-you-help-me-honey-c-pad-60pcs\/","url":"https:\/\/www.facecorner.lv\/shop\/one-days-you-help-me-honey-c-pad-60pcs\/","name":"One-Days You Help Me Honey-C Pad 60pcs - FACECORNER","isPartOf":{"@id":"https:\/\/www.facecorner.lv\/#website"},"primaryImageOfPage":{"@id":"https:\/\/www.facecorner.lv\/shop\/one-days-you-help-me-honey-c-pad-60pcs\/#primaryimage"},"image":{"@id":"https:\/\/www.facecorner.lv\/shop\/one-days-you-help-me-honey-c-pad-60pcs\/#primaryimage"},"thumbnailUrl":"https:\/\/www.facecorner.lv\/wp-content\/uploads\/2025\/06\/one-days-you-22HELP-ME-HONEY-C-PAD-1024x1024-1.jpg","datePublished":"2025-06-24T19:39:03+00:00","dateModified":"2025-11-28T12:34:45+00:00","description":"One-Days You Help Me Honey-C Pad\u00a0 sejas spilventi\u0146i ar medus ekstraktu, vitam\u012bniem un beta-glik\u0101nu intens\u012bvi mitrina un m\u012bkstina \u0101du","breadcrumb":{"@id":"https:\/\/www.facecorner.lv\/shop\/one-days-you-help-me-honey-c-pad-60pcs\/#breadcrumb"},"inLanguage":"lv-LV","potentialAction":[{"@type":"ReadAction","target":["https:\/\/www.facecorner.lv\/shop\/one-days-you-help-me-honey-c-pad-60pcs\/"]}]},{"@type":"ImageObject","inLanguage":"lv-LV","@id":"https:\/\/www.facecorner.lv\/shop\/one-days-you-help-me-honey-c-pad-60pcs\/#primaryimage","url":"https:\/\/www.facecorner.lv\/wp-content\/uploads\/2025\/06\/one-days-you-22HELP-ME-HONEY-C-PAD-1024x1024-1.jpg","contentUrl":"https:\/\/www.facecorner.lv\/wp-content\/uploads\/2025\/06\/one-days-you-22HELP-ME-HONEY-C-PAD-1024x1024-1.jpg","width":1024,"height":1024,"caption":"One-Days You Help Me Honey-C Pad"},{"@type":"BreadcrumbList","@id":"https:\/\/www.facecorner.lv\/shop\/one-days-you-help-me-honey-c-pad-60pcs\/#breadcrumb","itemListElement":[{"@type":"ListItem","position":1,"name":"Home","item":"https:\/\/www.facecorner.lv\/"},{"@type":"ListItem","position":2,"name":"Veikals","item":"https:\/\/www.facecorner.lv\/shop\/"},{"@type":"ListItem","position":3,"name":"One-Days You Help Me Honey-C Pad 60pcs"}]},{"@type":"WebSite","@id":"https:\/\/www.facecorner.lv\/#website","url":"https:\/\/www.facecorner.lv\/","name":"Facecorner","description":"","publisher":{"@id":"https:\/\/www.facecorner.lv\/#organization"},"potentialAction":[{"@type":"SearchAction","target":{"@type":"EntryPoint","urlTemplate":"https:\/\/www.facecorner.lv\/?s={search_term_string}"},"query-input":{"@type":"PropertyValueSpecification","valueRequired":true,"valueName":"search_term_string"}}],"inLanguage":"lv-LV"},{"@type":"Organization","@id":"https:\/\/www.facecorner.lv\/#organization","name":"Facecorner","url":"https:\/\/www.facecorner.lv\/","logo":{"@type":"ImageObject","inLanguage":"lv-LV","@id":"https:\/\/www.facecorner.lv\/#\/schema\/logo\/image\/","url":"https:\/\/www.facecorner.lv\/wp-content\/uploads\/2024\/04\/fc-logo.jpg","contentUrl":"https:\/\/www.facecorner.lv\/wp-content\/uploads\/2024\/04\/fc-logo.jpg","width":174,"height":28,"caption":"Facecorner"},"image":{"@id":"https:\/\/www.facecorner.lv\/#\/schema\/logo\/image\/"},"sameAs":["https:\/\/www.facebook.com\/profile.php?id=100063824551839","https:\/\/www.instagram.com\/facecorner_shop\/"]}]},"product_price_amount":"29.00","product_price_currency":"EUR","og_availability":"instock","product_availability":"instock","product_condition":"new"},"_links":{"self":[{"href":"https:\/\/www.facecorner.lv\/lv\/wp-json\/wp\/v2\/product\/24615","targetHints":{"allow":["GET"]}}],"collection":[{"href":"https:\/\/www.facecorner.lv\/lv\/wp-json\/wp\/v2\/product"}],"about":[{"href":"https:\/\/www.facecorner.lv\/lv\/wp-json\/wp\/v2\/types\/product"}],"replies":[{"embeddable":true,"href":"https:\/\/www.facecorner.lv\/lv\/wp-json\/wp\/v2\/comments?post=24615"}],"wp:featuredmedia":[{"embeddable":true,"href":"https:\/\/www.facecorner.lv\/lv\/wp-json\/wp\/v2\/media\/24616"}],"wp:attachment":[{"href":"https:\/\/www.facecorner.lv\/lv\/wp-json\/wp\/v2\/media?parent=24615"}],"wp:term":[{"taxonomy":"product_brand","embeddable":true,"href":"https:\/\/www.facecorner.lv\/lv\/wp-json\/wp\/v2\/product_brand?post=24615"},{"taxonomy":"product_cat","embeddable":true,"href":"https:\/\/www.facecorner.lv\/lv\/wp-json\/wp\/v2\/product_cat?post=24615"},{"taxonomy":"product_tag","embeddable":true,"href":"https:\/\/www.facecorner.lv\/lv\/wp-json\/wp\/v2\/product_tag?post=24615"},{"taxonomy":"berocket_brand","embeddable":true,"href":"https:\/\/www.facecorner.lv\/lv\/wp-json\/wp\/v2\/berocket_brand?post=24615"}],"curies":[{"name":"wp","href":"https:\/\/api.w.org\/{rel}","templated":true}]}}