{"id":24599,"date":"2025-06-24T21:53:41","date_gmt":"2025-06-24T18:53:41","guid":{"rendered":"https:\/\/www.facecorner.lv\/?post_type=product&#038;p=24599"},"modified":"2025-12-12T08:19:24","modified_gmt":"2025-12-12T05:19:24","slug":"medicube-hyaluronic-multi-peptide-serum-30-ml","status":"publish","type":"product","link":"https:\/\/www.facecorner.lv\/lv\/shop\/medicube-hyaluronic-multi-peptide-serum-30-ml\/","title":{"rendered":"Medicube  Hyaluronic Multi Peptide Serum 30 ml"},"content":{"rendered":"<p>Medicube Hyaluronic Multi Peptide Serum\u00a0 formula, kas izstr\u0101d\u0101ta, lai p\u0101rveidotu j\u016bsu \u0101du,\u0161is augst\u0101k\u0101s kvalit\u0101tes serums apvieno 99 % augsti att\u012br\u012btas hialuronsk\u0101bes un sp\u0113c\u012bgus pept\u012bdus, kas nodro\u0161ina intens\u012bvu mitrin\u0101\u0161anu un nov\u0113r\u0161 \u0101das noveco\u0161anos.<\/p>\n<p>Uzlabot\u0101 formula dzi\u013ci ies\u016bcas \u0101d\u0101 un nodro\u0161ina l\u012bdz pat 144 stund\u0101m ilgu nep\u0101rtrauktu mitrin\u0101\u0161anu, uzlabojot \u0101das elast\u012bbu un tvirtumu.<\/p>\n<p>Ide\u0101li piem\u0113rots visiem \u0101das tipiem, tas nav lip\u012bgs, nekairina un pie\u0161\u0137ir \u0101dai starojo\u0161u mirdzumu.<\/p>\n<p><strong>Lieto\u0161ana:<\/strong> Pirms lieto\u0161anas sakratiet, lai samais\u012btu abus sl\u0101\u0146us.Uzkl\u0101jiet serumu uz att\u012br\u012btas un toniz\u0113tas \u0101das, viegli iep\u016btiet.Lietojiet katru dienu no r\u012bta un vakar\u0101.<\/p>\n<p><strong>Sast\u0101vs:<\/strong> Purified Water, Neopentyl Glycol Dicaprate, Propanediol, Glycerin, 1,2-Hexanediol, Niacinamide, Trehalose, Glyceryl Glucoside, Sorbitol, Sodium Hyaluronate (5,032.8 Ppm), Sodium Chloride, Panthenol, Ethylhexylglycerin, Allantoin, Adenosine, Disodium Edta, Glucose, Guava Leaf Extract, Guava Flower Extract, Butylene Glycol, Alpha-Arbutin, Squalane, Ivy Gourd Fruit Extract, Eggplant Fruit Extract, Sodium Dna, Aloe Barbadensis Flower Extract, Bergamot Oil, Sodium Hyaluronate Crosspolymer (8.03 Ppm), Holy Basil Leaf Extract, Jojoba Seed Oil, Coral Extract, Turmeric Root Extract, Acetyl Hexapeptide-8 (0.1 Ppm), Acetyl Tetrapeptide-3 (0.1 Ppm), Arginine\/Lysine Polypeptide (0.1 Ppm), Collagen Extract, Copper Tripeptide-1 (0.1 Ppm), Dipeptide-2 (0.1 Ppm), Hexapeptide-11 (0.1 Ppm), Nonapeptide-1 (0.1 Ppm), Oligopeptide-1 (0.1 Ppm), Palmitoyl Hexapeptide-12 (0.1 Ppm), Palmitoyl Pentapeptide-4 (0.1 Ppm), Palmitoyl Tetrapeptide-7 (0.1 Ppm), Palmitoyl Tripeptide-1 (0.1 Ppm), Tripeptide-1 (0.1 Ppm), Hyaluronic Acid (30 Ppb), Hydrolyzed Hyaluronic Acid (30 Ppb), Hydrolyzed Sodium Hyaluronate (30 Ppb), Hydroxypropyltrimonium Hyaluronate (30 Ppb), Potassium Hyaluronate (30 Ppb), Pentylene Glycol, Sodium Acetylated Hyaluronate (1 Ppb).<\/p>\n","protected":false},"excerpt":{"rendered":"<p>Medicube Hyaluronic Multi Peptide Serum\u00a0 formula, kas izstr\u0101d\u0101ta, lai p\u0101rveidotu j\u016bsu \u0101du.<br \/>\n\u0160is augst\u0101k\u0101s kvalit\u0101tes serums apvieno 99 % augsti att\u012br\u012btas hialuronsk\u0101bes un sp\u0113c\u012bgus pept\u012bdus<\/p>\n","protected":false},"featured_media":24600,"comment_status":"open","ping_status":"closed","template":"","meta":{"site-sidebar-layout":"default","site-content-layout":"","ast-site-content-layout":"default","site-content-style":"default","site-sidebar-style":"default","ast-global-header-display":"","ast-banner-title-visibility":"","ast-main-header-display":"","ast-hfb-above-header-display":"","ast-hfb-below-header-display":"","ast-hfb-mobile-header-display":"","site-post-title":"","ast-breadcrumbs-content":"","ast-featured-img":"","footer-sml-layout":"","theme-transparent-header-meta":"default","adv-header-id-meta":"","stick-header-meta":"","header-above-stick-meta":"","header-main-stick-meta":"","header-below-stick-meta":"","astra-migrate-meta-layouts":"set","ast-page-background-enabled":"default","ast-page-background-meta":{"desktop":{"background-color":"var(--ast-global-color-4)","background-image":"","background-repeat":"repeat","background-position":"center center","background-size":"auto","background-attachment":"scroll","background-type":"","background-media":"","overlay-type":"","overlay-color":"","overlay-opacity":"","overlay-gradient":""},"tablet":{"background-color":"","background-image":"","background-repeat":"repeat","background-position":"center center","background-size":"auto","background-attachment":"scroll","background-type":"","background-media":"","overlay-type":"","overlay-color":"","overlay-opacity":"","overlay-gradient":""},"mobile":{"background-color":"","background-image":"","background-repeat":"repeat","background-position":"center center","background-size":"auto","background-attachment":"scroll","background-type":"","background-media":"","overlay-type":"","overlay-color":"","overlay-opacity":"","overlay-gradient":""}},"ast-content-background-meta":{"desktop":{"background-color":"var(--ast-global-color-5)","background-image":"","background-repeat":"repeat","background-position":"center center","background-size":"auto","background-attachment":"scroll","background-type":"","background-media":"","overlay-type":"","overlay-color":"","overlay-opacity":"","overlay-gradient":""},"tablet":{"background-color":"var(--ast-global-color-5)","background-image":"","background-repeat":"repeat","background-position":"center center","background-size":"auto","background-attachment":"scroll","background-type":"","background-media":"","overlay-type":"","overlay-color":"","overlay-opacity":"","overlay-gradient":""},"mobile":{"background-color":"var(--ast-global-color-5)","background-image":"","background-repeat":"repeat","background-position":"center center","background-size":"auto","background-attachment":"scroll","background-type":"","background-media":"","overlay-type":"","overlay-color":"","overlay-opacity":"","overlay-gradient":""}}},"product_brand":[],"product_cat":[370,371,372,363],"product_tag":[],"berocket_brand":[579],"class_list":{"0":"post-24599","1":"product","2":"type-product","3":"status-publish","4":"has-post-thumbnail","6":"product_cat-adas-mirdzumam","7":"product_cat-anti-age","8":"product_cat-jutigai-adai-serumi","9":"product_cat-serumi","10":"berocket_brand-medicube","11":"desktop-align-left","12":"tablet-align-left","13":"mobile-align-left","15":"first","16":"outofstock","17":"taxable","18":"shipping-taxable","19":"purchasable","20":"product-type-simple","21":"add-to-wishlist-before_image"},"yoast_head":"<!-- This site is optimized with the Yoast SEO plugin v27.4 - https:\/\/yoast.com\/product\/yoast-seo-wordpress\/ -->\n<title>Medicube Hyaluronic Multi Peptide Serum 30 ml - FACECORNER<\/title>\n<meta name=\"description\" content=\"Medicube Hyaluronic Multi Peptide Serum\u00a0 formula, kas izstr\u0101d\u0101ta, lai p\u0101rveidotu j\u016bsu \u0101du, nodro\u0161ina intens\u012bvu mitrin\u0101\u0161anu un nov\u0113r\u0161 \u0101das noveco\u0161anos.\" \/>\n<meta name=\"robots\" content=\"index, follow, max-snippet:-1, max-image-preview:large, max-video-preview:-1\" \/>\n<link rel=\"canonical\" href=\"https:\/\/www.facecorner.lv\/lv\/shop\/medicube-hyaluronic-multi-peptide-serum-30-ml\/\" \/>\n<meta property=\"og:locale\" content=\"lv_LV\" \/>\n<meta property=\"og:type\" content=\"article\" \/>\n<meta property=\"og:title\" content=\"Medicube Hyaluronic Multi Peptide Serum 30 ml - FACECORNER\" \/>\n<meta property=\"og:description\" content=\"Medicube Hyaluronic Multi Peptide Serum\u00a0 formula, kas izstr\u0101d\u0101ta, lai p\u0101rveidotu j\u016bsu \u0101du, nodro\u0161ina intens\u012bvu mitrin\u0101\u0161anu un nov\u0113r\u0161 \u0101das noveco\u0161anos.\" \/>\n<meta property=\"og:url\" content=\"https:\/\/www.facecorner.lv\/lv\/shop\/medicube-hyaluronic-multi-peptide-serum-30-ml\/\" \/>\n<meta property=\"og:site_name\" content=\"FACECORNER\" \/>\n<meta property=\"article:publisher\" content=\"https:\/\/www.facebook.com\/profile.php?id=100063824551839\" \/>\n<meta property=\"article:modified_time\" content=\"2025-12-12T05:19:24+00:00\" \/>\n<meta property=\"og:image\" content=\"https:\/\/www.facecorner.lv\/wp-content\/uploads\/2025\/06\/XXL_p0217815188.webp\" \/>\n\t<meta property=\"og:image:width\" content=\"640\" \/>\n\t<meta property=\"og:image:height\" content=\"640\" \/>\n\t<meta property=\"og:image:type\" content=\"image\/webp\" \/>\n<meta name=\"twitter:card\" content=\"summary_large_image\" \/>\n<meta name=\"twitter:label1\" content=\"Price\" \/>\n\t<meta name=\"twitter:data1\" content=\"&euro;29.90\" \/>\n\t<meta name=\"twitter:label2\" content=\"Availability\" \/>\n\t<meta name=\"twitter:data2\" content=\"Out of stock\" \/>\n<script type=\"application\/ld+json\" class=\"yoast-schema-graph\">{\"@context\":\"https:\\\/\\\/schema.org\",\"@graph\":[{\"@type\":\"WebPage\",\"@id\":\"https:\\\/\\\/www.facecorner.lv\\\/shop\\\/medicube-hyaluronic-multi-peptide-serum-30-ml\\\/\",\"url\":\"https:\\\/\\\/www.facecorner.lv\\\/shop\\\/medicube-hyaluronic-multi-peptide-serum-30-ml\\\/\",\"name\":\"Medicube Hyaluronic Multi Peptide Serum 30 ml - FACECORNER\",\"isPartOf\":{\"@id\":\"https:\\\/\\\/www.facecorner.lv\\\/#website\"},\"primaryImageOfPage\":{\"@id\":\"https:\\\/\\\/www.facecorner.lv\\\/shop\\\/medicube-hyaluronic-multi-peptide-serum-30-ml\\\/#primaryimage\"},\"image\":{\"@id\":\"https:\\\/\\\/www.facecorner.lv\\\/shop\\\/medicube-hyaluronic-multi-peptide-serum-30-ml\\\/#primaryimage\"},\"thumbnailUrl\":\"https:\\\/\\\/www.facecorner.lv\\\/wp-content\\\/uploads\\\/2025\\\/06\\\/XXL_p0217815188.webp\",\"datePublished\":\"2025-06-24T18:53:41+00:00\",\"dateModified\":\"2025-12-12T05:19:24+00:00\",\"description\":\"Medicube Hyaluronic Multi Peptide Serum\u00a0 formula, kas izstr\u0101d\u0101ta, lai p\u0101rveidotu j\u016bsu \u0101du, nodro\u0161ina intens\u012bvu mitrin\u0101\u0161anu un nov\u0113r\u0161 \u0101das noveco\u0161anos.\",\"breadcrumb\":{\"@id\":\"https:\\\/\\\/www.facecorner.lv\\\/shop\\\/medicube-hyaluronic-multi-peptide-serum-30-ml\\\/#breadcrumb\"},\"inLanguage\":\"lv-LV\",\"potentialAction\":[{\"@type\":\"ReadAction\",\"target\":[\"https:\\\/\\\/www.facecorner.lv\\\/shop\\\/medicube-hyaluronic-multi-peptide-serum-30-ml\\\/\"]}]},{\"@type\":\"ImageObject\",\"inLanguage\":\"lv-LV\",\"@id\":\"https:\\\/\\\/www.facecorner.lv\\\/shop\\\/medicube-hyaluronic-multi-peptide-serum-30-ml\\\/#primaryimage\",\"url\":\"https:\\\/\\\/www.facecorner.lv\\\/wp-content\\\/uploads\\\/2025\\\/06\\\/XXL_p0217815188.webp\",\"contentUrl\":\"https:\\\/\\\/www.facecorner.lv\\\/wp-content\\\/uploads\\\/2025\\\/06\\\/XXL_p0217815188.webp\",\"width\":640,\"height\":640,\"caption\":\"Medicube Hyaluronic Multi Peptide Serum\"},{\"@type\":\"BreadcrumbList\",\"@id\":\"https:\\\/\\\/www.facecorner.lv\\\/shop\\\/medicube-hyaluronic-multi-peptide-serum-30-ml\\\/#breadcrumb\",\"itemListElement\":[{\"@type\":\"ListItem\",\"position\":1,\"name\":\"Home\",\"item\":\"https:\\\/\\\/www.facecorner.lv\\\/\"},{\"@type\":\"ListItem\",\"position\":2,\"name\":\"Veikals\",\"item\":\"https:\\\/\\\/www.facecorner.lv\\\/shop\\\/\"},{\"@type\":\"ListItem\",\"position\":3,\"name\":\"Medicube Hyaluronic Multi Peptide Serum 30 ml\"}]},{\"@type\":\"WebSite\",\"@id\":\"https:\\\/\\\/www.facecorner.lv\\\/#website\",\"url\":\"https:\\\/\\\/www.facecorner.lv\\\/\",\"name\":\"Facecorner\",\"description\":\"\",\"publisher\":{\"@id\":\"https:\\\/\\\/www.facecorner.lv\\\/#organization\"},\"potentialAction\":[{\"@type\":\"SearchAction\",\"target\":{\"@type\":\"EntryPoint\",\"urlTemplate\":\"https:\\\/\\\/www.facecorner.lv\\\/?s={search_term_string}\"},\"query-input\":{\"@type\":\"PropertyValueSpecification\",\"valueRequired\":true,\"valueName\":\"search_term_string\"}}],\"inLanguage\":\"lv-LV\"},{\"@type\":\"Organization\",\"@id\":\"https:\\\/\\\/www.facecorner.lv\\\/#organization\",\"name\":\"Facecorner\",\"url\":\"https:\\\/\\\/www.facecorner.lv\\\/\",\"logo\":{\"@type\":\"ImageObject\",\"inLanguage\":\"lv-LV\",\"@id\":\"https:\\\/\\\/www.facecorner.lv\\\/#\\\/schema\\\/logo\\\/image\\\/\",\"url\":\"https:\\\/\\\/www.facecorner.lv\\\/wp-content\\\/uploads\\\/2024\\\/04\\\/fc-logo.jpg\",\"contentUrl\":\"https:\\\/\\\/www.facecorner.lv\\\/wp-content\\\/uploads\\\/2024\\\/04\\\/fc-logo.jpg\",\"width\":174,\"height\":28,\"caption\":\"Facecorner\"},\"image\":{\"@id\":\"https:\\\/\\\/www.facecorner.lv\\\/#\\\/schema\\\/logo\\\/image\\\/\"},\"sameAs\":[\"https:\\\/\\\/www.facebook.com\\\/profile.php?id=100063824551839\",\"https:\\\/\\\/www.instagram.com\\\/facecorner_shop\\\/\"]}]}<\/script>\n<meta property=\"product:price:amount\" content=\"29.90\" \/>\n<meta property=\"product:price:currency\" content=\"EUR\" \/>\n<meta property=\"og:availability\" content=\"out of stock\" \/>\n<meta property=\"product:availability\" content=\"out of stock\" \/>\n<meta property=\"product:condition\" content=\"new\" \/>\n<!-- \/ Yoast SEO plugin. -->","yoast_head_json":{"title":"Medicube Hyaluronic Multi Peptide Serum 30 ml - FACECORNER","description":"Medicube Hyaluronic Multi Peptide Serum\u00a0 formula, kas izstr\u0101d\u0101ta, lai p\u0101rveidotu j\u016bsu \u0101du, nodro\u0161ina intens\u012bvu mitrin\u0101\u0161anu un nov\u0113r\u0161 \u0101das noveco\u0161anos.","robots":{"index":"index","follow":"follow","max-snippet":"max-snippet:-1","max-image-preview":"max-image-preview:large","max-video-preview":"max-video-preview:-1"},"canonical":"https:\/\/www.facecorner.lv\/lv\/shop\/medicube-hyaluronic-multi-peptide-serum-30-ml\/","og_locale":"lv_LV","og_type":"article","og_title":"Medicube Hyaluronic Multi Peptide Serum 30 ml - FACECORNER","og_description":"Medicube Hyaluronic Multi Peptide Serum\u00a0 formula, kas izstr\u0101d\u0101ta, lai p\u0101rveidotu j\u016bsu \u0101du, nodro\u0161ina intens\u012bvu mitrin\u0101\u0161anu un nov\u0113r\u0161 \u0101das noveco\u0161anos.","og_url":"https:\/\/www.facecorner.lv\/lv\/shop\/medicube-hyaluronic-multi-peptide-serum-30-ml\/","og_site_name":"FACECORNER","article_publisher":"https:\/\/www.facebook.com\/profile.php?id=100063824551839","article_modified_time":"2025-12-12T05:19:24+00:00","og_image":[{"width":640,"height":640,"url":"https:\/\/www.facecorner.lv\/wp-content\/uploads\/2025\/06\/XXL_p0217815188.webp","type":"image\/webp"}],"twitter_card":"summary_large_image","twitter_misc":{"Price":"&euro;29.90","Availability":"Out of stock"},"schema":{"@context":"https:\/\/schema.org","@graph":[{"@type":"WebPage","@id":"https:\/\/www.facecorner.lv\/shop\/medicube-hyaluronic-multi-peptide-serum-30-ml\/","url":"https:\/\/www.facecorner.lv\/shop\/medicube-hyaluronic-multi-peptide-serum-30-ml\/","name":"Medicube Hyaluronic Multi Peptide Serum 30 ml - FACECORNER","isPartOf":{"@id":"https:\/\/www.facecorner.lv\/#website"},"primaryImageOfPage":{"@id":"https:\/\/www.facecorner.lv\/shop\/medicube-hyaluronic-multi-peptide-serum-30-ml\/#primaryimage"},"image":{"@id":"https:\/\/www.facecorner.lv\/shop\/medicube-hyaluronic-multi-peptide-serum-30-ml\/#primaryimage"},"thumbnailUrl":"https:\/\/www.facecorner.lv\/wp-content\/uploads\/2025\/06\/XXL_p0217815188.webp","datePublished":"2025-06-24T18:53:41+00:00","dateModified":"2025-12-12T05:19:24+00:00","description":"Medicube Hyaluronic Multi Peptide Serum\u00a0 formula, kas izstr\u0101d\u0101ta, lai p\u0101rveidotu j\u016bsu \u0101du, nodro\u0161ina intens\u012bvu mitrin\u0101\u0161anu un nov\u0113r\u0161 \u0101das noveco\u0161anos.","breadcrumb":{"@id":"https:\/\/www.facecorner.lv\/shop\/medicube-hyaluronic-multi-peptide-serum-30-ml\/#breadcrumb"},"inLanguage":"lv-LV","potentialAction":[{"@type":"ReadAction","target":["https:\/\/www.facecorner.lv\/shop\/medicube-hyaluronic-multi-peptide-serum-30-ml\/"]}]},{"@type":"ImageObject","inLanguage":"lv-LV","@id":"https:\/\/www.facecorner.lv\/shop\/medicube-hyaluronic-multi-peptide-serum-30-ml\/#primaryimage","url":"https:\/\/www.facecorner.lv\/wp-content\/uploads\/2025\/06\/XXL_p0217815188.webp","contentUrl":"https:\/\/www.facecorner.lv\/wp-content\/uploads\/2025\/06\/XXL_p0217815188.webp","width":640,"height":640,"caption":"Medicube Hyaluronic Multi Peptide Serum"},{"@type":"BreadcrumbList","@id":"https:\/\/www.facecorner.lv\/shop\/medicube-hyaluronic-multi-peptide-serum-30-ml\/#breadcrumb","itemListElement":[{"@type":"ListItem","position":1,"name":"Home","item":"https:\/\/www.facecorner.lv\/"},{"@type":"ListItem","position":2,"name":"Veikals","item":"https:\/\/www.facecorner.lv\/shop\/"},{"@type":"ListItem","position":3,"name":"Medicube Hyaluronic Multi Peptide Serum 30 ml"}]},{"@type":"WebSite","@id":"https:\/\/www.facecorner.lv\/#website","url":"https:\/\/www.facecorner.lv\/","name":"Facecorner","description":"","publisher":{"@id":"https:\/\/www.facecorner.lv\/#organization"},"potentialAction":[{"@type":"SearchAction","target":{"@type":"EntryPoint","urlTemplate":"https:\/\/www.facecorner.lv\/?s={search_term_string}"},"query-input":{"@type":"PropertyValueSpecification","valueRequired":true,"valueName":"search_term_string"}}],"inLanguage":"lv-LV"},{"@type":"Organization","@id":"https:\/\/www.facecorner.lv\/#organization","name":"Facecorner","url":"https:\/\/www.facecorner.lv\/","logo":{"@type":"ImageObject","inLanguage":"lv-LV","@id":"https:\/\/www.facecorner.lv\/#\/schema\/logo\/image\/","url":"https:\/\/www.facecorner.lv\/wp-content\/uploads\/2024\/04\/fc-logo.jpg","contentUrl":"https:\/\/www.facecorner.lv\/wp-content\/uploads\/2024\/04\/fc-logo.jpg","width":174,"height":28,"caption":"Facecorner"},"image":{"@id":"https:\/\/www.facecorner.lv\/#\/schema\/logo\/image\/"},"sameAs":["https:\/\/www.facebook.com\/profile.php?id=100063824551839","https:\/\/www.instagram.com\/facecorner_shop\/"]}]},"product_price_amount":"29.90","product_price_currency":"EUR","og_availability":"out of stock","product_availability":"out of stock","product_condition":"new"},"_links":{"self":[{"href":"https:\/\/www.facecorner.lv\/lv\/wp-json\/wp\/v2\/product\/24599","targetHints":{"allow":["GET"]}}],"collection":[{"href":"https:\/\/www.facecorner.lv\/lv\/wp-json\/wp\/v2\/product"}],"about":[{"href":"https:\/\/www.facecorner.lv\/lv\/wp-json\/wp\/v2\/types\/product"}],"replies":[{"embeddable":true,"href":"https:\/\/www.facecorner.lv\/lv\/wp-json\/wp\/v2\/comments?post=24599"}],"wp:featuredmedia":[{"embeddable":true,"href":"https:\/\/www.facecorner.lv\/lv\/wp-json\/wp\/v2\/media\/24600"}],"wp:attachment":[{"href":"https:\/\/www.facecorner.lv\/lv\/wp-json\/wp\/v2\/media?parent=24599"}],"wp:term":[{"taxonomy":"product_brand","embeddable":true,"href":"https:\/\/www.facecorner.lv\/lv\/wp-json\/wp\/v2\/product_brand?post=24599"},{"taxonomy":"product_cat","embeddable":true,"href":"https:\/\/www.facecorner.lv\/lv\/wp-json\/wp\/v2\/product_cat?post=24599"},{"taxonomy":"product_tag","embeddable":true,"href":"https:\/\/www.facecorner.lv\/lv\/wp-json\/wp\/v2\/product_tag?post=24599"},{"taxonomy":"berocket_brand","embeddable":true,"href":"https:\/\/www.facecorner.lv\/lv\/wp-json\/wp\/v2\/berocket_brand?post=24599"}],"curies":[{"name":"wp","href":"https:\/\/api.w.org\/{rel}","templated":true}]}}