{"id":24582,"date":"2025-06-20T13:37:14","date_gmt":"2025-06-20T10:37:14","guid":{"rendered":"https:\/\/www.facecorner.lv\/?post_type=product&#038;p=24582"},"modified":"2025-10-09T13:58:38","modified_gmt":"2025-10-09T10:58:38","slug":"bioheal-boh-probioderm-collagen-remodeling-serum-gel-mask","status":"publish","type":"product","link":"https:\/\/www.facecorner.lv\/lv\/shop\/bioheal-boh-probioderm-collagen-remodeling-serum-gel-mask\/","title":{"rendered":"BIOHEAL BOH Probioderm Collagen Remodeling serum gel mask"},"content":{"rendered":"<p>BIOHEAL BOH Probioderm Collagen Remodeling serum gel mask maska ir paredz\u0113ta visiem \u0101das tipiem ar izteiktu elast\u012bbas zudumu, sausumu, ptozi, p\u016bt\u012bt\u0113m un nokritu\u0161u sejas ov\u0101lu.<\/p>\n<p>Sabalans\u0113t\u0101 atjaunojo\u0161o sast\u0101vda\u013cu formula atjauno elast\u012bbu, palielina turgoru, samazina piet\u016bkumu, nostiprina sejas ov\u0101lu un izl\u012bdzina grumbas. Masku ieteicams lietot kursos.<\/p>\n<p><strong>Lieto\u0161ana:<\/strong> Maskas vienm\u0113r\u012bgi uzkl\u0101jiet uz att\u012br\u012btas, toniz\u0113tas \u0101das, 35-40 min\u016btes p\u0113c tam, kad kolag\u0113na kapsulas ir iz\u0161\u0137\u012bdu\u0161as, no\u0146emiet masku un ar pirkstu galiem maigi iepiliniet atliku\u0161o esenci.<\/p>\n<p><strong>Sast\u0101vs:<\/strong> <span style=\"font-size: 16px;\">Water, Glycerin, Propanediol, Methylpropanediol, Phenyl Trimethicone, Lactobacillus Ferment, Pentylene Glycol, Collagen(40 ppm), Collagen Extract(40 ppm), Oenothera Biennis (Evening Primrose) Flower Extract, Ulmus Davidiana Root Extract, Pinus Palustris Leaf Extract, Pueraria Lobata Root Extract, Hydrogenated Lecithin, Phytosterols, Vinyl Dimethicone, 1,2-Hexanediol, Panthenol, Polymethylsilsesquioxane, Arachidyl Alcohol, Ammonium Acryloyldimethyltaurate\/VP Copolymer, Hydroxyethyl Acrylate\/Sodium Acryloyldimethyl Taurate Copolymer, Betaine, Hydroxyacetophenone, Dimethiconol, Stearic Acid, Behenyl Alcohol, Arachidyl Glucoside, Ethylhexylglycerin, Cetearyl Alcohol, Adenosine,Acrylates\/C10-30 Alkyl Acrylate Crosspolymer, Butylene Glycol, Ceramide NP, Sorbitan Isostearate, Tromethamine, 3-O-Ethyl Ascorbic Acid, Xanthan Gum, Beta-Glucan, Hydrolyzed Corn Starch, Glycosaminoglycan, Hydrolyzed Elastin, Sucrose, Cyanocobalamin, Fructooligosaccharide, Tocopherol, Gluconolactone, Capryloyl Salicylic Acid, Tannic Acid, Hydroxypropyl Cyclodextrin, Fructan, Inulin, Nonapeptide-1,Dipeptide Diaminobutyroyl Benzylamide Diacetate, Acetyl Hexapeptide-8, Copper Tripeptide-1, Caprylic\/Capric Triglyceride, Tripeptide-1, Palmitoyl Tetrapeptide-7, Palmitoyl Tetrapeptide-1, Palmitoyl Tetrapeptide-5, Palmitoyl Pentapeptide-4, Palmitoyl Hexapeptide-12, Pentapeptide-3, Hexapeptide-9, Sucrose Distearate, Fragrance<\/span><\/p>\n<p>&nbsp;<\/p>\n","protected":false},"excerpt":{"rendered":"<p>BIOHEAL BOH Probioderm Collagen Remodeling serum gel mask maska ir paredz\u0113ta visiem \u0101das tipiem ar izteiktu elast\u012bbas zudumu, sausumu, ptozi.<\/p>\n","protected":false},"featured_media":24583,"comment_status":"open","ping_status":"closed","template":"","meta":{"site-sidebar-layout":"default","site-content-layout":"","ast-site-content-layout":"default","site-content-style":"default","site-sidebar-style":"default","ast-global-header-display":"","ast-banner-title-visibility":"","ast-main-header-display":"","ast-hfb-above-header-display":"","ast-hfb-below-header-display":"","ast-hfb-mobile-header-display":"","site-post-title":"","ast-breadcrumbs-content":"","ast-featured-img":"","footer-sml-layout":"","theme-transparent-header-meta":"default","adv-header-id-meta":"","stick-header-meta":"","header-above-stick-meta":"","header-main-stick-meta":"","header-below-stick-meta":"","astra-migrate-meta-layouts":"set","ast-page-background-enabled":"default","ast-page-background-meta":{"desktop":{"background-color":"var(--ast-global-color-4)","background-image":"","background-repeat":"repeat","background-position":"center center","background-size":"auto","background-attachment":"scroll","background-type":"","background-media":"","overlay-type":"","overlay-color":"","overlay-opacity":"","overlay-gradient":""},"tablet":{"background-color":"","background-image":"","background-repeat":"repeat","background-position":"center center","background-size":"auto","background-attachment":"scroll","background-type":"","background-media":"","overlay-type":"","overlay-color":"","overlay-opacity":"","overlay-gradient":""},"mobile":{"background-color":"","background-image":"","background-repeat":"repeat","background-position":"center center","background-size":"auto","background-attachment":"scroll","background-type":"","background-media":"","overlay-type":"","overlay-color":"","overlay-opacity":"","overlay-gradient":""}},"ast-content-background-meta":{"desktop":{"background-color":"var(--ast-global-color-5)","background-image":"","background-repeat":"repeat","background-position":"center center","background-size":"auto","background-attachment":"scroll","background-type":"","background-media":"","overlay-type":"","overlay-color":"","overlay-opacity":"","overlay-gradient":""},"tablet":{"background-color":"var(--ast-global-color-5)","background-image":"","background-repeat":"repeat","background-position":"center center","background-size":"auto","background-attachment":"scroll","background-type":"","background-media":"","overlay-type":"","overlay-color":"","overlay-opacity":"","overlay-gradient":""},"mobile":{"background-color":"var(--ast-global-color-5)","background-image":"","background-repeat":"repeat","background-position":"center center","background-size":"auto","background-attachment":"scroll","background-type":"","background-media":"","overlay-type":"","overlay-color":"","overlay-opacity":"","overlay-gradient":""}}},"product_brand":[],"product_cat":[325,315],"product_tag":[],"berocket_brand":[636],"class_list":{"0":"post-24582","1":"product","2":"type-product","3":"status-publish","4":"has-post-thumbnail","6":"product_cat-hidrogela","7":"product_cat-maskas","8":"berocket_brand-bioheal-boh","9":"desktop-align-left","10":"tablet-align-left","11":"mobile-align-left","13":"first","14":"outofstock","15":"taxable","16":"shipping-taxable","17":"purchasable","18":"product-type-simple","19":"add-to-wishlist-before_image"},"yoast_head":"<!-- This site is optimized with the Yoast SEO plugin v27.3 - https:\/\/yoast.com\/product\/yoast-seo-wordpress\/ -->\n<title>BIOHEAL BOH Probioderm Collagen Remodeling serum gel mask - FACECORNER<\/title>\n<meta name=\"description\" content=\"BIOHEAL BOH Probioderm Collagen Remodeling serum gel mask maska ir paredz\u0113ta visiem \u0101das tipiem ar izteiktu elast\u012bbas zudumu, sausumu, ptozi.\" \/>\n<meta name=\"robots\" content=\"index, follow, max-snippet:-1, max-image-preview:large, max-video-preview:-1\" \/>\n<link rel=\"canonical\" href=\"https:\/\/www.facecorner.lv\/lv\/shop\/bioheal-boh-probioderm-collagen-remodeling-serum-gel-mask\/\" \/>\n<meta property=\"og:locale\" content=\"lv_LV\" \/>\n<meta property=\"og:type\" content=\"article\" \/>\n<meta property=\"og:title\" content=\"BIOHEAL BOH Probioderm Collagen Remodeling serum gel mask - FACECORNER\" \/>\n<meta property=\"og:description\" content=\"BIOHEAL BOH Probioderm Collagen Remodeling serum gel mask maska ir paredz\u0113ta visiem \u0101das tipiem ar izteiktu elast\u012bbas zudumu, sausumu, ptozi.\" \/>\n<meta property=\"og:url\" content=\"https:\/\/www.facecorner.lv\/lv\/shop\/bioheal-boh-probioderm-collagen-remodeling-serum-gel-mask\/\" \/>\n<meta property=\"og:site_name\" content=\"FACECORNER\" \/>\n<meta property=\"article:publisher\" content=\"https:\/\/www.facebook.com\/profile.php?id=100063824551839\" \/>\n<meta property=\"article:modified_time\" content=\"2025-10-09T10:58:38+00:00\" \/>\n<meta property=\"og:image\" content=\"https:\/\/www.facecorner.lv\/wp-content\/uploads\/2025\/06\/sg-11134207-7rdw8-lxjf1eyxhcaue8.jpeg\" \/>\n\t<meta property=\"og:image:width\" content=\"1024\" \/>\n\t<meta property=\"og:image:height\" content=\"1024\" \/>\n\t<meta property=\"og:image:type\" content=\"image\/jpeg\" \/>\n<meta name=\"twitter:card\" content=\"summary_large_image\" \/>\n<meta name=\"twitter:label1\" content=\"Price\" \/>\n\t<meta name=\"twitter:data1\" content=\"&euro;6.50\" \/>\n\t<meta name=\"twitter:label2\" content=\"Availability\" \/>\n\t<meta name=\"twitter:data2\" content=\"Out of stock\" \/>\n<script type=\"application\/ld+json\" class=\"yoast-schema-graph\">{\"@context\":\"https:\\\/\\\/schema.org\",\"@graph\":[{\"@type\":\"WebPage\",\"@id\":\"https:\\\/\\\/www.facecorner.lv\\\/shop\\\/bioheal-boh-probioderm-collagen-remodeling-serum-gel-mask\\\/\",\"url\":\"https:\\\/\\\/www.facecorner.lv\\\/shop\\\/bioheal-boh-probioderm-collagen-remodeling-serum-gel-mask\\\/\",\"name\":\"BIOHEAL BOH Probioderm Collagen Remodeling serum gel mask - FACECORNER\",\"isPartOf\":{\"@id\":\"https:\\\/\\\/www.facecorner.lv\\\/#website\"},\"primaryImageOfPage\":{\"@id\":\"https:\\\/\\\/www.facecorner.lv\\\/shop\\\/bioheal-boh-probioderm-collagen-remodeling-serum-gel-mask\\\/#primaryimage\"},\"image\":{\"@id\":\"https:\\\/\\\/www.facecorner.lv\\\/shop\\\/bioheal-boh-probioderm-collagen-remodeling-serum-gel-mask\\\/#primaryimage\"},\"thumbnailUrl\":\"https:\\\/\\\/www.facecorner.lv\\\/wp-content\\\/uploads\\\/2025\\\/06\\\/sg-11134207-7rdw8-lxjf1eyxhcaue8.jpeg\",\"datePublished\":\"2025-06-20T10:37:14+00:00\",\"dateModified\":\"2025-10-09T10:58:38+00:00\",\"description\":\"BIOHEAL BOH Probioderm Collagen Remodeling serum gel mask maska ir paredz\u0113ta visiem \u0101das tipiem ar izteiktu elast\u012bbas zudumu, sausumu, ptozi.\",\"breadcrumb\":{\"@id\":\"https:\\\/\\\/www.facecorner.lv\\\/shop\\\/bioheal-boh-probioderm-collagen-remodeling-serum-gel-mask\\\/#breadcrumb\"},\"inLanguage\":\"lv-LV\",\"potentialAction\":[{\"@type\":\"ReadAction\",\"target\":[\"https:\\\/\\\/www.facecorner.lv\\\/shop\\\/bioheal-boh-probioderm-collagen-remodeling-serum-gel-mask\\\/\"]}]},{\"@type\":\"ImageObject\",\"inLanguage\":\"lv-LV\",\"@id\":\"https:\\\/\\\/www.facecorner.lv\\\/shop\\\/bioheal-boh-probioderm-collagen-remodeling-serum-gel-mask\\\/#primaryimage\",\"url\":\"https:\\\/\\\/www.facecorner.lv\\\/wp-content\\\/uploads\\\/2025\\\/06\\\/sg-11134207-7rdw8-lxjf1eyxhcaue8.jpeg\",\"contentUrl\":\"https:\\\/\\\/www.facecorner.lv\\\/wp-content\\\/uploads\\\/2025\\\/06\\\/sg-11134207-7rdw8-lxjf1eyxhcaue8.jpeg\",\"width\":1024,\"height\":1024,\"caption\":\"BIOHEAL BOH Probioderm Collagen Remodeling serum gel mask\"},{\"@type\":\"BreadcrumbList\",\"@id\":\"https:\\\/\\\/www.facecorner.lv\\\/shop\\\/bioheal-boh-probioderm-collagen-remodeling-serum-gel-mask\\\/#breadcrumb\",\"itemListElement\":[{\"@type\":\"ListItem\",\"position\":1,\"name\":\"Home\",\"item\":\"https:\\\/\\\/www.facecorner.lv\\\/\"},{\"@type\":\"ListItem\",\"position\":2,\"name\":\"Veikals\",\"item\":\"https:\\\/\\\/www.facecorner.lv\\\/shop\\\/\"},{\"@type\":\"ListItem\",\"position\":3,\"name\":\"BIOHEAL BOH Probioderm Collagen Remodeling serum gel mask\"}]},{\"@type\":\"WebSite\",\"@id\":\"https:\\\/\\\/www.facecorner.lv\\\/#website\",\"url\":\"https:\\\/\\\/www.facecorner.lv\\\/\",\"name\":\"Facecorner\",\"description\":\"\",\"publisher\":{\"@id\":\"https:\\\/\\\/www.facecorner.lv\\\/#organization\"},\"potentialAction\":[{\"@type\":\"SearchAction\",\"target\":{\"@type\":\"EntryPoint\",\"urlTemplate\":\"https:\\\/\\\/www.facecorner.lv\\\/?s={search_term_string}\"},\"query-input\":{\"@type\":\"PropertyValueSpecification\",\"valueRequired\":true,\"valueName\":\"search_term_string\"}}],\"inLanguage\":\"lv-LV\"},{\"@type\":\"Organization\",\"@id\":\"https:\\\/\\\/www.facecorner.lv\\\/#organization\",\"name\":\"Facecorner\",\"url\":\"https:\\\/\\\/www.facecorner.lv\\\/\",\"logo\":{\"@type\":\"ImageObject\",\"inLanguage\":\"lv-LV\",\"@id\":\"https:\\\/\\\/www.facecorner.lv\\\/#\\\/schema\\\/logo\\\/image\\\/\",\"url\":\"https:\\\/\\\/www.facecorner.lv\\\/wp-content\\\/uploads\\\/2024\\\/04\\\/fc-logo.jpg\",\"contentUrl\":\"https:\\\/\\\/www.facecorner.lv\\\/wp-content\\\/uploads\\\/2024\\\/04\\\/fc-logo.jpg\",\"width\":174,\"height\":28,\"caption\":\"Facecorner\"},\"image\":{\"@id\":\"https:\\\/\\\/www.facecorner.lv\\\/#\\\/schema\\\/logo\\\/image\\\/\"},\"sameAs\":[\"https:\\\/\\\/www.facebook.com\\\/profile.php?id=100063824551839\",\"https:\\\/\\\/www.instagram.com\\\/facecorner_shop\\\/\"]}]}<\/script>\n<meta property=\"product:price:amount\" content=\"6.50\" \/>\n<meta property=\"product:price:currency\" content=\"EUR\" \/>\n<meta property=\"og:availability\" content=\"out of stock\" \/>\n<meta property=\"product:availability\" content=\"out of stock\" \/>\n<meta property=\"product:condition\" content=\"new\" \/>\n<!-- \/ Yoast SEO plugin. -->","yoast_head_json":{"title":"BIOHEAL BOH Probioderm Collagen Remodeling serum gel mask - FACECORNER","description":"BIOHEAL BOH Probioderm Collagen Remodeling serum gel mask maska ir paredz\u0113ta visiem \u0101das tipiem ar izteiktu elast\u012bbas zudumu, sausumu, ptozi.","robots":{"index":"index","follow":"follow","max-snippet":"max-snippet:-1","max-image-preview":"max-image-preview:large","max-video-preview":"max-video-preview:-1"},"canonical":"https:\/\/www.facecorner.lv\/lv\/shop\/bioheal-boh-probioderm-collagen-remodeling-serum-gel-mask\/","og_locale":"lv_LV","og_type":"article","og_title":"BIOHEAL BOH Probioderm Collagen Remodeling serum gel mask - FACECORNER","og_description":"BIOHEAL BOH Probioderm Collagen Remodeling serum gel mask maska ir paredz\u0113ta visiem \u0101das tipiem ar izteiktu elast\u012bbas zudumu, sausumu, ptozi.","og_url":"https:\/\/www.facecorner.lv\/lv\/shop\/bioheal-boh-probioderm-collagen-remodeling-serum-gel-mask\/","og_site_name":"FACECORNER","article_publisher":"https:\/\/www.facebook.com\/profile.php?id=100063824551839","article_modified_time":"2025-10-09T10:58:38+00:00","og_image":[{"width":1024,"height":1024,"url":"https:\/\/www.facecorner.lv\/wp-content\/uploads\/2025\/06\/sg-11134207-7rdw8-lxjf1eyxhcaue8.jpeg","type":"image\/jpeg"}],"twitter_card":"summary_large_image","twitter_misc":{"Price":"&euro;6.50","Availability":"Out of stock"},"schema":{"@context":"https:\/\/schema.org","@graph":[{"@type":"WebPage","@id":"https:\/\/www.facecorner.lv\/shop\/bioheal-boh-probioderm-collagen-remodeling-serum-gel-mask\/","url":"https:\/\/www.facecorner.lv\/shop\/bioheal-boh-probioderm-collagen-remodeling-serum-gel-mask\/","name":"BIOHEAL BOH Probioderm Collagen Remodeling serum gel mask - FACECORNER","isPartOf":{"@id":"https:\/\/www.facecorner.lv\/#website"},"primaryImageOfPage":{"@id":"https:\/\/www.facecorner.lv\/shop\/bioheal-boh-probioderm-collagen-remodeling-serum-gel-mask\/#primaryimage"},"image":{"@id":"https:\/\/www.facecorner.lv\/shop\/bioheal-boh-probioderm-collagen-remodeling-serum-gel-mask\/#primaryimage"},"thumbnailUrl":"https:\/\/www.facecorner.lv\/wp-content\/uploads\/2025\/06\/sg-11134207-7rdw8-lxjf1eyxhcaue8.jpeg","datePublished":"2025-06-20T10:37:14+00:00","dateModified":"2025-10-09T10:58:38+00:00","description":"BIOHEAL BOH Probioderm Collagen Remodeling serum gel mask maska ir paredz\u0113ta visiem \u0101das tipiem ar izteiktu elast\u012bbas zudumu, sausumu, ptozi.","breadcrumb":{"@id":"https:\/\/www.facecorner.lv\/shop\/bioheal-boh-probioderm-collagen-remodeling-serum-gel-mask\/#breadcrumb"},"inLanguage":"lv-LV","potentialAction":[{"@type":"ReadAction","target":["https:\/\/www.facecorner.lv\/shop\/bioheal-boh-probioderm-collagen-remodeling-serum-gel-mask\/"]}]},{"@type":"ImageObject","inLanguage":"lv-LV","@id":"https:\/\/www.facecorner.lv\/shop\/bioheal-boh-probioderm-collagen-remodeling-serum-gel-mask\/#primaryimage","url":"https:\/\/www.facecorner.lv\/wp-content\/uploads\/2025\/06\/sg-11134207-7rdw8-lxjf1eyxhcaue8.jpeg","contentUrl":"https:\/\/www.facecorner.lv\/wp-content\/uploads\/2025\/06\/sg-11134207-7rdw8-lxjf1eyxhcaue8.jpeg","width":1024,"height":1024,"caption":"BIOHEAL BOH Probioderm Collagen Remodeling serum gel mask"},{"@type":"BreadcrumbList","@id":"https:\/\/www.facecorner.lv\/shop\/bioheal-boh-probioderm-collagen-remodeling-serum-gel-mask\/#breadcrumb","itemListElement":[{"@type":"ListItem","position":1,"name":"Home","item":"https:\/\/www.facecorner.lv\/"},{"@type":"ListItem","position":2,"name":"Veikals","item":"https:\/\/www.facecorner.lv\/shop\/"},{"@type":"ListItem","position":3,"name":"BIOHEAL BOH Probioderm Collagen Remodeling serum gel mask"}]},{"@type":"WebSite","@id":"https:\/\/www.facecorner.lv\/#website","url":"https:\/\/www.facecorner.lv\/","name":"Facecorner","description":"","publisher":{"@id":"https:\/\/www.facecorner.lv\/#organization"},"potentialAction":[{"@type":"SearchAction","target":{"@type":"EntryPoint","urlTemplate":"https:\/\/www.facecorner.lv\/?s={search_term_string}"},"query-input":{"@type":"PropertyValueSpecification","valueRequired":true,"valueName":"search_term_string"}}],"inLanguage":"lv-LV"},{"@type":"Organization","@id":"https:\/\/www.facecorner.lv\/#organization","name":"Facecorner","url":"https:\/\/www.facecorner.lv\/","logo":{"@type":"ImageObject","inLanguage":"lv-LV","@id":"https:\/\/www.facecorner.lv\/#\/schema\/logo\/image\/","url":"https:\/\/www.facecorner.lv\/wp-content\/uploads\/2024\/04\/fc-logo.jpg","contentUrl":"https:\/\/www.facecorner.lv\/wp-content\/uploads\/2024\/04\/fc-logo.jpg","width":174,"height":28,"caption":"Facecorner"},"image":{"@id":"https:\/\/www.facecorner.lv\/#\/schema\/logo\/image\/"},"sameAs":["https:\/\/www.facebook.com\/profile.php?id=100063824551839","https:\/\/www.instagram.com\/facecorner_shop\/"]}]},"product_price_amount":"6.50","product_price_currency":"EUR","og_availability":"out of stock","product_availability":"out of stock","product_condition":"new"},"_links":{"self":[{"href":"https:\/\/www.facecorner.lv\/lv\/wp-json\/wp\/v2\/product\/24582","targetHints":{"allow":["GET"]}}],"collection":[{"href":"https:\/\/www.facecorner.lv\/lv\/wp-json\/wp\/v2\/product"}],"about":[{"href":"https:\/\/www.facecorner.lv\/lv\/wp-json\/wp\/v2\/types\/product"}],"replies":[{"embeddable":true,"href":"https:\/\/www.facecorner.lv\/lv\/wp-json\/wp\/v2\/comments?post=24582"}],"wp:featuredmedia":[{"embeddable":true,"href":"https:\/\/www.facecorner.lv\/lv\/wp-json\/wp\/v2\/media\/24583"}],"wp:attachment":[{"href":"https:\/\/www.facecorner.lv\/lv\/wp-json\/wp\/v2\/media?parent=24582"}],"wp:term":[{"taxonomy":"product_brand","embeddable":true,"href":"https:\/\/www.facecorner.lv\/lv\/wp-json\/wp\/v2\/product_brand?post=24582"},{"taxonomy":"product_cat","embeddable":true,"href":"https:\/\/www.facecorner.lv\/lv\/wp-json\/wp\/v2\/product_cat?post=24582"},{"taxonomy":"product_tag","embeddable":true,"href":"https:\/\/www.facecorner.lv\/lv\/wp-json\/wp\/v2\/product_tag?post=24582"},{"taxonomy":"berocket_brand","embeddable":true,"href":"https:\/\/www.facecorner.lv\/lv\/wp-json\/wp\/v2\/berocket_brand?post=24582"}],"curies":[{"name":"wp","href":"https:\/\/api.w.org\/{rel}","templated":true}]}}