{"id":24468,"date":"2025-06-09T22:18:52","date_gmt":"2025-06-09T19:18:52","guid":{"rendered":"https:\/\/www.facecorner.lv\/?post_type=product&#038;p=24468"},"modified":"2026-04-24T14:35:22","modified_gmt":"2026-04-24T11:35:22","slug":"medicube-pdrn-pink-cica-soothing-toner-250ml","status":"publish","type":"product","link":"https:\/\/www.facecorner.lv\/lv\/shop\/medicube-pdrn-pink-cica-soothing-toner-250ml\/","title":{"rendered":"Medicube  PDRN Pink Cica Soothing Toner 250ml"},"content":{"rendered":"<p>Nomierino\u0161s toniks <strong>Medicube PDRN Pink Cica Soothing Toner<\/strong> intens\u012bvi mitrina un nov\u0113r\u0161 lob\u012b\u0161anos, mazina niezi un kairin\u0101jumu, mazina aps\u0101rtumu un pie\u0161\u0137ir sejai vesel\u012bgu mirdzumu. Maigi p\u012blingo, m\u012bkstina un izl\u012bdzina mikroreljefu.<\/p>\n<p>Tam piem\u012bt asinsvadus sa\u0161aurino\u0161a iedarb\u012bba, un tas nov\u0113r\u0161 kuperozes att\u012bst\u012bbu. Nov\u0113r\u0161 iekaisumus un pa\u0101trina to dz\u012b\u0161anu, samazina pinnes risku. Palielina tvirtumu un elast\u012bbu, pal\u012bdz izl\u012bdzin\u0101t grumbas un pal\u0113nina noveco\u0161anos.<\/p>\n<ul>\n<li>PDRN (n\u0101trija DNS) &#8211; polinukleot\u012bds, kas ieg\u016bts no la\u0161u zivju piena DNS. Tas aktiviz\u0113 atjauno\u0161an\u0101s procesus, jaunu kolag\u0113na un elast\u012bna \u0161\u0137iedru sint\u0113zi, nov\u0113r\u0161 \u0101das boj\u0101jumus, ko izraisa priek\u0161laic\u012bga noveco\u0161an\u0101s, p\u0101rm\u0113r\u012bga saules starojuma un citu vides faktoru agres\u012bv\u0101 ietekme.<\/li>\n<li>Damaskas rozes ekstrakts mitrina, nodro\u0161ina antioksidantu iedarb\u012bbu, saglab\u0101 maigumu.<\/li>\n<li>7 pept\u012bdiem piem\u012bt pretnoveco\u0161an\u0101s iedarb\u012bba: stimul\u0113 re\u0123ener\u0101ciju, samazina grumbu dzi\u013cumu, izl\u012bdzina un nostiepj \u0101du. Botul\u012bnam l\u012bdz\u012bgais pept\u012bds argirel\u012bns pal\u012bdz atsl\u0101bin\u0101t sejas musku\u013cus, t\u0101d\u0113j\u0101di nov\u0113r\u0161ot sejas grumbu veido\u0161anos.<\/li>\n<li>PHA (glikoonolaktons) ir liel\u0101kas molekulas nek\u0101 AHA, t\u0101p\u0113c tas ir piem\u0113rots jut\u012bgai \u0101dai. Tas maigi no\u0146em keratiniz\u0113t\u0101s \u0161\u016bnas, izl\u012bdzina mikroreljefu un balina pigment\u0101ciju.<\/li>\n<li>Centella asiatica ekstraktam piem\u012bt pretiekaisuma un br\u016b\u010du dziedino\u0161as \u012bpa\u0161\u012bbas, pal\u012bdz atjaunot aizsargbarjeru, samazina jut\u012bgumu.<\/li>\n<li>Cianokobalam\u012bns (vitam\u012bns B12) mitrina, nomierina, nom\u0101c iekaisumus, stiprina kapil\u0101rus, pal\u012bdz \u0101rst\u0113t pinnes.<\/li>\n<li>Papaijas ekstrakts, dabisks augu izcelsmes ferments, maigi p\u012blings un balina pigment\u0101ciju, izl\u012bdzina tonusu un nov\u0113r\u0161 bl\u0101vumu.<\/li>\n<\/ul>\n<p><strong>Lieto\u0161ana:<\/strong> uzkl\u0101jiet toniku uz iepriek\u0161 not\u012br\u012btas sejas ar plaukst\u0101m vai ar vates diska pal\u012bdz\u012bbu. P\u0113c tam uzkl\u0101jiet serumu vai kr\u0113mu.<\/p>\n<p><strong>Sast\u0101vs:<\/strong> Water, Butylene Glycol, Glycerin, Niacinamide, 1,2-hexanediol, Xylitol, Sodium Citrate, Ethylhexylglycerin, Allatoin, Caprylyl Glycol, Citric Acid, Adenosine, Polyglyceryl-10 Laurate, Disodium EDTA, Polyglyceryl-4 Laurate, Caprylyl\/capryl Glucoside, Cyanocobalamin, Rosa Damascena Extract, Sodium DNA, Gluconolactone, Prunus Mume Fruit Extract, Pyrus Malus (apple) Fruit Extract, Carica Papaya (papaya) Fruit Extract, Vitis Vinifera (grape) Fruit Extract, Centella Asiatica Leaf Extract, Centella Asiatica Extract, Sodium Hyaluronate, Zea Mays (corn) Leaf Extract, Copper Tripeptide-1, Acetyl Hexapeptide-8, Palmitoyl Pentapeptide-4, Palmitoyl Tetrapeptide-7, Palmitoyl Tripeptide-1, Glycine, Glutamic Acid, Arginine<\/p>\n<p>&nbsp;<\/p>\n","protected":false},"excerpt":{"rendered":"<p>Nomierino\u0161s toniks <strong>Medicube PDRN Pink Cica Soothing Toner<\/strong> intens\u012bvi mitrina un nov\u0113r\u0161 lob\u012b\u0161anos, mazina niezi un kairin\u0101jumu, mazina aps\u0101rtumu un pie\u0161\u0137ir sejai vesel\u012bgu mirdzumu.<\/p>\n","protected":false},"featured_media":24469,"comment_status":"open","ping_status":"closed","template":"","meta":{"site-sidebar-layout":"default","site-content-layout":"","ast-site-content-layout":"default","site-content-style":"default","site-sidebar-style":"default","ast-global-header-display":"","ast-banner-title-visibility":"","ast-main-header-display":"","ast-hfb-above-header-display":"","ast-hfb-below-header-display":"","ast-hfb-mobile-header-display":"","site-post-title":"","ast-breadcrumbs-content":"","ast-featured-img":"","footer-sml-layout":"","theme-transparent-header-meta":"default","adv-header-id-meta":"","stick-header-meta":"","header-above-stick-meta":"","header-main-stick-meta":"","header-below-stick-meta":"","astra-migrate-meta-layouts":"set","ast-page-background-enabled":"default","ast-page-background-meta":{"desktop":{"background-color":"var(--ast-global-color-4)","background-image":"","background-repeat":"repeat","background-position":"center center","background-size":"auto","background-attachment":"scroll","background-type":"","background-media":"","overlay-type":"","overlay-color":"","overlay-opacity":"","overlay-gradient":""},"tablet":{"background-color":"","background-image":"","background-repeat":"repeat","background-position":"center center","background-size":"auto","background-attachment":"scroll","background-type":"","background-media":"","overlay-type":"","overlay-color":"","overlay-opacity":"","overlay-gradient":""},"mobile":{"background-color":"","background-image":"","background-repeat":"repeat","background-position":"center center","background-size":"auto","background-attachment":"scroll","background-type":"","background-media":"","overlay-type":"","overlay-color":"","overlay-opacity":"","overlay-gradient":""}},"ast-content-background-meta":{"desktop":{"background-color":"var(--ast-global-color-5)","background-image":"","background-repeat":"repeat","background-position":"center center","background-size":"auto","background-attachment":"scroll","background-type":"","background-media":"","overlay-type":"","overlay-color":"","overlay-opacity":"","overlay-gradient":""},"tablet":{"background-color":"var(--ast-global-color-5)","background-image":"","background-repeat":"repeat","background-position":"center center","background-size":"auto","background-attachment":"scroll","background-type":"","background-media":"","overlay-type":"","overlay-color":"","overlay-opacity":"","overlay-gradient":""},"mobile":{"background-color":"var(--ast-global-color-5)","background-image":"","background-repeat":"repeat","background-position":"center center","background-size":"auto","background-attachment":"scroll","background-type":"","background-media":"","overlay-type":"","overlay-color":"","overlay-opacity":"","overlay-gradient":""}}},"product_brand":[],"product_cat":[375,652,378,364,376],"product_tag":[],"berocket_brand":[579],"class_list":{"0":"post-24468","1":"product","2":"type-product","3":"status-publish","4":"has-post-thumbnail","6":"product_cat-jutigai-adai-toneri","7":"product_cat-pdrn","8":"product_cat-sausai-adai-toneri","9":"product_cat-toneri","10":"product_cat-kombinetai-adai-toneri","11":"berocket_brand-medicube","12":"desktop-align-left","13":"tablet-align-left","14":"mobile-align-left","16":"first","17":"instock","18":"taxable","19":"shipping-taxable","20":"purchasable","21":"product-type-simple","22":"add-to-wishlist-before_image"},"yoast_head":"<!-- This site is optimized with the Yoast SEO plugin v27.4 - https:\/\/yoast.com\/product\/yoast-seo-wordpress\/ -->\n<title>Medicube PDRN Pink Cica Soothing Toner 250ml - FACECORNER<\/title>\n<meta name=\"description\" content=\"Nomierino\u0161s toniks Medicube PDRN Pink Cica Soothing Toner intens\u012bvi mitrina un nov\u0113r\u0161 lob\u012b\u0161anos, mazina niezi un kairin\u0101jumu, mazina aps\u0101rtumu\" \/>\n<meta name=\"robots\" content=\"index, follow, max-snippet:-1, max-image-preview:large, max-video-preview:-1\" \/>\n<link rel=\"canonical\" href=\"https:\/\/www.facecorner.lv\/lv\/shop\/medicube-pdrn-pink-cica-soothing-toner-250ml\/\" \/>\n<meta property=\"og:locale\" content=\"lv_LV\" \/>\n<meta property=\"og:type\" content=\"article\" \/>\n<meta property=\"og:title\" content=\"Medicube PDRN Pink Cica Soothing Toner 250ml - FACECORNER\" \/>\n<meta property=\"og:description\" content=\"Nomierino\u0161s toniks Medicube PDRN Pink Cica Soothing Toner intens\u012bvi mitrina un nov\u0113r\u0161 lob\u012b\u0161anos, mazina niezi un kairin\u0101jumu, mazina aps\u0101rtumu\" \/>\n<meta property=\"og:url\" content=\"https:\/\/www.facecorner.lv\/lv\/shop\/medicube-pdrn-pink-cica-soothing-toner-250ml\/\" \/>\n<meta property=\"og:site_name\" content=\"FACECORNER\" \/>\n<meta property=\"article:publisher\" content=\"https:\/\/www.facebook.com\/profile.php?id=100063824551839\" \/>\n<meta property=\"article:modified_time\" content=\"2026-04-24T11:35:22+00:00\" \/>\n<meta property=\"og:image\" content=\"https:\/\/www.facecorner.lv\/wp-content\/uploads\/2025\/06\/XXL_p0212187298.webp\" \/>\n\t<meta property=\"og:image:width\" content=\"640\" \/>\n\t<meta property=\"og:image:height\" content=\"640\" \/>\n\t<meta property=\"og:image:type\" content=\"image\/webp\" \/>\n<meta name=\"twitter:card\" content=\"summary_large_image\" \/>\n<meta name=\"twitter:label1\" content=\"Price\" \/>\n\t<meta name=\"twitter:data1\" content=\"&euro;25.50\" \/>\n\t<meta name=\"twitter:label2\" content=\"Availability\" \/>\n\t<meta name=\"twitter:data2\" content=\"In stock\" \/>\n<script type=\"application\/ld+json\" class=\"yoast-schema-graph\">{\"@context\":\"https:\\\/\\\/schema.org\",\"@graph\":[{\"@type\":\"WebPage\",\"@id\":\"https:\\\/\\\/www.facecorner.lv\\\/shop\\\/medicube-pdrn-pink-cica-soothing-toner-250ml\\\/\",\"url\":\"https:\\\/\\\/www.facecorner.lv\\\/shop\\\/medicube-pdrn-pink-cica-soothing-toner-250ml\\\/\",\"name\":\"Medicube PDRN Pink Cica Soothing Toner 250ml - FACECORNER\",\"isPartOf\":{\"@id\":\"https:\\\/\\\/www.facecorner.lv\\\/#website\"},\"primaryImageOfPage\":{\"@id\":\"https:\\\/\\\/www.facecorner.lv\\\/shop\\\/medicube-pdrn-pink-cica-soothing-toner-250ml\\\/#primaryimage\"},\"image\":{\"@id\":\"https:\\\/\\\/www.facecorner.lv\\\/shop\\\/medicube-pdrn-pink-cica-soothing-toner-250ml\\\/#primaryimage\"},\"thumbnailUrl\":\"https:\\\/\\\/www.facecorner.lv\\\/wp-content\\\/uploads\\\/2025\\\/06\\\/XXL_p0212187298.webp\",\"datePublished\":\"2025-06-09T19:18:52+00:00\",\"dateModified\":\"2026-04-24T11:35:22+00:00\",\"description\":\"Nomierino\u0161s toniks Medicube PDRN Pink Cica Soothing Toner intens\u012bvi mitrina un nov\u0113r\u0161 lob\u012b\u0161anos, mazina niezi un kairin\u0101jumu, mazina aps\u0101rtumu\",\"breadcrumb\":{\"@id\":\"https:\\\/\\\/www.facecorner.lv\\\/shop\\\/medicube-pdrn-pink-cica-soothing-toner-250ml\\\/#breadcrumb\"},\"inLanguage\":\"lv-LV\",\"potentialAction\":[{\"@type\":\"ReadAction\",\"target\":[\"https:\\\/\\\/www.facecorner.lv\\\/shop\\\/medicube-pdrn-pink-cica-soothing-toner-250ml\\\/\"]}]},{\"@type\":\"ImageObject\",\"inLanguage\":\"lv-LV\",\"@id\":\"https:\\\/\\\/www.facecorner.lv\\\/shop\\\/medicube-pdrn-pink-cica-soothing-toner-250ml\\\/#primaryimage\",\"url\":\"https:\\\/\\\/www.facecorner.lv\\\/wp-content\\\/uploads\\\/2025\\\/06\\\/XXL_p0212187298.webp\",\"contentUrl\":\"https:\\\/\\\/www.facecorner.lv\\\/wp-content\\\/uploads\\\/2025\\\/06\\\/XXL_p0212187298.webp\",\"width\":640,\"height\":640,\"caption\":\"Medicube PDRN Pink Cica Soothing Toner\"},{\"@type\":\"BreadcrumbList\",\"@id\":\"https:\\\/\\\/www.facecorner.lv\\\/shop\\\/medicube-pdrn-pink-cica-soothing-toner-250ml\\\/#breadcrumb\",\"itemListElement\":[{\"@type\":\"ListItem\",\"position\":1,\"name\":\"Home\",\"item\":\"https:\\\/\\\/www.facecorner.lv\\\/\"},{\"@type\":\"ListItem\",\"position\":2,\"name\":\"Veikals\",\"item\":\"https:\\\/\\\/www.facecorner.lv\\\/shop\\\/\"},{\"@type\":\"ListItem\",\"position\":3,\"name\":\"Medicube PDRN Pink Cica Soothing Toner 250ml\"}]},{\"@type\":\"WebSite\",\"@id\":\"https:\\\/\\\/www.facecorner.lv\\\/#website\",\"url\":\"https:\\\/\\\/www.facecorner.lv\\\/\",\"name\":\"Facecorner\",\"description\":\"\",\"publisher\":{\"@id\":\"https:\\\/\\\/www.facecorner.lv\\\/#organization\"},\"potentialAction\":[{\"@type\":\"SearchAction\",\"target\":{\"@type\":\"EntryPoint\",\"urlTemplate\":\"https:\\\/\\\/www.facecorner.lv\\\/?s={search_term_string}\"},\"query-input\":{\"@type\":\"PropertyValueSpecification\",\"valueRequired\":true,\"valueName\":\"search_term_string\"}}],\"inLanguage\":\"lv-LV\"},{\"@type\":\"Organization\",\"@id\":\"https:\\\/\\\/www.facecorner.lv\\\/#organization\",\"name\":\"Facecorner\",\"url\":\"https:\\\/\\\/www.facecorner.lv\\\/\",\"logo\":{\"@type\":\"ImageObject\",\"inLanguage\":\"lv-LV\",\"@id\":\"https:\\\/\\\/www.facecorner.lv\\\/#\\\/schema\\\/logo\\\/image\\\/\",\"url\":\"https:\\\/\\\/www.facecorner.lv\\\/wp-content\\\/uploads\\\/2024\\\/04\\\/fc-logo.jpg\",\"contentUrl\":\"https:\\\/\\\/www.facecorner.lv\\\/wp-content\\\/uploads\\\/2024\\\/04\\\/fc-logo.jpg\",\"width\":174,\"height\":28,\"caption\":\"Facecorner\"},\"image\":{\"@id\":\"https:\\\/\\\/www.facecorner.lv\\\/#\\\/schema\\\/logo\\\/image\\\/\"},\"sameAs\":[\"https:\\\/\\\/www.facebook.com\\\/profile.php?id=100063824551839\",\"https:\\\/\\\/www.instagram.com\\\/facecorner_shop\\\/\"]}]}<\/script>\n<meta property=\"product:price:amount\" content=\"25.50\" \/>\n<meta property=\"product:price:currency\" content=\"EUR\" \/>\n<meta property=\"og:availability\" content=\"instock\" \/>\n<meta property=\"product:availability\" content=\"instock\" \/>\n<meta property=\"product:condition\" content=\"new\" \/>\n<!-- \/ Yoast SEO plugin. -->","yoast_head_json":{"title":"Medicube PDRN Pink Cica Soothing Toner 250ml - FACECORNER","description":"Nomierino\u0161s toniks Medicube PDRN Pink Cica Soothing Toner intens\u012bvi mitrina un nov\u0113r\u0161 lob\u012b\u0161anos, mazina niezi un kairin\u0101jumu, mazina aps\u0101rtumu","robots":{"index":"index","follow":"follow","max-snippet":"max-snippet:-1","max-image-preview":"max-image-preview:large","max-video-preview":"max-video-preview:-1"},"canonical":"https:\/\/www.facecorner.lv\/lv\/shop\/medicube-pdrn-pink-cica-soothing-toner-250ml\/","og_locale":"lv_LV","og_type":"article","og_title":"Medicube PDRN Pink Cica Soothing Toner 250ml - FACECORNER","og_description":"Nomierino\u0161s toniks Medicube PDRN Pink Cica Soothing Toner intens\u012bvi mitrina un nov\u0113r\u0161 lob\u012b\u0161anos, mazina niezi un kairin\u0101jumu, mazina aps\u0101rtumu","og_url":"https:\/\/www.facecorner.lv\/lv\/shop\/medicube-pdrn-pink-cica-soothing-toner-250ml\/","og_site_name":"FACECORNER","article_publisher":"https:\/\/www.facebook.com\/profile.php?id=100063824551839","article_modified_time":"2026-04-24T11:35:22+00:00","og_image":[{"width":640,"height":640,"url":"https:\/\/www.facecorner.lv\/wp-content\/uploads\/2025\/06\/XXL_p0212187298.webp","type":"image\/webp"}],"twitter_card":"summary_large_image","twitter_misc":{"Price":"&euro;25.50","Availability":"In stock"},"schema":{"@context":"https:\/\/schema.org","@graph":[{"@type":"WebPage","@id":"https:\/\/www.facecorner.lv\/shop\/medicube-pdrn-pink-cica-soothing-toner-250ml\/","url":"https:\/\/www.facecorner.lv\/shop\/medicube-pdrn-pink-cica-soothing-toner-250ml\/","name":"Medicube PDRN Pink Cica Soothing Toner 250ml - FACECORNER","isPartOf":{"@id":"https:\/\/www.facecorner.lv\/#website"},"primaryImageOfPage":{"@id":"https:\/\/www.facecorner.lv\/shop\/medicube-pdrn-pink-cica-soothing-toner-250ml\/#primaryimage"},"image":{"@id":"https:\/\/www.facecorner.lv\/shop\/medicube-pdrn-pink-cica-soothing-toner-250ml\/#primaryimage"},"thumbnailUrl":"https:\/\/www.facecorner.lv\/wp-content\/uploads\/2025\/06\/XXL_p0212187298.webp","datePublished":"2025-06-09T19:18:52+00:00","dateModified":"2026-04-24T11:35:22+00:00","description":"Nomierino\u0161s toniks Medicube PDRN Pink Cica Soothing Toner intens\u012bvi mitrina un nov\u0113r\u0161 lob\u012b\u0161anos, mazina niezi un kairin\u0101jumu, mazina aps\u0101rtumu","breadcrumb":{"@id":"https:\/\/www.facecorner.lv\/shop\/medicube-pdrn-pink-cica-soothing-toner-250ml\/#breadcrumb"},"inLanguage":"lv-LV","potentialAction":[{"@type":"ReadAction","target":["https:\/\/www.facecorner.lv\/shop\/medicube-pdrn-pink-cica-soothing-toner-250ml\/"]}]},{"@type":"ImageObject","inLanguage":"lv-LV","@id":"https:\/\/www.facecorner.lv\/shop\/medicube-pdrn-pink-cica-soothing-toner-250ml\/#primaryimage","url":"https:\/\/www.facecorner.lv\/wp-content\/uploads\/2025\/06\/XXL_p0212187298.webp","contentUrl":"https:\/\/www.facecorner.lv\/wp-content\/uploads\/2025\/06\/XXL_p0212187298.webp","width":640,"height":640,"caption":"Medicube PDRN Pink Cica Soothing Toner"},{"@type":"BreadcrumbList","@id":"https:\/\/www.facecorner.lv\/shop\/medicube-pdrn-pink-cica-soothing-toner-250ml\/#breadcrumb","itemListElement":[{"@type":"ListItem","position":1,"name":"Home","item":"https:\/\/www.facecorner.lv\/"},{"@type":"ListItem","position":2,"name":"Veikals","item":"https:\/\/www.facecorner.lv\/shop\/"},{"@type":"ListItem","position":3,"name":"Medicube PDRN Pink Cica Soothing Toner 250ml"}]},{"@type":"WebSite","@id":"https:\/\/www.facecorner.lv\/#website","url":"https:\/\/www.facecorner.lv\/","name":"Facecorner","description":"","publisher":{"@id":"https:\/\/www.facecorner.lv\/#organization"},"potentialAction":[{"@type":"SearchAction","target":{"@type":"EntryPoint","urlTemplate":"https:\/\/www.facecorner.lv\/?s={search_term_string}"},"query-input":{"@type":"PropertyValueSpecification","valueRequired":true,"valueName":"search_term_string"}}],"inLanguage":"lv-LV"},{"@type":"Organization","@id":"https:\/\/www.facecorner.lv\/#organization","name":"Facecorner","url":"https:\/\/www.facecorner.lv\/","logo":{"@type":"ImageObject","inLanguage":"lv-LV","@id":"https:\/\/www.facecorner.lv\/#\/schema\/logo\/image\/","url":"https:\/\/www.facecorner.lv\/wp-content\/uploads\/2024\/04\/fc-logo.jpg","contentUrl":"https:\/\/www.facecorner.lv\/wp-content\/uploads\/2024\/04\/fc-logo.jpg","width":174,"height":28,"caption":"Facecorner"},"image":{"@id":"https:\/\/www.facecorner.lv\/#\/schema\/logo\/image\/"},"sameAs":["https:\/\/www.facebook.com\/profile.php?id=100063824551839","https:\/\/www.instagram.com\/facecorner_shop\/"]}]},"product_price_amount":"25.50","product_price_currency":"EUR","og_availability":"instock","product_availability":"instock","product_condition":"new"},"_links":{"self":[{"href":"https:\/\/www.facecorner.lv\/lv\/wp-json\/wp\/v2\/product\/24468","targetHints":{"allow":["GET"]}}],"collection":[{"href":"https:\/\/www.facecorner.lv\/lv\/wp-json\/wp\/v2\/product"}],"about":[{"href":"https:\/\/www.facecorner.lv\/lv\/wp-json\/wp\/v2\/types\/product"}],"replies":[{"embeddable":true,"href":"https:\/\/www.facecorner.lv\/lv\/wp-json\/wp\/v2\/comments?post=24468"}],"wp:featuredmedia":[{"embeddable":true,"href":"https:\/\/www.facecorner.lv\/lv\/wp-json\/wp\/v2\/media\/24469"}],"wp:attachment":[{"href":"https:\/\/www.facecorner.lv\/lv\/wp-json\/wp\/v2\/media?parent=24468"}],"wp:term":[{"taxonomy":"product_brand","embeddable":true,"href":"https:\/\/www.facecorner.lv\/lv\/wp-json\/wp\/v2\/product_brand?post=24468"},{"taxonomy":"product_cat","embeddable":true,"href":"https:\/\/www.facecorner.lv\/lv\/wp-json\/wp\/v2\/product_cat?post=24468"},{"taxonomy":"product_tag","embeddable":true,"href":"https:\/\/www.facecorner.lv\/lv\/wp-json\/wp\/v2\/product_tag?post=24468"},{"taxonomy":"berocket_brand","embeddable":true,"href":"https:\/\/www.facecorner.lv\/lv\/wp-json\/wp\/v2\/berocket_brand?post=24468"}],"curies":[{"name":"wp","href":"https:\/\/api.w.org\/{rel}","templated":true}]}}