{"id":24414,"date":"2025-05-31T15:26:50","date_gmt":"2025-05-31T12:26:50","guid":{"rendered":"https:\/\/www.facecorner.lv\/?post_type=product&#038;p=24414"},"modified":"2025-12-25T01:24:07","modified_gmt":"2025-12-24T22:24:07","slug":"arencia-rice-mucin-glow-serum-30-50g","status":"publish","type":"product","link":"https:\/\/www.facecorner.lv\/lv\/shop\/arencia-rice-mucin-glow-serum-30-50g\/","title":{"rendered":"Arencia Rice Mucin Glow Serum 30 50g"},"content":{"rendered":"<p>Arencia Rice Mucin Glow Serum 30\u00a0 mirdzuma serums ar pudi\u0146am l\u012bdz\u012bgu formulu rada starojo\u0161u, stiklveida mirdzumu no \u0101das iek\u0161ienes. R\u012bsu pudi\u0146am l\u012bdz\u012bg\u0101, stingr\u0101 formula cie\u0161i satur mitrumu, nodro\u0161inot pietiekamu baro\u0161anu un mitrin\u0101\u0161anu, nodro\u0161inot iedarb\u012bgumu dzi\u013ci \u0101d\u0101.<\/p>\n<p><strong>Papildin\u0101ta ar formulu, kas sniedz \u0101dai komfortu, nodro\u0161inot dro\u0161u lieto\u0161anu jut\u012bgai \u0101dai.<\/strong><\/p>\n<p>Satur 30 % r\u012bsu mirdzuma kompleksu, kas ir akt\u012bvo sast\u0101vda\u013cu mais\u012bjums no da\u017e\u0101du veidu r\u012bsiem, tostarp Oryza Sativa (r\u012bsi), br\u016bnajiem r\u012bsiem un melnajiem Oryza Sativa (r\u012bsi), kas pal\u012bdz uzlabot \u0101das kr\u0101su, tekst\u016bru un st\u0101vokli.<\/p>\n<ul>\n<li>R\u012bsos eso\u0161ie prote\u012bni, neaizvietojam\u0101s aminosk\u0101bes un vitam\u012bni nodro\u0161ina noguru\u0161u \u0101du ar bar\u012bbas viel\u0101m, savuk\u0101rt ferment\u0113ts Oryza Sativa (r\u012bsu) filtr\u0101ts samazina vielas, kas izraisa plankumus un plankumus.<\/li>\n<li>Niacinam\u012bds pal\u012bdz samazin\u0101t poras un grumbas, k\u0101 ar\u012b mazina iekaisumus, lai uzlabotu \u0101das visp\u0101r\u0113jo vesel\u012bbu.<\/li>\n<li>Hidroliz\u0113tais kolag\u0113ns ir modific\u0113ts t\u0101, lai \u0101da to uzs\u016bktu vair\u0101k nek\u0101 90 % apm\u0113r\u0101, un t\u0101 augstais aminosk\u0101bes \u201cser\u012bna\u201d saturs pal\u012bdz uzlabot grumbi\u0146as.<\/li>\n<li>Hialuronsk\u0101be var satur\u0113t l\u012bdz pat t\u016bksto\u0161k\u0101rt vair\u0101k \u016bdens nek\u0101 t\u0101s svars, nodro\u0161inot lielisku mitruma pieg\u0101di, lai palielin\u0101tu \u0101das mitruma saturu, nomierin\u0101tu un nov\u0113rstu mitruma zudumu.<\/li>\n<\/ul>\n<p><strong>Lieto\u0161ana<\/strong>: Lietojiet no r\u012bta un vakar\u0101 k\u0101 ikdienas \u0101das kop\u0161anas rut\u012bnas sast\u0101vda\u013cu, uzkl\u0101jiet kr\u0113mu bag\u0101t\u012bg\u0101 daudzum\u0101 un maigi iemas\u0113jiet, lai tas lab\u0101k uzs\u016bktos.<\/p>\n<p><strong>S\u0101stavs:<\/strong> Rice Ferment Filtrate (Sake) (487,889ppm), Water, 1,2-Hexanediol, Glycerin, Niacinamide, Saccharomyces\/Rice Ferment Filtrate (18,000ppm), Carbomer, Hydrolyzed Collagen, Cetearyl Olivate, Tromethamine, Butylene Glycol, Methylpropanediol, Pentylene Glycol, Pullulan, Sorbitan Olivate, Sodium Hyaluronate, Hydrolyzed Hyaluronic Acid, Hyaluronic Acid, Caprylic\/Capric Triglyceride, Oryza Sativa (Rice) Extract (750ppm), Hydrogenated Lecithin, Sodium Polyacrylate, Garcinia Cambogia Fruit Extract, Adenosine, Polyglyceryl-10 Oleate, Polyglutamic Acid, Polyglyceryl-10 Stearate, Disodium EDTA, Xanthan Gum, Capryloyl Salicylic Acid, Polyglyceryl-4 Caprate, Malt Extract, Retinal, Panthenol, Kummerowia Striata Extract, Sodium Ascorbyl Phosphate, Tocopheryl Acetate, Cinchona Pubescens Bark Extract, Leptospermum Scoparium Leaf Extract, Dioscorea Japonica Root Extract (5ppm), Beta-Glucan, Hydrolyzed Corn Starch, Glyceryl Linolenate, Glyceryl Arachidonate, Tranexamic Acid, Retinyl Palmitate, Biotin, Sucrose, Thiamine HCl, Folic Acid, Pyridoxine, Cyanocobalamin, Sodium Chondroitin Sulfate<\/p>\n","protected":false},"excerpt":{"rendered":"<p>Arencia Rice Mucin Glow Serum 30\u00a0 mirdzuma serums ar pudi\u0146am l\u012bdz\u012bgu formulu rada starojo\u0161u, stiklveida mirdzumu no \u0101das iek\u0161ienes.<\/p>\n","protected":false},"featured_media":24415,"comment_status":"open","ping_status":"closed","template":"","meta":{"site-sidebar-layout":"default","site-content-layout":"","ast-site-content-layout":"default","site-content-style":"default","site-sidebar-style":"default","ast-global-header-display":"","ast-banner-title-visibility":"","ast-main-header-display":"","ast-hfb-above-header-display":"","ast-hfb-below-header-display":"","ast-hfb-mobile-header-display":"","site-post-title":"","ast-breadcrumbs-content":"","ast-featured-img":"","footer-sml-layout":"","theme-transparent-header-meta":"default","adv-header-id-meta":"","stick-header-meta":"","header-above-stick-meta":"","header-main-stick-meta":"","header-below-stick-meta":"","astra-migrate-meta-layouts":"set","ast-page-background-enabled":"default","ast-page-background-meta":{"desktop":{"background-color":"var(--ast-global-color-4)","background-image":"","background-repeat":"repeat","background-position":"center center","background-size":"auto","background-attachment":"scroll","background-type":"","background-media":"","overlay-type":"","overlay-color":"","overlay-opacity":"","overlay-gradient":""},"tablet":{"background-color":"","background-image":"","background-repeat":"repeat","background-position":"center center","background-size":"auto","background-attachment":"scroll","background-type":"","background-media":"","overlay-type":"","overlay-color":"","overlay-opacity":"","overlay-gradient":""},"mobile":{"background-color":"","background-image":"","background-repeat":"repeat","background-position":"center center","background-size":"auto","background-attachment":"scroll","background-type":"","background-media":"","overlay-type":"","overlay-color":"","overlay-opacity":"","overlay-gradient":""}},"ast-content-background-meta":{"desktop":{"background-color":"var(--ast-global-color-5)","background-image":"","background-repeat":"repeat","background-position":"center center","background-size":"auto","background-attachment":"scroll","background-type":"","background-media":"","overlay-type":"","overlay-color":"","overlay-opacity":"","overlay-gradient":""},"tablet":{"background-color":"var(--ast-global-color-5)","background-image":"","background-repeat":"repeat","background-position":"center center","background-size":"auto","background-attachment":"scroll","background-type":"","background-media":"","overlay-type":"","overlay-color":"","overlay-opacity":"","overlay-gradient":""},"mobile":{"background-color":"var(--ast-global-color-5)","background-image":"","background-repeat":"repeat","background-position":"center center","background-size":"auto","background-attachment":"scroll","background-type":"","background-media":"","overlay-type":"","overlay-color":"","overlay-opacity":"","overlay-gradient":""}}},"product_brand":[],"product_cat":[370,371,363],"product_tag":[],"berocket_brand":[635],"class_list":{"0":"post-24414","1":"product","2":"type-product","3":"status-publish","4":"has-post-thumbnail","6":"product_cat-adas-mirdzumam","7":"product_cat-anti-age","8":"product_cat-serumi","9":"berocket_brand-arencia","10":"desktop-align-left","11":"tablet-align-left","12":"mobile-align-left","14":"first","15":"outofstock","16":"taxable","17":"shipping-taxable","18":"purchasable","19":"product-type-simple","20":"add-to-wishlist-before_image"},"yoast_head":"<!-- This site is optimized with the Yoast SEO plugin v27.4 - https:\/\/yoast.com\/product\/yoast-seo-wordpress\/ -->\n<title>Arencia Rice Mucin Glow Serum 30 50g - FACECORNER<\/title>\n<meta name=\"description\" content=\"Arencia Rice Mucin Glow Serum 30\u00a0 mirdzuma serums ar pudi\u0146am l\u012bdz\u012bgu formulu rada starojo\u0161u, stiklveida mirdzumu no \u0101das iek\u0161ienes.\" \/>\n<meta name=\"robots\" content=\"index, follow, max-snippet:-1, max-image-preview:large, max-video-preview:-1\" \/>\n<link rel=\"canonical\" href=\"https:\/\/www.facecorner.lv\/lv\/shop\/arencia-rice-mucin-glow-serum-30-50g\/\" \/>\n<meta property=\"og:locale\" content=\"lv_LV\" \/>\n<meta property=\"og:type\" content=\"article\" \/>\n<meta property=\"og:title\" content=\"Arencia Rice Mucin Glow Serum 30 50g - FACECORNER\" \/>\n<meta property=\"og:description\" content=\"Arencia Rice Mucin Glow Serum 30\u00a0 mirdzuma serums ar pudi\u0146am l\u012bdz\u012bgu formulu rada starojo\u0161u, stiklveida mirdzumu no \u0101das iek\u0161ienes.\" \/>\n<meta property=\"og:url\" content=\"https:\/\/www.facecorner.lv\/lv\/shop\/arencia-rice-mucin-glow-serum-30-50g\/\" \/>\n<meta property=\"og:site_name\" content=\"FACECORNER\" \/>\n<meta property=\"article:publisher\" content=\"https:\/\/www.facebook.com\/profile.php?id=100063824551839\" \/>\n<meta property=\"article:modified_time\" content=\"2025-12-24T22:24:07+00:00\" \/>\n<meta property=\"og:image\" content=\"https:\/\/www.facecorner.lv\/wp-content\/uploads\/2025\/05\/51SEDpBsHJL.jpg\" \/>\n\t<meta property=\"og:image:width\" content=\"1200\" \/>\n\t<meta property=\"og:image:height\" content=\"1200\" \/>\n\t<meta property=\"og:image:type\" content=\"image\/jpeg\" \/>\n<meta name=\"twitter:card\" content=\"summary_large_image\" \/>\n<meta name=\"twitter:label1\" content=\"Price\" \/>\n\t<meta name=\"twitter:data1\" content=\"&euro;27.50\" \/>\n\t<meta name=\"twitter:label2\" content=\"Availability\" \/>\n\t<meta name=\"twitter:data2\" content=\"Out of stock\" \/>\n<script type=\"application\/ld+json\" class=\"yoast-schema-graph\">{\"@context\":\"https:\\\/\\\/schema.org\",\"@graph\":[{\"@type\":\"WebPage\",\"@id\":\"https:\\\/\\\/www.facecorner.lv\\\/shop\\\/arencia-rice-mucin-glow-serum-30-50g\\\/\",\"url\":\"https:\\\/\\\/www.facecorner.lv\\\/shop\\\/arencia-rice-mucin-glow-serum-30-50g\\\/\",\"name\":\"Arencia Rice Mucin Glow Serum 30 50g - FACECORNER\",\"isPartOf\":{\"@id\":\"https:\\\/\\\/www.facecorner.lv\\\/#website\"},\"primaryImageOfPage\":{\"@id\":\"https:\\\/\\\/www.facecorner.lv\\\/shop\\\/arencia-rice-mucin-glow-serum-30-50g\\\/#primaryimage\"},\"image\":{\"@id\":\"https:\\\/\\\/www.facecorner.lv\\\/shop\\\/arencia-rice-mucin-glow-serum-30-50g\\\/#primaryimage\"},\"thumbnailUrl\":\"https:\\\/\\\/www.facecorner.lv\\\/wp-content\\\/uploads\\\/2025\\\/05\\\/51SEDpBsHJL.jpg\",\"datePublished\":\"2025-05-31T12:26:50+00:00\",\"dateModified\":\"2025-12-24T22:24:07+00:00\",\"description\":\"Arencia Rice Mucin Glow Serum 30\u00a0 mirdzuma serums ar pudi\u0146am l\u012bdz\u012bgu formulu rada starojo\u0161u, stiklveida mirdzumu no \u0101das iek\u0161ienes.\",\"breadcrumb\":{\"@id\":\"https:\\\/\\\/www.facecorner.lv\\\/shop\\\/arencia-rice-mucin-glow-serum-30-50g\\\/#breadcrumb\"},\"inLanguage\":\"lv-LV\",\"potentialAction\":[{\"@type\":\"ReadAction\",\"target\":[\"https:\\\/\\\/www.facecorner.lv\\\/shop\\\/arencia-rice-mucin-glow-serum-30-50g\\\/\"]}]},{\"@type\":\"ImageObject\",\"inLanguage\":\"lv-LV\",\"@id\":\"https:\\\/\\\/www.facecorner.lv\\\/shop\\\/arencia-rice-mucin-glow-serum-30-50g\\\/#primaryimage\",\"url\":\"https:\\\/\\\/www.facecorner.lv\\\/wp-content\\\/uploads\\\/2025\\\/05\\\/51SEDpBsHJL.jpg\",\"contentUrl\":\"https:\\\/\\\/www.facecorner.lv\\\/wp-content\\\/uploads\\\/2025\\\/05\\\/51SEDpBsHJL.jpg\",\"width\":1200,\"height\":1200,\"caption\":\"Arencia Rice Mucin Glow Serum 30 50g\"},{\"@type\":\"BreadcrumbList\",\"@id\":\"https:\\\/\\\/www.facecorner.lv\\\/shop\\\/arencia-rice-mucin-glow-serum-30-50g\\\/#breadcrumb\",\"itemListElement\":[{\"@type\":\"ListItem\",\"position\":1,\"name\":\"Home\",\"item\":\"https:\\\/\\\/www.facecorner.lv\\\/\"},{\"@type\":\"ListItem\",\"position\":2,\"name\":\"Veikals\",\"item\":\"https:\\\/\\\/www.facecorner.lv\\\/shop\\\/\"},{\"@type\":\"ListItem\",\"position\":3,\"name\":\"Arencia Rice Mucin Glow Serum 30 50g\"}]},{\"@type\":\"WebSite\",\"@id\":\"https:\\\/\\\/www.facecorner.lv\\\/#website\",\"url\":\"https:\\\/\\\/www.facecorner.lv\\\/\",\"name\":\"Facecorner\",\"description\":\"\",\"publisher\":{\"@id\":\"https:\\\/\\\/www.facecorner.lv\\\/#organization\"},\"potentialAction\":[{\"@type\":\"SearchAction\",\"target\":{\"@type\":\"EntryPoint\",\"urlTemplate\":\"https:\\\/\\\/www.facecorner.lv\\\/?s={search_term_string}\"},\"query-input\":{\"@type\":\"PropertyValueSpecification\",\"valueRequired\":true,\"valueName\":\"search_term_string\"}}],\"inLanguage\":\"lv-LV\"},{\"@type\":\"Organization\",\"@id\":\"https:\\\/\\\/www.facecorner.lv\\\/#organization\",\"name\":\"Facecorner\",\"url\":\"https:\\\/\\\/www.facecorner.lv\\\/\",\"logo\":{\"@type\":\"ImageObject\",\"inLanguage\":\"lv-LV\",\"@id\":\"https:\\\/\\\/www.facecorner.lv\\\/#\\\/schema\\\/logo\\\/image\\\/\",\"url\":\"https:\\\/\\\/www.facecorner.lv\\\/wp-content\\\/uploads\\\/2024\\\/04\\\/fc-logo.jpg\",\"contentUrl\":\"https:\\\/\\\/www.facecorner.lv\\\/wp-content\\\/uploads\\\/2024\\\/04\\\/fc-logo.jpg\",\"width\":174,\"height\":28,\"caption\":\"Facecorner\"},\"image\":{\"@id\":\"https:\\\/\\\/www.facecorner.lv\\\/#\\\/schema\\\/logo\\\/image\\\/\"},\"sameAs\":[\"https:\\\/\\\/www.facebook.com\\\/profile.php?id=100063824551839\",\"https:\\\/\\\/www.instagram.com\\\/facecorner_shop\\\/\"]}]}<\/script>\n<meta property=\"product:price:amount\" content=\"27.50\" \/>\n<meta property=\"product:price:currency\" content=\"EUR\" \/>\n<meta property=\"og:availability\" content=\"out of stock\" \/>\n<meta property=\"product:availability\" content=\"out of stock\" \/>\n<meta property=\"product:condition\" content=\"new\" \/>\n<!-- \/ Yoast SEO plugin. -->","yoast_head_json":{"title":"Arencia Rice Mucin Glow Serum 30 50g - FACECORNER","description":"Arencia Rice Mucin Glow Serum 30\u00a0 mirdzuma serums ar pudi\u0146am l\u012bdz\u012bgu formulu rada starojo\u0161u, stiklveida mirdzumu no \u0101das iek\u0161ienes.","robots":{"index":"index","follow":"follow","max-snippet":"max-snippet:-1","max-image-preview":"max-image-preview:large","max-video-preview":"max-video-preview:-1"},"canonical":"https:\/\/www.facecorner.lv\/lv\/shop\/arencia-rice-mucin-glow-serum-30-50g\/","og_locale":"lv_LV","og_type":"article","og_title":"Arencia Rice Mucin Glow Serum 30 50g - FACECORNER","og_description":"Arencia Rice Mucin Glow Serum 30\u00a0 mirdzuma serums ar pudi\u0146am l\u012bdz\u012bgu formulu rada starojo\u0161u, stiklveida mirdzumu no \u0101das iek\u0161ienes.","og_url":"https:\/\/www.facecorner.lv\/lv\/shop\/arencia-rice-mucin-glow-serum-30-50g\/","og_site_name":"FACECORNER","article_publisher":"https:\/\/www.facebook.com\/profile.php?id=100063824551839","article_modified_time":"2025-12-24T22:24:07+00:00","og_image":[{"width":1200,"height":1200,"url":"https:\/\/www.facecorner.lv\/wp-content\/uploads\/2025\/05\/51SEDpBsHJL.jpg","type":"image\/jpeg"}],"twitter_card":"summary_large_image","twitter_misc":{"Price":"&euro;27.50","Availability":"Out of stock"},"schema":{"@context":"https:\/\/schema.org","@graph":[{"@type":"WebPage","@id":"https:\/\/www.facecorner.lv\/shop\/arencia-rice-mucin-glow-serum-30-50g\/","url":"https:\/\/www.facecorner.lv\/shop\/arencia-rice-mucin-glow-serum-30-50g\/","name":"Arencia Rice Mucin Glow Serum 30 50g - FACECORNER","isPartOf":{"@id":"https:\/\/www.facecorner.lv\/#website"},"primaryImageOfPage":{"@id":"https:\/\/www.facecorner.lv\/shop\/arencia-rice-mucin-glow-serum-30-50g\/#primaryimage"},"image":{"@id":"https:\/\/www.facecorner.lv\/shop\/arencia-rice-mucin-glow-serum-30-50g\/#primaryimage"},"thumbnailUrl":"https:\/\/www.facecorner.lv\/wp-content\/uploads\/2025\/05\/51SEDpBsHJL.jpg","datePublished":"2025-05-31T12:26:50+00:00","dateModified":"2025-12-24T22:24:07+00:00","description":"Arencia Rice Mucin Glow Serum 30\u00a0 mirdzuma serums ar pudi\u0146am l\u012bdz\u012bgu formulu rada starojo\u0161u, stiklveida mirdzumu no \u0101das iek\u0161ienes.","breadcrumb":{"@id":"https:\/\/www.facecorner.lv\/shop\/arencia-rice-mucin-glow-serum-30-50g\/#breadcrumb"},"inLanguage":"lv-LV","potentialAction":[{"@type":"ReadAction","target":["https:\/\/www.facecorner.lv\/shop\/arencia-rice-mucin-glow-serum-30-50g\/"]}]},{"@type":"ImageObject","inLanguage":"lv-LV","@id":"https:\/\/www.facecorner.lv\/shop\/arencia-rice-mucin-glow-serum-30-50g\/#primaryimage","url":"https:\/\/www.facecorner.lv\/wp-content\/uploads\/2025\/05\/51SEDpBsHJL.jpg","contentUrl":"https:\/\/www.facecorner.lv\/wp-content\/uploads\/2025\/05\/51SEDpBsHJL.jpg","width":1200,"height":1200,"caption":"Arencia Rice Mucin Glow Serum 30 50g"},{"@type":"BreadcrumbList","@id":"https:\/\/www.facecorner.lv\/shop\/arencia-rice-mucin-glow-serum-30-50g\/#breadcrumb","itemListElement":[{"@type":"ListItem","position":1,"name":"Home","item":"https:\/\/www.facecorner.lv\/"},{"@type":"ListItem","position":2,"name":"Veikals","item":"https:\/\/www.facecorner.lv\/shop\/"},{"@type":"ListItem","position":3,"name":"Arencia Rice Mucin Glow Serum 30 50g"}]},{"@type":"WebSite","@id":"https:\/\/www.facecorner.lv\/#website","url":"https:\/\/www.facecorner.lv\/","name":"Facecorner","description":"","publisher":{"@id":"https:\/\/www.facecorner.lv\/#organization"},"potentialAction":[{"@type":"SearchAction","target":{"@type":"EntryPoint","urlTemplate":"https:\/\/www.facecorner.lv\/?s={search_term_string}"},"query-input":{"@type":"PropertyValueSpecification","valueRequired":true,"valueName":"search_term_string"}}],"inLanguage":"lv-LV"},{"@type":"Organization","@id":"https:\/\/www.facecorner.lv\/#organization","name":"Facecorner","url":"https:\/\/www.facecorner.lv\/","logo":{"@type":"ImageObject","inLanguage":"lv-LV","@id":"https:\/\/www.facecorner.lv\/#\/schema\/logo\/image\/","url":"https:\/\/www.facecorner.lv\/wp-content\/uploads\/2024\/04\/fc-logo.jpg","contentUrl":"https:\/\/www.facecorner.lv\/wp-content\/uploads\/2024\/04\/fc-logo.jpg","width":174,"height":28,"caption":"Facecorner"},"image":{"@id":"https:\/\/www.facecorner.lv\/#\/schema\/logo\/image\/"},"sameAs":["https:\/\/www.facebook.com\/profile.php?id=100063824551839","https:\/\/www.instagram.com\/facecorner_shop\/"]}]},"product_price_amount":"27.50","product_price_currency":"EUR","og_availability":"out of stock","product_availability":"out of stock","product_condition":"new"},"_links":{"self":[{"href":"https:\/\/www.facecorner.lv\/lv\/wp-json\/wp\/v2\/product\/24414","targetHints":{"allow":["GET"]}}],"collection":[{"href":"https:\/\/www.facecorner.lv\/lv\/wp-json\/wp\/v2\/product"}],"about":[{"href":"https:\/\/www.facecorner.lv\/lv\/wp-json\/wp\/v2\/types\/product"}],"replies":[{"embeddable":true,"href":"https:\/\/www.facecorner.lv\/lv\/wp-json\/wp\/v2\/comments?post=24414"}],"wp:featuredmedia":[{"embeddable":true,"href":"https:\/\/www.facecorner.lv\/lv\/wp-json\/wp\/v2\/media\/24415"}],"wp:attachment":[{"href":"https:\/\/www.facecorner.lv\/lv\/wp-json\/wp\/v2\/media?parent=24414"}],"wp:term":[{"taxonomy":"product_brand","embeddable":true,"href":"https:\/\/www.facecorner.lv\/lv\/wp-json\/wp\/v2\/product_brand?post=24414"},{"taxonomy":"product_cat","embeddable":true,"href":"https:\/\/www.facecorner.lv\/lv\/wp-json\/wp\/v2\/product_cat?post=24414"},{"taxonomy":"product_tag","embeddable":true,"href":"https:\/\/www.facecorner.lv\/lv\/wp-json\/wp\/v2\/product_tag?post=24414"},{"taxonomy":"berocket_brand","embeddable":true,"href":"https:\/\/www.facecorner.lv\/lv\/wp-json\/wp\/v2\/berocket_brand?post=24414"}],"curies":[{"name":"wp","href":"https:\/\/api.w.org\/{rel}","templated":true}]}}