{"id":24368,"date":"2025-05-27T22:12:12","date_gmt":"2025-05-27T19:12:12","guid":{"rendered":"https:\/\/www.facecorner.lv\/?post_type=product&#038;p=24368"},"modified":"2025-12-08T22:08:46","modified_gmt":"2025-12-08T19:08:46","slug":"medicube-pdrn-lip-sleeping-mask-10g","status":"publish","type":"product","link":"https:\/\/www.facecorner.lv\/lv\/shop\/medicube-pdrn-lip-sleeping-mask-10g\/","title":{"rendered":"Medicube PDRN Lip Sleeping Mask 10g"},"content":{"rendered":"<p>Medicube PDRN Lip Sleeping Mask dzi\u013ci mitrino\u0161\u0101 l\u016bpu maska ar PDRN la\u0161u DNS, kolag\u0113nu un \u0161\u012b sviestu nodro\u0161ina intens\u012bvu mitrin\u0101\u0161anu un atjauno sausas, saplais\u0101ju\u0161as l\u016bpas.<\/p>\n<p>T\u0101s unik\u0101l\u0101 formula ne tikai mitrina, bet ar\u012b nostiprina l\u016bpas, padarot t\u0101s m\u012bkstas, gludas un atjaunotas.<\/p>\n<p><strong>S\u0101stavs:<\/strong> Diisostearyl malate, Phytosteryl\/Isostearyl\/Cetyl\/Stearyl\/Behenyl Dimer Dilinoleate, Shea Butter, Polyisobutene, Hydrogenated Polydecene, Microcrystalline Wax, Ceresin, Dipropylene Glycol, Glycerin, Alpha-Bisabolol, Purified Water, Titanium Dioxide, Caprylic\/Capric Triglyceride, Silica Dimethyl Silylate, Fragrance, Polyglyceryl-10 Oleate, Hydrogenated Lecithin, Lauryl Polyglyceryl-3 Polydimethylsiloxyethyl Dimethicone, Polyhydroxystearic Acid, Adenosine, Alumina, Stearic Acid, Aluminum Hydroxide, Red 226 (CI 7581), Manganese Violet (CI 7581), Blue 1 (CI 7581), Camellia Japonica Seed Oil, Sodium DNA, Tocopherol, Butylene Glycol, 1,2-Hexanediol, Amuria Japonica Extract, Caprylyl\/Capryl Glucoside, Propanediol, Hydrolyzed Collagen, Camellia Japonica Flower Extract, Polyglyceryl-10 Laurate, Acetyl Tetrapeptide-5, Acetyl Hexapeptide-8, Carnosine, Palmitoyl Tripeptide-5, Palmitoyl Tetrapeptide-7, Yeast Beta-Glucan.<\/p>\n","protected":false},"excerpt":{"rendered":"<p>Medicube PDRN Lip Sleeping Mask dzi\u013ci mitrino\u0161\u0101 l\u016bpu maska ar PDRN la\u0161u DNS, kolag\u0113nu un \u0161\u012b sviestu nodro\u0161ina intens\u012bvu mitrin\u0101\u0161anu un atjauno sausas, saplais\u0101ju\u0161as l\u016bpas.<\/p>\n","protected":false},"featured_media":24369,"comment_status":"open","ping_status":"closed","template":"","meta":{"site-sidebar-layout":"default","site-content-layout":"","ast-site-content-layout":"default","site-content-style":"default","site-sidebar-style":"default","ast-global-header-display":"","ast-banner-title-visibility":"","ast-main-header-display":"","ast-hfb-above-header-display":"","ast-hfb-below-header-display":"","ast-hfb-mobile-header-display":"","site-post-title":"","ast-breadcrumbs-content":"","ast-featured-img":"","footer-sml-layout":"","theme-transparent-header-meta":"default","adv-header-id-meta":"","stick-header-meta":"","header-above-stick-meta":"","header-main-stick-meta":"","header-below-stick-meta":"","astra-migrate-meta-layouts":"set","ast-page-background-enabled":"default","ast-page-background-meta":{"desktop":{"background-color":"var(--ast-global-color-4)","background-image":"","background-repeat":"repeat","background-position":"center center","background-size":"auto","background-attachment":"scroll","background-type":"","background-media":"","overlay-type":"","overlay-color":"","overlay-opacity":"","overlay-gradient":""},"tablet":{"background-color":"","background-image":"","background-repeat":"repeat","background-position":"center center","background-size":"auto","background-attachment":"scroll","background-type":"","background-media":"","overlay-type":"","overlay-color":"","overlay-opacity":"","overlay-gradient":""},"mobile":{"background-color":"","background-image":"","background-repeat":"repeat","background-position":"center center","background-size":"auto","background-attachment":"scroll","background-type":"","background-media":"","overlay-type":"","overlay-color":"","overlay-opacity":"","overlay-gradient":""}},"ast-content-background-meta":{"desktop":{"background-color":"var(--ast-global-color-5)","background-image":"","background-repeat":"repeat","background-position":"center center","background-size":"auto","background-attachment":"scroll","background-type":"","background-media":"","overlay-type":"","overlay-color":"","overlay-opacity":"","overlay-gradient":""},"tablet":{"background-color":"var(--ast-global-color-5)","background-image":"","background-repeat":"repeat","background-position":"center center","background-size":"auto","background-attachment":"scroll","background-type":"","background-media":"","overlay-type":"","overlay-color":"","overlay-opacity":"","overlay-gradient":""},"mobile":{"background-color":"var(--ast-global-color-5)","background-image":"","background-repeat":"repeat","background-position":"center center","background-size":"auto","background-attachment":"scroll","background-type":"","background-media":"","overlay-type":"","overlay-color":"","overlay-opacity":"","overlay-gradient":""}}},"product_brand":[],"product_cat":[320,652],"product_tag":[],"berocket_brand":[579],"class_list":{"0":"post-24368","1":"product","2":"type-product","3":"status-publish","4":"has-post-thumbnail","6":"product_cat-lupu-kopsana","7":"product_cat-pdrn","8":"berocket_brand-medicube","9":"desktop-align-left","10":"tablet-align-left","11":"mobile-align-left","13":"first","14":"outofstock","15":"taxable","16":"shipping-taxable","17":"purchasable","18":"product-type-simple","19":"add-to-wishlist-before_image"},"yoast_head":"<!-- This site is optimized with the Yoast SEO plugin v27.4 - https:\/\/yoast.com\/product\/yoast-seo-wordpress\/ -->\n<title>Medicube PDRN Lip Sleeping Mask 10g - FACECORNER<\/title>\n<meta name=\"description\" content=\"Medicube PDRN Lip Sleeping Mask dzi\u013ci mitrino\u0161\u0101 l\u016bpu maska ar PDRN la\u0161u DNS, kolag\u0113nu un \u0161\u012b sviestu nodro\u0161ina intens\u012bvu mitrin\u0101\u0161anu\" \/>\n<meta name=\"robots\" content=\"index, follow, max-snippet:-1, max-image-preview:large, max-video-preview:-1\" \/>\n<link rel=\"canonical\" href=\"https:\/\/www.facecorner.lv\/lv\/shop\/medicube-pdrn-lip-sleeping-mask-10g\/\" \/>\n<meta property=\"og:locale\" content=\"lv_LV\" \/>\n<meta property=\"og:type\" content=\"article\" \/>\n<meta property=\"og:title\" content=\"Medicube PDRN Lip Sleeping Mask 10g - FACECORNER\" \/>\n<meta property=\"og:description\" content=\"Medicube PDRN Lip Sleeping Mask dzi\u013ci mitrino\u0161\u0101 l\u016bpu maska ar PDRN la\u0161u DNS, kolag\u0113nu un \u0161\u012b sviestu nodro\u0161ina intens\u012bvu mitrin\u0101\u0161anu\" \/>\n<meta property=\"og:url\" content=\"https:\/\/www.facecorner.lv\/lv\/shop\/medicube-pdrn-lip-sleeping-mask-10g\/\" \/>\n<meta property=\"og:site_name\" content=\"FACECORNER\" \/>\n<meta property=\"article:publisher\" content=\"https:\/\/www.facebook.com\/profile.php?id=100063824551839\" \/>\n<meta property=\"article:modified_time\" content=\"2025-12-08T19:08:46+00:00\" \/>\n<meta property=\"og:image\" content=\"https:\/\/www.facecorner.lv\/wp-content\/uploads\/2025\/05\/Medicube_PDRN_Lip_Sleeping_Mask-Holiholic.webp\" \/>\n\t<meta property=\"og:image:width\" content=\"667\" \/>\n\t<meta property=\"og:image:height\" content=\"713\" \/>\n\t<meta property=\"og:image:type\" content=\"image\/webp\" \/>\n<meta name=\"twitter:card\" content=\"summary_large_image\" \/>\n<meta name=\"twitter:label1\" content=\"Price\" \/>\n\t<meta name=\"twitter:data1\" content=\"&euro;15.20\" \/>\n\t<meta name=\"twitter:label2\" content=\"Availability\" \/>\n\t<meta name=\"twitter:data2\" content=\"Out of stock\" \/>\n<script type=\"application\/ld+json\" class=\"yoast-schema-graph\">{\"@context\":\"https:\\\/\\\/schema.org\",\"@graph\":[{\"@type\":\"WebPage\",\"@id\":\"https:\\\/\\\/www.facecorner.lv\\\/shop\\\/medicube-pdrn-lip-sleeping-mask-10g\\\/\",\"url\":\"https:\\\/\\\/www.facecorner.lv\\\/shop\\\/medicube-pdrn-lip-sleeping-mask-10g\\\/\",\"name\":\"Medicube PDRN Lip Sleeping Mask 10g - FACECORNER\",\"isPartOf\":{\"@id\":\"https:\\\/\\\/www.facecorner.lv\\\/#website\"},\"primaryImageOfPage\":{\"@id\":\"https:\\\/\\\/www.facecorner.lv\\\/shop\\\/medicube-pdrn-lip-sleeping-mask-10g\\\/#primaryimage\"},\"image\":{\"@id\":\"https:\\\/\\\/www.facecorner.lv\\\/shop\\\/medicube-pdrn-lip-sleeping-mask-10g\\\/#primaryimage\"},\"thumbnailUrl\":\"https:\\\/\\\/www.facecorner.lv\\\/wp-content\\\/uploads\\\/2025\\\/05\\\/Medicube_PDRN_Lip_Sleeping_Mask-Holiholic.webp\",\"datePublished\":\"2025-05-27T19:12:12+00:00\",\"dateModified\":\"2025-12-08T19:08:46+00:00\",\"description\":\"Medicube PDRN Lip Sleeping Mask dzi\u013ci mitrino\u0161\u0101 l\u016bpu maska ar PDRN la\u0161u DNS, kolag\u0113nu un \u0161\u012b sviestu nodro\u0161ina intens\u012bvu mitrin\u0101\u0161anu\",\"breadcrumb\":{\"@id\":\"https:\\\/\\\/www.facecorner.lv\\\/shop\\\/medicube-pdrn-lip-sleeping-mask-10g\\\/#breadcrumb\"},\"inLanguage\":\"lv-LV\",\"potentialAction\":[{\"@type\":\"ReadAction\",\"target\":[\"https:\\\/\\\/www.facecorner.lv\\\/shop\\\/medicube-pdrn-lip-sleeping-mask-10g\\\/\"]}]},{\"@type\":\"ImageObject\",\"inLanguage\":\"lv-LV\",\"@id\":\"https:\\\/\\\/www.facecorner.lv\\\/shop\\\/medicube-pdrn-lip-sleeping-mask-10g\\\/#primaryimage\",\"url\":\"https:\\\/\\\/www.facecorner.lv\\\/wp-content\\\/uploads\\\/2025\\\/05\\\/Medicube_PDRN_Lip_Sleeping_Mask-Holiholic.webp\",\"contentUrl\":\"https:\\\/\\\/www.facecorner.lv\\\/wp-content\\\/uploads\\\/2025\\\/05\\\/Medicube_PDRN_Lip_Sleeping_Mask-Holiholic.webp\",\"width\":667,\"height\":713,\"caption\":\"Medicube PDRN Lip Sleeping Mask\"},{\"@type\":\"BreadcrumbList\",\"@id\":\"https:\\\/\\\/www.facecorner.lv\\\/shop\\\/medicube-pdrn-lip-sleeping-mask-10g\\\/#breadcrumb\",\"itemListElement\":[{\"@type\":\"ListItem\",\"position\":1,\"name\":\"Home\",\"item\":\"https:\\\/\\\/www.facecorner.lv\\\/\"},{\"@type\":\"ListItem\",\"position\":2,\"name\":\"Veikals\",\"item\":\"https:\\\/\\\/www.facecorner.lv\\\/shop\\\/\"},{\"@type\":\"ListItem\",\"position\":3,\"name\":\"Medicube PDRN Lip Sleeping Mask 10g\"}]},{\"@type\":\"WebSite\",\"@id\":\"https:\\\/\\\/www.facecorner.lv\\\/#website\",\"url\":\"https:\\\/\\\/www.facecorner.lv\\\/\",\"name\":\"Facecorner\",\"description\":\"\",\"publisher\":{\"@id\":\"https:\\\/\\\/www.facecorner.lv\\\/#organization\"},\"potentialAction\":[{\"@type\":\"SearchAction\",\"target\":{\"@type\":\"EntryPoint\",\"urlTemplate\":\"https:\\\/\\\/www.facecorner.lv\\\/?s={search_term_string}\"},\"query-input\":{\"@type\":\"PropertyValueSpecification\",\"valueRequired\":true,\"valueName\":\"search_term_string\"}}],\"inLanguage\":\"lv-LV\"},{\"@type\":\"Organization\",\"@id\":\"https:\\\/\\\/www.facecorner.lv\\\/#organization\",\"name\":\"Facecorner\",\"url\":\"https:\\\/\\\/www.facecorner.lv\\\/\",\"logo\":{\"@type\":\"ImageObject\",\"inLanguage\":\"lv-LV\",\"@id\":\"https:\\\/\\\/www.facecorner.lv\\\/#\\\/schema\\\/logo\\\/image\\\/\",\"url\":\"https:\\\/\\\/www.facecorner.lv\\\/wp-content\\\/uploads\\\/2024\\\/04\\\/fc-logo.jpg\",\"contentUrl\":\"https:\\\/\\\/www.facecorner.lv\\\/wp-content\\\/uploads\\\/2024\\\/04\\\/fc-logo.jpg\",\"width\":174,\"height\":28,\"caption\":\"Facecorner\"},\"image\":{\"@id\":\"https:\\\/\\\/www.facecorner.lv\\\/#\\\/schema\\\/logo\\\/image\\\/\"},\"sameAs\":[\"https:\\\/\\\/www.facebook.com\\\/profile.php?id=100063824551839\",\"https:\\\/\\\/www.instagram.com\\\/facecorner_shop\\\/\"]}]}<\/script>\n<meta property=\"product:price:amount\" content=\"15.20\" \/>\n<meta property=\"product:price:currency\" content=\"EUR\" \/>\n<meta property=\"og:availability\" content=\"out of stock\" \/>\n<meta property=\"product:availability\" content=\"out of stock\" \/>\n<meta property=\"product:condition\" content=\"new\" \/>\n<!-- \/ Yoast SEO plugin. -->","yoast_head_json":{"title":"Medicube PDRN Lip Sleeping Mask 10g - FACECORNER","description":"Medicube PDRN Lip Sleeping Mask dzi\u013ci mitrino\u0161\u0101 l\u016bpu maska ar PDRN la\u0161u DNS, kolag\u0113nu un \u0161\u012b sviestu nodro\u0161ina intens\u012bvu mitrin\u0101\u0161anu","robots":{"index":"index","follow":"follow","max-snippet":"max-snippet:-1","max-image-preview":"max-image-preview:large","max-video-preview":"max-video-preview:-1"},"canonical":"https:\/\/www.facecorner.lv\/lv\/shop\/medicube-pdrn-lip-sleeping-mask-10g\/","og_locale":"lv_LV","og_type":"article","og_title":"Medicube PDRN Lip Sleeping Mask 10g - FACECORNER","og_description":"Medicube PDRN Lip Sleeping Mask dzi\u013ci mitrino\u0161\u0101 l\u016bpu maska ar PDRN la\u0161u DNS, kolag\u0113nu un \u0161\u012b sviestu nodro\u0161ina intens\u012bvu mitrin\u0101\u0161anu","og_url":"https:\/\/www.facecorner.lv\/lv\/shop\/medicube-pdrn-lip-sleeping-mask-10g\/","og_site_name":"FACECORNER","article_publisher":"https:\/\/www.facebook.com\/profile.php?id=100063824551839","article_modified_time":"2025-12-08T19:08:46+00:00","og_image":[{"width":667,"height":713,"url":"https:\/\/www.facecorner.lv\/wp-content\/uploads\/2025\/05\/Medicube_PDRN_Lip_Sleeping_Mask-Holiholic.webp","type":"image\/webp"}],"twitter_card":"summary_large_image","twitter_misc":{"Price":"&euro;15.20","Availability":"Out of stock"},"schema":{"@context":"https:\/\/schema.org","@graph":[{"@type":"WebPage","@id":"https:\/\/www.facecorner.lv\/shop\/medicube-pdrn-lip-sleeping-mask-10g\/","url":"https:\/\/www.facecorner.lv\/shop\/medicube-pdrn-lip-sleeping-mask-10g\/","name":"Medicube PDRN Lip Sleeping Mask 10g - FACECORNER","isPartOf":{"@id":"https:\/\/www.facecorner.lv\/#website"},"primaryImageOfPage":{"@id":"https:\/\/www.facecorner.lv\/shop\/medicube-pdrn-lip-sleeping-mask-10g\/#primaryimage"},"image":{"@id":"https:\/\/www.facecorner.lv\/shop\/medicube-pdrn-lip-sleeping-mask-10g\/#primaryimage"},"thumbnailUrl":"https:\/\/www.facecorner.lv\/wp-content\/uploads\/2025\/05\/Medicube_PDRN_Lip_Sleeping_Mask-Holiholic.webp","datePublished":"2025-05-27T19:12:12+00:00","dateModified":"2025-12-08T19:08:46+00:00","description":"Medicube PDRN Lip Sleeping Mask dzi\u013ci mitrino\u0161\u0101 l\u016bpu maska ar PDRN la\u0161u DNS, kolag\u0113nu un \u0161\u012b sviestu nodro\u0161ina intens\u012bvu mitrin\u0101\u0161anu","breadcrumb":{"@id":"https:\/\/www.facecorner.lv\/shop\/medicube-pdrn-lip-sleeping-mask-10g\/#breadcrumb"},"inLanguage":"lv-LV","potentialAction":[{"@type":"ReadAction","target":["https:\/\/www.facecorner.lv\/shop\/medicube-pdrn-lip-sleeping-mask-10g\/"]}]},{"@type":"ImageObject","inLanguage":"lv-LV","@id":"https:\/\/www.facecorner.lv\/shop\/medicube-pdrn-lip-sleeping-mask-10g\/#primaryimage","url":"https:\/\/www.facecorner.lv\/wp-content\/uploads\/2025\/05\/Medicube_PDRN_Lip_Sleeping_Mask-Holiholic.webp","contentUrl":"https:\/\/www.facecorner.lv\/wp-content\/uploads\/2025\/05\/Medicube_PDRN_Lip_Sleeping_Mask-Holiholic.webp","width":667,"height":713,"caption":"Medicube PDRN Lip Sleeping Mask"},{"@type":"BreadcrumbList","@id":"https:\/\/www.facecorner.lv\/shop\/medicube-pdrn-lip-sleeping-mask-10g\/#breadcrumb","itemListElement":[{"@type":"ListItem","position":1,"name":"Home","item":"https:\/\/www.facecorner.lv\/"},{"@type":"ListItem","position":2,"name":"Veikals","item":"https:\/\/www.facecorner.lv\/shop\/"},{"@type":"ListItem","position":3,"name":"Medicube PDRN Lip Sleeping Mask 10g"}]},{"@type":"WebSite","@id":"https:\/\/www.facecorner.lv\/#website","url":"https:\/\/www.facecorner.lv\/","name":"Facecorner","description":"","publisher":{"@id":"https:\/\/www.facecorner.lv\/#organization"},"potentialAction":[{"@type":"SearchAction","target":{"@type":"EntryPoint","urlTemplate":"https:\/\/www.facecorner.lv\/?s={search_term_string}"},"query-input":{"@type":"PropertyValueSpecification","valueRequired":true,"valueName":"search_term_string"}}],"inLanguage":"lv-LV"},{"@type":"Organization","@id":"https:\/\/www.facecorner.lv\/#organization","name":"Facecorner","url":"https:\/\/www.facecorner.lv\/","logo":{"@type":"ImageObject","inLanguage":"lv-LV","@id":"https:\/\/www.facecorner.lv\/#\/schema\/logo\/image\/","url":"https:\/\/www.facecorner.lv\/wp-content\/uploads\/2024\/04\/fc-logo.jpg","contentUrl":"https:\/\/www.facecorner.lv\/wp-content\/uploads\/2024\/04\/fc-logo.jpg","width":174,"height":28,"caption":"Facecorner"},"image":{"@id":"https:\/\/www.facecorner.lv\/#\/schema\/logo\/image\/"},"sameAs":["https:\/\/www.facebook.com\/profile.php?id=100063824551839","https:\/\/www.instagram.com\/facecorner_shop\/"]}]},"product_price_amount":"15.20","product_price_currency":"EUR","og_availability":"out of stock","product_availability":"out of stock","product_condition":"new"},"_links":{"self":[{"href":"https:\/\/www.facecorner.lv\/lv\/wp-json\/wp\/v2\/product\/24368","targetHints":{"allow":["GET"]}}],"collection":[{"href":"https:\/\/www.facecorner.lv\/lv\/wp-json\/wp\/v2\/product"}],"about":[{"href":"https:\/\/www.facecorner.lv\/lv\/wp-json\/wp\/v2\/types\/product"}],"replies":[{"embeddable":true,"href":"https:\/\/www.facecorner.lv\/lv\/wp-json\/wp\/v2\/comments?post=24368"}],"wp:featuredmedia":[{"embeddable":true,"href":"https:\/\/www.facecorner.lv\/lv\/wp-json\/wp\/v2\/media\/24369"}],"wp:attachment":[{"href":"https:\/\/www.facecorner.lv\/lv\/wp-json\/wp\/v2\/media?parent=24368"}],"wp:term":[{"taxonomy":"product_brand","embeddable":true,"href":"https:\/\/www.facecorner.lv\/lv\/wp-json\/wp\/v2\/product_brand?post=24368"},{"taxonomy":"product_cat","embeddable":true,"href":"https:\/\/www.facecorner.lv\/lv\/wp-json\/wp\/v2\/product_cat?post=24368"},{"taxonomy":"product_tag","embeddable":true,"href":"https:\/\/www.facecorner.lv\/lv\/wp-json\/wp\/v2\/product_tag?post=24368"},{"taxonomy":"berocket_brand","embeddable":true,"href":"https:\/\/www.facecorner.lv\/lv\/wp-json\/wp\/v2\/berocket_brand?post=24368"}],"curies":[{"name":"wp","href":"https:\/\/api.w.org\/{rel}","templated":true}]}}