{"id":24361,"date":"2025-05-27T21:48:03","date_gmt":"2025-05-27T18:48:03","guid":{"rendered":"https:\/\/www.facecorner.lv\/?post_type=product&#038;p=24361"},"modified":"2026-04-01T07:12:02","modified_gmt":"2026-04-01T04:12:02","slug":"medicube-pdrn-pink-peptide-eye-cream-30ml","status":"publish","type":"product","link":"https:\/\/www.facecorner.lv\/lv\/shop\/medicube-pdrn-pink-peptide-eye-cream-30ml\/","title":{"rendered":"Medicube PDRN Pink Peptide Eye Cream 30ml"},"content":{"rendered":"<p>Medicube PDRN Pink Peptide Eye Cream \u0161is inovat\u012bvais acu kr\u0113ms apvieno sp\u0113c\u012bgas sast\u0101vda\u013cas, piem\u0113ram, PDRN (polidesoksiribonukleot\u012bdu) no la\u0161u DNS, retinolu, niacinam\u012bdu un pept\u012bdus, lai efekt\u012bvi c\u012bn\u012btos pret tum\u0161iem lokiem, piet\u016bkumu un grumb\u0101m. Viegl\u0101 tekst\u016bra \u0101tri ies\u016bcas, neatst\u0101jot lip\u012bgumu, un ir piem\u0113rota visiem \u0101das tipiem.<\/p>\n<p><strong>Akt\u012bv\u0101s sast\u0101vda\u013cas:<\/strong><\/p>\n<ul>\n<li>PDRN (la\u0161a DNS) &#8211; stimul\u0113 \u0161\u016bnu re\u0123ener\u0101ciju, uzlabo \u0101das elast\u012bbu un tonusu.<\/li>\n<li>Retinols (99% t\u012br\u012bbas pak\u0101pe) &#8211; samazina smalk\u0101s l\u012bnijas un grumbas, uzlabo \u0101das tekst\u016bru<\/li>\n<li>Niacinamide &#8211; izgaismo \u0101du, mazina pigment\u0101ciju un iekaisumus.<\/li>\n<li>pept\u012bdu komplekss &#8211; uzlabo \u0101das elast\u012bbu, stimul\u0113 kolag\u0113na ra\u017eo\u0161anu.<\/li>\n<li>hialuronsk\u0101be &#8211; dzi\u013ci mitrina un saglab\u0101 mitrumu \u0101d\u0101.<\/li>\n<\/ul>\n<p><strong>Ieguvumi:<\/strong><\/p>\n<ul>\n<li>Samazina tum\u0161os lokus un piet\u016bkumu<\/li>\n<li>izl\u012bdzina grumbas un uzlabo \u0101das elast\u012bbu<\/li>\n<li>izgaismo un izl\u012bdzina \u0101das toni<\/li>\n<\/ul>\n<p><strong>Piem\u0113rots visiem \u0101das tipiem, tostarp jut\u012bgai \u0101dai.<\/strong>Viegls, \u0101tri uzs\u016bcas, neatst\u0101j lip\u012bguma saj\u016btu.<\/p>\n<p><strong>Lieto\u0161ana:<\/strong> P\u0113c att\u012br\u012b\u0161anas un toniz\u0113\u0161anas uzkl\u0101jiet nelielu kr\u0113ma daudzumu uz acu zonas.<\/p>\n<p><strong>S\u0101stavs:<\/strong> Water, Glycerin, Dipropylene Glycol, Niacinamide, Caprylic\/Capric Triglyceride, Pentaerythrityl Tetraethylhexanoate, Cetearyl Alcohol, Glycereth-26, Butylene Glycol Dicaprylate\/Dicaprate, Bis-Behenyl\/Isostearyl\/Phytosteryl Dimer Dilinoleyl Dimer Dilinoleate, Cetearyl Olivate, Sorbitan Olivate, Propylene Glycol Dibenzoate, Pullulan, 1,2-Hexanediol, Glyceryl Stearate, Vinyl Dimethicone, Hydroxyacetophenone, Hydroxyethyl Acrylate\/Sodium Acryloyldimethyl Taurate Copolymer, Hydrogenated Lecithin, Sodium Acrylate\/Sodium Acryloyldimethyl Taurate Copolymer, Sodium DNA, Polyisobutene, Butylene Glycol, Ethylhexylglycerin, Propanediol, Melia Azadirachta Leaf Extract, Adenosine, Melia Azadirachta Flower Extract, Curcuma Longa (Turmeric) Root Extract, Sorbitan Isostearate, Sorbitan Oleate, Caprylyl\/Capryl Glucoside, Fragaria Chiloensis (Strawberry) Fruit Extract, Hedera Helix (Ivy) Leaf\/Stem Extract, Cyanocobalamin, Citrus Nobilis (Mandarin Orange) Peel Extract, Retinol, Ocimum Sanctum Leaf Extract, Lespedeza Capitata Leaf\/Stem Extract, Corallina Officinalis Extract, Sodium Hyaluronate, Caffeine, Coffea Arabica (Coffee) Seed Extract, Hydrolyzed Extensin, Hydrolyzed Hyaluronic Acid, Copper Tripeptide-1, Sodium Acetylated Hyaluronate, Acetyl Hexapeptide-8, Palmitoyl Pentapeptide-4, Palmitoyl Tetrapeptide-7, Palmitoyl Tripeptide-1<\/p>\n<p>&nbsp;<\/p>\n","protected":false},"excerpt":{"rendered":"<p>\u0160is inovat\u012bvais acu kr\u0113ms apvieno sp\u0113c\u012bgas sast\u0101vda\u013cas, piem\u0113ram, PDRN (polidesoksiribonukleot\u012bdu) no la\u0161u DNS, retinolu, niacinam\u012bdu un pept\u012bdus, lai efekt\u012bvi c\u012bn\u012btos pret tum\u0161iem lokiem, piet\u016bkumu un grumb\u0101m.<\/p>\n","protected":false},"featured_media":24364,"comment_status":"open","ping_status":"closed","template":"","meta":{"site-sidebar-layout":"default","site-content-layout":"","ast-site-content-layout":"default","site-content-style":"default","site-sidebar-style":"default","ast-global-header-display":"","ast-banner-title-visibility":"","ast-main-header-display":"","ast-hfb-above-header-display":"","ast-hfb-below-header-display":"","ast-hfb-mobile-header-display":"","site-post-title":"","ast-breadcrumbs-content":"","ast-featured-img":"","footer-sml-layout":"","theme-transparent-header-meta":"default","adv-header-id-meta":"","stick-header-meta":"","header-above-stick-meta":"","header-main-stick-meta":"","header-below-stick-meta":"","astra-migrate-meta-layouts":"set","ast-page-background-enabled":"default","ast-page-background-meta":{"desktop":{"background-color":"var(--ast-global-color-4)","background-image":"","background-repeat":"repeat","background-position":"center center","background-size":"auto","background-attachment":"scroll","background-type":"","background-media":"","overlay-type":"","overlay-color":"","overlay-opacity":"","overlay-gradient":""},"tablet":{"background-color":"","background-image":"","background-repeat":"repeat","background-position":"center center","background-size":"auto","background-attachment":"scroll","background-type":"","background-media":"","overlay-type":"","overlay-color":"","overlay-opacity":"","overlay-gradient":""},"mobile":{"background-color":"","background-image":"","background-repeat":"repeat","background-position":"center center","background-size":"auto","background-attachment":"scroll","background-type":"","background-media":"","overlay-type":"","overlay-color":"","overlay-opacity":"","overlay-gradient":""}},"ast-content-background-meta":{"desktop":{"background-color":"var(--ast-global-color-5)","background-image":"","background-repeat":"repeat","background-position":"center center","background-size":"auto","background-attachment":"scroll","background-type":"","background-media":"","overlay-type":"","overlay-color":"","overlay-opacity":"","overlay-gradient":""},"tablet":{"background-color":"var(--ast-global-color-5)","background-image":"","background-repeat":"repeat","background-position":"center center","background-size":"auto","background-attachment":"scroll","background-type":"","background-media":"","overlay-type":"","overlay-color":"","overlay-opacity":"","overlay-gradient":""},"mobile":{"background-color":"var(--ast-global-color-5)","background-image":"","background-repeat":"repeat","background-position":"center center","background-size":"auto","background-attachment":"scroll","background-type":"","background-media":"","overlay-type":"","overlay-color":"","overlay-opacity":"","overlay-gradient":""}}},"product_brand":[],"product_cat":[308,652],"product_tag":[],"berocket_brand":[579],"class_list":{"0":"post-24361","1":"product","2":"type-product","3":"status-publish","4":"has-post-thumbnail","6":"product_cat-acu-krems","7":"product_cat-pdrn","8":"berocket_brand-medicube","9":"desktop-align-left","10":"tablet-align-left","11":"mobile-align-left","13":"first","14":"instock","15":"taxable","16":"shipping-taxable","17":"purchasable","18":"product-type-simple","19":"add-to-wishlist-before_image"},"yoast_head":"<!-- This site is optimized with the Yoast SEO plugin v27.4 - https:\/\/yoast.com\/product\/yoast-seo-wordpress\/ -->\n<title>Medicube PDRN Pink Peptide Eye Cream 30ml - FACECORNER<\/title>\n<meta name=\"description\" content=\"\u0160is inovat\u012bvais acu kr\u0113ms apvieno sp\u0113c\u012bgas sast\u0101vda\u013cas, piem\u0113ram, PDRN (polidesoksiribonukleot\u012bdu) no la\u0161u DNS, retinolu, niacinam\u012bdu\" \/>\n<meta name=\"robots\" content=\"index, follow, max-snippet:-1, max-image-preview:large, max-video-preview:-1\" \/>\n<link rel=\"canonical\" href=\"https:\/\/www.facecorner.lv\/lv\/shop\/medicube-pdrn-pink-peptide-eye-cream-30ml\/\" \/>\n<meta property=\"og:locale\" content=\"lv_LV\" \/>\n<meta property=\"og:type\" content=\"article\" \/>\n<meta property=\"og:title\" content=\"Medicube PDRN Pink Peptide Eye Cream 30ml - FACECORNER\" \/>\n<meta property=\"og:description\" content=\"\u0160is inovat\u012bvais acu kr\u0113ms apvieno sp\u0113c\u012bgas sast\u0101vda\u013cas, piem\u0113ram, PDRN (polidesoksiribonukleot\u012bdu) no la\u0161u DNS, retinolu, niacinam\u012bdu\" \/>\n<meta property=\"og:url\" content=\"https:\/\/www.facecorner.lv\/lv\/shop\/medicube-pdrn-pink-peptide-eye-cream-30ml\/\" \/>\n<meta property=\"og:site_name\" content=\"FACECORNER\" \/>\n<meta property=\"article:publisher\" content=\"https:\/\/www.facebook.com\/profile.php?id=100063824551839\" \/>\n<meta property=\"article:modified_time\" content=\"2026-04-01T04:12:02+00:00\" \/>\n<meta property=\"og:image\" content=\"https:\/\/www.facecorner.lv\/wp-content\/uploads\/2025\/05\/61g9IyjgR0L.jpg\" \/>\n\t<meta property=\"og:image:width\" content=\"2000\" \/>\n\t<meta property=\"og:image:height\" content=\"2000\" \/>\n\t<meta property=\"og:image:type\" content=\"image\/jpeg\" \/>\n<meta name=\"twitter:card\" content=\"summary_large_image\" \/>\n<meta name=\"twitter:label1\" content=\"Price\" \/>\n\t<meta name=\"twitter:data1\" content=\"&euro;28.00\" \/>\n\t<meta name=\"twitter:label2\" content=\"Availability\" \/>\n\t<meta name=\"twitter:data2\" content=\"In stock\" \/>\n<script type=\"application\/ld+json\" class=\"yoast-schema-graph\">{\"@context\":\"https:\\\/\\\/schema.org\",\"@graph\":[{\"@type\":\"WebPage\",\"@id\":\"https:\\\/\\\/www.facecorner.lv\\\/shop\\\/medicube-pdrn-pink-peptide-eye-cream-30ml\\\/\",\"url\":\"https:\\\/\\\/www.facecorner.lv\\\/shop\\\/medicube-pdrn-pink-peptide-eye-cream-30ml\\\/\",\"name\":\"Medicube PDRN Pink Peptide Eye Cream 30ml - FACECORNER\",\"isPartOf\":{\"@id\":\"https:\\\/\\\/www.facecorner.lv\\\/#website\"},\"primaryImageOfPage\":{\"@id\":\"https:\\\/\\\/www.facecorner.lv\\\/shop\\\/medicube-pdrn-pink-peptide-eye-cream-30ml\\\/#primaryimage\"},\"image\":{\"@id\":\"https:\\\/\\\/www.facecorner.lv\\\/shop\\\/medicube-pdrn-pink-peptide-eye-cream-30ml\\\/#primaryimage\"},\"thumbnailUrl\":\"https:\\\/\\\/www.facecorner.lv\\\/wp-content\\\/uploads\\\/2025\\\/05\\\/61g9IyjgR0L.jpg\",\"datePublished\":\"2025-05-27T18:48:03+00:00\",\"dateModified\":\"2026-04-01T04:12:02+00:00\",\"description\":\"\u0160is inovat\u012bvais acu kr\u0113ms apvieno sp\u0113c\u012bgas sast\u0101vda\u013cas, piem\u0113ram, PDRN (polidesoksiribonukleot\u012bdu) no la\u0161u DNS, retinolu, niacinam\u012bdu\",\"breadcrumb\":{\"@id\":\"https:\\\/\\\/www.facecorner.lv\\\/shop\\\/medicube-pdrn-pink-peptide-eye-cream-30ml\\\/#breadcrumb\"},\"inLanguage\":\"lv-LV\",\"potentialAction\":[{\"@type\":\"ReadAction\",\"target\":[\"https:\\\/\\\/www.facecorner.lv\\\/shop\\\/medicube-pdrn-pink-peptide-eye-cream-30ml\\\/\"]}]},{\"@type\":\"ImageObject\",\"inLanguage\":\"lv-LV\",\"@id\":\"https:\\\/\\\/www.facecorner.lv\\\/shop\\\/medicube-pdrn-pink-peptide-eye-cream-30ml\\\/#primaryimage\",\"url\":\"https:\\\/\\\/www.facecorner.lv\\\/wp-content\\\/uploads\\\/2025\\\/05\\\/61g9IyjgR0L.jpg\",\"contentUrl\":\"https:\\\/\\\/www.facecorner.lv\\\/wp-content\\\/uploads\\\/2025\\\/05\\\/61g9IyjgR0L.jpg\",\"width\":2000,\"height\":2000,\"caption\":\"Medicube PDRN Pink Peptide Eye Cream\"},{\"@type\":\"BreadcrumbList\",\"@id\":\"https:\\\/\\\/www.facecorner.lv\\\/shop\\\/medicube-pdrn-pink-peptide-eye-cream-30ml\\\/#breadcrumb\",\"itemListElement\":[{\"@type\":\"ListItem\",\"position\":1,\"name\":\"Home\",\"item\":\"https:\\\/\\\/www.facecorner.lv\\\/\"},{\"@type\":\"ListItem\",\"position\":2,\"name\":\"Veikals\",\"item\":\"https:\\\/\\\/www.facecorner.lv\\\/shop\\\/\"},{\"@type\":\"ListItem\",\"position\":3,\"name\":\"Medicube PDRN Pink Peptide Eye Cream 30ml\"}]},{\"@type\":\"WebSite\",\"@id\":\"https:\\\/\\\/www.facecorner.lv\\\/#website\",\"url\":\"https:\\\/\\\/www.facecorner.lv\\\/\",\"name\":\"Facecorner\",\"description\":\"\",\"publisher\":{\"@id\":\"https:\\\/\\\/www.facecorner.lv\\\/#organization\"},\"potentialAction\":[{\"@type\":\"SearchAction\",\"target\":{\"@type\":\"EntryPoint\",\"urlTemplate\":\"https:\\\/\\\/www.facecorner.lv\\\/?s={search_term_string}\"},\"query-input\":{\"@type\":\"PropertyValueSpecification\",\"valueRequired\":true,\"valueName\":\"search_term_string\"}}],\"inLanguage\":\"lv-LV\"},{\"@type\":\"Organization\",\"@id\":\"https:\\\/\\\/www.facecorner.lv\\\/#organization\",\"name\":\"Facecorner\",\"url\":\"https:\\\/\\\/www.facecorner.lv\\\/\",\"logo\":{\"@type\":\"ImageObject\",\"inLanguage\":\"lv-LV\",\"@id\":\"https:\\\/\\\/www.facecorner.lv\\\/#\\\/schema\\\/logo\\\/image\\\/\",\"url\":\"https:\\\/\\\/www.facecorner.lv\\\/wp-content\\\/uploads\\\/2024\\\/04\\\/fc-logo.jpg\",\"contentUrl\":\"https:\\\/\\\/www.facecorner.lv\\\/wp-content\\\/uploads\\\/2024\\\/04\\\/fc-logo.jpg\",\"width\":174,\"height\":28,\"caption\":\"Facecorner\"},\"image\":{\"@id\":\"https:\\\/\\\/www.facecorner.lv\\\/#\\\/schema\\\/logo\\\/image\\\/\"},\"sameAs\":[\"https:\\\/\\\/www.facebook.com\\\/profile.php?id=100063824551839\",\"https:\\\/\\\/www.instagram.com\\\/facecorner_shop\\\/\"]}]}<\/script>\n<meta property=\"product:price:amount\" content=\"28.00\" \/>\n<meta property=\"product:price:currency\" content=\"EUR\" \/>\n<meta property=\"og:availability\" content=\"instock\" \/>\n<meta property=\"product:availability\" content=\"instock\" \/>\n<meta property=\"product:condition\" content=\"new\" \/>\n<!-- \/ Yoast SEO plugin. -->","yoast_head_json":{"title":"Medicube PDRN Pink Peptide Eye Cream 30ml - FACECORNER","description":"\u0160is inovat\u012bvais acu kr\u0113ms apvieno sp\u0113c\u012bgas sast\u0101vda\u013cas, piem\u0113ram, PDRN (polidesoksiribonukleot\u012bdu) no la\u0161u DNS, retinolu, niacinam\u012bdu","robots":{"index":"index","follow":"follow","max-snippet":"max-snippet:-1","max-image-preview":"max-image-preview:large","max-video-preview":"max-video-preview:-1"},"canonical":"https:\/\/www.facecorner.lv\/lv\/shop\/medicube-pdrn-pink-peptide-eye-cream-30ml\/","og_locale":"lv_LV","og_type":"article","og_title":"Medicube PDRN Pink Peptide Eye Cream 30ml - FACECORNER","og_description":"\u0160is inovat\u012bvais acu kr\u0113ms apvieno sp\u0113c\u012bgas sast\u0101vda\u013cas, piem\u0113ram, PDRN (polidesoksiribonukleot\u012bdu) no la\u0161u DNS, retinolu, niacinam\u012bdu","og_url":"https:\/\/www.facecorner.lv\/lv\/shop\/medicube-pdrn-pink-peptide-eye-cream-30ml\/","og_site_name":"FACECORNER","article_publisher":"https:\/\/www.facebook.com\/profile.php?id=100063824551839","article_modified_time":"2026-04-01T04:12:02+00:00","og_image":[{"width":2000,"height":2000,"url":"https:\/\/www.facecorner.lv\/wp-content\/uploads\/2025\/05\/61g9IyjgR0L.jpg","type":"image\/jpeg"}],"twitter_card":"summary_large_image","twitter_misc":{"Price":"&euro;28.00","Availability":"In stock"},"schema":{"@context":"https:\/\/schema.org","@graph":[{"@type":"WebPage","@id":"https:\/\/www.facecorner.lv\/shop\/medicube-pdrn-pink-peptide-eye-cream-30ml\/","url":"https:\/\/www.facecorner.lv\/shop\/medicube-pdrn-pink-peptide-eye-cream-30ml\/","name":"Medicube PDRN Pink Peptide Eye Cream 30ml - FACECORNER","isPartOf":{"@id":"https:\/\/www.facecorner.lv\/#website"},"primaryImageOfPage":{"@id":"https:\/\/www.facecorner.lv\/shop\/medicube-pdrn-pink-peptide-eye-cream-30ml\/#primaryimage"},"image":{"@id":"https:\/\/www.facecorner.lv\/shop\/medicube-pdrn-pink-peptide-eye-cream-30ml\/#primaryimage"},"thumbnailUrl":"https:\/\/www.facecorner.lv\/wp-content\/uploads\/2025\/05\/61g9IyjgR0L.jpg","datePublished":"2025-05-27T18:48:03+00:00","dateModified":"2026-04-01T04:12:02+00:00","description":"\u0160is inovat\u012bvais acu kr\u0113ms apvieno sp\u0113c\u012bgas sast\u0101vda\u013cas, piem\u0113ram, PDRN (polidesoksiribonukleot\u012bdu) no la\u0161u DNS, retinolu, niacinam\u012bdu","breadcrumb":{"@id":"https:\/\/www.facecorner.lv\/shop\/medicube-pdrn-pink-peptide-eye-cream-30ml\/#breadcrumb"},"inLanguage":"lv-LV","potentialAction":[{"@type":"ReadAction","target":["https:\/\/www.facecorner.lv\/shop\/medicube-pdrn-pink-peptide-eye-cream-30ml\/"]}]},{"@type":"ImageObject","inLanguage":"lv-LV","@id":"https:\/\/www.facecorner.lv\/shop\/medicube-pdrn-pink-peptide-eye-cream-30ml\/#primaryimage","url":"https:\/\/www.facecorner.lv\/wp-content\/uploads\/2025\/05\/61g9IyjgR0L.jpg","contentUrl":"https:\/\/www.facecorner.lv\/wp-content\/uploads\/2025\/05\/61g9IyjgR0L.jpg","width":2000,"height":2000,"caption":"Medicube PDRN Pink Peptide Eye Cream"},{"@type":"BreadcrumbList","@id":"https:\/\/www.facecorner.lv\/shop\/medicube-pdrn-pink-peptide-eye-cream-30ml\/#breadcrumb","itemListElement":[{"@type":"ListItem","position":1,"name":"Home","item":"https:\/\/www.facecorner.lv\/"},{"@type":"ListItem","position":2,"name":"Veikals","item":"https:\/\/www.facecorner.lv\/shop\/"},{"@type":"ListItem","position":3,"name":"Medicube PDRN Pink Peptide Eye Cream 30ml"}]},{"@type":"WebSite","@id":"https:\/\/www.facecorner.lv\/#website","url":"https:\/\/www.facecorner.lv\/","name":"Facecorner","description":"","publisher":{"@id":"https:\/\/www.facecorner.lv\/#organization"},"potentialAction":[{"@type":"SearchAction","target":{"@type":"EntryPoint","urlTemplate":"https:\/\/www.facecorner.lv\/?s={search_term_string}"},"query-input":{"@type":"PropertyValueSpecification","valueRequired":true,"valueName":"search_term_string"}}],"inLanguage":"lv-LV"},{"@type":"Organization","@id":"https:\/\/www.facecorner.lv\/#organization","name":"Facecorner","url":"https:\/\/www.facecorner.lv\/","logo":{"@type":"ImageObject","inLanguage":"lv-LV","@id":"https:\/\/www.facecorner.lv\/#\/schema\/logo\/image\/","url":"https:\/\/www.facecorner.lv\/wp-content\/uploads\/2024\/04\/fc-logo.jpg","contentUrl":"https:\/\/www.facecorner.lv\/wp-content\/uploads\/2024\/04\/fc-logo.jpg","width":174,"height":28,"caption":"Facecorner"},"image":{"@id":"https:\/\/www.facecorner.lv\/#\/schema\/logo\/image\/"},"sameAs":["https:\/\/www.facebook.com\/profile.php?id=100063824551839","https:\/\/www.instagram.com\/facecorner_shop\/"]}]},"product_price_amount":"28.00","product_price_currency":"EUR","og_availability":"instock","product_availability":"instock","product_condition":"new"},"_links":{"self":[{"href":"https:\/\/www.facecorner.lv\/lv\/wp-json\/wp\/v2\/product\/24361","targetHints":{"allow":["GET"]}}],"collection":[{"href":"https:\/\/www.facecorner.lv\/lv\/wp-json\/wp\/v2\/product"}],"about":[{"href":"https:\/\/www.facecorner.lv\/lv\/wp-json\/wp\/v2\/types\/product"}],"replies":[{"embeddable":true,"href":"https:\/\/www.facecorner.lv\/lv\/wp-json\/wp\/v2\/comments?post=24361"}],"wp:featuredmedia":[{"embeddable":true,"href":"https:\/\/www.facecorner.lv\/lv\/wp-json\/wp\/v2\/media\/24364"}],"wp:attachment":[{"href":"https:\/\/www.facecorner.lv\/lv\/wp-json\/wp\/v2\/media?parent=24361"}],"wp:term":[{"taxonomy":"product_brand","embeddable":true,"href":"https:\/\/www.facecorner.lv\/lv\/wp-json\/wp\/v2\/product_brand?post=24361"},{"taxonomy":"product_cat","embeddable":true,"href":"https:\/\/www.facecorner.lv\/lv\/wp-json\/wp\/v2\/product_cat?post=24361"},{"taxonomy":"product_tag","embeddable":true,"href":"https:\/\/www.facecorner.lv\/lv\/wp-json\/wp\/v2\/product_tag?post=24361"},{"taxonomy":"berocket_brand","embeddable":true,"href":"https:\/\/www.facecorner.lv\/lv\/wp-json\/wp\/v2\/berocket_brand?post=24361"}],"curies":[{"name":"wp","href":"https:\/\/api.w.org\/{rel}","templated":true}]}}