{"id":24295,"date":"2025-05-12T23:55:21","date_gmt":"2025-05-12T20:55:21","guid":{"rendered":"https:\/\/www.facecorner.lv\/?post_type=product&#038;p=24295"},"modified":"2025-11-04T13:56:22","modified_gmt":"2025-11-04T10:56:22","slug":"vt-black-truffle-reedle-shot-100-50ml","status":"publish","type":"product","link":"https:\/\/www.facecorner.lv\/lv\/shop\/vt-black-truffle-reedle-shot-100-50ml\/","title":{"rendered":"VT Black Truffle Reedle Shot 100 50ml"},"content":{"rendered":"<p>VT Black Truffle Reedle Shot 100 Premium Anti-Aging Booster: Intens\u012bva pretnoveco\u0161an\u0101s apr\u016bpe ar It\u0101lijas melno trife\u013cu ekstraktu un augstas t\u012br\u012bbas pak\u0101pes 24k zeltu.<\/p>\n<p>Intens\u012bvai \u0101das kop\u0161anai Booster l\u012bdzeklis \u013cauj akt\u012bvaj\u0101m sast\u0101vda\u013c\u0101m iek\u013c\u016bt dzi\u013ci \u0101d\u0101 un nodro\u0161in\u0101t intens\u012bvu kop\u0161anu.<\/p>\n<p>Sast\u0101vs ar mikro\u0161\u0137iedri l\u012bdz\u012bgu Cica Reedle\u2122, kas sast\u0101v no mikroda\u013ci\u0146\u0101m, kuras sast\u0101v no miner\u0101lu izcelsmes mikroda\u013ci\u0146\u0101m, lai pal\u012bdz\u0113tu \u0101dai absorb\u0113t sast\u0101vda\u013cas.<\/p>\n<p>P\u012blings no\u0146em atmiru\u0161\u0101s \u0101das \u0161\u016bnas un sa\u0161aurina poras, nodro\u0161inot gludu un atjaunotu \u0101du.<\/p>\n<p>Satur Cica ekstraktu un zemmolekul\u0101ro hialuronsk\u0101bi nomierino\u0161ai un mitrino\u0161ai kop\u0161anai.<\/p>\n<p>Kl\u012bniski p\u0101rbaud\u012bts, ka ir hipoaler\u0123isks.<\/p>\n<p><strong>Pretnoveco\u0161an\u0101s:<\/strong><br \/>\nDzi\u013ci barojo\u0161s un nostiprino\u0161s pastiprin\u0101t\u0101js<br \/>\nSasniedziet jaunu \u0101das kop\u0161anas rezult\u0101tu l\u012bmeni!<\/p>\n<p><strong>Nomierino\u0161as sast\u0101vda\u013cas:<\/strong> Sast\u0101vs: Centella Asiatica ekstrakts, tr\u012bs da\u017e\u0101du izm\u0113ru hialuronsk\u0101bes un za\u013c\u0101 propolisa ekstrakts, kas atjauno, mitrina un stiprina \u0101das barjeru.<\/p>\n<p><strong>Mikro\u0161\u013cirdzi\u0146u tehnolo\u0123ija:<\/strong> Cica Reedle\u2122 tehnolo\u0123ija: Cica Reedle\u2122 tehnolo\u0123ij\u0101 tiek izmantotas dab\u012bg\u0101 ce\u013c\u0101 ieg\u016btas mikroda\u013ci\u0146u mikroda\u013ci\u0146as, kas veicina absorbciju un maigi stimul\u0113 \u0101du.<\/p>\n<p><strong>Nekomedog\u0113ns l\u012bdzeklis ir piem\u0113rots da\u017e\u0101diem \u0101das tipiem, tostarp jut\u012bgai un uz akne tend\u0113tai \u0101dai.<\/strong><\/p>\n<p>Cica Reedle\u2122 : sil\u012bcija dioks\u012bds, asijas centellas ekstrakts.<\/p>\n<p>Cica Hyalon\u2122: Centella Asiatica ekstrakts+ tr\u012bsk\u0101r\u0161a hialuronsk\u0101be+ Centella 4X komplekss+ za\u013c\u0101 propolisa ekstrakts.<\/p>\n<p><strong>Lieto\u0161ana: <\/strong>P\u0113c att\u012br\u012b\u0161anas uz t\u012bras sejas uzkl\u0101jiet pietiekamu daudzumu sejas kop\u0161anas l\u012bdzek\u013ca. Mas\u0113jiet un ieziep\u0113jiet, lai ies\u016bktos, p\u0113c tam ar plaukst\u0101m sp\u0113c\u012bgi nospiediet, lai l\u012bdzeklis ies\u016bktos. Piel\u0101gojiet lieto\u0161anas daudzumu un bie\u017eumu atbilsto\u0161i person\u012bgaj\u0101m v\u0113lm\u0113m, un, dodoties \u0101r\u0101, p\u0101rliecinieties, ka p\u0113c lieto\u0161anas ir nepiecie\u0161ams mitrin\u0101t \u0101du un lietot saules aizsargl\u012bdzek\u013cus.<\/p>\n<p><strong>S\u0101stavs:<\/strong> <span style=\"font-size: 16px;\">Water, Butylene Glycol, Water, Tuber Melanosporum Extract, Glycerin, Methylpropanediol, Tripropylene Glycol, Niacinamide, Octyldodecanol, Butylene Glycol, Sodium Acrylate\/Sodium Acryloyldimethyl Taurate Copolymer, Water, Polyisobutene, Sorbitan Oleate, Caprylyl\/Capryl Glucoside, C9-12 Alkane, Dimethiconol, 1,2-Hexanediol, Sodium Polyacrylate, Acrylates\/C10-30 Alkyl Acrylate Crosspolymer, Polyacrylate Crosspolymer-6, Arginine, Silica, Centella Asiatica Extract, Hydroxyacetophenone, Water, Butylene Glycol, Tuber Magnatum Extract, Ethylhexylglycerin, Caprylyl Glycol, Adenosine, Xanthan Gum, Panthenol, Tocopherol, Water, 1,2-Hexanediol, Hydrogenated Lecithin, Ceramide NP, Glycosphingolipids, Water, Butylene Glycol, Collagen, Water, 1,2-Hexanediol, Centella Asiatica Extract, Sodium Hyaluronate, Madecassic Acid, Madecassoside, Propolis Extract, Asiaticoside, Asiatic Acid, Malt Extract, Water, Water, Propanediol, 1,2-Hexanediol, Cyanocobalamin, Ethylhexylglycerin, Gold (Ci 77480), Butylene Glycol, Hydroxypropyl Tetrahydropyrantriol, Water<\/span><\/p>\n<section id=\"shopify-section-template--24016668229952__how_to_use_EpLmLt\" class=\"shopify-section section\">\n<div class=\"product-overview-tabs-container overview-tabs-24016668229952__how_to_use_EpLmLt\">\n<div class=\"section-template--24016668229952__how_to_use_EpLmLt-padding\">\n<div class=\" overview-top-border\">\n<div class=\"page-width isolate\">\n<div class=\"overview-container-flex\">\n<div class=\"overview-section-title-wrapper section-template--24016668229952__how_to_use_EpLmLt-inner-padding\"><\/div>\n<\/div>\n<\/div>\n<\/div>\n<\/div>\n<\/div>\n<\/section>\n","protected":false},"excerpt":{"rendered":"<p>VT Black Truffle Reedle Shot 100 Premium Anti-Aging Booster: Intens\u012bva pretnoveco\u0161an\u0101s apr\u016bpe ar It\u0101lijas melno trife\u013cu ekstraktu un augstas t\u012br\u012bbas pak\u0101pes 24k zeltu.<\/p>\n","protected":false},"featured_media":24298,"comment_status":"open","ping_status":"closed","template":"","meta":{"site-sidebar-layout":"default","site-content-layout":"","ast-site-content-layout":"default","site-content-style":"default","site-sidebar-style":"default","ast-global-header-display":"","ast-banner-title-visibility":"","ast-main-header-display":"","ast-hfb-above-header-display":"","ast-hfb-below-header-display":"","ast-hfb-mobile-header-display":"","site-post-title":"","ast-breadcrumbs-content":"","ast-featured-img":"","footer-sml-layout":"","theme-transparent-header-meta":"default","adv-header-id-meta":"","stick-header-meta":"","header-above-stick-meta":"","header-main-stick-meta":"","header-below-stick-meta":"","astra-migrate-meta-layouts":"set","ast-page-background-enabled":"default","ast-page-background-meta":{"desktop":{"background-color":"var(--ast-global-color-4)","background-image":"","background-repeat":"repeat","background-position":"center center","background-size":"auto","background-attachment":"scroll","background-type":"","background-media":"","overlay-type":"","overlay-color":"","overlay-opacity":"","overlay-gradient":""},"tablet":{"background-color":"","background-image":"","background-repeat":"repeat","background-position":"center center","background-size":"auto","background-attachment":"scroll","background-type":"","background-media":"","overlay-type":"","overlay-color":"","overlay-opacity":"","overlay-gradient":""},"mobile":{"background-color":"","background-image":"","background-repeat":"repeat","background-position":"center center","background-size":"auto","background-attachment":"scroll","background-type":"","background-media":"","overlay-type":"","overlay-color":"","overlay-opacity":"","overlay-gradient":""}},"ast-content-background-meta":{"desktop":{"background-color":"var(--ast-global-color-5)","background-image":"","background-repeat":"repeat","background-position":"center center","background-size":"auto","background-attachment":"scroll","background-type":"","background-media":"","overlay-type":"","overlay-color":"","overlay-opacity":"","overlay-gradient":""},"tablet":{"background-color":"var(--ast-global-color-5)","background-image":"","background-repeat":"repeat","background-position":"center center","background-size":"auto","background-attachment":"scroll","background-type":"","background-media":"","overlay-type":"","overlay-color":"","overlay-opacity":"","overlay-gradient":""},"mobile":{"background-color":"var(--ast-global-color-5)","background-image":"","background-repeat":"repeat","background-position":"center center","background-size":"auto","background-attachment":"scroll","background-type":"","background-media":"","overlay-type":"","overlay-color":"","overlay-opacity":"","overlay-gradient":""}}},"product_brand":[],"product_cat":[370,371,363],"product_tag":[],"berocket_brand":[582],"class_list":{"0":"post-24295","1":"product","2":"type-product","3":"status-publish","4":"has-post-thumbnail","6":"product_cat-adas-mirdzumam","7":"product_cat-anti-age","8":"product_cat-serumi","9":"berocket_brand-vt","10":"desktop-align-left","11":"tablet-align-left","12":"mobile-align-left","14":"first","15":"instock","16":"taxable","17":"shipping-taxable","18":"purchasable","19":"product-type-simple","20":"add-to-wishlist-before_image"},"yoast_head":"<!-- This site is optimized with the Yoast SEO plugin v27.4 - https:\/\/yoast.com\/product\/yoast-seo-wordpress\/ -->\n<title>VT Black Truffle Reedle Shot 100 50ml - FACECORNER<\/title>\n<meta name=\"description\" content=\"VT Black Truffle Reedle Shot 100 Premium Anti-Aging Booster: Intens\u012bva pretnoveco\u0161an\u0101s apr\u016bpe ar It\u0101lijas melno trife\u013cu ekstraktu un augstas t\u012br\u012bbas pak\u0101pes\" \/>\n<meta name=\"robots\" content=\"index, follow, max-snippet:-1, max-image-preview:large, max-video-preview:-1\" \/>\n<link rel=\"canonical\" href=\"https:\/\/www.facecorner.lv\/lv\/shop\/vt-black-truffle-reedle-shot-100-50ml\/\" \/>\n<meta property=\"og:locale\" content=\"lv_LV\" \/>\n<meta property=\"og:type\" content=\"article\" \/>\n<meta property=\"og:title\" content=\"VT Black Truffle Reedle Shot 100 50ml - FACECORNER\" \/>\n<meta property=\"og:description\" content=\"VT Black Truffle Reedle Shot 100 Premium Anti-Aging Booster: Intens\u012bva pretnoveco\u0161an\u0101s apr\u016bpe ar It\u0101lijas melno trife\u013cu ekstraktu un augstas t\u012br\u012bbas pak\u0101pes\" \/>\n<meta property=\"og:url\" content=\"https:\/\/www.facecorner.lv\/lv\/shop\/vt-black-truffle-reedle-shot-100-50ml\/\" \/>\n<meta property=\"og:site_name\" content=\"FACECORNER\" \/>\n<meta property=\"article:publisher\" content=\"https:\/\/www.facebook.com\/profile.php?id=100063824551839\" \/>\n<meta property=\"article:modified_time\" content=\"2025-11-04T10:56:22+00:00\" \/>\n<meta property=\"og:image\" content=\"https:\/\/www.facecorner.lv\/wp-content\/uploads\/2025\/05\/711Rye9Ae6L.jpg\" \/>\n\t<meta property=\"og:image:width\" content=\"2000\" \/>\n\t<meta property=\"og:image:height\" content=\"2000\" \/>\n\t<meta property=\"og:image:type\" content=\"image\/jpeg\" \/>\n<meta name=\"twitter:card\" content=\"summary_large_image\" \/>\n<meta name=\"twitter:label1\" content=\"Price\" \/>\n\t<meta name=\"twitter:data1\" content=\"&euro;48.90\" \/>\n\t<meta name=\"twitter:label2\" content=\"Availability\" \/>\n\t<meta name=\"twitter:data2\" content=\"In stock\" \/>\n<script type=\"application\/ld+json\" class=\"yoast-schema-graph\">{\"@context\":\"https:\\\/\\\/schema.org\",\"@graph\":[{\"@type\":\"WebPage\",\"@id\":\"https:\\\/\\\/www.facecorner.lv\\\/shop\\\/vt-black-truffle-reedle-shot-100-50ml\\\/\",\"url\":\"https:\\\/\\\/www.facecorner.lv\\\/shop\\\/vt-black-truffle-reedle-shot-100-50ml\\\/\",\"name\":\"VT Black Truffle Reedle Shot 100 50ml - FACECORNER\",\"isPartOf\":{\"@id\":\"https:\\\/\\\/www.facecorner.lv\\\/#website\"},\"primaryImageOfPage\":{\"@id\":\"https:\\\/\\\/www.facecorner.lv\\\/shop\\\/vt-black-truffle-reedle-shot-100-50ml\\\/#primaryimage\"},\"image\":{\"@id\":\"https:\\\/\\\/www.facecorner.lv\\\/shop\\\/vt-black-truffle-reedle-shot-100-50ml\\\/#primaryimage\"},\"thumbnailUrl\":\"https:\\\/\\\/www.facecorner.lv\\\/wp-content\\\/uploads\\\/2025\\\/05\\\/711Rye9Ae6L.jpg\",\"datePublished\":\"2025-05-12T20:55:21+00:00\",\"dateModified\":\"2025-11-04T10:56:22+00:00\",\"description\":\"VT Black Truffle Reedle Shot 100 Premium Anti-Aging Booster: Intens\u012bva pretnoveco\u0161an\u0101s apr\u016bpe ar It\u0101lijas melno trife\u013cu ekstraktu un augstas t\u012br\u012bbas pak\u0101pes\",\"breadcrumb\":{\"@id\":\"https:\\\/\\\/www.facecorner.lv\\\/shop\\\/vt-black-truffle-reedle-shot-100-50ml\\\/#breadcrumb\"},\"inLanguage\":\"lv-LV\",\"potentialAction\":[{\"@type\":\"ReadAction\",\"target\":[\"https:\\\/\\\/www.facecorner.lv\\\/shop\\\/vt-black-truffle-reedle-shot-100-50ml\\\/\"]}]},{\"@type\":\"ImageObject\",\"inLanguage\":\"lv-LV\",\"@id\":\"https:\\\/\\\/www.facecorner.lv\\\/shop\\\/vt-black-truffle-reedle-shot-100-50ml\\\/#primaryimage\",\"url\":\"https:\\\/\\\/www.facecorner.lv\\\/wp-content\\\/uploads\\\/2025\\\/05\\\/711Rye9Ae6L.jpg\",\"contentUrl\":\"https:\\\/\\\/www.facecorner.lv\\\/wp-content\\\/uploads\\\/2025\\\/05\\\/711Rye9Ae6L.jpg\",\"width\":2000,\"height\":2000},{\"@type\":\"BreadcrumbList\",\"@id\":\"https:\\\/\\\/www.facecorner.lv\\\/shop\\\/vt-black-truffle-reedle-shot-100-50ml\\\/#breadcrumb\",\"itemListElement\":[{\"@type\":\"ListItem\",\"position\":1,\"name\":\"Home\",\"item\":\"https:\\\/\\\/www.facecorner.lv\\\/\"},{\"@type\":\"ListItem\",\"position\":2,\"name\":\"Veikals\",\"item\":\"https:\\\/\\\/www.facecorner.lv\\\/shop\\\/\"},{\"@type\":\"ListItem\",\"position\":3,\"name\":\"VT Black Truffle Reedle Shot 100 50ml\"}]},{\"@type\":\"WebSite\",\"@id\":\"https:\\\/\\\/www.facecorner.lv\\\/#website\",\"url\":\"https:\\\/\\\/www.facecorner.lv\\\/\",\"name\":\"Facecorner\",\"description\":\"\",\"publisher\":{\"@id\":\"https:\\\/\\\/www.facecorner.lv\\\/#organization\"},\"potentialAction\":[{\"@type\":\"SearchAction\",\"target\":{\"@type\":\"EntryPoint\",\"urlTemplate\":\"https:\\\/\\\/www.facecorner.lv\\\/?s={search_term_string}\"},\"query-input\":{\"@type\":\"PropertyValueSpecification\",\"valueRequired\":true,\"valueName\":\"search_term_string\"}}],\"inLanguage\":\"lv-LV\"},{\"@type\":\"Organization\",\"@id\":\"https:\\\/\\\/www.facecorner.lv\\\/#organization\",\"name\":\"Facecorner\",\"url\":\"https:\\\/\\\/www.facecorner.lv\\\/\",\"logo\":{\"@type\":\"ImageObject\",\"inLanguage\":\"lv-LV\",\"@id\":\"https:\\\/\\\/www.facecorner.lv\\\/#\\\/schema\\\/logo\\\/image\\\/\",\"url\":\"https:\\\/\\\/www.facecorner.lv\\\/wp-content\\\/uploads\\\/2024\\\/04\\\/fc-logo.jpg\",\"contentUrl\":\"https:\\\/\\\/www.facecorner.lv\\\/wp-content\\\/uploads\\\/2024\\\/04\\\/fc-logo.jpg\",\"width\":174,\"height\":28,\"caption\":\"Facecorner\"},\"image\":{\"@id\":\"https:\\\/\\\/www.facecorner.lv\\\/#\\\/schema\\\/logo\\\/image\\\/\"},\"sameAs\":[\"https:\\\/\\\/www.facebook.com\\\/profile.php?id=100063824551839\",\"https:\\\/\\\/www.instagram.com\\\/facecorner_shop\\\/\"]}]}<\/script>\n<meta property=\"product:price:amount\" content=\"48.90\" \/>\n<meta property=\"product:price:currency\" content=\"EUR\" \/>\n<meta property=\"og:availability\" content=\"instock\" \/>\n<meta property=\"product:availability\" content=\"instock\" \/>\n<meta property=\"product:condition\" content=\"new\" \/>\n<!-- \/ Yoast SEO plugin. -->","yoast_head_json":{"title":"VT Black Truffle Reedle Shot 100 50ml - FACECORNER","description":"VT Black Truffle Reedle Shot 100 Premium Anti-Aging Booster: Intens\u012bva pretnoveco\u0161an\u0101s apr\u016bpe ar It\u0101lijas melno trife\u013cu ekstraktu un augstas t\u012br\u012bbas pak\u0101pes","robots":{"index":"index","follow":"follow","max-snippet":"max-snippet:-1","max-image-preview":"max-image-preview:large","max-video-preview":"max-video-preview:-1"},"canonical":"https:\/\/www.facecorner.lv\/lv\/shop\/vt-black-truffle-reedle-shot-100-50ml\/","og_locale":"lv_LV","og_type":"article","og_title":"VT Black Truffle Reedle Shot 100 50ml - FACECORNER","og_description":"VT Black Truffle Reedle Shot 100 Premium Anti-Aging Booster: Intens\u012bva pretnoveco\u0161an\u0101s apr\u016bpe ar It\u0101lijas melno trife\u013cu ekstraktu un augstas t\u012br\u012bbas pak\u0101pes","og_url":"https:\/\/www.facecorner.lv\/lv\/shop\/vt-black-truffle-reedle-shot-100-50ml\/","og_site_name":"FACECORNER","article_publisher":"https:\/\/www.facebook.com\/profile.php?id=100063824551839","article_modified_time":"2025-11-04T10:56:22+00:00","og_image":[{"width":2000,"height":2000,"url":"https:\/\/www.facecorner.lv\/wp-content\/uploads\/2025\/05\/711Rye9Ae6L.jpg","type":"image\/jpeg"}],"twitter_card":"summary_large_image","twitter_misc":{"Price":"&euro;48.90","Availability":"In stock"},"schema":{"@context":"https:\/\/schema.org","@graph":[{"@type":"WebPage","@id":"https:\/\/www.facecorner.lv\/shop\/vt-black-truffle-reedle-shot-100-50ml\/","url":"https:\/\/www.facecorner.lv\/shop\/vt-black-truffle-reedle-shot-100-50ml\/","name":"VT Black Truffle Reedle Shot 100 50ml - FACECORNER","isPartOf":{"@id":"https:\/\/www.facecorner.lv\/#website"},"primaryImageOfPage":{"@id":"https:\/\/www.facecorner.lv\/shop\/vt-black-truffle-reedle-shot-100-50ml\/#primaryimage"},"image":{"@id":"https:\/\/www.facecorner.lv\/shop\/vt-black-truffle-reedle-shot-100-50ml\/#primaryimage"},"thumbnailUrl":"https:\/\/www.facecorner.lv\/wp-content\/uploads\/2025\/05\/711Rye9Ae6L.jpg","datePublished":"2025-05-12T20:55:21+00:00","dateModified":"2025-11-04T10:56:22+00:00","description":"VT Black Truffle Reedle Shot 100 Premium Anti-Aging Booster: Intens\u012bva pretnoveco\u0161an\u0101s apr\u016bpe ar It\u0101lijas melno trife\u013cu ekstraktu un augstas t\u012br\u012bbas pak\u0101pes","breadcrumb":{"@id":"https:\/\/www.facecorner.lv\/shop\/vt-black-truffle-reedle-shot-100-50ml\/#breadcrumb"},"inLanguage":"lv-LV","potentialAction":[{"@type":"ReadAction","target":["https:\/\/www.facecorner.lv\/shop\/vt-black-truffle-reedle-shot-100-50ml\/"]}]},{"@type":"ImageObject","inLanguage":"lv-LV","@id":"https:\/\/www.facecorner.lv\/shop\/vt-black-truffle-reedle-shot-100-50ml\/#primaryimage","url":"https:\/\/www.facecorner.lv\/wp-content\/uploads\/2025\/05\/711Rye9Ae6L.jpg","contentUrl":"https:\/\/www.facecorner.lv\/wp-content\/uploads\/2025\/05\/711Rye9Ae6L.jpg","width":2000,"height":2000},{"@type":"BreadcrumbList","@id":"https:\/\/www.facecorner.lv\/shop\/vt-black-truffle-reedle-shot-100-50ml\/#breadcrumb","itemListElement":[{"@type":"ListItem","position":1,"name":"Home","item":"https:\/\/www.facecorner.lv\/"},{"@type":"ListItem","position":2,"name":"Veikals","item":"https:\/\/www.facecorner.lv\/shop\/"},{"@type":"ListItem","position":3,"name":"VT Black Truffle Reedle Shot 100 50ml"}]},{"@type":"WebSite","@id":"https:\/\/www.facecorner.lv\/#website","url":"https:\/\/www.facecorner.lv\/","name":"Facecorner","description":"","publisher":{"@id":"https:\/\/www.facecorner.lv\/#organization"},"potentialAction":[{"@type":"SearchAction","target":{"@type":"EntryPoint","urlTemplate":"https:\/\/www.facecorner.lv\/?s={search_term_string}"},"query-input":{"@type":"PropertyValueSpecification","valueRequired":true,"valueName":"search_term_string"}}],"inLanguage":"lv-LV"},{"@type":"Organization","@id":"https:\/\/www.facecorner.lv\/#organization","name":"Facecorner","url":"https:\/\/www.facecorner.lv\/","logo":{"@type":"ImageObject","inLanguage":"lv-LV","@id":"https:\/\/www.facecorner.lv\/#\/schema\/logo\/image\/","url":"https:\/\/www.facecorner.lv\/wp-content\/uploads\/2024\/04\/fc-logo.jpg","contentUrl":"https:\/\/www.facecorner.lv\/wp-content\/uploads\/2024\/04\/fc-logo.jpg","width":174,"height":28,"caption":"Facecorner"},"image":{"@id":"https:\/\/www.facecorner.lv\/#\/schema\/logo\/image\/"},"sameAs":["https:\/\/www.facebook.com\/profile.php?id=100063824551839","https:\/\/www.instagram.com\/facecorner_shop\/"]}]},"product_price_amount":"48.90","product_price_currency":"EUR","og_availability":"instock","product_availability":"instock","product_condition":"new"},"_links":{"self":[{"href":"https:\/\/www.facecorner.lv\/lv\/wp-json\/wp\/v2\/product\/24295","targetHints":{"allow":["GET"]}}],"collection":[{"href":"https:\/\/www.facecorner.lv\/lv\/wp-json\/wp\/v2\/product"}],"about":[{"href":"https:\/\/www.facecorner.lv\/lv\/wp-json\/wp\/v2\/types\/product"}],"replies":[{"embeddable":true,"href":"https:\/\/www.facecorner.lv\/lv\/wp-json\/wp\/v2\/comments?post=24295"}],"wp:featuredmedia":[{"embeddable":true,"href":"https:\/\/www.facecorner.lv\/lv\/wp-json\/wp\/v2\/media\/24298"}],"wp:attachment":[{"href":"https:\/\/www.facecorner.lv\/lv\/wp-json\/wp\/v2\/media?parent=24295"}],"wp:term":[{"taxonomy":"product_brand","embeddable":true,"href":"https:\/\/www.facecorner.lv\/lv\/wp-json\/wp\/v2\/product_brand?post=24295"},{"taxonomy":"product_cat","embeddable":true,"href":"https:\/\/www.facecorner.lv\/lv\/wp-json\/wp\/v2\/product_cat?post=24295"},{"taxonomy":"product_tag","embeddable":true,"href":"https:\/\/www.facecorner.lv\/lv\/wp-json\/wp\/v2\/product_tag?post=24295"},{"taxonomy":"berocket_brand","embeddable":true,"href":"https:\/\/www.facecorner.lv\/lv\/wp-json\/wp\/v2\/berocket_brand?post=24295"}],"curies":[{"name":"wp","href":"https:\/\/api.w.org\/{rel}","templated":true}]}}