{"id":24285,"date":"2025-05-12T22:50:12","date_gmt":"2025-05-12T19:50:12","guid":{"rendered":"https:\/\/www.facecorner.lv\/?post_type=product&#038;p=24285"},"modified":"2025-09-23T13:49:10","modified_gmt":"2025-09-23T10:49:10","slug":"celimax-dual-barrier-purifying-cleansing-balm-50ml","status":"publish","type":"product","link":"https:\/\/www.facecorner.lv\/lv\/shop\/celimax-dual-barrier-purifying-cleansing-balm-50ml\/","title":{"rendered":"Celimax Dual Barrier Purifying Cleansing Balm 50ml"},"content":{"rendered":"<p>Celimax Dual Barrier Purifying Cleansing Balm ir maigs, bet efekt\u012bvs att\u012bro\u0161s l\u012bdzeklis, kas no\u0146em kosm\u0113tiku un net\u012brumus bez sausuma saj\u016btas.<\/p>\n<p>Tas maigi iz\u0161\u0137\u012bdina pat notur\u012bgu kosm\u0113tiku, nekairinot \u0101du un nesagraujot t\u0101s aizsargbarjeru. Tas satur prebiotikas un e\u013c\u013cu kompleksu, kas att\u012bra poras, vienlaikus r\u016bp\u0113joties par \u0101das mikrobiomu.<\/p>\n<p>Piem\u0113rots sausai, jut\u012bgai un kairin\u0101tai \u0101dai.<\/p>\n<p>Rezult\u0101ts: t\u012bra, maiga un mitrin\u0101ta \u0101da bez sasprindzin\u0101juma.<\/p>\n<p>Inovat\u012bvs\u00a0 att\u012bro\u0161s balzams: Vienk\u0101r\u0161i pagrieziet, sasmalciniet un uzkl\u0101jiet, lai g\u016btu jaunu att\u012br\u012b\u0161anas pieredzi.<br \/>\n3 posmu p\u0101rveidojo\u0161\u0101 formula: Piena formula: apvieno balzama un e\u013c\u013cas priek\u0161roc\u012bbas un unik\u0101lu tekst\u016bras transform\u0101ciju (balzams \u2192 e\u013c\u013ca \u2192 pieni\u0146\u0161)<\/p>\n<p><strong>Lieto\u0161ana<\/strong>: Pagrieziet dzirnavi\u0146as iepakojumu, lai uz saus\u0101m rok\u0101m izsmidzin\u0101tu nelielu daudzumu att\u012bro\u0161\u0101 balzama.<\/p>\n<p>Ar ap\u013cveida kust\u012bb\u0101m iemas\u0113jiet balz\u0101mu saus\u0101 sejas \u0101d\u0101, \u013caujot tam izk\u016bst \u0101d\u0101 un iz\u0161\u0137\u012bdin\u0101t grimu, saules aizsargkr\u0113mu un net\u012brumus.<\/p>\n<p><strong>S\u0101stavs:<\/strong> Cetyl Ethylhexanoate, PEG-10 Isostearate, Caprylic\/Capric Triglyceride, Polyethylene, PEG-20 Glyceryl Triisostearate, Sorbeth-30 Tetraoleate, Sorbitan Sesquioleate, Glyceryl Caprylate, Ethylhexylglycerin, Ceramide NP, 2,3-Butanediol, Hydrogenated Lecithin, Glyceryl Stearate, Ceramide NS, Ceramide AS, Ceramide AP, Cholesterol, Ceramide EOP, Tocopherol, Panthenol, Water, Pantolactone<\/p>\n<div><\/div>\n","protected":false},"excerpt":{"rendered":"<p>Celimax Dual Barrier Purifying Cleansing Balm ir maigs, bet efekt\u012bvs att\u012bro\u0161s l\u012bdzeklis, kas no\u0146em kosm\u0113tiku un net\u012brumus bez sausuma saj\u016btas.<\/p>\n","protected":false},"featured_media":24286,"comment_status":"open","ping_status":"closed","template":"","meta":{"site-sidebar-layout":"default","site-content-layout":"","ast-site-content-layout":"default","site-content-style":"default","site-sidebar-style":"default","ast-global-header-display":"","ast-banner-title-visibility":"","ast-main-header-display":"","ast-hfb-above-header-display":"","ast-hfb-below-header-display":"","ast-hfb-mobile-header-display":"","site-post-title":"","ast-breadcrumbs-content":"","ast-featured-img":"","footer-sml-layout":"","theme-transparent-header-meta":"default","adv-header-id-meta":"","stick-header-meta":"","header-above-stick-meta":"","header-main-stick-meta":"","header-below-stick-meta":"","astra-migrate-meta-layouts":"set","ast-page-background-enabled":"default","ast-page-background-meta":{"desktop":{"background-color":"var(--ast-global-color-4)","background-image":"","background-repeat":"repeat","background-position":"center center","background-size":"auto","background-attachment":"scroll","background-type":"","background-media":"","overlay-type":"","overlay-color":"","overlay-opacity":"","overlay-gradient":""},"tablet":{"background-color":"","background-image":"","background-repeat":"repeat","background-position":"center center","background-size":"auto","background-attachment":"scroll","background-type":"","background-media":"","overlay-type":"","overlay-color":"","overlay-opacity":"","overlay-gradient":""},"mobile":{"background-color":"","background-image":"","background-repeat":"repeat","background-position":"center center","background-size":"auto","background-attachment":"scroll","background-type":"","background-media":"","overlay-type":"","overlay-color":"","overlay-opacity":"","overlay-gradient":""}},"ast-content-background-meta":{"desktop":{"background-color":"var(--ast-global-color-5)","background-image":"","background-repeat":"repeat","background-position":"center center","background-size":"auto","background-attachment":"scroll","background-type":"","background-media":"","overlay-type":"","overlay-color":"","overlay-opacity":"","overlay-gradient":""},"tablet":{"background-color":"var(--ast-global-color-5)","background-image":"","background-repeat":"repeat","background-position":"center center","background-size":"auto","background-attachment":"scroll","background-type":"","background-media":"","overlay-type":"","overlay-color":"","overlay-opacity":"","overlay-gradient":""},"mobile":{"background-color":"var(--ast-global-color-5)","background-image":"","background-repeat":"repeat","background-position":"center center","background-size":"auto","background-attachment":"scroll","background-type":"","background-media":"","overlay-type":"","overlay-color":"","overlay-opacity":"","overlay-gradient":""}}},"product_brand":[],"product_cat":[321],"product_tag":[],"berocket_brand":[604],"class_list":{"0":"post-24285","1":"product","2":"type-product","3":"status-publish","4":"has-post-thumbnail","6":"product_cat-hidrofila-ella","7":"berocket_brand-celimax","8":"desktop-align-left","9":"tablet-align-left","10":"mobile-align-left","12":"first","13":"outofstock","14":"taxable","15":"shipping-taxable","16":"purchasable","17":"product-type-simple","18":"add-to-wishlist-before_image"},"yoast_head":"<!-- This site is optimized with the Yoast SEO plugin v27.4 - https:\/\/yoast.com\/product\/yoast-seo-wordpress\/ -->\n<title>Celimax Dual Barrier Purifying Cleansing Balm 50ml - FACECORNER<\/title>\n<meta name=\"description\" content=\"Celimax Dual Barrier Purifying Cleansing Balm ir maigs, bet efekt\u012bvs att\u012bro\u0161s l\u012bdzeklis, kas no\u0146em kosm\u0113tiku un net\u012brumus bez sausuma saj\u016btas.\" \/>\n<meta name=\"robots\" content=\"index, follow, max-snippet:-1, max-image-preview:large, max-video-preview:-1\" \/>\n<link rel=\"canonical\" href=\"https:\/\/www.facecorner.lv\/lv\/shop\/celimax-dual-barrier-purifying-cleansing-balm-50ml\/\" \/>\n<meta property=\"og:locale\" content=\"lv_LV\" \/>\n<meta property=\"og:type\" content=\"article\" \/>\n<meta property=\"og:title\" content=\"Celimax Dual Barrier Purifying Cleansing Balm 50ml - FACECORNER\" \/>\n<meta property=\"og:description\" content=\"Celimax Dual Barrier Purifying Cleansing Balm ir maigs, bet efekt\u012bvs att\u012bro\u0161s l\u012bdzeklis, kas no\u0146em kosm\u0113tiku un net\u012brumus bez sausuma saj\u016btas.\" \/>\n<meta property=\"og:url\" content=\"https:\/\/www.facecorner.lv\/lv\/shop\/celimax-dual-barrier-purifying-cleansing-balm-50ml\/\" \/>\n<meta property=\"og:site_name\" content=\"FACECORNER\" \/>\n<meta property=\"article:publisher\" content=\"https:\/\/www.facebook.com\/profile.php?id=100063824551839\" \/>\n<meta property=\"article:modified_time\" content=\"2025-09-23T10:49:10+00:00\" \/>\n<meta property=\"og:image\" content=\"https:\/\/www.facecorner.lv\/wp-content\/uploads\/2025\/05\/Celimax-Dual-Barrier-Purifying-Cleansing-Balm-Nudie-Glow-Australia_800x.webp\" \/>\n\t<meta property=\"og:image:width\" content=\"800\" \/>\n\t<meta property=\"og:image:height\" content=\"800\" \/>\n\t<meta property=\"og:image:type\" content=\"image\/webp\" \/>\n<meta name=\"twitter:card\" content=\"summary_large_image\" \/>\n<meta name=\"twitter:label1\" content=\"Price\" \/>\n\t<meta name=\"twitter:data1\" content=\"&euro;22.95\" \/>\n\t<meta name=\"twitter:label2\" content=\"Availability\" \/>\n\t<meta name=\"twitter:data2\" content=\"Out of stock\" \/>\n<script type=\"application\/ld+json\" class=\"yoast-schema-graph\">{\"@context\":\"https:\\\/\\\/schema.org\",\"@graph\":[{\"@type\":\"WebPage\",\"@id\":\"https:\\\/\\\/www.facecorner.lv\\\/shop\\\/celimax-dual-barrier-purifying-cleansing-balm-50ml\\\/\",\"url\":\"https:\\\/\\\/www.facecorner.lv\\\/shop\\\/celimax-dual-barrier-purifying-cleansing-balm-50ml\\\/\",\"name\":\"Celimax Dual Barrier Purifying Cleansing Balm 50ml - FACECORNER\",\"isPartOf\":{\"@id\":\"https:\\\/\\\/www.facecorner.lv\\\/#website\"},\"primaryImageOfPage\":{\"@id\":\"https:\\\/\\\/www.facecorner.lv\\\/shop\\\/celimax-dual-barrier-purifying-cleansing-balm-50ml\\\/#primaryimage\"},\"image\":{\"@id\":\"https:\\\/\\\/www.facecorner.lv\\\/shop\\\/celimax-dual-barrier-purifying-cleansing-balm-50ml\\\/#primaryimage\"},\"thumbnailUrl\":\"https:\\\/\\\/www.facecorner.lv\\\/wp-content\\\/uploads\\\/2025\\\/05\\\/Celimax-Dual-Barrier-Purifying-Cleansing-Balm-Nudie-Glow-Australia_800x.webp\",\"datePublished\":\"2025-05-12T19:50:12+00:00\",\"dateModified\":\"2025-09-23T10:49:10+00:00\",\"description\":\"Celimax Dual Barrier Purifying Cleansing Balm ir maigs, bet efekt\u012bvs att\u012bro\u0161s l\u012bdzeklis, kas no\u0146em kosm\u0113tiku un net\u012brumus bez sausuma saj\u016btas.\",\"breadcrumb\":{\"@id\":\"https:\\\/\\\/www.facecorner.lv\\\/shop\\\/celimax-dual-barrier-purifying-cleansing-balm-50ml\\\/#breadcrumb\"},\"inLanguage\":\"lv-LV\",\"potentialAction\":[{\"@type\":\"ReadAction\",\"target\":[\"https:\\\/\\\/www.facecorner.lv\\\/shop\\\/celimax-dual-barrier-purifying-cleansing-balm-50ml\\\/\"]}]},{\"@type\":\"ImageObject\",\"inLanguage\":\"lv-LV\",\"@id\":\"https:\\\/\\\/www.facecorner.lv\\\/shop\\\/celimax-dual-barrier-purifying-cleansing-balm-50ml\\\/#primaryimage\",\"url\":\"https:\\\/\\\/www.facecorner.lv\\\/wp-content\\\/uploads\\\/2025\\\/05\\\/Celimax-Dual-Barrier-Purifying-Cleansing-Balm-Nudie-Glow-Australia_800x.webp\",\"contentUrl\":\"https:\\\/\\\/www.facecorner.lv\\\/wp-content\\\/uploads\\\/2025\\\/05\\\/Celimax-Dual-Barrier-Purifying-Cleansing-Balm-Nudie-Glow-Australia_800x.webp\",\"width\":800,\"height\":800,\"caption\":\"Celimax Dual Barrier Purifying Cleansing BalmCelimax Dual Barrier Purifying Cleansing Balm\"},{\"@type\":\"BreadcrumbList\",\"@id\":\"https:\\\/\\\/www.facecorner.lv\\\/shop\\\/celimax-dual-barrier-purifying-cleansing-balm-50ml\\\/#breadcrumb\",\"itemListElement\":[{\"@type\":\"ListItem\",\"position\":1,\"name\":\"Home\",\"item\":\"https:\\\/\\\/www.facecorner.lv\\\/\"},{\"@type\":\"ListItem\",\"position\":2,\"name\":\"Veikals\",\"item\":\"https:\\\/\\\/www.facecorner.lv\\\/shop\\\/\"},{\"@type\":\"ListItem\",\"position\":3,\"name\":\"Celimax Dual Barrier Purifying Cleansing Balm 50ml\"}]},{\"@type\":\"WebSite\",\"@id\":\"https:\\\/\\\/www.facecorner.lv\\\/#website\",\"url\":\"https:\\\/\\\/www.facecorner.lv\\\/\",\"name\":\"Facecorner\",\"description\":\"\",\"publisher\":{\"@id\":\"https:\\\/\\\/www.facecorner.lv\\\/#organization\"},\"potentialAction\":[{\"@type\":\"SearchAction\",\"target\":{\"@type\":\"EntryPoint\",\"urlTemplate\":\"https:\\\/\\\/www.facecorner.lv\\\/?s={search_term_string}\"},\"query-input\":{\"@type\":\"PropertyValueSpecification\",\"valueRequired\":true,\"valueName\":\"search_term_string\"}}],\"inLanguage\":\"lv-LV\"},{\"@type\":\"Organization\",\"@id\":\"https:\\\/\\\/www.facecorner.lv\\\/#organization\",\"name\":\"Facecorner\",\"url\":\"https:\\\/\\\/www.facecorner.lv\\\/\",\"logo\":{\"@type\":\"ImageObject\",\"inLanguage\":\"lv-LV\",\"@id\":\"https:\\\/\\\/www.facecorner.lv\\\/#\\\/schema\\\/logo\\\/image\\\/\",\"url\":\"https:\\\/\\\/www.facecorner.lv\\\/wp-content\\\/uploads\\\/2024\\\/04\\\/fc-logo.jpg\",\"contentUrl\":\"https:\\\/\\\/www.facecorner.lv\\\/wp-content\\\/uploads\\\/2024\\\/04\\\/fc-logo.jpg\",\"width\":174,\"height\":28,\"caption\":\"Facecorner\"},\"image\":{\"@id\":\"https:\\\/\\\/www.facecorner.lv\\\/#\\\/schema\\\/logo\\\/image\\\/\"},\"sameAs\":[\"https:\\\/\\\/www.facebook.com\\\/profile.php?id=100063824551839\",\"https:\\\/\\\/www.instagram.com\\\/facecorner_shop\\\/\"]}]}<\/script>\n<meta property=\"product:price:amount\" content=\"22.95\" \/>\n<meta property=\"product:price:currency\" content=\"EUR\" \/>\n<meta property=\"og:availability\" content=\"out of stock\" \/>\n<meta property=\"product:availability\" content=\"out of stock\" \/>\n<meta property=\"product:condition\" content=\"new\" \/>\n<!-- \/ Yoast SEO plugin. -->","yoast_head_json":{"title":"Celimax Dual Barrier Purifying Cleansing Balm 50ml - FACECORNER","description":"Celimax Dual Barrier Purifying Cleansing Balm ir maigs, bet efekt\u012bvs att\u012bro\u0161s l\u012bdzeklis, kas no\u0146em kosm\u0113tiku un net\u012brumus bez sausuma saj\u016btas.","robots":{"index":"index","follow":"follow","max-snippet":"max-snippet:-1","max-image-preview":"max-image-preview:large","max-video-preview":"max-video-preview:-1"},"canonical":"https:\/\/www.facecorner.lv\/lv\/shop\/celimax-dual-barrier-purifying-cleansing-balm-50ml\/","og_locale":"lv_LV","og_type":"article","og_title":"Celimax Dual Barrier Purifying Cleansing Balm 50ml - FACECORNER","og_description":"Celimax Dual Barrier Purifying Cleansing Balm ir maigs, bet efekt\u012bvs att\u012bro\u0161s l\u012bdzeklis, kas no\u0146em kosm\u0113tiku un net\u012brumus bez sausuma saj\u016btas.","og_url":"https:\/\/www.facecorner.lv\/lv\/shop\/celimax-dual-barrier-purifying-cleansing-balm-50ml\/","og_site_name":"FACECORNER","article_publisher":"https:\/\/www.facebook.com\/profile.php?id=100063824551839","article_modified_time":"2025-09-23T10:49:10+00:00","og_image":[{"width":800,"height":800,"url":"https:\/\/www.facecorner.lv\/wp-content\/uploads\/2025\/05\/Celimax-Dual-Barrier-Purifying-Cleansing-Balm-Nudie-Glow-Australia_800x.webp","type":"image\/webp"}],"twitter_card":"summary_large_image","twitter_misc":{"Price":"&euro;22.95","Availability":"Out of stock"},"schema":{"@context":"https:\/\/schema.org","@graph":[{"@type":"WebPage","@id":"https:\/\/www.facecorner.lv\/shop\/celimax-dual-barrier-purifying-cleansing-balm-50ml\/","url":"https:\/\/www.facecorner.lv\/shop\/celimax-dual-barrier-purifying-cleansing-balm-50ml\/","name":"Celimax Dual Barrier Purifying Cleansing Balm 50ml - FACECORNER","isPartOf":{"@id":"https:\/\/www.facecorner.lv\/#website"},"primaryImageOfPage":{"@id":"https:\/\/www.facecorner.lv\/shop\/celimax-dual-barrier-purifying-cleansing-balm-50ml\/#primaryimage"},"image":{"@id":"https:\/\/www.facecorner.lv\/shop\/celimax-dual-barrier-purifying-cleansing-balm-50ml\/#primaryimage"},"thumbnailUrl":"https:\/\/www.facecorner.lv\/wp-content\/uploads\/2025\/05\/Celimax-Dual-Barrier-Purifying-Cleansing-Balm-Nudie-Glow-Australia_800x.webp","datePublished":"2025-05-12T19:50:12+00:00","dateModified":"2025-09-23T10:49:10+00:00","description":"Celimax Dual Barrier Purifying Cleansing Balm ir maigs, bet efekt\u012bvs att\u012bro\u0161s l\u012bdzeklis, kas no\u0146em kosm\u0113tiku un net\u012brumus bez sausuma saj\u016btas.","breadcrumb":{"@id":"https:\/\/www.facecorner.lv\/shop\/celimax-dual-barrier-purifying-cleansing-balm-50ml\/#breadcrumb"},"inLanguage":"lv-LV","potentialAction":[{"@type":"ReadAction","target":["https:\/\/www.facecorner.lv\/shop\/celimax-dual-barrier-purifying-cleansing-balm-50ml\/"]}]},{"@type":"ImageObject","inLanguage":"lv-LV","@id":"https:\/\/www.facecorner.lv\/shop\/celimax-dual-barrier-purifying-cleansing-balm-50ml\/#primaryimage","url":"https:\/\/www.facecorner.lv\/wp-content\/uploads\/2025\/05\/Celimax-Dual-Barrier-Purifying-Cleansing-Balm-Nudie-Glow-Australia_800x.webp","contentUrl":"https:\/\/www.facecorner.lv\/wp-content\/uploads\/2025\/05\/Celimax-Dual-Barrier-Purifying-Cleansing-Balm-Nudie-Glow-Australia_800x.webp","width":800,"height":800,"caption":"Celimax Dual Barrier Purifying Cleansing BalmCelimax Dual Barrier Purifying Cleansing Balm"},{"@type":"BreadcrumbList","@id":"https:\/\/www.facecorner.lv\/shop\/celimax-dual-barrier-purifying-cleansing-balm-50ml\/#breadcrumb","itemListElement":[{"@type":"ListItem","position":1,"name":"Home","item":"https:\/\/www.facecorner.lv\/"},{"@type":"ListItem","position":2,"name":"Veikals","item":"https:\/\/www.facecorner.lv\/shop\/"},{"@type":"ListItem","position":3,"name":"Celimax Dual Barrier Purifying Cleansing Balm 50ml"}]},{"@type":"WebSite","@id":"https:\/\/www.facecorner.lv\/#website","url":"https:\/\/www.facecorner.lv\/","name":"Facecorner","description":"","publisher":{"@id":"https:\/\/www.facecorner.lv\/#organization"},"potentialAction":[{"@type":"SearchAction","target":{"@type":"EntryPoint","urlTemplate":"https:\/\/www.facecorner.lv\/?s={search_term_string}"},"query-input":{"@type":"PropertyValueSpecification","valueRequired":true,"valueName":"search_term_string"}}],"inLanguage":"lv-LV"},{"@type":"Organization","@id":"https:\/\/www.facecorner.lv\/#organization","name":"Facecorner","url":"https:\/\/www.facecorner.lv\/","logo":{"@type":"ImageObject","inLanguage":"lv-LV","@id":"https:\/\/www.facecorner.lv\/#\/schema\/logo\/image\/","url":"https:\/\/www.facecorner.lv\/wp-content\/uploads\/2024\/04\/fc-logo.jpg","contentUrl":"https:\/\/www.facecorner.lv\/wp-content\/uploads\/2024\/04\/fc-logo.jpg","width":174,"height":28,"caption":"Facecorner"},"image":{"@id":"https:\/\/www.facecorner.lv\/#\/schema\/logo\/image\/"},"sameAs":["https:\/\/www.facebook.com\/profile.php?id=100063824551839","https:\/\/www.instagram.com\/facecorner_shop\/"]}]},"product_price_amount":"22.95","product_price_currency":"EUR","og_availability":"out of stock","product_availability":"out of stock","product_condition":"new"},"_links":{"self":[{"href":"https:\/\/www.facecorner.lv\/lv\/wp-json\/wp\/v2\/product\/24285","targetHints":{"allow":["GET"]}}],"collection":[{"href":"https:\/\/www.facecorner.lv\/lv\/wp-json\/wp\/v2\/product"}],"about":[{"href":"https:\/\/www.facecorner.lv\/lv\/wp-json\/wp\/v2\/types\/product"}],"replies":[{"embeddable":true,"href":"https:\/\/www.facecorner.lv\/lv\/wp-json\/wp\/v2\/comments?post=24285"}],"wp:featuredmedia":[{"embeddable":true,"href":"https:\/\/www.facecorner.lv\/lv\/wp-json\/wp\/v2\/media\/24286"}],"wp:attachment":[{"href":"https:\/\/www.facecorner.lv\/lv\/wp-json\/wp\/v2\/media?parent=24285"}],"wp:term":[{"taxonomy":"product_brand","embeddable":true,"href":"https:\/\/www.facecorner.lv\/lv\/wp-json\/wp\/v2\/product_brand?post=24285"},{"taxonomy":"product_cat","embeddable":true,"href":"https:\/\/www.facecorner.lv\/lv\/wp-json\/wp\/v2\/product_cat?post=24285"},{"taxonomy":"product_tag","embeddable":true,"href":"https:\/\/www.facecorner.lv\/lv\/wp-json\/wp\/v2\/product_tag?post=24285"},{"taxonomy":"berocket_brand","embeddable":true,"href":"https:\/\/www.facecorner.lv\/lv\/wp-json\/wp\/v2\/berocket_brand?post=24285"}],"curies":[{"name":"wp","href":"https:\/\/api.w.org\/{rel}","templated":true}]}}