{"id":24214,"date":"2025-05-05T21:51:38","date_gmt":"2025-05-05T18:51:38","guid":{"rendered":"https:\/\/www.facecorner.lv\/?post_type=product&#038;p=24214"},"modified":"2025-06-25T20:41:18","modified_gmt":"2025-06-25T17:41:18","slug":"mixsoon-bean-toner-pad-70-pcs","status":"publish","type":"product","link":"https:\/\/www.facecorner.lv\/lv\/shop\/mixsoon-bean-toner-pad-70-pcs\/","title":{"rendered":"mixsoon Bean Toner Pad 70 pcs"},"content":{"rendered":"<p>mixsoon Bean Toner Pad mitrino\u0161i un barojo\u0161i toniz\u0113jo\u0161ie spilventi\u0146i, kas satur olbaltumviel\u0101m bag\u0101tu pupi\u0146u ekstraktu, dzi\u013ci mitrina un baro \u0101du.<\/p>\n<p>Vien\u0101 kast\u012bt\u0113 ir 70 spilventi\u0146i, kas piepild\u012bti ar barojo\u0161as esences pudel\u012bti (140 spilventi\u0146i, ja tos sadala).<br \/>\nMateri\u0101ls: Izgatavots no dab\u012bgas kokvilnas celulozes materi\u0101la. Kokvilnas s\u0113klu da\u013ci\u0146as ir iestr\u0101d\u0101tas maigam, bet efekt\u012bvam p\u012blingam.<\/p>\n<p><strong>Galven\u0101s sast\u0101vda\u013cas:<\/strong><\/p>\n<ul>\n<li>7 veidu pupi\u0146u ekstrakti, kas bag\u0101ti ar aminosk\u0101b\u0113m un laktobacil\u0101m, pal\u012bdz uzlabot \u0101das elast\u012bbu un tvirtumu un nov\u0113r\u0161 \u0101das noveco\u0161anos.<\/li>\n<li>\u00a0hialuronsk\u0101be un alanto\u012bns mitrina \u0101du un stiprina \u0101das mitruma barjeru.<\/li>\n<\/ul>\n<p><span class=\"onsale xtraonsale\"><strong>Lieto\u0161ana<\/strong>:<\/span><\/p>\n<p>1. P\u0113c att\u012br\u012b\u0161anas maigi noslaukiet seju, piev\u0113r\u0161ot uzman\u012bbu viet\u0101m, kur\u0101s v\u0113laties nov\u0113rst \u0101das probl\u0113mas.<\/p>\n<p>2. Ar pirkstu galiem viegli nogl\u0101stiet \u0101du, lai toniks absorb\u0113tos dzi\u013c\u0101k \u0101d\u0101.<\/p>\n<p>3. Ja nepiecie\u0161ama papildu kop\u0161ana, uzlieciet spilventi\u0146u uz sejas un \u013caujiet tam nost\u0101v\u0113ties 10-15 min\u016b\u0161u. Tas \u013cauj padzi\u013cin\u0101ti uzs\u016bkt spilventi\u0146a lab\u0101s \u012bpa\u0161\u012bbas.<\/p>\n<p>4. J\u016bs varat sadal\u012bt l\u012bdzekli uz pus\u0113m, lai apstr\u0101d\u0101tu maz\u0101kas zonas, piem\u0113ram, zoda un deguna kakti\u0146u.<\/p>\n<p>5. P\u0113c spilventi\u0146a lieto\u0161anas sekojiet l\u012bdzi savai iecien\u012bt\u0101kajai esencei, serumam vai kr\u0113miem, kas ir da\u013ca no j\u016bsu ikdienas proced\u016br\u0101m.<\/p>\n<p><strong>S\u0101stavs:<\/strong> Water, Glycerin, Dipropylene Glycol, Butylene Glycol, 1,2-Hexanediol, Microcrystalline Cellulose, Cellulose Gum, Caprylyl\/Capryl Glucoside, Ethylhexylglycerin, Polyglyceryl-10 Laurate, Polyglyceryl-6 Caprylate, Propanediol, Diphenyl Dimethicone, Triethylhexanoin, Disodium Edta, Polyglyceryl-10 Myristate, Glycine Soja (Soybean) Seed Extract, Lens Esculenta (Lentil) Fruit Extract, Canavalia Gladiata Seed Extract, Ceratonia Siliqua (Carob) Fruit Extract, Phaseolus Vulgaris Seed Extract, Pisum Sativum (Pea) Extract, Arachis Hypogaea (Peanut) Fruit Extract, Sodium Hyaluronate, Citric Acid, Tocopherol<\/p>\n<p>&nbsp;<\/p>\n","protected":false},"excerpt":{"rendered":"<p>mixsoon Bean Toner Pad mitrino\u0161i un barojo\u0161i toniz\u0113jo\u0161ie spilventi\u0146i, kas satur olbaltumviel\u0101m bag\u0101tu pupi\u0146u ekstraktu, dzi\u013ci mitrina un baro \u0101du.<\/p>\n","protected":false},"featured_media":24215,"comment_status":"open","ping_status":"closed","template":"","meta":{"site-sidebar-layout":"default","site-content-layout":"","ast-site-content-layout":"default","site-content-style":"default","site-sidebar-style":"default","ast-global-header-display":"","ast-banner-title-visibility":"","ast-main-header-display":"","ast-hfb-above-header-display":"","ast-hfb-below-header-display":"","ast-hfb-mobile-header-display":"","site-post-title":"","ast-breadcrumbs-content":"","ast-featured-img":"","footer-sml-layout":"","theme-transparent-header-meta":"default","adv-header-id-meta":"","stick-header-meta":"","header-above-stick-meta":"","header-main-stick-meta":"","header-below-stick-meta":"","astra-migrate-meta-layouts":"set","ast-page-background-enabled":"default","ast-page-background-meta":{"desktop":{"background-color":"var(--ast-global-color-4)","background-image":"","background-repeat":"repeat","background-position":"center center","background-size":"auto","background-attachment":"scroll","background-type":"","background-media":"","overlay-type":"","overlay-color":"","overlay-opacity":"","overlay-gradient":""},"tablet":{"background-color":"","background-image":"","background-repeat":"repeat","background-position":"center center","background-size":"auto","background-attachment":"scroll","background-type":"","background-media":"","overlay-type":"","overlay-color":"","overlay-opacity":"","overlay-gradient":""},"mobile":{"background-color":"","background-image":"","background-repeat":"repeat","background-position":"center center","background-size":"auto","background-attachment":"scroll","background-type":"","background-media":"","overlay-type":"","overlay-color":"","overlay-opacity":"","overlay-gradient":""}},"ast-content-background-meta":{"desktop":{"background-color":"var(--ast-global-color-5)","background-image":"","background-repeat":"repeat","background-position":"center center","background-size":"auto","background-attachment":"scroll","background-type":"","background-media":"","overlay-type":"","overlay-color":"","overlay-opacity":"","overlay-gradient":""},"tablet":{"background-color":"var(--ast-global-color-5)","background-image":"","background-repeat":"repeat","background-position":"center center","background-size":"auto","background-attachment":"scroll","background-type":"","background-media":"","overlay-type":"","overlay-color":"","overlay-opacity":"","overlay-gradient":""},"mobile":{"background-color":"var(--ast-global-color-5)","background-image":"","background-repeat":"repeat","background-position":"center center","background-size":"auto","background-attachment":"scroll","background-type":"","background-media":"","overlay-type":"","overlay-color":"","overlay-opacity":"","overlay-gradient":""}}},"product_brand":[],"product_cat":[375,378,364,376],"product_tag":[],"berocket_brand":[633],"class_list":{"0":"post-24214","1":"product","2":"type-product","3":"status-publish","4":"has-post-thumbnail","6":"product_cat-jutigai-adai-toneri","7":"product_cat-sausai-adai-toneri","8":"product_cat-toneri","9":"product_cat-kombinetai-adai-toneri","10":"berocket_brand-mixsoon","11":"desktop-align-left","12":"tablet-align-left","13":"mobile-align-left","15":"first","16":"outofstock","17":"taxable","18":"shipping-taxable","19":"purchasable","20":"product-type-simple","21":"add-to-wishlist-before_image"},"yoast_head":"<!-- This site is optimized with the Yoast SEO plugin v27.3 - https:\/\/yoast.com\/product\/yoast-seo-wordpress\/ -->\n<title>mixsoon Bean Toner Pad 70 pcs - FACECORNER<\/title>\n<meta name=\"description\" content=\"mixsoon Bean Toner Pad mitrino\u0161i un barojo\u0161i toniz\u0113jo\u0161ie spilventi\u0146i, kas satur olbaltumviel\u0101m bag\u0101tu pupi\u0146u ekstraktu, dzi\u013ci mitrina un baro \u0101du.\" \/>\n<meta name=\"robots\" content=\"index, follow, max-snippet:-1, max-image-preview:large, max-video-preview:-1\" \/>\n<link rel=\"canonical\" href=\"https:\/\/www.facecorner.lv\/lv\/shop\/mixsoon-bean-toner-pad-70-pcs\/\" \/>\n<meta property=\"og:locale\" content=\"lv_LV\" \/>\n<meta property=\"og:type\" content=\"article\" \/>\n<meta property=\"og:title\" content=\"mixsoon Bean Toner Pad 70 pcs - FACECORNER\" \/>\n<meta property=\"og:description\" content=\"mixsoon Bean Toner Pad mitrino\u0161i un barojo\u0161i toniz\u0113jo\u0161ie spilventi\u0146i, kas satur olbaltumviel\u0101m bag\u0101tu pupi\u0146u ekstraktu, dzi\u013ci mitrina un baro \u0101du.\" \/>\n<meta property=\"og:url\" content=\"https:\/\/www.facecorner.lv\/lv\/shop\/mixsoon-bean-toner-pad-70-pcs\/\" \/>\n<meta property=\"og:site_name\" content=\"FACECORNER\" \/>\n<meta property=\"article:publisher\" content=\"https:\/\/www.facebook.com\/profile.php?id=100063824551839\" \/>\n<meta property=\"article:modified_time\" content=\"2025-06-25T17:41:18+00:00\" \/>\n<meta property=\"og:image\" content=\"https:\/\/www.facecorner.lv\/wp-content\/uploads\/2025\/05\/MIXSOONBeanTonerPadveidopadeliai.webp\" \/>\n\t<meta property=\"og:image:width\" content=\"1100\" \/>\n\t<meta property=\"og:image:height\" content=\"1100\" \/>\n\t<meta property=\"og:image:type\" content=\"image\/webp\" \/>\n<meta name=\"twitter:card\" content=\"summary_large_image\" \/>\n<meta name=\"twitter:label1\" content=\"Price\" \/>\n\t<meta name=\"twitter:data1\" content=\"&euro;22.50\" \/>\n\t<meta name=\"twitter:label2\" content=\"Availability\" \/>\n\t<meta name=\"twitter:data2\" content=\"Out of stock\" \/>\n<script type=\"application\/ld+json\" class=\"yoast-schema-graph\">{\"@context\":\"https:\\\/\\\/schema.org\",\"@graph\":[{\"@type\":\"WebPage\",\"@id\":\"https:\\\/\\\/www.facecorner.lv\\\/shop\\\/mixsoon-bean-toner-pad-70-pcs\\\/\",\"url\":\"https:\\\/\\\/www.facecorner.lv\\\/shop\\\/mixsoon-bean-toner-pad-70-pcs\\\/\",\"name\":\"mixsoon Bean Toner Pad 70 pcs - FACECORNER\",\"isPartOf\":{\"@id\":\"https:\\\/\\\/www.facecorner.lv\\\/#website\"},\"primaryImageOfPage\":{\"@id\":\"https:\\\/\\\/www.facecorner.lv\\\/shop\\\/mixsoon-bean-toner-pad-70-pcs\\\/#primaryimage\"},\"image\":{\"@id\":\"https:\\\/\\\/www.facecorner.lv\\\/shop\\\/mixsoon-bean-toner-pad-70-pcs\\\/#primaryimage\"},\"thumbnailUrl\":\"https:\\\/\\\/www.facecorner.lv\\\/wp-content\\\/uploads\\\/2025\\\/05\\\/MIXSOONBeanTonerPadveidopadeliai.webp\",\"datePublished\":\"2025-05-05T18:51:38+00:00\",\"dateModified\":\"2025-06-25T17:41:18+00:00\",\"description\":\"mixsoon Bean Toner Pad mitrino\u0161i un barojo\u0161i toniz\u0113jo\u0161ie spilventi\u0146i, kas satur olbaltumviel\u0101m bag\u0101tu pupi\u0146u ekstraktu, dzi\u013ci mitrina un baro \u0101du.\",\"breadcrumb\":{\"@id\":\"https:\\\/\\\/www.facecorner.lv\\\/shop\\\/mixsoon-bean-toner-pad-70-pcs\\\/#breadcrumb\"},\"inLanguage\":\"lv-LV\",\"potentialAction\":[{\"@type\":\"ReadAction\",\"target\":[\"https:\\\/\\\/www.facecorner.lv\\\/shop\\\/mixsoon-bean-toner-pad-70-pcs\\\/\"]}]},{\"@type\":\"ImageObject\",\"inLanguage\":\"lv-LV\",\"@id\":\"https:\\\/\\\/www.facecorner.lv\\\/shop\\\/mixsoon-bean-toner-pad-70-pcs\\\/#primaryimage\",\"url\":\"https:\\\/\\\/www.facecorner.lv\\\/wp-content\\\/uploads\\\/2025\\\/05\\\/MIXSOONBeanTonerPadveidopadeliai.webp\",\"contentUrl\":\"https:\\\/\\\/www.facecorner.lv\\\/wp-content\\\/uploads\\\/2025\\\/05\\\/MIXSOONBeanTonerPadveidopadeliai.webp\",\"width\":1100,\"height\":1100,\"caption\":\"mixsoon Bean Toner Pad\"},{\"@type\":\"BreadcrumbList\",\"@id\":\"https:\\\/\\\/www.facecorner.lv\\\/shop\\\/mixsoon-bean-toner-pad-70-pcs\\\/#breadcrumb\",\"itemListElement\":[{\"@type\":\"ListItem\",\"position\":1,\"name\":\"Home\",\"item\":\"https:\\\/\\\/www.facecorner.lv\\\/\"},{\"@type\":\"ListItem\",\"position\":2,\"name\":\"Veikals\",\"item\":\"https:\\\/\\\/www.facecorner.lv\\\/shop\\\/\"},{\"@type\":\"ListItem\",\"position\":3,\"name\":\"mixsoon Bean Toner Pad 70 pcs\"}]},{\"@type\":\"WebSite\",\"@id\":\"https:\\\/\\\/www.facecorner.lv\\\/#website\",\"url\":\"https:\\\/\\\/www.facecorner.lv\\\/\",\"name\":\"Facecorner\",\"description\":\"\",\"publisher\":{\"@id\":\"https:\\\/\\\/www.facecorner.lv\\\/#organization\"},\"potentialAction\":[{\"@type\":\"SearchAction\",\"target\":{\"@type\":\"EntryPoint\",\"urlTemplate\":\"https:\\\/\\\/www.facecorner.lv\\\/?s={search_term_string}\"},\"query-input\":{\"@type\":\"PropertyValueSpecification\",\"valueRequired\":true,\"valueName\":\"search_term_string\"}}],\"inLanguage\":\"lv-LV\"},{\"@type\":\"Organization\",\"@id\":\"https:\\\/\\\/www.facecorner.lv\\\/#organization\",\"name\":\"Facecorner\",\"url\":\"https:\\\/\\\/www.facecorner.lv\\\/\",\"logo\":{\"@type\":\"ImageObject\",\"inLanguage\":\"lv-LV\",\"@id\":\"https:\\\/\\\/www.facecorner.lv\\\/#\\\/schema\\\/logo\\\/image\\\/\",\"url\":\"https:\\\/\\\/www.facecorner.lv\\\/wp-content\\\/uploads\\\/2024\\\/04\\\/fc-logo.jpg\",\"contentUrl\":\"https:\\\/\\\/www.facecorner.lv\\\/wp-content\\\/uploads\\\/2024\\\/04\\\/fc-logo.jpg\",\"width\":174,\"height\":28,\"caption\":\"Facecorner\"},\"image\":{\"@id\":\"https:\\\/\\\/www.facecorner.lv\\\/#\\\/schema\\\/logo\\\/image\\\/\"},\"sameAs\":[\"https:\\\/\\\/www.facebook.com\\\/profile.php?id=100063824551839\",\"https:\\\/\\\/www.instagram.com\\\/facecorner_shop\\\/\"]}]}<\/script>\n<meta property=\"product:price:amount\" content=\"22.50\" \/>\n<meta property=\"product:price:currency\" content=\"EUR\" \/>\n<meta property=\"og:availability\" content=\"out of stock\" \/>\n<meta property=\"product:availability\" content=\"out of stock\" \/>\n<meta property=\"product:condition\" content=\"new\" \/>\n<!-- \/ Yoast SEO plugin. -->","yoast_head_json":{"title":"mixsoon Bean Toner Pad 70 pcs - FACECORNER","description":"mixsoon Bean Toner Pad mitrino\u0161i un barojo\u0161i toniz\u0113jo\u0161ie spilventi\u0146i, kas satur olbaltumviel\u0101m bag\u0101tu pupi\u0146u ekstraktu, dzi\u013ci mitrina un baro \u0101du.","robots":{"index":"index","follow":"follow","max-snippet":"max-snippet:-1","max-image-preview":"max-image-preview:large","max-video-preview":"max-video-preview:-1"},"canonical":"https:\/\/www.facecorner.lv\/lv\/shop\/mixsoon-bean-toner-pad-70-pcs\/","og_locale":"lv_LV","og_type":"article","og_title":"mixsoon Bean Toner Pad 70 pcs - FACECORNER","og_description":"mixsoon Bean Toner Pad mitrino\u0161i un barojo\u0161i toniz\u0113jo\u0161ie spilventi\u0146i, kas satur olbaltumviel\u0101m bag\u0101tu pupi\u0146u ekstraktu, dzi\u013ci mitrina un baro \u0101du.","og_url":"https:\/\/www.facecorner.lv\/lv\/shop\/mixsoon-bean-toner-pad-70-pcs\/","og_site_name":"FACECORNER","article_publisher":"https:\/\/www.facebook.com\/profile.php?id=100063824551839","article_modified_time":"2025-06-25T17:41:18+00:00","og_image":[{"width":1100,"height":1100,"url":"https:\/\/www.facecorner.lv\/wp-content\/uploads\/2025\/05\/MIXSOONBeanTonerPadveidopadeliai.webp","type":"image\/webp"}],"twitter_card":"summary_large_image","twitter_misc":{"Price":"&euro;22.50","Availability":"Out of stock"},"schema":{"@context":"https:\/\/schema.org","@graph":[{"@type":"WebPage","@id":"https:\/\/www.facecorner.lv\/shop\/mixsoon-bean-toner-pad-70-pcs\/","url":"https:\/\/www.facecorner.lv\/shop\/mixsoon-bean-toner-pad-70-pcs\/","name":"mixsoon Bean Toner Pad 70 pcs - FACECORNER","isPartOf":{"@id":"https:\/\/www.facecorner.lv\/#website"},"primaryImageOfPage":{"@id":"https:\/\/www.facecorner.lv\/shop\/mixsoon-bean-toner-pad-70-pcs\/#primaryimage"},"image":{"@id":"https:\/\/www.facecorner.lv\/shop\/mixsoon-bean-toner-pad-70-pcs\/#primaryimage"},"thumbnailUrl":"https:\/\/www.facecorner.lv\/wp-content\/uploads\/2025\/05\/MIXSOONBeanTonerPadveidopadeliai.webp","datePublished":"2025-05-05T18:51:38+00:00","dateModified":"2025-06-25T17:41:18+00:00","description":"mixsoon Bean Toner Pad mitrino\u0161i un barojo\u0161i toniz\u0113jo\u0161ie spilventi\u0146i, kas satur olbaltumviel\u0101m bag\u0101tu pupi\u0146u ekstraktu, dzi\u013ci mitrina un baro \u0101du.","breadcrumb":{"@id":"https:\/\/www.facecorner.lv\/shop\/mixsoon-bean-toner-pad-70-pcs\/#breadcrumb"},"inLanguage":"lv-LV","potentialAction":[{"@type":"ReadAction","target":["https:\/\/www.facecorner.lv\/shop\/mixsoon-bean-toner-pad-70-pcs\/"]}]},{"@type":"ImageObject","inLanguage":"lv-LV","@id":"https:\/\/www.facecorner.lv\/shop\/mixsoon-bean-toner-pad-70-pcs\/#primaryimage","url":"https:\/\/www.facecorner.lv\/wp-content\/uploads\/2025\/05\/MIXSOONBeanTonerPadveidopadeliai.webp","contentUrl":"https:\/\/www.facecorner.lv\/wp-content\/uploads\/2025\/05\/MIXSOONBeanTonerPadveidopadeliai.webp","width":1100,"height":1100,"caption":"mixsoon Bean Toner Pad"},{"@type":"BreadcrumbList","@id":"https:\/\/www.facecorner.lv\/shop\/mixsoon-bean-toner-pad-70-pcs\/#breadcrumb","itemListElement":[{"@type":"ListItem","position":1,"name":"Home","item":"https:\/\/www.facecorner.lv\/"},{"@type":"ListItem","position":2,"name":"Veikals","item":"https:\/\/www.facecorner.lv\/shop\/"},{"@type":"ListItem","position":3,"name":"mixsoon Bean Toner Pad 70 pcs"}]},{"@type":"WebSite","@id":"https:\/\/www.facecorner.lv\/#website","url":"https:\/\/www.facecorner.lv\/","name":"Facecorner","description":"","publisher":{"@id":"https:\/\/www.facecorner.lv\/#organization"},"potentialAction":[{"@type":"SearchAction","target":{"@type":"EntryPoint","urlTemplate":"https:\/\/www.facecorner.lv\/?s={search_term_string}"},"query-input":{"@type":"PropertyValueSpecification","valueRequired":true,"valueName":"search_term_string"}}],"inLanguage":"lv-LV"},{"@type":"Organization","@id":"https:\/\/www.facecorner.lv\/#organization","name":"Facecorner","url":"https:\/\/www.facecorner.lv\/","logo":{"@type":"ImageObject","inLanguage":"lv-LV","@id":"https:\/\/www.facecorner.lv\/#\/schema\/logo\/image\/","url":"https:\/\/www.facecorner.lv\/wp-content\/uploads\/2024\/04\/fc-logo.jpg","contentUrl":"https:\/\/www.facecorner.lv\/wp-content\/uploads\/2024\/04\/fc-logo.jpg","width":174,"height":28,"caption":"Facecorner"},"image":{"@id":"https:\/\/www.facecorner.lv\/#\/schema\/logo\/image\/"},"sameAs":["https:\/\/www.facebook.com\/profile.php?id=100063824551839","https:\/\/www.instagram.com\/facecorner_shop\/"]}]},"product_price_amount":"22.50","product_price_currency":"EUR","og_availability":"out of stock","product_availability":"out of stock","product_condition":"new"},"_links":{"self":[{"href":"https:\/\/www.facecorner.lv\/lv\/wp-json\/wp\/v2\/product\/24214","targetHints":{"allow":["GET"]}}],"collection":[{"href":"https:\/\/www.facecorner.lv\/lv\/wp-json\/wp\/v2\/product"}],"about":[{"href":"https:\/\/www.facecorner.lv\/lv\/wp-json\/wp\/v2\/types\/product"}],"replies":[{"embeddable":true,"href":"https:\/\/www.facecorner.lv\/lv\/wp-json\/wp\/v2\/comments?post=24214"}],"wp:featuredmedia":[{"embeddable":true,"href":"https:\/\/www.facecorner.lv\/lv\/wp-json\/wp\/v2\/media\/24215"}],"wp:attachment":[{"href":"https:\/\/www.facecorner.lv\/lv\/wp-json\/wp\/v2\/media?parent=24214"}],"wp:term":[{"taxonomy":"product_brand","embeddable":true,"href":"https:\/\/www.facecorner.lv\/lv\/wp-json\/wp\/v2\/product_brand?post=24214"},{"taxonomy":"product_cat","embeddable":true,"href":"https:\/\/www.facecorner.lv\/lv\/wp-json\/wp\/v2\/product_cat?post=24214"},{"taxonomy":"product_tag","embeddable":true,"href":"https:\/\/www.facecorner.lv\/lv\/wp-json\/wp\/v2\/product_tag?post=24214"},{"taxonomy":"berocket_brand","embeddable":true,"href":"https:\/\/www.facecorner.lv\/lv\/wp-json\/wp\/v2\/berocket_brand?post=24214"}],"curies":[{"name":"wp","href":"https:\/\/api.w.org\/{rel}","templated":true}]}}