{"id":24212,"date":"2025-05-05T21:42:24","date_gmt":"2025-05-05T18:42:24","guid":{"rendered":"https:\/\/www.facecorner.lv\/?post_type=product&#038;p=24212"},"modified":"2025-09-09T14:49:23","modified_gmt":"2025-09-09T11:49:23","slug":"mixsoon-bifida-toner-pad-120-pcs","status":"publish","type":"product","link":"https:\/\/www.facecorner.lv\/lv\/shop\/mixsoon-bifida-toner-pad-120-pcs\/","title":{"rendered":"mixsoon Bifida Toner Pad 120 pcs"},"content":{"rendered":"<p>mixsoon Bifida Toner Pad\u00a0 mitrino\u0161i un atjaunojo\u0161i toniz\u0113jo\u0161i spilventi\u0146i, kas bag\u0101tin\u0101ti ar Bifida fermenta ekstraktu, lai pal\u012bdz\u0113tu atjaunot \u0101das dabisko, vesel\u012bgo st\u0101vokli.<\/p>\n<p>Vien\u0101 kast\u012bt\u0113 ir 120 spilventi\u0146i, kas piepild\u012bti ar pudel\u012bti mitrino\u0161\u0101s esences (240 spilventi\u0146i, ja tos sadala).Materi\u0101ls: Materi\u0101ls: 3 k\u0101rtu spilventi\u0146i, kas izgatavoti no celulozes un rajona auduma maksim\u0101lai mitruma saglab\u0101\u0161anai<\/p>\n<p><strong>Galven\u0101s sast\u0101vda\u013cas:<\/strong><\/p>\n<ul>\n<li>\u00a0Bifida fermenta ekstrakts pal\u012bdz atjaunot boj\u0101to \u0101das barjeru un l\u012bdzsvarot \u0101das e\u013c\u013cu un mitrumu.<\/li>\n<li>\u00a0Hialuronsk\u0101bes formulas ar pantenolu, keram\u012bdu NP un p\u013cavas putraimu s\u0113klu e\u013c\u013cu nodro\u0161ina intens\u012bvu, ilgsto\u0161u mitrin\u0101\u0161anu un sp\u0113c\u012bgu mitruma barjeru.<\/li>\n<\/ul>\n<p>Lieto\u0161ana:<\/p>\n<p>1. P\u0113c att\u012br\u012b\u0161anas maigi noslaukiet seju, piev\u0113r\u0161ot uzman\u012bbu viet\u0101m, kur\u0101s v\u0113laties nov\u0113rst \u0101das probl\u0113mas.<\/p>\n<p>2. Ar pirkstu galiem viegli nogl\u0101stiet \u0101du, lai toniks absorb\u0113tos dzi\u013c\u0101k \u0101d\u0101.<\/p>\n<p>3. Ja nepiecie\u0161ama papildu kop\u0161ana, uzlieciet spilventi\u0146u uz sejas un \u013caujiet tam nost\u0101v\u0113ties 10-15 min\u016b\u0161u. Tas \u013cauj padzi\u013cin\u0101ti uzs\u016bkt spilventi\u0146a lab\u0101s \u012bpa\u0161\u012bbas.<\/p>\n<p>4. J\u016bs varat sadal\u012bt l\u012bdzekli uz pus\u0113m, lai apstr\u0101d\u0101tu maz\u0101kas zonas, piem\u0113ram, zoda un deguna kakti\u0146u.<\/p>\n<p>5. P\u0113c spilventi\u0146a lieto\u0161anas sekojiet l\u012bdzi savai iecien\u012bt\u0101kajai esencei, serumam vai kr\u0113miem, kas ir da\u013ca no j\u016bsu ikdienas proced\u016br\u0101m.<\/p>\n<p><strong>S\u0101stavs:<\/strong> Water, Butylene Glycol, Glycerin, Dipropylene Glycol, Saccharomyces\/Rice Ferment Filtrate, 1,2-Hexanediol, Limnanthes Alba (Meadowfoam) Seed Oil, Microcrystalline Cellulose, Pentylene Glycol, Panthenol, Cellulose Gum, Allantoin, Ethylhexylglycerin, Acrylates\/C10-30 Alkyl Acrylate Crosspolymer, Diphenyl Dimethicone, Triethylhexanoin, Polyglyceryl-3 Methylglucose Distearate, Disodium Edta, Hydrogenated Lecithin, Polyglyceryl-10 Myristate, Methyl Glucose Sesquistearate, Cetearyl Glucoside, Bifida Ferment Lysate, Lactobacillus Ferment Lysate, Streptococcus Thermophilus Ferment, Tocopherol, Sodium Hyaluronate, Sodium Ascorbyl Phosphate, Ceramide NP, Hydroxypropyltrimonium Hyaluronate, Hydrolyzed Hyaluronic Acid, Sodium Acetylated Hyaluronate, Potassium Hyaluronate, Sodium Hyaluronate Crosspolymer, Hydrolyzed Sodium Hyaluronate, Hyaluronic Acid.<\/p>\n","protected":false},"excerpt":{"rendered":"<p>mixsoon Bifida Toner Pad\u00a0 mitrino\u0161i un atjaunojo\u0161i toniz\u0113jo\u0161i spilventi\u0146i, kas bag\u0101tin\u0101ti ar Bifida fermenta ekstraktu, lai pal\u012bdz\u0113tu atjaunot \u0101das dabisko, vesel\u012bgo st\u0101vokli.<\/p>\n","protected":false},"featured_media":24213,"comment_status":"open","ping_status":"closed","template":"","meta":{"site-sidebar-layout":"default","site-content-layout":"","ast-site-content-layout":"default","site-content-style":"default","site-sidebar-style":"default","ast-global-header-display":"","ast-banner-title-visibility":"","ast-main-header-display":"","ast-hfb-above-header-display":"","ast-hfb-below-header-display":"","ast-hfb-mobile-header-display":"","site-post-title":"","ast-breadcrumbs-content":"","ast-featured-img":"","footer-sml-layout":"","theme-transparent-header-meta":"default","adv-header-id-meta":"","stick-header-meta":"","header-above-stick-meta":"","header-main-stick-meta":"","header-below-stick-meta":"","astra-migrate-meta-layouts":"set","ast-page-background-enabled":"default","ast-page-background-meta":{"desktop":{"background-color":"var(--ast-global-color-4)","background-image":"","background-repeat":"repeat","background-position":"center center","background-size":"auto","background-attachment":"scroll","background-type":"","background-media":"","overlay-type":"","overlay-color":"","overlay-opacity":"","overlay-gradient":""},"tablet":{"background-color":"","background-image":"","background-repeat":"repeat","background-position":"center center","background-size":"auto","background-attachment":"scroll","background-type":"","background-media":"","overlay-type":"","overlay-color":"","overlay-opacity":"","overlay-gradient":""},"mobile":{"background-color":"","background-image":"","background-repeat":"repeat","background-position":"center center","background-size":"auto","background-attachment":"scroll","background-type":"","background-media":"","overlay-type":"","overlay-color":"","overlay-opacity":"","overlay-gradient":""}},"ast-content-background-meta":{"desktop":{"background-color":"var(--ast-global-color-5)","background-image":"","background-repeat":"repeat","background-position":"center center","background-size":"auto","background-attachment":"scroll","background-type":"","background-media":"","overlay-type":"","overlay-color":"","overlay-opacity":"","overlay-gradient":""},"tablet":{"background-color":"var(--ast-global-color-5)","background-image":"","background-repeat":"repeat","background-position":"center center","background-size":"auto","background-attachment":"scroll","background-type":"","background-media":"","overlay-type":"","overlay-color":"","overlay-opacity":"","overlay-gradient":""},"mobile":{"background-color":"var(--ast-global-color-5)","background-image":"","background-repeat":"repeat","background-position":"center center","background-size":"auto","background-attachment":"scroll","background-type":"","background-media":"","overlay-type":"","overlay-color":"","overlay-opacity":"","overlay-gradient":""}}},"product_brand":[],"product_cat":[375,377,378,364,376],"product_tag":[],"berocket_brand":[633],"class_list":{"0":"post-24212","1":"product","2":"type-product","3":"status-publish","4":"has-post-thumbnail","6":"product_cat-jutigai-adai-toneri","7":"product_cat-problematiskai-adai-toneri","8":"product_cat-sausai-adai-toneri","9":"product_cat-toneri","10":"product_cat-kombinetai-adai-toneri","11":"berocket_brand-mixsoon","12":"desktop-align-left","13":"tablet-align-left","14":"mobile-align-left","16":"first","17":"outofstock","18":"taxable","19":"shipping-taxable","20":"purchasable","21":"product-type-simple","22":"add-to-wishlist-before_image"},"yoast_head":"<!-- This site is optimized with the Yoast SEO plugin v27.4 - https:\/\/yoast.com\/product\/yoast-seo-wordpress\/ -->\n<title>mixsoon Bifida Toner Pad 120 pcs - FACECORNER<\/title>\n<meta name=\"description\" content=\"mixsoon Bifida Toner Pad\u00a0 mitrino\u0161i un atjaunojo\u0161i toniz\u0113jo\u0161i spilventi\u0146i, kas bag\u0101tin\u0101ti ar Bifida fermenta ekstraktu, lai pal\u012bdz\u0113tu atjaunot \u0101das dabisko\" \/>\n<meta name=\"robots\" content=\"index, follow, max-snippet:-1, max-image-preview:large, max-video-preview:-1\" \/>\n<link rel=\"canonical\" href=\"https:\/\/www.facecorner.lv\/lv\/shop\/mixsoon-bifida-toner-pad-120-pcs\/\" \/>\n<meta property=\"og:locale\" content=\"lv_LV\" \/>\n<meta property=\"og:type\" content=\"article\" \/>\n<meta property=\"og:title\" content=\"mixsoon Bifida Toner Pad 120 pcs - FACECORNER\" \/>\n<meta property=\"og:description\" content=\"mixsoon Bifida Toner Pad\u00a0 mitrino\u0161i un atjaunojo\u0161i toniz\u0113jo\u0161i spilventi\u0146i, kas bag\u0101tin\u0101ti ar Bifida fermenta ekstraktu, lai pal\u012bdz\u0113tu atjaunot \u0101das dabisko\" \/>\n<meta property=\"og:url\" content=\"https:\/\/www.facecorner.lv\/lv\/shop\/mixsoon-bifida-toner-pad-120-pcs\/\" \/>\n<meta property=\"og:site_name\" content=\"FACECORNER\" \/>\n<meta property=\"article:publisher\" content=\"https:\/\/www.facebook.com\/profile.php?id=100063824551839\" \/>\n<meta property=\"article:modified_time\" content=\"2025-09-09T11:49:23+00:00\" \/>\n<meta property=\"og:image\" content=\"https:\/\/www.facecorner.lv\/wp-content\/uploads\/2025\/05\/MIXSOONBifidaTonerPaddrekinamiejiveidopadeliai.webp\" \/>\n\t<meta property=\"og:image:width\" content=\"1100\" \/>\n\t<meta property=\"og:image:height\" content=\"1100\" \/>\n\t<meta property=\"og:image:type\" content=\"image\/webp\" \/>\n<meta name=\"twitter:card\" content=\"summary_large_image\" \/>\n<meta name=\"twitter:label1\" content=\"Price\" \/>\n\t<meta name=\"twitter:data1\" content=\"&euro;23.90\" \/>\n\t<meta name=\"twitter:label2\" content=\"Availability\" \/>\n\t<meta name=\"twitter:data2\" content=\"Out of stock\" \/>\n<script type=\"application\/ld+json\" class=\"yoast-schema-graph\">{\"@context\":\"https:\\\/\\\/schema.org\",\"@graph\":[{\"@type\":\"WebPage\",\"@id\":\"https:\\\/\\\/www.facecorner.lv\\\/shop\\\/mixsoon-bifida-toner-pad-120-pcs\\\/\",\"url\":\"https:\\\/\\\/www.facecorner.lv\\\/shop\\\/mixsoon-bifida-toner-pad-120-pcs\\\/\",\"name\":\"mixsoon Bifida Toner Pad 120 pcs - FACECORNER\",\"isPartOf\":{\"@id\":\"https:\\\/\\\/www.facecorner.lv\\\/#website\"},\"primaryImageOfPage\":{\"@id\":\"https:\\\/\\\/www.facecorner.lv\\\/shop\\\/mixsoon-bifida-toner-pad-120-pcs\\\/#primaryimage\"},\"image\":{\"@id\":\"https:\\\/\\\/www.facecorner.lv\\\/shop\\\/mixsoon-bifida-toner-pad-120-pcs\\\/#primaryimage\"},\"thumbnailUrl\":\"https:\\\/\\\/www.facecorner.lv\\\/wp-content\\\/uploads\\\/2025\\\/05\\\/MIXSOONBifidaTonerPaddrekinamiejiveidopadeliai.webp\",\"datePublished\":\"2025-05-05T18:42:24+00:00\",\"dateModified\":\"2025-09-09T11:49:23+00:00\",\"description\":\"mixsoon Bifida Toner Pad\u00a0 mitrino\u0161i un atjaunojo\u0161i toniz\u0113jo\u0161i spilventi\u0146i, kas bag\u0101tin\u0101ti ar Bifida fermenta ekstraktu, lai pal\u012bdz\u0113tu atjaunot \u0101das dabisko\",\"breadcrumb\":{\"@id\":\"https:\\\/\\\/www.facecorner.lv\\\/shop\\\/mixsoon-bifida-toner-pad-120-pcs\\\/#breadcrumb\"},\"inLanguage\":\"lv-LV\",\"potentialAction\":[{\"@type\":\"ReadAction\",\"target\":[\"https:\\\/\\\/www.facecorner.lv\\\/shop\\\/mixsoon-bifida-toner-pad-120-pcs\\\/\"]}]},{\"@type\":\"ImageObject\",\"inLanguage\":\"lv-LV\",\"@id\":\"https:\\\/\\\/www.facecorner.lv\\\/shop\\\/mixsoon-bifida-toner-pad-120-pcs\\\/#primaryimage\",\"url\":\"https:\\\/\\\/www.facecorner.lv\\\/wp-content\\\/uploads\\\/2025\\\/05\\\/MIXSOONBifidaTonerPaddrekinamiejiveidopadeliai.webp\",\"contentUrl\":\"https:\\\/\\\/www.facecorner.lv\\\/wp-content\\\/uploads\\\/2025\\\/05\\\/MIXSOONBifidaTonerPaddrekinamiejiveidopadeliai.webp\",\"width\":1100,\"height\":1100,\"caption\":\"mixsoon Bifida Toner Pad\"},{\"@type\":\"BreadcrumbList\",\"@id\":\"https:\\\/\\\/www.facecorner.lv\\\/shop\\\/mixsoon-bifida-toner-pad-120-pcs\\\/#breadcrumb\",\"itemListElement\":[{\"@type\":\"ListItem\",\"position\":1,\"name\":\"Home\",\"item\":\"https:\\\/\\\/www.facecorner.lv\\\/\"},{\"@type\":\"ListItem\",\"position\":2,\"name\":\"Veikals\",\"item\":\"https:\\\/\\\/www.facecorner.lv\\\/shop\\\/\"},{\"@type\":\"ListItem\",\"position\":3,\"name\":\"mixsoon Bifida Toner Pad 120 pcs\"}]},{\"@type\":\"WebSite\",\"@id\":\"https:\\\/\\\/www.facecorner.lv\\\/#website\",\"url\":\"https:\\\/\\\/www.facecorner.lv\\\/\",\"name\":\"Facecorner\",\"description\":\"\",\"publisher\":{\"@id\":\"https:\\\/\\\/www.facecorner.lv\\\/#organization\"},\"potentialAction\":[{\"@type\":\"SearchAction\",\"target\":{\"@type\":\"EntryPoint\",\"urlTemplate\":\"https:\\\/\\\/www.facecorner.lv\\\/?s={search_term_string}\"},\"query-input\":{\"@type\":\"PropertyValueSpecification\",\"valueRequired\":true,\"valueName\":\"search_term_string\"}}],\"inLanguage\":\"lv-LV\"},{\"@type\":\"Organization\",\"@id\":\"https:\\\/\\\/www.facecorner.lv\\\/#organization\",\"name\":\"Facecorner\",\"url\":\"https:\\\/\\\/www.facecorner.lv\\\/\",\"logo\":{\"@type\":\"ImageObject\",\"inLanguage\":\"lv-LV\",\"@id\":\"https:\\\/\\\/www.facecorner.lv\\\/#\\\/schema\\\/logo\\\/image\\\/\",\"url\":\"https:\\\/\\\/www.facecorner.lv\\\/wp-content\\\/uploads\\\/2024\\\/04\\\/fc-logo.jpg\",\"contentUrl\":\"https:\\\/\\\/www.facecorner.lv\\\/wp-content\\\/uploads\\\/2024\\\/04\\\/fc-logo.jpg\",\"width\":174,\"height\":28,\"caption\":\"Facecorner\"},\"image\":{\"@id\":\"https:\\\/\\\/www.facecorner.lv\\\/#\\\/schema\\\/logo\\\/image\\\/\"},\"sameAs\":[\"https:\\\/\\\/www.facebook.com\\\/profile.php?id=100063824551839\",\"https:\\\/\\\/www.instagram.com\\\/facecorner_shop\\\/\"]}]}<\/script>\n<meta property=\"product:price:amount\" content=\"23.90\" \/>\n<meta property=\"product:price:currency\" content=\"EUR\" \/>\n<meta property=\"og:availability\" content=\"out of stock\" \/>\n<meta property=\"product:availability\" content=\"out of stock\" \/>\n<meta property=\"product:condition\" content=\"new\" \/>\n<!-- \/ Yoast SEO plugin. -->","yoast_head_json":{"title":"mixsoon Bifida Toner Pad 120 pcs - FACECORNER","description":"mixsoon Bifida Toner Pad\u00a0 mitrino\u0161i un atjaunojo\u0161i toniz\u0113jo\u0161i spilventi\u0146i, kas bag\u0101tin\u0101ti ar Bifida fermenta ekstraktu, lai pal\u012bdz\u0113tu atjaunot \u0101das dabisko","robots":{"index":"index","follow":"follow","max-snippet":"max-snippet:-1","max-image-preview":"max-image-preview:large","max-video-preview":"max-video-preview:-1"},"canonical":"https:\/\/www.facecorner.lv\/lv\/shop\/mixsoon-bifida-toner-pad-120-pcs\/","og_locale":"lv_LV","og_type":"article","og_title":"mixsoon Bifida Toner Pad 120 pcs - FACECORNER","og_description":"mixsoon Bifida Toner Pad\u00a0 mitrino\u0161i un atjaunojo\u0161i toniz\u0113jo\u0161i spilventi\u0146i, kas bag\u0101tin\u0101ti ar Bifida fermenta ekstraktu, lai pal\u012bdz\u0113tu atjaunot \u0101das dabisko","og_url":"https:\/\/www.facecorner.lv\/lv\/shop\/mixsoon-bifida-toner-pad-120-pcs\/","og_site_name":"FACECORNER","article_publisher":"https:\/\/www.facebook.com\/profile.php?id=100063824551839","article_modified_time":"2025-09-09T11:49:23+00:00","og_image":[{"width":1100,"height":1100,"url":"https:\/\/www.facecorner.lv\/wp-content\/uploads\/2025\/05\/MIXSOONBifidaTonerPaddrekinamiejiveidopadeliai.webp","type":"image\/webp"}],"twitter_card":"summary_large_image","twitter_misc":{"Price":"&euro;23.90","Availability":"Out of stock"},"schema":{"@context":"https:\/\/schema.org","@graph":[{"@type":"WebPage","@id":"https:\/\/www.facecorner.lv\/shop\/mixsoon-bifida-toner-pad-120-pcs\/","url":"https:\/\/www.facecorner.lv\/shop\/mixsoon-bifida-toner-pad-120-pcs\/","name":"mixsoon Bifida Toner Pad 120 pcs - FACECORNER","isPartOf":{"@id":"https:\/\/www.facecorner.lv\/#website"},"primaryImageOfPage":{"@id":"https:\/\/www.facecorner.lv\/shop\/mixsoon-bifida-toner-pad-120-pcs\/#primaryimage"},"image":{"@id":"https:\/\/www.facecorner.lv\/shop\/mixsoon-bifida-toner-pad-120-pcs\/#primaryimage"},"thumbnailUrl":"https:\/\/www.facecorner.lv\/wp-content\/uploads\/2025\/05\/MIXSOONBifidaTonerPaddrekinamiejiveidopadeliai.webp","datePublished":"2025-05-05T18:42:24+00:00","dateModified":"2025-09-09T11:49:23+00:00","description":"mixsoon Bifida Toner Pad\u00a0 mitrino\u0161i un atjaunojo\u0161i toniz\u0113jo\u0161i spilventi\u0146i, kas bag\u0101tin\u0101ti ar Bifida fermenta ekstraktu, lai pal\u012bdz\u0113tu atjaunot \u0101das dabisko","breadcrumb":{"@id":"https:\/\/www.facecorner.lv\/shop\/mixsoon-bifida-toner-pad-120-pcs\/#breadcrumb"},"inLanguage":"lv-LV","potentialAction":[{"@type":"ReadAction","target":["https:\/\/www.facecorner.lv\/shop\/mixsoon-bifida-toner-pad-120-pcs\/"]}]},{"@type":"ImageObject","inLanguage":"lv-LV","@id":"https:\/\/www.facecorner.lv\/shop\/mixsoon-bifida-toner-pad-120-pcs\/#primaryimage","url":"https:\/\/www.facecorner.lv\/wp-content\/uploads\/2025\/05\/MIXSOONBifidaTonerPaddrekinamiejiveidopadeliai.webp","contentUrl":"https:\/\/www.facecorner.lv\/wp-content\/uploads\/2025\/05\/MIXSOONBifidaTonerPaddrekinamiejiveidopadeliai.webp","width":1100,"height":1100,"caption":"mixsoon Bifida Toner Pad"},{"@type":"BreadcrumbList","@id":"https:\/\/www.facecorner.lv\/shop\/mixsoon-bifida-toner-pad-120-pcs\/#breadcrumb","itemListElement":[{"@type":"ListItem","position":1,"name":"Home","item":"https:\/\/www.facecorner.lv\/"},{"@type":"ListItem","position":2,"name":"Veikals","item":"https:\/\/www.facecorner.lv\/shop\/"},{"@type":"ListItem","position":3,"name":"mixsoon Bifida Toner Pad 120 pcs"}]},{"@type":"WebSite","@id":"https:\/\/www.facecorner.lv\/#website","url":"https:\/\/www.facecorner.lv\/","name":"Facecorner","description":"","publisher":{"@id":"https:\/\/www.facecorner.lv\/#organization"},"potentialAction":[{"@type":"SearchAction","target":{"@type":"EntryPoint","urlTemplate":"https:\/\/www.facecorner.lv\/?s={search_term_string}"},"query-input":{"@type":"PropertyValueSpecification","valueRequired":true,"valueName":"search_term_string"}}],"inLanguage":"lv-LV"},{"@type":"Organization","@id":"https:\/\/www.facecorner.lv\/#organization","name":"Facecorner","url":"https:\/\/www.facecorner.lv\/","logo":{"@type":"ImageObject","inLanguage":"lv-LV","@id":"https:\/\/www.facecorner.lv\/#\/schema\/logo\/image\/","url":"https:\/\/www.facecorner.lv\/wp-content\/uploads\/2024\/04\/fc-logo.jpg","contentUrl":"https:\/\/www.facecorner.lv\/wp-content\/uploads\/2024\/04\/fc-logo.jpg","width":174,"height":28,"caption":"Facecorner"},"image":{"@id":"https:\/\/www.facecorner.lv\/#\/schema\/logo\/image\/"},"sameAs":["https:\/\/www.facebook.com\/profile.php?id=100063824551839","https:\/\/www.instagram.com\/facecorner_shop\/"]}]},"product_price_amount":"23.90","product_price_currency":"EUR","og_availability":"out of stock","product_availability":"out of stock","product_condition":"new"},"_links":{"self":[{"href":"https:\/\/www.facecorner.lv\/lv\/wp-json\/wp\/v2\/product\/24212","targetHints":{"allow":["GET"]}}],"collection":[{"href":"https:\/\/www.facecorner.lv\/lv\/wp-json\/wp\/v2\/product"}],"about":[{"href":"https:\/\/www.facecorner.lv\/lv\/wp-json\/wp\/v2\/types\/product"}],"replies":[{"embeddable":true,"href":"https:\/\/www.facecorner.lv\/lv\/wp-json\/wp\/v2\/comments?post=24212"}],"wp:featuredmedia":[{"embeddable":true,"href":"https:\/\/www.facecorner.lv\/lv\/wp-json\/wp\/v2\/media\/24213"}],"wp:attachment":[{"href":"https:\/\/www.facecorner.lv\/lv\/wp-json\/wp\/v2\/media?parent=24212"}],"wp:term":[{"taxonomy":"product_brand","embeddable":true,"href":"https:\/\/www.facecorner.lv\/lv\/wp-json\/wp\/v2\/product_brand?post=24212"},{"taxonomy":"product_cat","embeddable":true,"href":"https:\/\/www.facecorner.lv\/lv\/wp-json\/wp\/v2\/product_cat?post=24212"},{"taxonomy":"product_tag","embeddable":true,"href":"https:\/\/www.facecorner.lv\/lv\/wp-json\/wp\/v2\/product_tag?post=24212"},{"taxonomy":"berocket_brand","embeddable":true,"href":"https:\/\/www.facecorner.lv\/lv\/wp-json\/wp\/v2\/berocket_brand?post=24212"}],"curies":[{"name":"wp","href":"https:\/\/api.w.org\/{rel}","templated":true}]}}