{"id":24202,"date":"2025-05-05T21:20:29","date_gmt":"2025-05-05T18:20:29","guid":{"rendered":"https:\/\/www.facecorner.lv\/?post_type=product&#038;p=24202"},"modified":"2026-02-11T14:43:36","modified_gmt":"2026-02-11T11:43:36","slug":"anua-azelaic-acid-10-hyaluron-redness-soothing-serum-30-ml","status":"publish","type":"product","link":"https:\/\/www.facecorner.lv\/lv\/shop\/anua-azelaic-acid-10-hyaluron-redness-soothing-serum-30-ml\/","title":{"rendered":"Anua Azelaic Acid 10 Hyaluron Redness Soothing Serum 30 ml"},"content":{"rendered":"<p>Anua Azelaic Acid 10 Hyaluron Redness Soothing Serum nomierino\u0161s serums efekt\u012bvi \u0101rst\u0113 p\u016bt\u012btes, melnos punktus un p\u016bt\u012btes, nov\u0113r\u0161 iekaisuma c\u0113loni.<\/p>\n<p>Seruma galven\u0101 sast\u0101vda\u013ca ir 10% azela\u012bnsk\u0101be, kas ir farmaceitiska sast\u0101vda\u013ca, ko izmanto pinnes \u0101rst\u0113\u0161anai. Ir pier\u0101d\u012bts, ka azela\u012bnsk\u0101be aptur bakt\u0113riju aug\u0161anu, kur\u0101m ir b\u016btiska loma pinnes att\u012bst\u012bb\u0101. Jau p\u0113c da\u017e\u0101m ned\u0113\u013c\u0101m, regul\u0101ri lietojot produktus ar azela\u012bnsk\u0101bi, bakt\u0113riju skaits uz \u0101das iev\u0113rojami samazin\u0101s. Sast\u0101vda\u013ca ir efekt\u012bva ilgsto\u0161\u0101 lieto\u0161an\u0101 un nerada atkar\u012bbu.<\/p>\n<ul>\n<li>Papildus antibakteri\u0101lajai iedarb\u012bbai azela\u012bnsk\u0101be nov\u0113r\u0161 \u0101das virsk\u0101rtas keratiniz\u0101ciju, t\u0101p\u0113c t\u0101 nov\u0113r\u0161 poru aizs\u0113r\u0113\u0161anu un komedonu ra\u0161anos. Turkl\u0101t azela\u012bnsk\u0101bes iedarb\u012bba pal\u0113nina vecuma plankumu veido\u0161anos.<\/li>\n<\/ul>\n<p>Maigais nomierino\u0161ais komplekss no Centella asiatica ekstrakta pa\u0101trina re\u0123ener\u0101cijas un dz\u012b\u0161anas procesus, mazina s\u0101pes, atjauno boj\u0101to lip\u012bdu barjeru, samazinot transepiderm\u0101lo mitruma zudumu, sausumu un lob\u012b\u0161anos, \u0101tri tiek gal\u0101 ar aler\u0123isk\u0101m reakcij\u0101m, izsitumiem un iekaisuma procesiem, k\u0101 ar\u012b iedarbojas k\u0101 sp\u0113c\u012bgi antioksidanti, kas aizsarg\u0101 \u0101du no fotonoveco\u0161an\u0101s.<\/p>\n<p>Sast\u0101v\u0101 eso\u0161\u0101 hialuronsk\u0101be veicina mitrin\u0101\u0161anu pat dzi\u013cos \u0101das sl\u0101\u0146os, palielina \u0101das turgoru un uzlabo t\u0101s elast\u012bbu.<\/p>\n<p><strong>Piem\u0113rots visiem \u0101das tipiem. Ieteicams problem\u0101tiskai un taukainai \u0101dai.<\/strong><\/p>\n<p><strong>Lieto\u0161ana:<\/strong> P\u0113c mazg\u0101\u0161anas un toniz\u0113\u0161anas uzkl\u0101jiet serumu uz sejas, ar maig\u0101m gl\u0101sto\u0161\u0101m kust\u012bb\u0101m uzkl\u0101jiet to uz \u0101das. Nosl\u0113dziet proced\u016bru ar kr\u0113mu.<\/p>\n<p>S\u0101stavs: Water, Azelaic Acid, Propylene Glycol, Sodium Hydroxide, Dipropylene Glycol, 1,2-Hexanediol, Panthenol, Hydroxyethylcellulose, Betaine Salicylate, Glycerin, Biosaccharide Gum-1, Ethylhexylglycerin, Allantoin, Dipotassium Glycyrrhizate, Melia Azadirachta Leaf Extract, Camellia Sinensis Leaf Water, Sodium Hyaluronate, Melia Azadirachta Flower Extract, Niacinamide, Aloe Barbadensis Leaf Juice, Beta-Glucan, Centella Asiatica Extract, Centella Asiatica Leaf Extract, Centella Asiatica Root Extract, Madecassoside, Asiaticoside, Asiatic Acid, Madecassic Acid, Squalane, Zinc PCA, Butylene Glycol, Pentylene Glycol, Caprylyl\/Capryl Glucoside, Hydrogenated Lecithin, Ceramide NP<\/p>\n","protected":false},"excerpt":{"rendered":"<p>Anua Azelaic Acid 10 Hyaluron Redness Soothing Serum nomierino\u0161s serums efekt\u012bvi \u0101rst\u0113 p\u016bt\u012btes, melnos punktus un p\u016bt\u012btes, nov\u0113r\u0161 iekaisuma c\u0113loni.<\/p>\n","protected":false},"featured_media":24205,"comment_status":"open","ping_status":"closed","template":"","meta":{"site-sidebar-layout":"default","site-content-layout":"","ast-site-content-layout":"default","site-content-style":"default","site-sidebar-style":"default","ast-global-header-display":"","ast-banner-title-visibility":"","ast-main-header-display":"","ast-hfb-above-header-display":"","ast-hfb-below-header-display":"","ast-hfb-mobile-header-display":"","site-post-title":"","ast-breadcrumbs-content":"","ast-featured-img":"","footer-sml-layout":"","theme-transparent-header-meta":"default","adv-header-id-meta":"","stick-header-meta":"","header-above-stick-meta":"","header-main-stick-meta":"","header-below-stick-meta":"","astra-migrate-meta-layouts":"set","ast-page-background-enabled":"default","ast-page-background-meta":{"desktop":{"background-color":"var(--ast-global-color-4)","background-image":"","background-repeat":"repeat","background-position":"center center","background-size":"auto","background-attachment":"scroll","background-type":"","background-media":"","overlay-type":"","overlay-color":"","overlay-opacity":"","overlay-gradient":""},"tablet":{"background-color":"","background-image":"","background-repeat":"repeat","background-position":"center center","background-size":"auto","background-attachment":"scroll","background-type":"","background-media":"","overlay-type":"","overlay-color":"","overlay-opacity":"","overlay-gradient":""},"mobile":{"background-color":"","background-image":"","background-repeat":"repeat","background-position":"center center","background-size":"auto","background-attachment":"scroll","background-type":"","background-media":"","overlay-type":"","overlay-color":"","overlay-opacity":"","overlay-gradient":""}},"ast-content-background-meta":{"desktop":{"background-color":"var(--ast-global-color-5)","background-image":"","background-repeat":"repeat","background-position":"center center","background-size":"auto","background-attachment":"scroll","background-type":"","background-media":"","overlay-type":"","overlay-color":"","overlay-opacity":"","overlay-gradient":""},"tablet":{"background-color":"var(--ast-global-color-5)","background-image":"","background-repeat":"repeat","background-position":"center center","background-size":"auto","background-attachment":"scroll","background-type":"","background-media":"","overlay-type":"","overlay-color":"","overlay-opacity":"","overlay-gradient":""},"mobile":{"background-color":"var(--ast-global-color-5)","background-image":"","background-repeat":"repeat","background-position":"center center","background-size":"auto","background-attachment":"scroll","background-type":"","background-media":"","overlay-type":"","overlay-color":"","overlay-opacity":"","overlay-gradient":""}}},"product_brand":[],"product_cat":[372,374,363],"product_tag":[],"berocket_brand":[575],"class_list":{"0":"post-24202","1":"product","2":"type-product","3":"status-publish","4":"has-post-thumbnail","6":"product_cat-jutigai-adai-serumi","7":"product_cat-pret-pinnem","8":"product_cat-serumi","9":"berocket_brand-anua","10":"desktop-align-left","11":"tablet-align-left","12":"mobile-align-left","14":"first","15":"outofstock","16":"taxable","17":"shipping-taxable","18":"purchasable","19":"product-type-simple","20":"add-to-wishlist-before_image"},"yoast_head":"<!-- This site is optimized with the Yoast SEO plugin v27.3 - https:\/\/yoast.com\/product\/yoast-seo-wordpress\/ -->\n<title>Anua Azelaic Acid 10 Hyaluron Redness Soothing Serum 30 ml - FACECORNER<\/title>\n<meta name=\"description\" content=\"Anua Azelaic Acid 10 Hyaluron Redness Soothing Serum nomierino\u0161s serums efekt\u012bvi \u0101rst\u0113 p\u016bt\u012btes, melnos punktus un p\u016bt\u012btes, nov\u0113r\u0161 iekaisuma c\u0113loni.\" \/>\n<meta name=\"robots\" content=\"index, follow, max-snippet:-1, max-image-preview:large, max-video-preview:-1\" \/>\n<link rel=\"canonical\" href=\"https:\/\/www.facecorner.lv\/lv\/shop\/anua-azelaic-acid-10-hyaluron-redness-soothing-serum-30-ml\/\" \/>\n<meta property=\"og:locale\" content=\"lv_LV\" \/>\n<meta property=\"og:type\" content=\"article\" \/>\n<meta property=\"og:title\" content=\"Anua Azelaic Acid 10 Hyaluron Redness Soothing Serum 30 ml - FACECORNER\" \/>\n<meta property=\"og:description\" content=\"Anua Azelaic Acid 10 Hyaluron Redness Soothing Serum nomierino\u0161s serums efekt\u012bvi \u0101rst\u0113 p\u016bt\u012btes, melnos punktus un p\u016bt\u012btes, nov\u0113r\u0161 iekaisuma c\u0113loni.\" \/>\n<meta property=\"og:url\" content=\"https:\/\/www.facecorner.lv\/lv\/shop\/anua-azelaic-acid-10-hyaluron-redness-soothing-serum-30-ml\/\" \/>\n<meta property=\"og:site_name\" content=\"FACECORNER\" \/>\n<meta property=\"article:publisher\" content=\"https:\/\/www.facebook.com\/profile.php?id=100063824551839\" \/>\n<meta property=\"article:modified_time\" content=\"2026-02-11T11:43:36+00:00\" \/>\n<meta property=\"og:image\" content=\"https:\/\/www.facecorner.lv\/wp-content\/uploads\/2025\/05\/anua-azelaic-acid-10-hyaluron-redness-soothing-serum_8809640737190_DarBeauty.webp\" \/>\n\t<meta property=\"og:image:width\" content=\"1080\" \/>\n\t<meta property=\"og:image:height\" content=\"1080\" \/>\n\t<meta property=\"og:image:type\" content=\"image\/webp\" \/>\n<meta name=\"twitter:card\" content=\"summary_large_image\" \/>\n<meta name=\"twitter:label1\" content=\"Price\" \/>\n\t<meta name=\"twitter:data1\" content=\"&euro;25.50\" \/>\n\t<meta name=\"twitter:label2\" content=\"Availability\" \/>\n\t<meta name=\"twitter:data2\" content=\"Out of stock\" \/>\n<script type=\"application\/ld+json\" class=\"yoast-schema-graph\">{\"@context\":\"https:\\\/\\\/schema.org\",\"@graph\":[{\"@type\":\"WebPage\",\"@id\":\"https:\\\/\\\/www.facecorner.lv\\\/shop\\\/anua-azelaic-acid-10-hyaluron-redness-soothing-serum-30-ml\\\/\",\"url\":\"https:\\\/\\\/www.facecorner.lv\\\/shop\\\/anua-azelaic-acid-10-hyaluron-redness-soothing-serum-30-ml\\\/\",\"name\":\"Anua Azelaic Acid 10 Hyaluron Redness Soothing Serum 30 ml - FACECORNER\",\"isPartOf\":{\"@id\":\"https:\\\/\\\/www.facecorner.lv\\\/#website\"},\"primaryImageOfPage\":{\"@id\":\"https:\\\/\\\/www.facecorner.lv\\\/shop\\\/anua-azelaic-acid-10-hyaluron-redness-soothing-serum-30-ml\\\/#primaryimage\"},\"image\":{\"@id\":\"https:\\\/\\\/www.facecorner.lv\\\/shop\\\/anua-azelaic-acid-10-hyaluron-redness-soothing-serum-30-ml\\\/#primaryimage\"},\"thumbnailUrl\":\"https:\\\/\\\/www.facecorner.lv\\\/wp-content\\\/uploads\\\/2025\\\/05\\\/anua-azelaic-acid-10-hyaluron-redness-soothing-serum_8809640737190_DarBeauty.webp\",\"datePublished\":\"2025-05-05T18:20:29+00:00\",\"dateModified\":\"2026-02-11T11:43:36+00:00\",\"description\":\"Anua Azelaic Acid 10 Hyaluron Redness Soothing Serum nomierino\u0161s serums efekt\u012bvi \u0101rst\u0113 p\u016bt\u012btes, melnos punktus un p\u016bt\u012btes, nov\u0113r\u0161 iekaisuma c\u0113loni.\",\"breadcrumb\":{\"@id\":\"https:\\\/\\\/www.facecorner.lv\\\/shop\\\/anua-azelaic-acid-10-hyaluron-redness-soothing-serum-30-ml\\\/#breadcrumb\"},\"inLanguage\":\"lv-LV\",\"potentialAction\":[{\"@type\":\"ReadAction\",\"target\":[\"https:\\\/\\\/www.facecorner.lv\\\/shop\\\/anua-azelaic-acid-10-hyaluron-redness-soothing-serum-30-ml\\\/\"]}]},{\"@type\":\"ImageObject\",\"inLanguage\":\"lv-LV\",\"@id\":\"https:\\\/\\\/www.facecorner.lv\\\/shop\\\/anua-azelaic-acid-10-hyaluron-redness-soothing-serum-30-ml\\\/#primaryimage\",\"url\":\"https:\\\/\\\/www.facecorner.lv\\\/wp-content\\\/uploads\\\/2025\\\/05\\\/anua-azelaic-acid-10-hyaluron-redness-soothing-serum_8809640737190_DarBeauty.webp\",\"contentUrl\":\"https:\\\/\\\/www.facecorner.lv\\\/wp-content\\\/uploads\\\/2025\\\/05\\\/anua-azelaic-acid-10-hyaluron-redness-soothing-serum_8809640737190_DarBeauty.webp\",\"width\":1080,\"height\":1080,\"caption\":\"Anua Azelaic Acid 10 Hyaluron Redness Soothing Serum 30 ml\"},{\"@type\":\"BreadcrumbList\",\"@id\":\"https:\\\/\\\/www.facecorner.lv\\\/shop\\\/anua-azelaic-acid-10-hyaluron-redness-soothing-serum-30-ml\\\/#breadcrumb\",\"itemListElement\":[{\"@type\":\"ListItem\",\"position\":1,\"name\":\"Home\",\"item\":\"https:\\\/\\\/www.facecorner.lv\\\/\"},{\"@type\":\"ListItem\",\"position\":2,\"name\":\"Veikals\",\"item\":\"https:\\\/\\\/www.facecorner.lv\\\/shop\\\/\"},{\"@type\":\"ListItem\",\"position\":3,\"name\":\"Anua Azelaic Acid 10 Hyaluron Redness Soothing Serum 30 ml\"}]},{\"@type\":\"WebSite\",\"@id\":\"https:\\\/\\\/www.facecorner.lv\\\/#website\",\"url\":\"https:\\\/\\\/www.facecorner.lv\\\/\",\"name\":\"Facecorner\",\"description\":\"\",\"publisher\":{\"@id\":\"https:\\\/\\\/www.facecorner.lv\\\/#organization\"},\"potentialAction\":[{\"@type\":\"SearchAction\",\"target\":{\"@type\":\"EntryPoint\",\"urlTemplate\":\"https:\\\/\\\/www.facecorner.lv\\\/?s={search_term_string}\"},\"query-input\":{\"@type\":\"PropertyValueSpecification\",\"valueRequired\":true,\"valueName\":\"search_term_string\"}}],\"inLanguage\":\"lv-LV\"},{\"@type\":\"Organization\",\"@id\":\"https:\\\/\\\/www.facecorner.lv\\\/#organization\",\"name\":\"Facecorner\",\"url\":\"https:\\\/\\\/www.facecorner.lv\\\/\",\"logo\":{\"@type\":\"ImageObject\",\"inLanguage\":\"lv-LV\",\"@id\":\"https:\\\/\\\/www.facecorner.lv\\\/#\\\/schema\\\/logo\\\/image\\\/\",\"url\":\"https:\\\/\\\/www.facecorner.lv\\\/wp-content\\\/uploads\\\/2024\\\/04\\\/fc-logo.jpg\",\"contentUrl\":\"https:\\\/\\\/www.facecorner.lv\\\/wp-content\\\/uploads\\\/2024\\\/04\\\/fc-logo.jpg\",\"width\":174,\"height\":28,\"caption\":\"Facecorner\"},\"image\":{\"@id\":\"https:\\\/\\\/www.facecorner.lv\\\/#\\\/schema\\\/logo\\\/image\\\/\"},\"sameAs\":[\"https:\\\/\\\/www.facebook.com\\\/profile.php?id=100063824551839\",\"https:\\\/\\\/www.instagram.com\\\/facecorner_shop\\\/\"]}]}<\/script>\n<meta property=\"product:price:amount\" content=\"25.50\" \/>\n<meta property=\"product:price:currency\" content=\"EUR\" \/>\n<meta property=\"og:availability\" content=\"out of stock\" \/>\n<meta property=\"product:availability\" content=\"out of stock\" \/>\n<meta property=\"product:condition\" content=\"new\" \/>\n<!-- \/ Yoast SEO plugin. -->","yoast_head_json":{"title":"Anua Azelaic Acid 10 Hyaluron Redness Soothing Serum 30 ml - FACECORNER","description":"Anua Azelaic Acid 10 Hyaluron Redness Soothing Serum nomierino\u0161s serums efekt\u012bvi \u0101rst\u0113 p\u016bt\u012btes, melnos punktus un p\u016bt\u012btes, nov\u0113r\u0161 iekaisuma c\u0113loni.","robots":{"index":"index","follow":"follow","max-snippet":"max-snippet:-1","max-image-preview":"max-image-preview:large","max-video-preview":"max-video-preview:-1"},"canonical":"https:\/\/www.facecorner.lv\/lv\/shop\/anua-azelaic-acid-10-hyaluron-redness-soothing-serum-30-ml\/","og_locale":"lv_LV","og_type":"article","og_title":"Anua Azelaic Acid 10 Hyaluron Redness Soothing Serum 30 ml - FACECORNER","og_description":"Anua Azelaic Acid 10 Hyaluron Redness Soothing Serum nomierino\u0161s serums efekt\u012bvi \u0101rst\u0113 p\u016bt\u012btes, melnos punktus un p\u016bt\u012btes, nov\u0113r\u0161 iekaisuma c\u0113loni.","og_url":"https:\/\/www.facecorner.lv\/lv\/shop\/anua-azelaic-acid-10-hyaluron-redness-soothing-serum-30-ml\/","og_site_name":"FACECORNER","article_publisher":"https:\/\/www.facebook.com\/profile.php?id=100063824551839","article_modified_time":"2026-02-11T11:43:36+00:00","og_image":[{"width":1080,"height":1080,"url":"https:\/\/www.facecorner.lv\/wp-content\/uploads\/2025\/05\/anua-azelaic-acid-10-hyaluron-redness-soothing-serum_8809640737190_DarBeauty.webp","type":"image\/webp"}],"twitter_card":"summary_large_image","twitter_misc":{"Price":"&euro;25.50","Availability":"Out of stock"},"schema":{"@context":"https:\/\/schema.org","@graph":[{"@type":"WebPage","@id":"https:\/\/www.facecorner.lv\/shop\/anua-azelaic-acid-10-hyaluron-redness-soothing-serum-30-ml\/","url":"https:\/\/www.facecorner.lv\/shop\/anua-azelaic-acid-10-hyaluron-redness-soothing-serum-30-ml\/","name":"Anua Azelaic Acid 10 Hyaluron Redness Soothing Serum 30 ml - FACECORNER","isPartOf":{"@id":"https:\/\/www.facecorner.lv\/#website"},"primaryImageOfPage":{"@id":"https:\/\/www.facecorner.lv\/shop\/anua-azelaic-acid-10-hyaluron-redness-soothing-serum-30-ml\/#primaryimage"},"image":{"@id":"https:\/\/www.facecorner.lv\/shop\/anua-azelaic-acid-10-hyaluron-redness-soothing-serum-30-ml\/#primaryimage"},"thumbnailUrl":"https:\/\/www.facecorner.lv\/wp-content\/uploads\/2025\/05\/anua-azelaic-acid-10-hyaluron-redness-soothing-serum_8809640737190_DarBeauty.webp","datePublished":"2025-05-05T18:20:29+00:00","dateModified":"2026-02-11T11:43:36+00:00","description":"Anua Azelaic Acid 10 Hyaluron Redness Soothing Serum nomierino\u0161s serums efekt\u012bvi \u0101rst\u0113 p\u016bt\u012btes, melnos punktus un p\u016bt\u012btes, nov\u0113r\u0161 iekaisuma c\u0113loni.","breadcrumb":{"@id":"https:\/\/www.facecorner.lv\/shop\/anua-azelaic-acid-10-hyaluron-redness-soothing-serum-30-ml\/#breadcrumb"},"inLanguage":"lv-LV","potentialAction":[{"@type":"ReadAction","target":["https:\/\/www.facecorner.lv\/shop\/anua-azelaic-acid-10-hyaluron-redness-soothing-serum-30-ml\/"]}]},{"@type":"ImageObject","inLanguage":"lv-LV","@id":"https:\/\/www.facecorner.lv\/shop\/anua-azelaic-acid-10-hyaluron-redness-soothing-serum-30-ml\/#primaryimage","url":"https:\/\/www.facecorner.lv\/wp-content\/uploads\/2025\/05\/anua-azelaic-acid-10-hyaluron-redness-soothing-serum_8809640737190_DarBeauty.webp","contentUrl":"https:\/\/www.facecorner.lv\/wp-content\/uploads\/2025\/05\/anua-azelaic-acid-10-hyaluron-redness-soothing-serum_8809640737190_DarBeauty.webp","width":1080,"height":1080,"caption":"Anua Azelaic Acid 10 Hyaluron Redness Soothing Serum 30 ml"},{"@type":"BreadcrumbList","@id":"https:\/\/www.facecorner.lv\/shop\/anua-azelaic-acid-10-hyaluron-redness-soothing-serum-30-ml\/#breadcrumb","itemListElement":[{"@type":"ListItem","position":1,"name":"Home","item":"https:\/\/www.facecorner.lv\/"},{"@type":"ListItem","position":2,"name":"Veikals","item":"https:\/\/www.facecorner.lv\/shop\/"},{"@type":"ListItem","position":3,"name":"Anua Azelaic Acid 10 Hyaluron Redness Soothing Serum 30 ml"}]},{"@type":"WebSite","@id":"https:\/\/www.facecorner.lv\/#website","url":"https:\/\/www.facecorner.lv\/","name":"Facecorner","description":"","publisher":{"@id":"https:\/\/www.facecorner.lv\/#organization"},"potentialAction":[{"@type":"SearchAction","target":{"@type":"EntryPoint","urlTemplate":"https:\/\/www.facecorner.lv\/?s={search_term_string}"},"query-input":{"@type":"PropertyValueSpecification","valueRequired":true,"valueName":"search_term_string"}}],"inLanguage":"lv-LV"},{"@type":"Organization","@id":"https:\/\/www.facecorner.lv\/#organization","name":"Facecorner","url":"https:\/\/www.facecorner.lv\/","logo":{"@type":"ImageObject","inLanguage":"lv-LV","@id":"https:\/\/www.facecorner.lv\/#\/schema\/logo\/image\/","url":"https:\/\/www.facecorner.lv\/wp-content\/uploads\/2024\/04\/fc-logo.jpg","contentUrl":"https:\/\/www.facecorner.lv\/wp-content\/uploads\/2024\/04\/fc-logo.jpg","width":174,"height":28,"caption":"Facecorner"},"image":{"@id":"https:\/\/www.facecorner.lv\/#\/schema\/logo\/image\/"},"sameAs":["https:\/\/www.facebook.com\/profile.php?id=100063824551839","https:\/\/www.instagram.com\/facecorner_shop\/"]}]},"product_price_amount":"25.50","product_price_currency":"EUR","og_availability":"out of stock","product_availability":"out of stock","product_condition":"new"},"_links":{"self":[{"href":"https:\/\/www.facecorner.lv\/lv\/wp-json\/wp\/v2\/product\/24202","targetHints":{"allow":["GET"]}}],"collection":[{"href":"https:\/\/www.facecorner.lv\/lv\/wp-json\/wp\/v2\/product"}],"about":[{"href":"https:\/\/www.facecorner.lv\/lv\/wp-json\/wp\/v2\/types\/product"}],"replies":[{"embeddable":true,"href":"https:\/\/www.facecorner.lv\/lv\/wp-json\/wp\/v2\/comments?post=24202"}],"wp:featuredmedia":[{"embeddable":true,"href":"https:\/\/www.facecorner.lv\/lv\/wp-json\/wp\/v2\/media\/24205"}],"wp:attachment":[{"href":"https:\/\/www.facecorner.lv\/lv\/wp-json\/wp\/v2\/media?parent=24202"}],"wp:term":[{"taxonomy":"product_brand","embeddable":true,"href":"https:\/\/www.facecorner.lv\/lv\/wp-json\/wp\/v2\/product_brand?post=24202"},{"taxonomy":"product_cat","embeddable":true,"href":"https:\/\/www.facecorner.lv\/lv\/wp-json\/wp\/v2\/product_cat?post=24202"},{"taxonomy":"product_tag","embeddable":true,"href":"https:\/\/www.facecorner.lv\/lv\/wp-json\/wp\/v2\/product_tag?post=24202"},{"taxonomy":"berocket_brand","embeddable":true,"href":"https:\/\/www.facecorner.lv\/lv\/wp-json\/wp\/v2\/berocket_brand?post=24202"}],"curies":[{"name":"wp","href":"https:\/\/api.w.org\/{rel}","templated":true}]}}