{"id":24194,"date":"2025-05-05T21:10:37","date_gmt":"2025-05-05T18:10:37","guid":{"rendered":"https:\/\/www.facecorner.lv\/?post_type=product&#038;p=24194"},"modified":"2025-05-10T11:19:25","modified_gmt":"2025-05-10T08:19:25","slug":"avajar-perfect-v-lifting-premium-mask","status":"publish","type":"product","link":"https:\/\/www.facecorner.lv\/lv\/shop\/avajar-perfect-v-lifting-premium-mask\/","title":{"rendered":"Avajar Perfect V Lifting Premium Mask"},"content":{"rendered":"<p>Avajar Perfect V Lifting Premium Maskir veidota no \u012bpa\u0161a auduma, kas cie\u0161i piegu\u013c un pal\u012bdz veidot v\u0113lamo zoda formu, un ir piepild\u012bta ar \u0101du pacil\u0101jo\u0161u kofe\u012bna, glauc\u012bna, PPC un citu greznu uzturvielu esenci.<\/p>\n<p>\u0160\u012bs sast\u0101vda\u013cas pal\u012bdz\u0113s izveidot perfektu zoda V l\u012bniju. Maskai ir ar esenci pies\u016bcin\u0101ts gela sl\u0101nis, kas nodro\u0161ina, ka esence neizpl\u016bst un nenok\u016bst no maskas. Proced\u016bra m\u0101jas apst\u0101k\u013cos aiz\u0146em tikai 20 min\u016btes.<\/p>\n<p><strong>K\u0101 lietot:<\/strong> Atveriet un no\u0146emiet aizsargpl\u0113vi. P\u0113c maskas izstiep\u0161anas novietojiet zoda paliktni uz maskas vidusda\u013cas. Novietojot zodu pa vidu, nostipriniet masku aiz aus\u012bm.<\/p>\n<p>P\u0113c lieto\u0161anas (masku ieteicams n\u0113s\u0101t vienu l\u012bdz divas stundas) viegli iemas\u0113jiet abus vaigus. Vienu masku var lietot l\u012bdz div\u0101m reiz\u0113m, p\u0113c lieto\u0161anas uzlieciet pl\u0113vi uz hidrog\u0113la sl\u0101\u0146a un ievietojiet masku atpaka\u013c maisi\u0146\u0101.<\/p>\n<p>Atv\u0113rtu masku ieteicams uzglab\u0101t ledusskap\u012b.<br \/>\nJa, uzliekot masku ausu zon\u0101, j\u016btat diskomfortu, tas noz\u012bm\u0113, ka maska nav pietiekami izstiepta.<\/p>\n","protected":false},"excerpt":{"rendered":"<p>Avajar Perfect V Lifting Premium Maskir veidota no \u012bpa\u0161a auduma, kas cie\u0161i piegu\u013c un pal\u012bdz veidot v\u0113lamo zoda formu, un ir piepild\u012bta ar \u0101du pacil\u0101jo\u0161u kofe\u012bna, glauc\u012bna, PPC un citu greznu uzturvielu esenci.<\/p>\n","protected":false},"featured_media":24195,"comment_status":"open","ping_status":"closed","template":"","meta":{"site-sidebar-layout":"default","site-content-layout":"","ast-site-content-layout":"default","site-content-style":"default","site-sidebar-style":"default","ast-global-header-display":"","ast-banner-title-visibility":"","ast-main-header-display":"","ast-hfb-above-header-display":"","ast-hfb-below-header-display":"","ast-hfb-mobile-header-display":"","site-post-title":"","ast-breadcrumbs-content":"","ast-featured-img":"","footer-sml-layout":"","theme-transparent-header-meta":"default","adv-header-id-meta":"","stick-header-meta":"","header-above-stick-meta":"","header-main-stick-meta":"","header-below-stick-meta":"","astra-migrate-meta-layouts":"set","ast-page-background-enabled":"default","ast-page-background-meta":{"desktop":{"background-color":"var(--ast-global-color-4)","background-image":"","background-repeat":"repeat","background-position":"center center","background-size":"auto","background-attachment":"scroll","background-type":"","background-media":"","overlay-type":"","overlay-color":"","overlay-opacity":"","overlay-gradient":""},"tablet":{"background-color":"","background-image":"","background-repeat":"repeat","background-position":"center center","background-size":"auto","background-attachment":"scroll","background-type":"","background-media":"","overlay-type":"","overlay-color":"","overlay-opacity":"","overlay-gradient":""},"mobile":{"background-color":"","background-image":"","background-repeat":"repeat","background-position":"center center","background-size":"auto","background-attachment":"scroll","background-type":"","background-media":"","overlay-type":"","overlay-color":"","overlay-opacity":"","overlay-gradient":""}},"ast-content-background-meta":{"desktop":{"background-color":"var(--ast-global-color-5)","background-image":"","background-repeat":"repeat","background-position":"center center","background-size":"auto","background-attachment":"scroll","background-type":"","background-media":"","overlay-type":"","overlay-color":"","overlay-opacity":"","overlay-gradient":""},"tablet":{"background-color":"var(--ast-global-color-5)","background-image":"","background-repeat":"repeat","background-position":"center center","background-size":"auto","background-attachment":"scroll","background-type":"","background-media":"","overlay-type":"","overlay-color":"","overlay-opacity":"","overlay-gradient":""},"mobile":{"background-color":"var(--ast-global-color-5)","background-image":"","background-repeat":"repeat","background-position":"center center","background-size":"auto","background-attachment":"scroll","background-type":"","background-media":"","overlay-type":"","overlay-color":"","overlay-opacity":"","overlay-gradient":""}}},"product_brand":[],"product_cat":[511,324,315,322,307],"product_tag":[],"berocket_brand":[632],"class_list":{"0":"post-24194","1":"product","2":"type-product","3":"status-publish","4":"has-post-thumbnail","6":"product_cat-atlaides","7":"product_cat-auduma","8":"product_cat-maskas","9":"product_cat-nakts","10":"product_cat-sejai","11":"berocket_brand-avajar","12":"desktop-align-left","13":"tablet-align-left","14":"mobile-align-left","16":"first","17":"outofstock","18":"sale","19":"taxable","20":"shipping-taxable","21":"purchasable","22":"product-type-simple","23":"add-to-wishlist-before_image"},"yoast_head":"<!-- This site is optimized with the Yoast SEO plugin v27.3 - https:\/\/yoast.com\/product\/yoast-seo-wordpress\/ -->\n<title>Avajar Perfect V Lifting Premium Mask - FACECORNER<\/title>\n<meta name=\"description\" content=\"Avajar Perfect V Lifting Premium Maskir veidota no \u012bpa\u0161a auduma, kas cie\u0161i piegu\u013c un pal\u012bdz veidot v\u0113lamo zoda formu, piepild\u012bta ar \u0101du pacil\u0101jo\u0161u kofe\u012bna\" \/>\n<meta name=\"robots\" content=\"index, follow, max-snippet:-1, max-image-preview:large, max-video-preview:-1\" \/>\n<link rel=\"canonical\" href=\"https:\/\/www.facecorner.lv\/lv\/shop\/avajar-perfect-v-lifting-premium-mask\/\" \/>\n<meta property=\"og:locale\" content=\"lv_LV\" \/>\n<meta property=\"og:type\" content=\"article\" \/>\n<meta property=\"og:title\" content=\"Avajar Perfect V Lifting Premium Mask - FACECORNER\" \/>\n<meta property=\"og:description\" content=\"Avajar Perfect V Lifting Premium Maskir veidota no \u012bpa\u0161a auduma, kas cie\u0161i piegu\u013c un pal\u012bdz veidot v\u0113lamo zoda formu, piepild\u012bta ar \u0101du pacil\u0101jo\u0161u kofe\u012bna\" \/>\n<meta property=\"og:url\" content=\"https:\/\/www.facecorner.lv\/lv\/shop\/avajar-perfect-v-lifting-premium-mask\/\" \/>\n<meta property=\"og:site_name\" content=\"FACECORNER\" \/>\n<meta property=\"article:publisher\" content=\"https:\/\/www.facebook.com\/profile.php?id=100063824551839\" \/>\n<meta property=\"article:modified_time\" content=\"2025-05-10T08:19:25+00:00\" \/>\n<meta property=\"og:image\" content=\"https:\/\/www.facecorner.lv\/wp-content\/uploads\/2025\/05\/3149.webp\" \/>\n\t<meta property=\"og:image:width\" content=\"653\" \/>\n\t<meta property=\"og:image:height\" content=\"900\" \/>\n\t<meta property=\"og:image:type\" content=\"image\/webp\" \/>\n<meta name=\"twitter:card\" content=\"summary_large_image\" \/>\n<meta name=\"twitter:label1\" content=\"Price\" \/>\n\t<meta name=\"twitter:data1\" content=\"&euro;5.45\" \/>\n\t<meta name=\"twitter:label2\" content=\"Availability\" \/>\n\t<meta name=\"twitter:data2\" content=\"Out of stock\" \/>\n<script type=\"application\/ld+json\" class=\"yoast-schema-graph\">{\"@context\":\"https:\\\/\\\/schema.org\",\"@graph\":[{\"@type\":\"WebPage\",\"@id\":\"https:\\\/\\\/www.facecorner.lv\\\/shop\\\/avajar-perfect-v-lifting-premium-mask\\\/\",\"url\":\"https:\\\/\\\/www.facecorner.lv\\\/shop\\\/avajar-perfect-v-lifting-premium-mask\\\/\",\"name\":\"Avajar Perfect V Lifting Premium Mask - FACECORNER\",\"isPartOf\":{\"@id\":\"https:\\\/\\\/www.facecorner.lv\\\/#website\"},\"primaryImageOfPage\":{\"@id\":\"https:\\\/\\\/www.facecorner.lv\\\/shop\\\/avajar-perfect-v-lifting-premium-mask\\\/#primaryimage\"},\"image\":{\"@id\":\"https:\\\/\\\/www.facecorner.lv\\\/shop\\\/avajar-perfect-v-lifting-premium-mask\\\/#primaryimage\"},\"thumbnailUrl\":\"https:\\\/\\\/www.facecorner.lv\\\/wp-content\\\/uploads\\\/2025\\\/05\\\/3149.webp\",\"datePublished\":\"2025-05-05T18:10:37+00:00\",\"dateModified\":\"2025-05-10T08:19:25+00:00\",\"description\":\"Avajar Perfect V Lifting Premium Maskir veidota no \u012bpa\u0161a auduma, kas cie\u0161i piegu\u013c un pal\u012bdz veidot v\u0113lamo zoda formu, piepild\u012bta ar \u0101du pacil\u0101jo\u0161u kofe\u012bna\",\"breadcrumb\":{\"@id\":\"https:\\\/\\\/www.facecorner.lv\\\/shop\\\/avajar-perfect-v-lifting-premium-mask\\\/#breadcrumb\"},\"inLanguage\":\"lv-LV\",\"potentialAction\":[{\"@type\":\"ReadAction\",\"target\":[\"https:\\\/\\\/www.facecorner.lv\\\/shop\\\/avajar-perfect-v-lifting-premium-mask\\\/\"]}]},{\"@type\":\"ImageObject\",\"inLanguage\":\"lv-LV\",\"@id\":\"https:\\\/\\\/www.facecorner.lv\\\/shop\\\/avajar-perfect-v-lifting-premium-mask\\\/#primaryimage\",\"url\":\"https:\\\/\\\/www.facecorner.lv\\\/wp-content\\\/uploads\\\/2025\\\/05\\\/3149.webp\",\"contentUrl\":\"https:\\\/\\\/www.facecorner.lv\\\/wp-content\\\/uploads\\\/2025\\\/05\\\/3149.webp\",\"width\":653,\"height\":900,\"caption\":\"Avajar Perfect V Lifting Premium Mask\"},{\"@type\":\"BreadcrumbList\",\"@id\":\"https:\\\/\\\/www.facecorner.lv\\\/shop\\\/avajar-perfect-v-lifting-premium-mask\\\/#breadcrumb\",\"itemListElement\":[{\"@type\":\"ListItem\",\"position\":1,\"name\":\"Home\",\"item\":\"https:\\\/\\\/www.facecorner.lv\\\/\"},{\"@type\":\"ListItem\",\"position\":2,\"name\":\"Veikals\",\"item\":\"https:\\\/\\\/www.facecorner.lv\\\/shop\\\/\"},{\"@type\":\"ListItem\",\"position\":3,\"name\":\"Avajar Perfect V Lifting Premium Mask\"}]},{\"@type\":\"WebSite\",\"@id\":\"https:\\\/\\\/www.facecorner.lv\\\/#website\",\"url\":\"https:\\\/\\\/www.facecorner.lv\\\/\",\"name\":\"Facecorner\",\"description\":\"\",\"publisher\":{\"@id\":\"https:\\\/\\\/www.facecorner.lv\\\/#organization\"},\"potentialAction\":[{\"@type\":\"SearchAction\",\"target\":{\"@type\":\"EntryPoint\",\"urlTemplate\":\"https:\\\/\\\/www.facecorner.lv\\\/?s={search_term_string}\"},\"query-input\":{\"@type\":\"PropertyValueSpecification\",\"valueRequired\":true,\"valueName\":\"search_term_string\"}}],\"inLanguage\":\"lv-LV\"},{\"@type\":\"Organization\",\"@id\":\"https:\\\/\\\/www.facecorner.lv\\\/#organization\",\"name\":\"Facecorner\",\"url\":\"https:\\\/\\\/www.facecorner.lv\\\/\",\"logo\":{\"@type\":\"ImageObject\",\"inLanguage\":\"lv-LV\",\"@id\":\"https:\\\/\\\/www.facecorner.lv\\\/#\\\/schema\\\/logo\\\/image\\\/\",\"url\":\"https:\\\/\\\/www.facecorner.lv\\\/wp-content\\\/uploads\\\/2024\\\/04\\\/fc-logo.jpg\",\"contentUrl\":\"https:\\\/\\\/www.facecorner.lv\\\/wp-content\\\/uploads\\\/2024\\\/04\\\/fc-logo.jpg\",\"width\":174,\"height\":28,\"caption\":\"Facecorner\"},\"image\":{\"@id\":\"https:\\\/\\\/www.facecorner.lv\\\/#\\\/schema\\\/logo\\\/image\\\/\"},\"sameAs\":[\"https:\\\/\\\/www.facebook.com\\\/profile.php?id=100063824551839\",\"https:\\\/\\\/www.instagram.com\\\/facecorner_shop\\\/\"]}]}<\/script>\n<meta property=\"product:price:amount\" content=\"5.45\" \/>\n<meta property=\"product:price:currency\" content=\"EUR\" \/>\n<meta property=\"og:availability\" content=\"out of stock\" \/>\n<meta property=\"product:availability\" content=\"out of stock\" \/>\n<meta property=\"product:condition\" content=\"new\" \/>\n<!-- \/ Yoast SEO plugin. -->","yoast_head_json":{"title":"Avajar Perfect V Lifting Premium Mask - FACECORNER","description":"Avajar Perfect V Lifting Premium Maskir veidota no \u012bpa\u0161a auduma, kas cie\u0161i piegu\u013c un pal\u012bdz veidot v\u0113lamo zoda formu, piepild\u012bta ar \u0101du pacil\u0101jo\u0161u kofe\u012bna","robots":{"index":"index","follow":"follow","max-snippet":"max-snippet:-1","max-image-preview":"max-image-preview:large","max-video-preview":"max-video-preview:-1"},"canonical":"https:\/\/www.facecorner.lv\/lv\/shop\/avajar-perfect-v-lifting-premium-mask\/","og_locale":"lv_LV","og_type":"article","og_title":"Avajar Perfect V Lifting Premium Mask - FACECORNER","og_description":"Avajar Perfect V Lifting Premium Maskir veidota no \u012bpa\u0161a auduma, kas cie\u0161i piegu\u013c un pal\u012bdz veidot v\u0113lamo zoda formu, piepild\u012bta ar \u0101du pacil\u0101jo\u0161u kofe\u012bna","og_url":"https:\/\/www.facecorner.lv\/lv\/shop\/avajar-perfect-v-lifting-premium-mask\/","og_site_name":"FACECORNER","article_publisher":"https:\/\/www.facebook.com\/profile.php?id=100063824551839","article_modified_time":"2025-05-10T08:19:25+00:00","og_image":[{"width":653,"height":900,"url":"https:\/\/www.facecorner.lv\/wp-content\/uploads\/2025\/05\/3149.webp","type":"image\/webp"}],"twitter_card":"summary_large_image","twitter_misc":{"Price":"&euro;5.45","Availability":"Out of stock"},"schema":{"@context":"https:\/\/schema.org","@graph":[{"@type":"WebPage","@id":"https:\/\/www.facecorner.lv\/shop\/avajar-perfect-v-lifting-premium-mask\/","url":"https:\/\/www.facecorner.lv\/shop\/avajar-perfect-v-lifting-premium-mask\/","name":"Avajar Perfect V Lifting Premium Mask - FACECORNER","isPartOf":{"@id":"https:\/\/www.facecorner.lv\/#website"},"primaryImageOfPage":{"@id":"https:\/\/www.facecorner.lv\/shop\/avajar-perfect-v-lifting-premium-mask\/#primaryimage"},"image":{"@id":"https:\/\/www.facecorner.lv\/shop\/avajar-perfect-v-lifting-premium-mask\/#primaryimage"},"thumbnailUrl":"https:\/\/www.facecorner.lv\/wp-content\/uploads\/2025\/05\/3149.webp","datePublished":"2025-05-05T18:10:37+00:00","dateModified":"2025-05-10T08:19:25+00:00","description":"Avajar Perfect V Lifting Premium Maskir veidota no \u012bpa\u0161a auduma, kas cie\u0161i piegu\u013c un pal\u012bdz veidot v\u0113lamo zoda formu, piepild\u012bta ar \u0101du pacil\u0101jo\u0161u kofe\u012bna","breadcrumb":{"@id":"https:\/\/www.facecorner.lv\/shop\/avajar-perfect-v-lifting-premium-mask\/#breadcrumb"},"inLanguage":"lv-LV","potentialAction":[{"@type":"ReadAction","target":["https:\/\/www.facecorner.lv\/shop\/avajar-perfect-v-lifting-premium-mask\/"]}]},{"@type":"ImageObject","inLanguage":"lv-LV","@id":"https:\/\/www.facecorner.lv\/shop\/avajar-perfect-v-lifting-premium-mask\/#primaryimage","url":"https:\/\/www.facecorner.lv\/wp-content\/uploads\/2025\/05\/3149.webp","contentUrl":"https:\/\/www.facecorner.lv\/wp-content\/uploads\/2025\/05\/3149.webp","width":653,"height":900,"caption":"Avajar Perfect V Lifting Premium Mask"},{"@type":"BreadcrumbList","@id":"https:\/\/www.facecorner.lv\/shop\/avajar-perfect-v-lifting-premium-mask\/#breadcrumb","itemListElement":[{"@type":"ListItem","position":1,"name":"Home","item":"https:\/\/www.facecorner.lv\/"},{"@type":"ListItem","position":2,"name":"Veikals","item":"https:\/\/www.facecorner.lv\/shop\/"},{"@type":"ListItem","position":3,"name":"Avajar Perfect V Lifting Premium Mask"}]},{"@type":"WebSite","@id":"https:\/\/www.facecorner.lv\/#website","url":"https:\/\/www.facecorner.lv\/","name":"Facecorner","description":"","publisher":{"@id":"https:\/\/www.facecorner.lv\/#organization"},"potentialAction":[{"@type":"SearchAction","target":{"@type":"EntryPoint","urlTemplate":"https:\/\/www.facecorner.lv\/?s={search_term_string}"},"query-input":{"@type":"PropertyValueSpecification","valueRequired":true,"valueName":"search_term_string"}}],"inLanguage":"lv-LV"},{"@type":"Organization","@id":"https:\/\/www.facecorner.lv\/#organization","name":"Facecorner","url":"https:\/\/www.facecorner.lv\/","logo":{"@type":"ImageObject","inLanguage":"lv-LV","@id":"https:\/\/www.facecorner.lv\/#\/schema\/logo\/image\/","url":"https:\/\/www.facecorner.lv\/wp-content\/uploads\/2024\/04\/fc-logo.jpg","contentUrl":"https:\/\/www.facecorner.lv\/wp-content\/uploads\/2024\/04\/fc-logo.jpg","width":174,"height":28,"caption":"Facecorner"},"image":{"@id":"https:\/\/www.facecorner.lv\/#\/schema\/logo\/image\/"},"sameAs":["https:\/\/www.facebook.com\/profile.php?id=100063824551839","https:\/\/www.instagram.com\/facecorner_shop\/"]}]},"product_price_amount":"5.45","product_price_currency":"EUR","og_availability":"out of stock","product_availability":"out of stock","product_condition":"new"},"_links":{"self":[{"href":"https:\/\/www.facecorner.lv\/lv\/wp-json\/wp\/v2\/product\/24194","targetHints":{"allow":["GET"]}}],"collection":[{"href":"https:\/\/www.facecorner.lv\/lv\/wp-json\/wp\/v2\/product"}],"about":[{"href":"https:\/\/www.facecorner.lv\/lv\/wp-json\/wp\/v2\/types\/product"}],"replies":[{"embeddable":true,"href":"https:\/\/www.facecorner.lv\/lv\/wp-json\/wp\/v2\/comments?post=24194"}],"wp:featuredmedia":[{"embeddable":true,"href":"https:\/\/www.facecorner.lv\/lv\/wp-json\/wp\/v2\/media\/24195"}],"wp:attachment":[{"href":"https:\/\/www.facecorner.lv\/lv\/wp-json\/wp\/v2\/media?parent=24194"}],"wp:term":[{"taxonomy":"product_brand","embeddable":true,"href":"https:\/\/www.facecorner.lv\/lv\/wp-json\/wp\/v2\/product_brand?post=24194"},{"taxonomy":"product_cat","embeddable":true,"href":"https:\/\/www.facecorner.lv\/lv\/wp-json\/wp\/v2\/product_cat?post=24194"},{"taxonomy":"product_tag","embeddable":true,"href":"https:\/\/www.facecorner.lv\/lv\/wp-json\/wp\/v2\/product_tag?post=24194"},{"taxonomy":"berocket_brand","embeddable":true,"href":"https:\/\/www.facecorner.lv\/lv\/wp-json\/wp\/v2\/berocket_brand?post=24194"}],"curies":[{"name":"wp","href":"https:\/\/api.w.org\/{rel}","templated":true}]}}