{"id":24161,"date":"2025-05-05T16:23:33","date_gmt":"2025-05-05T13:23:33","guid":{"rendered":"https:\/\/www.facecorner.lv\/?post_type=product&#038;p=24161"},"modified":"2026-02-23T22:39:34","modified_gmt":"2026-02-23T19:39:34","slug":"eqqualberry-vitamin-illuminating-serum-30ml","status":"publish","type":"product","link":"https:\/\/www.facecorner.lv\/lv\/shop\/eqqualberry-vitamin-illuminating-serum-30ml\/","title":{"rendered":"EQQUALBERRY Vitamin Illuminating Serum 30ml"},"content":{"rendered":"<p>EQQUALBERRY Vitamin Illuminating Serum vitam\u012bnu izgaismojo\u0161u serumu.\u0160is vieglais serums, kas bag\u0101tin\u0101ts ar sp\u0113c\u012bgiem antioksidantiem un vitam\u012bniem, izgaismo bl\u0101vu, noguru\u0161u \u0101du un izl\u012bdzina \u0101das toni.<\/p>\n<p>Bag\u0101ts ar mitrino\u0161\u0101m un barojo\u0161\u0101m sast\u0101vda\u013c\u0101m, tas pal\u012bdz samazin\u0101t tum\u0161os plankumus, uzlabo \u0101das strukt\u016bru un pie\u0161\u0137ir sejai mirdzumu un svaigumu.<\/p>\n<p><strong>Ide\u0101li piem\u0113rots ikdienas lieto\u0161anai, \u0161is serums ir neaizst\u0101jams tiem, kas v\u0113las ieg\u016bt dabisku, vesel\u012bgu mirdzumu.<\/strong><\/p>\n<ul>\n<li>\u00a0Atjauno un atjauno mirdzumu noguru\u0161ai, bl\u0101vai \u0101dai.<\/li>\n<li>pal\u012bdz samazin\u0101t hiperpigment\u0101ciju un izgaismot tum\u0161os plankumus.<\/li>\n<li>Mitrina un m\u012bkstina \u0101du, padarot t\u0101s tekst\u016bru glud\u0101ku.<\/li>\n<li>\u00a0Viegls un nemazg\u0101jo\u0161s, ide\u0101li piem\u0113rots sp\u012bduma un mitrin\u0101\u0161anas l\u012bdzsvaro\u0161anai.<\/li>\n<\/ul>\n<p>Izgaismo \u0101du: Bag\u0101tin\u0101ts ar vitam\u012bniem, kas uzlabo mirdzumu un mazina bl\u0101vumu.<br \/>\nIzl\u012bdzina \u0101das toni: izl\u012bdzina tum\u0161os plankumus un hiperpigment\u0101ciju, padarot sejas toni vienm\u0113r\u012bg\u0101ku.<br \/>\nMitrina un baro: Padzi\u013cin\u0101ti mitrina, padarot \u0101du maigu un elast\u012bgu.<br \/>\nBag\u0101ts ar antioksidantiem: Aizsarg\u0101 pret vides kait\u0113jumu un br\u012bvajiem radik\u0101\u013ciem.<br \/>\nViegla formula: \u0100tri ies\u016bcas, neradot lip\u012bguma vai smaguma saj\u016btu.<\/p>\n<p><strong>Lieto\u0161ana<\/strong>: Uzkl\u0101jiet 2-3 pilienus seruma uz pirkstu galiem vai tie\u0161i uz sejas.<br \/>\nMaigi iepampiniet serumu \u0101d\u0101, l\u012bdz tas piln\u012bb\u0101 ies\u016bcas.<br \/>\nUzkl\u0101jiet savu iecien\u012bt\u0101ko mitrino\u0161o l\u012bdzekli, lai saglab\u0101tu mitrumu.<br \/>\nLietojiet no r\u012bta un vakar\u0101. Optim\u0101lam rezult\u0101tam dienas laik\u0101 vienm\u0113r lietojiet saules aizsargkr\u0113mu.<\/p>\n<p><strong>S\u0101stavs:<\/strong> Malpighia Glabra (Acerola) Fruit Water, Water, Butylene Glycol, Glycerin, Cetyl Ethylhexanoate, Niacinamide, 1,2-Hexanediol, Arbutin, Hydrogenated Lecithin, Pentaerythrityl Tetrabehenate, Diethoxyethyl Succinate, Betaine, Ceramide NP, Hydroxyethyl Urea, Caprylic\/Capric Triglyceride, Melia Azadirachta Leaf Extract, Cetearyl Alcohol, Squalane, Melia Azadirachta Flower Extract, Panthenol, Curcuma Longa (Turmeric) Root Extract, Tocopherol, Carbomer, Butyrospermum Parkii (Shea) Butter, Tromethamine, Xanthan Gum, Allantoin, Ethylhexylglycerin, 2,3-Butanediol, Adenosine, Ocimum Sanctum Leaf Extract, Disodium Edta, Sodium Hyaluronate, Sodium Carboxymethyl Beta-Glucan, Corallina Officinalis Extract, Malpighia Glabra (Acerola) Fruit Extract, Glyceryl Stearate, Hydrolyzed Hyaluronic Acid, Hydrolyzed Sodium Hyaluronate, Hyaluronic Acid, Hydroxypropyltrimonium Hyaluronate, Potassium Hyaluronate, Rubus Fruticosus (Blackberry) Fruit Extract, Vaccinium Macrocarpon (Cranberry) Fruit Extract, Vaccinium Angustifolium (Blueberry) Fruit Extract, Rubus Idaeus (Raspberry) Fruit Extract, Sambucus Nigra Fruit Extract, Ceramide NS, Ceramide AS, Ceramide AP, Cholesterol, Ferulic Acid, Glutathione, Tranexamic Acid, 3-O-Ethyl Ascorbic Acid, Pentylene Glycol, Sodium Hyaluronate Crosspolymer, Sodium Acetylated Hyaluronate, Ceramide EOP<\/p>\n","protected":false},"excerpt":{"rendered":"<p>Ieg\u016bstiet starojo\u0161u \u0101du ar EQQUALBERRY Vitamin Illuminating Serum vitam\u012bnu izgaismojo\u0161u serumu.\u0160is vieglais serums, kas bag\u0101tin\u0101ts ar sp\u0113c\u012bgiem antioksidantiem un vitam\u012bniem, izgaismo bl\u0101vu, noguru\u0161u \u0101du un izl\u012bdzina \u0101das toni.<\/p>\n","protected":false},"featured_media":24162,"comment_status":"open","ping_status":"closed","template":"","meta":{"site-sidebar-layout":"default","site-content-layout":"","ast-site-content-layout":"default","site-content-style":"default","site-sidebar-style":"default","ast-global-header-display":"","ast-banner-title-visibility":"","ast-main-header-display":"","ast-hfb-above-header-display":"","ast-hfb-below-header-display":"","ast-hfb-mobile-header-display":"","site-post-title":"","ast-breadcrumbs-content":"","ast-featured-img":"","footer-sml-layout":"","theme-transparent-header-meta":"default","adv-header-id-meta":"","stick-header-meta":"","header-above-stick-meta":"","header-main-stick-meta":"","header-below-stick-meta":"","astra-migrate-meta-layouts":"set","ast-page-background-enabled":"default","ast-page-background-meta":{"desktop":{"background-color":"var(--ast-global-color-4)","background-image":"","background-repeat":"repeat","background-position":"center center","background-size":"auto","background-attachment":"scroll","background-type":"","background-media":"","overlay-type":"","overlay-color":"","overlay-opacity":"","overlay-gradient":""},"tablet":{"background-color":"","background-image":"","background-repeat":"repeat","background-position":"center center","background-size":"auto","background-attachment":"scroll","background-type":"","background-media":"","overlay-type":"","overlay-color":"","overlay-opacity":"","overlay-gradient":""},"mobile":{"background-color":"","background-image":"","background-repeat":"repeat","background-position":"center center","background-size":"auto","background-attachment":"scroll","background-type":"","background-media":"","overlay-type":"","overlay-color":"","overlay-opacity":"","overlay-gradient":""}},"ast-content-background-meta":{"desktop":{"background-color":"var(--ast-global-color-5)","background-image":"","background-repeat":"repeat","background-position":"center center","background-size":"auto","background-attachment":"scroll","background-type":"","background-media":"","overlay-type":"","overlay-color":"","overlay-opacity":"","overlay-gradient":""},"tablet":{"background-color":"var(--ast-global-color-5)","background-image":"","background-repeat":"repeat","background-position":"center center","background-size":"auto","background-attachment":"scroll","background-type":"","background-media":"","overlay-type":"","overlay-color":"","overlay-opacity":"","overlay-gradient":""},"mobile":{"background-color":"var(--ast-global-color-5)","background-image":"","background-repeat":"repeat","background-position":"center center","background-size":"auto","background-attachment":"scroll","background-type":"","background-media":"","overlay-type":"","overlay-color":"","overlay-opacity":"","overlay-gradient":""}}},"product_brand":[],"product_cat":[435],"product_tag":[],"berocket_brand":[631],"class_list":{"0":"post-24161","1":"product","2":"type-product","3":"status-publish","4":"has-post-thumbnail","6":"product_cat-jaunumi","7":"berocket_brand-eqqualberry","8":"desktop-align-left","9":"tablet-align-left","10":"mobile-align-left","12":"first","13":"outofstock","14":"taxable","15":"shipping-taxable","16":"purchasable","17":"product-type-simple","18":"add-to-wishlist-before_image"},"yoast_head":"<!-- This site is optimized with the Yoast SEO plugin v27.3 - https:\/\/yoast.com\/product\/yoast-seo-wordpress\/ -->\n<title>EQQUALBERRY Vitamin Illuminating Serum 30ml - FACECORNER<\/title>\n<meta name=\"description\" content=\"EQQUALBERRY Vitamin Illuminating Serum vitam\u012bnu izgaismojo\u0161u serumu.\u0160is vieglais serums, kas bag\u0101tin\u0101ts ar sp\u0113c\u012bgiem antioksidantiem un vitam\u012bniem\" \/>\n<meta name=\"robots\" content=\"index, follow, max-snippet:-1, max-image-preview:large, max-video-preview:-1\" \/>\n<link rel=\"canonical\" href=\"https:\/\/www.facecorner.lv\/lv\/shop\/eqqualberry-vitamin-illuminating-serum-30ml\/\" \/>\n<meta property=\"og:locale\" content=\"lv_LV\" \/>\n<meta property=\"og:type\" content=\"article\" \/>\n<meta property=\"og:title\" content=\"EQQUALBERRY Vitamin Illuminating Serum 30ml - FACECORNER\" \/>\n<meta property=\"og:description\" content=\"EQQUALBERRY Vitamin Illuminating Serum vitam\u012bnu izgaismojo\u0161u serumu.\u0160is vieglais serums, kas bag\u0101tin\u0101ts ar sp\u0113c\u012bgiem antioksidantiem un vitam\u012bniem\" \/>\n<meta property=\"og:url\" content=\"https:\/\/www.facecorner.lv\/lv\/shop\/eqqualberry-vitamin-illuminating-serum-30ml\/\" \/>\n<meta property=\"og:site_name\" content=\"FACECORNER\" \/>\n<meta property=\"article:publisher\" content=\"https:\/\/www.facebook.com\/profile.php?id=100063824551839\" \/>\n<meta property=\"article:modified_time\" content=\"2026-02-23T19:39:34+00:00\" \/>\n<meta property=\"og:image\" content=\"https:\/\/www.facecorner.lv\/wp-content\/uploads\/2025\/05\/eqqualberry-vitamin-illuminating-serum-64026217415039.webp\" \/>\n\t<meta property=\"og:image:width\" content=\"1500\" \/>\n\t<meta property=\"og:image:height\" content=\"1500\" \/>\n\t<meta property=\"og:image:type\" content=\"image\/webp\" \/>\n<meta name=\"twitter:card\" content=\"summary_large_image\" \/>\n<meta name=\"twitter:label1\" content=\"Price\" \/>\n\t<meta name=\"twitter:data1\" content=\"&euro;23.50\" \/>\n\t<meta name=\"twitter:label2\" content=\"Availability\" \/>\n\t<meta name=\"twitter:data2\" content=\"Out of stock\" \/>\n<script type=\"application\/ld+json\" class=\"yoast-schema-graph\">{\"@context\":\"https:\\\/\\\/schema.org\",\"@graph\":[{\"@type\":\"WebPage\",\"@id\":\"https:\\\/\\\/www.facecorner.lv\\\/shop\\\/eqqualberry-vitamin-illuminating-serum-30ml\\\/\",\"url\":\"https:\\\/\\\/www.facecorner.lv\\\/shop\\\/eqqualberry-vitamin-illuminating-serum-30ml\\\/\",\"name\":\"EQQUALBERRY Vitamin Illuminating Serum 30ml - FACECORNER\",\"isPartOf\":{\"@id\":\"https:\\\/\\\/www.facecorner.lv\\\/#website\"},\"primaryImageOfPage\":{\"@id\":\"https:\\\/\\\/www.facecorner.lv\\\/shop\\\/eqqualberry-vitamin-illuminating-serum-30ml\\\/#primaryimage\"},\"image\":{\"@id\":\"https:\\\/\\\/www.facecorner.lv\\\/shop\\\/eqqualberry-vitamin-illuminating-serum-30ml\\\/#primaryimage\"},\"thumbnailUrl\":\"https:\\\/\\\/www.facecorner.lv\\\/wp-content\\\/uploads\\\/2025\\\/05\\\/eqqualberry-vitamin-illuminating-serum-64026217415039.webp\",\"datePublished\":\"2025-05-05T13:23:33+00:00\",\"dateModified\":\"2026-02-23T19:39:34+00:00\",\"description\":\"EQQUALBERRY Vitamin Illuminating Serum vitam\u012bnu izgaismojo\u0161u serumu.\u0160is vieglais serums, kas bag\u0101tin\u0101ts ar sp\u0113c\u012bgiem antioksidantiem un vitam\u012bniem\",\"breadcrumb\":{\"@id\":\"https:\\\/\\\/www.facecorner.lv\\\/shop\\\/eqqualberry-vitamin-illuminating-serum-30ml\\\/#breadcrumb\"},\"inLanguage\":\"lv-LV\",\"potentialAction\":[{\"@type\":\"ReadAction\",\"target\":[\"https:\\\/\\\/www.facecorner.lv\\\/shop\\\/eqqualberry-vitamin-illuminating-serum-30ml\\\/\"]}]},{\"@type\":\"ImageObject\",\"inLanguage\":\"lv-LV\",\"@id\":\"https:\\\/\\\/www.facecorner.lv\\\/shop\\\/eqqualberry-vitamin-illuminating-serum-30ml\\\/#primaryimage\",\"url\":\"https:\\\/\\\/www.facecorner.lv\\\/wp-content\\\/uploads\\\/2025\\\/05\\\/eqqualberry-vitamin-illuminating-serum-64026217415039.webp\",\"contentUrl\":\"https:\\\/\\\/www.facecorner.lv\\\/wp-content\\\/uploads\\\/2025\\\/05\\\/eqqualberry-vitamin-illuminating-serum-64026217415039.webp\",\"width\":1500,\"height\":1500,\"caption\":\"EQQUALBERRY Vitamin Illuminating Serum 30ml\"},{\"@type\":\"BreadcrumbList\",\"@id\":\"https:\\\/\\\/www.facecorner.lv\\\/shop\\\/eqqualberry-vitamin-illuminating-serum-30ml\\\/#breadcrumb\",\"itemListElement\":[{\"@type\":\"ListItem\",\"position\":1,\"name\":\"Home\",\"item\":\"https:\\\/\\\/www.facecorner.lv\\\/\"},{\"@type\":\"ListItem\",\"position\":2,\"name\":\"Veikals\",\"item\":\"https:\\\/\\\/www.facecorner.lv\\\/shop\\\/\"},{\"@type\":\"ListItem\",\"position\":3,\"name\":\"EQQUALBERRY Vitamin Illuminating Serum 30ml\"}]},{\"@type\":\"WebSite\",\"@id\":\"https:\\\/\\\/www.facecorner.lv\\\/#website\",\"url\":\"https:\\\/\\\/www.facecorner.lv\\\/\",\"name\":\"Facecorner\",\"description\":\"\",\"publisher\":{\"@id\":\"https:\\\/\\\/www.facecorner.lv\\\/#organization\"},\"potentialAction\":[{\"@type\":\"SearchAction\",\"target\":{\"@type\":\"EntryPoint\",\"urlTemplate\":\"https:\\\/\\\/www.facecorner.lv\\\/?s={search_term_string}\"},\"query-input\":{\"@type\":\"PropertyValueSpecification\",\"valueRequired\":true,\"valueName\":\"search_term_string\"}}],\"inLanguage\":\"lv-LV\"},{\"@type\":\"Organization\",\"@id\":\"https:\\\/\\\/www.facecorner.lv\\\/#organization\",\"name\":\"Facecorner\",\"url\":\"https:\\\/\\\/www.facecorner.lv\\\/\",\"logo\":{\"@type\":\"ImageObject\",\"inLanguage\":\"lv-LV\",\"@id\":\"https:\\\/\\\/www.facecorner.lv\\\/#\\\/schema\\\/logo\\\/image\\\/\",\"url\":\"https:\\\/\\\/www.facecorner.lv\\\/wp-content\\\/uploads\\\/2024\\\/04\\\/fc-logo.jpg\",\"contentUrl\":\"https:\\\/\\\/www.facecorner.lv\\\/wp-content\\\/uploads\\\/2024\\\/04\\\/fc-logo.jpg\",\"width\":174,\"height\":28,\"caption\":\"Facecorner\"},\"image\":{\"@id\":\"https:\\\/\\\/www.facecorner.lv\\\/#\\\/schema\\\/logo\\\/image\\\/\"},\"sameAs\":[\"https:\\\/\\\/www.facebook.com\\\/profile.php?id=100063824551839\",\"https:\\\/\\\/www.instagram.com\\\/facecorner_shop\\\/\"]}]}<\/script>\n<meta property=\"product:price:amount\" content=\"23.50\" \/>\n<meta property=\"product:price:currency\" content=\"EUR\" \/>\n<meta property=\"og:availability\" content=\"out of stock\" \/>\n<meta property=\"product:availability\" content=\"out of stock\" \/>\n<meta property=\"product:condition\" content=\"new\" \/>\n<!-- \/ Yoast SEO plugin. -->","yoast_head_json":{"title":"EQQUALBERRY Vitamin Illuminating Serum 30ml - FACECORNER","description":"EQQUALBERRY Vitamin Illuminating Serum vitam\u012bnu izgaismojo\u0161u serumu.\u0160is vieglais serums, kas bag\u0101tin\u0101ts ar sp\u0113c\u012bgiem antioksidantiem un vitam\u012bniem","robots":{"index":"index","follow":"follow","max-snippet":"max-snippet:-1","max-image-preview":"max-image-preview:large","max-video-preview":"max-video-preview:-1"},"canonical":"https:\/\/www.facecorner.lv\/lv\/shop\/eqqualberry-vitamin-illuminating-serum-30ml\/","og_locale":"lv_LV","og_type":"article","og_title":"EQQUALBERRY Vitamin Illuminating Serum 30ml - FACECORNER","og_description":"EQQUALBERRY Vitamin Illuminating Serum vitam\u012bnu izgaismojo\u0161u serumu.\u0160is vieglais serums, kas bag\u0101tin\u0101ts ar sp\u0113c\u012bgiem antioksidantiem un vitam\u012bniem","og_url":"https:\/\/www.facecorner.lv\/lv\/shop\/eqqualberry-vitamin-illuminating-serum-30ml\/","og_site_name":"FACECORNER","article_publisher":"https:\/\/www.facebook.com\/profile.php?id=100063824551839","article_modified_time":"2026-02-23T19:39:34+00:00","og_image":[{"width":1500,"height":1500,"url":"https:\/\/www.facecorner.lv\/wp-content\/uploads\/2025\/05\/eqqualberry-vitamin-illuminating-serum-64026217415039.webp","type":"image\/webp"}],"twitter_card":"summary_large_image","twitter_misc":{"Price":"&euro;23.50","Availability":"Out of stock"},"schema":{"@context":"https:\/\/schema.org","@graph":[{"@type":"WebPage","@id":"https:\/\/www.facecorner.lv\/shop\/eqqualberry-vitamin-illuminating-serum-30ml\/","url":"https:\/\/www.facecorner.lv\/shop\/eqqualberry-vitamin-illuminating-serum-30ml\/","name":"EQQUALBERRY Vitamin Illuminating Serum 30ml - FACECORNER","isPartOf":{"@id":"https:\/\/www.facecorner.lv\/#website"},"primaryImageOfPage":{"@id":"https:\/\/www.facecorner.lv\/shop\/eqqualberry-vitamin-illuminating-serum-30ml\/#primaryimage"},"image":{"@id":"https:\/\/www.facecorner.lv\/shop\/eqqualberry-vitamin-illuminating-serum-30ml\/#primaryimage"},"thumbnailUrl":"https:\/\/www.facecorner.lv\/wp-content\/uploads\/2025\/05\/eqqualberry-vitamin-illuminating-serum-64026217415039.webp","datePublished":"2025-05-05T13:23:33+00:00","dateModified":"2026-02-23T19:39:34+00:00","description":"EQQUALBERRY Vitamin Illuminating Serum vitam\u012bnu izgaismojo\u0161u serumu.\u0160is vieglais serums, kas bag\u0101tin\u0101ts ar sp\u0113c\u012bgiem antioksidantiem un vitam\u012bniem","breadcrumb":{"@id":"https:\/\/www.facecorner.lv\/shop\/eqqualberry-vitamin-illuminating-serum-30ml\/#breadcrumb"},"inLanguage":"lv-LV","potentialAction":[{"@type":"ReadAction","target":["https:\/\/www.facecorner.lv\/shop\/eqqualberry-vitamin-illuminating-serum-30ml\/"]}]},{"@type":"ImageObject","inLanguage":"lv-LV","@id":"https:\/\/www.facecorner.lv\/shop\/eqqualberry-vitamin-illuminating-serum-30ml\/#primaryimage","url":"https:\/\/www.facecorner.lv\/wp-content\/uploads\/2025\/05\/eqqualberry-vitamin-illuminating-serum-64026217415039.webp","contentUrl":"https:\/\/www.facecorner.lv\/wp-content\/uploads\/2025\/05\/eqqualberry-vitamin-illuminating-serum-64026217415039.webp","width":1500,"height":1500,"caption":"EQQUALBERRY Vitamin Illuminating Serum 30ml"},{"@type":"BreadcrumbList","@id":"https:\/\/www.facecorner.lv\/shop\/eqqualberry-vitamin-illuminating-serum-30ml\/#breadcrumb","itemListElement":[{"@type":"ListItem","position":1,"name":"Home","item":"https:\/\/www.facecorner.lv\/"},{"@type":"ListItem","position":2,"name":"Veikals","item":"https:\/\/www.facecorner.lv\/shop\/"},{"@type":"ListItem","position":3,"name":"EQQUALBERRY Vitamin Illuminating Serum 30ml"}]},{"@type":"WebSite","@id":"https:\/\/www.facecorner.lv\/#website","url":"https:\/\/www.facecorner.lv\/","name":"Facecorner","description":"","publisher":{"@id":"https:\/\/www.facecorner.lv\/#organization"},"potentialAction":[{"@type":"SearchAction","target":{"@type":"EntryPoint","urlTemplate":"https:\/\/www.facecorner.lv\/?s={search_term_string}"},"query-input":{"@type":"PropertyValueSpecification","valueRequired":true,"valueName":"search_term_string"}}],"inLanguage":"lv-LV"},{"@type":"Organization","@id":"https:\/\/www.facecorner.lv\/#organization","name":"Facecorner","url":"https:\/\/www.facecorner.lv\/","logo":{"@type":"ImageObject","inLanguage":"lv-LV","@id":"https:\/\/www.facecorner.lv\/#\/schema\/logo\/image\/","url":"https:\/\/www.facecorner.lv\/wp-content\/uploads\/2024\/04\/fc-logo.jpg","contentUrl":"https:\/\/www.facecorner.lv\/wp-content\/uploads\/2024\/04\/fc-logo.jpg","width":174,"height":28,"caption":"Facecorner"},"image":{"@id":"https:\/\/www.facecorner.lv\/#\/schema\/logo\/image\/"},"sameAs":["https:\/\/www.facebook.com\/profile.php?id=100063824551839","https:\/\/www.instagram.com\/facecorner_shop\/"]}]},"product_price_amount":"23.50","product_price_currency":"EUR","og_availability":"out of stock","product_availability":"out of stock","product_condition":"new"},"_links":{"self":[{"href":"https:\/\/www.facecorner.lv\/lv\/wp-json\/wp\/v2\/product\/24161","targetHints":{"allow":["GET"]}}],"collection":[{"href":"https:\/\/www.facecorner.lv\/lv\/wp-json\/wp\/v2\/product"}],"about":[{"href":"https:\/\/www.facecorner.lv\/lv\/wp-json\/wp\/v2\/types\/product"}],"replies":[{"embeddable":true,"href":"https:\/\/www.facecorner.lv\/lv\/wp-json\/wp\/v2\/comments?post=24161"}],"wp:featuredmedia":[{"embeddable":true,"href":"https:\/\/www.facecorner.lv\/lv\/wp-json\/wp\/v2\/media\/24162"}],"wp:attachment":[{"href":"https:\/\/www.facecorner.lv\/lv\/wp-json\/wp\/v2\/media?parent=24161"}],"wp:term":[{"taxonomy":"product_brand","embeddable":true,"href":"https:\/\/www.facecorner.lv\/lv\/wp-json\/wp\/v2\/product_brand?post=24161"},{"taxonomy":"product_cat","embeddable":true,"href":"https:\/\/www.facecorner.lv\/lv\/wp-json\/wp\/v2\/product_cat?post=24161"},{"taxonomy":"product_tag","embeddable":true,"href":"https:\/\/www.facecorner.lv\/lv\/wp-json\/wp\/v2\/product_tag?post=24161"},{"taxonomy":"berocket_brand","embeddable":true,"href":"https:\/\/www.facecorner.lv\/lv\/wp-json\/wp\/v2\/berocket_brand?post=24161"}],"curies":[{"name":"wp","href":"https:\/\/api.w.org\/{rel}","templated":true}]}}