{"id":24148,"date":"2025-05-03T14:48:40","date_gmt":"2025-05-03T11:48:40","guid":{"rendered":"https:\/\/www.facecorner.lv\/?post_type=product&#038;p=24148"},"modified":"2026-01-17T00:04:20","modified_gmt":"2026-01-16T21:04:20","slug":"eqqualberry-bakuchiol-plumping-serum-30ml","status":"publish","type":"product","link":"https:\/\/www.facecorner.lv\/lv\/shop\/eqqualberry-bakuchiol-plumping-serum-30ml\/","title":{"rendered":"EQQUALBERRY  Bakuchiol Plumping Serum 30ml"},"content":{"rendered":"<p>EQQUALBERRY Bakuchiol Plumping Serum\u00a0 serums, kura pamat\u0101 ir bakukiols, kas ir augu izcelsmes alternat\u012bva retinolam, izl\u012bdzina s\u012bk\u0101s grumbi\u0146as, uzlabo \u0101das tekst\u016bru un elast\u012bbu, neradot kairin\u0101jumu.<\/p>\n<p>Seruma sast\u0101v\u0101 eso\u0161ie antioksidanti un mitrino\u0161\u0101s sast\u0101vda\u013cas pie\u0161\u0137ir \u0101dai elast\u012bbu, jaun\u012bbu un mirdzumu.<br \/>\n<strong>\u0160is serums ir ide\u0101li piem\u0113rots visiem \u0101das tipiem, tostarp jut\u012bgai \u0101dai, un ir b\u016btisks l\u012bdzeklis, lai ieg\u016btu dabiski mirdzo\u0161u sejas kr\u0101su.<\/strong><\/p>\n<p><strong>Galven\u0101s priek\u0161roc\u012bbas:<\/strong><\/p>\n<ul>\n<li>Maiga alternat\u012bva retinolam: bakukiols izl\u012bdzina s\u012bk\u0101s grumbi\u0146as un uzlabo \u0101das tekst\u016bru, neradot sausumu vai kairin\u0101jumu.<\/li>\n<li>Uzlabo \u0101das tvirtumu: pal\u012bdz nostiprin\u0101t \u0101du un atjaunot t\u0101s jaun\u012bbu.<\/li>\n<li>Mitrino\u0161a formula: Padzi\u013cin\u0101ti mitrina un nostiepj \u0101du, pie\u0161\u0137irot tai starojo\u0161u mirdzumu.<\/li>\n<li>Antioksidantu aizsardz\u012bba: aizsarg\u0101 \u0101du no vides faktoriem, nov\u0113r\u0161ot priek\u0161laic\u012bgu noveco\u0161anos.<\/li>\n<li>Piem\u0113rots jut\u012bgai \u0101dai: dro\u0161s visiem \u0101das tipiem, ar\u012b tiem, kuriem ir nosliece uz kairin\u0101jumu.<\/li>\n<\/ul>\n<p><strong>Lieto\u0161ana:\u00a0<\/strong> Uzkl\u0101jiet 2-3 pilienus seruma uz pirkstu galiem vai tie\u0161i uz sejas. Uzkl\u0101jiet serumu uz sejas un viegli iemas\u0113jiet, l\u012bdz tas piln\u012bb\u0101 ies\u016bcas \u0101d\u0101.\u00a0Nosl\u0113dziet ar savu iecien\u012bt\u0101ko mitrino\u0161o kr\u0113mu, lai nodro\u0161in\u0101tu mitrin\u0101\u0161anu.<br \/>\nLietojiet no r\u012bta un vakar\u0101. Dienas laik\u0101 vienm\u0113r lietojiet saules aizsargkr\u0113mu.<\/p>\n<p><strong>S\u0101stavs:<\/strong> Aqua\/Water\/Eau, Butylene Glycol, Glycerin, Cetyl Ethylhexanoate, 1,2-Hexanediol, Niacinamide, Hydrogenated Lecithin, Pentaerythrityl Tetrabehenate, Diethoxyethyl Succinate, Betaine, Bakuchiol(5,000ppm), Ceramide NP, Melia Azadirachta Flower Extract, Hydroxyethyl Urea, Cetearyl Alcohol, Squalane, Coccinia Indica Fruit Extract, Panthenol, Carbomer, Butyrospermum Parkii (Shea) Butter, Tromethamine, Xanthan Gum, Allantoin, Ethylhexylglycerin, 2,3-Butanediol, Adenosine, Disodium EDTA, Lavandula Angustifolia (Lavender) Oil, Sodium Carboxymethyl Beta-Glucan, Glyceryl Stearate, Dipropylene Glycol, Citrus Aurantium Bergamia (Bergamot) Fruit Oil, Sodium Hyaluronate, Rubus Fruticosus (Blackberry) Fruit Extract, Vaccinium Macrocarpon (Cranberry) Fruit Extract, Vaccinium Angustifolium (Blueberry) Fruit Extract, Rubus Idaeus (Raspberry) Fruit Extract, Sambucus Nigra Fruit Extract, Sodium Lactate, Polyglyceryl-10 Laurate, Ceramide NS, Ceramide AS, Ceramide AP, Cholesterol, Salvia Officinalis (Sage) Oil, Polysorbate 20, Octyldodecanol, Polyglyceryl-4 Caprate, Methylpropanediol, Hydrolyzed Hyaluronic Acid, Hydrolyzed Sodium Hyaluronate, Hyaluronic Acid, Hydroxypropyltrimonium Hyaluronate, Potassium Hyaluronate, Astaxanthin, Pentylene Glycol, Sodium Hyaluronate Crosspolymer, Palmitoyl Tripeptide-1, Soluble Collagen, Sodium Acetylated Hyaluronate, Copper Tripeptide-1, Palmitoyl Tetrapeptide-7, Oligopeptide-32, Oligopeptide-29, Acetyl Hexapeptide-8, Ceramide EOP, Acetyl Tetrapeptide-2, Acetyl Tetrapeptide-3, Acetyl Octapeptide-3, Palmitoyl Pentapeptide-4, Oligopeptide-6, Hexapeptide-9, Nonapeptide-1, Limonene, Linalool<\/p>\n","protected":false},"excerpt":{"rendered":"<p>EQQUALBERRY Bakuchiol Plumping Serum\u00a0 serums, kura pamat\u0101 ir bakukiols, kas ir augu izcelsmes alternat\u012bva retinolam, izl\u012bdzina s\u012bk\u0101s grumbi\u0146as, uzlabo \u0101das tekst\u016bru un elast\u012bbu, neradot kairin\u0101jumu.<\/p>\n","protected":false},"featured_media":24149,"comment_status":"open","ping_status":"closed","template":"","meta":{"site-sidebar-layout":"default","site-content-layout":"","ast-site-content-layout":"default","site-content-style":"default","site-sidebar-style":"default","ast-global-header-display":"","ast-banner-title-visibility":"","ast-main-header-display":"","ast-hfb-above-header-display":"","ast-hfb-below-header-display":"","ast-hfb-mobile-header-display":"","site-post-title":"","ast-breadcrumbs-content":"","ast-featured-img":"","footer-sml-layout":"","theme-transparent-header-meta":"default","adv-header-id-meta":"","stick-header-meta":"","header-above-stick-meta":"","header-main-stick-meta":"","header-below-stick-meta":"","astra-migrate-meta-layouts":"set","ast-page-background-enabled":"default","ast-page-background-meta":{"desktop":{"background-color":"var(--ast-global-color-4)","background-image":"","background-repeat":"repeat","background-position":"center center","background-size":"auto","background-attachment":"scroll","background-type":"","background-media":"","overlay-type":"","overlay-color":"","overlay-opacity":"","overlay-gradient":""},"tablet":{"background-color":"","background-image":"","background-repeat":"repeat","background-position":"center center","background-size":"auto","background-attachment":"scroll","background-type":"","background-media":"","overlay-type":"","overlay-color":"","overlay-opacity":"","overlay-gradient":""},"mobile":{"background-color":"","background-image":"","background-repeat":"repeat","background-position":"center center","background-size":"auto","background-attachment":"scroll","background-type":"","background-media":"","overlay-type":"","overlay-color":"","overlay-opacity":"","overlay-gradient":""}},"ast-content-background-meta":{"desktop":{"background-color":"var(--ast-global-color-5)","background-image":"","background-repeat":"repeat","background-position":"center center","background-size":"auto","background-attachment":"scroll","background-type":"","background-media":"","overlay-type":"","overlay-color":"","overlay-opacity":"","overlay-gradient":""},"tablet":{"background-color":"var(--ast-global-color-5)","background-image":"","background-repeat":"repeat","background-position":"center center","background-size":"auto","background-attachment":"scroll","background-type":"","background-media":"","overlay-type":"","overlay-color":"","overlay-opacity":"","overlay-gradient":""},"mobile":{"background-color":"var(--ast-global-color-5)","background-image":"","background-repeat":"repeat","background-position":"center center","background-size":"auto","background-attachment":"scroll","background-type":"","background-media":"","overlay-type":"","overlay-color":"","overlay-opacity":"","overlay-gradient":""}}},"product_brand":[],"product_cat":[370,371,435,374,363],"product_tag":[],"berocket_brand":[631],"class_list":{"0":"post-24148","1":"product","2":"type-product","3":"status-publish","4":"has-post-thumbnail","6":"product_cat-adas-mirdzumam","7":"product_cat-anti-age","8":"product_cat-jaunumi","9":"product_cat-pret-pinnem","10":"product_cat-serumi","11":"berocket_brand-eqqualberry","12":"desktop-align-left","13":"tablet-align-left","14":"mobile-align-left","16":"first","17":"outofstock","18":"taxable","19":"shipping-taxable","20":"purchasable","21":"product-type-simple","22":"add-to-wishlist-before_image"},"yoast_head":"<!-- This site is optimized with the Yoast SEO plugin v27.3 - https:\/\/yoast.com\/product\/yoast-seo-wordpress\/ -->\n<title>EQQUALBERRY Bakuchiol Plumping Serum 30ml - FACECORNER<\/title>\n<meta name=\"description\" content=\"EQQUALBERRY Bakuchiol Plumping Serum\u00a0 serums, kura pamat\u0101 ir bakukiols, kas ir augu izcelsmes alternat\u012bva retinolam, izl\u012bdzina s\u012bk\u0101s grumbi\u0146as\" \/>\n<meta name=\"robots\" content=\"index, follow, max-snippet:-1, max-image-preview:large, max-video-preview:-1\" \/>\n<link rel=\"canonical\" href=\"https:\/\/www.facecorner.lv\/lv\/shop\/eqqualberry-bakuchiol-plumping-serum-30ml\/\" \/>\n<meta property=\"og:locale\" content=\"lv_LV\" \/>\n<meta property=\"og:type\" content=\"article\" \/>\n<meta property=\"og:title\" content=\"EQQUALBERRY Bakuchiol Plumping Serum 30ml - FACECORNER\" \/>\n<meta property=\"og:description\" content=\"EQQUALBERRY Bakuchiol Plumping Serum\u00a0 serums, kura pamat\u0101 ir bakukiols, kas ir augu izcelsmes alternat\u012bva retinolam, izl\u012bdzina s\u012bk\u0101s grumbi\u0146as\" \/>\n<meta property=\"og:url\" content=\"https:\/\/www.facecorner.lv\/lv\/shop\/eqqualberry-bakuchiol-plumping-serum-30ml\/\" \/>\n<meta property=\"og:site_name\" content=\"FACECORNER\" \/>\n<meta property=\"article:publisher\" content=\"https:\/\/www.facebook.com\/profile.php?id=100063824551839\" \/>\n<meta property=\"article:modified_time\" content=\"2026-01-16T21:04:20+00:00\" \/>\n<meta property=\"og:image\" content=\"https:\/\/www.facecorner.lv\/wp-content\/uploads\/2025\/05\/eqqualberry-bakuchiol-plumping-serum-64026209354111.webp\" \/>\n\t<meta property=\"og:image:width\" content=\"2560\" \/>\n\t<meta property=\"og:image:height\" content=\"2560\" \/>\n\t<meta property=\"og:image:type\" content=\"image\/webp\" \/>\n<meta name=\"twitter:card\" content=\"summary_large_image\" \/>\n<meta name=\"twitter:label1\" content=\"Price\" \/>\n\t<meta name=\"twitter:data1\" content=\"&euro;25.90\" \/>\n\t<meta name=\"twitter:label2\" content=\"Availability\" \/>\n\t<meta name=\"twitter:data2\" content=\"Out of stock\" \/>\n<script type=\"application\/ld+json\" class=\"yoast-schema-graph\">{\"@context\":\"https:\\\/\\\/schema.org\",\"@graph\":[{\"@type\":\"WebPage\",\"@id\":\"https:\\\/\\\/www.facecorner.lv\\\/shop\\\/eqqualberry-bakuchiol-plumping-serum-30ml\\\/\",\"url\":\"https:\\\/\\\/www.facecorner.lv\\\/shop\\\/eqqualberry-bakuchiol-plumping-serum-30ml\\\/\",\"name\":\"EQQUALBERRY Bakuchiol Plumping Serum 30ml - FACECORNER\",\"isPartOf\":{\"@id\":\"https:\\\/\\\/www.facecorner.lv\\\/#website\"},\"primaryImageOfPage\":{\"@id\":\"https:\\\/\\\/www.facecorner.lv\\\/shop\\\/eqqualberry-bakuchiol-plumping-serum-30ml\\\/#primaryimage\"},\"image\":{\"@id\":\"https:\\\/\\\/www.facecorner.lv\\\/shop\\\/eqqualberry-bakuchiol-plumping-serum-30ml\\\/#primaryimage\"},\"thumbnailUrl\":\"https:\\\/\\\/www.facecorner.lv\\\/wp-content\\\/uploads\\\/2025\\\/05\\\/eqqualberry-bakuchiol-plumping-serum-64026209354111.webp\",\"datePublished\":\"2025-05-03T11:48:40+00:00\",\"dateModified\":\"2026-01-16T21:04:20+00:00\",\"description\":\"EQQUALBERRY Bakuchiol Plumping Serum\u00a0 serums, kura pamat\u0101 ir bakukiols, kas ir augu izcelsmes alternat\u012bva retinolam, izl\u012bdzina s\u012bk\u0101s grumbi\u0146as\",\"breadcrumb\":{\"@id\":\"https:\\\/\\\/www.facecorner.lv\\\/shop\\\/eqqualberry-bakuchiol-plumping-serum-30ml\\\/#breadcrumb\"},\"inLanguage\":\"lv-LV\",\"potentialAction\":[{\"@type\":\"ReadAction\",\"target\":[\"https:\\\/\\\/www.facecorner.lv\\\/shop\\\/eqqualberry-bakuchiol-plumping-serum-30ml\\\/\"]}]},{\"@type\":\"ImageObject\",\"inLanguage\":\"lv-LV\",\"@id\":\"https:\\\/\\\/www.facecorner.lv\\\/shop\\\/eqqualberry-bakuchiol-plumping-serum-30ml\\\/#primaryimage\",\"url\":\"https:\\\/\\\/www.facecorner.lv\\\/wp-content\\\/uploads\\\/2025\\\/05\\\/eqqualberry-bakuchiol-plumping-serum-64026209354111.webp\",\"contentUrl\":\"https:\\\/\\\/www.facecorner.lv\\\/wp-content\\\/uploads\\\/2025\\\/05\\\/eqqualberry-bakuchiol-plumping-serum-64026209354111.webp\",\"width\":2560,\"height\":2560,\"caption\":\"EQQUALBERRY Bakuchiol Plumping Serum\"},{\"@type\":\"BreadcrumbList\",\"@id\":\"https:\\\/\\\/www.facecorner.lv\\\/shop\\\/eqqualberry-bakuchiol-plumping-serum-30ml\\\/#breadcrumb\",\"itemListElement\":[{\"@type\":\"ListItem\",\"position\":1,\"name\":\"Home\",\"item\":\"https:\\\/\\\/www.facecorner.lv\\\/\"},{\"@type\":\"ListItem\",\"position\":2,\"name\":\"Veikals\",\"item\":\"https:\\\/\\\/www.facecorner.lv\\\/shop\\\/\"},{\"@type\":\"ListItem\",\"position\":3,\"name\":\"EQQUALBERRY Bakuchiol Plumping Serum 30ml\"}]},{\"@type\":\"WebSite\",\"@id\":\"https:\\\/\\\/www.facecorner.lv\\\/#website\",\"url\":\"https:\\\/\\\/www.facecorner.lv\\\/\",\"name\":\"Facecorner\",\"description\":\"\",\"publisher\":{\"@id\":\"https:\\\/\\\/www.facecorner.lv\\\/#organization\"},\"potentialAction\":[{\"@type\":\"SearchAction\",\"target\":{\"@type\":\"EntryPoint\",\"urlTemplate\":\"https:\\\/\\\/www.facecorner.lv\\\/?s={search_term_string}\"},\"query-input\":{\"@type\":\"PropertyValueSpecification\",\"valueRequired\":true,\"valueName\":\"search_term_string\"}}],\"inLanguage\":\"lv-LV\"},{\"@type\":\"Organization\",\"@id\":\"https:\\\/\\\/www.facecorner.lv\\\/#organization\",\"name\":\"Facecorner\",\"url\":\"https:\\\/\\\/www.facecorner.lv\\\/\",\"logo\":{\"@type\":\"ImageObject\",\"inLanguage\":\"lv-LV\",\"@id\":\"https:\\\/\\\/www.facecorner.lv\\\/#\\\/schema\\\/logo\\\/image\\\/\",\"url\":\"https:\\\/\\\/www.facecorner.lv\\\/wp-content\\\/uploads\\\/2024\\\/04\\\/fc-logo.jpg\",\"contentUrl\":\"https:\\\/\\\/www.facecorner.lv\\\/wp-content\\\/uploads\\\/2024\\\/04\\\/fc-logo.jpg\",\"width\":174,\"height\":28,\"caption\":\"Facecorner\"},\"image\":{\"@id\":\"https:\\\/\\\/www.facecorner.lv\\\/#\\\/schema\\\/logo\\\/image\\\/\"},\"sameAs\":[\"https:\\\/\\\/www.facebook.com\\\/profile.php?id=100063824551839\",\"https:\\\/\\\/www.instagram.com\\\/facecorner_shop\\\/\"]}]}<\/script>\n<meta property=\"product:price:amount\" content=\"25.90\" \/>\n<meta property=\"product:price:currency\" content=\"EUR\" \/>\n<meta property=\"og:availability\" content=\"out of stock\" \/>\n<meta property=\"product:availability\" content=\"out of stock\" \/>\n<meta property=\"product:condition\" content=\"new\" \/>\n<!-- \/ Yoast SEO plugin. -->","yoast_head_json":{"title":"EQQUALBERRY Bakuchiol Plumping Serum 30ml - FACECORNER","description":"EQQUALBERRY Bakuchiol Plumping Serum\u00a0 serums, kura pamat\u0101 ir bakukiols, kas ir augu izcelsmes alternat\u012bva retinolam, izl\u012bdzina s\u012bk\u0101s grumbi\u0146as","robots":{"index":"index","follow":"follow","max-snippet":"max-snippet:-1","max-image-preview":"max-image-preview:large","max-video-preview":"max-video-preview:-1"},"canonical":"https:\/\/www.facecorner.lv\/lv\/shop\/eqqualberry-bakuchiol-plumping-serum-30ml\/","og_locale":"lv_LV","og_type":"article","og_title":"EQQUALBERRY Bakuchiol Plumping Serum 30ml - FACECORNER","og_description":"EQQUALBERRY Bakuchiol Plumping Serum\u00a0 serums, kura pamat\u0101 ir bakukiols, kas ir augu izcelsmes alternat\u012bva retinolam, izl\u012bdzina s\u012bk\u0101s grumbi\u0146as","og_url":"https:\/\/www.facecorner.lv\/lv\/shop\/eqqualberry-bakuchiol-plumping-serum-30ml\/","og_site_name":"FACECORNER","article_publisher":"https:\/\/www.facebook.com\/profile.php?id=100063824551839","article_modified_time":"2026-01-16T21:04:20+00:00","og_image":[{"width":2560,"height":2560,"url":"https:\/\/www.facecorner.lv\/wp-content\/uploads\/2025\/05\/eqqualberry-bakuchiol-plumping-serum-64026209354111.webp","type":"image\/webp"}],"twitter_card":"summary_large_image","twitter_misc":{"Price":"&euro;25.90","Availability":"Out of stock"},"schema":{"@context":"https:\/\/schema.org","@graph":[{"@type":"WebPage","@id":"https:\/\/www.facecorner.lv\/shop\/eqqualberry-bakuchiol-plumping-serum-30ml\/","url":"https:\/\/www.facecorner.lv\/shop\/eqqualberry-bakuchiol-plumping-serum-30ml\/","name":"EQQUALBERRY Bakuchiol Plumping Serum 30ml - FACECORNER","isPartOf":{"@id":"https:\/\/www.facecorner.lv\/#website"},"primaryImageOfPage":{"@id":"https:\/\/www.facecorner.lv\/shop\/eqqualberry-bakuchiol-plumping-serum-30ml\/#primaryimage"},"image":{"@id":"https:\/\/www.facecorner.lv\/shop\/eqqualberry-bakuchiol-plumping-serum-30ml\/#primaryimage"},"thumbnailUrl":"https:\/\/www.facecorner.lv\/wp-content\/uploads\/2025\/05\/eqqualberry-bakuchiol-plumping-serum-64026209354111.webp","datePublished":"2025-05-03T11:48:40+00:00","dateModified":"2026-01-16T21:04:20+00:00","description":"EQQUALBERRY Bakuchiol Plumping Serum\u00a0 serums, kura pamat\u0101 ir bakukiols, kas ir augu izcelsmes alternat\u012bva retinolam, izl\u012bdzina s\u012bk\u0101s grumbi\u0146as","breadcrumb":{"@id":"https:\/\/www.facecorner.lv\/shop\/eqqualberry-bakuchiol-plumping-serum-30ml\/#breadcrumb"},"inLanguage":"lv-LV","potentialAction":[{"@type":"ReadAction","target":["https:\/\/www.facecorner.lv\/shop\/eqqualberry-bakuchiol-plumping-serum-30ml\/"]}]},{"@type":"ImageObject","inLanguage":"lv-LV","@id":"https:\/\/www.facecorner.lv\/shop\/eqqualberry-bakuchiol-plumping-serum-30ml\/#primaryimage","url":"https:\/\/www.facecorner.lv\/wp-content\/uploads\/2025\/05\/eqqualberry-bakuchiol-plumping-serum-64026209354111.webp","contentUrl":"https:\/\/www.facecorner.lv\/wp-content\/uploads\/2025\/05\/eqqualberry-bakuchiol-plumping-serum-64026209354111.webp","width":2560,"height":2560,"caption":"EQQUALBERRY Bakuchiol Plumping Serum"},{"@type":"BreadcrumbList","@id":"https:\/\/www.facecorner.lv\/shop\/eqqualberry-bakuchiol-plumping-serum-30ml\/#breadcrumb","itemListElement":[{"@type":"ListItem","position":1,"name":"Home","item":"https:\/\/www.facecorner.lv\/"},{"@type":"ListItem","position":2,"name":"Veikals","item":"https:\/\/www.facecorner.lv\/shop\/"},{"@type":"ListItem","position":3,"name":"EQQUALBERRY Bakuchiol Plumping Serum 30ml"}]},{"@type":"WebSite","@id":"https:\/\/www.facecorner.lv\/#website","url":"https:\/\/www.facecorner.lv\/","name":"Facecorner","description":"","publisher":{"@id":"https:\/\/www.facecorner.lv\/#organization"},"potentialAction":[{"@type":"SearchAction","target":{"@type":"EntryPoint","urlTemplate":"https:\/\/www.facecorner.lv\/?s={search_term_string}"},"query-input":{"@type":"PropertyValueSpecification","valueRequired":true,"valueName":"search_term_string"}}],"inLanguage":"lv-LV"},{"@type":"Organization","@id":"https:\/\/www.facecorner.lv\/#organization","name":"Facecorner","url":"https:\/\/www.facecorner.lv\/","logo":{"@type":"ImageObject","inLanguage":"lv-LV","@id":"https:\/\/www.facecorner.lv\/#\/schema\/logo\/image\/","url":"https:\/\/www.facecorner.lv\/wp-content\/uploads\/2024\/04\/fc-logo.jpg","contentUrl":"https:\/\/www.facecorner.lv\/wp-content\/uploads\/2024\/04\/fc-logo.jpg","width":174,"height":28,"caption":"Facecorner"},"image":{"@id":"https:\/\/www.facecorner.lv\/#\/schema\/logo\/image\/"},"sameAs":["https:\/\/www.facebook.com\/profile.php?id=100063824551839","https:\/\/www.instagram.com\/facecorner_shop\/"]}]},"product_price_amount":"25.90","product_price_currency":"EUR","og_availability":"out of stock","product_availability":"out of stock","product_condition":"new"},"_links":{"self":[{"href":"https:\/\/www.facecorner.lv\/lv\/wp-json\/wp\/v2\/product\/24148","targetHints":{"allow":["GET"]}}],"collection":[{"href":"https:\/\/www.facecorner.lv\/lv\/wp-json\/wp\/v2\/product"}],"about":[{"href":"https:\/\/www.facecorner.lv\/lv\/wp-json\/wp\/v2\/types\/product"}],"replies":[{"embeddable":true,"href":"https:\/\/www.facecorner.lv\/lv\/wp-json\/wp\/v2\/comments?post=24148"}],"wp:featuredmedia":[{"embeddable":true,"href":"https:\/\/www.facecorner.lv\/lv\/wp-json\/wp\/v2\/media\/24149"}],"wp:attachment":[{"href":"https:\/\/www.facecorner.lv\/lv\/wp-json\/wp\/v2\/media?parent=24148"}],"wp:term":[{"taxonomy":"product_brand","embeddable":true,"href":"https:\/\/www.facecorner.lv\/lv\/wp-json\/wp\/v2\/product_brand?post=24148"},{"taxonomy":"product_cat","embeddable":true,"href":"https:\/\/www.facecorner.lv\/lv\/wp-json\/wp\/v2\/product_cat?post=24148"},{"taxonomy":"product_tag","embeddable":true,"href":"https:\/\/www.facecorner.lv\/lv\/wp-json\/wp\/v2\/product_tag?post=24148"},{"taxonomy":"berocket_brand","embeddable":true,"href":"https:\/\/www.facecorner.lv\/lv\/wp-json\/wp\/v2\/berocket_brand?post=24148"}],"curies":[{"name":"wp","href":"https:\/\/api.w.org\/{rel}","templated":true}]}}