{"id":24143,"date":"2025-05-03T13:50:45","date_gmt":"2025-05-03T10:50:45","guid":{"rendered":"https:\/\/www.facecorner.lv\/?post_type=product&#038;p=24143"},"modified":"2025-09-06T21:28:40","modified_gmt":"2025-09-06T18:28:40","slug":"medicube-age-r-glutathione-glow-toner-140ml","status":"publish","type":"product","link":"https:\/\/www.facecorner.lv\/lv\/shop\/medicube-age-r-glutathione-glow-toner-140ml\/","title":{"rendered":"Medicube AGE-R Glutathione Glow Toner 140ml"},"content":{"rendered":"<p>Medicube AGE-R Glutathione Glow Toner divu f\u0101\u017eu balino\u0161s toniks ar glutationu, kas akt\u012bvi izl\u012bdzina \u0101das toni un atjauno vesel\u012bgu mirdzumu.<\/p>\n<p><strong>Ieguvumi: <\/strong><\/p>\n<ul>\n<li>Tam piem\u012bt dzi\u013ca mitrino\u0161a iedarb\u012bba, tas nov\u0113r\u0161 sausumu un sasprindzin\u0101jumu p\u0113c mazg\u0101\u0161anas.<\/li>\n<li>Tam piem\u012bt izgaismojo\u0161a iedarb\u012bba, izl\u012bdzina \u0101das toni, pal\u012bdz nov\u0113rst hiperpigment\u0101cijas un postaknes.<\/li>\n<li>Uztur vienm\u0113r\u012bgu \u0101das reljefu un gludumu, nov\u0113r\u0161 ar vecumu saist\u012btas izmai\u0146as.<\/li>\n<li>Pateicoties divf\u0101zu tekst\u016brai, \u0113rti baro \u0101du, pal\u012bdz atjaunot \u0101das aizsargbarjeras funkciju un aizsarg\u0101 pret \u0101r\u0113jo ietekmi un mitruma zudumu.<\/li>\n<\/ul>\n<p><strong>Galven\u0101s sast\u0101vda\u013cas: <\/strong><\/p>\n<ul>\n<li>Niacinam\u012bds pal\u012bdz izl\u012bdzin\u0101t \u0101das toni, tam piem\u012bt maigs izgaismojo\u0161s efekts un tas nov\u0113r\u0161 hiperpigment\u0101ciju.<\/li>\n<li>Glutationam piem\u012bt balino\u0161a iedarb\u012bba, tas nov\u0113r\u0161 un likvid\u0113 vecuma plankumus, izl\u012bdzina \u0101das toni.<\/li>\n<li>Smilts\u0113rk\u0161\u0137u e\u013c\u013cai ir sp\u0113c\u012bga antioksidanta iedarb\u012bba, t\u0101 pies\u0101tina \u0101du ar noder\u012bgiem mikroelementiem, aizsarg\u0101 pret br\u012bvajiem radik\u0101\u013ciem, pal\u012bdz izl\u012bdzin\u0101t \u0101das toni un tai ir pretiekaisuma iedarb\u012bba.<\/li>\n<li>Lecit\u012bns pal\u012bdz atjaunot \u0101das barjeras funkciju, nov\u0113r\u0161 kairin\u0101jumu un dehidrat\u0101ciju.<\/li>\n<li>Glikonolaktonam (PHA) piem\u012bt maiga p\u012blinga iedarb\u012bba, att\u012brot epidermas aug\u0161\u0113jo sl\u0101ni no keratiniz\u0113t\u0101m \u0161\u016bn\u0101m, padarot \u0101du vienm\u0113r\u012bg\u0101ku un glud\u0101ku, atsvaidzinot un izl\u012bdzinot \u0101das toni.<\/li>\n<li>Alfa-arbut\u012bnam piem\u012bt sp\u0113c\u012bga balino\u0161a iedarb\u012bba, kas akt\u012bvi iedarbojas uz pigmenta plankumiem un nevienm\u0113r\u012bgu \u0101das toni.<\/li>\n<li>Pept\u012bdu komplekss pal\u012bdz saglab\u0101t \u0101das elast\u012bbu un sejas kont\u016bras, nov\u0113r\u0161ot ar vecumu saist\u012btu izmai\u0146u ra\u0161anos.<\/li>\n<\/ul>\n<p><strong>Lieto\u0161ana:<\/strong> Pirms lieto\u0161anas sakrat\u012bt. Pirmaj\u0101 kop\u0161anas posm\u0101 uz att\u012br\u012btas \u0101das ar vates diska vai plaukst\u0101m uzkl\u0101jiet vajadz\u012bgo produkta daudzumu, izklied\u0113jiet, l\u012bdz tas piln\u012bb\u0101 ies\u016bcas, p\u0113c tam turpiniet p\u0101r\u0113jo kop\u0161anas darbu.<\/p>\n<p><strong>S\u0101stavs:<\/strong> Purified water, triethylhexanoin, hydrogenated poly(C6-14 olefin), butylene glycol, 1,2-hexanediol, methylpropanediol, niacinamide, phenyl trimethicone, diethoxyethyl succinate, polyglyceryl-10 myristate, vitamin tree oil, ethylhexylglycerin, allantoin, hydrogenated lecithin, okra fruit extract, molokia leaf extract, carum petroselinum extract, glutathione (500 ppm), sodium gluconate, adenosine, cellulose gum, gluconolactone, guava leaf extract, guava flower extract, lavender flower water, hyacinth whole plant extract, cornflower extract, matricaria flower\/leaf extract, turmeric root extract, Borage Extract, Clary Extract, Alpha-Arbutin, Holy Basil Leaf Extract, Coral Reef Extract, Thioctic Acid, Biotin, Biotinoyl Tripeptide-1, Acetyl Hexapeptide-8, Tripeptide-1, Tripeptide-3, Myristoyl Pentapeptide-17, Hexapeptide-9, Fragrance, Hexyl Cinnamal, Linalool, Limonene<\/p>\n","protected":false},"excerpt":{"rendered":"<p>Medicube AGE-R Glutathione Glow Toner divu f\u0101\u017eu balino\u0161s toniks ar glutationu, kas akt\u012bvi izl\u012bdzina \u0101das toni un atjauno vesel\u012bgu mirdzumu.<\/p>\n","protected":false},"featured_media":24144,"comment_status":"open","ping_status":"closed","template":"","meta":{"site-sidebar-layout":"default","site-content-layout":"","ast-site-content-layout":"default","site-content-style":"default","site-sidebar-style":"default","ast-global-header-display":"","ast-banner-title-visibility":"","ast-main-header-display":"","ast-hfb-above-header-display":"","ast-hfb-below-header-display":"","ast-hfb-mobile-header-display":"","site-post-title":"","ast-breadcrumbs-content":"","ast-featured-img":"","footer-sml-layout":"","theme-transparent-header-meta":"default","adv-header-id-meta":"","stick-header-meta":"","header-above-stick-meta":"","header-main-stick-meta":"","header-below-stick-meta":"","astra-migrate-meta-layouts":"set","ast-page-background-enabled":"default","ast-page-background-meta":{"desktop":{"background-color":"var(--ast-global-color-4)","background-image":"","background-repeat":"repeat","background-position":"center center","background-size":"auto","background-attachment":"scroll","background-type":"","background-media":"","overlay-type":"","overlay-color":"","overlay-opacity":"","overlay-gradient":""},"tablet":{"background-color":"","background-image":"","background-repeat":"repeat","background-position":"center center","background-size":"auto","background-attachment":"scroll","background-type":"","background-media":"","overlay-type":"","overlay-color":"","overlay-opacity":"","overlay-gradient":""},"mobile":{"background-color":"","background-image":"","background-repeat":"repeat","background-position":"center center","background-size":"auto","background-attachment":"scroll","background-type":"","background-media":"","overlay-type":"","overlay-color":"","overlay-opacity":"","overlay-gradient":""}},"ast-content-background-meta":{"desktop":{"background-color":"var(--ast-global-color-5)","background-image":"","background-repeat":"repeat","background-position":"center center","background-size":"auto","background-attachment":"scroll","background-type":"","background-media":"","overlay-type":"","overlay-color":"","overlay-opacity":"","overlay-gradient":""},"tablet":{"background-color":"var(--ast-global-color-5)","background-image":"","background-repeat":"repeat","background-position":"center center","background-size":"auto","background-attachment":"scroll","background-type":"","background-media":"","overlay-type":"","overlay-color":"","overlay-opacity":"","overlay-gradient":""},"mobile":{"background-color":"var(--ast-global-color-5)","background-image":"","background-repeat":"repeat","background-position":"center center","background-size":"auto","background-attachment":"scroll","background-type":"","background-media":"","overlay-type":"","overlay-color":"","overlay-opacity":"","overlay-gradient":""}}},"product_brand":[],"product_cat":[364],"product_tag":[],"berocket_brand":[579],"class_list":{"0":"post-24143","1":"product","2":"type-product","3":"status-publish","4":"has-post-thumbnail","6":"product_cat-toneri","7":"berocket_brand-medicube","8":"desktop-align-left","9":"tablet-align-left","10":"mobile-align-left","12":"first","13":"outofstock","14":"taxable","15":"shipping-taxable","16":"purchasable","17":"product-type-simple","18":"add-to-wishlist-before_image"},"yoast_head":"<!-- This site is optimized with the Yoast SEO plugin v27.4 - https:\/\/yoast.com\/product\/yoast-seo-wordpress\/ -->\n<title>Medicube AGE-R Glutathione Glow Toner 140ml - FACECORNER<\/title>\n<meta name=\"description\" content=\"Medicube AGE-R Glutathione Glow Toner divu f\u0101\u017eu balino\u0161s toniks ar glutationu, kas akt\u012bvi izl\u012bdzina \u0101das toni un atjauno vesel\u012bgu mirdzumu.\" \/>\n<meta name=\"robots\" content=\"index, follow, max-snippet:-1, max-image-preview:large, max-video-preview:-1\" \/>\n<link rel=\"canonical\" href=\"https:\/\/www.facecorner.lv\/lv\/shop\/medicube-age-r-glutathione-glow-toner-140ml\/\" \/>\n<meta property=\"og:locale\" content=\"lv_LV\" \/>\n<meta property=\"og:type\" content=\"article\" \/>\n<meta property=\"og:title\" content=\"Medicube AGE-R Glutathione Glow Toner 140ml - FACECORNER\" \/>\n<meta property=\"og:description\" content=\"Medicube AGE-R Glutathione Glow Toner divu f\u0101\u017eu balino\u0161s toniks ar glutationu, kas akt\u012bvi izl\u012bdzina \u0101das toni un atjauno vesel\u012bgu mirdzumu.\" \/>\n<meta property=\"og:url\" content=\"https:\/\/www.facecorner.lv\/lv\/shop\/medicube-age-r-glutathione-glow-toner-140ml\/\" \/>\n<meta property=\"og:site_name\" content=\"FACECORNER\" \/>\n<meta property=\"article:publisher\" content=\"https:\/\/www.facebook.com\/profile.php?id=100063824551839\" \/>\n<meta property=\"article:modified_time\" content=\"2025-09-06T18:28:40+00:00\" \/>\n<meta property=\"og:image\" content=\"https:\/\/www.facecorner.lv\/wp-content\/uploads\/2025\/05\/XXL_p0212187300.webp\" \/>\n\t<meta property=\"og:image:width\" content=\"640\" \/>\n\t<meta property=\"og:image:height\" content=\"640\" \/>\n\t<meta property=\"og:image:type\" content=\"image\/webp\" \/>\n<meta name=\"twitter:card\" content=\"summary_large_image\" \/>\n<meta name=\"twitter:label1\" content=\"Price\" \/>\n\t<meta name=\"twitter:data1\" content=\"&euro;31.00\" \/>\n\t<meta name=\"twitter:label2\" content=\"Availability\" \/>\n\t<meta name=\"twitter:data2\" content=\"Out of stock\" \/>\n<script type=\"application\/ld+json\" class=\"yoast-schema-graph\">{\"@context\":\"https:\\\/\\\/schema.org\",\"@graph\":[{\"@type\":\"WebPage\",\"@id\":\"https:\\\/\\\/www.facecorner.lv\\\/shop\\\/medicube-age-r-glutathione-glow-toner-140ml\\\/\",\"url\":\"https:\\\/\\\/www.facecorner.lv\\\/shop\\\/medicube-age-r-glutathione-glow-toner-140ml\\\/\",\"name\":\"Medicube AGE-R Glutathione Glow Toner 140ml - FACECORNER\",\"isPartOf\":{\"@id\":\"https:\\\/\\\/www.facecorner.lv\\\/#website\"},\"primaryImageOfPage\":{\"@id\":\"https:\\\/\\\/www.facecorner.lv\\\/shop\\\/medicube-age-r-glutathione-glow-toner-140ml\\\/#primaryimage\"},\"image\":{\"@id\":\"https:\\\/\\\/www.facecorner.lv\\\/shop\\\/medicube-age-r-glutathione-glow-toner-140ml\\\/#primaryimage\"},\"thumbnailUrl\":\"https:\\\/\\\/www.facecorner.lv\\\/wp-content\\\/uploads\\\/2025\\\/05\\\/XXL_p0212187300.webp\",\"datePublished\":\"2025-05-03T10:50:45+00:00\",\"dateModified\":\"2025-09-06T18:28:40+00:00\",\"description\":\"Medicube AGE-R Glutathione Glow Toner divu f\u0101\u017eu balino\u0161s toniks ar glutationu, kas akt\u012bvi izl\u012bdzina \u0101das toni un atjauno vesel\u012bgu mirdzumu.\",\"breadcrumb\":{\"@id\":\"https:\\\/\\\/www.facecorner.lv\\\/shop\\\/medicube-age-r-glutathione-glow-toner-140ml\\\/#breadcrumb\"},\"inLanguage\":\"lv-LV\",\"potentialAction\":[{\"@type\":\"ReadAction\",\"target\":[\"https:\\\/\\\/www.facecorner.lv\\\/shop\\\/medicube-age-r-glutathione-glow-toner-140ml\\\/\"]}]},{\"@type\":\"ImageObject\",\"inLanguage\":\"lv-LV\",\"@id\":\"https:\\\/\\\/www.facecorner.lv\\\/shop\\\/medicube-age-r-glutathione-glow-toner-140ml\\\/#primaryimage\",\"url\":\"https:\\\/\\\/www.facecorner.lv\\\/wp-content\\\/uploads\\\/2025\\\/05\\\/XXL_p0212187300.webp\",\"contentUrl\":\"https:\\\/\\\/www.facecorner.lv\\\/wp-content\\\/uploads\\\/2025\\\/05\\\/XXL_p0212187300.webp\",\"width\":640,\"height\":640,\"caption\":\"Medicube AGE-R Glutathione Glow Toner\"},{\"@type\":\"BreadcrumbList\",\"@id\":\"https:\\\/\\\/www.facecorner.lv\\\/shop\\\/medicube-age-r-glutathione-glow-toner-140ml\\\/#breadcrumb\",\"itemListElement\":[{\"@type\":\"ListItem\",\"position\":1,\"name\":\"Home\",\"item\":\"https:\\\/\\\/www.facecorner.lv\\\/\"},{\"@type\":\"ListItem\",\"position\":2,\"name\":\"Veikals\",\"item\":\"https:\\\/\\\/www.facecorner.lv\\\/shop\\\/\"},{\"@type\":\"ListItem\",\"position\":3,\"name\":\"Medicube AGE-R Glutathione Glow Toner 140ml\"}]},{\"@type\":\"WebSite\",\"@id\":\"https:\\\/\\\/www.facecorner.lv\\\/#website\",\"url\":\"https:\\\/\\\/www.facecorner.lv\\\/\",\"name\":\"Facecorner\",\"description\":\"\",\"publisher\":{\"@id\":\"https:\\\/\\\/www.facecorner.lv\\\/#organization\"},\"potentialAction\":[{\"@type\":\"SearchAction\",\"target\":{\"@type\":\"EntryPoint\",\"urlTemplate\":\"https:\\\/\\\/www.facecorner.lv\\\/?s={search_term_string}\"},\"query-input\":{\"@type\":\"PropertyValueSpecification\",\"valueRequired\":true,\"valueName\":\"search_term_string\"}}],\"inLanguage\":\"lv-LV\"},{\"@type\":\"Organization\",\"@id\":\"https:\\\/\\\/www.facecorner.lv\\\/#organization\",\"name\":\"Facecorner\",\"url\":\"https:\\\/\\\/www.facecorner.lv\\\/\",\"logo\":{\"@type\":\"ImageObject\",\"inLanguage\":\"lv-LV\",\"@id\":\"https:\\\/\\\/www.facecorner.lv\\\/#\\\/schema\\\/logo\\\/image\\\/\",\"url\":\"https:\\\/\\\/www.facecorner.lv\\\/wp-content\\\/uploads\\\/2024\\\/04\\\/fc-logo.jpg\",\"contentUrl\":\"https:\\\/\\\/www.facecorner.lv\\\/wp-content\\\/uploads\\\/2024\\\/04\\\/fc-logo.jpg\",\"width\":174,\"height\":28,\"caption\":\"Facecorner\"},\"image\":{\"@id\":\"https:\\\/\\\/www.facecorner.lv\\\/#\\\/schema\\\/logo\\\/image\\\/\"},\"sameAs\":[\"https:\\\/\\\/www.facebook.com\\\/profile.php?id=100063824551839\",\"https:\\\/\\\/www.instagram.com\\\/facecorner_shop\\\/\"]}]}<\/script>\n<meta property=\"product:price:amount\" content=\"31.00\" \/>\n<meta property=\"product:price:currency\" content=\"EUR\" \/>\n<meta property=\"og:availability\" content=\"out of stock\" \/>\n<meta property=\"product:availability\" content=\"out of stock\" \/>\n<meta property=\"product:condition\" content=\"new\" \/>\n<!-- \/ Yoast SEO plugin. -->","yoast_head_json":{"title":"Medicube AGE-R Glutathione Glow Toner 140ml - FACECORNER","description":"Medicube AGE-R Glutathione Glow Toner divu f\u0101\u017eu balino\u0161s toniks ar glutationu, kas akt\u012bvi izl\u012bdzina \u0101das toni un atjauno vesel\u012bgu mirdzumu.","robots":{"index":"index","follow":"follow","max-snippet":"max-snippet:-1","max-image-preview":"max-image-preview:large","max-video-preview":"max-video-preview:-1"},"canonical":"https:\/\/www.facecorner.lv\/lv\/shop\/medicube-age-r-glutathione-glow-toner-140ml\/","og_locale":"lv_LV","og_type":"article","og_title":"Medicube AGE-R Glutathione Glow Toner 140ml - FACECORNER","og_description":"Medicube AGE-R Glutathione Glow Toner divu f\u0101\u017eu balino\u0161s toniks ar glutationu, kas akt\u012bvi izl\u012bdzina \u0101das toni un atjauno vesel\u012bgu mirdzumu.","og_url":"https:\/\/www.facecorner.lv\/lv\/shop\/medicube-age-r-glutathione-glow-toner-140ml\/","og_site_name":"FACECORNER","article_publisher":"https:\/\/www.facebook.com\/profile.php?id=100063824551839","article_modified_time":"2025-09-06T18:28:40+00:00","og_image":[{"width":640,"height":640,"url":"https:\/\/www.facecorner.lv\/wp-content\/uploads\/2025\/05\/XXL_p0212187300.webp","type":"image\/webp"}],"twitter_card":"summary_large_image","twitter_misc":{"Price":"&euro;31.00","Availability":"Out of stock"},"schema":{"@context":"https:\/\/schema.org","@graph":[{"@type":"WebPage","@id":"https:\/\/www.facecorner.lv\/shop\/medicube-age-r-glutathione-glow-toner-140ml\/","url":"https:\/\/www.facecorner.lv\/shop\/medicube-age-r-glutathione-glow-toner-140ml\/","name":"Medicube AGE-R Glutathione Glow Toner 140ml - FACECORNER","isPartOf":{"@id":"https:\/\/www.facecorner.lv\/#website"},"primaryImageOfPage":{"@id":"https:\/\/www.facecorner.lv\/shop\/medicube-age-r-glutathione-glow-toner-140ml\/#primaryimage"},"image":{"@id":"https:\/\/www.facecorner.lv\/shop\/medicube-age-r-glutathione-glow-toner-140ml\/#primaryimage"},"thumbnailUrl":"https:\/\/www.facecorner.lv\/wp-content\/uploads\/2025\/05\/XXL_p0212187300.webp","datePublished":"2025-05-03T10:50:45+00:00","dateModified":"2025-09-06T18:28:40+00:00","description":"Medicube AGE-R Glutathione Glow Toner divu f\u0101\u017eu balino\u0161s toniks ar glutationu, kas akt\u012bvi izl\u012bdzina \u0101das toni un atjauno vesel\u012bgu mirdzumu.","breadcrumb":{"@id":"https:\/\/www.facecorner.lv\/shop\/medicube-age-r-glutathione-glow-toner-140ml\/#breadcrumb"},"inLanguage":"lv-LV","potentialAction":[{"@type":"ReadAction","target":["https:\/\/www.facecorner.lv\/shop\/medicube-age-r-glutathione-glow-toner-140ml\/"]}]},{"@type":"ImageObject","inLanguage":"lv-LV","@id":"https:\/\/www.facecorner.lv\/shop\/medicube-age-r-glutathione-glow-toner-140ml\/#primaryimage","url":"https:\/\/www.facecorner.lv\/wp-content\/uploads\/2025\/05\/XXL_p0212187300.webp","contentUrl":"https:\/\/www.facecorner.lv\/wp-content\/uploads\/2025\/05\/XXL_p0212187300.webp","width":640,"height":640,"caption":"Medicube AGE-R Glutathione Glow Toner"},{"@type":"BreadcrumbList","@id":"https:\/\/www.facecorner.lv\/shop\/medicube-age-r-glutathione-glow-toner-140ml\/#breadcrumb","itemListElement":[{"@type":"ListItem","position":1,"name":"Home","item":"https:\/\/www.facecorner.lv\/"},{"@type":"ListItem","position":2,"name":"Veikals","item":"https:\/\/www.facecorner.lv\/shop\/"},{"@type":"ListItem","position":3,"name":"Medicube AGE-R Glutathione Glow Toner 140ml"}]},{"@type":"WebSite","@id":"https:\/\/www.facecorner.lv\/#website","url":"https:\/\/www.facecorner.lv\/","name":"Facecorner","description":"","publisher":{"@id":"https:\/\/www.facecorner.lv\/#organization"},"potentialAction":[{"@type":"SearchAction","target":{"@type":"EntryPoint","urlTemplate":"https:\/\/www.facecorner.lv\/?s={search_term_string}"},"query-input":{"@type":"PropertyValueSpecification","valueRequired":true,"valueName":"search_term_string"}}],"inLanguage":"lv-LV"},{"@type":"Organization","@id":"https:\/\/www.facecorner.lv\/#organization","name":"Facecorner","url":"https:\/\/www.facecorner.lv\/","logo":{"@type":"ImageObject","inLanguage":"lv-LV","@id":"https:\/\/www.facecorner.lv\/#\/schema\/logo\/image\/","url":"https:\/\/www.facecorner.lv\/wp-content\/uploads\/2024\/04\/fc-logo.jpg","contentUrl":"https:\/\/www.facecorner.lv\/wp-content\/uploads\/2024\/04\/fc-logo.jpg","width":174,"height":28,"caption":"Facecorner"},"image":{"@id":"https:\/\/www.facecorner.lv\/#\/schema\/logo\/image\/"},"sameAs":["https:\/\/www.facebook.com\/profile.php?id=100063824551839","https:\/\/www.instagram.com\/facecorner_shop\/"]}]},"product_price_amount":"31.00","product_price_currency":"EUR","og_availability":"out of stock","product_availability":"out of stock","product_condition":"new"},"_links":{"self":[{"href":"https:\/\/www.facecorner.lv\/lv\/wp-json\/wp\/v2\/product\/24143","targetHints":{"allow":["GET"]}}],"collection":[{"href":"https:\/\/www.facecorner.lv\/lv\/wp-json\/wp\/v2\/product"}],"about":[{"href":"https:\/\/www.facecorner.lv\/lv\/wp-json\/wp\/v2\/types\/product"}],"replies":[{"embeddable":true,"href":"https:\/\/www.facecorner.lv\/lv\/wp-json\/wp\/v2\/comments?post=24143"}],"wp:featuredmedia":[{"embeddable":true,"href":"https:\/\/www.facecorner.lv\/lv\/wp-json\/wp\/v2\/media\/24144"}],"wp:attachment":[{"href":"https:\/\/www.facecorner.lv\/lv\/wp-json\/wp\/v2\/media?parent=24143"}],"wp:term":[{"taxonomy":"product_brand","embeddable":true,"href":"https:\/\/www.facecorner.lv\/lv\/wp-json\/wp\/v2\/product_brand?post=24143"},{"taxonomy":"product_cat","embeddable":true,"href":"https:\/\/www.facecorner.lv\/lv\/wp-json\/wp\/v2\/product_cat?post=24143"},{"taxonomy":"product_tag","embeddable":true,"href":"https:\/\/www.facecorner.lv\/lv\/wp-json\/wp\/v2\/product_tag?post=24143"},{"taxonomy":"berocket_brand","embeddable":true,"href":"https:\/\/www.facecorner.lv\/lv\/wp-json\/wp\/v2\/berocket_brand?post=24143"}],"curies":[{"name":"wp","href":"https:\/\/api.w.org\/{rel}","templated":true}]}}