{"id":24094,"date":"2025-04-24T12:50:59","date_gmt":"2025-04-24T09:50:59","guid":{"rendered":"https:\/\/www.facecorner.lv\/?post_type=product&#038;p=24094"},"modified":"2026-02-18T14:01:23","modified_gmt":"2026-02-18T11:01:23","slug":"axis-y-vegan-collagen-eye-serum-10ml","status":"publish","type":"product","link":"https:\/\/www.facecorner.lv\/lv\/shop\/axis-y-vegan-collagen-eye-serum-10ml\/","title":{"rendered":"AXIS-Y Vegan Collagen Eye Serum 10ml"},"content":{"rendered":"<p>AXIS-Y Vegan kolag\u0113na acu serums izl\u012bdzina maigo \u0101du ap ac\u012bm, samazina grumbu dzi\u013cumu, savelk un nostiprina.<\/p>\n<p>Nov\u0113r\u0161 sausumu, samazina tum\u0161os lokus. Nov\u0113r\u0161 noguruma paz\u012bmes, padara acu \u0101du svaigu un atp\u016btu\u0161os.Rull\u012b\u0161a aplikators \u013cauj mas\u0113t periorbit\u0101lo zonu, kas atsl\u0101bina, stimul\u0113 mikrocirkul\u0101ciju un samazina piet\u016bkumu.<\/p>\n<p><strong>Serumu var uzkl\u0101t ne tikai uz acu zonas, bet ar\u012b uz nazolabi\u0101laj\u0101m krok\u0101m, pieres un kakla.<\/strong><\/p>\n<p>Galven\u0101s akt\u012bv\u0101s sast\u0101vda\u013cas:<\/p>\n<ul>\n<li>5 pept\u012bdiem piem\u012bt pretnoveco\u0161an\u0101s iedarb\u012bba: tie stimul\u0113 re\u0123ener\u0101ciju, samazina grumbu dzi\u013cumu, izl\u012bdzina un nostiepj. Botul\u012bnam l\u012bdz\u012bgais pept\u012bds argirel\u012bns pal\u012bdz atsl\u0101bin\u0101t sejas musku\u013cus, t\u0101d\u0113j\u0101di nov\u0113r\u0161ot sejas grumbu veido\u0161anos.<\/li>\n<li>Veg\u0101niskais kolag\u0113ns pie\u0161\u0137ir tvirtumu un bl\u012bvumu, iedarbojas atjaunojo\u0161i un pal\u012bdz saglab\u0101t mitrumu \u0101d\u0101.<\/li>\n<li>Ceram\u012bdi tiek iestr\u0101d\u0101ti epidermas lip\u012bdu sl\u0101n\u012b un stiprina to, nov\u0113r\u0161 sausumu un lob\u012b\u0161anos, dzied\u0113 mikropievainojumus un uztur reljefa gludumu.<\/li>\n<li>Centella asiatica ekstrakts c\u012bn\u0101s ar aps\u0101rtumu un iekaisumu, stiprina asinsvadus un nov\u0113r\u0161 asinsvadu zvaigzn\u012b\u0161u veido\u0161anos, mazina jut\u012bgumu pret \u0101r\u0113jiem faktoriem.<\/li>\n<li>Papaijas ekstrakts nodro\u0161ina maigu, bet efekt\u012bvu att\u012br\u012b\u0161anu un p\u012blingu. Tam piem\u012bt viegla balino\u0161a iedarb\u012bba.<\/li>\n<li>Jojobas, saulespu\u0137u un p\u013cavas putu e\u013c\u013cas ir bag\u0101tas ar vitam\u012bniem un antioksidantiem. T\u0101s c\u012bn\u0101s pret sausumu un lob\u012b\u0161anos, baro, padara \u0101du bl\u012bv\u0101ku un elast\u012bg\u0101ku.<\/li>\n<li>3 veidu hialuronsk\u0101be mitrina, m\u012bkstina, stiprina hidrolip\u012bdu barjeru un nov\u0113r\u0161 mitruma zudumu.<\/li>\n<\/ul>\n<p><strong>Lieto\u0161ana:<\/strong> viegli nospiediet dozatoru, lai serums par\u0101d\u012btos uz aplikatora. Ar maig\u0101m mas\u0113jo\u0161\u0101m kust\u012bb\u0101m uzkl\u0101jiet uz \u0101das ap ac\u012bm. P\u0113c lieto\u0161anas noslaukiet aplikatoru ar salveti.<\/p>\n<p><strong>S\u0101stavs:<\/strong> Water, Methylpropanediol, Glycerin, 1,2-Hexanediol, Niacinamide, Butylene Glycol, Hydroxyethyl Acrylate\/sodium Acryloyldimethyl Taurate Copolymer, C13-14 Alkane, Sodium Acrylic Acid\/MA Copolymer, C15-23 Alkane, Ethylhexylglycerin, Collagen, Adenosine, Decyl Glucoside, Prunus Mume Fruit Extract, Limnanthes Alba (Meadowfoam) Seed Oil, Pyrus Malus (Apple) Fruit Extract, Carica Papaya (Papaya) Fruit Extract, Vitis Vinifera (Grape) Fruit Extract, Leuconostoc\/Radish Root Ferment Filtrate, Hydrogenated Lecithin, Helianthus Annuus (Sunflower) Seed Oil, Simmondsia Chinensis (Jojoba) Seed Oil, Ulmus Davidiana Root Extract, Amaranthus Caudatus Seed Extract, Ficus Carica (Fig) Fruit Extract, Caprylyl Glycol, Centella Asiatica Extract, Polyglyceryl-10 Stearate, Ceramide NP, Sodium Hyaluronate, Tocopherol, Tripeptide-1, Palmitoyl Pentapeptide-4, Hydrolyzed Hyaluronic Acid, Hexapeptide-9, Copper Tripeptide-1, Acetyl Hexapeptide-8, Sodium Acetylated Hyaluronate<\/p>\n","protected":false},"excerpt":{"rendered":"<p>AXIS-Y Vegan kolag\u0113na acu serums izl\u012bdzina maigo \u0101du ap ac\u012bm, samazina grumbu dzi\u013cumu, savelk un nostiprina,nov\u0113r\u0161 noguruma paz\u012bmes, padara acu \u0101du svaigu<\/p>\n","protected":false},"featured_media":24095,"comment_status":"open","ping_status":"closed","template":"","meta":{"site-sidebar-layout":"default","site-content-layout":"","ast-site-content-layout":"default","site-content-style":"default","site-sidebar-style":"default","ast-global-header-display":"","ast-banner-title-visibility":"","ast-main-header-display":"","ast-hfb-above-header-display":"","ast-hfb-below-header-display":"","ast-hfb-mobile-header-display":"","site-post-title":"","ast-breadcrumbs-content":"","ast-featured-img":"","footer-sml-layout":"","theme-transparent-header-meta":"default","adv-header-id-meta":"","stick-header-meta":"","header-above-stick-meta":"","header-main-stick-meta":"","header-below-stick-meta":"","astra-migrate-meta-layouts":"set","ast-page-background-enabled":"default","ast-page-background-meta":{"desktop":{"background-color":"var(--ast-global-color-4)","background-image":"","background-repeat":"repeat","background-position":"center center","background-size":"auto","background-attachment":"scroll","background-type":"","background-media":"","overlay-type":"","overlay-color":"","overlay-opacity":"","overlay-gradient":""},"tablet":{"background-color":"","background-image":"","background-repeat":"repeat","background-position":"center center","background-size":"auto","background-attachment":"scroll","background-type":"","background-media":"","overlay-type":"","overlay-color":"","overlay-opacity":"","overlay-gradient":""},"mobile":{"background-color":"","background-image":"","background-repeat":"repeat","background-position":"center center","background-size":"auto","background-attachment":"scroll","background-type":"","background-media":"","overlay-type":"","overlay-color":"","overlay-opacity":"","overlay-gradient":""}},"ast-content-background-meta":{"desktop":{"background-color":"var(--ast-global-color-5)","background-image":"","background-repeat":"repeat","background-position":"center center","background-size":"auto","background-attachment":"scroll","background-type":"","background-media":"","overlay-type":"","overlay-color":"","overlay-opacity":"","overlay-gradient":""},"tablet":{"background-color":"var(--ast-global-color-5)","background-image":"","background-repeat":"repeat","background-position":"center center","background-size":"auto","background-attachment":"scroll","background-type":"","background-media":"","overlay-type":"","overlay-color":"","overlay-opacity":"","overlay-gradient":""},"mobile":{"background-color":"var(--ast-global-color-5)","background-image":"","background-repeat":"repeat","background-position":"center center","background-size":"auto","background-attachment":"scroll","background-type":"","background-media":"","overlay-type":"","overlay-color":"","overlay-opacity":"","overlay-gradient":""}}},"product_brand":[],"product_cat":[308,511],"product_tag":[],"berocket_brand":[577],"class_list":{"0":"post-24094","1":"product","2":"type-product","3":"status-publish","4":"has-post-thumbnail","6":"product_cat-acu-krems","7":"product_cat-atlaides","8":"berocket_brand-axis-y","9":"desktop-align-left","10":"tablet-align-left","11":"mobile-align-left","13":"first","14":"instock","15":"taxable","16":"shipping-taxable","17":"purchasable","18":"product-type-simple","19":"add-to-wishlist-before_image"},"yoast_head":"<!-- This site is optimized with the Yoast SEO plugin v27.3 - https:\/\/yoast.com\/product\/yoast-seo-wordpress\/ -->\n<title>AXIS-Y Vegan Collagen Eye Serum 10ml - FACECORNER<\/title>\n<meta name=\"description\" content=\"AXIS-Y Vegan kolag\u0113na acu serums izl\u012bdzina maigo \u0101du ap ac\u012bm, samazina grumbu dzi\u013cumu, savelk un nostiprina,nov\u0113r\u0161 noguruma paz\u012bmes, padara acu \u0101du svaigu\" \/>\n<meta name=\"robots\" content=\"index, follow, max-snippet:-1, max-image-preview:large, max-video-preview:-1\" \/>\n<link rel=\"canonical\" href=\"https:\/\/www.facecorner.lv\/lv\/shop\/axis-y-vegan-collagen-eye-serum-10ml\/\" \/>\n<meta property=\"og:locale\" content=\"lv_LV\" \/>\n<meta property=\"og:type\" content=\"article\" \/>\n<meta property=\"og:title\" content=\"AXIS-Y Vegan Collagen Eye Serum 10ml - FACECORNER\" \/>\n<meta property=\"og:description\" content=\"AXIS-Y Vegan kolag\u0113na acu serums izl\u012bdzina maigo \u0101du ap ac\u012bm, samazina grumbu dzi\u013cumu, savelk un nostiprina,nov\u0113r\u0161 noguruma paz\u012bmes, padara acu \u0101du svaigu\" \/>\n<meta property=\"og:url\" content=\"https:\/\/www.facecorner.lv\/lv\/shop\/axis-y-vegan-collagen-eye-serum-10ml\/\" \/>\n<meta property=\"og:site_name\" content=\"FACECORNER\" \/>\n<meta property=\"article:publisher\" content=\"https:\/\/www.facebook.com\/profile.php?id=100063824551839\" \/>\n<meta property=\"article:modified_time\" content=\"2026-02-18T11:01:23+00:00\" \/>\n<meta property=\"og:image\" content=\"https:\/\/www.facecorner.lv\/wp-content\/uploads\/2025\/04\/XXL_p0205723402.webp\" \/>\n\t<meta property=\"og:image:width\" content=\"640\" \/>\n\t<meta property=\"og:image:height\" content=\"640\" \/>\n\t<meta property=\"og:image:type\" content=\"image\/webp\" \/>\n<meta name=\"twitter:card\" content=\"summary_large_image\" \/>\n<meta name=\"twitter:label1\" content=\"Price\" \/>\n\t<meta name=\"twitter:data1\" content=\"&euro;23.00\" \/>\n\t<meta name=\"twitter:label2\" content=\"Availability\" \/>\n\t<meta name=\"twitter:data2\" content=\"In stock\" \/>\n<script type=\"application\/ld+json\" class=\"yoast-schema-graph\">{\"@context\":\"https:\\\/\\\/schema.org\",\"@graph\":[{\"@type\":\"WebPage\",\"@id\":\"https:\\\/\\\/www.facecorner.lv\\\/shop\\\/axis-y-vegan-collagen-eye-serum-10ml\\\/\",\"url\":\"https:\\\/\\\/www.facecorner.lv\\\/shop\\\/axis-y-vegan-collagen-eye-serum-10ml\\\/\",\"name\":\"AXIS-Y Vegan Collagen Eye Serum 10ml - FACECORNER\",\"isPartOf\":{\"@id\":\"https:\\\/\\\/www.facecorner.lv\\\/#website\"},\"primaryImageOfPage\":{\"@id\":\"https:\\\/\\\/www.facecorner.lv\\\/shop\\\/axis-y-vegan-collagen-eye-serum-10ml\\\/#primaryimage\"},\"image\":{\"@id\":\"https:\\\/\\\/www.facecorner.lv\\\/shop\\\/axis-y-vegan-collagen-eye-serum-10ml\\\/#primaryimage\"},\"thumbnailUrl\":\"https:\\\/\\\/www.facecorner.lv\\\/wp-content\\\/uploads\\\/2025\\\/04\\\/XXL_p0205723402.webp\",\"datePublished\":\"2025-04-24T09:50:59+00:00\",\"dateModified\":\"2026-02-18T11:01:23+00:00\",\"description\":\"AXIS-Y Vegan kolag\u0113na acu serums izl\u012bdzina maigo \u0101du ap ac\u012bm, samazina grumbu dzi\u013cumu, savelk un nostiprina,nov\u0113r\u0161 noguruma paz\u012bmes, padara acu \u0101du svaigu\",\"breadcrumb\":{\"@id\":\"https:\\\/\\\/www.facecorner.lv\\\/shop\\\/axis-y-vegan-collagen-eye-serum-10ml\\\/#breadcrumb\"},\"inLanguage\":\"lv-LV\",\"potentialAction\":[{\"@type\":\"ReadAction\",\"target\":[\"https:\\\/\\\/www.facecorner.lv\\\/shop\\\/axis-y-vegan-collagen-eye-serum-10ml\\\/\"]}]},{\"@type\":\"ImageObject\",\"inLanguage\":\"lv-LV\",\"@id\":\"https:\\\/\\\/www.facecorner.lv\\\/shop\\\/axis-y-vegan-collagen-eye-serum-10ml\\\/#primaryimage\",\"url\":\"https:\\\/\\\/www.facecorner.lv\\\/wp-content\\\/uploads\\\/2025\\\/04\\\/XXL_p0205723402.webp\",\"contentUrl\":\"https:\\\/\\\/www.facecorner.lv\\\/wp-content\\\/uploads\\\/2025\\\/04\\\/XXL_p0205723402.webp\",\"width\":640,\"height\":640,\"caption\":\"AXIS-Y Vegan Collagen Eye Serum 10ml\"},{\"@type\":\"BreadcrumbList\",\"@id\":\"https:\\\/\\\/www.facecorner.lv\\\/shop\\\/axis-y-vegan-collagen-eye-serum-10ml\\\/#breadcrumb\",\"itemListElement\":[{\"@type\":\"ListItem\",\"position\":1,\"name\":\"Home\",\"item\":\"https:\\\/\\\/www.facecorner.lv\\\/\"},{\"@type\":\"ListItem\",\"position\":2,\"name\":\"Veikals\",\"item\":\"https:\\\/\\\/www.facecorner.lv\\\/shop\\\/\"},{\"@type\":\"ListItem\",\"position\":3,\"name\":\"AXIS-Y Vegan Collagen Eye Serum 10ml\"}]},{\"@type\":\"WebSite\",\"@id\":\"https:\\\/\\\/www.facecorner.lv\\\/#website\",\"url\":\"https:\\\/\\\/www.facecorner.lv\\\/\",\"name\":\"Facecorner\",\"description\":\"\",\"publisher\":{\"@id\":\"https:\\\/\\\/www.facecorner.lv\\\/#organization\"},\"potentialAction\":[{\"@type\":\"SearchAction\",\"target\":{\"@type\":\"EntryPoint\",\"urlTemplate\":\"https:\\\/\\\/www.facecorner.lv\\\/?s={search_term_string}\"},\"query-input\":{\"@type\":\"PropertyValueSpecification\",\"valueRequired\":true,\"valueName\":\"search_term_string\"}}],\"inLanguage\":\"lv-LV\"},{\"@type\":\"Organization\",\"@id\":\"https:\\\/\\\/www.facecorner.lv\\\/#organization\",\"name\":\"Facecorner\",\"url\":\"https:\\\/\\\/www.facecorner.lv\\\/\",\"logo\":{\"@type\":\"ImageObject\",\"inLanguage\":\"lv-LV\",\"@id\":\"https:\\\/\\\/www.facecorner.lv\\\/#\\\/schema\\\/logo\\\/image\\\/\",\"url\":\"https:\\\/\\\/www.facecorner.lv\\\/wp-content\\\/uploads\\\/2024\\\/04\\\/fc-logo.jpg\",\"contentUrl\":\"https:\\\/\\\/www.facecorner.lv\\\/wp-content\\\/uploads\\\/2024\\\/04\\\/fc-logo.jpg\",\"width\":174,\"height\":28,\"caption\":\"Facecorner\"},\"image\":{\"@id\":\"https:\\\/\\\/www.facecorner.lv\\\/#\\\/schema\\\/logo\\\/image\\\/\"},\"sameAs\":[\"https:\\\/\\\/www.facebook.com\\\/profile.php?id=100063824551839\",\"https:\\\/\\\/www.instagram.com\\\/facecorner_shop\\\/\"]}]}<\/script>\n<meta property=\"product:price:amount\" content=\"23.00\" \/>\n<meta property=\"product:price:currency\" content=\"EUR\" \/>\n<meta property=\"og:availability\" content=\"instock\" \/>\n<meta property=\"product:availability\" content=\"instock\" \/>\n<meta property=\"product:condition\" content=\"new\" \/>\n<!-- \/ Yoast SEO plugin. -->","yoast_head_json":{"title":"AXIS-Y Vegan Collagen Eye Serum 10ml - FACECORNER","description":"AXIS-Y Vegan kolag\u0113na acu serums izl\u012bdzina maigo \u0101du ap ac\u012bm, samazina grumbu dzi\u013cumu, savelk un nostiprina,nov\u0113r\u0161 noguruma paz\u012bmes, padara acu \u0101du svaigu","robots":{"index":"index","follow":"follow","max-snippet":"max-snippet:-1","max-image-preview":"max-image-preview:large","max-video-preview":"max-video-preview:-1"},"canonical":"https:\/\/www.facecorner.lv\/lv\/shop\/axis-y-vegan-collagen-eye-serum-10ml\/","og_locale":"lv_LV","og_type":"article","og_title":"AXIS-Y Vegan Collagen Eye Serum 10ml - FACECORNER","og_description":"AXIS-Y Vegan kolag\u0113na acu serums izl\u012bdzina maigo \u0101du ap ac\u012bm, samazina grumbu dzi\u013cumu, savelk un nostiprina,nov\u0113r\u0161 noguruma paz\u012bmes, padara acu \u0101du svaigu","og_url":"https:\/\/www.facecorner.lv\/lv\/shop\/axis-y-vegan-collagen-eye-serum-10ml\/","og_site_name":"FACECORNER","article_publisher":"https:\/\/www.facebook.com\/profile.php?id=100063824551839","article_modified_time":"2026-02-18T11:01:23+00:00","og_image":[{"width":640,"height":640,"url":"https:\/\/www.facecorner.lv\/wp-content\/uploads\/2025\/04\/XXL_p0205723402.webp","type":"image\/webp"}],"twitter_card":"summary_large_image","twitter_misc":{"Price":"&euro;23.00","Availability":"In stock"},"schema":{"@context":"https:\/\/schema.org","@graph":[{"@type":"WebPage","@id":"https:\/\/www.facecorner.lv\/shop\/axis-y-vegan-collagen-eye-serum-10ml\/","url":"https:\/\/www.facecorner.lv\/shop\/axis-y-vegan-collagen-eye-serum-10ml\/","name":"AXIS-Y Vegan Collagen Eye Serum 10ml - FACECORNER","isPartOf":{"@id":"https:\/\/www.facecorner.lv\/#website"},"primaryImageOfPage":{"@id":"https:\/\/www.facecorner.lv\/shop\/axis-y-vegan-collagen-eye-serum-10ml\/#primaryimage"},"image":{"@id":"https:\/\/www.facecorner.lv\/shop\/axis-y-vegan-collagen-eye-serum-10ml\/#primaryimage"},"thumbnailUrl":"https:\/\/www.facecorner.lv\/wp-content\/uploads\/2025\/04\/XXL_p0205723402.webp","datePublished":"2025-04-24T09:50:59+00:00","dateModified":"2026-02-18T11:01:23+00:00","description":"AXIS-Y Vegan kolag\u0113na acu serums izl\u012bdzina maigo \u0101du ap ac\u012bm, samazina grumbu dzi\u013cumu, savelk un nostiprina,nov\u0113r\u0161 noguruma paz\u012bmes, padara acu \u0101du svaigu","breadcrumb":{"@id":"https:\/\/www.facecorner.lv\/shop\/axis-y-vegan-collagen-eye-serum-10ml\/#breadcrumb"},"inLanguage":"lv-LV","potentialAction":[{"@type":"ReadAction","target":["https:\/\/www.facecorner.lv\/shop\/axis-y-vegan-collagen-eye-serum-10ml\/"]}]},{"@type":"ImageObject","inLanguage":"lv-LV","@id":"https:\/\/www.facecorner.lv\/shop\/axis-y-vegan-collagen-eye-serum-10ml\/#primaryimage","url":"https:\/\/www.facecorner.lv\/wp-content\/uploads\/2025\/04\/XXL_p0205723402.webp","contentUrl":"https:\/\/www.facecorner.lv\/wp-content\/uploads\/2025\/04\/XXL_p0205723402.webp","width":640,"height":640,"caption":"AXIS-Y Vegan Collagen Eye Serum 10ml"},{"@type":"BreadcrumbList","@id":"https:\/\/www.facecorner.lv\/shop\/axis-y-vegan-collagen-eye-serum-10ml\/#breadcrumb","itemListElement":[{"@type":"ListItem","position":1,"name":"Home","item":"https:\/\/www.facecorner.lv\/"},{"@type":"ListItem","position":2,"name":"Veikals","item":"https:\/\/www.facecorner.lv\/shop\/"},{"@type":"ListItem","position":3,"name":"AXIS-Y Vegan Collagen Eye Serum 10ml"}]},{"@type":"WebSite","@id":"https:\/\/www.facecorner.lv\/#website","url":"https:\/\/www.facecorner.lv\/","name":"Facecorner","description":"","publisher":{"@id":"https:\/\/www.facecorner.lv\/#organization"},"potentialAction":[{"@type":"SearchAction","target":{"@type":"EntryPoint","urlTemplate":"https:\/\/www.facecorner.lv\/?s={search_term_string}"},"query-input":{"@type":"PropertyValueSpecification","valueRequired":true,"valueName":"search_term_string"}}],"inLanguage":"lv-LV"},{"@type":"Organization","@id":"https:\/\/www.facecorner.lv\/#organization","name":"Facecorner","url":"https:\/\/www.facecorner.lv\/","logo":{"@type":"ImageObject","inLanguage":"lv-LV","@id":"https:\/\/www.facecorner.lv\/#\/schema\/logo\/image\/","url":"https:\/\/www.facecorner.lv\/wp-content\/uploads\/2024\/04\/fc-logo.jpg","contentUrl":"https:\/\/www.facecorner.lv\/wp-content\/uploads\/2024\/04\/fc-logo.jpg","width":174,"height":28,"caption":"Facecorner"},"image":{"@id":"https:\/\/www.facecorner.lv\/#\/schema\/logo\/image\/"},"sameAs":["https:\/\/www.facebook.com\/profile.php?id=100063824551839","https:\/\/www.instagram.com\/facecorner_shop\/"]}]},"product_price_amount":"23.00","product_price_currency":"EUR","og_availability":"instock","product_availability":"instock","product_condition":"new"},"_links":{"self":[{"href":"https:\/\/www.facecorner.lv\/lv\/wp-json\/wp\/v2\/product\/24094","targetHints":{"allow":["GET"]}}],"collection":[{"href":"https:\/\/www.facecorner.lv\/lv\/wp-json\/wp\/v2\/product"}],"about":[{"href":"https:\/\/www.facecorner.lv\/lv\/wp-json\/wp\/v2\/types\/product"}],"replies":[{"embeddable":true,"href":"https:\/\/www.facecorner.lv\/lv\/wp-json\/wp\/v2\/comments?post=24094"}],"wp:featuredmedia":[{"embeddable":true,"href":"https:\/\/www.facecorner.lv\/lv\/wp-json\/wp\/v2\/media\/24095"}],"wp:attachment":[{"href":"https:\/\/www.facecorner.lv\/lv\/wp-json\/wp\/v2\/media?parent=24094"}],"wp:term":[{"taxonomy":"product_brand","embeddable":true,"href":"https:\/\/www.facecorner.lv\/lv\/wp-json\/wp\/v2\/product_brand?post=24094"},{"taxonomy":"product_cat","embeddable":true,"href":"https:\/\/www.facecorner.lv\/lv\/wp-json\/wp\/v2\/product_cat?post=24094"},{"taxonomy":"product_tag","embeddable":true,"href":"https:\/\/www.facecorner.lv\/lv\/wp-json\/wp\/v2\/product_tag?post=24094"},{"taxonomy":"berocket_brand","embeddable":true,"href":"https:\/\/www.facecorner.lv\/lv\/wp-json\/wp\/v2\/berocket_brand?post=24094"}],"curies":[{"name":"wp","href":"https:\/\/api.w.org\/{rel}","templated":true}]}}