{"id":24018,"date":"2025-04-17T14:28:55","date_gmt":"2025-04-17T11:28:55","guid":{"rendered":"https:\/\/www.facecorner.lv\/?post_type=product&#038;p=24018"},"modified":"2025-11-27T13:26:06","modified_gmt":"2025-11-27T10:26:06","slug":"medipeel-peptide-9-bio-sun-stick-pro-spf50-pa","status":"publish","type":"product","link":"https:\/\/www.facecorner.lv\/lv\/shop\/medipeel-peptide-9-bio-sun-stick-pro-spf50-pa\/","title":{"rendered":"MEDIPEEL Peptide 9 Bio Sun Stick PRO SPF50+ PA++++"},"content":{"rendered":"<p>MEDIPEEL Peptide 9 Bio Sun Stick PRO SPF50+ PA++++\u00a0 ir dubulta iedarb\u012bba: tas aizsarg\u0101 no UV stariem un nov\u0113r\u0161 noveco\u0161an\u0101s procesus, uzlabo \u0101das tvirtumu un elast\u012bbu, m\u012bkstina un izl\u012bdzina.<\/p>\n<p>Produkts ir lieliski piem\u0113rots saules aizsargsl\u0101\u0146a atjauno\u0161anai dienas laik\u0101 un aizsardz\u012bbai no UV stariem pils\u0113t\u0101: n\u016bji\u0146a nov\u0113r\u0161 pigment\u0101ciju un saules apdegumus, aizsarg\u0101 pret fotonoveco\u0161anos, neatst\u0101j baltas p\u0113das, pateicoties jaun\u0101s paaudzes \u0137\u012bmiskajiem fotostabilajiem filtriem:<\/p>\n<ul>\n<li>Uvinul A Plus (Diethylamino Hydroxybenzoyl Hexyl Benzoate) aizsarg\u0101 pret UVA stariem.<\/li>\n<li>Tinosorb S (bis-etilheksilheksiloksiloksifenols-metoksifeniltriaz\u012bns) &#8211; pla\u0161a spektra filtrs, aizsarg\u0101 pret UVA un UVB stariem.<\/li>\n<\/ul>\n<p><strong>Produkts p\u0113c uzkl\u0101\u0161anas pat\u012bkami atdziest, atst\u0101jot samtainu apdari bez taukainas pl\u0113v\u012btes. \u0112rta n\u016bjas forma \u013cauj izplat\u012bt produktu pat gr\u016bti sasniedzam\u0101s viet\u0101s, piem\u0113ram, uz deguna sp\u0101rniem.<\/strong><\/p>\n<p>Satur 9 pept\u012bdu kompleksu, tostarp botul\u012bnam l\u012bdz\u012bgo musku\u013cu relaksantu pept\u012bdu argirel\u012bnu, k\u0101 ar\u012b vara pept\u012bdu. Pept\u012bdiem ir komplekss atjaunojo\u0161s efekts: tie palielina kolag\u0113na ra\u017eo\u0161anu un nov\u0113r\u0161 t\u0101 izn\u012bcin\u0101\u0161anu, veicina sejas musku\u013cu relaks\u0101ciju un pa\u0101trina atjauno\u0161anos, t\u0101d\u0113j\u0101di samazinot grumbu dzi\u013cumu, padarot \u0101du bl\u012bvu un elast\u012bgu.<\/p>\n<p><strong>Lieto\u0161anas nor\u0101d\u012bjumi:<\/strong> Atskr\u016bv\u0113jiet koci\u0146u apm\u0113ram 5 mm, vienm\u0113r\u012bgi sadaliet koci\u0146u pa sejas, kakla un cit\u0101m atkl\u0101taj\u0101m \u0101das viet\u0101m. Ieteicams aizsargsl\u0101\u0146a atjauno\u0161anai. Lietojot k\u0101 atsevi\u0161\u0137u sau\u013co\u0161an\u0101s l\u012bdzekli, uzkl\u0101jiet koci\u0146u 3-4 k\u0101rt\u0101s.<\/p>\n<p><strong>S\u0101stavs:\u00a0<\/strong>Cetyl Ethylhexanoate, Dimethicone, Methyl Methacrylate Crosspolymer, Octocrylene, Ethylhexyl Methoxycinnamate, Ozokerite, Synthetic Wax, Diethylamino Hydroxybenzoylhexyl Benzoate, Butylene Glycol Die. Caprylate\/dicaprate, Vinyl Dimethicone\/methicone Silsesquioxane Crosspolymer, Ethylhexyl Salicylate, Dipropylene Glycol, Bis-ethylhexyloxyphenol Methoxyphenyl Triazine, Microcrystalline Wax , Fragrance, 1,2-hexanediol, Caprylic\/capric Glycerase, Oil-soluble Licorice Extract, Pentylene Glycol, Adenosine, Niacinamide, Tocopheryl Acetate, Purified Water, Glycerin, Hydrolyzed Hyaluronic. Acid, Ectoin, Butylene Glycol, Caprylic\/capric Triglyceride, Drumstick Seed Extract, Collagen, Hydrogenated Lecithin, Leuconostoc\/non-fermented Filtrate, Kelp Extract, Sugared Elm Root Extract, Aloe Vera Leaf Extract, Ubiquinone, Violet Flower Extract, Yam Root Extract, Polyglyceryl-10 Laurate, Sodium Hyaluronate, Sunflower Flower Extract, Ethylhexylglycerin, Sodium Soy Hydrolyzed Collagen, Collagen Amino Acid, Hydrolyzed Rolled Collagen, Tripeptide-1 (0.0064 Ppb), Citric Acid, Sodium Hyaluronate Crosspolymer, Potassium Hyaluronate, Hydroxypropyl Trimonium Hyaluronate, Hydrolyzed Sodium Hyaluronate Nate, Hyaluronic Acid, Acetyl Hexapeptide-8 (0.0005 Ppb), Alanine\/histidine\/lysine Polypeptide Copper HCL (0.0005 Ppb), Copper Tripeptide-1 (0.0005 Ppb), Palmitoyl Tripeptide-1 ( 0.0005 Ppb), Palmitoyl Pentapeptide-4 (0.0005 Ppb), Hexapeptide-11 (0.0005 Ppb), Hexapeptide-9 (0.0005 Ppb), Sodium Hydroxide, Glycine, Glutamic Acid, Nonapeptide-1 ( 0.0001 Ppb), Leucine, Methionine, Valine, Serine, Sodium Acetylated Hyaluronate, Aspartic Acid, Isoleucine, Alanine, Arginine, Ornithine, Taurine, Phenylalanine, Proline, Histidine.<\/p>\n","protected":false},"excerpt":{"rendered":"<p>MEDIPEEL Peptide 9 Bio Sun Stick PRO SPF50+ PA++++\u00a0 ir dubulta iedarb\u012bba: tas aizsarg\u0101 no UV stariem un nov\u0113r\u0161 noveco\u0161an\u0101s procesus, uzlabo \u0101das tvirtumu un elast\u012bbu, m\u012bkstina un izl\u012bdzina.<\/p>\n","protected":false},"featured_media":24019,"comment_status":"open","ping_status":"closed","template":"","meta":{"site-sidebar-layout":"default","site-content-layout":"","ast-site-content-layout":"default","site-content-style":"default","site-sidebar-style":"default","ast-global-header-display":"","ast-banner-title-visibility":"","ast-main-header-display":"","ast-hfb-above-header-display":"","ast-hfb-below-header-display":"","ast-hfb-mobile-header-display":"","site-post-title":"","ast-breadcrumbs-content":"","ast-featured-img":"","footer-sml-layout":"","theme-transparent-header-meta":"default","adv-header-id-meta":"","stick-header-meta":"","header-above-stick-meta":"","header-main-stick-meta":"","header-below-stick-meta":"","astra-migrate-meta-layouts":"set","ast-page-background-enabled":"default","ast-page-background-meta":{"desktop":{"background-color":"var(--ast-global-color-4)","background-image":"","background-repeat":"repeat","background-position":"center center","background-size":"auto","background-attachment":"scroll","background-type":"","background-media":"","overlay-type":"","overlay-color":"","overlay-opacity":"","overlay-gradient":""},"tablet":{"background-color":"","background-image":"","background-repeat":"repeat","background-position":"center center","background-size":"auto","background-attachment":"scroll","background-type":"","background-media":"","overlay-type":"","overlay-color":"","overlay-opacity":"","overlay-gradient":""},"mobile":{"background-color":"","background-image":"","background-repeat":"repeat","background-position":"center center","background-size":"auto","background-attachment":"scroll","background-type":"","background-media":"","overlay-type":"","overlay-color":"","overlay-opacity":"","overlay-gradient":""}},"ast-content-background-meta":{"desktop":{"background-color":"var(--ast-global-color-5)","background-image":"","background-repeat":"repeat","background-position":"center center","background-size":"auto","background-attachment":"scroll","background-type":"","background-media":"","overlay-type":"","overlay-color":"","overlay-opacity":"","overlay-gradient":""},"tablet":{"background-color":"var(--ast-global-color-5)","background-image":"","background-repeat":"repeat","background-position":"center center","background-size":"auto","background-attachment":"scroll","background-type":"","background-media":"","overlay-type":"","overlay-color":"","overlay-opacity":"","overlay-gradient":""},"mobile":{"background-color":"var(--ast-global-color-5)","background-image":"","background-repeat":"repeat","background-position":"center center","background-size":"auto","background-attachment":"scroll","background-type":"","background-media":"","overlay-type":"","overlay-color":"","overlay-opacity":"","overlay-gradient":""}}},"product_brand":[],"product_cat":[511,512],"product_tag":[],"berocket_brand":[583],"class_list":{"0":"post-24018","1":"product","2":"type-product","3":"status-publish","4":"has-post-thumbnail","6":"product_cat-atlaides","7":"product_cat-spf","8":"berocket_brand-medi-peel","9":"desktop-align-left","10":"tablet-align-left","11":"mobile-align-left","13":"first","14":"outofstock","15":"sale","16":"taxable","17":"shipping-taxable","18":"purchasable","19":"product-type-simple","20":"add-to-wishlist-before_image"},"yoast_head":"<!-- This site is optimized with the Yoast SEO plugin v27.4 - https:\/\/yoast.com\/product\/yoast-seo-wordpress\/ -->\n<title>MEDIPEEL Peptide 9 Bio Sun Stick PRO SPF50+ PA++++ - FACECORNER<\/title>\n<meta name=\"description\" content=\"MEDIPEEL Peptide 9 Bio Sun Stick PRO SPF50+ PA++++\u00a0 ir dubulta iedarb\u012bba: tas aizsarg\u0101 no UV stariem un nov\u0113r\u0161 noveco\u0161an\u0101s procesus\" \/>\n<meta name=\"robots\" content=\"index, follow, max-snippet:-1, max-image-preview:large, max-video-preview:-1\" \/>\n<link rel=\"canonical\" href=\"https:\/\/www.facecorner.lv\/lv\/shop\/medipeel-peptide-9-bio-sun-stick-pro-spf50-pa\/\" \/>\n<meta property=\"og:locale\" content=\"lv_LV\" \/>\n<meta property=\"og:type\" content=\"article\" \/>\n<meta property=\"og:title\" content=\"MEDIPEEL Peptide 9 Bio Sun Stick PRO SPF50+ PA++++ - FACECORNER\" \/>\n<meta property=\"og:description\" content=\"MEDIPEEL Peptide 9 Bio Sun Stick PRO SPF50+ PA++++\u00a0 ir dubulta iedarb\u012bba: tas aizsarg\u0101 no UV stariem un nov\u0113r\u0161 noveco\u0161an\u0101s procesus\" \/>\n<meta property=\"og:url\" content=\"https:\/\/www.facecorner.lv\/lv\/shop\/medipeel-peptide-9-bio-sun-stick-pro-spf50-pa\/\" \/>\n<meta property=\"og:site_name\" content=\"FACECORNER\" \/>\n<meta property=\"article:publisher\" content=\"https:\/\/www.facebook.com\/profile.php?id=100063824551839\" \/>\n<meta property=\"article:modified_time\" content=\"2025-11-27T10:26:06+00:00\" \/>\n<meta property=\"og:image\" content=\"https:\/\/www.facecorner.lv\/wp-content\/uploads\/2025\/04\/em109yxac8n4sutn05e7e70impeuo397.png\" \/>\n\t<meta property=\"og:image:width\" content=\"1000\" \/>\n\t<meta property=\"og:image:height\" content=\"1000\" \/>\n\t<meta property=\"og:image:type\" content=\"image\/png\" \/>\n<meta name=\"twitter:card\" content=\"summary_large_image\" \/>\n<meta name=\"twitter:label1\" content=\"Price\" \/>\n\t<meta name=\"twitter:data1\" content=\"&euro;18.50\" \/>\n\t<meta name=\"twitter:label2\" content=\"Availability\" \/>\n\t<meta name=\"twitter:data2\" content=\"Out of stock\" \/>\n<script type=\"application\/ld+json\" class=\"yoast-schema-graph\">{\"@context\":\"https:\\\/\\\/schema.org\",\"@graph\":[{\"@type\":\"WebPage\",\"@id\":\"https:\\\/\\\/www.facecorner.lv\\\/shop\\\/medipeel-peptide-9-bio-sun-stick-pro-spf50-pa\\\/\",\"url\":\"https:\\\/\\\/www.facecorner.lv\\\/shop\\\/medipeel-peptide-9-bio-sun-stick-pro-spf50-pa\\\/\",\"name\":\"MEDIPEEL Peptide 9 Bio Sun Stick PRO SPF50+ PA++++ - FACECORNER\",\"isPartOf\":{\"@id\":\"https:\\\/\\\/www.facecorner.lv\\\/#website\"},\"primaryImageOfPage\":{\"@id\":\"https:\\\/\\\/www.facecorner.lv\\\/shop\\\/medipeel-peptide-9-bio-sun-stick-pro-spf50-pa\\\/#primaryimage\"},\"image\":{\"@id\":\"https:\\\/\\\/www.facecorner.lv\\\/shop\\\/medipeel-peptide-9-bio-sun-stick-pro-spf50-pa\\\/#primaryimage\"},\"thumbnailUrl\":\"https:\\\/\\\/www.facecorner.lv\\\/wp-content\\\/uploads\\\/2025\\\/04\\\/em109yxac8n4sutn05e7e70impeuo397.png\",\"datePublished\":\"2025-04-17T11:28:55+00:00\",\"dateModified\":\"2025-11-27T10:26:06+00:00\",\"description\":\"MEDIPEEL Peptide 9 Bio Sun Stick PRO SPF50+ PA++++\u00a0 ir dubulta iedarb\u012bba: tas aizsarg\u0101 no UV stariem un nov\u0113r\u0161 noveco\u0161an\u0101s procesus\",\"breadcrumb\":{\"@id\":\"https:\\\/\\\/www.facecorner.lv\\\/shop\\\/medipeel-peptide-9-bio-sun-stick-pro-spf50-pa\\\/#breadcrumb\"},\"inLanguage\":\"lv-LV\",\"potentialAction\":[{\"@type\":\"ReadAction\",\"target\":[\"https:\\\/\\\/www.facecorner.lv\\\/shop\\\/medipeel-peptide-9-bio-sun-stick-pro-spf50-pa\\\/\"]}]},{\"@type\":\"ImageObject\",\"inLanguage\":\"lv-LV\",\"@id\":\"https:\\\/\\\/www.facecorner.lv\\\/shop\\\/medipeel-peptide-9-bio-sun-stick-pro-spf50-pa\\\/#primaryimage\",\"url\":\"https:\\\/\\\/www.facecorner.lv\\\/wp-content\\\/uploads\\\/2025\\\/04\\\/em109yxac8n4sutn05e7e70impeuo397.png\",\"contentUrl\":\"https:\\\/\\\/www.facecorner.lv\\\/wp-content\\\/uploads\\\/2025\\\/04\\\/em109yxac8n4sutn05e7e70impeuo397.png\",\"width\":1000,\"height\":1000,\"caption\":\"MEDIPEEL Peptide 9 Bio Sun Stick PRO SPF50+ PA++++\"},{\"@type\":\"BreadcrumbList\",\"@id\":\"https:\\\/\\\/www.facecorner.lv\\\/shop\\\/medipeel-peptide-9-bio-sun-stick-pro-spf50-pa\\\/#breadcrumb\",\"itemListElement\":[{\"@type\":\"ListItem\",\"position\":1,\"name\":\"Home\",\"item\":\"https:\\\/\\\/www.facecorner.lv\\\/\"},{\"@type\":\"ListItem\",\"position\":2,\"name\":\"Veikals\",\"item\":\"https:\\\/\\\/www.facecorner.lv\\\/shop\\\/\"},{\"@type\":\"ListItem\",\"position\":3,\"name\":\"MEDIPEEL Peptide 9 Bio Sun Stick PRO SPF50+ PA++++\"}]},{\"@type\":\"WebSite\",\"@id\":\"https:\\\/\\\/www.facecorner.lv\\\/#website\",\"url\":\"https:\\\/\\\/www.facecorner.lv\\\/\",\"name\":\"Facecorner\",\"description\":\"\",\"publisher\":{\"@id\":\"https:\\\/\\\/www.facecorner.lv\\\/#organization\"},\"potentialAction\":[{\"@type\":\"SearchAction\",\"target\":{\"@type\":\"EntryPoint\",\"urlTemplate\":\"https:\\\/\\\/www.facecorner.lv\\\/?s={search_term_string}\"},\"query-input\":{\"@type\":\"PropertyValueSpecification\",\"valueRequired\":true,\"valueName\":\"search_term_string\"}}],\"inLanguage\":\"lv-LV\"},{\"@type\":\"Organization\",\"@id\":\"https:\\\/\\\/www.facecorner.lv\\\/#organization\",\"name\":\"Facecorner\",\"url\":\"https:\\\/\\\/www.facecorner.lv\\\/\",\"logo\":{\"@type\":\"ImageObject\",\"inLanguage\":\"lv-LV\",\"@id\":\"https:\\\/\\\/www.facecorner.lv\\\/#\\\/schema\\\/logo\\\/image\\\/\",\"url\":\"https:\\\/\\\/www.facecorner.lv\\\/wp-content\\\/uploads\\\/2024\\\/04\\\/fc-logo.jpg\",\"contentUrl\":\"https:\\\/\\\/www.facecorner.lv\\\/wp-content\\\/uploads\\\/2024\\\/04\\\/fc-logo.jpg\",\"width\":174,\"height\":28,\"caption\":\"Facecorner\"},\"image\":{\"@id\":\"https:\\\/\\\/www.facecorner.lv\\\/#\\\/schema\\\/logo\\\/image\\\/\"},\"sameAs\":[\"https:\\\/\\\/www.facebook.com\\\/profile.php?id=100063824551839\",\"https:\\\/\\\/www.instagram.com\\\/facecorner_shop\\\/\"]}]}<\/script>\n<meta property=\"product:price:amount\" content=\"18.50\" \/>\n<meta property=\"product:price:currency\" content=\"EUR\" \/>\n<meta property=\"og:availability\" content=\"out of stock\" \/>\n<meta property=\"product:availability\" content=\"out of stock\" \/>\n<meta property=\"product:condition\" content=\"new\" \/>\n<!-- \/ Yoast SEO plugin. -->","yoast_head_json":{"title":"MEDIPEEL Peptide 9 Bio Sun Stick PRO SPF50+ PA++++ - FACECORNER","description":"MEDIPEEL Peptide 9 Bio Sun Stick PRO SPF50+ PA++++\u00a0 ir dubulta iedarb\u012bba: tas aizsarg\u0101 no UV stariem un nov\u0113r\u0161 noveco\u0161an\u0101s procesus","robots":{"index":"index","follow":"follow","max-snippet":"max-snippet:-1","max-image-preview":"max-image-preview:large","max-video-preview":"max-video-preview:-1"},"canonical":"https:\/\/www.facecorner.lv\/lv\/shop\/medipeel-peptide-9-bio-sun-stick-pro-spf50-pa\/","og_locale":"lv_LV","og_type":"article","og_title":"MEDIPEEL Peptide 9 Bio Sun Stick PRO SPF50+ PA++++ - FACECORNER","og_description":"MEDIPEEL Peptide 9 Bio Sun Stick PRO SPF50+ PA++++\u00a0 ir dubulta iedarb\u012bba: tas aizsarg\u0101 no UV stariem un nov\u0113r\u0161 noveco\u0161an\u0101s procesus","og_url":"https:\/\/www.facecorner.lv\/lv\/shop\/medipeel-peptide-9-bio-sun-stick-pro-spf50-pa\/","og_site_name":"FACECORNER","article_publisher":"https:\/\/www.facebook.com\/profile.php?id=100063824551839","article_modified_time":"2025-11-27T10:26:06+00:00","og_image":[{"width":1000,"height":1000,"url":"https:\/\/www.facecorner.lv\/wp-content\/uploads\/2025\/04\/em109yxac8n4sutn05e7e70impeuo397.png","type":"image\/png"}],"twitter_card":"summary_large_image","twitter_misc":{"Price":"&euro;18.50","Availability":"Out of stock"},"schema":{"@context":"https:\/\/schema.org","@graph":[{"@type":"WebPage","@id":"https:\/\/www.facecorner.lv\/shop\/medipeel-peptide-9-bio-sun-stick-pro-spf50-pa\/","url":"https:\/\/www.facecorner.lv\/shop\/medipeel-peptide-9-bio-sun-stick-pro-spf50-pa\/","name":"MEDIPEEL Peptide 9 Bio Sun Stick PRO SPF50+ PA++++ - FACECORNER","isPartOf":{"@id":"https:\/\/www.facecorner.lv\/#website"},"primaryImageOfPage":{"@id":"https:\/\/www.facecorner.lv\/shop\/medipeel-peptide-9-bio-sun-stick-pro-spf50-pa\/#primaryimage"},"image":{"@id":"https:\/\/www.facecorner.lv\/shop\/medipeel-peptide-9-bio-sun-stick-pro-spf50-pa\/#primaryimage"},"thumbnailUrl":"https:\/\/www.facecorner.lv\/wp-content\/uploads\/2025\/04\/em109yxac8n4sutn05e7e70impeuo397.png","datePublished":"2025-04-17T11:28:55+00:00","dateModified":"2025-11-27T10:26:06+00:00","description":"MEDIPEEL Peptide 9 Bio Sun Stick PRO SPF50+ PA++++\u00a0 ir dubulta iedarb\u012bba: tas aizsarg\u0101 no UV stariem un nov\u0113r\u0161 noveco\u0161an\u0101s procesus","breadcrumb":{"@id":"https:\/\/www.facecorner.lv\/shop\/medipeel-peptide-9-bio-sun-stick-pro-spf50-pa\/#breadcrumb"},"inLanguage":"lv-LV","potentialAction":[{"@type":"ReadAction","target":["https:\/\/www.facecorner.lv\/shop\/medipeel-peptide-9-bio-sun-stick-pro-spf50-pa\/"]}]},{"@type":"ImageObject","inLanguage":"lv-LV","@id":"https:\/\/www.facecorner.lv\/shop\/medipeel-peptide-9-bio-sun-stick-pro-spf50-pa\/#primaryimage","url":"https:\/\/www.facecorner.lv\/wp-content\/uploads\/2025\/04\/em109yxac8n4sutn05e7e70impeuo397.png","contentUrl":"https:\/\/www.facecorner.lv\/wp-content\/uploads\/2025\/04\/em109yxac8n4sutn05e7e70impeuo397.png","width":1000,"height":1000,"caption":"MEDIPEEL Peptide 9 Bio Sun Stick PRO SPF50+ PA++++"},{"@type":"BreadcrumbList","@id":"https:\/\/www.facecorner.lv\/shop\/medipeel-peptide-9-bio-sun-stick-pro-spf50-pa\/#breadcrumb","itemListElement":[{"@type":"ListItem","position":1,"name":"Home","item":"https:\/\/www.facecorner.lv\/"},{"@type":"ListItem","position":2,"name":"Veikals","item":"https:\/\/www.facecorner.lv\/shop\/"},{"@type":"ListItem","position":3,"name":"MEDIPEEL Peptide 9 Bio Sun Stick PRO SPF50+ PA++++"}]},{"@type":"WebSite","@id":"https:\/\/www.facecorner.lv\/#website","url":"https:\/\/www.facecorner.lv\/","name":"Facecorner","description":"","publisher":{"@id":"https:\/\/www.facecorner.lv\/#organization"},"potentialAction":[{"@type":"SearchAction","target":{"@type":"EntryPoint","urlTemplate":"https:\/\/www.facecorner.lv\/?s={search_term_string}"},"query-input":{"@type":"PropertyValueSpecification","valueRequired":true,"valueName":"search_term_string"}}],"inLanguage":"lv-LV"},{"@type":"Organization","@id":"https:\/\/www.facecorner.lv\/#organization","name":"Facecorner","url":"https:\/\/www.facecorner.lv\/","logo":{"@type":"ImageObject","inLanguage":"lv-LV","@id":"https:\/\/www.facecorner.lv\/#\/schema\/logo\/image\/","url":"https:\/\/www.facecorner.lv\/wp-content\/uploads\/2024\/04\/fc-logo.jpg","contentUrl":"https:\/\/www.facecorner.lv\/wp-content\/uploads\/2024\/04\/fc-logo.jpg","width":174,"height":28,"caption":"Facecorner"},"image":{"@id":"https:\/\/www.facecorner.lv\/#\/schema\/logo\/image\/"},"sameAs":["https:\/\/www.facebook.com\/profile.php?id=100063824551839","https:\/\/www.instagram.com\/facecorner_shop\/"]}]},"product_price_amount":"18.50","product_price_currency":"EUR","og_availability":"out of stock","product_availability":"out of stock","product_condition":"new"},"_links":{"self":[{"href":"https:\/\/www.facecorner.lv\/lv\/wp-json\/wp\/v2\/product\/24018","targetHints":{"allow":["GET"]}}],"collection":[{"href":"https:\/\/www.facecorner.lv\/lv\/wp-json\/wp\/v2\/product"}],"about":[{"href":"https:\/\/www.facecorner.lv\/lv\/wp-json\/wp\/v2\/types\/product"}],"replies":[{"embeddable":true,"href":"https:\/\/www.facecorner.lv\/lv\/wp-json\/wp\/v2\/comments?post=24018"}],"wp:featuredmedia":[{"embeddable":true,"href":"https:\/\/www.facecorner.lv\/lv\/wp-json\/wp\/v2\/media\/24019"}],"wp:attachment":[{"href":"https:\/\/www.facecorner.lv\/lv\/wp-json\/wp\/v2\/media?parent=24018"}],"wp:term":[{"taxonomy":"product_brand","embeddable":true,"href":"https:\/\/www.facecorner.lv\/lv\/wp-json\/wp\/v2\/product_brand?post=24018"},{"taxonomy":"product_cat","embeddable":true,"href":"https:\/\/www.facecorner.lv\/lv\/wp-json\/wp\/v2\/product_cat?post=24018"},{"taxonomy":"product_tag","embeddable":true,"href":"https:\/\/www.facecorner.lv\/lv\/wp-json\/wp\/v2\/product_tag?post=24018"},{"taxonomy":"berocket_brand","embeddable":true,"href":"https:\/\/www.facecorner.lv\/lv\/wp-json\/wp\/v2\/berocket_brand?post=24018"}],"curies":[{"name":"wp","href":"https:\/\/api.w.org\/{rel}","templated":true}]}}