{"id":24015,"date":"2025-04-17T14:14:11","date_gmt":"2025-04-17T11:14:11","guid":{"rendered":"https:\/\/www.facecorner.lv\/?post_type=product&#038;p=24015"},"modified":"2026-05-05T13:07:50","modified_gmt":"2026-05-05T10:07:50","slug":"abib-collagen-eye-patch-jericho-rose-jelly-60ea","status":"publish","type":"product","link":"https:\/\/www.facecorner.lv\/lv\/shop\/abib-collagen-eye-patch-jericho-rose-jelly-60ea\/","title":{"rendered":"Abib Collagen Eye Patch Jericho Rose Jelly 60ea"},"content":{"rendered":"<p>Abib Collagen Eye Patch Jericho Rose Jelly pat\u010di mitrina un baro maigo \u0101du zem ac\u012bm, toniz\u0113 un nostiprina, lieliski nov\u0113r\u0161 ar vecumu saist\u012btas izmai\u0146as.<\/p>\n<p><strong>Produkts samazina tum\u0161os lokus, izl\u012bdzina \u0101das toni, c\u012bn\u0101s pret piet\u016bkumu un pie\u0161\u0137ir svaigumu un atp\u016btu\u0161os izskatu. Lieliski mitrina, nomierina \u0101das lob\u012b\u0161anos, nov\u0113r\u0161 sausumu un sasprindzin\u0101jumu.<\/strong><\/p>\n<p>Pl\u0101ksteri satur veg\u0101nu kolag\u0113nu, kas rad\u012bts ar ferment\u0113tu raugu. Kolag\u0113ns palielina visp\u0101r\u0113jo mitrin\u0101\u0161anu, izl\u012bdzina \u0101das tekst\u016bru un padara \u0101das nepiln\u012bbas daudz maz\u0101k paman\u0101mas, k\u0101 ar\u012b pal\u0113nina noveco\u0161an\u0101s procesus.<\/p>\n<ul>\n<li>Formulas sast\u0101vs ir bag\u0101tin\u0101ts ar D\u017eeriho rozes ekstraktu &#8211; \u0161is augs aug tuksnes\u012b, \u0101rk\u0101rt\u012bgi augst\u0101 temperat\u016br\u0101, un ir paz\u012bstams ar savu sp\u0113ju saglab\u0101t mitrumu. Jeriho roze intens\u012bvi mitrina, nomierina un aizsarg\u0101 pret sausumu, palielina epidermas mitruma aiztures sp\u0113ju.<\/li>\n<\/ul>\n<p><strong>Lieto\u0161ana:<\/strong> uzberiet pl\u0101ksterus ar l\u0101psti\u0146u un uzkl\u0101jiet uz zonas zem ac\u012bm vai uz pieres, pieres, vaigiem vai deguna un kakta krok\u0101m. P\u0113c 15-20 min\u016bt\u0113m no\u0146emiet un viegli noklauv\u0113iet, lai uzs\u016bktu atliku\u0161o esenci.<\/p>\n<p><strong>S\u0101stavs<\/strong>: Water, Glycerin, Niacinamide, Chondrus Crispus Powder, Collagen Extract, 1,2-Hexanediol, Betaine, Ceratonia Siliqua (Carob) Gum, Cyamopsis Tetragonoloba (Guar) Gum, Hydroxyacetophenone, Chondrus Crispus, Calcium Chloride, Allantoin, Butyrospermum Parkii (Shea) Butter, Propanediol, Polyglyceryl-10 Laurate, Polyglyceryl-3 Methylglucose Distearate, Potassium Chloride, Anastatica, Hierochuntica Extract, Cellulose Gum, Ricinus Communis (Castor) Seed Oil, Trehalose, Sucrose, Caprylyl Glycol, Adenosine, Ethylhexylglycerin, Dipotassium Glycyrrhizate , Sodium Hyaluronate, Caffeine, Panthenol, Ceramide NP, Palmitoyl Tripeptide-5<\/p>\n","protected":false},"excerpt":{"rendered":"<p>Abib Collagen Eye Patch Jericho Rose Jelly pat\u010di mitrina un baro maigo \u0101du zem ac\u012bm, toniz\u0113 un nostiprina, lieliski nov\u0113r\u0161 ar vecumu saist\u012btas izmai\u0146as.<\/p>\n","protected":false},"featured_media":24016,"comment_status":"open","ping_status":"closed","template":"","meta":{"site-sidebar-layout":"default","site-content-layout":"","ast-site-content-layout":"default","site-content-style":"default","site-sidebar-style":"default","ast-global-header-display":"","ast-banner-title-visibility":"","ast-main-header-display":"","ast-hfb-above-header-display":"","ast-hfb-below-header-display":"","ast-hfb-mobile-header-display":"","site-post-title":"","ast-breadcrumbs-content":"","ast-featured-img":"","footer-sml-layout":"","theme-transparent-header-meta":"default","adv-header-id-meta":"","stick-header-meta":"","header-above-stick-meta":"","header-main-stick-meta":"","header-below-stick-meta":"","astra-migrate-meta-layouts":"set","ast-page-background-enabled":"default","ast-page-background-meta":{"desktop":{"background-color":"var(--ast-global-color-4)","background-image":"","background-repeat":"repeat","background-position":"center center","background-size":"auto","background-attachment":"scroll","background-type":"","background-media":"","overlay-type":"","overlay-color":"","overlay-opacity":"","overlay-gradient":""},"tablet":{"background-color":"","background-image":"","background-repeat":"repeat","background-position":"center center","background-size":"auto","background-attachment":"scroll","background-type":"","background-media":"","overlay-type":"","overlay-color":"","overlay-opacity":"","overlay-gradient":""},"mobile":{"background-color":"","background-image":"","background-repeat":"repeat","background-position":"center center","background-size":"auto","background-attachment":"scroll","background-type":"","background-media":"","overlay-type":"","overlay-color":"","overlay-opacity":"","overlay-gradient":""}},"ast-content-background-meta":{"desktop":{"background-color":"var(--ast-global-color-5)","background-image":"","background-repeat":"repeat","background-position":"center center","background-size":"auto","background-attachment":"scroll","background-type":"","background-media":"","overlay-type":"","overlay-color":"","overlay-opacity":"","overlay-gradient":""},"tablet":{"background-color":"var(--ast-global-color-5)","background-image":"","background-repeat":"repeat","background-position":"center center","background-size":"auto","background-attachment":"scroll","background-type":"","background-media":"","overlay-type":"","overlay-color":"","overlay-opacity":"","overlay-gradient":""},"mobile":{"background-color":"var(--ast-global-color-5)","background-image":"","background-repeat":"repeat","background-position":"center center","background-size":"auto","background-attachment":"scroll","background-type":"","background-media":"","overlay-type":"","overlay-color":"","overlay-opacity":"","overlay-gradient":""}}},"product_brand":[],"product_cat":[327],"product_tag":[],"berocket_brand":[627],"class_list":{"0":"post-24015","1":"product","2":"type-product","3":"status-publish","4":"has-post-thumbnail","6":"product_cat-patci","7":"berocket_brand-abib","8":"desktop-align-left","9":"tablet-align-left","10":"mobile-align-left","12":"first","13":"outofstock","14":"taxable","15":"shipping-taxable","16":"purchasable","17":"product-type-simple","18":"add-to-wishlist-before_image"},"yoast_head":"<!-- This site is optimized with the Yoast SEO plugin v27.4 - https:\/\/yoast.com\/product\/yoast-seo-wordpress\/ -->\n<title>Abib Collagen Eye Patch Jericho Rose Jelly 60ea - FACECORNER<\/title>\n<meta name=\"description\" content=\"Abib Collagen Eye Patch Jericho Rose Jelly pat\u010di mitrina un baro maigo \u0101du zem ac\u012bm, toniz\u0113 un nostiprina, lieliski nov\u0113r\u0161 ar vecumu saist\u012btas izmai\u0146as.\" \/>\n<meta name=\"robots\" content=\"index, follow, max-snippet:-1, max-image-preview:large, max-video-preview:-1\" \/>\n<link rel=\"canonical\" href=\"https:\/\/www.facecorner.lv\/lv\/shop\/abib-collagen-eye-patch-jericho-rose-jelly-60ea\/\" \/>\n<meta property=\"og:locale\" content=\"lv_LV\" \/>\n<meta property=\"og:type\" content=\"article\" \/>\n<meta property=\"og:title\" content=\"Abib Collagen Eye Patch Jericho Rose Jelly 60ea - FACECORNER\" \/>\n<meta property=\"og:description\" content=\"Abib Collagen Eye Patch Jericho Rose Jelly pat\u010di mitrina un baro maigo \u0101du zem ac\u012bm, toniz\u0113 un nostiprina, lieliski nov\u0113r\u0161 ar vecumu saist\u012btas izmai\u0146as.\" \/>\n<meta property=\"og:url\" content=\"https:\/\/www.facecorner.lv\/lv\/shop\/abib-collagen-eye-patch-jericho-rose-jelly-60ea\/\" \/>\n<meta property=\"og:site_name\" content=\"FACECORNER\" \/>\n<meta property=\"article:publisher\" content=\"https:\/\/www.facebook.com\/profile.php?id=100063824551839\" \/>\n<meta property=\"article:modified_time\" content=\"2026-05-05T10:07:50+00:00\" \/>\n<meta property=\"og:image\" content=\"https:\/\/www.facecorner.lv\/wp-content\/uploads\/2025\/04\/61aqQ1pfcVL._SL1500_-1.jpg\" \/>\n\t<meta property=\"og:image:width\" content=\"1500\" \/>\n\t<meta property=\"og:image:height\" content=\"1500\" \/>\n\t<meta property=\"og:image:type\" content=\"image\/jpeg\" \/>\n<meta name=\"twitter:card\" content=\"summary_large_image\" \/>\n<meta name=\"twitter:label1\" content=\"Price\" \/>\n\t<meta name=\"twitter:data1\" content=\"&euro;23.25\" \/>\n\t<meta name=\"twitter:label2\" content=\"Availability\" \/>\n\t<meta name=\"twitter:data2\" content=\"Out of stock\" \/>\n<script type=\"application\/ld+json\" class=\"yoast-schema-graph\">{\"@context\":\"https:\\\/\\\/schema.org\",\"@graph\":[{\"@type\":\"WebPage\",\"@id\":\"https:\\\/\\\/www.facecorner.lv\\\/shop\\\/abib-collagen-eye-patch-jericho-rose-jelly-60ea\\\/\",\"url\":\"https:\\\/\\\/www.facecorner.lv\\\/shop\\\/abib-collagen-eye-patch-jericho-rose-jelly-60ea\\\/\",\"name\":\"Abib Collagen Eye Patch Jericho Rose Jelly 60ea - FACECORNER\",\"isPartOf\":{\"@id\":\"https:\\\/\\\/www.facecorner.lv\\\/#website\"},\"primaryImageOfPage\":{\"@id\":\"https:\\\/\\\/www.facecorner.lv\\\/shop\\\/abib-collagen-eye-patch-jericho-rose-jelly-60ea\\\/#primaryimage\"},\"image\":{\"@id\":\"https:\\\/\\\/www.facecorner.lv\\\/shop\\\/abib-collagen-eye-patch-jericho-rose-jelly-60ea\\\/#primaryimage\"},\"thumbnailUrl\":\"https:\\\/\\\/www.facecorner.lv\\\/wp-content\\\/uploads\\\/2025\\\/04\\\/61aqQ1pfcVL._SL1500_-1.jpg\",\"datePublished\":\"2025-04-17T11:14:11+00:00\",\"dateModified\":\"2026-05-05T10:07:50+00:00\",\"description\":\"Abib Collagen Eye Patch Jericho Rose Jelly pat\u010di mitrina un baro maigo \u0101du zem ac\u012bm, toniz\u0113 un nostiprina, lieliski nov\u0113r\u0161 ar vecumu saist\u012btas izmai\u0146as.\",\"breadcrumb\":{\"@id\":\"https:\\\/\\\/www.facecorner.lv\\\/shop\\\/abib-collagen-eye-patch-jericho-rose-jelly-60ea\\\/#breadcrumb\"},\"inLanguage\":\"lv-LV\",\"potentialAction\":[{\"@type\":\"ReadAction\",\"target\":[\"https:\\\/\\\/www.facecorner.lv\\\/shop\\\/abib-collagen-eye-patch-jericho-rose-jelly-60ea\\\/\"]}]},{\"@type\":\"ImageObject\",\"inLanguage\":\"lv-LV\",\"@id\":\"https:\\\/\\\/www.facecorner.lv\\\/shop\\\/abib-collagen-eye-patch-jericho-rose-jelly-60ea\\\/#primaryimage\",\"url\":\"https:\\\/\\\/www.facecorner.lv\\\/wp-content\\\/uploads\\\/2025\\\/04\\\/61aqQ1pfcVL._SL1500_-1.jpg\",\"contentUrl\":\"https:\\\/\\\/www.facecorner.lv\\\/wp-content\\\/uploads\\\/2025\\\/04\\\/61aqQ1pfcVL._SL1500_-1.jpg\",\"width\":1500,\"height\":1500,\"caption\":\"Abib Collagen Eye Patch Jericho Rose Jelly\"},{\"@type\":\"BreadcrumbList\",\"@id\":\"https:\\\/\\\/www.facecorner.lv\\\/shop\\\/abib-collagen-eye-patch-jericho-rose-jelly-60ea\\\/#breadcrumb\",\"itemListElement\":[{\"@type\":\"ListItem\",\"position\":1,\"name\":\"Home\",\"item\":\"https:\\\/\\\/www.facecorner.lv\\\/\"},{\"@type\":\"ListItem\",\"position\":2,\"name\":\"Veikals\",\"item\":\"https:\\\/\\\/www.facecorner.lv\\\/shop\\\/\"},{\"@type\":\"ListItem\",\"position\":3,\"name\":\"Abib Collagen Eye Patch Jericho Rose Jelly 60ea\"}]},{\"@type\":\"WebSite\",\"@id\":\"https:\\\/\\\/www.facecorner.lv\\\/#website\",\"url\":\"https:\\\/\\\/www.facecorner.lv\\\/\",\"name\":\"Facecorner\",\"description\":\"\",\"publisher\":{\"@id\":\"https:\\\/\\\/www.facecorner.lv\\\/#organization\"},\"potentialAction\":[{\"@type\":\"SearchAction\",\"target\":{\"@type\":\"EntryPoint\",\"urlTemplate\":\"https:\\\/\\\/www.facecorner.lv\\\/?s={search_term_string}\"},\"query-input\":{\"@type\":\"PropertyValueSpecification\",\"valueRequired\":true,\"valueName\":\"search_term_string\"}}],\"inLanguage\":\"lv-LV\"},{\"@type\":\"Organization\",\"@id\":\"https:\\\/\\\/www.facecorner.lv\\\/#organization\",\"name\":\"Facecorner\",\"url\":\"https:\\\/\\\/www.facecorner.lv\\\/\",\"logo\":{\"@type\":\"ImageObject\",\"inLanguage\":\"lv-LV\",\"@id\":\"https:\\\/\\\/www.facecorner.lv\\\/#\\\/schema\\\/logo\\\/image\\\/\",\"url\":\"https:\\\/\\\/www.facecorner.lv\\\/wp-content\\\/uploads\\\/2024\\\/04\\\/fc-logo.jpg\",\"contentUrl\":\"https:\\\/\\\/www.facecorner.lv\\\/wp-content\\\/uploads\\\/2024\\\/04\\\/fc-logo.jpg\",\"width\":174,\"height\":28,\"caption\":\"Facecorner\"},\"image\":{\"@id\":\"https:\\\/\\\/www.facecorner.lv\\\/#\\\/schema\\\/logo\\\/image\\\/\"},\"sameAs\":[\"https:\\\/\\\/www.facebook.com\\\/profile.php?id=100063824551839\",\"https:\\\/\\\/www.instagram.com\\\/facecorner_shop\\\/\"]}]}<\/script>\n<meta property=\"product:price:amount\" content=\"23.25\" \/>\n<meta property=\"product:price:currency\" content=\"EUR\" \/>\n<meta property=\"og:availability\" content=\"out of stock\" \/>\n<meta property=\"product:availability\" content=\"out of stock\" \/>\n<meta property=\"product:condition\" content=\"new\" \/>\n<!-- \/ Yoast SEO plugin. -->","yoast_head_json":{"title":"Abib Collagen Eye Patch Jericho Rose Jelly 60ea - FACECORNER","description":"Abib Collagen Eye Patch Jericho Rose Jelly pat\u010di mitrina un baro maigo \u0101du zem ac\u012bm, toniz\u0113 un nostiprina, lieliski nov\u0113r\u0161 ar vecumu saist\u012btas izmai\u0146as.","robots":{"index":"index","follow":"follow","max-snippet":"max-snippet:-1","max-image-preview":"max-image-preview:large","max-video-preview":"max-video-preview:-1"},"canonical":"https:\/\/www.facecorner.lv\/lv\/shop\/abib-collagen-eye-patch-jericho-rose-jelly-60ea\/","og_locale":"lv_LV","og_type":"article","og_title":"Abib Collagen Eye Patch Jericho Rose Jelly 60ea - FACECORNER","og_description":"Abib Collagen Eye Patch Jericho Rose Jelly pat\u010di mitrina un baro maigo \u0101du zem ac\u012bm, toniz\u0113 un nostiprina, lieliski nov\u0113r\u0161 ar vecumu saist\u012btas izmai\u0146as.","og_url":"https:\/\/www.facecorner.lv\/lv\/shop\/abib-collagen-eye-patch-jericho-rose-jelly-60ea\/","og_site_name":"FACECORNER","article_publisher":"https:\/\/www.facebook.com\/profile.php?id=100063824551839","article_modified_time":"2026-05-05T10:07:50+00:00","og_image":[{"width":1500,"height":1500,"url":"https:\/\/www.facecorner.lv\/wp-content\/uploads\/2025\/04\/61aqQ1pfcVL._SL1500_-1.jpg","type":"image\/jpeg"}],"twitter_card":"summary_large_image","twitter_misc":{"Price":"&euro;23.25","Availability":"Out of stock"},"schema":{"@context":"https:\/\/schema.org","@graph":[{"@type":"WebPage","@id":"https:\/\/www.facecorner.lv\/shop\/abib-collagen-eye-patch-jericho-rose-jelly-60ea\/","url":"https:\/\/www.facecorner.lv\/shop\/abib-collagen-eye-patch-jericho-rose-jelly-60ea\/","name":"Abib Collagen Eye Patch Jericho Rose Jelly 60ea - FACECORNER","isPartOf":{"@id":"https:\/\/www.facecorner.lv\/#website"},"primaryImageOfPage":{"@id":"https:\/\/www.facecorner.lv\/shop\/abib-collagen-eye-patch-jericho-rose-jelly-60ea\/#primaryimage"},"image":{"@id":"https:\/\/www.facecorner.lv\/shop\/abib-collagen-eye-patch-jericho-rose-jelly-60ea\/#primaryimage"},"thumbnailUrl":"https:\/\/www.facecorner.lv\/wp-content\/uploads\/2025\/04\/61aqQ1pfcVL._SL1500_-1.jpg","datePublished":"2025-04-17T11:14:11+00:00","dateModified":"2026-05-05T10:07:50+00:00","description":"Abib Collagen Eye Patch Jericho Rose Jelly pat\u010di mitrina un baro maigo \u0101du zem ac\u012bm, toniz\u0113 un nostiprina, lieliski nov\u0113r\u0161 ar vecumu saist\u012btas izmai\u0146as.","breadcrumb":{"@id":"https:\/\/www.facecorner.lv\/shop\/abib-collagen-eye-patch-jericho-rose-jelly-60ea\/#breadcrumb"},"inLanguage":"lv-LV","potentialAction":[{"@type":"ReadAction","target":["https:\/\/www.facecorner.lv\/shop\/abib-collagen-eye-patch-jericho-rose-jelly-60ea\/"]}]},{"@type":"ImageObject","inLanguage":"lv-LV","@id":"https:\/\/www.facecorner.lv\/shop\/abib-collagen-eye-patch-jericho-rose-jelly-60ea\/#primaryimage","url":"https:\/\/www.facecorner.lv\/wp-content\/uploads\/2025\/04\/61aqQ1pfcVL._SL1500_-1.jpg","contentUrl":"https:\/\/www.facecorner.lv\/wp-content\/uploads\/2025\/04\/61aqQ1pfcVL._SL1500_-1.jpg","width":1500,"height":1500,"caption":"Abib Collagen Eye Patch Jericho Rose Jelly"},{"@type":"BreadcrumbList","@id":"https:\/\/www.facecorner.lv\/shop\/abib-collagen-eye-patch-jericho-rose-jelly-60ea\/#breadcrumb","itemListElement":[{"@type":"ListItem","position":1,"name":"Home","item":"https:\/\/www.facecorner.lv\/"},{"@type":"ListItem","position":2,"name":"Veikals","item":"https:\/\/www.facecorner.lv\/shop\/"},{"@type":"ListItem","position":3,"name":"Abib Collagen Eye Patch Jericho Rose Jelly 60ea"}]},{"@type":"WebSite","@id":"https:\/\/www.facecorner.lv\/#website","url":"https:\/\/www.facecorner.lv\/","name":"Facecorner","description":"","publisher":{"@id":"https:\/\/www.facecorner.lv\/#organization"},"potentialAction":[{"@type":"SearchAction","target":{"@type":"EntryPoint","urlTemplate":"https:\/\/www.facecorner.lv\/?s={search_term_string}"},"query-input":{"@type":"PropertyValueSpecification","valueRequired":true,"valueName":"search_term_string"}}],"inLanguage":"lv-LV"},{"@type":"Organization","@id":"https:\/\/www.facecorner.lv\/#organization","name":"Facecorner","url":"https:\/\/www.facecorner.lv\/","logo":{"@type":"ImageObject","inLanguage":"lv-LV","@id":"https:\/\/www.facecorner.lv\/#\/schema\/logo\/image\/","url":"https:\/\/www.facecorner.lv\/wp-content\/uploads\/2024\/04\/fc-logo.jpg","contentUrl":"https:\/\/www.facecorner.lv\/wp-content\/uploads\/2024\/04\/fc-logo.jpg","width":174,"height":28,"caption":"Facecorner"},"image":{"@id":"https:\/\/www.facecorner.lv\/#\/schema\/logo\/image\/"},"sameAs":["https:\/\/www.facebook.com\/profile.php?id=100063824551839","https:\/\/www.instagram.com\/facecorner_shop\/"]}]},"product_price_amount":"23.25","product_price_currency":"EUR","og_availability":"out of stock","product_availability":"out of stock","product_condition":"new"},"_links":{"self":[{"href":"https:\/\/www.facecorner.lv\/lv\/wp-json\/wp\/v2\/product\/24015","targetHints":{"allow":["GET"]}}],"collection":[{"href":"https:\/\/www.facecorner.lv\/lv\/wp-json\/wp\/v2\/product"}],"about":[{"href":"https:\/\/www.facecorner.lv\/lv\/wp-json\/wp\/v2\/types\/product"}],"replies":[{"embeddable":true,"href":"https:\/\/www.facecorner.lv\/lv\/wp-json\/wp\/v2\/comments?post=24015"}],"wp:featuredmedia":[{"embeddable":true,"href":"https:\/\/www.facecorner.lv\/lv\/wp-json\/wp\/v2\/media\/24016"}],"wp:attachment":[{"href":"https:\/\/www.facecorner.lv\/lv\/wp-json\/wp\/v2\/media?parent=24015"}],"wp:term":[{"taxonomy":"product_brand","embeddable":true,"href":"https:\/\/www.facecorner.lv\/lv\/wp-json\/wp\/v2\/product_brand?post=24015"},{"taxonomy":"product_cat","embeddable":true,"href":"https:\/\/www.facecorner.lv\/lv\/wp-json\/wp\/v2\/product_cat?post=24015"},{"taxonomy":"product_tag","embeddable":true,"href":"https:\/\/www.facecorner.lv\/lv\/wp-json\/wp\/v2\/product_tag?post=24015"},{"taxonomy":"berocket_brand","embeddable":true,"href":"https:\/\/www.facecorner.lv\/lv\/wp-json\/wp\/v2\/berocket_brand?post=24015"}],"curies":[{"name":"wp","href":"https:\/\/api.w.org\/{rel}","templated":true}]}}