{"id":23984,"date":"2025-04-16T23:03:18","date_gmt":"2025-04-16T20:03:18","guid":{"rendered":"https:\/\/www.facecorner.lv\/?post_type=product&#038;p=23984"},"modified":"2026-01-11T19:46:01","modified_gmt":"2026-01-11T16:46:01","slug":"tfit-delicate-silk-veil-art-primer-30ml","status":"publish","type":"product","link":"https:\/\/www.facecorner.lv\/lv\/shop\/tfit-delicate-silk-veil-art-primer-30ml\/","title":{"rendered":"TFIT Delicate Silk Veil Art Primer 30ml"},"content":{"rendered":"<p>TFIT Delicate Silk Veil Art Primer ir grezna un inovat\u012bva gruntskr\u0101sa, kas ir izstr\u0101d\u0101ta, lai rad\u012btu nevainojamu grima efektu.<\/p>\n<p>Viegls un z\u012bdaini gluds, gruntskr\u0101sa viegli kl\u0101jas uz \u0101das, izdz\u0113\u0161 nepiln\u012bbas un sa\u0161aurina poras, pie\u0161\u0137irot J\u016bsu sejai izsmalcin\u0101tu un mirdzo\u0161u izskatu.<\/p>\n<p>Unik\u0101l\u0101 formula satur maigus z\u012bda ekstraktus, kas pie\u0161\u0137ir eleganci un vieglu mirdzumu, uzlabojot kop\u0113jo grima mirdzumu. Piem\u0113rots grima m\u0101ksliniekiem un grima entuziastiem.<\/p>\n<p>Pateicoties t\u0101 tr\u012bsk\u0101r\u0161ajai sa\u0137eres sist\u0113mai, l\u012bdzeklis pie \u0101das piel\u012bp k\u0101 magn\u0113ts, palielinot grima notur\u012bbu, sal\u012bdzinot ar grima pamatnes lieto\u0161anu atsevi\u0161\u0137i, savuk\u0101rt z\u012bdainais pl\u012bvurs uz sejas izskat\u0101s bez p\u0101rejas un nesl\u012bd.<\/p>\n<ul>\n<li>T\u0101 sast\u0101v\u0101 ir 77 % dab\u012bgu \u0101das kop\u0161anas sast\u0101vda\u013cu, kas nodro\u0161ina grima b\u0101zes mitrin\u0101\u0161anu un nekairina \u0101du ilgu laiku, neiz\u017e\u0101v\u0113jot to. Tr\u012bs ro\u017eu ziedu sast\u0101vda\u013cas dabiski veido dabisku \u0101das toni.<\/li>\n<\/ul>\n<p><strong>Lieto\u0161\u0101na:<\/strong> Pirmaj\u0101 meikapa veik\u0161anas posm\u0101 ar ap\u013cveida kust\u012bb\u0101m uzkl\u0101jiet nepiecie\u0161amo l\u012bdzek\u013ca daudzumu uz viet\u0101m ar liel\u0101m por\u0101m un cit\u0101m nepiln\u012bb\u0101m.<\/p>\n<p><strong>S\u0101stavs:<\/strong> <span style=\"font-size: 16px;\">Dimethicone, Purified Water, Cyclopentasiloxane, Butylene Glycol, Dimethicone\/vinyl Dimethicone Crosspolymer, Methyl Methacrylate Crosspolymer, Cyclohexasiloxane, Dimethicone Crosspolymer, Phenyl Trimethicone, PEG-10 Dimethicone, Magnesium Sulfate, Cetyl PEG\/PPG-10\/1 Dimethicone, Caprylyl Glycol, Polymethylsilsesquioxane, Vinyl Dimethicone\/methicone Silsesquioxane Crosspolymer, Titanium Dioxide, Silica Silylate, Synthetic Beeswax, Ethylhexylglycerin, French Coastal Pine, Bark Extract, Astragalus Flower Extract, Cerulata Prunus Flower Extract, Lotus Flower Extract, Centella Asiatica Extract, Centella Asiatica Leaf Extract, Centella Asiatica Root Extract, Asiatic Acid, Madecassoside, Madecassic Acid, Sodium Hyaluronate, Hyaluronic Acid, Hydrolyzed Hyaluronic Acid, Hydroxypropyltrimonium Hyaluronate, Hydrolyzed Sodium Hyaluronate, Potassium Hyaluronate, Sodium Hyaluronate, Sodium Hyaluronate Crosspolymer, Sodium Acetylated Hyaluronate, Allantoin, Glycine, Serine\u00b7Glutamic Acid, Aspartic Acid, Leucine, Alanine, Lysine, Arginine, Tyrosine, Phenylalanine, Valine, Threonine, Proline, Isoleucine, Histidine, Methionine, Cysteine, Polyglutamic Acid, Pentylene Glycol, 1,2-hexanediol, Trisodium Ethylenediamine Disuccinate, Aluminum Hydroxide, Triethoxycaprylylsilane, Iron Red Oxide, Iron Yellow Oxide, Fragrance<\/span><\/p>\n<div class=\"card__accordion-item js-accordion-item\"><\/div>\n","protected":false},"excerpt":{"rendered":"<p>TFIT Delicate Silk Veil Art Primer ir grezna un inovat\u012bva gruntskr\u0101sa, kas ir izstr\u0101d\u0101ta, lai rad\u012btu nevainojamu grima efektu.<\/p>\n","protected":false},"featured_media":23985,"comment_status":"open","ping_status":"closed","template":"","meta":{"site-sidebar-layout":"default","site-content-layout":"","ast-site-content-layout":"default","site-content-style":"default","site-sidebar-style":"default","ast-global-header-display":"","ast-banner-title-visibility":"","ast-main-header-display":"","ast-hfb-above-header-display":"","ast-hfb-below-header-display":"","ast-hfb-mobile-header-display":"","site-post-title":"","ast-breadcrumbs-content":"","ast-featured-img":"","footer-sml-layout":"","theme-transparent-header-meta":"default","adv-header-id-meta":"","stick-header-meta":"","header-above-stick-meta":"","header-main-stick-meta":"","header-below-stick-meta":"","astra-migrate-meta-layouts":"set","ast-page-background-enabled":"default","ast-page-background-meta":{"desktop":{"background-color":"var(--ast-global-color-4)","background-image":"","background-repeat":"repeat","background-position":"center center","background-size":"auto","background-attachment":"scroll","background-type":"","background-media":"","overlay-type":"","overlay-color":"","overlay-opacity":"","overlay-gradient":""},"tablet":{"background-color":"","background-image":"","background-repeat":"repeat","background-position":"center center","background-size":"auto","background-attachment":"scroll","background-type":"","background-media":"","overlay-type":"","overlay-color":"","overlay-opacity":"","overlay-gradient":""},"mobile":{"background-color":"","background-image":"","background-repeat":"repeat","background-position":"center center","background-size":"auto","background-attachment":"scroll","background-type":"","background-media":"","overlay-type":"","overlay-color":"","overlay-opacity":"","overlay-gradient":""}},"ast-content-background-meta":{"desktop":{"background-color":"var(--ast-global-color-5)","background-image":"","background-repeat":"repeat","background-position":"center center","background-size":"auto","background-attachment":"scroll","background-type":"","background-media":"","overlay-type":"","overlay-color":"","overlay-opacity":"","overlay-gradient":""},"tablet":{"background-color":"var(--ast-global-color-5)","background-image":"","background-repeat":"repeat","background-position":"center center","background-size":"auto","background-attachment":"scroll","background-type":"","background-media":"","overlay-type":"","overlay-color":"","overlay-opacity":"","overlay-gradient":""},"mobile":{"background-color":"var(--ast-global-color-5)","background-image":"","background-repeat":"repeat","background-position":"center center","background-size":"auto","background-attachment":"scroll","background-type":"","background-media":"","overlay-type":"","overlay-color":"","overlay-opacity":"","overlay-gradient":""}}},"product_brand":[],"product_cat":[319,307,362],"product_tag":[],"berocket_brand":[626],"class_list":{"0":"post-23984","1":"product","2":"type-product","3":"status-publish","4":"has-post-thumbnail","6":"product_cat-dekorativa-kosmetika","7":"product_cat-sejai","8":"product_cat-sejas-krems","9":"berocket_brand-tfit","10":"desktop-align-left","11":"tablet-align-left","12":"mobile-align-left","14":"first","15":"instock","16":"taxable","17":"shipping-taxable","18":"purchasable","19":"product-type-simple","20":"add-to-wishlist-before_image"},"yoast_head":"<!-- This site is optimized with the Yoast SEO plugin v27.4 - https:\/\/yoast.com\/product\/yoast-seo-wordpress\/ -->\n<title>TFIT Delicate Silk Veil Art Primer 30ml - FACECORNER<\/title>\n<meta name=\"description\" content=\"TFIT Delicate Silk Veil Art Primer ir grezna un inovat\u012bva gruntskr\u0101sa, kas ir izstr\u0101d\u0101ta, lai rad\u012btu nevainojamu grima efektu.\" \/>\n<meta name=\"robots\" content=\"index, follow, max-snippet:-1, max-image-preview:large, max-video-preview:-1\" \/>\n<link rel=\"canonical\" href=\"https:\/\/www.facecorner.lv\/lv\/shop\/tfit-delicate-silk-veil-art-primer-30ml\/\" \/>\n<meta property=\"og:locale\" content=\"lv_LV\" \/>\n<meta property=\"og:type\" content=\"article\" \/>\n<meta property=\"og:title\" content=\"TFIT Delicate Silk Veil Art Primer 30ml - FACECORNER\" \/>\n<meta property=\"og:description\" content=\"TFIT Delicate Silk Veil Art Primer ir grezna un inovat\u012bva gruntskr\u0101sa, kas ir izstr\u0101d\u0101ta, lai rad\u012btu nevainojamu grima efektu.\" \/>\n<meta property=\"og:url\" content=\"https:\/\/www.facecorner.lv\/lv\/shop\/tfit-delicate-silk-veil-art-primer-30ml\/\" \/>\n<meta property=\"og:site_name\" content=\"FACECORNER\" \/>\n<meta property=\"article:publisher\" content=\"https:\/\/www.facebook.com\/profile.php?id=100063824551839\" \/>\n<meta property=\"article:modified_time\" content=\"2026-01-11T16:46:01+00:00\" \/>\n<meta property=\"og:image\" content=\"https:\/\/www.facecorner.lv\/wp-content\/uploads\/2025\/04\/61WB8DWkUEL.jpg\" \/>\n\t<meta property=\"og:image:width\" content=\"2560\" \/>\n\t<meta property=\"og:image:height\" content=\"2560\" \/>\n\t<meta property=\"og:image:type\" content=\"image\/jpeg\" \/>\n<meta name=\"twitter:card\" content=\"summary_large_image\" \/>\n<meta name=\"twitter:label1\" content=\"Price\" \/>\n\t<meta name=\"twitter:data1\" content=\"&euro;20.95\" \/>\n\t<meta name=\"twitter:label2\" content=\"Availability\" \/>\n\t<meta name=\"twitter:data2\" content=\"In stock\" \/>\n<script type=\"application\/ld+json\" class=\"yoast-schema-graph\">{\"@context\":\"https:\\\/\\\/schema.org\",\"@graph\":[{\"@type\":\"WebPage\",\"@id\":\"https:\\\/\\\/www.facecorner.lv\\\/shop\\\/tfit-delicate-silk-veil-art-primer-30ml\\\/\",\"url\":\"https:\\\/\\\/www.facecorner.lv\\\/shop\\\/tfit-delicate-silk-veil-art-primer-30ml\\\/\",\"name\":\"TFIT Delicate Silk Veil Art Primer 30ml - FACECORNER\",\"isPartOf\":{\"@id\":\"https:\\\/\\\/www.facecorner.lv\\\/#website\"},\"primaryImageOfPage\":{\"@id\":\"https:\\\/\\\/www.facecorner.lv\\\/shop\\\/tfit-delicate-silk-veil-art-primer-30ml\\\/#primaryimage\"},\"image\":{\"@id\":\"https:\\\/\\\/www.facecorner.lv\\\/shop\\\/tfit-delicate-silk-veil-art-primer-30ml\\\/#primaryimage\"},\"thumbnailUrl\":\"https:\\\/\\\/www.facecorner.lv\\\/wp-content\\\/uploads\\\/2025\\\/04\\\/61WB8DWkUEL.jpg\",\"datePublished\":\"2025-04-16T20:03:18+00:00\",\"dateModified\":\"2026-01-11T16:46:01+00:00\",\"description\":\"TFIT Delicate Silk Veil Art Primer ir grezna un inovat\u012bva gruntskr\u0101sa, kas ir izstr\u0101d\u0101ta, lai rad\u012btu nevainojamu grima efektu.\",\"breadcrumb\":{\"@id\":\"https:\\\/\\\/www.facecorner.lv\\\/shop\\\/tfit-delicate-silk-veil-art-primer-30ml\\\/#breadcrumb\"},\"inLanguage\":\"lv-LV\",\"potentialAction\":[{\"@type\":\"ReadAction\",\"target\":[\"https:\\\/\\\/www.facecorner.lv\\\/shop\\\/tfit-delicate-silk-veil-art-primer-30ml\\\/\"]}]},{\"@type\":\"ImageObject\",\"inLanguage\":\"lv-LV\",\"@id\":\"https:\\\/\\\/www.facecorner.lv\\\/shop\\\/tfit-delicate-silk-veil-art-primer-30ml\\\/#primaryimage\",\"url\":\"https:\\\/\\\/www.facecorner.lv\\\/wp-content\\\/uploads\\\/2025\\\/04\\\/61WB8DWkUEL.jpg\",\"contentUrl\":\"https:\\\/\\\/www.facecorner.lv\\\/wp-content\\\/uploads\\\/2025\\\/04\\\/61WB8DWkUEL.jpg\",\"width\":2560,\"height\":2560,\"caption\":\"Version 1.0.0\"},{\"@type\":\"BreadcrumbList\",\"@id\":\"https:\\\/\\\/www.facecorner.lv\\\/shop\\\/tfit-delicate-silk-veil-art-primer-30ml\\\/#breadcrumb\",\"itemListElement\":[{\"@type\":\"ListItem\",\"position\":1,\"name\":\"Home\",\"item\":\"https:\\\/\\\/www.facecorner.lv\\\/\"},{\"@type\":\"ListItem\",\"position\":2,\"name\":\"Veikals\",\"item\":\"https:\\\/\\\/www.facecorner.lv\\\/shop\\\/\"},{\"@type\":\"ListItem\",\"position\":3,\"name\":\"TFIT Delicate Silk Veil Art Primer 30ml\"}]},{\"@type\":\"WebSite\",\"@id\":\"https:\\\/\\\/www.facecorner.lv\\\/#website\",\"url\":\"https:\\\/\\\/www.facecorner.lv\\\/\",\"name\":\"Facecorner\",\"description\":\"\",\"publisher\":{\"@id\":\"https:\\\/\\\/www.facecorner.lv\\\/#organization\"},\"potentialAction\":[{\"@type\":\"SearchAction\",\"target\":{\"@type\":\"EntryPoint\",\"urlTemplate\":\"https:\\\/\\\/www.facecorner.lv\\\/?s={search_term_string}\"},\"query-input\":{\"@type\":\"PropertyValueSpecification\",\"valueRequired\":true,\"valueName\":\"search_term_string\"}}],\"inLanguage\":\"lv-LV\"},{\"@type\":\"Organization\",\"@id\":\"https:\\\/\\\/www.facecorner.lv\\\/#organization\",\"name\":\"Facecorner\",\"url\":\"https:\\\/\\\/www.facecorner.lv\\\/\",\"logo\":{\"@type\":\"ImageObject\",\"inLanguage\":\"lv-LV\",\"@id\":\"https:\\\/\\\/www.facecorner.lv\\\/#\\\/schema\\\/logo\\\/image\\\/\",\"url\":\"https:\\\/\\\/www.facecorner.lv\\\/wp-content\\\/uploads\\\/2024\\\/04\\\/fc-logo.jpg\",\"contentUrl\":\"https:\\\/\\\/www.facecorner.lv\\\/wp-content\\\/uploads\\\/2024\\\/04\\\/fc-logo.jpg\",\"width\":174,\"height\":28,\"caption\":\"Facecorner\"},\"image\":{\"@id\":\"https:\\\/\\\/www.facecorner.lv\\\/#\\\/schema\\\/logo\\\/image\\\/\"},\"sameAs\":[\"https:\\\/\\\/www.facebook.com\\\/profile.php?id=100063824551839\",\"https:\\\/\\\/www.instagram.com\\\/facecorner_shop\\\/\"]}]}<\/script>\n<meta property=\"product:price:amount\" content=\"20.95\" \/>\n<meta property=\"product:price:currency\" content=\"EUR\" \/>\n<meta property=\"og:availability\" content=\"instock\" \/>\n<meta property=\"product:availability\" content=\"instock\" \/>\n<meta property=\"product:condition\" content=\"new\" \/>\n<!-- \/ Yoast SEO plugin. -->","yoast_head_json":{"title":"TFIT Delicate Silk Veil Art Primer 30ml - FACECORNER","description":"TFIT Delicate Silk Veil Art Primer ir grezna un inovat\u012bva gruntskr\u0101sa, kas ir izstr\u0101d\u0101ta, lai rad\u012btu nevainojamu grima efektu.","robots":{"index":"index","follow":"follow","max-snippet":"max-snippet:-1","max-image-preview":"max-image-preview:large","max-video-preview":"max-video-preview:-1"},"canonical":"https:\/\/www.facecorner.lv\/lv\/shop\/tfit-delicate-silk-veil-art-primer-30ml\/","og_locale":"lv_LV","og_type":"article","og_title":"TFIT Delicate Silk Veil Art Primer 30ml - FACECORNER","og_description":"TFIT Delicate Silk Veil Art Primer ir grezna un inovat\u012bva gruntskr\u0101sa, kas ir izstr\u0101d\u0101ta, lai rad\u012btu nevainojamu grima efektu.","og_url":"https:\/\/www.facecorner.lv\/lv\/shop\/tfit-delicate-silk-veil-art-primer-30ml\/","og_site_name":"FACECORNER","article_publisher":"https:\/\/www.facebook.com\/profile.php?id=100063824551839","article_modified_time":"2026-01-11T16:46:01+00:00","og_image":[{"width":2560,"height":2560,"url":"https:\/\/www.facecorner.lv\/wp-content\/uploads\/2025\/04\/61WB8DWkUEL.jpg","type":"image\/jpeg"}],"twitter_card":"summary_large_image","twitter_misc":{"Price":"&euro;20.95","Availability":"In stock"},"schema":{"@context":"https:\/\/schema.org","@graph":[{"@type":"WebPage","@id":"https:\/\/www.facecorner.lv\/shop\/tfit-delicate-silk-veil-art-primer-30ml\/","url":"https:\/\/www.facecorner.lv\/shop\/tfit-delicate-silk-veil-art-primer-30ml\/","name":"TFIT Delicate Silk Veil Art Primer 30ml - FACECORNER","isPartOf":{"@id":"https:\/\/www.facecorner.lv\/#website"},"primaryImageOfPage":{"@id":"https:\/\/www.facecorner.lv\/shop\/tfit-delicate-silk-veil-art-primer-30ml\/#primaryimage"},"image":{"@id":"https:\/\/www.facecorner.lv\/shop\/tfit-delicate-silk-veil-art-primer-30ml\/#primaryimage"},"thumbnailUrl":"https:\/\/www.facecorner.lv\/wp-content\/uploads\/2025\/04\/61WB8DWkUEL.jpg","datePublished":"2025-04-16T20:03:18+00:00","dateModified":"2026-01-11T16:46:01+00:00","description":"TFIT Delicate Silk Veil Art Primer ir grezna un inovat\u012bva gruntskr\u0101sa, kas ir izstr\u0101d\u0101ta, lai rad\u012btu nevainojamu grima efektu.","breadcrumb":{"@id":"https:\/\/www.facecorner.lv\/shop\/tfit-delicate-silk-veil-art-primer-30ml\/#breadcrumb"},"inLanguage":"lv-LV","potentialAction":[{"@type":"ReadAction","target":["https:\/\/www.facecorner.lv\/shop\/tfit-delicate-silk-veil-art-primer-30ml\/"]}]},{"@type":"ImageObject","inLanguage":"lv-LV","@id":"https:\/\/www.facecorner.lv\/shop\/tfit-delicate-silk-veil-art-primer-30ml\/#primaryimage","url":"https:\/\/www.facecorner.lv\/wp-content\/uploads\/2025\/04\/61WB8DWkUEL.jpg","contentUrl":"https:\/\/www.facecorner.lv\/wp-content\/uploads\/2025\/04\/61WB8DWkUEL.jpg","width":2560,"height":2560,"caption":"Version 1.0.0"},{"@type":"BreadcrumbList","@id":"https:\/\/www.facecorner.lv\/shop\/tfit-delicate-silk-veil-art-primer-30ml\/#breadcrumb","itemListElement":[{"@type":"ListItem","position":1,"name":"Home","item":"https:\/\/www.facecorner.lv\/"},{"@type":"ListItem","position":2,"name":"Veikals","item":"https:\/\/www.facecorner.lv\/shop\/"},{"@type":"ListItem","position":3,"name":"TFIT Delicate Silk Veil Art Primer 30ml"}]},{"@type":"WebSite","@id":"https:\/\/www.facecorner.lv\/#website","url":"https:\/\/www.facecorner.lv\/","name":"Facecorner","description":"","publisher":{"@id":"https:\/\/www.facecorner.lv\/#organization"},"potentialAction":[{"@type":"SearchAction","target":{"@type":"EntryPoint","urlTemplate":"https:\/\/www.facecorner.lv\/?s={search_term_string}"},"query-input":{"@type":"PropertyValueSpecification","valueRequired":true,"valueName":"search_term_string"}}],"inLanguage":"lv-LV"},{"@type":"Organization","@id":"https:\/\/www.facecorner.lv\/#organization","name":"Facecorner","url":"https:\/\/www.facecorner.lv\/","logo":{"@type":"ImageObject","inLanguage":"lv-LV","@id":"https:\/\/www.facecorner.lv\/#\/schema\/logo\/image\/","url":"https:\/\/www.facecorner.lv\/wp-content\/uploads\/2024\/04\/fc-logo.jpg","contentUrl":"https:\/\/www.facecorner.lv\/wp-content\/uploads\/2024\/04\/fc-logo.jpg","width":174,"height":28,"caption":"Facecorner"},"image":{"@id":"https:\/\/www.facecorner.lv\/#\/schema\/logo\/image\/"},"sameAs":["https:\/\/www.facebook.com\/profile.php?id=100063824551839","https:\/\/www.instagram.com\/facecorner_shop\/"]}]},"product_price_amount":"20.95","product_price_currency":"EUR","og_availability":"instock","product_availability":"instock","product_condition":"new"},"_links":{"self":[{"href":"https:\/\/www.facecorner.lv\/lv\/wp-json\/wp\/v2\/product\/23984","targetHints":{"allow":["GET"]}}],"collection":[{"href":"https:\/\/www.facecorner.lv\/lv\/wp-json\/wp\/v2\/product"}],"about":[{"href":"https:\/\/www.facecorner.lv\/lv\/wp-json\/wp\/v2\/types\/product"}],"replies":[{"embeddable":true,"href":"https:\/\/www.facecorner.lv\/lv\/wp-json\/wp\/v2\/comments?post=23984"}],"wp:featuredmedia":[{"embeddable":true,"href":"https:\/\/www.facecorner.lv\/lv\/wp-json\/wp\/v2\/media\/23985"}],"wp:attachment":[{"href":"https:\/\/www.facecorner.lv\/lv\/wp-json\/wp\/v2\/media?parent=23984"}],"wp:term":[{"taxonomy":"product_brand","embeddable":true,"href":"https:\/\/www.facecorner.lv\/lv\/wp-json\/wp\/v2\/product_brand?post=23984"},{"taxonomy":"product_cat","embeddable":true,"href":"https:\/\/www.facecorner.lv\/lv\/wp-json\/wp\/v2\/product_cat?post=23984"},{"taxonomy":"product_tag","embeddable":true,"href":"https:\/\/www.facecorner.lv\/lv\/wp-json\/wp\/v2\/product_tag?post=23984"},{"taxonomy":"berocket_brand","embeddable":true,"href":"https:\/\/www.facecorner.lv\/lv\/wp-json\/wp\/v2\/berocket_brand?post=23984"}],"curies":[{"name":"wp","href":"https:\/\/api.w.org\/{rel}","templated":true}]}}