{"id":23976,"date":"2025-04-16T22:36:04","date_gmt":"2025-04-16T19:36:04","guid":{"rendered":"https:\/\/www.facecorner.lv\/?post_type=product&#038;p=23976"},"modified":"2025-10-02T13:39:59","modified_gmt":"2025-10-02T10:39:59","slug":"shiseido-fino-premium-touch-hair-oil-70ml","status":"publish","type":"product","link":"https:\/\/www.facecorner.lv\/lv\/shop\/shiseido-fino-premium-touch-hair-oil-70ml\/","title":{"rendered":"Shiseido Fino Premium Touch Hair Oil 70ml"},"content":{"rendered":"<p>Shiseido Fino Premium Touch Hair Oil ir atdz\u012bvino\u0161a matu e\u013c\u013ca, kas padara matus gludus un sp\u012bd\u012bgus, vienlaikus aizsarg\u0101jot tos no \u017e\u0101v\u0113\u0161anas un matu veido\u0161anas karstuma. Dzi\u013ci ies\u016bco\u0161\u0101 formula atjauno stipri boj\u0101tu matu strukt\u016bru, baro, pie\u0161\u0137ir matiem maigumu un sp\u012bdumu, k\u0101 ar\u012b nov\u0113r\u0161 galu \u0161\u0137el\u0161anos. E\u013c\u013ca p\u0101rkl\u0101j un nosl\u0113dz katru matu stiebru, izl\u012bdzina kutikulu un aizsarg\u0101 matus no turpm\u0101kiem boj\u0101jumiem.<\/p>\n<p><strong>Lieto\u0161ana:<\/strong> var lietot uz da\u013c\u0113ji sausiem vai piln\u012bgi iz\u017e\u0101v\u0113tiem matiem. Uz\u0146emiet vajadz\u012bgo e\u013c\u013cas daudzumu plaukst\u0101, uzkl\u0101jiet uz ab\u0101m rok\u0101m un uzkl\u0101jiet uz visiem matiem, \u012bpa\u0161u uzman\u012bbu piev\u0113r\u0161ot matu galiem. Piel\u0101gojiet izmantoto daudzumu atkar\u012bb\u0101 no matu garuma un boj\u0101jumu pak\u0101pes.<\/p>\n<p>\u012asiem un vid\u0113ji gariem matiem: 1 l\u012bdz 2 lieto\u0161anas reizes<\/p>\n<p>Gariem matiem: 2 lieto\u0161anas reizes.<\/p>\n<p><strong>S\u0101stavs:<\/strong> Hydrogenated polyisobutene, dimethiconol, isopropyl myristate, isododecane, polysilicone-13, fragrance, squalane, dimethicone, tocopherol.<\/p>\n","protected":false},"excerpt":{"rendered":"<p>Shiseido Fino Premium Touch Hair Oil ir atdz\u012bvino\u0161a matu e\u013c\u013ca, kas padara matus gludus un sp\u012bd\u012bgus, vienlaikus aizsarg\u0101jot tos no \u017e\u0101v\u0113\u0161anas un matu veido\u0161anas karstuma.<\/p>\n","protected":false},"featured_media":23977,"comment_status":"open","ping_status":"closed","template":"","meta":{"site-sidebar-layout":"default","site-content-layout":"","ast-site-content-layout":"default","site-content-style":"default","site-sidebar-style":"default","ast-global-header-display":"","ast-banner-title-visibility":"","ast-main-header-display":"","ast-hfb-above-header-display":"","ast-hfb-below-header-display":"","ast-hfb-mobile-header-display":"","site-post-title":"","ast-breadcrumbs-content":"","ast-featured-img":"","footer-sml-layout":"","theme-transparent-header-meta":"default","adv-header-id-meta":"","stick-header-meta":"","header-above-stick-meta":"","header-main-stick-meta":"","header-below-stick-meta":"","astra-migrate-meta-layouts":"set","ast-page-background-enabled":"default","ast-page-background-meta":{"desktop":{"background-color":"var(--ast-global-color-4)","background-image":"","background-repeat":"repeat","background-position":"center center","background-size":"auto","background-attachment":"scroll","background-type":"","background-media":"","overlay-type":"","overlay-color":"","overlay-opacity":"","overlay-gradient":""},"tablet":{"background-color":"","background-image":"","background-repeat":"repeat","background-position":"center center","background-size":"auto","background-attachment":"scroll","background-type":"","background-media":"","overlay-type":"","overlay-color":"","overlay-opacity":"","overlay-gradient":""},"mobile":{"background-color":"","background-image":"","background-repeat":"repeat","background-position":"center center","background-size":"auto","background-attachment":"scroll","background-type":"","background-media":"","overlay-type":"","overlay-color":"","overlay-opacity":"","overlay-gradient":""}},"ast-content-background-meta":{"desktop":{"background-color":"var(--ast-global-color-5)","background-image":"","background-repeat":"repeat","background-position":"center center","background-size":"auto","background-attachment":"scroll","background-type":"","background-media":"","overlay-type":"","overlay-color":"","overlay-opacity":"","overlay-gradient":""},"tablet":{"background-color":"var(--ast-global-color-5)","background-image":"","background-repeat":"repeat","background-position":"center center","background-size":"auto","background-attachment":"scroll","background-type":"","background-media":"","overlay-type":"","overlay-color":"","overlay-opacity":"","overlay-gradient":""},"mobile":{"background-color":"var(--ast-global-color-5)","background-image":"","background-repeat":"repeat","background-position":"center center","background-size":"auto","background-attachment":"scroll","background-type":"","background-media":"","overlay-type":"","overlay-color":"","overlay-opacity":"","overlay-gradient":""}}},"product_brand":[],"product_cat":[353,354,330],"product_tag":[],"berocket_brand":[625],"class_list":{"0":"post-23976","1":"product","2":"type-product","3":"status-publish","4":"has-post-thumbnail","6":"product_cat-ellas-matiem","7":"product_cat-filleri-un-serumi","8":"product_cat-matiem","9":"berocket_brand-shiseido","10":"desktop-align-left","11":"tablet-align-left","12":"mobile-align-left","14":"first","15":"outofstock","16":"taxable","17":"shipping-taxable","18":"purchasable","19":"product-type-simple","20":"add-to-wishlist-before_image"},"yoast_head":"<!-- This site is optimized with the Yoast SEO plugin v27.4 - https:\/\/yoast.com\/product\/yoast-seo-wordpress\/ -->\n<title>Shiseido Fino Premium Touch Hair Oil 70ml - FACECORNER<\/title>\n<meta name=\"description\" content=\"Shiseido Fino Premium Touch Hair Oil ir atdz\u012bvino\u0161a matu e\u013c\u013ca, kas padara matus gludus un sp\u012bd\u012bgus, vienlaikus aizsarg\u0101jot tos no \u017e\u0101v\u0113\u0161anas\" \/>\n<meta name=\"robots\" content=\"index, follow, max-snippet:-1, max-image-preview:large, max-video-preview:-1\" \/>\n<link rel=\"canonical\" href=\"https:\/\/www.facecorner.lv\/lv\/shop\/shiseido-fino-premium-touch-hair-oil-70ml\/\" \/>\n<meta property=\"og:locale\" content=\"lv_LV\" \/>\n<meta property=\"og:type\" content=\"article\" \/>\n<meta property=\"og:title\" content=\"Shiseido Fino Premium Touch Hair Oil 70ml - FACECORNER\" \/>\n<meta property=\"og:description\" content=\"Shiseido Fino Premium Touch Hair Oil ir atdz\u012bvino\u0161a matu e\u013c\u013ca, kas padara matus gludus un sp\u012bd\u012bgus, vienlaikus aizsarg\u0101jot tos no \u017e\u0101v\u0113\u0161anas\" \/>\n<meta property=\"og:url\" content=\"https:\/\/www.facecorner.lv\/lv\/shop\/shiseido-fino-premium-touch-hair-oil-70ml\/\" \/>\n<meta property=\"og:site_name\" content=\"FACECORNER\" \/>\n<meta property=\"article:publisher\" content=\"https:\/\/www.facebook.com\/profile.php?id=100063824551839\" \/>\n<meta property=\"article:modified_time\" content=\"2025-10-02T10:39:59+00:00\" \/>\n<meta property=\"og:image\" content=\"https:\/\/www.facecorner.lv\/wp-content\/uploads\/2025\/04\/P-1-SHIS-FINOIL-70-Shiseido_Fino_Premium_Touch_Hair_Oil_70g.webp\" \/>\n\t<meta property=\"og:image:width\" content=\"1500\" \/>\n\t<meta property=\"og:image:height\" content=\"1500\" \/>\n\t<meta property=\"og:image:type\" content=\"image\/webp\" \/>\n<meta name=\"twitter:card\" content=\"summary_large_image\" \/>\n<meta name=\"twitter:label1\" content=\"Price\" \/>\n\t<meta name=\"twitter:data1\" content=\"&euro;29.90\" \/>\n\t<meta name=\"twitter:label2\" content=\"Availability\" \/>\n\t<meta name=\"twitter:data2\" content=\"Out of stock\" \/>\n<script type=\"application\/ld+json\" class=\"yoast-schema-graph\">{\"@context\":\"https:\\\/\\\/schema.org\",\"@graph\":[{\"@type\":\"WebPage\",\"@id\":\"https:\\\/\\\/www.facecorner.lv\\\/shop\\\/shiseido-fino-premium-touch-hair-oil-70ml\\\/\",\"url\":\"https:\\\/\\\/www.facecorner.lv\\\/shop\\\/shiseido-fino-premium-touch-hair-oil-70ml\\\/\",\"name\":\"Shiseido Fino Premium Touch Hair Oil 70ml - FACECORNER\",\"isPartOf\":{\"@id\":\"https:\\\/\\\/www.facecorner.lv\\\/#website\"},\"primaryImageOfPage\":{\"@id\":\"https:\\\/\\\/www.facecorner.lv\\\/shop\\\/shiseido-fino-premium-touch-hair-oil-70ml\\\/#primaryimage\"},\"image\":{\"@id\":\"https:\\\/\\\/www.facecorner.lv\\\/shop\\\/shiseido-fino-premium-touch-hair-oil-70ml\\\/#primaryimage\"},\"thumbnailUrl\":\"https:\\\/\\\/www.facecorner.lv\\\/wp-content\\\/uploads\\\/2025\\\/04\\\/P-1-SHIS-FINOIL-70-Shiseido_Fino_Premium_Touch_Hair_Oil_70g.webp\",\"datePublished\":\"2025-04-16T19:36:04+00:00\",\"dateModified\":\"2025-10-02T10:39:59+00:00\",\"description\":\"Shiseido Fino Premium Touch Hair Oil ir atdz\u012bvino\u0161a matu e\u013c\u013ca, kas padara matus gludus un sp\u012bd\u012bgus, vienlaikus aizsarg\u0101jot tos no \u017e\u0101v\u0113\u0161anas\",\"breadcrumb\":{\"@id\":\"https:\\\/\\\/www.facecorner.lv\\\/shop\\\/shiseido-fino-premium-touch-hair-oil-70ml\\\/#breadcrumb\"},\"inLanguage\":\"lv-LV\",\"potentialAction\":[{\"@type\":\"ReadAction\",\"target\":[\"https:\\\/\\\/www.facecorner.lv\\\/shop\\\/shiseido-fino-premium-touch-hair-oil-70ml\\\/\"]}]},{\"@type\":\"ImageObject\",\"inLanguage\":\"lv-LV\",\"@id\":\"https:\\\/\\\/www.facecorner.lv\\\/shop\\\/shiseido-fino-premium-touch-hair-oil-70ml\\\/#primaryimage\",\"url\":\"https:\\\/\\\/www.facecorner.lv\\\/wp-content\\\/uploads\\\/2025\\\/04\\\/P-1-SHIS-FINOIL-70-Shiseido_Fino_Premium_Touch_Hair_Oil_70g.webp\",\"contentUrl\":\"https:\\\/\\\/www.facecorner.lv\\\/wp-content\\\/uploads\\\/2025\\\/04\\\/P-1-SHIS-FINOIL-70-Shiseido_Fino_Premium_Touch_Hair_Oil_70g.webp\",\"width\":1500,\"height\":1500,\"caption\":\"Shiseido Fino Premium Touch Hair Oil\"},{\"@type\":\"BreadcrumbList\",\"@id\":\"https:\\\/\\\/www.facecorner.lv\\\/shop\\\/shiseido-fino-premium-touch-hair-oil-70ml\\\/#breadcrumb\",\"itemListElement\":[{\"@type\":\"ListItem\",\"position\":1,\"name\":\"Home\",\"item\":\"https:\\\/\\\/www.facecorner.lv\\\/\"},{\"@type\":\"ListItem\",\"position\":2,\"name\":\"Veikals\",\"item\":\"https:\\\/\\\/www.facecorner.lv\\\/shop\\\/\"},{\"@type\":\"ListItem\",\"position\":3,\"name\":\"Shiseido Fino Premium Touch Hair Oil 70ml\"}]},{\"@type\":\"WebSite\",\"@id\":\"https:\\\/\\\/www.facecorner.lv\\\/#website\",\"url\":\"https:\\\/\\\/www.facecorner.lv\\\/\",\"name\":\"Facecorner\",\"description\":\"\",\"publisher\":{\"@id\":\"https:\\\/\\\/www.facecorner.lv\\\/#organization\"},\"potentialAction\":[{\"@type\":\"SearchAction\",\"target\":{\"@type\":\"EntryPoint\",\"urlTemplate\":\"https:\\\/\\\/www.facecorner.lv\\\/?s={search_term_string}\"},\"query-input\":{\"@type\":\"PropertyValueSpecification\",\"valueRequired\":true,\"valueName\":\"search_term_string\"}}],\"inLanguage\":\"lv-LV\"},{\"@type\":\"Organization\",\"@id\":\"https:\\\/\\\/www.facecorner.lv\\\/#organization\",\"name\":\"Facecorner\",\"url\":\"https:\\\/\\\/www.facecorner.lv\\\/\",\"logo\":{\"@type\":\"ImageObject\",\"inLanguage\":\"lv-LV\",\"@id\":\"https:\\\/\\\/www.facecorner.lv\\\/#\\\/schema\\\/logo\\\/image\\\/\",\"url\":\"https:\\\/\\\/www.facecorner.lv\\\/wp-content\\\/uploads\\\/2024\\\/04\\\/fc-logo.jpg\",\"contentUrl\":\"https:\\\/\\\/www.facecorner.lv\\\/wp-content\\\/uploads\\\/2024\\\/04\\\/fc-logo.jpg\",\"width\":174,\"height\":28,\"caption\":\"Facecorner\"},\"image\":{\"@id\":\"https:\\\/\\\/www.facecorner.lv\\\/#\\\/schema\\\/logo\\\/image\\\/\"},\"sameAs\":[\"https:\\\/\\\/www.facebook.com\\\/profile.php?id=100063824551839\",\"https:\\\/\\\/www.instagram.com\\\/facecorner_shop\\\/\"]}]}<\/script>\n<meta property=\"product:price:amount\" content=\"29.90\" \/>\n<meta property=\"product:price:currency\" content=\"EUR\" \/>\n<meta property=\"og:availability\" content=\"out of stock\" \/>\n<meta property=\"product:availability\" content=\"out of stock\" \/>\n<meta property=\"product:condition\" content=\"new\" \/>\n<!-- \/ Yoast SEO plugin. -->","yoast_head_json":{"title":"Shiseido Fino Premium Touch Hair Oil 70ml - FACECORNER","description":"Shiseido Fino Premium Touch Hair Oil ir atdz\u012bvino\u0161a matu e\u013c\u013ca, kas padara matus gludus un sp\u012bd\u012bgus, vienlaikus aizsarg\u0101jot tos no \u017e\u0101v\u0113\u0161anas","robots":{"index":"index","follow":"follow","max-snippet":"max-snippet:-1","max-image-preview":"max-image-preview:large","max-video-preview":"max-video-preview:-1"},"canonical":"https:\/\/www.facecorner.lv\/lv\/shop\/shiseido-fino-premium-touch-hair-oil-70ml\/","og_locale":"lv_LV","og_type":"article","og_title":"Shiseido Fino Premium Touch Hair Oil 70ml - FACECORNER","og_description":"Shiseido Fino Premium Touch Hair Oil ir atdz\u012bvino\u0161a matu e\u013c\u013ca, kas padara matus gludus un sp\u012bd\u012bgus, vienlaikus aizsarg\u0101jot tos no \u017e\u0101v\u0113\u0161anas","og_url":"https:\/\/www.facecorner.lv\/lv\/shop\/shiseido-fino-premium-touch-hair-oil-70ml\/","og_site_name":"FACECORNER","article_publisher":"https:\/\/www.facebook.com\/profile.php?id=100063824551839","article_modified_time":"2025-10-02T10:39:59+00:00","og_image":[{"width":1500,"height":1500,"url":"https:\/\/www.facecorner.lv\/wp-content\/uploads\/2025\/04\/P-1-SHIS-FINOIL-70-Shiseido_Fino_Premium_Touch_Hair_Oil_70g.webp","type":"image\/webp"}],"twitter_card":"summary_large_image","twitter_misc":{"Price":"&euro;29.90","Availability":"Out of stock"},"schema":{"@context":"https:\/\/schema.org","@graph":[{"@type":"WebPage","@id":"https:\/\/www.facecorner.lv\/shop\/shiseido-fino-premium-touch-hair-oil-70ml\/","url":"https:\/\/www.facecorner.lv\/shop\/shiseido-fino-premium-touch-hair-oil-70ml\/","name":"Shiseido Fino Premium Touch Hair Oil 70ml - FACECORNER","isPartOf":{"@id":"https:\/\/www.facecorner.lv\/#website"},"primaryImageOfPage":{"@id":"https:\/\/www.facecorner.lv\/shop\/shiseido-fino-premium-touch-hair-oil-70ml\/#primaryimage"},"image":{"@id":"https:\/\/www.facecorner.lv\/shop\/shiseido-fino-premium-touch-hair-oil-70ml\/#primaryimage"},"thumbnailUrl":"https:\/\/www.facecorner.lv\/wp-content\/uploads\/2025\/04\/P-1-SHIS-FINOIL-70-Shiseido_Fino_Premium_Touch_Hair_Oil_70g.webp","datePublished":"2025-04-16T19:36:04+00:00","dateModified":"2025-10-02T10:39:59+00:00","description":"Shiseido Fino Premium Touch Hair Oil ir atdz\u012bvino\u0161a matu e\u013c\u013ca, kas padara matus gludus un sp\u012bd\u012bgus, vienlaikus aizsarg\u0101jot tos no \u017e\u0101v\u0113\u0161anas","breadcrumb":{"@id":"https:\/\/www.facecorner.lv\/shop\/shiseido-fino-premium-touch-hair-oil-70ml\/#breadcrumb"},"inLanguage":"lv-LV","potentialAction":[{"@type":"ReadAction","target":["https:\/\/www.facecorner.lv\/shop\/shiseido-fino-premium-touch-hair-oil-70ml\/"]}]},{"@type":"ImageObject","inLanguage":"lv-LV","@id":"https:\/\/www.facecorner.lv\/shop\/shiseido-fino-premium-touch-hair-oil-70ml\/#primaryimage","url":"https:\/\/www.facecorner.lv\/wp-content\/uploads\/2025\/04\/P-1-SHIS-FINOIL-70-Shiseido_Fino_Premium_Touch_Hair_Oil_70g.webp","contentUrl":"https:\/\/www.facecorner.lv\/wp-content\/uploads\/2025\/04\/P-1-SHIS-FINOIL-70-Shiseido_Fino_Premium_Touch_Hair_Oil_70g.webp","width":1500,"height":1500,"caption":"Shiseido Fino Premium Touch Hair Oil"},{"@type":"BreadcrumbList","@id":"https:\/\/www.facecorner.lv\/shop\/shiseido-fino-premium-touch-hair-oil-70ml\/#breadcrumb","itemListElement":[{"@type":"ListItem","position":1,"name":"Home","item":"https:\/\/www.facecorner.lv\/"},{"@type":"ListItem","position":2,"name":"Veikals","item":"https:\/\/www.facecorner.lv\/shop\/"},{"@type":"ListItem","position":3,"name":"Shiseido Fino Premium Touch Hair Oil 70ml"}]},{"@type":"WebSite","@id":"https:\/\/www.facecorner.lv\/#website","url":"https:\/\/www.facecorner.lv\/","name":"Facecorner","description":"","publisher":{"@id":"https:\/\/www.facecorner.lv\/#organization"},"potentialAction":[{"@type":"SearchAction","target":{"@type":"EntryPoint","urlTemplate":"https:\/\/www.facecorner.lv\/?s={search_term_string}"},"query-input":{"@type":"PropertyValueSpecification","valueRequired":true,"valueName":"search_term_string"}}],"inLanguage":"lv-LV"},{"@type":"Organization","@id":"https:\/\/www.facecorner.lv\/#organization","name":"Facecorner","url":"https:\/\/www.facecorner.lv\/","logo":{"@type":"ImageObject","inLanguage":"lv-LV","@id":"https:\/\/www.facecorner.lv\/#\/schema\/logo\/image\/","url":"https:\/\/www.facecorner.lv\/wp-content\/uploads\/2024\/04\/fc-logo.jpg","contentUrl":"https:\/\/www.facecorner.lv\/wp-content\/uploads\/2024\/04\/fc-logo.jpg","width":174,"height":28,"caption":"Facecorner"},"image":{"@id":"https:\/\/www.facecorner.lv\/#\/schema\/logo\/image\/"},"sameAs":["https:\/\/www.facebook.com\/profile.php?id=100063824551839","https:\/\/www.instagram.com\/facecorner_shop\/"]}]},"product_price_amount":"29.90","product_price_currency":"EUR","og_availability":"out of stock","product_availability":"out of stock","product_condition":"new"},"_links":{"self":[{"href":"https:\/\/www.facecorner.lv\/lv\/wp-json\/wp\/v2\/product\/23976","targetHints":{"allow":["GET"]}}],"collection":[{"href":"https:\/\/www.facecorner.lv\/lv\/wp-json\/wp\/v2\/product"}],"about":[{"href":"https:\/\/www.facecorner.lv\/lv\/wp-json\/wp\/v2\/types\/product"}],"replies":[{"embeddable":true,"href":"https:\/\/www.facecorner.lv\/lv\/wp-json\/wp\/v2\/comments?post=23976"}],"wp:featuredmedia":[{"embeddable":true,"href":"https:\/\/www.facecorner.lv\/lv\/wp-json\/wp\/v2\/media\/23977"}],"wp:attachment":[{"href":"https:\/\/www.facecorner.lv\/lv\/wp-json\/wp\/v2\/media?parent=23976"}],"wp:term":[{"taxonomy":"product_brand","embeddable":true,"href":"https:\/\/www.facecorner.lv\/lv\/wp-json\/wp\/v2\/product_brand?post=23976"},{"taxonomy":"product_cat","embeddable":true,"href":"https:\/\/www.facecorner.lv\/lv\/wp-json\/wp\/v2\/product_cat?post=23976"},{"taxonomy":"product_tag","embeddable":true,"href":"https:\/\/www.facecorner.lv\/lv\/wp-json\/wp\/v2\/product_tag?post=23976"},{"taxonomy":"berocket_brand","embeddable":true,"href":"https:\/\/www.facecorner.lv\/lv\/wp-json\/wp\/v2\/berocket_brand?post=23976"}],"curies":[{"name":"wp","href":"https:\/\/api.w.org\/{rel}","templated":true}]}}