{"id":23924,"date":"2025-04-10T20:24:53","date_gmt":"2025-04-10T17:24:53","guid":{"rendered":"https:\/\/www.facecorner.lv\/?post_type=product&#038;p=23924"},"modified":"2025-05-13T00:00:13","modified_gmt":"2025-05-12T21:00:13","slug":"celimax-the-real-noni-energy-ampoule-50-ml","status":"publish","type":"product","link":"https:\/\/www.facecorner.lv\/lv\/shop\/celimax-the-real-noni-energy-ampoule-50-ml\/","title":{"rendered":"Celimax The Real Noni Energy Ampoule 50 ml"},"content":{"rendered":"<p>Celimax The Real Noni Energy Ampoule atjauno, mitrina un toniz\u0113 \u0101du, nov\u0113r\u0161ot sausumu un dehidrat\u0101ciju. Nomierina, izl\u012bdzina un mazina iekaisumu, mazina kairin\u0101jumu un niezi, atjauno un stiprina aizsargbarjeru. Palielina elast\u012bbu un tvirtumu, iedarbojas pret noveco\u0161anu, pateicoties sp\u0113c\u012bgam antioksidantu kokteilim.<\/p>\n<p>Viegla tekst\u016bra neapgr\u016btina \u0101du, neatst\u0101j lip\u012bgumu un \u0101tri uzs\u016bcas, nesatur m\u0101ksl\u012bg\u0101s kr\u0101svielas &#8211; za\u013c\u0101 kr\u0101sa ieg\u016bta, pateicoties noni ekstraktam.<\/p>\n<p>Produkts ir aromatiz\u0113ts ar rozmar\u012bna arom\u0101tu.<\/p>\n<p><strong>Galven\u0101s akt\u012bv\u0101s sast\u0101vda\u013cas:<\/strong><\/p>\n<ul>\n<li>Noni ekstrakts &#8211; baro, nomierina un m\u012bkstina \u0101du, tam piem\u012bt antioksidanta iedarb\u012bba, pal\u0113nina ar vecumu saist\u012bt\u0101s izmai\u0146as un blo\u0137\u0113 iekaisuma procesu.<\/li>\n<li>Shea sviests &#8211; dzi\u013ci baro \u0101du, nov\u0113r\u0161 sausumu un lob\u012b\u0161anos, atjauno un stiprina aizsargbarjeru, nov\u0113r\u0161 mitruma zudumu.<\/li>\n<li>Ceram\u012bdi &#8211; akt\u012bvi atjauno un stiprina aizsargbarjeru, aizsarg\u0101 no apk\u0101rt\u0113j\u0101s vides negat\u012bv\u0101s ietekmes, nov\u0113r\u0161 transepiderm\u0101lo mitruma zudumu.<\/li>\n<li>Adenoz\u012bns &#8211; stimul\u0113 kolag\u0113na sint\u0113zi, izl\u012bdzina un nostiprina \u0101du, samazina grumbas un nov\u0113r\u0161 to ra\u0161anos.<\/li>\n<\/ul>\n<p><strong>Lieto\u0161\u0101na:<\/strong> Uzkl\u0101jiet nepiecie\u0161amo produkta daudzumu uz att\u012br\u012btas un toniz\u0113tas sejas \u0101das, izklied\u0113jiet, l\u012bdz tas piln\u012bb\u0101 ies\u016bcas, p\u0113c tam nostipriniet kop\u0161anu ar kr\u0113mu.<\/p>\n<p><strong>S\u0101stavs:<\/strong> <span style=\"font-size: 16px;\">Water, Butylene Glycol, Propanediol, Glycerin, 1,2-Hexanediol, Morinda Citrifolia Fruit Extract (0.7%), Sodium Polyacryloyldimethyl Taurate, Diethoxyethyl Succinate, Allantoin, Octyldodeceth-16, Dipropylene Glycol, Melia Azadirachta Leaf Extract, Sodium Hyaluronate, Ethylhexylglycerin, Adenosine, Disodium EDTA, Panthenol, Glyceryl Polymethacrylate, Melia Azadirachta Flower Extract, Morinda Citrifolia Seed Oil (200 ppm), Hydrogenated Lecithin, Theobroma Cacao (Cocoa) Seed Extract, Rosmarinus Officinalis (Rosemary) Leaf Oil, Dextrin, Cetearyl Olivate, Sorbitan Olivate, Sucrose Palmitate, Citrus Reticulata (Tangerine) Peel Extract, Olea Europaea (Olive) Fruit Oil, Macadamia Integrifolia Seed Oil, Vitis Vinifera (Grape) Seed Oil, Simmondsia Chinensis (Jojoba) Seed Oil, Soluble Collagen, Tocopherol<\/span><\/p>\n<p>&nbsp;<\/p>\n","protected":false},"excerpt":{"rendered":"<p>Celimax The Real Noni Energy Ampouleatjauno, mitrina un toniz\u0113 \u0101du, nov\u0113r\u0161ot sausumu un dehidrat\u0101ciju. Nomierina, izl\u012bdzina un mazina iekaisumu, mazina kairin\u0101jumu un niezi, atjauno un stiprina aizsargbarjeru. Palielina elast\u012bbu un tvirtumu, iedarbojas pret noveco\u0161anu, pateicoties sp\u0113c\u012bgam antioksidantu kokteilim.<\/p>\n","protected":false},"featured_media":23925,"comment_status":"open","ping_status":"closed","template":"","meta":{"site-sidebar-layout":"default","site-content-layout":"","ast-site-content-layout":"default","site-content-style":"default","site-sidebar-style":"default","ast-global-header-display":"","ast-banner-title-visibility":"","ast-main-header-display":"","ast-hfb-above-header-display":"","ast-hfb-below-header-display":"","ast-hfb-mobile-header-display":"","site-post-title":"","ast-breadcrumbs-content":"","ast-featured-img":"","footer-sml-layout":"","theme-transparent-header-meta":"default","adv-header-id-meta":"","stick-header-meta":"","header-above-stick-meta":"","header-main-stick-meta":"","header-below-stick-meta":"","astra-migrate-meta-layouts":"set","ast-page-background-enabled":"default","ast-page-background-meta":{"desktop":{"background-color":"var(--ast-global-color-4)","background-image":"","background-repeat":"repeat","background-position":"center center","background-size":"auto","background-attachment":"scroll","background-type":"","background-media":"","overlay-type":"","overlay-color":"","overlay-opacity":"","overlay-gradient":""},"tablet":{"background-color":"","background-image":"","background-repeat":"repeat","background-position":"center center","background-size":"auto","background-attachment":"scroll","background-type":"","background-media":"","overlay-type":"","overlay-color":"","overlay-opacity":"","overlay-gradient":""},"mobile":{"background-color":"","background-image":"","background-repeat":"repeat","background-position":"center center","background-size":"auto","background-attachment":"scroll","background-type":"","background-media":"","overlay-type":"","overlay-color":"","overlay-opacity":"","overlay-gradient":""}},"ast-content-background-meta":{"desktop":{"background-color":"var(--ast-global-color-5)","background-image":"","background-repeat":"repeat","background-position":"center center","background-size":"auto","background-attachment":"scroll","background-type":"","background-media":"","overlay-type":"","overlay-color":"","overlay-opacity":"","overlay-gradient":""},"tablet":{"background-color":"var(--ast-global-color-5)","background-image":"","background-repeat":"repeat","background-position":"center center","background-size":"auto","background-attachment":"scroll","background-type":"","background-media":"","overlay-type":"","overlay-color":"","overlay-opacity":"","overlay-gradient":""},"mobile":{"background-color":"var(--ast-global-color-5)","background-image":"","background-repeat":"repeat","background-position":"center center","background-size":"auto","background-attachment":"scroll","background-type":"","background-media":"","overlay-type":"","overlay-color":"","overlay-opacity":"","overlay-gradient":""}}},"product_brand":[],"product_cat":[372,374,363],"product_tag":[],"berocket_brand":[604],"class_list":{"0":"post-23924","1":"product","2":"type-product","3":"status-publish","4":"has-post-thumbnail","6":"product_cat-jutigai-adai-serumi","7":"product_cat-pret-pinnem","8":"product_cat-serumi","9":"berocket_brand-celimax","10":"desktop-align-left","11":"tablet-align-left","12":"mobile-align-left","14":"first","15":"outofstock","16":"taxable","17":"shipping-taxable","18":"purchasable","19":"product-type-simple","20":"add-to-wishlist-before_image"},"yoast_head":"<!-- This site is optimized with the Yoast SEO plugin v27.4 - https:\/\/yoast.com\/product\/yoast-seo-wordpress\/ -->\n<title>Celimax The Real Noni Energy Ampoule 50 ml - FACECORNER<\/title>\n<meta name=\"description\" content=\"Celimax The Real Noni Energy Ampouleatjauno, mitrina un toniz\u0113 \u0101du, nov\u0113r\u0161ot sausumu un dehidrat\u0101ciju. Nomierina, izl\u012bdzina un mazina iekaisum\" \/>\n<meta name=\"robots\" content=\"index, follow, max-snippet:-1, max-image-preview:large, max-video-preview:-1\" \/>\n<link rel=\"canonical\" href=\"https:\/\/www.facecorner.lv\/lv\/shop\/celimax-the-real-noni-energy-ampoule-50-ml\/\" \/>\n<meta property=\"og:locale\" content=\"lv_LV\" \/>\n<meta property=\"og:type\" content=\"article\" \/>\n<meta property=\"og:title\" content=\"Celimax The Real Noni Energy Ampoule 50 ml - FACECORNER\" \/>\n<meta property=\"og:description\" content=\"Celimax The Real Noni Energy Ampouleatjauno, mitrina un toniz\u0113 \u0101du, nov\u0113r\u0161ot sausumu un dehidrat\u0101ciju. Nomierina, izl\u012bdzina un mazina iekaisum\" \/>\n<meta property=\"og:url\" content=\"https:\/\/www.facecorner.lv\/lv\/shop\/celimax-the-real-noni-energy-ampoule-50-ml\/\" \/>\n<meta property=\"og:site_name\" content=\"FACECORNER\" \/>\n<meta property=\"article:publisher\" content=\"https:\/\/www.facebook.com\/profile.php?id=100063824551839\" \/>\n<meta property=\"article:modified_time\" content=\"2025-05-12T21:00:13+00:00\" \/>\n<meta property=\"og:image\" content=\"https:\/\/www.facecorner.lv\/wp-content\/uploads\/2025\/04\/CelimaxTheRealNoniEnergyAmpoule.webp\" \/>\n\t<meta property=\"og:image:width\" content=\"950\" \/>\n\t<meta property=\"og:image:height\" content=\"950\" \/>\n\t<meta property=\"og:image:type\" content=\"image\/webp\" \/>\n<meta name=\"twitter:card\" content=\"summary_large_image\" \/>\n<meta name=\"twitter:label1\" content=\"Price\" \/>\n\t<meta name=\"twitter:data1\" content=\"&euro;23.50\" \/>\n\t<meta name=\"twitter:label2\" content=\"Availability\" \/>\n\t<meta name=\"twitter:data2\" content=\"Out of stock\" \/>\n<script type=\"application\/ld+json\" class=\"yoast-schema-graph\">{\"@context\":\"https:\\\/\\\/schema.org\",\"@graph\":[{\"@type\":\"WebPage\",\"@id\":\"https:\\\/\\\/www.facecorner.lv\\\/shop\\\/celimax-the-real-noni-energy-ampoule-50-ml\\\/\",\"url\":\"https:\\\/\\\/www.facecorner.lv\\\/shop\\\/celimax-the-real-noni-energy-ampoule-50-ml\\\/\",\"name\":\"Celimax The Real Noni Energy Ampoule 50 ml - FACECORNER\",\"isPartOf\":{\"@id\":\"https:\\\/\\\/www.facecorner.lv\\\/#website\"},\"primaryImageOfPage\":{\"@id\":\"https:\\\/\\\/www.facecorner.lv\\\/shop\\\/celimax-the-real-noni-energy-ampoule-50-ml\\\/#primaryimage\"},\"image\":{\"@id\":\"https:\\\/\\\/www.facecorner.lv\\\/shop\\\/celimax-the-real-noni-energy-ampoule-50-ml\\\/#primaryimage\"},\"thumbnailUrl\":\"https:\\\/\\\/www.facecorner.lv\\\/wp-content\\\/uploads\\\/2025\\\/04\\\/CelimaxTheRealNoniEnergyAmpoule.webp\",\"datePublished\":\"2025-04-10T17:24:53+00:00\",\"dateModified\":\"2025-05-12T21:00:13+00:00\",\"description\":\"Celimax The Real Noni Energy Ampouleatjauno, mitrina un toniz\u0113 \u0101du, nov\u0113r\u0161ot sausumu un dehidrat\u0101ciju. Nomierina, izl\u012bdzina un mazina iekaisum\",\"breadcrumb\":{\"@id\":\"https:\\\/\\\/www.facecorner.lv\\\/shop\\\/celimax-the-real-noni-energy-ampoule-50-ml\\\/#breadcrumb\"},\"inLanguage\":\"lv-LV\",\"potentialAction\":[{\"@type\":\"ReadAction\",\"target\":[\"https:\\\/\\\/www.facecorner.lv\\\/shop\\\/celimax-the-real-noni-energy-ampoule-50-ml\\\/\"]}]},{\"@type\":\"ImageObject\",\"inLanguage\":\"lv-LV\",\"@id\":\"https:\\\/\\\/www.facecorner.lv\\\/shop\\\/celimax-the-real-noni-energy-ampoule-50-ml\\\/#primaryimage\",\"url\":\"https:\\\/\\\/www.facecorner.lv\\\/wp-content\\\/uploads\\\/2025\\\/04\\\/CelimaxTheRealNoniEnergyAmpoule.webp\",\"contentUrl\":\"https:\\\/\\\/www.facecorner.lv\\\/wp-content\\\/uploads\\\/2025\\\/04\\\/CelimaxTheRealNoniEnergyAmpoule.webp\",\"width\":950,\"height\":950,\"caption\":\"Celimax The Real Noni Energy Ampoule\"},{\"@type\":\"BreadcrumbList\",\"@id\":\"https:\\\/\\\/www.facecorner.lv\\\/shop\\\/celimax-the-real-noni-energy-ampoule-50-ml\\\/#breadcrumb\",\"itemListElement\":[{\"@type\":\"ListItem\",\"position\":1,\"name\":\"Home\",\"item\":\"https:\\\/\\\/www.facecorner.lv\\\/\"},{\"@type\":\"ListItem\",\"position\":2,\"name\":\"Veikals\",\"item\":\"https:\\\/\\\/www.facecorner.lv\\\/shop\\\/\"},{\"@type\":\"ListItem\",\"position\":3,\"name\":\"Celimax The Real Noni Energy Ampoule 50 ml\"}]},{\"@type\":\"WebSite\",\"@id\":\"https:\\\/\\\/www.facecorner.lv\\\/#website\",\"url\":\"https:\\\/\\\/www.facecorner.lv\\\/\",\"name\":\"Facecorner\",\"description\":\"\",\"publisher\":{\"@id\":\"https:\\\/\\\/www.facecorner.lv\\\/#organization\"},\"potentialAction\":[{\"@type\":\"SearchAction\",\"target\":{\"@type\":\"EntryPoint\",\"urlTemplate\":\"https:\\\/\\\/www.facecorner.lv\\\/?s={search_term_string}\"},\"query-input\":{\"@type\":\"PropertyValueSpecification\",\"valueRequired\":true,\"valueName\":\"search_term_string\"}}],\"inLanguage\":\"lv-LV\"},{\"@type\":\"Organization\",\"@id\":\"https:\\\/\\\/www.facecorner.lv\\\/#organization\",\"name\":\"Facecorner\",\"url\":\"https:\\\/\\\/www.facecorner.lv\\\/\",\"logo\":{\"@type\":\"ImageObject\",\"inLanguage\":\"lv-LV\",\"@id\":\"https:\\\/\\\/www.facecorner.lv\\\/#\\\/schema\\\/logo\\\/image\\\/\",\"url\":\"https:\\\/\\\/www.facecorner.lv\\\/wp-content\\\/uploads\\\/2024\\\/04\\\/fc-logo.jpg\",\"contentUrl\":\"https:\\\/\\\/www.facecorner.lv\\\/wp-content\\\/uploads\\\/2024\\\/04\\\/fc-logo.jpg\",\"width\":174,\"height\":28,\"caption\":\"Facecorner\"},\"image\":{\"@id\":\"https:\\\/\\\/www.facecorner.lv\\\/#\\\/schema\\\/logo\\\/image\\\/\"},\"sameAs\":[\"https:\\\/\\\/www.facebook.com\\\/profile.php?id=100063824551839\",\"https:\\\/\\\/www.instagram.com\\\/facecorner_shop\\\/\"]}]}<\/script>\n<meta property=\"product:price:amount\" content=\"23.50\" \/>\n<meta property=\"product:price:currency\" content=\"EUR\" \/>\n<meta property=\"og:availability\" content=\"out of stock\" \/>\n<meta property=\"product:availability\" content=\"out of stock\" \/>\n<meta property=\"product:condition\" content=\"new\" \/>\n<!-- \/ Yoast SEO plugin. -->","yoast_head_json":{"title":"Celimax The Real Noni Energy Ampoule 50 ml - FACECORNER","description":"Celimax The Real Noni Energy Ampouleatjauno, mitrina un toniz\u0113 \u0101du, nov\u0113r\u0161ot sausumu un dehidrat\u0101ciju. Nomierina, izl\u012bdzina un mazina iekaisum","robots":{"index":"index","follow":"follow","max-snippet":"max-snippet:-1","max-image-preview":"max-image-preview:large","max-video-preview":"max-video-preview:-1"},"canonical":"https:\/\/www.facecorner.lv\/lv\/shop\/celimax-the-real-noni-energy-ampoule-50-ml\/","og_locale":"lv_LV","og_type":"article","og_title":"Celimax The Real Noni Energy Ampoule 50 ml - FACECORNER","og_description":"Celimax The Real Noni Energy Ampouleatjauno, mitrina un toniz\u0113 \u0101du, nov\u0113r\u0161ot sausumu un dehidrat\u0101ciju. Nomierina, izl\u012bdzina un mazina iekaisum","og_url":"https:\/\/www.facecorner.lv\/lv\/shop\/celimax-the-real-noni-energy-ampoule-50-ml\/","og_site_name":"FACECORNER","article_publisher":"https:\/\/www.facebook.com\/profile.php?id=100063824551839","article_modified_time":"2025-05-12T21:00:13+00:00","og_image":[{"width":950,"height":950,"url":"https:\/\/www.facecorner.lv\/wp-content\/uploads\/2025\/04\/CelimaxTheRealNoniEnergyAmpoule.webp","type":"image\/webp"}],"twitter_card":"summary_large_image","twitter_misc":{"Price":"&euro;23.50","Availability":"Out of stock"},"schema":{"@context":"https:\/\/schema.org","@graph":[{"@type":"WebPage","@id":"https:\/\/www.facecorner.lv\/shop\/celimax-the-real-noni-energy-ampoule-50-ml\/","url":"https:\/\/www.facecorner.lv\/shop\/celimax-the-real-noni-energy-ampoule-50-ml\/","name":"Celimax The Real Noni Energy Ampoule 50 ml - FACECORNER","isPartOf":{"@id":"https:\/\/www.facecorner.lv\/#website"},"primaryImageOfPage":{"@id":"https:\/\/www.facecorner.lv\/shop\/celimax-the-real-noni-energy-ampoule-50-ml\/#primaryimage"},"image":{"@id":"https:\/\/www.facecorner.lv\/shop\/celimax-the-real-noni-energy-ampoule-50-ml\/#primaryimage"},"thumbnailUrl":"https:\/\/www.facecorner.lv\/wp-content\/uploads\/2025\/04\/CelimaxTheRealNoniEnergyAmpoule.webp","datePublished":"2025-04-10T17:24:53+00:00","dateModified":"2025-05-12T21:00:13+00:00","description":"Celimax The Real Noni Energy Ampouleatjauno, mitrina un toniz\u0113 \u0101du, nov\u0113r\u0161ot sausumu un dehidrat\u0101ciju. Nomierina, izl\u012bdzina un mazina iekaisum","breadcrumb":{"@id":"https:\/\/www.facecorner.lv\/shop\/celimax-the-real-noni-energy-ampoule-50-ml\/#breadcrumb"},"inLanguage":"lv-LV","potentialAction":[{"@type":"ReadAction","target":["https:\/\/www.facecorner.lv\/shop\/celimax-the-real-noni-energy-ampoule-50-ml\/"]}]},{"@type":"ImageObject","inLanguage":"lv-LV","@id":"https:\/\/www.facecorner.lv\/shop\/celimax-the-real-noni-energy-ampoule-50-ml\/#primaryimage","url":"https:\/\/www.facecorner.lv\/wp-content\/uploads\/2025\/04\/CelimaxTheRealNoniEnergyAmpoule.webp","contentUrl":"https:\/\/www.facecorner.lv\/wp-content\/uploads\/2025\/04\/CelimaxTheRealNoniEnergyAmpoule.webp","width":950,"height":950,"caption":"Celimax The Real Noni Energy Ampoule"},{"@type":"BreadcrumbList","@id":"https:\/\/www.facecorner.lv\/shop\/celimax-the-real-noni-energy-ampoule-50-ml\/#breadcrumb","itemListElement":[{"@type":"ListItem","position":1,"name":"Home","item":"https:\/\/www.facecorner.lv\/"},{"@type":"ListItem","position":2,"name":"Veikals","item":"https:\/\/www.facecorner.lv\/shop\/"},{"@type":"ListItem","position":3,"name":"Celimax The Real Noni Energy Ampoule 50 ml"}]},{"@type":"WebSite","@id":"https:\/\/www.facecorner.lv\/#website","url":"https:\/\/www.facecorner.lv\/","name":"Facecorner","description":"","publisher":{"@id":"https:\/\/www.facecorner.lv\/#organization"},"potentialAction":[{"@type":"SearchAction","target":{"@type":"EntryPoint","urlTemplate":"https:\/\/www.facecorner.lv\/?s={search_term_string}"},"query-input":{"@type":"PropertyValueSpecification","valueRequired":true,"valueName":"search_term_string"}}],"inLanguage":"lv-LV"},{"@type":"Organization","@id":"https:\/\/www.facecorner.lv\/#organization","name":"Facecorner","url":"https:\/\/www.facecorner.lv\/","logo":{"@type":"ImageObject","inLanguage":"lv-LV","@id":"https:\/\/www.facecorner.lv\/#\/schema\/logo\/image\/","url":"https:\/\/www.facecorner.lv\/wp-content\/uploads\/2024\/04\/fc-logo.jpg","contentUrl":"https:\/\/www.facecorner.lv\/wp-content\/uploads\/2024\/04\/fc-logo.jpg","width":174,"height":28,"caption":"Facecorner"},"image":{"@id":"https:\/\/www.facecorner.lv\/#\/schema\/logo\/image\/"},"sameAs":["https:\/\/www.facebook.com\/profile.php?id=100063824551839","https:\/\/www.instagram.com\/facecorner_shop\/"]}]},"product_price_amount":"23.50","product_price_currency":"EUR","og_availability":"out of stock","product_availability":"out of stock","product_condition":"new"},"_links":{"self":[{"href":"https:\/\/www.facecorner.lv\/lv\/wp-json\/wp\/v2\/product\/23924","targetHints":{"allow":["GET"]}}],"collection":[{"href":"https:\/\/www.facecorner.lv\/lv\/wp-json\/wp\/v2\/product"}],"about":[{"href":"https:\/\/www.facecorner.lv\/lv\/wp-json\/wp\/v2\/types\/product"}],"replies":[{"embeddable":true,"href":"https:\/\/www.facecorner.lv\/lv\/wp-json\/wp\/v2\/comments?post=23924"}],"wp:featuredmedia":[{"embeddable":true,"href":"https:\/\/www.facecorner.lv\/lv\/wp-json\/wp\/v2\/media\/23925"}],"wp:attachment":[{"href":"https:\/\/www.facecorner.lv\/lv\/wp-json\/wp\/v2\/media?parent=23924"}],"wp:term":[{"taxonomy":"product_brand","embeddable":true,"href":"https:\/\/www.facecorner.lv\/lv\/wp-json\/wp\/v2\/product_brand?post=23924"},{"taxonomy":"product_cat","embeddable":true,"href":"https:\/\/www.facecorner.lv\/lv\/wp-json\/wp\/v2\/product_cat?post=23924"},{"taxonomy":"product_tag","embeddable":true,"href":"https:\/\/www.facecorner.lv\/lv\/wp-json\/wp\/v2\/product_tag?post=23924"},{"taxonomy":"berocket_brand","embeddable":true,"href":"https:\/\/www.facecorner.lv\/lv\/wp-json\/wp\/v2\/berocket_brand?post=23924"}],"curies":[{"name":"wp","href":"https:\/\/api.w.org\/{rel}","templated":true}]}}