{"id":23866,"date":"2025-04-07T20:13:18","date_gmt":"2025-04-07T17:13:18","guid":{"rendered":"https:\/\/www.facecorner.lv\/?post_type=product&#038;p=23866"},"modified":"2025-12-24T21:33:13","modified_gmt":"2025-12-24T18:33:13","slug":"medicube-txa-niacinamide-serum-30ml","status":"publish","type":"product","link":"https:\/\/www.facecorner.lv\/lv\/shop\/medicube-txa-niacinamide-serum-30ml\/","title":{"rendered":"medicube TXA Niacinamide Serum 30ml"},"content":{"rendered":"<p>medicube TXA Niacinamide Serum\u00a0 Viss vien\u0101 72 stundu ilgsto\u0161as darb\u012bbas serums tum\u0161o plankumu, aknes r\u0113tu, nevienm\u0113r\u012bga \u0101das to\u0146a un tekst\u016bras kop\u0161anai ar 10 sl\u0101\u0146u hialuronsk\u0101bi, pantenolu, formulu bez smar\u017eviel\u0101m, kas satur pantenolu un kora\u013c\u013cu s\u016bnu ekstraktu, lai nomierin\u0101tu un m\u012bkstin\u0101tu \u0101du.<\/p>\n<p>5 % traneksam\u012bnsk\u0101bes, liel\u0101k\u0101 TXA koncentr\u0101cija medikamentos tum\u0161o plankumu un aknes r\u0113tu kop\u0161anai, vesel\u012bgai \u0101das barjerai un sejas tonim.<\/p>\n<p>TXA(Tranexamic acid) 5%: Uzlabo tum\u0161o plankumu un aknes r\u0113tu veido\u0161anos, vienlaikus saglab\u0101jot kop\u0113jo \u0101das l\u012bdzsvaru.<br \/>\nNiacinam\u012bds 10%: Veido vesel\u012bgu \u0101das barjeru un uzlabo \u0101das tekst\u016bru, lai sejas \u0101da b\u016btu gai\u0161\u0101ka.<br \/>\nAlbut\u012bns 2%:Pal\u012bdz mazin\u0101t nevienm\u0113r\u012bgo plankumu izskatu un uzlabo \u0101das t\u012br\u012bbu.<\/p>\n<p><strong>Lieto\u0161\u0101na<\/strong>: Uzkl\u0101jiet da\u017eus pilienus uz v\u0113lam\u0101s vietas.<\/p>\n<p><strong>S\u0101stavs:<\/strong> Water, Niacinamide, Glycerin, Butylene Glycol, Tranexamic Acid, Arbutin, Diethoxyethyl Succinate, Chlorphenesin, C12-14 Alketh-12, Ethylhexylglycerin, Xanthan Gum, Carbomer, Adenosine, Disodium EDTA, Melia Azadirachta Leaf Extract, Melia Azadirachta Flower Extract, 1,2-Hexanediol, Panthenol, Cyanocobalamin, Betaine, Coccinia Indica Fruit Extract, Rosa Centifolia Flower Oil, Ferulic Acid, Corallina Officinalis Extract, Pentylene Glycol, Glutathione, Hydrolyzed Hyaluronic Acid, Hydrolyzed Sodium Hyaluronate, Dimethylsilanol Hyaluronate, Hyaluronic Acid, Potassium Hyaluronate, Sodium Hyaluronate, Hydroxypropyltrimonium Hyaluronate, Sodium Hyaluronate Crosspolymer, Sodium Hyaluronate Dimethylsilanol, Sodium Acetylated Hyaluronate, Acetyl Tetrapeptide-5, Hexapeptide-9, Palmitoyl Tripeptide-5.<\/p>\n<p>&nbsp;<\/p>\n<p>&nbsp;<\/p>\n<p>&nbsp;<\/p>\n","protected":false},"excerpt":{"rendered":"<p>Viss vien\u0101 72 stundu ilgsto\u0161as darb\u012bbas serums tum\u0161o plankumu, aknes r\u0113tu, nevienm\u0113r\u012bga \u0101das to\u0146a un tekst\u016bras kop\u0161anai ar 10 sl\u0101\u0146u hialuronsk\u0101bi, pantenolu, formulu bez smar\u017eviel\u0101m, kas satur pantenolu un kora\u013c\u013cu s\u016bnu ekstraktu, lai nomierin\u0101tu un m\u012bkstin\u0101tu \u0101du.<\/p>\n","protected":false},"featured_media":23867,"comment_status":"open","ping_status":"closed","template":"","meta":{"site-sidebar-layout":"default","site-content-layout":"","ast-site-content-layout":"default","site-content-style":"default","site-sidebar-style":"default","ast-global-header-display":"","ast-banner-title-visibility":"","ast-main-header-display":"","ast-hfb-above-header-display":"","ast-hfb-below-header-display":"","ast-hfb-mobile-header-display":"","site-post-title":"","ast-breadcrumbs-content":"","ast-featured-img":"","footer-sml-layout":"","theme-transparent-header-meta":"default","adv-header-id-meta":"","stick-header-meta":"","header-above-stick-meta":"","header-main-stick-meta":"","header-below-stick-meta":"","astra-migrate-meta-layouts":"set","ast-page-background-enabled":"default","ast-page-background-meta":{"desktop":{"background-color":"var(--ast-global-color-4)","background-image":"","background-repeat":"repeat","background-position":"center center","background-size":"auto","background-attachment":"scroll","background-type":"","background-media":"","overlay-type":"","overlay-color":"","overlay-opacity":"","overlay-gradient":""},"tablet":{"background-color":"","background-image":"","background-repeat":"repeat","background-position":"center center","background-size":"auto","background-attachment":"scroll","background-type":"","background-media":"","overlay-type":"","overlay-color":"","overlay-opacity":"","overlay-gradient":""},"mobile":{"background-color":"","background-image":"","background-repeat":"repeat","background-position":"center center","background-size":"auto","background-attachment":"scroll","background-type":"","background-media":"","overlay-type":"","overlay-color":"","overlay-opacity":"","overlay-gradient":""}},"ast-content-background-meta":{"desktop":{"background-color":"var(--ast-global-color-5)","background-image":"","background-repeat":"repeat","background-position":"center center","background-size":"auto","background-attachment":"scroll","background-type":"","background-media":"","overlay-type":"","overlay-color":"","overlay-opacity":"","overlay-gradient":""},"tablet":{"background-color":"var(--ast-global-color-5)","background-image":"","background-repeat":"repeat","background-position":"center center","background-size":"auto","background-attachment":"scroll","background-type":"","background-media":"","overlay-type":"","overlay-color":"","overlay-opacity":"","overlay-gradient":""},"mobile":{"background-color":"var(--ast-global-color-5)","background-image":"","background-repeat":"repeat","background-position":"center center","background-size":"auto","background-attachment":"scroll","background-type":"","background-media":"","overlay-type":"","overlay-color":"","overlay-opacity":"","overlay-gradient":""}}},"product_brand":[],"product_cat":[370,373,374,363],"product_tag":[],"berocket_brand":[579],"class_list":{"0":"post-23866","1":"product","2":"type-product","3":"status-publish","4":"has-post-thumbnail","6":"product_cat-adas-mirdzumam","7":"product_cat-poras-sasaurinoss","8":"product_cat-pret-pinnem","9":"product_cat-serumi","10":"berocket_brand-medicube","11":"desktop-align-left","12":"tablet-align-left","13":"mobile-align-left","15":"first","16":"outofstock","17":"taxable","18":"shipping-taxable","19":"purchasable","20":"product-type-simple","21":"add-to-wishlist-before_image"},"yoast_head":"<!-- This site is optimized with the Yoast SEO plugin v27.4 - https:\/\/yoast.com\/product\/yoast-seo-wordpress\/ -->\n<title>medicube TXA Niacinamide Serum 30ml - FACECORNER<\/title>\n<meta name=\"description\" content=\"medicube TXA Niacinamide Serum ilgsto\u0161as darb\u012bbas serums tum\u0161o plankumu, aknes r\u0113tu, nevienm\u0113r\u012bga \u0101das to\u0146a un tekst\u016bras kop\u0161anai ar 10 sl\u0101\u0146u hialuronsk\u0101bi\" \/>\n<meta name=\"robots\" content=\"index, follow, max-snippet:-1, max-image-preview:large, max-video-preview:-1\" \/>\n<link rel=\"canonical\" href=\"https:\/\/www.facecorner.lv\/lv\/shop\/medicube-txa-niacinamide-serum-30ml\/\" \/>\n<meta property=\"og:locale\" content=\"lv_LV\" \/>\n<meta property=\"og:type\" content=\"article\" \/>\n<meta property=\"og:title\" content=\"medicube TXA Niacinamide Serum 30ml - FACECORNER\" \/>\n<meta property=\"og:description\" content=\"medicube TXA Niacinamide Serum ilgsto\u0161as darb\u012bbas serums tum\u0161o plankumu, aknes r\u0113tu, nevienm\u0113r\u012bga \u0101das to\u0146a un tekst\u016bras kop\u0161anai ar 10 sl\u0101\u0146u hialuronsk\u0101bi\" \/>\n<meta property=\"og:url\" content=\"https:\/\/www.facecorner.lv\/lv\/shop\/medicube-txa-niacinamide-serum-30ml\/\" \/>\n<meta property=\"og:site_name\" content=\"FACECORNER\" \/>\n<meta property=\"article:publisher\" content=\"https:\/\/www.facebook.com\/profile.php?id=100063824551839\" \/>\n<meta property=\"article:modified_time\" content=\"2025-12-24T18:33:13+00:00\" \/>\n<meta property=\"og:image\" content=\"https:\/\/www.facecorner.lv\/wp-content\/uploads\/2025\/04\/61hJlq6WVmL.jpg\" \/>\n\t<meta property=\"og:image:width\" content=\"2000\" \/>\n\t<meta property=\"og:image:height\" content=\"2000\" \/>\n\t<meta property=\"og:image:type\" content=\"image\/jpeg\" \/>\n<meta name=\"twitter:card\" content=\"summary_large_image\" \/>\n<meta name=\"twitter:label1\" content=\"Price\" \/>\n\t<meta name=\"twitter:data1\" content=\"&euro;27.50\" \/>\n\t<meta name=\"twitter:label2\" content=\"Availability\" \/>\n\t<meta name=\"twitter:data2\" content=\"Out of stock\" \/>\n<script type=\"application\/ld+json\" class=\"yoast-schema-graph\">{\"@context\":\"https:\\\/\\\/schema.org\",\"@graph\":[{\"@type\":\"WebPage\",\"@id\":\"https:\\\/\\\/www.facecorner.lv\\\/shop\\\/medicube-txa-niacinamide-serum-30ml\\\/\",\"url\":\"https:\\\/\\\/www.facecorner.lv\\\/shop\\\/medicube-txa-niacinamide-serum-30ml\\\/\",\"name\":\"medicube TXA Niacinamide Serum 30ml - FACECORNER\",\"isPartOf\":{\"@id\":\"https:\\\/\\\/www.facecorner.lv\\\/#website\"},\"primaryImageOfPage\":{\"@id\":\"https:\\\/\\\/www.facecorner.lv\\\/shop\\\/medicube-txa-niacinamide-serum-30ml\\\/#primaryimage\"},\"image\":{\"@id\":\"https:\\\/\\\/www.facecorner.lv\\\/shop\\\/medicube-txa-niacinamide-serum-30ml\\\/#primaryimage\"},\"thumbnailUrl\":\"https:\\\/\\\/www.facecorner.lv\\\/wp-content\\\/uploads\\\/2025\\\/04\\\/61hJlq6WVmL.jpg\",\"datePublished\":\"2025-04-07T17:13:18+00:00\",\"dateModified\":\"2025-12-24T18:33:13+00:00\",\"description\":\"medicube TXA Niacinamide Serum ilgsto\u0161as darb\u012bbas serums tum\u0161o plankumu, aknes r\u0113tu, nevienm\u0113r\u012bga \u0101das to\u0146a un tekst\u016bras kop\u0161anai ar 10 sl\u0101\u0146u hialuronsk\u0101bi\",\"breadcrumb\":{\"@id\":\"https:\\\/\\\/www.facecorner.lv\\\/shop\\\/medicube-txa-niacinamide-serum-30ml\\\/#breadcrumb\"},\"inLanguage\":\"lv-LV\",\"potentialAction\":[{\"@type\":\"ReadAction\",\"target\":[\"https:\\\/\\\/www.facecorner.lv\\\/shop\\\/medicube-txa-niacinamide-serum-30ml\\\/\"]}]},{\"@type\":\"ImageObject\",\"inLanguage\":\"lv-LV\",\"@id\":\"https:\\\/\\\/www.facecorner.lv\\\/shop\\\/medicube-txa-niacinamide-serum-30ml\\\/#primaryimage\",\"url\":\"https:\\\/\\\/www.facecorner.lv\\\/wp-content\\\/uploads\\\/2025\\\/04\\\/61hJlq6WVmL.jpg\",\"contentUrl\":\"https:\\\/\\\/www.facecorner.lv\\\/wp-content\\\/uploads\\\/2025\\\/04\\\/61hJlq6WVmL.jpg\",\"width\":2000,\"height\":2000,\"caption\":\"Version 1.0.0\"},{\"@type\":\"BreadcrumbList\",\"@id\":\"https:\\\/\\\/www.facecorner.lv\\\/shop\\\/medicube-txa-niacinamide-serum-30ml\\\/#breadcrumb\",\"itemListElement\":[{\"@type\":\"ListItem\",\"position\":1,\"name\":\"Home\",\"item\":\"https:\\\/\\\/www.facecorner.lv\\\/\"},{\"@type\":\"ListItem\",\"position\":2,\"name\":\"Veikals\",\"item\":\"https:\\\/\\\/www.facecorner.lv\\\/shop\\\/\"},{\"@type\":\"ListItem\",\"position\":3,\"name\":\"medicube TXA Niacinamide Serum 30ml\"}]},{\"@type\":\"WebSite\",\"@id\":\"https:\\\/\\\/www.facecorner.lv\\\/#website\",\"url\":\"https:\\\/\\\/www.facecorner.lv\\\/\",\"name\":\"Facecorner\",\"description\":\"\",\"publisher\":{\"@id\":\"https:\\\/\\\/www.facecorner.lv\\\/#organization\"},\"potentialAction\":[{\"@type\":\"SearchAction\",\"target\":{\"@type\":\"EntryPoint\",\"urlTemplate\":\"https:\\\/\\\/www.facecorner.lv\\\/?s={search_term_string}\"},\"query-input\":{\"@type\":\"PropertyValueSpecification\",\"valueRequired\":true,\"valueName\":\"search_term_string\"}}],\"inLanguage\":\"lv-LV\"},{\"@type\":\"Organization\",\"@id\":\"https:\\\/\\\/www.facecorner.lv\\\/#organization\",\"name\":\"Facecorner\",\"url\":\"https:\\\/\\\/www.facecorner.lv\\\/\",\"logo\":{\"@type\":\"ImageObject\",\"inLanguage\":\"lv-LV\",\"@id\":\"https:\\\/\\\/www.facecorner.lv\\\/#\\\/schema\\\/logo\\\/image\\\/\",\"url\":\"https:\\\/\\\/www.facecorner.lv\\\/wp-content\\\/uploads\\\/2024\\\/04\\\/fc-logo.jpg\",\"contentUrl\":\"https:\\\/\\\/www.facecorner.lv\\\/wp-content\\\/uploads\\\/2024\\\/04\\\/fc-logo.jpg\",\"width\":174,\"height\":28,\"caption\":\"Facecorner\"},\"image\":{\"@id\":\"https:\\\/\\\/www.facecorner.lv\\\/#\\\/schema\\\/logo\\\/image\\\/\"},\"sameAs\":[\"https:\\\/\\\/www.facebook.com\\\/profile.php?id=100063824551839\",\"https:\\\/\\\/www.instagram.com\\\/facecorner_shop\\\/\"]}]}<\/script>\n<meta property=\"product:price:amount\" content=\"27.50\" \/>\n<meta property=\"product:price:currency\" content=\"EUR\" \/>\n<meta property=\"og:availability\" content=\"out of stock\" \/>\n<meta property=\"product:availability\" content=\"out of stock\" \/>\n<meta property=\"product:condition\" content=\"new\" \/>\n<!-- \/ Yoast SEO plugin. -->","yoast_head_json":{"title":"medicube TXA Niacinamide Serum 30ml - FACECORNER","description":"medicube TXA Niacinamide Serum ilgsto\u0161as darb\u012bbas serums tum\u0161o plankumu, aknes r\u0113tu, nevienm\u0113r\u012bga \u0101das to\u0146a un tekst\u016bras kop\u0161anai ar 10 sl\u0101\u0146u hialuronsk\u0101bi","robots":{"index":"index","follow":"follow","max-snippet":"max-snippet:-1","max-image-preview":"max-image-preview:large","max-video-preview":"max-video-preview:-1"},"canonical":"https:\/\/www.facecorner.lv\/lv\/shop\/medicube-txa-niacinamide-serum-30ml\/","og_locale":"lv_LV","og_type":"article","og_title":"medicube TXA Niacinamide Serum 30ml - FACECORNER","og_description":"medicube TXA Niacinamide Serum ilgsto\u0161as darb\u012bbas serums tum\u0161o plankumu, aknes r\u0113tu, nevienm\u0113r\u012bga \u0101das to\u0146a un tekst\u016bras kop\u0161anai ar 10 sl\u0101\u0146u hialuronsk\u0101bi","og_url":"https:\/\/www.facecorner.lv\/lv\/shop\/medicube-txa-niacinamide-serum-30ml\/","og_site_name":"FACECORNER","article_publisher":"https:\/\/www.facebook.com\/profile.php?id=100063824551839","article_modified_time":"2025-12-24T18:33:13+00:00","og_image":[{"width":2000,"height":2000,"url":"https:\/\/www.facecorner.lv\/wp-content\/uploads\/2025\/04\/61hJlq6WVmL.jpg","type":"image\/jpeg"}],"twitter_card":"summary_large_image","twitter_misc":{"Price":"&euro;27.50","Availability":"Out of stock"},"schema":{"@context":"https:\/\/schema.org","@graph":[{"@type":"WebPage","@id":"https:\/\/www.facecorner.lv\/shop\/medicube-txa-niacinamide-serum-30ml\/","url":"https:\/\/www.facecorner.lv\/shop\/medicube-txa-niacinamide-serum-30ml\/","name":"medicube TXA Niacinamide Serum 30ml - FACECORNER","isPartOf":{"@id":"https:\/\/www.facecorner.lv\/#website"},"primaryImageOfPage":{"@id":"https:\/\/www.facecorner.lv\/shop\/medicube-txa-niacinamide-serum-30ml\/#primaryimage"},"image":{"@id":"https:\/\/www.facecorner.lv\/shop\/medicube-txa-niacinamide-serum-30ml\/#primaryimage"},"thumbnailUrl":"https:\/\/www.facecorner.lv\/wp-content\/uploads\/2025\/04\/61hJlq6WVmL.jpg","datePublished":"2025-04-07T17:13:18+00:00","dateModified":"2025-12-24T18:33:13+00:00","description":"medicube TXA Niacinamide Serum ilgsto\u0161as darb\u012bbas serums tum\u0161o plankumu, aknes r\u0113tu, nevienm\u0113r\u012bga \u0101das to\u0146a un tekst\u016bras kop\u0161anai ar 10 sl\u0101\u0146u hialuronsk\u0101bi","breadcrumb":{"@id":"https:\/\/www.facecorner.lv\/shop\/medicube-txa-niacinamide-serum-30ml\/#breadcrumb"},"inLanguage":"lv-LV","potentialAction":[{"@type":"ReadAction","target":["https:\/\/www.facecorner.lv\/shop\/medicube-txa-niacinamide-serum-30ml\/"]}]},{"@type":"ImageObject","inLanguage":"lv-LV","@id":"https:\/\/www.facecorner.lv\/shop\/medicube-txa-niacinamide-serum-30ml\/#primaryimage","url":"https:\/\/www.facecorner.lv\/wp-content\/uploads\/2025\/04\/61hJlq6WVmL.jpg","contentUrl":"https:\/\/www.facecorner.lv\/wp-content\/uploads\/2025\/04\/61hJlq6WVmL.jpg","width":2000,"height":2000,"caption":"Version 1.0.0"},{"@type":"BreadcrumbList","@id":"https:\/\/www.facecorner.lv\/shop\/medicube-txa-niacinamide-serum-30ml\/#breadcrumb","itemListElement":[{"@type":"ListItem","position":1,"name":"Home","item":"https:\/\/www.facecorner.lv\/"},{"@type":"ListItem","position":2,"name":"Veikals","item":"https:\/\/www.facecorner.lv\/shop\/"},{"@type":"ListItem","position":3,"name":"medicube TXA Niacinamide Serum 30ml"}]},{"@type":"WebSite","@id":"https:\/\/www.facecorner.lv\/#website","url":"https:\/\/www.facecorner.lv\/","name":"Facecorner","description":"","publisher":{"@id":"https:\/\/www.facecorner.lv\/#organization"},"potentialAction":[{"@type":"SearchAction","target":{"@type":"EntryPoint","urlTemplate":"https:\/\/www.facecorner.lv\/?s={search_term_string}"},"query-input":{"@type":"PropertyValueSpecification","valueRequired":true,"valueName":"search_term_string"}}],"inLanguage":"lv-LV"},{"@type":"Organization","@id":"https:\/\/www.facecorner.lv\/#organization","name":"Facecorner","url":"https:\/\/www.facecorner.lv\/","logo":{"@type":"ImageObject","inLanguage":"lv-LV","@id":"https:\/\/www.facecorner.lv\/#\/schema\/logo\/image\/","url":"https:\/\/www.facecorner.lv\/wp-content\/uploads\/2024\/04\/fc-logo.jpg","contentUrl":"https:\/\/www.facecorner.lv\/wp-content\/uploads\/2024\/04\/fc-logo.jpg","width":174,"height":28,"caption":"Facecorner"},"image":{"@id":"https:\/\/www.facecorner.lv\/#\/schema\/logo\/image\/"},"sameAs":["https:\/\/www.facebook.com\/profile.php?id=100063824551839","https:\/\/www.instagram.com\/facecorner_shop\/"]}]},"product_price_amount":"27.50","product_price_currency":"EUR","og_availability":"out of stock","product_availability":"out of stock","product_condition":"new"},"_links":{"self":[{"href":"https:\/\/www.facecorner.lv\/lv\/wp-json\/wp\/v2\/product\/23866","targetHints":{"allow":["GET"]}}],"collection":[{"href":"https:\/\/www.facecorner.lv\/lv\/wp-json\/wp\/v2\/product"}],"about":[{"href":"https:\/\/www.facecorner.lv\/lv\/wp-json\/wp\/v2\/types\/product"}],"replies":[{"embeddable":true,"href":"https:\/\/www.facecorner.lv\/lv\/wp-json\/wp\/v2\/comments?post=23866"}],"wp:featuredmedia":[{"embeddable":true,"href":"https:\/\/www.facecorner.lv\/lv\/wp-json\/wp\/v2\/media\/23867"}],"wp:attachment":[{"href":"https:\/\/www.facecorner.lv\/lv\/wp-json\/wp\/v2\/media?parent=23866"}],"wp:term":[{"taxonomy":"product_brand","embeddable":true,"href":"https:\/\/www.facecorner.lv\/lv\/wp-json\/wp\/v2\/product_brand?post=23866"},{"taxonomy":"product_cat","embeddable":true,"href":"https:\/\/www.facecorner.lv\/lv\/wp-json\/wp\/v2\/product_cat?post=23866"},{"taxonomy":"product_tag","embeddable":true,"href":"https:\/\/www.facecorner.lv\/lv\/wp-json\/wp\/v2\/product_tag?post=23866"},{"taxonomy":"berocket_brand","embeddable":true,"href":"https:\/\/www.facecorner.lv\/lv\/wp-json\/wp\/v2\/berocket_brand?post=23866"}],"curies":[{"name":"wp","href":"https:\/\/api.w.org\/{rel}","templated":true}]}}