{"id":23698,"date":"2025-03-14T15:14:15","date_gmt":"2025-03-14T12:14:15","guid":{"rendered":"https:\/\/www.facecorner.lv\/?post_type=product&#038;p=23698"},"modified":"2026-02-27T21:04:02","modified_gmt":"2026-02-27T18:04:02","slug":"medicube-one-day-exosome-shot-7500-30ml","status":"publish","type":"product","link":"https:\/\/www.facecorner.lv\/lv\/shop\/medicube-one-day-exosome-shot-7500-30ml\/","title":{"rendered":"Medicube One Day Exosome Shot 7500 30ml"},"content":{"rendered":"<p>Medicube One Day Exosome Shot 7500 ir intens\u012bvas kop\u0161anas ampulu serums, kas j\u016bsu \u0101das kop\u0161anas rut\u012bnas uzlabo\u0161anu. Pateicoties augstajai spikulu koncentr\u0101cijai, tas nodro\u0161ina \u0101trus rezult\u0101tus poru sa\u0161aurin\u0101\u0161an\u0101, padarot \u0101du glud\u0101ku un gai\u0161\u0101ku, izl\u012bdzinot smalk\u0101s l\u012bnijas un grumbi\u0146as.<\/p>\n<p>Pietiek lietot reizi 3 dien\u0101s, lai redzami uzlabotu tekst\u016bru un samazin\u0101tu poru dzi\u013cumu un plat\u012bbu (piem\u0113rots tikai pieredz\u0113ju\u0161iem lietot\u0101jiem).<\/p>\n<p>Medicube One Day Exosome Shot 7500 satur 7500 ppm (0,75 %) eksosomu un ir paredz\u0113ta lieto\u0161anai 2-3 reizes ned\u0113\u013c\u0101 (nav piem\u0113rota ies\u0101c\u0113jiem vai tiem, kas iepriek\u0161 nav lietoju\u0161i specula produktus). T\u016bl\u012bt p\u0113c lieto\u0161anas J\u016bs varat sajust vieglu tirp\u0161anu, aps\u0101rtumu, siltumu, kas ir norm\u0101la reakcija.<\/p>\n<p><strong>Saska\u0146\u0101 ar kl\u012bnisko p\u0113t\u012bjumu rezult\u0101tiem p\u0113c pirm\u0101s lieto\u0161anas reizes ir j\u016btami uzlabojas poru bl\u012bvums un t\u0101s samazin\u0101s par 23,3%, bet akt\u012bvo vielu uzs\u016bk\u0161an\u0101s caur \u0101du palielin\u0101s par 262%.<\/strong><\/p>\n<p><strong>Akt\u012bv\u0101s sast\u0101vda\u013cas:<\/strong><\/p>\n<ul>\n<li>Spicules (hidroliz\u0113ts s\u016bklis) &#8211; pal\u012bdz nolob\u012bt atmiru\u0161\u0101s \u0101das \u0161\u016bnas, stimul\u0113 dabisko atmiru\u0161\u0101 \u0101das sl\u0101\u0146a atjauno\u0161anos, padarot \u0101du glud\u0101ku, tvirt\u0101ku un gai\u0161\u0101ku. Izveido \u0101d\u0101 s\u012bkus mikrokan\u0101li\u0146us, kas uzlabo citu produktu uzs\u016bk\u0161anos;<\/li>\n<li>laktoeksosomas &#8211; t\u0101m piem\u012bt pretiekaisuma un antioksidanta iedarb\u012bba, t\u0101s mazina hronisku iekaisumu, kas laika gait\u0101 var izrais\u012bt priek\u0161laic\u012bgu noveco\u0161anos, uzlabo \u0101das elast\u012bbu un mitrin\u0101\u0161anu, samazina pigment\u0101ciju;<\/li>\n<li>AHA, BHA, PHA sk\u0101bes &#8211; pal\u012bdz att\u012br\u012bt poras no liek\u0101 sebuma, stimul\u0113 re\u0123ener\u0101ciju, izl\u012bdzina \u0101das tekst\u016bru, izgaismo \u0101das toni;<\/li>\n<li>Anti Sebum-P dab\u012bgo ekstraktu komplekss (purva priedes, d\u0101vida dadzis, vakara pr\u012bmulas ziedi, puer\u0101rijas sakne) &#8211; regul\u0113 hidrolip\u012bdu l\u012bdzsvaru, nov\u0113r\u0161 iekaisumus, sa\u0161aurina poras;<\/li>\n<li>niac\u012bnam\u012bds &#8211; stiprina \u0101das aizsargfunkcijas, uzlabo mitrin\u0101\u0161anu;<\/li>\n<li>pantenols &#8211; nomierina mitrin\u0101\u0161anu, pa\u0101trina atjauno\u0161an\u0101s procesus.<\/li>\n<\/ul>\n<p><strong>Lieto\u0161ana:<\/strong> Uzkl\u0101jiet serumu uz att\u012br\u012btas sejas \u0101das, izvairoties no zonas ap ac\u012bm un l\u016bp\u0101m (lai sasniegtu vislab\u0101kos rezult\u0101tus, m\u0113s iesak\u0101m to lietot k\u0101 pirmo soli j\u016bsu \u0101das kop\u0161anas rut\u012bnas). Ar spiedo\u0161\u0101m kust\u012bb\u0101m viegli izklied\u0113jiet, lai \u013cautu spekul\u0101m ies\u016bkties \u0101d\u0101. Nosl\u0113dziet proced\u016bru ar ikdienas mitrino\u0161o l\u012bdzekli uz \u016bdens b\u0101zes. Jut\u012bgai \u0101dai pirms lieto\u0161anas ieteicams veikt pl\u0101kstera testu.<\/p>\n<p><strong>S\u0101stavs:<\/strong> Aqua, Dipropylene Glycol, Glycerin, Butylene Glycol, 1,2-Hexanediol, Niacinamide, Sodium Polyacrylate, Ethylhexyl Palmitate, Hydrolyzed Sponge, C12-14 Alketh-12, Hydrogenated Polydecene, Ethylhexylglycerin, Adenosine, Caprylyl\/Capryl Glucoside, Disodium EDTA, Panthenol, Calcium Silicate, Lactobacillus Extracellular Vesicles, Campsis Grandiflora Flower Extract, Pueraria Lobata Root Extract, Pinus Palustris Leaf Extract, Oenothera Biennis (Evening Primrose) Flower Extract, Ulmus Davidiana Root Extract, Sodium Silicate, Betaine Salicylate, Citric Acid, Gluconolactone\u200b.<\/p>\n","protected":false},"excerpt":{"rendered":"<p>Medicube One Day Exosome Shot 7500 ir intens\u012bvas kop\u0161anas ampulu serums, kas j\u016bsu \u0101das kop\u0161anas rut\u012bnas uzlabo\u0161anu. Pateicoties augstajai spikulu koncentr\u0101cijai, tas nodro\u0161ina \u0101trus rezult\u0101tus poru sa\u0161aurin\u0101\u0161an\u0101, padarot \u0101du glud\u0101ku un gai\u0161\u0101ku, izl\u012bdzinot smalk\u0101s l\u012bnijas un grumbi\u0146as.<\/p>\n","protected":false},"featured_media":23699,"comment_status":"open","ping_status":"closed","template":"","meta":{"site-sidebar-layout":"default","site-content-layout":"","ast-site-content-layout":"default","site-content-style":"default","site-sidebar-style":"default","ast-global-header-display":"","ast-banner-title-visibility":"","ast-main-header-display":"","ast-hfb-above-header-display":"","ast-hfb-below-header-display":"","ast-hfb-mobile-header-display":"","site-post-title":"","ast-breadcrumbs-content":"","ast-featured-img":"","footer-sml-layout":"","theme-transparent-header-meta":"default","adv-header-id-meta":"","stick-header-meta":"","header-above-stick-meta":"","header-main-stick-meta":"","header-below-stick-meta":"","astra-migrate-meta-layouts":"set","ast-page-background-enabled":"default","ast-page-background-meta":{"desktop":{"background-color":"var(--ast-global-color-4)","background-image":"","background-repeat":"repeat","background-position":"center center","background-size":"auto","background-attachment":"scroll","background-type":"","background-media":"","overlay-type":"","overlay-color":"","overlay-opacity":"","overlay-gradient":""},"tablet":{"background-color":"","background-image":"","background-repeat":"repeat","background-position":"center center","background-size":"auto","background-attachment":"scroll","background-type":"","background-media":"","overlay-type":"","overlay-color":"","overlay-opacity":"","overlay-gradient":""},"mobile":{"background-color":"","background-image":"","background-repeat":"repeat","background-position":"center center","background-size":"auto","background-attachment":"scroll","background-type":"","background-media":"","overlay-type":"","overlay-color":"","overlay-opacity":"","overlay-gradient":""}},"ast-content-background-meta":{"desktop":{"background-color":"var(--ast-global-color-5)","background-image":"","background-repeat":"repeat","background-position":"center center","background-size":"auto","background-attachment":"scroll","background-type":"","background-media":"","overlay-type":"","overlay-color":"","overlay-opacity":"","overlay-gradient":""},"tablet":{"background-color":"var(--ast-global-color-5)","background-image":"","background-repeat":"repeat","background-position":"center center","background-size":"auto","background-attachment":"scroll","background-type":"","background-media":"","overlay-type":"","overlay-color":"","overlay-opacity":"","overlay-gradient":""},"mobile":{"background-color":"var(--ast-global-color-5)","background-image":"","background-repeat":"repeat","background-position":"center center","background-size":"auto","background-attachment":"scroll","background-type":"","background-media":"","overlay-type":"","overlay-color":"","overlay-opacity":"","overlay-gradient":""}}},"product_brand":[],"product_cat":[370,371,363],"product_tag":[],"berocket_brand":[579],"class_list":{"0":"post-23698","1":"product","2":"type-product","3":"status-publish","4":"has-post-thumbnail","6":"product_cat-adas-mirdzumam","7":"product_cat-anti-age","8":"product_cat-serumi","9":"berocket_brand-medicube","10":"desktop-align-left","11":"tablet-align-left","12":"mobile-align-left","14":"first","15":"instock","16":"taxable","17":"shipping-taxable","18":"purchasable","19":"product-type-simple","20":"add-to-wishlist-before_image"},"yoast_head":"<!-- This site is optimized with the Yoast SEO plugin v27.3 - https:\/\/yoast.com\/product\/yoast-seo-wordpress\/ -->\n<title>Medicube One Day Exosome Shot 7500 30ml - FACECORNER<\/title>\n<meta name=\"description\" content=\"Medicube One Day Exosome Shot 7500 satur 7500 ppm (0,75 %) eksosomu un ir paredz\u0113ta lieto\u0161anai 2-3 reizes ned\u0113\u013c\u0101 (nav piem\u0113rota ies\u0101c\u0113jiem\" \/>\n<meta name=\"robots\" content=\"index, follow, max-snippet:-1, max-image-preview:large, max-video-preview:-1\" \/>\n<link rel=\"canonical\" href=\"https:\/\/www.facecorner.lv\/lv\/shop\/medicube-one-day-exosome-shot-7500-30ml\/\" \/>\n<meta property=\"og:locale\" content=\"lv_LV\" \/>\n<meta property=\"og:type\" content=\"article\" \/>\n<meta property=\"og:title\" content=\"Medicube One Day Exosome Shot 7500 30ml - FACECORNER\" \/>\n<meta property=\"og:description\" content=\"Medicube One Day Exosome Shot 7500 satur 7500 ppm (0,75 %) eksosomu un ir paredz\u0113ta lieto\u0161anai 2-3 reizes ned\u0113\u013c\u0101 (nav piem\u0113rota ies\u0101c\u0113jiem\" \/>\n<meta property=\"og:url\" content=\"https:\/\/www.facecorner.lv\/lv\/shop\/medicube-one-day-exosome-shot-7500-30ml\/\" \/>\n<meta property=\"og:site_name\" content=\"FACECORNER\" \/>\n<meta property=\"article:publisher\" content=\"https:\/\/www.facebook.com\/profile.php?id=100063824551839\" \/>\n<meta property=\"article:modified_time\" content=\"2026-02-27T18:04:02+00:00\" \/>\n<meta property=\"og:image\" content=\"https:\/\/www.facecorner.lv\/wp-content\/uploads\/2025\/03\/K-Beauty_Store_Giftcard-31.webp\" \/>\n\t<meta property=\"og:image:width\" content=\"1080\" \/>\n\t<meta property=\"og:image:height\" content=\"1080\" \/>\n\t<meta property=\"og:image:type\" content=\"image\/webp\" \/>\n<meta name=\"twitter:card\" content=\"summary_large_image\" \/>\n<meta name=\"twitter:label1\" content=\"Price\" \/>\n\t<meta name=\"twitter:data1\" content=\"&euro;25.90\" \/>\n\t<meta name=\"twitter:label2\" content=\"Availability\" \/>\n\t<meta name=\"twitter:data2\" content=\"In stock\" \/>\n<script type=\"application\/ld+json\" class=\"yoast-schema-graph\">{\"@context\":\"https:\\\/\\\/schema.org\",\"@graph\":[{\"@type\":\"WebPage\",\"@id\":\"https:\\\/\\\/www.facecorner.lv\\\/shop\\\/medicube-one-day-exosome-shot-7500-30ml\\\/\",\"url\":\"https:\\\/\\\/www.facecorner.lv\\\/shop\\\/medicube-one-day-exosome-shot-7500-30ml\\\/\",\"name\":\"Medicube One Day Exosome Shot 7500 30ml - FACECORNER\",\"isPartOf\":{\"@id\":\"https:\\\/\\\/www.facecorner.lv\\\/#website\"},\"primaryImageOfPage\":{\"@id\":\"https:\\\/\\\/www.facecorner.lv\\\/shop\\\/medicube-one-day-exosome-shot-7500-30ml\\\/#primaryimage\"},\"image\":{\"@id\":\"https:\\\/\\\/www.facecorner.lv\\\/shop\\\/medicube-one-day-exosome-shot-7500-30ml\\\/#primaryimage\"},\"thumbnailUrl\":\"https:\\\/\\\/www.facecorner.lv\\\/wp-content\\\/uploads\\\/2025\\\/03\\\/K-Beauty_Store_Giftcard-31.webp\",\"datePublished\":\"2025-03-14T12:14:15+00:00\",\"dateModified\":\"2026-02-27T18:04:02+00:00\",\"description\":\"Medicube One Day Exosome Shot 7500 satur 7500 ppm (0,75 %) eksosomu un ir paredz\u0113ta lieto\u0161anai 2-3 reizes ned\u0113\u013c\u0101 (nav piem\u0113rota ies\u0101c\u0113jiem\",\"breadcrumb\":{\"@id\":\"https:\\\/\\\/www.facecorner.lv\\\/shop\\\/medicube-one-day-exosome-shot-7500-30ml\\\/#breadcrumb\"},\"inLanguage\":\"lv-LV\",\"potentialAction\":[{\"@type\":\"ReadAction\",\"target\":[\"https:\\\/\\\/www.facecorner.lv\\\/shop\\\/medicube-one-day-exosome-shot-7500-30ml\\\/\"]}]},{\"@type\":\"ImageObject\",\"inLanguage\":\"lv-LV\",\"@id\":\"https:\\\/\\\/www.facecorner.lv\\\/shop\\\/medicube-one-day-exosome-shot-7500-30ml\\\/#primaryimage\",\"url\":\"https:\\\/\\\/www.facecorner.lv\\\/wp-content\\\/uploads\\\/2025\\\/03\\\/K-Beauty_Store_Giftcard-31.webp\",\"contentUrl\":\"https:\\\/\\\/www.facecorner.lv\\\/wp-content\\\/uploads\\\/2025\\\/03\\\/K-Beauty_Store_Giftcard-31.webp\",\"width\":1080,\"height\":1080,\"caption\":\"Medicube One Day Exosome Shot 7500\"},{\"@type\":\"BreadcrumbList\",\"@id\":\"https:\\\/\\\/www.facecorner.lv\\\/shop\\\/medicube-one-day-exosome-shot-7500-30ml\\\/#breadcrumb\",\"itemListElement\":[{\"@type\":\"ListItem\",\"position\":1,\"name\":\"Home\",\"item\":\"https:\\\/\\\/www.facecorner.lv\\\/\"},{\"@type\":\"ListItem\",\"position\":2,\"name\":\"Veikals\",\"item\":\"https:\\\/\\\/www.facecorner.lv\\\/shop\\\/\"},{\"@type\":\"ListItem\",\"position\":3,\"name\":\"Medicube One Day Exosome Shot 7500 30ml\"}]},{\"@type\":\"WebSite\",\"@id\":\"https:\\\/\\\/www.facecorner.lv\\\/#website\",\"url\":\"https:\\\/\\\/www.facecorner.lv\\\/\",\"name\":\"Facecorner\",\"description\":\"\",\"publisher\":{\"@id\":\"https:\\\/\\\/www.facecorner.lv\\\/#organization\"},\"potentialAction\":[{\"@type\":\"SearchAction\",\"target\":{\"@type\":\"EntryPoint\",\"urlTemplate\":\"https:\\\/\\\/www.facecorner.lv\\\/?s={search_term_string}\"},\"query-input\":{\"@type\":\"PropertyValueSpecification\",\"valueRequired\":true,\"valueName\":\"search_term_string\"}}],\"inLanguage\":\"lv-LV\"},{\"@type\":\"Organization\",\"@id\":\"https:\\\/\\\/www.facecorner.lv\\\/#organization\",\"name\":\"Facecorner\",\"url\":\"https:\\\/\\\/www.facecorner.lv\\\/\",\"logo\":{\"@type\":\"ImageObject\",\"inLanguage\":\"lv-LV\",\"@id\":\"https:\\\/\\\/www.facecorner.lv\\\/#\\\/schema\\\/logo\\\/image\\\/\",\"url\":\"https:\\\/\\\/www.facecorner.lv\\\/wp-content\\\/uploads\\\/2024\\\/04\\\/fc-logo.jpg\",\"contentUrl\":\"https:\\\/\\\/www.facecorner.lv\\\/wp-content\\\/uploads\\\/2024\\\/04\\\/fc-logo.jpg\",\"width\":174,\"height\":28,\"caption\":\"Facecorner\"},\"image\":{\"@id\":\"https:\\\/\\\/www.facecorner.lv\\\/#\\\/schema\\\/logo\\\/image\\\/\"},\"sameAs\":[\"https:\\\/\\\/www.facebook.com\\\/profile.php?id=100063824551839\",\"https:\\\/\\\/www.instagram.com\\\/facecorner_shop\\\/\"]}]}<\/script>\n<meta property=\"product:price:amount\" content=\"25.90\" \/>\n<meta property=\"product:price:currency\" content=\"EUR\" \/>\n<meta property=\"og:availability\" content=\"instock\" \/>\n<meta property=\"product:availability\" content=\"instock\" \/>\n<meta property=\"product:condition\" content=\"new\" \/>\n<!-- \/ Yoast SEO plugin. -->","yoast_head_json":{"title":"Medicube One Day Exosome Shot 7500 30ml - FACECORNER","description":"Medicube One Day Exosome Shot 7500 satur 7500 ppm (0,75 %) eksosomu un ir paredz\u0113ta lieto\u0161anai 2-3 reizes ned\u0113\u013c\u0101 (nav piem\u0113rota ies\u0101c\u0113jiem","robots":{"index":"index","follow":"follow","max-snippet":"max-snippet:-1","max-image-preview":"max-image-preview:large","max-video-preview":"max-video-preview:-1"},"canonical":"https:\/\/www.facecorner.lv\/lv\/shop\/medicube-one-day-exosome-shot-7500-30ml\/","og_locale":"lv_LV","og_type":"article","og_title":"Medicube One Day Exosome Shot 7500 30ml - FACECORNER","og_description":"Medicube One Day Exosome Shot 7500 satur 7500 ppm (0,75 %) eksosomu un ir paredz\u0113ta lieto\u0161anai 2-3 reizes ned\u0113\u013c\u0101 (nav piem\u0113rota ies\u0101c\u0113jiem","og_url":"https:\/\/www.facecorner.lv\/lv\/shop\/medicube-one-day-exosome-shot-7500-30ml\/","og_site_name":"FACECORNER","article_publisher":"https:\/\/www.facebook.com\/profile.php?id=100063824551839","article_modified_time":"2026-02-27T18:04:02+00:00","og_image":[{"width":1080,"height":1080,"url":"https:\/\/www.facecorner.lv\/wp-content\/uploads\/2025\/03\/K-Beauty_Store_Giftcard-31.webp","type":"image\/webp"}],"twitter_card":"summary_large_image","twitter_misc":{"Price":"&euro;25.90","Availability":"In stock"},"schema":{"@context":"https:\/\/schema.org","@graph":[{"@type":"WebPage","@id":"https:\/\/www.facecorner.lv\/shop\/medicube-one-day-exosome-shot-7500-30ml\/","url":"https:\/\/www.facecorner.lv\/shop\/medicube-one-day-exosome-shot-7500-30ml\/","name":"Medicube One Day Exosome Shot 7500 30ml - FACECORNER","isPartOf":{"@id":"https:\/\/www.facecorner.lv\/#website"},"primaryImageOfPage":{"@id":"https:\/\/www.facecorner.lv\/shop\/medicube-one-day-exosome-shot-7500-30ml\/#primaryimage"},"image":{"@id":"https:\/\/www.facecorner.lv\/shop\/medicube-one-day-exosome-shot-7500-30ml\/#primaryimage"},"thumbnailUrl":"https:\/\/www.facecorner.lv\/wp-content\/uploads\/2025\/03\/K-Beauty_Store_Giftcard-31.webp","datePublished":"2025-03-14T12:14:15+00:00","dateModified":"2026-02-27T18:04:02+00:00","description":"Medicube One Day Exosome Shot 7500 satur 7500 ppm (0,75 %) eksosomu un ir paredz\u0113ta lieto\u0161anai 2-3 reizes ned\u0113\u013c\u0101 (nav piem\u0113rota ies\u0101c\u0113jiem","breadcrumb":{"@id":"https:\/\/www.facecorner.lv\/shop\/medicube-one-day-exosome-shot-7500-30ml\/#breadcrumb"},"inLanguage":"lv-LV","potentialAction":[{"@type":"ReadAction","target":["https:\/\/www.facecorner.lv\/shop\/medicube-one-day-exosome-shot-7500-30ml\/"]}]},{"@type":"ImageObject","inLanguage":"lv-LV","@id":"https:\/\/www.facecorner.lv\/shop\/medicube-one-day-exosome-shot-7500-30ml\/#primaryimage","url":"https:\/\/www.facecorner.lv\/wp-content\/uploads\/2025\/03\/K-Beauty_Store_Giftcard-31.webp","contentUrl":"https:\/\/www.facecorner.lv\/wp-content\/uploads\/2025\/03\/K-Beauty_Store_Giftcard-31.webp","width":1080,"height":1080,"caption":"Medicube One Day Exosome Shot 7500"},{"@type":"BreadcrumbList","@id":"https:\/\/www.facecorner.lv\/shop\/medicube-one-day-exosome-shot-7500-30ml\/#breadcrumb","itemListElement":[{"@type":"ListItem","position":1,"name":"Home","item":"https:\/\/www.facecorner.lv\/"},{"@type":"ListItem","position":2,"name":"Veikals","item":"https:\/\/www.facecorner.lv\/shop\/"},{"@type":"ListItem","position":3,"name":"Medicube One Day Exosome Shot 7500 30ml"}]},{"@type":"WebSite","@id":"https:\/\/www.facecorner.lv\/#website","url":"https:\/\/www.facecorner.lv\/","name":"Facecorner","description":"","publisher":{"@id":"https:\/\/www.facecorner.lv\/#organization"},"potentialAction":[{"@type":"SearchAction","target":{"@type":"EntryPoint","urlTemplate":"https:\/\/www.facecorner.lv\/?s={search_term_string}"},"query-input":{"@type":"PropertyValueSpecification","valueRequired":true,"valueName":"search_term_string"}}],"inLanguage":"lv-LV"},{"@type":"Organization","@id":"https:\/\/www.facecorner.lv\/#organization","name":"Facecorner","url":"https:\/\/www.facecorner.lv\/","logo":{"@type":"ImageObject","inLanguage":"lv-LV","@id":"https:\/\/www.facecorner.lv\/#\/schema\/logo\/image\/","url":"https:\/\/www.facecorner.lv\/wp-content\/uploads\/2024\/04\/fc-logo.jpg","contentUrl":"https:\/\/www.facecorner.lv\/wp-content\/uploads\/2024\/04\/fc-logo.jpg","width":174,"height":28,"caption":"Facecorner"},"image":{"@id":"https:\/\/www.facecorner.lv\/#\/schema\/logo\/image\/"},"sameAs":["https:\/\/www.facebook.com\/profile.php?id=100063824551839","https:\/\/www.instagram.com\/facecorner_shop\/"]}]},"product_price_amount":"25.90","product_price_currency":"EUR","og_availability":"instock","product_availability":"instock","product_condition":"new"},"_links":{"self":[{"href":"https:\/\/www.facecorner.lv\/lv\/wp-json\/wp\/v2\/product\/23698","targetHints":{"allow":["GET"]}}],"collection":[{"href":"https:\/\/www.facecorner.lv\/lv\/wp-json\/wp\/v2\/product"}],"about":[{"href":"https:\/\/www.facecorner.lv\/lv\/wp-json\/wp\/v2\/types\/product"}],"replies":[{"embeddable":true,"href":"https:\/\/www.facecorner.lv\/lv\/wp-json\/wp\/v2\/comments?post=23698"}],"wp:featuredmedia":[{"embeddable":true,"href":"https:\/\/www.facecorner.lv\/lv\/wp-json\/wp\/v2\/media\/23699"}],"wp:attachment":[{"href":"https:\/\/www.facecorner.lv\/lv\/wp-json\/wp\/v2\/media?parent=23698"}],"wp:term":[{"taxonomy":"product_brand","embeddable":true,"href":"https:\/\/www.facecorner.lv\/lv\/wp-json\/wp\/v2\/product_brand?post=23698"},{"taxonomy":"product_cat","embeddable":true,"href":"https:\/\/www.facecorner.lv\/lv\/wp-json\/wp\/v2\/product_cat?post=23698"},{"taxonomy":"product_tag","embeddable":true,"href":"https:\/\/www.facecorner.lv\/lv\/wp-json\/wp\/v2\/product_tag?post=23698"},{"taxonomy":"berocket_brand","embeddable":true,"href":"https:\/\/www.facecorner.lv\/lv\/wp-json\/wp\/v2\/berocket_brand?post=23698"}],"curies":[{"name":"wp","href":"https:\/\/api.w.org\/{rel}","templated":true}]}}