{"id":23665,"date":"2025-03-13T14:36:46","date_gmt":"2025-03-13T11:36:46","guid":{"rendered":"https:\/\/www.facecorner.lv\/?post_type=product&#038;p=23665"},"modified":"2025-12-12T09:39:47","modified_gmt":"2025-12-12T06:39:47","slug":"medicube-zero-pore-blackhead-deep-cleansing-oil-200ml","status":"publish","type":"product","link":"https:\/\/www.facecorner.lv\/lv\/shop\/medicube-zero-pore-blackhead-deep-cleansing-oil-200ml\/","title":{"rendered":"Medicube Zero Pore Blackhead Deep Cleansing Oil 200ml"},"content":{"rendered":"<p>Medicube Zero Pore Blackhead Deep Cleansing Oil\u00a0 ir sp\u0113c\u012bga, bet vienlaikus maiga att\u012bro\u0161a e\u013c\u013ca, kas ir izstr\u0101d\u0101ta, lai iz\u0161\u0137\u012bdin\u0101tu melnos punktus, no\u0146emtu kosm\u0113tiku un dzi\u013ci att\u012br\u012btu poras, t\u0101s neaizsprostojot. Sast\u0101v\u0101 ir poras att\u012bro\u0161as sast\u0101vda\u013cas, kas efekt\u012bvi no\u0146em net\u012brumus, vienlaikus saglab\u0101jot \u0101das mitrin\u0101\u0161anu, padarot \u0101du gludu un atsvaidzin\u0101tu.<\/p>\n<p><strong>Galven\u0101s priek\u0161roc\u012bbas:<\/strong><\/p>\n<ul>\n<li>Iz\u0161\u0137\u012bdina melnos punktus un no\u0146em lieko sebumu.<\/li>\n<li>Dzi\u013ci att\u012bra poras, neat\u0146emot mitrumu.<\/li>\n<li>Atst\u0101j \u0101du maigu, gludu un atsvaidzin\u0101tu.<\/li>\n<\/ul>\n<p><strong>Ieteicams<\/strong>:\u00a0taukainai, jauktai un uz melnajiem punkti\u0146iem tend\u0113tai \u0101dai.<\/p>\n<p><strong>S\u0101stavs:<\/strong> Caprylic\/Capric Triglyceride | Isopropyl Myristate | Cetyl Ethylhexanoate | Sorbeth-30 Tetraoleate | PEG-20 Glyceryl Triisostearate | Helianthus Annuus (Sunflower) Seed Oil | Simmondsia Chinensis (Jojoba) Seed Oil | Olea Europaea (Olive) Fruit Oil | Camellia Japonica Seed Oil | Macadamia Integrifolia Seed Oil | Tocopherol | 1,2-Hexanediol | Fragrance<\/p>\n","protected":false},"excerpt":{"rendered":"<p>Medicube Zero Pore Blackhead Deep Cleansing Oil\u00a0 ir sp\u0113c\u012bga, bet vienlaikus maiga att\u012bro\u0161a e\u013c\u013ca, kas ir izstr\u0101d\u0101ta, lai iz\u0161\u0137\u012bdin\u0101tu melnos punktus, no\u0146emtu kosm\u0113tiku un dzi\u013ci att\u012br\u012btu poras, t\u0101s neaizsprostojot.<\/p>\n","protected":false},"featured_media":23666,"comment_status":"open","ping_status":"closed","template":"","meta":{"site-sidebar-layout":"default","site-content-layout":"","ast-site-content-layout":"default","site-content-style":"default","site-sidebar-style":"default","ast-global-header-display":"","ast-banner-title-visibility":"","ast-main-header-display":"","ast-hfb-above-header-display":"","ast-hfb-below-header-display":"","ast-hfb-mobile-header-display":"","site-post-title":"","ast-breadcrumbs-content":"","ast-featured-img":"","footer-sml-layout":"","theme-transparent-header-meta":"default","adv-header-id-meta":"","stick-header-meta":"","header-above-stick-meta":"","header-main-stick-meta":"","header-below-stick-meta":"","astra-migrate-meta-layouts":"set","ast-page-background-enabled":"default","ast-page-background-meta":{"desktop":{"background-color":"var(--ast-global-color-4)","background-image":"","background-repeat":"repeat","background-position":"center center","background-size":"auto","background-attachment":"scroll","background-type":"","background-media":"","overlay-type":"","overlay-color":"","overlay-opacity":"","overlay-gradient":""},"tablet":{"background-color":"","background-image":"","background-repeat":"repeat","background-position":"center center","background-size":"auto","background-attachment":"scroll","background-type":"","background-media":"","overlay-type":"","overlay-color":"","overlay-opacity":"","overlay-gradient":""},"mobile":{"background-color":"","background-image":"","background-repeat":"repeat","background-position":"center center","background-size":"auto","background-attachment":"scroll","background-type":"","background-media":"","overlay-type":"","overlay-color":"","overlay-opacity":"","overlay-gradient":""}},"ast-content-background-meta":{"desktop":{"background-color":"var(--ast-global-color-5)","background-image":"","background-repeat":"repeat","background-position":"center center","background-size":"auto","background-attachment":"scroll","background-type":"","background-media":"","overlay-type":"","overlay-color":"","overlay-opacity":"","overlay-gradient":""},"tablet":{"background-color":"var(--ast-global-color-5)","background-image":"","background-repeat":"repeat","background-position":"center center","background-size":"auto","background-attachment":"scroll","background-type":"","background-media":"","overlay-type":"","overlay-color":"","overlay-opacity":"","overlay-gradient":""},"mobile":{"background-color":"var(--ast-global-color-5)","background-image":"","background-repeat":"repeat","background-position":"center center","background-size":"auto","background-attachment":"scroll","background-type":"","background-media":"","overlay-type":"","overlay-color":"","overlay-opacity":"","overlay-gradient":""}}},"product_brand":[],"product_cat":[321],"product_tag":[],"berocket_brand":[579],"class_list":{"0":"post-23665","1":"product","2":"type-product","3":"status-publish","4":"has-post-thumbnail","6":"product_cat-hidrofila-ella","7":"berocket_brand-medicube","8":"desktop-align-left","9":"tablet-align-left","10":"mobile-align-left","12":"first","13":"instock","14":"taxable","15":"shipping-taxable","16":"purchasable","17":"product-type-simple","18":"add-to-wishlist-before_image"},"yoast_head":"<!-- This site is optimized with the Yoast SEO plugin v27.3 - https:\/\/yoast.com\/product\/yoast-seo-wordpress\/ -->\n<title>Medicube Zero Pore Blackhead Deep Cleansing Oil 200ml - FACECORNER<\/title>\n<meta name=\"description\" content=\"Medicube Zero Pore Blackhead Deep Cleansing Oil\u00a0 ir sp\u0113c\u012bga, bet vienlaikus maiga att\u012bro\u0161a e\u013c\u013ca, kas ir izstr\u0101d\u0101ta, lai iz\u0161\u0137\u012bdin\u0101tu melnos punktus\" \/>\n<meta name=\"robots\" content=\"index, follow, max-snippet:-1, max-image-preview:large, max-video-preview:-1\" \/>\n<link rel=\"canonical\" href=\"https:\/\/www.facecorner.lv\/lv\/shop\/medicube-zero-pore-blackhead-deep-cleansing-oil-200ml\/\" \/>\n<meta property=\"og:locale\" content=\"lv_LV\" \/>\n<meta property=\"og:type\" content=\"article\" \/>\n<meta property=\"og:title\" content=\"Medicube Zero Pore Blackhead Deep Cleansing Oil 200ml - FACECORNER\" \/>\n<meta property=\"og:description\" content=\"Medicube Zero Pore Blackhead Deep Cleansing Oil\u00a0 ir sp\u0113c\u012bga, bet vienlaikus maiga att\u012bro\u0161a e\u013c\u013ca, kas ir izstr\u0101d\u0101ta, lai iz\u0161\u0137\u012bdin\u0101tu melnos punktus\" \/>\n<meta property=\"og:url\" content=\"https:\/\/www.facecorner.lv\/lv\/shop\/medicube-zero-pore-blackhead-deep-cleansing-oil-200ml\/\" \/>\n<meta property=\"og:site_name\" content=\"FACECORNER\" \/>\n<meta property=\"article:publisher\" content=\"https:\/\/www.facebook.com\/profile.php?id=100063824551839\" \/>\n<meta property=\"article:modified_time\" content=\"2025-12-12T06:39:47+00:00\" \/>\n<meta property=\"og:image\" content=\"https:\/\/www.facecorner.lv\/wp-content\/uploads\/2025\/03\/images-4.jpeg\" \/>\n\t<meta property=\"og:image:width\" content=\"225\" \/>\n\t<meta property=\"og:image:height\" content=\"225\" \/>\n\t<meta property=\"og:image:type\" content=\"image\/jpeg\" \/>\n<meta name=\"twitter:card\" content=\"summary_large_image\" \/>\n<meta name=\"twitter:label1\" content=\"Price\" \/>\n\t<meta name=\"twitter:data1\" content=\"&euro;23.00\" \/>\n\t<meta name=\"twitter:label2\" content=\"Availability\" \/>\n\t<meta name=\"twitter:data2\" content=\"In stock\" \/>\n<script type=\"application\/ld+json\" class=\"yoast-schema-graph\">{\"@context\":\"https:\\\/\\\/schema.org\",\"@graph\":[{\"@type\":\"WebPage\",\"@id\":\"https:\\\/\\\/www.facecorner.lv\\\/shop\\\/medicube-zero-pore-blackhead-deep-cleansing-oil-200ml\\\/\",\"url\":\"https:\\\/\\\/www.facecorner.lv\\\/shop\\\/medicube-zero-pore-blackhead-deep-cleansing-oil-200ml\\\/\",\"name\":\"Medicube Zero Pore Blackhead Deep Cleansing Oil 200ml - FACECORNER\",\"isPartOf\":{\"@id\":\"https:\\\/\\\/www.facecorner.lv\\\/#website\"},\"primaryImageOfPage\":{\"@id\":\"https:\\\/\\\/www.facecorner.lv\\\/shop\\\/medicube-zero-pore-blackhead-deep-cleansing-oil-200ml\\\/#primaryimage\"},\"image\":{\"@id\":\"https:\\\/\\\/www.facecorner.lv\\\/shop\\\/medicube-zero-pore-blackhead-deep-cleansing-oil-200ml\\\/#primaryimage\"},\"thumbnailUrl\":\"https:\\\/\\\/www.facecorner.lv\\\/wp-content\\\/uploads\\\/2025\\\/03\\\/images-4.jpeg\",\"datePublished\":\"2025-03-13T11:36:46+00:00\",\"dateModified\":\"2025-12-12T06:39:47+00:00\",\"description\":\"Medicube Zero Pore Blackhead Deep Cleansing Oil\u00a0 ir sp\u0113c\u012bga, bet vienlaikus maiga att\u012bro\u0161a e\u013c\u013ca, kas ir izstr\u0101d\u0101ta, lai iz\u0161\u0137\u012bdin\u0101tu melnos punktus\",\"breadcrumb\":{\"@id\":\"https:\\\/\\\/www.facecorner.lv\\\/shop\\\/medicube-zero-pore-blackhead-deep-cleansing-oil-200ml\\\/#breadcrumb\"},\"inLanguage\":\"lv-LV\",\"potentialAction\":[{\"@type\":\"ReadAction\",\"target\":[\"https:\\\/\\\/www.facecorner.lv\\\/shop\\\/medicube-zero-pore-blackhead-deep-cleansing-oil-200ml\\\/\"]}]},{\"@type\":\"ImageObject\",\"inLanguage\":\"lv-LV\",\"@id\":\"https:\\\/\\\/www.facecorner.lv\\\/shop\\\/medicube-zero-pore-blackhead-deep-cleansing-oil-200ml\\\/#primaryimage\",\"url\":\"https:\\\/\\\/www.facecorner.lv\\\/wp-content\\\/uploads\\\/2025\\\/03\\\/images-4.jpeg\",\"contentUrl\":\"https:\\\/\\\/www.facecorner.lv\\\/wp-content\\\/uploads\\\/2025\\\/03\\\/images-4.jpeg\",\"width\":225,\"height\":225,\"caption\":\"Medicube Zero Pore Blackhead Deep Cleansing Oil\"},{\"@type\":\"BreadcrumbList\",\"@id\":\"https:\\\/\\\/www.facecorner.lv\\\/shop\\\/medicube-zero-pore-blackhead-deep-cleansing-oil-200ml\\\/#breadcrumb\",\"itemListElement\":[{\"@type\":\"ListItem\",\"position\":1,\"name\":\"Home\",\"item\":\"https:\\\/\\\/www.facecorner.lv\\\/\"},{\"@type\":\"ListItem\",\"position\":2,\"name\":\"Veikals\",\"item\":\"https:\\\/\\\/www.facecorner.lv\\\/shop\\\/\"},{\"@type\":\"ListItem\",\"position\":3,\"name\":\"Medicube Zero Pore Blackhead Deep Cleansing Oil 200ml\"}]},{\"@type\":\"WebSite\",\"@id\":\"https:\\\/\\\/www.facecorner.lv\\\/#website\",\"url\":\"https:\\\/\\\/www.facecorner.lv\\\/\",\"name\":\"Facecorner\",\"description\":\"\",\"publisher\":{\"@id\":\"https:\\\/\\\/www.facecorner.lv\\\/#organization\"},\"potentialAction\":[{\"@type\":\"SearchAction\",\"target\":{\"@type\":\"EntryPoint\",\"urlTemplate\":\"https:\\\/\\\/www.facecorner.lv\\\/?s={search_term_string}\"},\"query-input\":{\"@type\":\"PropertyValueSpecification\",\"valueRequired\":true,\"valueName\":\"search_term_string\"}}],\"inLanguage\":\"lv-LV\"},{\"@type\":\"Organization\",\"@id\":\"https:\\\/\\\/www.facecorner.lv\\\/#organization\",\"name\":\"Facecorner\",\"url\":\"https:\\\/\\\/www.facecorner.lv\\\/\",\"logo\":{\"@type\":\"ImageObject\",\"inLanguage\":\"lv-LV\",\"@id\":\"https:\\\/\\\/www.facecorner.lv\\\/#\\\/schema\\\/logo\\\/image\\\/\",\"url\":\"https:\\\/\\\/www.facecorner.lv\\\/wp-content\\\/uploads\\\/2024\\\/04\\\/fc-logo.jpg\",\"contentUrl\":\"https:\\\/\\\/www.facecorner.lv\\\/wp-content\\\/uploads\\\/2024\\\/04\\\/fc-logo.jpg\",\"width\":174,\"height\":28,\"caption\":\"Facecorner\"},\"image\":{\"@id\":\"https:\\\/\\\/www.facecorner.lv\\\/#\\\/schema\\\/logo\\\/image\\\/\"},\"sameAs\":[\"https:\\\/\\\/www.facebook.com\\\/profile.php?id=100063824551839\",\"https:\\\/\\\/www.instagram.com\\\/facecorner_shop\\\/\"]}]}<\/script>\n<meta property=\"product:price:amount\" content=\"23.00\" \/>\n<meta property=\"product:price:currency\" content=\"EUR\" \/>\n<meta property=\"og:availability\" content=\"instock\" \/>\n<meta property=\"product:availability\" content=\"instock\" \/>\n<meta property=\"product:condition\" content=\"new\" \/>\n<!-- \/ Yoast SEO plugin. -->","yoast_head_json":{"title":"Medicube Zero Pore Blackhead Deep Cleansing Oil 200ml - FACECORNER","description":"Medicube Zero Pore Blackhead Deep Cleansing Oil\u00a0 ir sp\u0113c\u012bga, bet vienlaikus maiga att\u012bro\u0161a e\u013c\u013ca, kas ir izstr\u0101d\u0101ta, lai iz\u0161\u0137\u012bdin\u0101tu melnos punktus","robots":{"index":"index","follow":"follow","max-snippet":"max-snippet:-1","max-image-preview":"max-image-preview:large","max-video-preview":"max-video-preview:-1"},"canonical":"https:\/\/www.facecorner.lv\/lv\/shop\/medicube-zero-pore-blackhead-deep-cleansing-oil-200ml\/","og_locale":"lv_LV","og_type":"article","og_title":"Medicube Zero Pore Blackhead Deep Cleansing Oil 200ml - FACECORNER","og_description":"Medicube Zero Pore Blackhead Deep Cleansing Oil\u00a0 ir sp\u0113c\u012bga, bet vienlaikus maiga att\u012bro\u0161a e\u013c\u013ca, kas ir izstr\u0101d\u0101ta, lai iz\u0161\u0137\u012bdin\u0101tu melnos punktus","og_url":"https:\/\/www.facecorner.lv\/lv\/shop\/medicube-zero-pore-blackhead-deep-cleansing-oil-200ml\/","og_site_name":"FACECORNER","article_publisher":"https:\/\/www.facebook.com\/profile.php?id=100063824551839","article_modified_time":"2025-12-12T06:39:47+00:00","og_image":[{"width":225,"height":225,"url":"https:\/\/www.facecorner.lv\/wp-content\/uploads\/2025\/03\/images-4.jpeg","type":"image\/jpeg"}],"twitter_card":"summary_large_image","twitter_misc":{"Price":"&euro;23.00","Availability":"In stock"},"schema":{"@context":"https:\/\/schema.org","@graph":[{"@type":"WebPage","@id":"https:\/\/www.facecorner.lv\/shop\/medicube-zero-pore-blackhead-deep-cleansing-oil-200ml\/","url":"https:\/\/www.facecorner.lv\/shop\/medicube-zero-pore-blackhead-deep-cleansing-oil-200ml\/","name":"Medicube Zero Pore Blackhead Deep Cleansing Oil 200ml - FACECORNER","isPartOf":{"@id":"https:\/\/www.facecorner.lv\/#website"},"primaryImageOfPage":{"@id":"https:\/\/www.facecorner.lv\/shop\/medicube-zero-pore-blackhead-deep-cleansing-oil-200ml\/#primaryimage"},"image":{"@id":"https:\/\/www.facecorner.lv\/shop\/medicube-zero-pore-blackhead-deep-cleansing-oil-200ml\/#primaryimage"},"thumbnailUrl":"https:\/\/www.facecorner.lv\/wp-content\/uploads\/2025\/03\/images-4.jpeg","datePublished":"2025-03-13T11:36:46+00:00","dateModified":"2025-12-12T06:39:47+00:00","description":"Medicube Zero Pore Blackhead Deep Cleansing Oil\u00a0 ir sp\u0113c\u012bga, bet vienlaikus maiga att\u012bro\u0161a e\u013c\u013ca, kas ir izstr\u0101d\u0101ta, lai iz\u0161\u0137\u012bdin\u0101tu melnos punktus","breadcrumb":{"@id":"https:\/\/www.facecorner.lv\/shop\/medicube-zero-pore-blackhead-deep-cleansing-oil-200ml\/#breadcrumb"},"inLanguage":"lv-LV","potentialAction":[{"@type":"ReadAction","target":["https:\/\/www.facecorner.lv\/shop\/medicube-zero-pore-blackhead-deep-cleansing-oil-200ml\/"]}]},{"@type":"ImageObject","inLanguage":"lv-LV","@id":"https:\/\/www.facecorner.lv\/shop\/medicube-zero-pore-blackhead-deep-cleansing-oil-200ml\/#primaryimage","url":"https:\/\/www.facecorner.lv\/wp-content\/uploads\/2025\/03\/images-4.jpeg","contentUrl":"https:\/\/www.facecorner.lv\/wp-content\/uploads\/2025\/03\/images-4.jpeg","width":225,"height":225,"caption":"Medicube Zero Pore Blackhead Deep Cleansing Oil"},{"@type":"BreadcrumbList","@id":"https:\/\/www.facecorner.lv\/shop\/medicube-zero-pore-blackhead-deep-cleansing-oil-200ml\/#breadcrumb","itemListElement":[{"@type":"ListItem","position":1,"name":"Home","item":"https:\/\/www.facecorner.lv\/"},{"@type":"ListItem","position":2,"name":"Veikals","item":"https:\/\/www.facecorner.lv\/shop\/"},{"@type":"ListItem","position":3,"name":"Medicube Zero Pore Blackhead Deep Cleansing Oil 200ml"}]},{"@type":"WebSite","@id":"https:\/\/www.facecorner.lv\/#website","url":"https:\/\/www.facecorner.lv\/","name":"Facecorner","description":"","publisher":{"@id":"https:\/\/www.facecorner.lv\/#organization"},"potentialAction":[{"@type":"SearchAction","target":{"@type":"EntryPoint","urlTemplate":"https:\/\/www.facecorner.lv\/?s={search_term_string}"},"query-input":{"@type":"PropertyValueSpecification","valueRequired":true,"valueName":"search_term_string"}}],"inLanguage":"lv-LV"},{"@type":"Organization","@id":"https:\/\/www.facecorner.lv\/#organization","name":"Facecorner","url":"https:\/\/www.facecorner.lv\/","logo":{"@type":"ImageObject","inLanguage":"lv-LV","@id":"https:\/\/www.facecorner.lv\/#\/schema\/logo\/image\/","url":"https:\/\/www.facecorner.lv\/wp-content\/uploads\/2024\/04\/fc-logo.jpg","contentUrl":"https:\/\/www.facecorner.lv\/wp-content\/uploads\/2024\/04\/fc-logo.jpg","width":174,"height":28,"caption":"Facecorner"},"image":{"@id":"https:\/\/www.facecorner.lv\/#\/schema\/logo\/image\/"},"sameAs":["https:\/\/www.facebook.com\/profile.php?id=100063824551839","https:\/\/www.instagram.com\/facecorner_shop\/"]}]},"product_price_amount":"23.00","product_price_currency":"EUR","og_availability":"instock","product_availability":"instock","product_condition":"new"},"_links":{"self":[{"href":"https:\/\/www.facecorner.lv\/lv\/wp-json\/wp\/v2\/product\/23665","targetHints":{"allow":["GET"]}}],"collection":[{"href":"https:\/\/www.facecorner.lv\/lv\/wp-json\/wp\/v2\/product"}],"about":[{"href":"https:\/\/www.facecorner.lv\/lv\/wp-json\/wp\/v2\/types\/product"}],"replies":[{"embeddable":true,"href":"https:\/\/www.facecorner.lv\/lv\/wp-json\/wp\/v2\/comments?post=23665"}],"wp:featuredmedia":[{"embeddable":true,"href":"https:\/\/www.facecorner.lv\/lv\/wp-json\/wp\/v2\/media\/23666"}],"wp:attachment":[{"href":"https:\/\/www.facecorner.lv\/lv\/wp-json\/wp\/v2\/media?parent=23665"}],"wp:term":[{"taxonomy":"product_brand","embeddable":true,"href":"https:\/\/www.facecorner.lv\/lv\/wp-json\/wp\/v2\/product_brand?post=23665"},{"taxonomy":"product_cat","embeddable":true,"href":"https:\/\/www.facecorner.lv\/lv\/wp-json\/wp\/v2\/product_cat?post=23665"},{"taxonomy":"product_tag","embeddable":true,"href":"https:\/\/www.facecorner.lv\/lv\/wp-json\/wp\/v2\/product_tag?post=23665"},{"taxonomy":"berocket_brand","embeddable":true,"href":"https:\/\/www.facecorner.lv\/lv\/wp-json\/wp\/v2\/berocket_brand?post=23665"}],"curies":[{"name":"wp","href":"https:\/\/api.w.org\/{rel}","templated":true}]}}