{"id":23588,"date":"2025-03-07T15:12:26","date_gmt":"2025-03-07T12:12:26","guid":{"rendered":"https:\/\/www.facecorner.lv\/?post_type=product&#038;p=23588"},"modified":"2026-03-03T20:24:05","modified_gmt":"2026-03-03T17:24:05","slug":"medicube-pdrn-pink-glutathione-serum-mist-100ml","status":"publish","type":"product","link":"https:\/\/www.facecorner.lv\/lv\/shop\/medicube-pdrn-pink-glutathione-serum-mist-100ml\/","title":{"rendered":"Medicube PDRN Pink Glutathione Serum Mist 100ml"},"content":{"rendered":"<p>Medicube PDRN Pink Glutathione Serum Mist ir atsvaidzino\u0161s, daudzfunkcion\u0101ls sejas serums, kas paredz\u0113ts \u0101das tonusa, mitrin\u0101\u0161anas un elast\u012bbas uzlabo\u0161anai.<\/p>\n<p>Formulas sast\u0101v\u0101 ir glutations un PDRN (ieg\u016bts no la\u0161a DNS) &#8211; sast\u0101vda\u013cas, kas uzlabo \u0101das elast\u012bbu un atjauno t\u0101s dabisko mirdzumu. \u0160is l\u012bdzeklis efekt\u012bvi c\u012bn\u0101s pret bl\u0101vumu un pirmaj\u0101m noveco\u0161an\u0101s paz\u012bm\u0113m, ar katru lieto\u0161anas reizi pie\u0161\u0137irot \u0101dai mirdzumu un svaigumu.<\/p>\n<p><strong>Galven\u0101s sast\u0101vda\u013cas un priek\u0161roc\u012bbas:<\/strong><\/p>\n<ul>\n<li>Glutations: sp\u0113c\u012bgs antioksidants, kas balina \u0101du un aizsarg\u0101 pret oksidat\u012bvo stresu.<\/li>\n<li>PDRN (polideoksiribonukleot\u012bds): stimul\u0113 re\u0123ener\u0101ciju un uzlabo kolag\u0113na sint\u0113zi.<\/li>\n<li>Kolag\u0113na \u016bdens un e\u013c\u013cas (r\u012bcine\u013c\u013ca, saulespu\u0137u s\u0113klu e\u013c\u013ca): mitrina un atjauno \u0101das barjeras funkciju.<\/li>\n<li>Niacinamide: izl\u012bdzina \u0101das toni un uzlabo \u0101das strukt\u016bru, pal\u012bdz c\u012bn\u012bties pret iekaisumiem un pigment\u0101ciju.<\/li>\n<\/ul>\n<p>Smidzin\u0101t\u0101jam ir \u0113rts mikro miglas uzgalis, kas nodro\u0161ina vienm\u0113r\u012bgu izsmidzin\u0101\u0161anu. <strong>To var uzkl\u0101t uz \u0101das jebkur\u0101 laik\u0101, lai acumirkl\u012b mitrin\u0101tu un pie\u0161\u0137irtu mirdzumu, samazinot \u0101das temperat\u016bru l\u012bdz 2,8\u00b0C un uzlabojot \u0101das izskatu par 17,6 %.<\/strong><\/p>\n<p><strong>Lieto\u0161ana<\/strong>: Uzkl\u0101jiet p\u0113c tonika. Var lietot ar\u012b jebkur\u0101 dienas laik\u0101, kad j\u016btat \u0101das sausumu.<\/p>\n<p><strong>S\u0101stavs:<\/strong> Water, Collagen Water, 1,2-Hexanediol, Dipropylene Glycol, C13-15 Alkane, Ricinus Communis (Castor) Seed Oil, Glycereth-26, Niacinamide, Hydroxyethyl Urea, Butylene Glycol, Sodium DNA, Ethylhexylglycerin, Sorbitol, Sodium Chloride, Helianthus Annuus (Sunflower) Seed Oil, Paeonia Lactiflora Root Extract, Candida Bombicola\/Glucose\/Methyl Rapeseedate Ferment, Fragrance, Eclipta Prostrata Extract, Melia Azadirachta Leaf Extract, Moringa Oleifera Seed Oil, Adenosine, Rosa Damascena Flower Water, Glutathione, Biotin, Biotinoyl Tripeptide-1, Acetyl Hexapeptide-8, Tripeptide-1, Tripeptide-3, Hexapeptide-9, Myristoyl Pentapeptide-17, Hexapeptide-2<\/p>\n","protected":false},"excerpt":{"rendered":"<p>Medicube PDRN Pink Glutathione Serum Mist ir atsvaidzino\u0161s, daudzfunkcion\u0101ls sejas serums, kas paredz\u0113ts \u0101das tonusa, mitrin\u0101\u0161anas un elast\u012bbas uzlabo\u0161anai.<\/p>\n<p>&nbsp;<\/p>\n","protected":false},"featured_media":23589,"comment_status":"open","ping_status":"closed","template":"","meta":{"site-sidebar-layout":"default","site-content-layout":"","ast-site-content-layout":"default","site-content-style":"default","site-sidebar-style":"default","ast-global-header-display":"","ast-banner-title-visibility":"","ast-main-header-display":"","ast-hfb-above-header-display":"","ast-hfb-below-header-display":"","ast-hfb-mobile-header-display":"","site-post-title":"","ast-breadcrumbs-content":"","ast-featured-img":"","footer-sml-layout":"","theme-transparent-header-meta":"default","adv-header-id-meta":"","stick-header-meta":"","header-above-stick-meta":"","header-main-stick-meta":"","header-below-stick-meta":"","astra-migrate-meta-layouts":"set","ast-page-background-enabled":"default","ast-page-background-meta":{"desktop":{"background-color":"var(--ast-global-color-4)","background-image":"","background-repeat":"repeat","background-position":"center center","background-size":"auto","background-attachment":"scroll","background-type":"","background-media":"","overlay-type":"","overlay-color":"","overlay-opacity":"","overlay-gradient":""},"tablet":{"background-color":"","background-image":"","background-repeat":"repeat","background-position":"center center","background-size":"auto","background-attachment":"scroll","background-type":"","background-media":"","overlay-type":"","overlay-color":"","overlay-opacity":"","overlay-gradient":""},"mobile":{"background-color":"","background-image":"","background-repeat":"repeat","background-position":"center center","background-size":"auto","background-attachment":"scroll","background-type":"","background-media":"","overlay-type":"","overlay-color":"","overlay-opacity":"","overlay-gradient":""}},"ast-content-background-meta":{"desktop":{"background-color":"var(--ast-global-color-5)","background-image":"","background-repeat":"repeat","background-position":"center center","background-size":"auto","background-attachment":"scroll","background-type":"","background-media":"","overlay-type":"","overlay-color":"","overlay-opacity":"","overlay-gradient":""},"tablet":{"background-color":"var(--ast-global-color-5)","background-image":"","background-repeat":"repeat","background-position":"center center","background-size":"auto","background-attachment":"scroll","background-type":"","background-media":"","overlay-type":"","overlay-color":"","overlay-opacity":"","overlay-gradient":""},"mobile":{"background-color":"var(--ast-global-color-5)","background-image":"","background-repeat":"repeat","background-position":"center center","background-size":"auto","background-attachment":"scroll","background-type":"","background-media":"","overlay-type":"","overlay-color":"","overlay-opacity":"","overlay-gradient":""}}},"product_brand":[],"product_cat":[511,375,652,378,364,376],"product_tag":[],"berocket_brand":[579],"class_list":{"0":"post-23588","1":"product","2":"type-product","3":"status-publish","4":"has-post-thumbnail","6":"product_cat-atlaides","7":"product_cat-jutigai-adai-toneri","8":"product_cat-pdrn","9":"product_cat-sausai-adai-toneri","10":"product_cat-toneri","11":"product_cat-kombinetai-adai-toneri","12":"berocket_brand-medicube","13":"desktop-align-left","14":"tablet-align-left","15":"mobile-align-left","17":"first","18":"instock","19":"taxable","20":"shipping-taxable","21":"purchasable","22":"product-type-simple","23":"add-to-wishlist-before_image"},"yoast_head":"<!-- This site is optimized with the Yoast SEO plugin v27.4 - https:\/\/yoast.com\/product\/yoast-seo-wordpress\/ -->\n<title>Medicube PDRN Pink Glutathione Serum Mist 100ml - FACECORNER<\/title>\n<meta name=\"description\" content=\"Medicube PDRN Pink Glutathione Serum Mist ir atsvaidzino\u0161s, daudzfunkcion\u0101ls sejas serums, kas paredz\u0113ts \u0101das tonusa, mitrin\u0101\u0161anas un elast\u012bbas uzlabo\u0161anai.\" \/>\n<meta name=\"robots\" content=\"index, follow, max-snippet:-1, max-image-preview:large, max-video-preview:-1\" \/>\n<link rel=\"canonical\" href=\"https:\/\/www.facecorner.lv\/lv\/shop\/medicube-pdrn-pink-glutathione-serum-mist-100ml\/\" \/>\n<meta property=\"og:locale\" content=\"lv_LV\" \/>\n<meta property=\"og:type\" content=\"article\" \/>\n<meta property=\"og:title\" content=\"Medicube PDRN Pink Glutathione Serum Mist 100ml - FACECORNER\" \/>\n<meta property=\"og:description\" content=\"Medicube PDRN Pink Glutathione Serum Mist ir atsvaidzino\u0161s, daudzfunkcion\u0101ls sejas serums, kas paredz\u0113ts \u0101das tonusa, mitrin\u0101\u0161anas un elast\u012bbas uzlabo\u0161anai.\" \/>\n<meta property=\"og:url\" content=\"https:\/\/www.facecorner.lv\/lv\/shop\/medicube-pdrn-pink-glutathione-serum-mist-100ml\/\" \/>\n<meta property=\"og:site_name\" content=\"FACECORNER\" \/>\n<meta property=\"article:publisher\" content=\"https:\/\/www.facebook.com\/profile.php?id=100063824551839\" \/>\n<meta property=\"article:modified_time\" content=\"2026-03-03T17:24:05+00:00\" \/>\n<meta property=\"og:image\" content=\"https:\/\/www.facecorner.lv\/wp-content\/uploads\/2025\/03\/MCUB-112432_1__website_e9af2a4d-4e32-4d69-9bd9-71b360ec9d7b.webp\" \/>\n\t<meta property=\"og:image:width\" content=\"1024\" \/>\n\t<meta property=\"og:image:height\" content=\"1024\" \/>\n\t<meta property=\"og:image:type\" content=\"image\/webp\" \/>\n<meta name=\"twitter:card\" content=\"summary_large_image\" \/>\n<meta name=\"twitter:label1\" content=\"Price\" \/>\n\t<meta name=\"twitter:data1\" content=\"&euro;29.00\" \/>\n\t<meta name=\"twitter:label2\" content=\"Availability\" \/>\n\t<meta name=\"twitter:data2\" content=\"In stock\" \/>\n<script type=\"application\/ld+json\" class=\"yoast-schema-graph\">{\"@context\":\"https:\\\/\\\/schema.org\",\"@graph\":[{\"@type\":\"WebPage\",\"@id\":\"https:\\\/\\\/www.facecorner.lv\\\/shop\\\/medicube-pdrn-pink-glutathione-serum-mist-100ml\\\/\",\"url\":\"https:\\\/\\\/www.facecorner.lv\\\/shop\\\/medicube-pdrn-pink-glutathione-serum-mist-100ml\\\/\",\"name\":\"Medicube PDRN Pink Glutathione Serum Mist 100ml - FACECORNER\",\"isPartOf\":{\"@id\":\"https:\\\/\\\/www.facecorner.lv\\\/#website\"},\"primaryImageOfPage\":{\"@id\":\"https:\\\/\\\/www.facecorner.lv\\\/shop\\\/medicube-pdrn-pink-glutathione-serum-mist-100ml\\\/#primaryimage\"},\"image\":{\"@id\":\"https:\\\/\\\/www.facecorner.lv\\\/shop\\\/medicube-pdrn-pink-glutathione-serum-mist-100ml\\\/#primaryimage\"},\"thumbnailUrl\":\"https:\\\/\\\/www.facecorner.lv\\\/wp-content\\\/uploads\\\/2025\\\/03\\\/MCUB-112432_1__website_e9af2a4d-4e32-4d69-9bd9-71b360ec9d7b.webp\",\"datePublished\":\"2025-03-07T12:12:26+00:00\",\"dateModified\":\"2026-03-03T17:24:05+00:00\",\"description\":\"Medicube PDRN Pink Glutathione Serum Mist ir atsvaidzino\u0161s, daudzfunkcion\u0101ls sejas serums, kas paredz\u0113ts \u0101das tonusa, mitrin\u0101\u0161anas un elast\u012bbas uzlabo\u0161anai.\",\"breadcrumb\":{\"@id\":\"https:\\\/\\\/www.facecorner.lv\\\/shop\\\/medicube-pdrn-pink-glutathione-serum-mist-100ml\\\/#breadcrumb\"},\"inLanguage\":\"lv-LV\",\"potentialAction\":[{\"@type\":\"ReadAction\",\"target\":[\"https:\\\/\\\/www.facecorner.lv\\\/shop\\\/medicube-pdrn-pink-glutathione-serum-mist-100ml\\\/\"]}]},{\"@type\":\"ImageObject\",\"inLanguage\":\"lv-LV\",\"@id\":\"https:\\\/\\\/www.facecorner.lv\\\/shop\\\/medicube-pdrn-pink-glutathione-serum-mist-100ml\\\/#primaryimage\",\"url\":\"https:\\\/\\\/www.facecorner.lv\\\/wp-content\\\/uploads\\\/2025\\\/03\\\/MCUB-112432_1__website_e9af2a4d-4e32-4d69-9bd9-71b360ec9d7b.webp\",\"contentUrl\":\"https:\\\/\\\/www.facecorner.lv\\\/wp-content\\\/uploads\\\/2025\\\/03\\\/MCUB-112432_1__website_e9af2a4d-4e32-4d69-9bd9-71b360ec9d7b.webp\",\"width\":1024,\"height\":1024,\"caption\":\"Medicube PDRN Pink Glutathione Serum Mist 100ml\"},{\"@type\":\"BreadcrumbList\",\"@id\":\"https:\\\/\\\/www.facecorner.lv\\\/shop\\\/medicube-pdrn-pink-glutathione-serum-mist-100ml\\\/#breadcrumb\",\"itemListElement\":[{\"@type\":\"ListItem\",\"position\":1,\"name\":\"Home\",\"item\":\"https:\\\/\\\/www.facecorner.lv\\\/\"},{\"@type\":\"ListItem\",\"position\":2,\"name\":\"Veikals\",\"item\":\"https:\\\/\\\/www.facecorner.lv\\\/shop\\\/\"},{\"@type\":\"ListItem\",\"position\":3,\"name\":\"Medicube PDRN Pink Glutathione Serum Mist 100ml\"}]},{\"@type\":\"WebSite\",\"@id\":\"https:\\\/\\\/www.facecorner.lv\\\/#website\",\"url\":\"https:\\\/\\\/www.facecorner.lv\\\/\",\"name\":\"Facecorner\",\"description\":\"\",\"publisher\":{\"@id\":\"https:\\\/\\\/www.facecorner.lv\\\/#organization\"},\"potentialAction\":[{\"@type\":\"SearchAction\",\"target\":{\"@type\":\"EntryPoint\",\"urlTemplate\":\"https:\\\/\\\/www.facecorner.lv\\\/?s={search_term_string}\"},\"query-input\":{\"@type\":\"PropertyValueSpecification\",\"valueRequired\":true,\"valueName\":\"search_term_string\"}}],\"inLanguage\":\"lv-LV\"},{\"@type\":\"Organization\",\"@id\":\"https:\\\/\\\/www.facecorner.lv\\\/#organization\",\"name\":\"Facecorner\",\"url\":\"https:\\\/\\\/www.facecorner.lv\\\/\",\"logo\":{\"@type\":\"ImageObject\",\"inLanguage\":\"lv-LV\",\"@id\":\"https:\\\/\\\/www.facecorner.lv\\\/#\\\/schema\\\/logo\\\/image\\\/\",\"url\":\"https:\\\/\\\/www.facecorner.lv\\\/wp-content\\\/uploads\\\/2024\\\/04\\\/fc-logo.jpg\",\"contentUrl\":\"https:\\\/\\\/www.facecorner.lv\\\/wp-content\\\/uploads\\\/2024\\\/04\\\/fc-logo.jpg\",\"width\":174,\"height\":28,\"caption\":\"Facecorner\"},\"image\":{\"@id\":\"https:\\\/\\\/www.facecorner.lv\\\/#\\\/schema\\\/logo\\\/image\\\/\"},\"sameAs\":[\"https:\\\/\\\/www.facebook.com\\\/profile.php?id=100063824551839\",\"https:\\\/\\\/www.instagram.com\\\/facecorner_shop\\\/\"]}]}<\/script>\n<meta property=\"product:price:amount\" content=\"29.00\" \/>\n<meta property=\"product:price:currency\" content=\"EUR\" \/>\n<meta property=\"og:availability\" content=\"instock\" \/>\n<meta property=\"product:availability\" content=\"instock\" \/>\n<meta property=\"product:condition\" content=\"new\" \/>\n<!-- \/ Yoast SEO plugin. -->","yoast_head_json":{"title":"Medicube PDRN Pink Glutathione Serum Mist 100ml - FACECORNER","description":"Medicube PDRN Pink Glutathione Serum Mist ir atsvaidzino\u0161s, daudzfunkcion\u0101ls sejas serums, kas paredz\u0113ts \u0101das tonusa, mitrin\u0101\u0161anas un elast\u012bbas uzlabo\u0161anai.","robots":{"index":"index","follow":"follow","max-snippet":"max-snippet:-1","max-image-preview":"max-image-preview:large","max-video-preview":"max-video-preview:-1"},"canonical":"https:\/\/www.facecorner.lv\/lv\/shop\/medicube-pdrn-pink-glutathione-serum-mist-100ml\/","og_locale":"lv_LV","og_type":"article","og_title":"Medicube PDRN Pink Glutathione Serum Mist 100ml - FACECORNER","og_description":"Medicube PDRN Pink Glutathione Serum Mist ir atsvaidzino\u0161s, daudzfunkcion\u0101ls sejas serums, kas paredz\u0113ts \u0101das tonusa, mitrin\u0101\u0161anas un elast\u012bbas uzlabo\u0161anai.","og_url":"https:\/\/www.facecorner.lv\/lv\/shop\/medicube-pdrn-pink-glutathione-serum-mist-100ml\/","og_site_name":"FACECORNER","article_publisher":"https:\/\/www.facebook.com\/profile.php?id=100063824551839","article_modified_time":"2026-03-03T17:24:05+00:00","og_image":[{"width":1024,"height":1024,"url":"https:\/\/www.facecorner.lv\/wp-content\/uploads\/2025\/03\/MCUB-112432_1__website_e9af2a4d-4e32-4d69-9bd9-71b360ec9d7b.webp","type":"image\/webp"}],"twitter_card":"summary_large_image","twitter_misc":{"Price":"&euro;29.00","Availability":"In stock"},"schema":{"@context":"https:\/\/schema.org","@graph":[{"@type":"WebPage","@id":"https:\/\/www.facecorner.lv\/shop\/medicube-pdrn-pink-glutathione-serum-mist-100ml\/","url":"https:\/\/www.facecorner.lv\/shop\/medicube-pdrn-pink-glutathione-serum-mist-100ml\/","name":"Medicube PDRN Pink Glutathione Serum Mist 100ml - FACECORNER","isPartOf":{"@id":"https:\/\/www.facecorner.lv\/#website"},"primaryImageOfPage":{"@id":"https:\/\/www.facecorner.lv\/shop\/medicube-pdrn-pink-glutathione-serum-mist-100ml\/#primaryimage"},"image":{"@id":"https:\/\/www.facecorner.lv\/shop\/medicube-pdrn-pink-glutathione-serum-mist-100ml\/#primaryimage"},"thumbnailUrl":"https:\/\/www.facecorner.lv\/wp-content\/uploads\/2025\/03\/MCUB-112432_1__website_e9af2a4d-4e32-4d69-9bd9-71b360ec9d7b.webp","datePublished":"2025-03-07T12:12:26+00:00","dateModified":"2026-03-03T17:24:05+00:00","description":"Medicube PDRN Pink Glutathione Serum Mist ir atsvaidzino\u0161s, daudzfunkcion\u0101ls sejas serums, kas paredz\u0113ts \u0101das tonusa, mitrin\u0101\u0161anas un elast\u012bbas uzlabo\u0161anai.","breadcrumb":{"@id":"https:\/\/www.facecorner.lv\/shop\/medicube-pdrn-pink-glutathione-serum-mist-100ml\/#breadcrumb"},"inLanguage":"lv-LV","potentialAction":[{"@type":"ReadAction","target":["https:\/\/www.facecorner.lv\/shop\/medicube-pdrn-pink-glutathione-serum-mist-100ml\/"]}]},{"@type":"ImageObject","inLanguage":"lv-LV","@id":"https:\/\/www.facecorner.lv\/shop\/medicube-pdrn-pink-glutathione-serum-mist-100ml\/#primaryimage","url":"https:\/\/www.facecorner.lv\/wp-content\/uploads\/2025\/03\/MCUB-112432_1__website_e9af2a4d-4e32-4d69-9bd9-71b360ec9d7b.webp","contentUrl":"https:\/\/www.facecorner.lv\/wp-content\/uploads\/2025\/03\/MCUB-112432_1__website_e9af2a4d-4e32-4d69-9bd9-71b360ec9d7b.webp","width":1024,"height":1024,"caption":"Medicube PDRN Pink Glutathione Serum Mist 100ml"},{"@type":"BreadcrumbList","@id":"https:\/\/www.facecorner.lv\/shop\/medicube-pdrn-pink-glutathione-serum-mist-100ml\/#breadcrumb","itemListElement":[{"@type":"ListItem","position":1,"name":"Home","item":"https:\/\/www.facecorner.lv\/"},{"@type":"ListItem","position":2,"name":"Veikals","item":"https:\/\/www.facecorner.lv\/shop\/"},{"@type":"ListItem","position":3,"name":"Medicube PDRN Pink Glutathione Serum Mist 100ml"}]},{"@type":"WebSite","@id":"https:\/\/www.facecorner.lv\/#website","url":"https:\/\/www.facecorner.lv\/","name":"Facecorner","description":"","publisher":{"@id":"https:\/\/www.facecorner.lv\/#organization"},"potentialAction":[{"@type":"SearchAction","target":{"@type":"EntryPoint","urlTemplate":"https:\/\/www.facecorner.lv\/?s={search_term_string}"},"query-input":{"@type":"PropertyValueSpecification","valueRequired":true,"valueName":"search_term_string"}}],"inLanguage":"lv-LV"},{"@type":"Organization","@id":"https:\/\/www.facecorner.lv\/#organization","name":"Facecorner","url":"https:\/\/www.facecorner.lv\/","logo":{"@type":"ImageObject","inLanguage":"lv-LV","@id":"https:\/\/www.facecorner.lv\/#\/schema\/logo\/image\/","url":"https:\/\/www.facecorner.lv\/wp-content\/uploads\/2024\/04\/fc-logo.jpg","contentUrl":"https:\/\/www.facecorner.lv\/wp-content\/uploads\/2024\/04\/fc-logo.jpg","width":174,"height":28,"caption":"Facecorner"},"image":{"@id":"https:\/\/www.facecorner.lv\/#\/schema\/logo\/image\/"},"sameAs":["https:\/\/www.facebook.com\/profile.php?id=100063824551839","https:\/\/www.instagram.com\/facecorner_shop\/"]}]},"product_price_amount":"29.00","product_price_currency":"EUR","og_availability":"instock","product_availability":"instock","product_condition":"new"},"_links":{"self":[{"href":"https:\/\/www.facecorner.lv\/lv\/wp-json\/wp\/v2\/product\/23588","targetHints":{"allow":["GET"]}}],"collection":[{"href":"https:\/\/www.facecorner.lv\/lv\/wp-json\/wp\/v2\/product"}],"about":[{"href":"https:\/\/www.facecorner.lv\/lv\/wp-json\/wp\/v2\/types\/product"}],"replies":[{"embeddable":true,"href":"https:\/\/www.facecorner.lv\/lv\/wp-json\/wp\/v2\/comments?post=23588"}],"wp:featuredmedia":[{"embeddable":true,"href":"https:\/\/www.facecorner.lv\/lv\/wp-json\/wp\/v2\/media\/23589"}],"wp:attachment":[{"href":"https:\/\/www.facecorner.lv\/lv\/wp-json\/wp\/v2\/media?parent=23588"}],"wp:term":[{"taxonomy":"product_brand","embeddable":true,"href":"https:\/\/www.facecorner.lv\/lv\/wp-json\/wp\/v2\/product_brand?post=23588"},{"taxonomy":"product_cat","embeddable":true,"href":"https:\/\/www.facecorner.lv\/lv\/wp-json\/wp\/v2\/product_cat?post=23588"},{"taxonomy":"product_tag","embeddable":true,"href":"https:\/\/www.facecorner.lv\/lv\/wp-json\/wp\/v2\/product_tag?post=23588"},{"taxonomy":"berocket_brand","embeddable":true,"href":"https:\/\/www.facecorner.lv\/lv\/wp-json\/wp\/v2\/berocket_brand?post=23588"}],"curies":[{"name":"wp","href":"https:\/\/api.w.org\/{rel}","templated":true}]}}