{"id":23519,"date":"2025-02-27T22:42:37","date_gmt":"2025-02-27T19:42:37","guid":{"rendered":"https:\/\/www.facecorner.lv\/?post_type=product&#038;p=23519"},"modified":"2026-03-10T22:13:52","modified_gmt":"2026-03-10T19:13:52","slug":"medipeel-phyto-exosome-pdrn-lifting-shot-cream-50ml","status":"publish","type":"product","link":"https:\/\/www.facecorner.lv\/lv\/shop\/medipeel-phyto-exosome-pdrn-lifting-shot-cream-50ml\/","title":{"rendered":"MEDIPEEL Phyto Exosome PDRN Lifting Shot Cream 50ml"},"content":{"rendered":"<p>MEDIPEEL Phyto Exosome PDRN Lifting Shot Cream\u00a0kr\u0113ms apvieno inovat\u012bvas sast\u0101vda\u013cas dzi\u013cai kop\u0161anai un atjauno\u0161anai. Pretnoveco\u0161an\u0101s liftinga kr\u0113mam ar PDRN ir bieza konsistence. Tas nodro\u0161ina akt\u012bvo sast\u0101vda\u013cu dzi\u013cu iek\u013c\u016b\u0161anu \u0101d\u0101 un ilgsto\u0161u iedarb\u012bbu. Jau p\u0113c pirm\u0101s lieto\u0161anas reizes \u0101da k\u013c\u016bst tvirt\u0101ka, glud\u0101ka un mitrin\u0101ta.<\/p>\n<ul>\n<li>Liftinga un nostiprino\u0161s efekts: pal\u012bdz savilkt sejas kont\u016bras un uzlabot \u0101das elast\u012bbu, pateicoties eksosomu, pept\u012bdu un polinukleot\u012bdu (PDRN) kompleksam.<\/li>\n<li>Pretnoveco\u0161an\u0101s efekts: m\u012bkstina sejas l\u012bnijas un samazina dzi\u013c\u0101s grumbas. Stimul\u0113 \u0101das re\u0123ener\u0101ciju un uzlabo \u0101das strukt\u016bru.<\/li>\n<li>Intens\u012bva mitrin\u0101\u0161ana: pateicoties hialuronsk\u0101bei un AQUAXYL, nodro\u0161ina \u0101das mitrin\u0101\u0161anu.<\/li>\n<li>\u0100das kop\u0161ana: stiprina \u0101das barjeru, aizsarg\u0101 to no \u0101r\u0113jiem faktoriem un pal\u0113nina noveco\u0161an\u0101s procesus.<\/li>\n<\/ul>\n<p><strong>Lieto\u0161\u0101na:<\/strong> Veicot \u0101das kop\u0161anas proced\u016bras p\u0113d\u0113jo soli, uz\u0146emiet vajadz\u012bgo l\u012bdzek\u013ca daudzumu, viegli uzkl\u0101jiet to uz \u0101das un \u013caujiet tam ies\u016bkties.<\/p>\n<p><strong>S\u0101stavs:<\/strong> Purified water, butylene glycol, dipropylene glycol, glycerin, caprylic\/capric triglyceride, niacinamide, lotus flower water (9692.2 ppm), hydroxyethyl acrylate\/sodium acryloyldimethyl taurate copolymer, hydrogenated polydecene, 1,2-hexanediol, phytosteryl\/isostearyl\/cetyl\/stearyl\/behenyl dimer dilinoleate, algin, acrylate\/alkyl C10-30 acrylate crosspolymer, C12-16 alcohol, glyceryl stearate, sodium polyacrylate, hydrogenated decitin, panthenol, palmitic acid, polyglyceryl-2 stearate, betaine, allantoin, hydroxyacetophenone, ethylhexylglycerin, caprylyl glycol, sorbitan isostearate, stearyl alcohol, Adenosine, Tocopherol, Polyglyceryl-10 Laurate, Disodium etc<\/p>\n","protected":false},"excerpt":{"rendered":"<p>MEDIPEEL Phyto Exosome PDRN Lifting Shot Cream\u00a0 \u0160is ir pretnoveco\u0161an\u0101s kr\u0113ms, kura m\u0113r\u0137is ir atjaunot, mitrin\u0101t un nostiprin\u0101t \u0101du.<\/p>\n","protected":false},"featured_media":23520,"comment_status":"open","ping_status":"closed","template":"","meta":{"site-sidebar-layout":"default","site-content-layout":"","ast-site-content-layout":"default","site-content-style":"default","site-sidebar-style":"default","ast-global-header-display":"","ast-banner-title-visibility":"","ast-main-header-display":"","ast-hfb-above-header-display":"","ast-hfb-below-header-display":"","ast-hfb-mobile-header-display":"","site-post-title":"","ast-breadcrumbs-content":"","ast-featured-img":"","footer-sml-layout":"","theme-transparent-header-meta":"default","adv-header-id-meta":"","stick-header-meta":"","header-above-stick-meta":"","header-main-stick-meta":"","header-below-stick-meta":"","astra-migrate-meta-layouts":"set","ast-page-background-enabled":"default","ast-page-background-meta":{"desktop":{"background-color":"var(--ast-global-color-4)","background-image":"","background-repeat":"repeat","background-position":"center center","background-size":"auto","background-attachment":"scroll","background-type":"","background-media":"","overlay-type":"","overlay-color":"","overlay-opacity":"","overlay-gradient":""},"tablet":{"background-color":"","background-image":"","background-repeat":"repeat","background-position":"center center","background-size":"auto","background-attachment":"scroll","background-type":"","background-media":"","overlay-type":"","overlay-color":"","overlay-opacity":"","overlay-gradient":""},"mobile":{"background-color":"","background-image":"","background-repeat":"repeat","background-position":"center center","background-size":"auto","background-attachment":"scroll","background-type":"","background-media":"","overlay-type":"","overlay-color":"","overlay-opacity":"","overlay-gradient":""}},"ast-content-background-meta":{"desktop":{"background-color":"var(--ast-global-color-5)","background-image":"","background-repeat":"repeat","background-position":"center center","background-size":"auto","background-attachment":"scroll","background-type":"","background-media":"","overlay-type":"","overlay-color":"","overlay-opacity":"","overlay-gradient":""},"tablet":{"background-color":"var(--ast-global-color-5)","background-image":"","background-repeat":"repeat","background-position":"center center","background-size":"auto","background-attachment":"scroll","background-type":"","background-media":"","overlay-type":"","overlay-color":"","overlay-opacity":"","overlay-gradient":""},"mobile":{"background-color":"var(--ast-global-color-5)","background-image":"","background-repeat":"repeat","background-position":"center center","background-size":"auto","background-attachment":"scroll","background-type":"","background-media":"","overlay-type":"","overlay-color":"","overlay-opacity":"","overlay-gradient":""}}},"product_brand":[],"product_cat":[368,362],"product_tag":[],"berocket_brand":[583],"class_list":{"0":"post-23519","1":"product","2":"type-product","3":"status-publish","4":"has-post-thumbnail","6":"product_cat-pret-grumbam","7":"product_cat-sejas-krems","8":"berocket_brand-medi-peel","9":"desktop-align-left","10":"tablet-align-left","11":"mobile-align-left","13":"first","14":"outofstock","15":"taxable","16":"shipping-taxable","17":"purchasable","18":"product-type-simple","19":"add-to-wishlist-before_image"},"yoast_head":"<!-- This site is optimized with the Yoast SEO plugin v27.3 - https:\/\/yoast.com\/product\/yoast-seo-wordpress\/ -->\n<title>MEDIPEEL Phyto Exosome PDRN Lifting Shot Cream 50ml - FACECORNER<\/title>\n<meta name=\"description\" content=\"MEDIPEEL Phyto Exosome PDRN Lifting Shot Cream\u00a0 \u0160is ir pretnoveco\u0161an\u0101s kr\u0113ms, kura m\u0113r\u0137is ir atjaunot, mitrin\u0101t un nostiprin\u0101t \u0101du.\" \/>\n<meta name=\"robots\" content=\"index, follow, max-snippet:-1, max-image-preview:large, max-video-preview:-1\" \/>\n<link rel=\"canonical\" href=\"https:\/\/www.facecorner.lv\/lv\/shop\/medipeel-phyto-exosome-pdrn-lifting-shot-cream-50ml\/\" \/>\n<meta property=\"og:locale\" content=\"lv_LV\" \/>\n<meta property=\"og:type\" content=\"article\" \/>\n<meta property=\"og:title\" content=\"MEDIPEEL Phyto Exosome PDRN Lifting Shot Cream 50ml - FACECORNER\" \/>\n<meta property=\"og:description\" content=\"MEDIPEEL Phyto Exosome PDRN Lifting Shot Cream\u00a0 \u0160is ir pretnoveco\u0161an\u0101s kr\u0113ms, kura m\u0113r\u0137is ir atjaunot, mitrin\u0101t un nostiprin\u0101t \u0101du.\" \/>\n<meta property=\"og:url\" content=\"https:\/\/www.facecorner.lv\/lv\/shop\/medipeel-phyto-exosome-pdrn-lifting-shot-cream-50ml\/\" \/>\n<meta property=\"og:site_name\" content=\"FACECORNER\" \/>\n<meta property=\"article:publisher\" content=\"https:\/\/www.facebook.com\/profile.php?id=100063824551839\" \/>\n<meta property=\"article:modified_time\" content=\"2026-03-10T19:13:52+00:00\" \/>\n<meta property=\"og:image\" content=\"https:\/\/www.facecorner.lv\/wp-content\/uploads\/2025\/02\/phyto-exosome-pdrn-lifting-shot-cream-photo-1.webp\" \/>\n\t<meta property=\"og:image:width\" content=\"1000\" \/>\n\t<meta property=\"og:image:height\" content=\"1000\" \/>\n\t<meta property=\"og:image:type\" content=\"image\/webp\" \/>\n<meta name=\"twitter:card\" content=\"summary_large_image\" \/>\n<meta name=\"twitter:label1\" content=\"Price\" \/>\n\t<meta name=\"twitter:data1\" content=\"&euro;34.80\" \/>\n\t<meta name=\"twitter:label2\" content=\"Availability\" \/>\n\t<meta name=\"twitter:data2\" content=\"Out of stock\" \/>\n<script type=\"application\/ld+json\" class=\"yoast-schema-graph\">{\"@context\":\"https:\\\/\\\/schema.org\",\"@graph\":[{\"@type\":\"WebPage\",\"@id\":\"https:\\\/\\\/www.facecorner.lv\\\/shop\\\/medipeel-phyto-exosome-pdrn-lifting-shot-cream-50ml\\\/\",\"url\":\"https:\\\/\\\/www.facecorner.lv\\\/shop\\\/medipeel-phyto-exosome-pdrn-lifting-shot-cream-50ml\\\/\",\"name\":\"MEDIPEEL Phyto Exosome PDRN Lifting Shot Cream 50ml - FACECORNER\",\"isPartOf\":{\"@id\":\"https:\\\/\\\/www.facecorner.lv\\\/#website\"},\"primaryImageOfPage\":{\"@id\":\"https:\\\/\\\/www.facecorner.lv\\\/shop\\\/medipeel-phyto-exosome-pdrn-lifting-shot-cream-50ml\\\/#primaryimage\"},\"image\":{\"@id\":\"https:\\\/\\\/www.facecorner.lv\\\/shop\\\/medipeel-phyto-exosome-pdrn-lifting-shot-cream-50ml\\\/#primaryimage\"},\"thumbnailUrl\":\"https:\\\/\\\/www.facecorner.lv\\\/wp-content\\\/uploads\\\/2025\\\/02\\\/phyto-exosome-pdrn-lifting-shot-cream-photo-1.webp\",\"datePublished\":\"2025-02-27T19:42:37+00:00\",\"dateModified\":\"2026-03-10T19:13:52+00:00\",\"description\":\"MEDIPEEL Phyto Exosome PDRN Lifting Shot Cream\u00a0 \u0160is ir pretnoveco\u0161an\u0101s kr\u0113ms, kura m\u0113r\u0137is ir atjaunot, mitrin\u0101t un nostiprin\u0101t \u0101du.\",\"breadcrumb\":{\"@id\":\"https:\\\/\\\/www.facecorner.lv\\\/shop\\\/medipeel-phyto-exosome-pdrn-lifting-shot-cream-50ml\\\/#breadcrumb\"},\"inLanguage\":\"lv-LV\",\"potentialAction\":[{\"@type\":\"ReadAction\",\"target\":[\"https:\\\/\\\/www.facecorner.lv\\\/shop\\\/medipeel-phyto-exosome-pdrn-lifting-shot-cream-50ml\\\/\"]}]},{\"@type\":\"ImageObject\",\"inLanguage\":\"lv-LV\",\"@id\":\"https:\\\/\\\/www.facecorner.lv\\\/shop\\\/medipeel-phyto-exosome-pdrn-lifting-shot-cream-50ml\\\/#primaryimage\",\"url\":\"https:\\\/\\\/www.facecorner.lv\\\/wp-content\\\/uploads\\\/2025\\\/02\\\/phyto-exosome-pdrn-lifting-shot-cream-photo-1.webp\",\"contentUrl\":\"https:\\\/\\\/www.facecorner.lv\\\/wp-content\\\/uploads\\\/2025\\\/02\\\/phyto-exosome-pdrn-lifting-shot-cream-photo-1.webp\",\"width\":1000,\"height\":1000,\"caption\":\"MEDIPEEL Phyto Exosome PDRN Lifting Shot Cream\"},{\"@type\":\"BreadcrumbList\",\"@id\":\"https:\\\/\\\/www.facecorner.lv\\\/shop\\\/medipeel-phyto-exosome-pdrn-lifting-shot-cream-50ml\\\/#breadcrumb\",\"itemListElement\":[{\"@type\":\"ListItem\",\"position\":1,\"name\":\"Home\",\"item\":\"https:\\\/\\\/www.facecorner.lv\\\/\"},{\"@type\":\"ListItem\",\"position\":2,\"name\":\"Veikals\",\"item\":\"https:\\\/\\\/www.facecorner.lv\\\/shop\\\/\"},{\"@type\":\"ListItem\",\"position\":3,\"name\":\"MEDIPEEL Phyto Exosome PDRN Lifting Shot Cream 50ml\"}]},{\"@type\":\"WebSite\",\"@id\":\"https:\\\/\\\/www.facecorner.lv\\\/#website\",\"url\":\"https:\\\/\\\/www.facecorner.lv\\\/\",\"name\":\"Facecorner\",\"description\":\"\",\"publisher\":{\"@id\":\"https:\\\/\\\/www.facecorner.lv\\\/#organization\"},\"potentialAction\":[{\"@type\":\"SearchAction\",\"target\":{\"@type\":\"EntryPoint\",\"urlTemplate\":\"https:\\\/\\\/www.facecorner.lv\\\/?s={search_term_string}\"},\"query-input\":{\"@type\":\"PropertyValueSpecification\",\"valueRequired\":true,\"valueName\":\"search_term_string\"}}],\"inLanguage\":\"lv-LV\"},{\"@type\":\"Organization\",\"@id\":\"https:\\\/\\\/www.facecorner.lv\\\/#organization\",\"name\":\"Facecorner\",\"url\":\"https:\\\/\\\/www.facecorner.lv\\\/\",\"logo\":{\"@type\":\"ImageObject\",\"inLanguage\":\"lv-LV\",\"@id\":\"https:\\\/\\\/www.facecorner.lv\\\/#\\\/schema\\\/logo\\\/image\\\/\",\"url\":\"https:\\\/\\\/www.facecorner.lv\\\/wp-content\\\/uploads\\\/2024\\\/04\\\/fc-logo.jpg\",\"contentUrl\":\"https:\\\/\\\/www.facecorner.lv\\\/wp-content\\\/uploads\\\/2024\\\/04\\\/fc-logo.jpg\",\"width\":174,\"height\":28,\"caption\":\"Facecorner\"},\"image\":{\"@id\":\"https:\\\/\\\/www.facecorner.lv\\\/#\\\/schema\\\/logo\\\/image\\\/\"},\"sameAs\":[\"https:\\\/\\\/www.facebook.com\\\/profile.php?id=100063824551839\",\"https:\\\/\\\/www.instagram.com\\\/facecorner_shop\\\/\"]}]}<\/script>\n<meta property=\"product:price:amount\" content=\"34.80\" \/>\n<meta property=\"product:price:currency\" content=\"EUR\" \/>\n<meta property=\"og:availability\" content=\"out of stock\" \/>\n<meta property=\"product:availability\" content=\"out of stock\" \/>\n<meta property=\"product:condition\" content=\"new\" \/>\n<!-- \/ Yoast SEO plugin. -->","yoast_head_json":{"title":"MEDIPEEL Phyto Exosome PDRN Lifting Shot Cream 50ml - FACECORNER","description":"MEDIPEEL Phyto Exosome PDRN Lifting Shot Cream\u00a0 \u0160is ir pretnoveco\u0161an\u0101s kr\u0113ms, kura m\u0113r\u0137is ir atjaunot, mitrin\u0101t un nostiprin\u0101t \u0101du.","robots":{"index":"index","follow":"follow","max-snippet":"max-snippet:-1","max-image-preview":"max-image-preview:large","max-video-preview":"max-video-preview:-1"},"canonical":"https:\/\/www.facecorner.lv\/lv\/shop\/medipeel-phyto-exosome-pdrn-lifting-shot-cream-50ml\/","og_locale":"lv_LV","og_type":"article","og_title":"MEDIPEEL Phyto Exosome PDRN Lifting Shot Cream 50ml - FACECORNER","og_description":"MEDIPEEL Phyto Exosome PDRN Lifting Shot Cream\u00a0 \u0160is ir pretnoveco\u0161an\u0101s kr\u0113ms, kura m\u0113r\u0137is ir atjaunot, mitrin\u0101t un nostiprin\u0101t \u0101du.","og_url":"https:\/\/www.facecorner.lv\/lv\/shop\/medipeel-phyto-exosome-pdrn-lifting-shot-cream-50ml\/","og_site_name":"FACECORNER","article_publisher":"https:\/\/www.facebook.com\/profile.php?id=100063824551839","article_modified_time":"2026-03-10T19:13:52+00:00","og_image":[{"width":1000,"height":1000,"url":"https:\/\/www.facecorner.lv\/wp-content\/uploads\/2025\/02\/phyto-exosome-pdrn-lifting-shot-cream-photo-1.webp","type":"image\/webp"}],"twitter_card":"summary_large_image","twitter_misc":{"Price":"&euro;34.80","Availability":"Out of stock"},"schema":{"@context":"https:\/\/schema.org","@graph":[{"@type":"WebPage","@id":"https:\/\/www.facecorner.lv\/shop\/medipeel-phyto-exosome-pdrn-lifting-shot-cream-50ml\/","url":"https:\/\/www.facecorner.lv\/shop\/medipeel-phyto-exosome-pdrn-lifting-shot-cream-50ml\/","name":"MEDIPEEL Phyto Exosome PDRN Lifting Shot Cream 50ml - FACECORNER","isPartOf":{"@id":"https:\/\/www.facecorner.lv\/#website"},"primaryImageOfPage":{"@id":"https:\/\/www.facecorner.lv\/shop\/medipeel-phyto-exosome-pdrn-lifting-shot-cream-50ml\/#primaryimage"},"image":{"@id":"https:\/\/www.facecorner.lv\/shop\/medipeel-phyto-exosome-pdrn-lifting-shot-cream-50ml\/#primaryimage"},"thumbnailUrl":"https:\/\/www.facecorner.lv\/wp-content\/uploads\/2025\/02\/phyto-exosome-pdrn-lifting-shot-cream-photo-1.webp","datePublished":"2025-02-27T19:42:37+00:00","dateModified":"2026-03-10T19:13:52+00:00","description":"MEDIPEEL Phyto Exosome PDRN Lifting Shot Cream\u00a0 \u0160is ir pretnoveco\u0161an\u0101s kr\u0113ms, kura m\u0113r\u0137is ir atjaunot, mitrin\u0101t un nostiprin\u0101t \u0101du.","breadcrumb":{"@id":"https:\/\/www.facecorner.lv\/shop\/medipeel-phyto-exosome-pdrn-lifting-shot-cream-50ml\/#breadcrumb"},"inLanguage":"lv-LV","potentialAction":[{"@type":"ReadAction","target":["https:\/\/www.facecorner.lv\/shop\/medipeel-phyto-exosome-pdrn-lifting-shot-cream-50ml\/"]}]},{"@type":"ImageObject","inLanguage":"lv-LV","@id":"https:\/\/www.facecorner.lv\/shop\/medipeel-phyto-exosome-pdrn-lifting-shot-cream-50ml\/#primaryimage","url":"https:\/\/www.facecorner.lv\/wp-content\/uploads\/2025\/02\/phyto-exosome-pdrn-lifting-shot-cream-photo-1.webp","contentUrl":"https:\/\/www.facecorner.lv\/wp-content\/uploads\/2025\/02\/phyto-exosome-pdrn-lifting-shot-cream-photo-1.webp","width":1000,"height":1000,"caption":"MEDIPEEL Phyto Exosome PDRN Lifting Shot Cream"},{"@type":"BreadcrumbList","@id":"https:\/\/www.facecorner.lv\/shop\/medipeel-phyto-exosome-pdrn-lifting-shot-cream-50ml\/#breadcrumb","itemListElement":[{"@type":"ListItem","position":1,"name":"Home","item":"https:\/\/www.facecorner.lv\/"},{"@type":"ListItem","position":2,"name":"Veikals","item":"https:\/\/www.facecorner.lv\/shop\/"},{"@type":"ListItem","position":3,"name":"MEDIPEEL Phyto Exosome PDRN Lifting Shot Cream 50ml"}]},{"@type":"WebSite","@id":"https:\/\/www.facecorner.lv\/#website","url":"https:\/\/www.facecorner.lv\/","name":"Facecorner","description":"","publisher":{"@id":"https:\/\/www.facecorner.lv\/#organization"},"potentialAction":[{"@type":"SearchAction","target":{"@type":"EntryPoint","urlTemplate":"https:\/\/www.facecorner.lv\/?s={search_term_string}"},"query-input":{"@type":"PropertyValueSpecification","valueRequired":true,"valueName":"search_term_string"}}],"inLanguage":"lv-LV"},{"@type":"Organization","@id":"https:\/\/www.facecorner.lv\/#organization","name":"Facecorner","url":"https:\/\/www.facecorner.lv\/","logo":{"@type":"ImageObject","inLanguage":"lv-LV","@id":"https:\/\/www.facecorner.lv\/#\/schema\/logo\/image\/","url":"https:\/\/www.facecorner.lv\/wp-content\/uploads\/2024\/04\/fc-logo.jpg","contentUrl":"https:\/\/www.facecorner.lv\/wp-content\/uploads\/2024\/04\/fc-logo.jpg","width":174,"height":28,"caption":"Facecorner"},"image":{"@id":"https:\/\/www.facecorner.lv\/#\/schema\/logo\/image\/"},"sameAs":["https:\/\/www.facebook.com\/profile.php?id=100063824551839","https:\/\/www.instagram.com\/facecorner_shop\/"]}]},"product_price_amount":"34.80","product_price_currency":"EUR","og_availability":"out of stock","product_availability":"out of stock","product_condition":"new"},"_links":{"self":[{"href":"https:\/\/www.facecorner.lv\/lv\/wp-json\/wp\/v2\/product\/23519","targetHints":{"allow":["GET"]}}],"collection":[{"href":"https:\/\/www.facecorner.lv\/lv\/wp-json\/wp\/v2\/product"}],"about":[{"href":"https:\/\/www.facecorner.lv\/lv\/wp-json\/wp\/v2\/types\/product"}],"replies":[{"embeddable":true,"href":"https:\/\/www.facecorner.lv\/lv\/wp-json\/wp\/v2\/comments?post=23519"}],"wp:featuredmedia":[{"embeddable":true,"href":"https:\/\/www.facecorner.lv\/lv\/wp-json\/wp\/v2\/media\/23520"}],"wp:attachment":[{"href":"https:\/\/www.facecorner.lv\/lv\/wp-json\/wp\/v2\/media?parent=23519"}],"wp:term":[{"taxonomy":"product_brand","embeddable":true,"href":"https:\/\/www.facecorner.lv\/lv\/wp-json\/wp\/v2\/product_brand?post=23519"},{"taxonomy":"product_cat","embeddable":true,"href":"https:\/\/www.facecorner.lv\/lv\/wp-json\/wp\/v2\/product_cat?post=23519"},{"taxonomy":"product_tag","embeddable":true,"href":"https:\/\/www.facecorner.lv\/lv\/wp-json\/wp\/v2\/product_tag?post=23519"},{"taxonomy":"berocket_brand","embeddable":true,"href":"https:\/\/www.facecorner.lv\/lv\/wp-json\/wp\/v2\/berocket_brand?post=23519"}],"curies":[{"name":"wp","href":"https:\/\/api.w.org\/{rel}","templated":true}]}}