{"id":23491,"date":"2025-02-25T16:01:45","date_gmt":"2025-02-25T13:01:45","guid":{"rendered":"https:\/\/www.facecorner.lv\/?post_type=product&#038;p=23491"},"modified":"2026-04-15T16:23:59","modified_gmt":"2026-04-15T13:23:59","slug":"medicube-collagen-firming-sun-cream-50ml","status":"publish","type":"product","link":"https:\/\/www.facecorner.lv\/lv\/shop\/medicube-collagen-firming-sun-cream-50ml\/","title":{"rendered":"Medicube Collagen Firming Sun Cream 50ml"},"content":{"rendered":"<p>Medicube Collagen Firming Sun Cream\u00a0 SPF50+ PA+++ pied\u0101v\u0101 svaigu toniz\u0113jo\u0161u saules aizsargkr\u0113mu ar patent\u0113tu kolag\u0113nu.<br \/>\nTas nodro\u0161ina dabisku toni ar persiku, gai\u0161u kr\u0101su, kas labi piegu\u013c \u0101dai.<\/p>\n<ul>\n<li>Saules aizsargkr\u0113ms ar tr\u012bsk\u0101r\u0161u funkciju: grumbu mazin\u0101\u0161ana, balin\u0101\u0161ana un UV aizsardz\u012bba.<\/li>\n<li>5000PPM \u010detru veidu kolag\u0113na kompleksa, kas nodro\u0161ina \u0101das mitrin\u0101\u0161anu no iek\u0161puses ar vienu pieg\u0101jienu.<\/li>\n<li>Aminosk\u0101bju komplekss, \u016bdens-ceram\u012bdu un hialuronsk\u0101bes komplekss nodro\u0161ina mitrin\u0101\u0161anu, \u0101das barjeras aizsardz\u012bbu un \u0101das mitrin\u0101\u0161anu.<\/li>\n<\/ul>\n<p><strong>S\u0101stavs:<\/strong> Water, Propanediol, Titanium Dioxide (CI 77891), Butyl Octyl Salicylate, Isoamyl Isononanoate, C12-15 Alkyl Benzoate, Coco-Caprylate\/Caprate, Acrylates Copolymer, Diethylamino Hydroxybenzoyl Hexyl Benzoate, Diisostearyl Malate, Dipentaerythrityl Hexa C5-9 Acid Esters, Niacinamide, Polyglyceryl-6 Stearate, C14-22 Alcohols, Chlorella Vulgaris Extract, Sodium Hyaluronate, Hydrolyzed Collagen (59.9ppm), Soluble Collagen (10ppm), Collagen (5ppm), Collagen Extract (1ppm), Hydrolyzed Hyaluronic Acid, Hyaluronic Acid, Ethylhexyl Triazone, 1,2-Hexanediol, Polyhydroxystearic Acid, Methylene Bis-Benzotriazolyl Tetramethylbutylphenol, Aluminum Hydroxide, Panthenol, Potassium Cetyl Phosphate, Polyacrylate-13, Stearic Acid, C12-20 Alkyl Glucoside, Ammonium Acryloyldimethyltaurate\/VP Copolymer, Hydroxyacetophenone, Polyisobutene, Glucose, Polyglyceryl-6 Behenate, Butylene Glycol, Fructooligosaccharides, Fructose, Polyglyceryl-2 Dipolyhydroxystearate, Hydroxyethyl Acrylate\/Sodium Acryloyldimethyl Taurate Copolymer, Decyl Glucoside, Isododecane, Octyldodecanol, Adenosine, Polysorbate 20, Glycerin, Sorbitan Isostearate, Polyglyceryl-4 Isostearate, Isopropyl Titanium Triisostearate, Ethylhexylglycerin, Caprylic\/Capric Triglyceride, Hydrogenated Lecithin, Glycine, Serine, Glutamic Acid, Ceramide NP, Benzyl Glycol, Aspartic Acid, Lysine, Hydrolyzed Glycosaminoglycans, Alanine, Leucine, Arginine, Tyrosine, Phenylalanine, Proline, Threonine, Valine, Isoleucine, Histidine, Cysteine, Methionine, Sodium Hyaluronate Crosspolymer, Hydroxypropyltrimonium Hyaluronate, Sodium Stearoyl Glutamate, Sodium Acetylated Hyaluronate, Behenyl Alcohol, Xanthan Gum, Disodium EDTA, Fragrance, Yellow Iron Oxide (CI 77492), Red Iron Oxide (CI 77491), *4 Types Collagen Complex 5,000PPM<\/p>\n","protected":false},"excerpt":{"rendered":"<p>Medicube Collagen Firming Sun Cream\u00a0 SPF50+ PA+++ pied\u0101v\u0101 svaigu toniz\u0113jo\u0161u saules aizsargkr\u0113mu ar patent\u0113tu kolag\u0113nu.<\/p>\n","protected":false},"featured_media":23492,"comment_status":"open","ping_status":"closed","template":"","meta":{"site-sidebar-layout":"default","site-content-layout":"","ast-site-content-layout":"default","site-content-style":"default","site-sidebar-style":"default","ast-global-header-display":"","ast-banner-title-visibility":"","ast-main-header-display":"","ast-hfb-above-header-display":"","ast-hfb-below-header-display":"","ast-hfb-mobile-header-display":"","site-post-title":"","ast-breadcrumbs-content":"","ast-featured-img":"","footer-sml-layout":"","theme-transparent-header-meta":"default","adv-header-id-meta":"","stick-header-meta":"","header-above-stick-meta":"","header-main-stick-meta":"","header-below-stick-meta":"","astra-migrate-meta-layouts":"set","ast-page-background-enabled":"default","ast-page-background-meta":{"desktop":{"background-color":"var(--ast-global-color-4)","background-image":"","background-repeat":"repeat","background-position":"center center","background-size":"auto","background-attachment":"scroll","background-type":"","background-media":"","overlay-type":"","overlay-color":"","overlay-opacity":"","overlay-gradient":""},"tablet":{"background-color":"","background-image":"","background-repeat":"repeat","background-position":"center center","background-size":"auto","background-attachment":"scroll","background-type":"","background-media":"","overlay-type":"","overlay-color":"","overlay-opacity":"","overlay-gradient":""},"mobile":{"background-color":"","background-image":"","background-repeat":"repeat","background-position":"center center","background-size":"auto","background-attachment":"scroll","background-type":"","background-media":"","overlay-type":"","overlay-color":"","overlay-opacity":"","overlay-gradient":""}},"ast-content-background-meta":{"desktop":{"background-color":"var(--ast-global-color-5)","background-image":"","background-repeat":"repeat","background-position":"center center","background-size":"auto","background-attachment":"scroll","background-type":"","background-media":"","overlay-type":"","overlay-color":"","overlay-opacity":"","overlay-gradient":""},"tablet":{"background-color":"var(--ast-global-color-5)","background-image":"","background-repeat":"repeat","background-position":"center center","background-size":"auto","background-attachment":"scroll","background-type":"","background-media":"","overlay-type":"","overlay-color":"","overlay-opacity":"","overlay-gradient":""},"mobile":{"background-color":"var(--ast-global-color-5)","background-image":"","background-repeat":"repeat","background-position":"center center","background-size":"auto","background-attachment":"scroll","background-type":"","background-media":"","overlay-type":"","overlay-color":"","overlay-opacity":"","overlay-gradient":""}}},"product_brand":[],"product_cat":[362,512],"product_tag":[],"berocket_brand":[579],"class_list":{"0":"post-23491","1":"product","2":"type-product","3":"status-publish","4":"has-post-thumbnail","6":"product_cat-sejas-krems","7":"product_cat-spf","8":"berocket_brand-medicube","9":"desktop-align-left","10":"tablet-align-left","11":"mobile-align-left","13":"first","14":"outofstock","15":"taxable","16":"shipping-taxable","17":"purchasable","18":"product-type-simple","19":"add-to-wishlist-before_image"},"yoast_head":"<!-- This site is optimized with the Yoast SEO plugin v27.4 - https:\/\/yoast.com\/product\/yoast-seo-wordpress\/ -->\n<title>Medicube Collagen Firming Sun Cream 50ml - FACECORNER<\/title>\n<meta name=\"description\" content=\"Medicube Collagen Firming Sun Cream\u00a0 SPF50+ PA+++ pied\u0101v\u0101 svaigu toniz\u0113jo\u0161u saules aizsargkr\u0113mu ar patent\u0113tu kolag\u0113nu.\" \/>\n<meta name=\"robots\" content=\"index, follow, max-snippet:-1, max-image-preview:large, max-video-preview:-1\" \/>\n<link rel=\"canonical\" href=\"https:\/\/www.facecorner.lv\/lv\/shop\/medicube-collagen-firming-sun-cream-50ml\/\" \/>\n<meta property=\"og:locale\" content=\"lv_LV\" \/>\n<meta property=\"og:type\" content=\"article\" \/>\n<meta property=\"og:title\" content=\"Medicube Collagen Firming Sun Cream 50ml - FACECORNER\" \/>\n<meta property=\"og:description\" content=\"Medicube Collagen Firming Sun Cream\u00a0 SPF50+ PA+++ pied\u0101v\u0101 svaigu toniz\u0113jo\u0161u saules aizsargkr\u0113mu ar patent\u0113tu kolag\u0113nu.\" \/>\n<meta property=\"og:url\" content=\"https:\/\/www.facecorner.lv\/lv\/shop\/medicube-collagen-firming-sun-cream-50ml\/\" \/>\n<meta property=\"og:site_name\" content=\"FACECORNER\" \/>\n<meta property=\"article:publisher\" content=\"https:\/\/www.facebook.com\/profile.php?id=100063824551839\" \/>\n<meta property=\"article:modified_time\" content=\"2026-04-15T13:23:59+00:00\" \/>\n<meta property=\"og:image\" content=\"https:\/\/www.facecorner.lv\/wp-content\/uploads\/2025\/02\/MEDICUBE-Collagen-Firming-Sun-Cream-SPF502B-PA2B2B2B2B-50ml_01.jpg\" \/>\n\t<meta property=\"og:image:width\" content=\"780\" \/>\n\t<meta property=\"og:image:height\" content=\"780\" \/>\n\t<meta property=\"og:image:type\" content=\"image\/jpeg\" \/>\n<meta name=\"twitter:card\" content=\"summary_large_image\" \/>\n<meta name=\"twitter:label1\" content=\"Price\" \/>\n\t<meta name=\"twitter:data1\" content=\"&euro;31.00\" \/>\n\t<meta name=\"twitter:label2\" content=\"Availability\" \/>\n\t<meta name=\"twitter:data2\" content=\"Out of stock\" \/>\n<script type=\"application\/ld+json\" class=\"yoast-schema-graph\">{\"@context\":\"https:\\\/\\\/schema.org\",\"@graph\":[{\"@type\":\"WebPage\",\"@id\":\"https:\\\/\\\/www.facecorner.lv\\\/shop\\\/medicube-collagen-firming-sun-cream-50ml\\\/\",\"url\":\"https:\\\/\\\/www.facecorner.lv\\\/shop\\\/medicube-collagen-firming-sun-cream-50ml\\\/\",\"name\":\"Medicube Collagen Firming Sun Cream 50ml - FACECORNER\",\"isPartOf\":{\"@id\":\"https:\\\/\\\/www.facecorner.lv\\\/#website\"},\"primaryImageOfPage\":{\"@id\":\"https:\\\/\\\/www.facecorner.lv\\\/shop\\\/medicube-collagen-firming-sun-cream-50ml\\\/#primaryimage\"},\"image\":{\"@id\":\"https:\\\/\\\/www.facecorner.lv\\\/shop\\\/medicube-collagen-firming-sun-cream-50ml\\\/#primaryimage\"},\"thumbnailUrl\":\"https:\\\/\\\/www.facecorner.lv\\\/wp-content\\\/uploads\\\/2025\\\/02\\\/MEDICUBE-Collagen-Firming-Sun-Cream-SPF502B-PA2B2B2B2B-50ml_01.jpg\",\"datePublished\":\"2025-02-25T13:01:45+00:00\",\"dateModified\":\"2026-04-15T13:23:59+00:00\",\"description\":\"Medicube Collagen Firming Sun Cream\u00a0 SPF50+ PA+++ pied\u0101v\u0101 svaigu toniz\u0113jo\u0161u saules aizsargkr\u0113mu ar patent\u0113tu kolag\u0113nu.\",\"breadcrumb\":{\"@id\":\"https:\\\/\\\/www.facecorner.lv\\\/shop\\\/medicube-collagen-firming-sun-cream-50ml\\\/#breadcrumb\"},\"inLanguage\":\"lv-LV\",\"potentialAction\":[{\"@type\":\"ReadAction\",\"target\":[\"https:\\\/\\\/www.facecorner.lv\\\/shop\\\/medicube-collagen-firming-sun-cream-50ml\\\/\"]}]},{\"@type\":\"ImageObject\",\"inLanguage\":\"lv-LV\",\"@id\":\"https:\\\/\\\/www.facecorner.lv\\\/shop\\\/medicube-collagen-firming-sun-cream-50ml\\\/#primaryimage\",\"url\":\"https:\\\/\\\/www.facecorner.lv\\\/wp-content\\\/uploads\\\/2025\\\/02\\\/MEDICUBE-Collagen-Firming-Sun-Cream-SPF502B-PA2B2B2B2B-50ml_01.jpg\",\"contentUrl\":\"https:\\\/\\\/www.facecorner.lv\\\/wp-content\\\/uploads\\\/2025\\\/02\\\/MEDICUBE-Collagen-Firming-Sun-Cream-SPF502B-PA2B2B2B2B-50ml_01.jpg\",\"width\":780,\"height\":780,\"caption\":\"Medicube Collagen Firming Sun Cream\"},{\"@type\":\"BreadcrumbList\",\"@id\":\"https:\\\/\\\/www.facecorner.lv\\\/shop\\\/medicube-collagen-firming-sun-cream-50ml\\\/#breadcrumb\",\"itemListElement\":[{\"@type\":\"ListItem\",\"position\":1,\"name\":\"Home\",\"item\":\"https:\\\/\\\/www.facecorner.lv\\\/\"},{\"@type\":\"ListItem\",\"position\":2,\"name\":\"Veikals\",\"item\":\"https:\\\/\\\/www.facecorner.lv\\\/shop\\\/\"},{\"@type\":\"ListItem\",\"position\":3,\"name\":\"Medicube Collagen Firming Sun Cream 50ml\"}]},{\"@type\":\"WebSite\",\"@id\":\"https:\\\/\\\/www.facecorner.lv\\\/#website\",\"url\":\"https:\\\/\\\/www.facecorner.lv\\\/\",\"name\":\"Facecorner\",\"description\":\"\",\"publisher\":{\"@id\":\"https:\\\/\\\/www.facecorner.lv\\\/#organization\"},\"potentialAction\":[{\"@type\":\"SearchAction\",\"target\":{\"@type\":\"EntryPoint\",\"urlTemplate\":\"https:\\\/\\\/www.facecorner.lv\\\/?s={search_term_string}\"},\"query-input\":{\"@type\":\"PropertyValueSpecification\",\"valueRequired\":true,\"valueName\":\"search_term_string\"}}],\"inLanguage\":\"lv-LV\"},{\"@type\":\"Organization\",\"@id\":\"https:\\\/\\\/www.facecorner.lv\\\/#organization\",\"name\":\"Facecorner\",\"url\":\"https:\\\/\\\/www.facecorner.lv\\\/\",\"logo\":{\"@type\":\"ImageObject\",\"inLanguage\":\"lv-LV\",\"@id\":\"https:\\\/\\\/www.facecorner.lv\\\/#\\\/schema\\\/logo\\\/image\\\/\",\"url\":\"https:\\\/\\\/www.facecorner.lv\\\/wp-content\\\/uploads\\\/2024\\\/04\\\/fc-logo.jpg\",\"contentUrl\":\"https:\\\/\\\/www.facecorner.lv\\\/wp-content\\\/uploads\\\/2024\\\/04\\\/fc-logo.jpg\",\"width\":174,\"height\":28,\"caption\":\"Facecorner\"},\"image\":{\"@id\":\"https:\\\/\\\/www.facecorner.lv\\\/#\\\/schema\\\/logo\\\/image\\\/\"},\"sameAs\":[\"https:\\\/\\\/www.facebook.com\\\/profile.php?id=100063824551839\",\"https:\\\/\\\/www.instagram.com\\\/facecorner_shop\\\/\"]}]}<\/script>\n<meta property=\"product:price:amount\" content=\"31.00\" \/>\n<meta property=\"product:price:currency\" content=\"EUR\" \/>\n<meta property=\"og:availability\" content=\"out of stock\" \/>\n<meta property=\"product:availability\" content=\"out of stock\" \/>\n<meta property=\"product:condition\" content=\"new\" \/>\n<!-- \/ Yoast SEO plugin. -->","yoast_head_json":{"title":"Medicube Collagen Firming Sun Cream 50ml - FACECORNER","description":"Medicube Collagen Firming Sun Cream\u00a0 SPF50+ PA+++ pied\u0101v\u0101 svaigu toniz\u0113jo\u0161u saules aizsargkr\u0113mu ar patent\u0113tu kolag\u0113nu.","robots":{"index":"index","follow":"follow","max-snippet":"max-snippet:-1","max-image-preview":"max-image-preview:large","max-video-preview":"max-video-preview:-1"},"canonical":"https:\/\/www.facecorner.lv\/lv\/shop\/medicube-collagen-firming-sun-cream-50ml\/","og_locale":"lv_LV","og_type":"article","og_title":"Medicube Collagen Firming Sun Cream 50ml - FACECORNER","og_description":"Medicube Collagen Firming Sun Cream\u00a0 SPF50+ PA+++ pied\u0101v\u0101 svaigu toniz\u0113jo\u0161u saules aizsargkr\u0113mu ar patent\u0113tu kolag\u0113nu.","og_url":"https:\/\/www.facecorner.lv\/lv\/shop\/medicube-collagen-firming-sun-cream-50ml\/","og_site_name":"FACECORNER","article_publisher":"https:\/\/www.facebook.com\/profile.php?id=100063824551839","article_modified_time":"2026-04-15T13:23:59+00:00","og_image":[{"width":780,"height":780,"url":"https:\/\/www.facecorner.lv\/wp-content\/uploads\/2025\/02\/MEDICUBE-Collagen-Firming-Sun-Cream-SPF502B-PA2B2B2B2B-50ml_01.jpg","type":"image\/jpeg"}],"twitter_card":"summary_large_image","twitter_misc":{"Price":"&euro;31.00","Availability":"Out of stock"},"schema":{"@context":"https:\/\/schema.org","@graph":[{"@type":"WebPage","@id":"https:\/\/www.facecorner.lv\/shop\/medicube-collagen-firming-sun-cream-50ml\/","url":"https:\/\/www.facecorner.lv\/shop\/medicube-collagen-firming-sun-cream-50ml\/","name":"Medicube Collagen Firming Sun Cream 50ml - FACECORNER","isPartOf":{"@id":"https:\/\/www.facecorner.lv\/#website"},"primaryImageOfPage":{"@id":"https:\/\/www.facecorner.lv\/shop\/medicube-collagen-firming-sun-cream-50ml\/#primaryimage"},"image":{"@id":"https:\/\/www.facecorner.lv\/shop\/medicube-collagen-firming-sun-cream-50ml\/#primaryimage"},"thumbnailUrl":"https:\/\/www.facecorner.lv\/wp-content\/uploads\/2025\/02\/MEDICUBE-Collagen-Firming-Sun-Cream-SPF502B-PA2B2B2B2B-50ml_01.jpg","datePublished":"2025-02-25T13:01:45+00:00","dateModified":"2026-04-15T13:23:59+00:00","description":"Medicube Collagen Firming Sun Cream\u00a0 SPF50+ PA+++ pied\u0101v\u0101 svaigu toniz\u0113jo\u0161u saules aizsargkr\u0113mu ar patent\u0113tu kolag\u0113nu.","breadcrumb":{"@id":"https:\/\/www.facecorner.lv\/shop\/medicube-collagen-firming-sun-cream-50ml\/#breadcrumb"},"inLanguage":"lv-LV","potentialAction":[{"@type":"ReadAction","target":["https:\/\/www.facecorner.lv\/shop\/medicube-collagen-firming-sun-cream-50ml\/"]}]},{"@type":"ImageObject","inLanguage":"lv-LV","@id":"https:\/\/www.facecorner.lv\/shop\/medicube-collagen-firming-sun-cream-50ml\/#primaryimage","url":"https:\/\/www.facecorner.lv\/wp-content\/uploads\/2025\/02\/MEDICUBE-Collagen-Firming-Sun-Cream-SPF502B-PA2B2B2B2B-50ml_01.jpg","contentUrl":"https:\/\/www.facecorner.lv\/wp-content\/uploads\/2025\/02\/MEDICUBE-Collagen-Firming-Sun-Cream-SPF502B-PA2B2B2B2B-50ml_01.jpg","width":780,"height":780,"caption":"Medicube Collagen Firming Sun Cream"},{"@type":"BreadcrumbList","@id":"https:\/\/www.facecorner.lv\/shop\/medicube-collagen-firming-sun-cream-50ml\/#breadcrumb","itemListElement":[{"@type":"ListItem","position":1,"name":"Home","item":"https:\/\/www.facecorner.lv\/"},{"@type":"ListItem","position":2,"name":"Veikals","item":"https:\/\/www.facecorner.lv\/shop\/"},{"@type":"ListItem","position":3,"name":"Medicube Collagen Firming Sun Cream 50ml"}]},{"@type":"WebSite","@id":"https:\/\/www.facecorner.lv\/#website","url":"https:\/\/www.facecorner.lv\/","name":"Facecorner","description":"","publisher":{"@id":"https:\/\/www.facecorner.lv\/#organization"},"potentialAction":[{"@type":"SearchAction","target":{"@type":"EntryPoint","urlTemplate":"https:\/\/www.facecorner.lv\/?s={search_term_string}"},"query-input":{"@type":"PropertyValueSpecification","valueRequired":true,"valueName":"search_term_string"}}],"inLanguage":"lv-LV"},{"@type":"Organization","@id":"https:\/\/www.facecorner.lv\/#organization","name":"Facecorner","url":"https:\/\/www.facecorner.lv\/","logo":{"@type":"ImageObject","inLanguage":"lv-LV","@id":"https:\/\/www.facecorner.lv\/#\/schema\/logo\/image\/","url":"https:\/\/www.facecorner.lv\/wp-content\/uploads\/2024\/04\/fc-logo.jpg","contentUrl":"https:\/\/www.facecorner.lv\/wp-content\/uploads\/2024\/04\/fc-logo.jpg","width":174,"height":28,"caption":"Facecorner"},"image":{"@id":"https:\/\/www.facecorner.lv\/#\/schema\/logo\/image\/"},"sameAs":["https:\/\/www.facebook.com\/profile.php?id=100063824551839","https:\/\/www.instagram.com\/facecorner_shop\/"]}]},"product_price_amount":"31.00","product_price_currency":"EUR","og_availability":"out of stock","product_availability":"out of stock","product_condition":"new"},"_links":{"self":[{"href":"https:\/\/www.facecorner.lv\/lv\/wp-json\/wp\/v2\/product\/23491","targetHints":{"allow":["GET"]}}],"collection":[{"href":"https:\/\/www.facecorner.lv\/lv\/wp-json\/wp\/v2\/product"}],"about":[{"href":"https:\/\/www.facecorner.lv\/lv\/wp-json\/wp\/v2\/types\/product"}],"replies":[{"embeddable":true,"href":"https:\/\/www.facecorner.lv\/lv\/wp-json\/wp\/v2\/comments?post=23491"}],"wp:featuredmedia":[{"embeddable":true,"href":"https:\/\/www.facecorner.lv\/lv\/wp-json\/wp\/v2\/media\/23492"}],"wp:attachment":[{"href":"https:\/\/www.facecorner.lv\/lv\/wp-json\/wp\/v2\/media?parent=23491"}],"wp:term":[{"taxonomy":"product_brand","embeddable":true,"href":"https:\/\/www.facecorner.lv\/lv\/wp-json\/wp\/v2\/product_brand?post=23491"},{"taxonomy":"product_cat","embeddable":true,"href":"https:\/\/www.facecorner.lv\/lv\/wp-json\/wp\/v2\/product_cat?post=23491"},{"taxonomy":"product_tag","embeddable":true,"href":"https:\/\/www.facecorner.lv\/lv\/wp-json\/wp\/v2\/product_tag?post=23491"},{"taxonomy":"berocket_brand","embeddable":true,"href":"https:\/\/www.facecorner.lv\/lv\/wp-json\/wp\/v2\/berocket_brand?post=23491"}],"curies":[{"name":"wp","href":"https:\/\/api.w.org\/{rel}","templated":true}]}}