{"id":23469,"date":"2025-02-22T15:18:54","date_gmt":"2025-02-22T12:18:54","guid":{"rendered":"https:\/\/www.facecorner.lv\/?post_type=product&#038;p=23469"},"modified":"2026-01-16T14:23:29","modified_gmt":"2026-01-16T11:23:29","slug":"mikstas-attirosas-putas-ar-noni-ekstraktu-celimax-the-real-noni-acne-bubble-cleanser-155ml","status":"publish","type":"product","link":"https:\/\/www.facecorner.lv\/lv\/shop\/mikstas-attirosas-putas-ar-noni-ekstraktu-celimax-the-real-noni-acne-bubble-cleanser-155ml\/","title":{"rendered":"M\u012bkstas att\u012bro\u0161\u0101s putas ar noni ekstraktu Celimax The Real Noni Acne Bubble Cleanser 155ml"},"content":{"rendered":"<p>Celimax The Real Noni Acne Bubble Cleanser nodro\u0161ina maigu mazg\u0101\u0161anu, att\u012bra poras, nov\u0113r\u0161 taukainu sp\u012bdumu, neiz\u017e\u0101v\u0113jot un nesavelkot.<\/p>\n<p>Smalkie burbul\u012b\u0161i iek\u013c\u016bst dzi\u013ci por\u0101s un absorb\u0113 net\u012brumus. L\u012bdzeklis ir lieliski piem\u0113rots jut\u012bgas un problem\u0101tiskas \u0101das att\u012br\u012b\u0161anai: putas mitrina, m\u012bkstina un nomierina. Maigi sk\u0101b\u0101 hipoaler\u0123isk\u0101 formula ar pH ~ 5,5-6,6 netrauc\u0113 dabiskajai aizsargbarjerai.<\/p>\n<p>Produkts ir bag\u0101tin\u0101ts ar noni ekstraktu. Noni ir tropu augs, kas satur vitam\u012bnus, miner\u0101lvielas un citas labv\u0113l\u012bgas vielas. Tas mitrina, baro, palielina epidermas aizsargfunkcijas un tam piem\u012bt antioksidanta iedarb\u012bba.<\/p>\n<p>Viena no galvenaj\u0101m sast\u0101vda\u013c\u0101m ir BHA (salicilsk\u0101be), kas no\u0146em lieko sebumu un atmiru\u0161\u0101s da\u013ci\u0146as, \u0161\u0137\u012bdina tauku kor\u0137us, izgaismo melnos plankumus un nov\u0113r\u0161 to ra\u0161anos, veicot p\u012blingu un nov\u0113r\u0161ot taukainu sp\u012bdumu.<\/p>\n<p>Sast\u0101v\u0101 ir Aczero komplekss (bergamotes, balto v\u012btolu mizas, priedes, za\u013c\u0101s t\u0113jas, centellas un kofe\u012bna) &#8211; augu ekstraktu kombin\u0101cija, kas normaliz\u0113 sebuma veido\u0161anos un uzlabo sebuma tr\u016bkumu.<\/p>\n<p><strong>Papildu akt\u012bv\u0101s sast\u0101vda\u013cas:<\/strong><\/p>\n<ul>\n<li>Pantenols (vitam\u012bns B5) dzied\u0113, nomierina kairin\u0101jumu, m\u012bkstina raupjo epidermu, stiprina hidrolip\u012bdu barjeru un samazina mitruma iztvaiko\u0161anu.<\/li>\n<li>Rozmar\u012bna lapu e\u013c\u013ca aktiviz\u0113 re\u0123ener\u0101cijas procesu, tai piem\u012bt dezinfic\u0113jo\u0161as \u012bpa\u0161\u012bbas un t\u0101 uzlabo mikrocirkul\u0101ciju.<\/li>\n<\/ul>\n<p>Piem\u0113rots visiem \u0101das tipiem, tostarp jut\u012bgai un problem\u0101tiskai \u0101dai.<\/p>\n<p><strong>Lieto\u0161ana:<\/strong> uzkl\u0101jiet putas uz mitras \u0101das, izkl\u0101jiet ar ap\u013cveida kust\u012bb\u0101m, atst\u0101jiet uz 10 sekund\u0113m un noskalojiet ar siltu \u016bdeni.<\/p>\n<p><strong>S\u0101stavs:<\/strong> Noni extract (35.511%), purified water, cocamidopropyl betaine, butylene glycol, glycerin, potassium cocoyl glycinate, lauramide DA, sodium chloride, disodium cocoamphodiacetate, sodium cocoyl glutamate, panthenol , 1,2-hexanediol, methylpropanediol, allantoin, salicylic acid, caprylyl glycol, sodium benzoate, dipotassium glycyrrhizate, rosemary leaf oil, white willow bark extract, green tea extract, Centella asiatica leaf extract, okamura quince extract, decylglucoside, butes-3, pyroctonolamine, disodium EDTA, citric acid, indomulberry leaf extract, coffee bean extract, sodium benzotriazolylbutylphenolsulfo Nate, Indian mulberry flower extract, plum extract, honeysuckle flower extract, golden extract, bergamot leaf extract, pine leaf extract, tributyl citrate, cacao extract, dextrin, cypress leaf extract, elm root extract, evening primrose extract , arrowroot extract<\/p>\n","protected":false},"excerpt":{"rendered":"<p>Celimax The Real Noni Acne Bubble Cleanser maigi no\u0146em net\u012brumus no por\u0101m, mitrina, p\u0113c mazg\u0101\u0161anas neiz\u017e\u016bst un nesaspringst. Hipoaler\u0123isk\u0101 formula nomierina un m\u012bkstina, piem\u0113rota pat jut\u012bgai \u0101dai. Satur noni ekstraktu, Aczero kompleksu un BHA. Rozmar\u012bna arom\u0101ts.<\/p>\n","protected":false},"featured_media":23470,"comment_status":"open","ping_status":"closed","template":"","meta":{"site-sidebar-layout":"default","site-content-layout":"","ast-site-content-layout":"default","site-content-style":"default","site-sidebar-style":"default","ast-global-header-display":"","ast-banner-title-visibility":"","ast-main-header-display":"","ast-hfb-above-header-display":"","ast-hfb-below-header-display":"","ast-hfb-mobile-header-display":"","site-post-title":"","ast-breadcrumbs-content":"","ast-featured-img":"","footer-sml-layout":"","theme-transparent-header-meta":"default","adv-header-id-meta":"","stick-header-meta":"","header-above-stick-meta":"","header-main-stick-meta":"","header-below-stick-meta":"","astra-migrate-meta-layouts":"set","ast-page-background-enabled":"default","ast-page-background-meta":{"desktop":{"background-color":"var(--ast-global-color-4)","background-image":"","background-repeat":"repeat","background-position":"center center","background-size":"auto","background-attachment":"scroll","background-type":"","background-media":"","overlay-type":"","overlay-color":"","overlay-opacity":"","overlay-gradient":""},"tablet":{"background-color":"","background-image":"","background-repeat":"repeat","background-position":"center center","background-size":"auto","background-attachment":"scroll","background-type":"","background-media":"","overlay-type":"","overlay-color":"","overlay-opacity":"","overlay-gradient":""},"mobile":{"background-color":"","background-image":"","background-repeat":"repeat","background-position":"center center","background-size":"auto","background-attachment":"scroll","background-type":"","background-media":"","overlay-type":"","overlay-color":"","overlay-opacity":"","overlay-gradient":""}},"ast-content-background-meta":{"desktop":{"background-color":"var(--ast-global-color-5)","background-image":"","background-repeat":"repeat","background-position":"center center","background-size":"auto","background-attachment":"scroll","background-type":"","background-media":"","overlay-type":"","overlay-color":"","overlay-opacity":"","overlay-gradient":""},"tablet":{"background-color":"var(--ast-global-color-5)","background-image":"","background-repeat":"repeat","background-position":"center center","background-size":"auto","background-attachment":"scroll","background-type":"","background-media":"","overlay-type":"","overlay-color":"","overlay-opacity":"","overlay-gradient":""},"mobile":{"background-color":"var(--ast-global-color-5)","background-image":"","background-repeat":"repeat","background-position":"center center","background-size":"auto","background-attachment":"scroll","background-type":"","background-media":"","overlay-type":"","overlay-color":"","overlay-opacity":"","overlay-gradient":""}}},"product_brand":[],"product_cat":[310,312,313,314],"product_tag":[],"berocket_brand":[604],"class_list":{"0":"post-23469","1":"product","2":"type-product","3":"status-publish","4":"has-post-thumbnail","6":"product_cat-attirisana","7":"product_cat-kombinetai-adai-attirisana","8":"product_cat-problematiskai-adai-attirisana","9":"product_cat-taukainai-adai-attirisana","10":"berocket_brand-celimax","11":"desktop-align-left","12":"tablet-align-left","13":"mobile-align-left","15":"first","16":"outofstock","17":"taxable","18":"shipping-taxable","19":"purchasable","20":"product-type-simple","21":"add-to-wishlist-before_image"},"yoast_head":"<!-- This site is optimized with the Yoast SEO plugin v27.3 - https:\/\/yoast.com\/product\/yoast-seo-wordpress\/ -->\n<title>M\u012bkstas att\u012bro\u0161\u0101s putas ar noni ekstraktu Celimax The Real Noni Acne Bubble Cleanser 155ml - FACECORNER<\/title>\n<meta name=\"description\" content=\"Celimax The Real Noni Acne Bubble Cleanser nodro\u0161ina maigu mazg\u0101\u0161anu, att\u012bra poras, nov\u0113r\u0161 taukainu sp\u012bdumu, neiz\u017e\u0101v\u0113jot un nesavelkot.\" \/>\n<meta name=\"robots\" content=\"index, follow, max-snippet:-1, max-image-preview:large, max-video-preview:-1\" \/>\n<link rel=\"canonical\" href=\"https:\/\/www.facecorner.lv\/lv\/shop\/mikstas-attirosas-putas-ar-noni-ekstraktu-celimax-the-real-noni-acne-bubble-cleanser-155ml\/\" \/>\n<meta property=\"og:locale\" content=\"lv_LV\" \/>\n<meta property=\"og:type\" content=\"article\" \/>\n<meta property=\"og:title\" content=\"M\u012bkstas att\u012bro\u0161\u0101s putas ar noni ekstraktu Celimax The Real Noni Acne Bubble Cleanser 155ml - FACECORNER\" \/>\n<meta property=\"og:description\" content=\"Celimax The Real Noni Acne Bubble Cleanser nodro\u0161ina maigu mazg\u0101\u0161anu, att\u012bra poras, nov\u0113r\u0161 taukainu sp\u012bdumu, neiz\u017e\u0101v\u0113jot un nesavelkot.\" \/>\n<meta property=\"og:url\" content=\"https:\/\/www.facecorner.lv\/lv\/shop\/mikstas-attirosas-putas-ar-noni-ekstraktu-celimax-the-real-noni-acne-bubble-cleanser-155ml\/\" \/>\n<meta property=\"og:site_name\" content=\"FACECORNER\" \/>\n<meta property=\"article:publisher\" content=\"https:\/\/www.facebook.com\/profile.php?id=100063824551839\" \/>\n<meta property=\"article:modified_time\" content=\"2026-01-16T11:23:29+00:00\" \/>\n<meta property=\"og:image\" content=\"https:\/\/www.facecorner.lv\/wp-content\/uploads\/2025\/02\/Celimax_The_Real_Noni_Acne_Bubble_Cleanser.webp\" \/>\n\t<meta property=\"og:image:width\" content=\"950\" \/>\n\t<meta property=\"og:image:height\" content=\"950\" \/>\n\t<meta property=\"og:image:type\" content=\"image\/webp\" \/>\n<meta name=\"twitter:card\" content=\"summary_large_image\" \/>\n<meta name=\"twitter:label1\" content=\"Price\" \/>\n\t<meta name=\"twitter:data1\" content=\"&euro;19.10\" \/>\n\t<meta name=\"twitter:label2\" content=\"Availability\" \/>\n\t<meta name=\"twitter:data2\" content=\"Out of stock\" \/>\n<script type=\"application\/ld+json\" class=\"yoast-schema-graph\">{\"@context\":\"https:\\\/\\\/schema.org\",\"@graph\":[{\"@type\":\"WebPage\",\"@id\":\"https:\\\/\\\/www.facecorner.lv\\\/shop\\\/mikstas-attirosas-putas-ar-noni-ekstraktu-celimax-the-real-noni-acne-bubble-cleanser-155ml\\\/\",\"url\":\"https:\\\/\\\/www.facecorner.lv\\\/shop\\\/mikstas-attirosas-putas-ar-noni-ekstraktu-celimax-the-real-noni-acne-bubble-cleanser-155ml\\\/\",\"name\":\"M\u012bkstas att\u012bro\u0161\u0101s putas ar noni ekstraktu Celimax The Real Noni Acne Bubble Cleanser 155ml - FACECORNER\",\"isPartOf\":{\"@id\":\"https:\\\/\\\/www.facecorner.lv\\\/#website\"},\"primaryImageOfPage\":{\"@id\":\"https:\\\/\\\/www.facecorner.lv\\\/shop\\\/mikstas-attirosas-putas-ar-noni-ekstraktu-celimax-the-real-noni-acne-bubble-cleanser-155ml\\\/#primaryimage\"},\"image\":{\"@id\":\"https:\\\/\\\/www.facecorner.lv\\\/shop\\\/mikstas-attirosas-putas-ar-noni-ekstraktu-celimax-the-real-noni-acne-bubble-cleanser-155ml\\\/#primaryimage\"},\"thumbnailUrl\":\"https:\\\/\\\/www.facecorner.lv\\\/wp-content\\\/uploads\\\/2025\\\/02\\\/Celimax_The_Real_Noni_Acne_Bubble_Cleanser.webp\",\"datePublished\":\"2025-02-22T12:18:54+00:00\",\"dateModified\":\"2026-01-16T11:23:29+00:00\",\"description\":\"Celimax The Real Noni Acne Bubble Cleanser nodro\u0161ina maigu mazg\u0101\u0161anu, att\u012bra poras, nov\u0113r\u0161 taukainu sp\u012bdumu, neiz\u017e\u0101v\u0113jot un nesavelkot.\",\"breadcrumb\":{\"@id\":\"https:\\\/\\\/www.facecorner.lv\\\/shop\\\/mikstas-attirosas-putas-ar-noni-ekstraktu-celimax-the-real-noni-acne-bubble-cleanser-155ml\\\/#breadcrumb\"},\"inLanguage\":\"lv-LV\",\"potentialAction\":[{\"@type\":\"ReadAction\",\"target\":[\"https:\\\/\\\/www.facecorner.lv\\\/shop\\\/mikstas-attirosas-putas-ar-noni-ekstraktu-celimax-the-real-noni-acne-bubble-cleanser-155ml\\\/\"]}]},{\"@type\":\"ImageObject\",\"inLanguage\":\"lv-LV\",\"@id\":\"https:\\\/\\\/www.facecorner.lv\\\/shop\\\/mikstas-attirosas-putas-ar-noni-ekstraktu-celimax-the-real-noni-acne-bubble-cleanser-155ml\\\/#primaryimage\",\"url\":\"https:\\\/\\\/www.facecorner.lv\\\/wp-content\\\/uploads\\\/2025\\\/02\\\/Celimax_The_Real_Noni_Acne_Bubble_Cleanser.webp\",\"contentUrl\":\"https:\\\/\\\/www.facecorner.lv\\\/wp-content\\\/uploads\\\/2025\\\/02\\\/Celimax_The_Real_Noni_Acne_Bubble_Cleanser.webp\",\"width\":950,\"height\":950,\"caption\":\"Celimax The Real Noni Acne Bubble Cleanser\"},{\"@type\":\"BreadcrumbList\",\"@id\":\"https:\\\/\\\/www.facecorner.lv\\\/shop\\\/mikstas-attirosas-putas-ar-noni-ekstraktu-celimax-the-real-noni-acne-bubble-cleanser-155ml\\\/#breadcrumb\",\"itemListElement\":[{\"@type\":\"ListItem\",\"position\":1,\"name\":\"Home\",\"item\":\"https:\\\/\\\/www.facecorner.lv\\\/\"},{\"@type\":\"ListItem\",\"position\":2,\"name\":\"Veikals\",\"item\":\"https:\\\/\\\/www.facecorner.lv\\\/shop\\\/\"},{\"@type\":\"ListItem\",\"position\":3,\"name\":\"M\u012bkstas att\u012bro\u0161\u0101s putas ar noni ekstraktu Celimax The Real Noni Acne Bubble Cleanser 155ml\"}]},{\"@type\":\"WebSite\",\"@id\":\"https:\\\/\\\/www.facecorner.lv\\\/#website\",\"url\":\"https:\\\/\\\/www.facecorner.lv\\\/\",\"name\":\"Facecorner\",\"description\":\"\",\"publisher\":{\"@id\":\"https:\\\/\\\/www.facecorner.lv\\\/#organization\"},\"potentialAction\":[{\"@type\":\"SearchAction\",\"target\":{\"@type\":\"EntryPoint\",\"urlTemplate\":\"https:\\\/\\\/www.facecorner.lv\\\/?s={search_term_string}\"},\"query-input\":{\"@type\":\"PropertyValueSpecification\",\"valueRequired\":true,\"valueName\":\"search_term_string\"}}],\"inLanguage\":\"lv-LV\"},{\"@type\":\"Organization\",\"@id\":\"https:\\\/\\\/www.facecorner.lv\\\/#organization\",\"name\":\"Facecorner\",\"url\":\"https:\\\/\\\/www.facecorner.lv\\\/\",\"logo\":{\"@type\":\"ImageObject\",\"inLanguage\":\"lv-LV\",\"@id\":\"https:\\\/\\\/www.facecorner.lv\\\/#\\\/schema\\\/logo\\\/image\\\/\",\"url\":\"https:\\\/\\\/www.facecorner.lv\\\/wp-content\\\/uploads\\\/2024\\\/04\\\/fc-logo.jpg\",\"contentUrl\":\"https:\\\/\\\/www.facecorner.lv\\\/wp-content\\\/uploads\\\/2024\\\/04\\\/fc-logo.jpg\",\"width\":174,\"height\":28,\"caption\":\"Facecorner\"},\"image\":{\"@id\":\"https:\\\/\\\/www.facecorner.lv\\\/#\\\/schema\\\/logo\\\/image\\\/\"},\"sameAs\":[\"https:\\\/\\\/www.facebook.com\\\/profile.php?id=100063824551839\",\"https:\\\/\\\/www.instagram.com\\\/facecorner_shop\\\/\"]}]}<\/script>\n<meta property=\"product:price:amount\" content=\"19.10\" \/>\n<meta property=\"product:price:currency\" content=\"EUR\" \/>\n<meta property=\"og:availability\" content=\"out of stock\" \/>\n<meta property=\"product:availability\" content=\"out of stock\" \/>\n<meta property=\"product:condition\" content=\"new\" \/>\n<!-- \/ Yoast SEO plugin. -->","yoast_head_json":{"title":"M\u012bkstas att\u012bro\u0161\u0101s putas ar noni ekstraktu Celimax The Real Noni Acne Bubble Cleanser 155ml - FACECORNER","description":"Celimax The Real Noni Acne Bubble Cleanser nodro\u0161ina maigu mazg\u0101\u0161anu, att\u012bra poras, nov\u0113r\u0161 taukainu sp\u012bdumu, neiz\u017e\u0101v\u0113jot un nesavelkot.","robots":{"index":"index","follow":"follow","max-snippet":"max-snippet:-1","max-image-preview":"max-image-preview:large","max-video-preview":"max-video-preview:-1"},"canonical":"https:\/\/www.facecorner.lv\/lv\/shop\/mikstas-attirosas-putas-ar-noni-ekstraktu-celimax-the-real-noni-acne-bubble-cleanser-155ml\/","og_locale":"lv_LV","og_type":"article","og_title":"M\u012bkstas att\u012bro\u0161\u0101s putas ar noni ekstraktu Celimax The Real Noni Acne Bubble Cleanser 155ml - FACECORNER","og_description":"Celimax The Real Noni Acne Bubble Cleanser nodro\u0161ina maigu mazg\u0101\u0161anu, att\u012bra poras, nov\u0113r\u0161 taukainu sp\u012bdumu, neiz\u017e\u0101v\u0113jot un nesavelkot.","og_url":"https:\/\/www.facecorner.lv\/lv\/shop\/mikstas-attirosas-putas-ar-noni-ekstraktu-celimax-the-real-noni-acne-bubble-cleanser-155ml\/","og_site_name":"FACECORNER","article_publisher":"https:\/\/www.facebook.com\/profile.php?id=100063824551839","article_modified_time":"2026-01-16T11:23:29+00:00","og_image":[{"width":950,"height":950,"url":"https:\/\/www.facecorner.lv\/wp-content\/uploads\/2025\/02\/Celimax_The_Real_Noni_Acne_Bubble_Cleanser.webp","type":"image\/webp"}],"twitter_card":"summary_large_image","twitter_misc":{"Price":"&euro;19.10","Availability":"Out of stock"},"schema":{"@context":"https:\/\/schema.org","@graph":[{"@type":"WebPage","@id":"https:\/\/www.facecorner.lv\/shop\/mikstas-attirosas-putas-ar-noni-ekstraktu-celimax-the-real-noni-acne-bubble-cleanser-155ml\/","url":"https:\/\/www.facecorner.lv\/shop\/mikstas-attirosas-putas-ar-noni-ekstraktu-celimax-the-real-noni-acne-bubble-cleanser-155ml\/","name":"M\u012bkstas att\u012bro\u0161\u0101s putas ar noni ekstraktu Celimax The Real Noni Acne Bubble Cleanser 155ml - FACECORNER","isPartOf":{"@id":"https:\/\/www.facecorner.lv\/#website"},"primaryImageOfPage":{"@id":"https:\/\/www.facecorner.lv\/shop\/mikstas-attirosas-putas-ar-noni-ekstraktu-celimax-the-real-noni-acne-bubble-cleanser-155ml\/#primaryimage"},"image":{"@id":"https:\/\/www.facecorner.lv\/shop\/mikstas-attirosas-putas-ar-noni-ekstraktu-celimax-the-real-noni-acne-bubble-cleanser-155ml\/#primaryimage"},"thumbnailUrl":"https:\/\/www.facecorner.lv\/wp-content\/uploads\/2025\/02\/Celimax_The_Real_Noni_Acne_Bubble_Cleanser.webp","datePublished":"2025-02-22T12:18:54+00:00","dateModified":"2026-01-16T11:23:29+00:00","description":"Celimax The Real Noni Acne Bubble Cleanser nodro\u0161ina maigu mazg\u0101\u0161anu, att\u012bra poras, nov\u0113r\u0161 taukainu sp\u012bdumu, neiz\u017e\u0101v\u0113jot un nesavelkot.","breadcrumb":{"@id":"https:\/\/www.facecorner.lv\/shop\/mikstas-attirosas-putas-ar-noni-ekstraktu-celimax-the-real-noni-acne-bubble-cleanser-155ml\/#breadcrumb"},"inLanguage":"lv-LV","potentialAction":[{"@type":"ReadAction","target":["https:\/\/www.facecorner.lv\/shop\/mikstas-attirosas-putas-ar-noni-ekstraktu-celimax-the-real-noni-acne-bubble-cleanser-155ml\/"]}]},{"@type":"ImageObject","inLanguage":"lv-LV","@id":"https:\/\/www.facecorner.lv\/shop\/mikstas-attirosas-putas-ar-noni-ekstraktu-celimax-the-real-noni-acne-bubble-cleanser-155ml\/#primaryimage","url":"https:\/\/www.facecorner.lv\/wp-content\/uploads\/2025\/02\/Celimax_The_Real_Noni_Acne_Bubble_Cleanser.webp","contentUrl":"https:\/\/www.facecorner.lv\/wp-content\/uploads\/2025\/02\/Celimax_The_Real_Noni_Acne_Bubble_Cleanser.webp","width":950,"height":950,"caption":"Celimax The Real Noni Acne Bubble Cleanser"},{"@type":"BreadcrumbList","@id":"https:\/\/www.facecorner.lv\/shop\/mikstas-attirosas-putas-ar-noni-ekstraktu-celimax-the-real-noni-acne-bubble-cleanser-155ml\/#breadcrumb","itemListElement":[{"@type":"ListItem","position":1,"name":"Home","item":"https:\/\/www.facecorner.lv\/"},{"@type":"ListItem","position":2,"name":"Veikals","item":"https:\/\/www.facecorner.lv\/shop\/"},{"@type":"ListItem","position":3,"name":"M\u012bkstas att\u012bro\u0161\u0101s putas ar noni ekstraktu Celimax The Real Noni Acne Bubble Cleanser 155ml"}]},{"@type":"WebSite","@id":"https:\/\/www.facecorner.lv\/#website","url":"https:\/\/www.facecorner.lv\/","name":"Facecorner","description":"","publisher":{"@id":"https:\/\/www.facecorner.lv\/#organization"},"potentialAction":[{"@type":"SearchAction","target":{"@type":"EntryPoint","urlTemplate":"https:\/\/www.facecorner.lv\/?s={search_term_string}"},"query-input":{"@type":"PropertyValueSpecification","valueRequired":true,"valueName":"search_term_string"}}],"inLanguage":"lv-LV"},{"@type":"Organization","@id":"https:\/\/www.facecorner.lv\/#organization","name":"Facecorner","url":"https:\/\/www.facecorner.lv\/","logo":{"@type":"ImageObject","inLanguage":"lv-LV","@id":"https:\/\/www.facecorner.lv\/#\/schema\/logo\/image\/","url":"https:\/\/www.facecorner.lv\/wp-content\/uploads\/2024\/04\/fc-logo.jpg","contentUrl":"https:\/\/www.facecorner.lv\/wp-content\/uploads\/2024\/04\/fc-logo.jpg","width":174,"height":28,"caption":"Facecorner"},"image":{"@id":"https:\/\/www.facecorner.lv\/#\/schema\/logo\/image\/"},"sameAs":["https:\/\/www.facebook.com\/profile.php?id=100063824551839","https:\/\/www.instagram.com\/facecorner_shop\/"]}]},"product_price_amount":"19.10","product_price_currency":"EUR","og_availability":"out of stock","product_availability":"out of stock","product_condition":"new"},"_links":{"self":[{"href":"https:\/\/www.facecorner.lv\/lv\/wp-json\/wp\/v2\/product\/23469","targetHints":{"allow":["GET"]}}],"collection":[{"href":"https:\/\/www.facecorner.lv\/lv\/wp-json\/wp\/v2\/product"}],"about":[{"href":"https:\/\/www.facecorner.lv\/lv\/wp-json\/wp\/v2\/types\/product"}],"replies":[{"embeddable":true,"href":"https:\/\/www.facecorner.lv\/lv\/wp-json\/wp\/v2\/comments?post=23469"}],"wp:featuredmedia":[{"embeddable":true,"href":"https:\/\/www.facecorner.lv\/lv\/wp-json\/wp\/v2\/media\/23470"}],"wp:attachment":[{"href":"https:\/\/www.facecorner.lv\/lv\/wp-json\/wp\/v2\/media?parent=23469"}],"wp:term":[{"taxonomy":"product_brand","embeddable":true,"href":"https:\/\/www.facecorner.lv\/lv\/wp-json\/wp\/v2\/product_brand?post=23469"},{"taxonomy":"product_cat","embeddable":true,"href":"https:\/\/www.facecorner.lv\/lv\/wp-json\/wp\/v2\/product_cat?post=23469"},{"taxonomy":"product_tag","embeddable":true,"href":"https:\/\/www.facecorner.lv\/lv\/wp-json\/wp\/v2\/product_tag?post=23469"},{"taxonomy":"berocket_brand","embeddable":true,"href":"https:\/\/www.facecorner.lv\/lv\/wp-json\/wp\/v2\/berocket_brand?post=23469"}],"curies":[{"name":"wp","href":"https:\/\/api.w.org\/{rel}","templated":true}]}}