{"id":23442,"date":"2025-02-19T14:50:28","date_gmt":"2025-02-19T11:50:28","guid":{"rendered":"https:\/\/www.facecorner.lv\/?post_type=product&#038;p=23442"},"modified":"2026-04-29T13:13:24","modified_gmt":"2026-04-29T10:13:24","slug":"medicube-pdrn-booster-gel-300ml","status":"publish","type":"product","link":"https:\/\/www.facecorner.lv\/lv\/shop\/medicube-pdrn-booster-gel-300ml\/","title":{"rendered":"MEDICUBE PDRN Booster Gel 300ml"},"content":{"rendered":"<p>MEDICUBE PDRN Booster Gel pied\u0101v\u0101 sp\u0113c\u012bgu nomierino\u0161u un nostiprino\u0161u \u012bpa\u0161\u012bbu kombin\u0101ciju. T\u0101 lielais PDRN la\u0161a PDRN \u017eelejas tilpums ir tr\u012bs reizes liel\u0101ks nek\u0101 parasti, lai sasniegtu maksim\u0101lu rezult\u0101tu. Tas \u0101tri nomierina sakairin\u0101tu \u0101du, vienlaikus nov\u0113r\u0161ot \u0101das noveco\u0161anos piec\u0101s galvenaj\u0101s sejas zon\u0101s.<\/p>\n<p>Aktivatora \u017eeleja ir \u012bpa\u0161i izstr\u0101d\u0101ta \u0101dai, kurai tr\u016bkst tvirtuma un mirdzuma. \u017deleja ne tikai intens\u012bvi mitrina \u0101du, bet ar\u012b stiprina t\u0101s barjerfunkciju un izveido aizsargsl\u0101ni uz epidermas virsmas, nov\u0113r\u0161ot mitruma zudumu un pal\u012bdzot saglab\u0101t optim\u0101lu \u0101das mitruma l\u012bmeni l\u012bdz pat 48 stund\u0101m.<\/p>\n<p><strong>Galven\u0101 sast\u0101vda\u013ca &#8211; PDRN<\/strong> (polidesoksiribonukleot\u012bdi), kas ieg\u016bta no kolag\u0113na ekstrakta, sp\u0113j ne tikai nov\u0113rst priek\u0161laic\u012bgu \u0101das noveco\u0161anos, pa\u0101trinot \u0101das re\u0123ener\u0101cijas un atjauno\u0161an\u0101s procesu, bet ar\u012b atdz\u012bvin\u0101t un atjaunot tonusu noguru\u0161ai, bl\u0101vai \u0101dai, mitrinot, barojot un palielinot elast\u012bbu.<\/p>\n<p><strong>Z\u012bmols iesaka izmantot \u017eeleju apar\u0101tproced\u016br\u0101m (mikrostr\u0101vas, mas\u0101\u017eas rull\u012b\u0161i). Tas rada \u012bpa\u0161u vidi lab\u0101kai mikrostr\u0101vu, radiovi\u013c\u0146u un elektrisko impulsu iek\u013c\u016b\u0161anai, pa\u0101trina akt\u012bvo komponentu iek\u013c\u016b\u0161anu dzi\u013cos epidermas sl\u0101\u0146os, kas \u013cauj palielin\u0101t kosmetolo\u0123isko proced\u016bru efektu.<\/strong><\/p>\n<p>\u017deleju var izmantot virs akt\u012bvajiem serumiem un koncentr\u0101tiem apar\u0101tveida kosmetolo\u0123ijai &#8211; tas iev\u0113rojami uzlabos jebkuras kopjo\u0161\u0101s kosm\u0113tikas iedarb\u012bbas kvalit\u0101ti. Produkts nodro\u0161in\u0101s ar\u012b maksim\u0101lu komfortu proced\u016bras laik\u0101, tas atvieglo apar\u0101ta sl\u012bd\u0113\u0161anu, aizsarg\u0101 \u0101du no izstiep\u0161an\u0101s, berzes un boj\u0101jumiem.<\/p>\n<p><strong>S\u0101stavs:<\/strong> Water, Methylpropanediol, Glycereth-26, Glycerin, Niacinamide, 1,2-Hexanediol, Polyglycerin-3, Methyl Gluceth-20, Methyl Gluceth-10, Caprylic\/Capric Triglyceride, Acrylates\/C10-30 Alkyl Acrylate Crosspolymer, Tromethamine, Allantoin, C12-14 Alkyl Benzoate, Soluble Elastin, Ethylhexylglycerin, Fragrance, Adenosine, Sodium Hyaluronate, Eclipta Prostrata Leaf Extract, Butylene Glycol, Melia Azadirachta Leaf Extract, Soluble Collagen, Moringa Oleifera Seed Oil, Phosphatidylcholine, Hyaluronic Acid, Sodium Hyaluronate Crosspolymer, Hydrolyzed Sodium Hyaluronate, Hydrolyzed Hyaluronic Acid, Sodium DNA, Atelocollagen, Desamido Collagen, Ceramide NP, Prunella Vulgaris Extract, Fucus Vesiculosus Extract, Hydrolyzed Collagen, Sodium Acetylated Hyaluronate, Hydroxypropyltrimonium Hyaluronate, Collagen, Collagen Amino Acids, Glycine, Serine, Procollagen, Glutamic Acid, Lysine, Alanine, Threonine, Proline, Arginine.<\/p>\n","protected":false},"excerpt":{"rendered":"<p>MEDICUBE PDRN Booster Gel pied\u0101v\u0101 sp\u0113c\u012bgu nomierino\u0161u un nostiprino\u0161u \u012bpa\u0161\u012bbu kombin\u0101ciju. T\u0101 lielais PDRN la\u0161a PDRN \u017eelejas tilpums ir tr\u012bs reizes liel\u0101ks nek\u0101 parasti, lai sasniegtu maksim\u0101lu rezult\u0101tu. Tas \u0101tri nomierina sakairin\u0101tu \u0101du, vienlaikus nov\u0113r\u0161ot \u0101das noveco\u0161anos piec\u0101s galvenaj\u0101s sejas zon\u0101s.<\/p>\n","protected":false},"featured_media":23443,"comment_status":"open","ping_status":"closed","template":"","meta":{"site-sidebar-layout":"default","site-content-layout":"","ast-site-content-layout":"default","site-content-style":"default","site-sidebar-style":"default","ast-global-header-display":"","ast-banner-title-visibility":"","ast-main-header-display":"","ast-hfb-above-header-display":"","ast-hfb-below-header-display":"","ast-hfb-mobile-header-display":"","site-post-title":"","ast-breadcrumbs-content":"","ast-featured-img":"","footer-sml-layout":"","theme-transparent-header-meta":"default","adv-header-id-meta":"","stick-header-meta":"","header-above-stick-meta":"","header-main-stick-meta":"","header-below-stick-meta":"","astra-migrate-meta-layouts":"set","ast-page-background-enabled":"default","ast-page-background-meta":{"desktop":{"background-color":"var(--ast-global-color-4)","background-image":"","background-repeat":"repeat","background-position":"center center","background-size":"auto","background-attachment":"scroll","background-type":"","background-media":"","overlay-type":"","overlay-color":"","overlay-opacity":"","overlay-gradient":""},"tablet":{"background-color":"","background-image":"","background-repeat":"repeat","background-position":"center center","background-size":"auto","background-attachment":"scroll","background-type":"","background-media":"","overlay-type":"","overlay-color":"","overlay-opacity":"","overlay-gradient":""},"mobile":{"background-color":"","background-image":"","background-repeat":"repeat","background-position":"center center","background-size":"auto","background-attachment":"scroll","background-type":"","background-media":"","overlay-type":"","overlay-color":"","overlay-opacity":"","overlay-gradient":""}},"ast-content-background-meta":{"desktop":{"background-color":"var(--ast-global-color-5)","background-image":"","background-repeat":"repeat","background-position":"center center","background-size":"auto","background-attachment":"scroll","background-type":"","background-media":"","overlay-type":"","overlay-color":"","overlay-opacity":"","overlay-gradient":""},"tablet":{"background-color":"var(--ast-global-color-5)","background-image":"","background-repeat":"repeat","background-position":"center center","background-size":"auto","background-attachment":"scroll","background-type":"","background-media":"","overlay-type":"","overlay-color":"","overlay-opacity":"","overlay-gradient":""},"mobile":{"background-color":"var(--ast-global-color-5)","background-image":"","background-repeat":"repeat","background-position":"center center","background-size":"auto","background-attachment":"scroll","background-type":"","background-media":"","overlay-type":"","overlay-color":"","overlay-opacity":"","overlay-gradient":""}}},"product_brand":[],"product_cat":[371,365,372,331,315,366,367,307,362,363],"product_tag":[],"berocket_brand":[579],"class_list":{"0":"post-23442","1":"product","2":"type-product","3":"status-publish","4":"has-post-thumbnail","6":"product_cat-anti-age","7":"product_cat-barojoss","8":"product_cat-jutigai-adai-serumi","9":"product_cat-kermenim","10":"product_cat-maskas","11":"product_cat-mitrinoss","12":"product_cat-nomierinoss","13":"product_cat-sejai","14":"product_cat-sejas-krems","15":"product_cat-serumi","16":"berocket_brand-medicube","17":"desktop-align-left","18":"tablet-align-left","19":"mobile-align-left","21":"first","22":"instock","23":"taxable","24":"shipping-taxable","25":"purchasable","26":"product-type-simple","27":"add-to-wishlist-before_image"},"yoast_head":"<!-- This site is optimized with the Yoast SEO plugin v27.4 - https:\/\/yoast.com\/product\/yoast-seo-wordpress\/ -->\n<title>MEDICUBE PDRN Booster Gel 300ml - FACECORNER<\/title>\n<meta name=\"description\" content=\"MEDICUBE PDRN Booster Gel pied\u0101v\u0101 sp\u0113c\u012bgu nomierino\u0161u un nostiprino\u0161u \u012bpa\u0161\u012bbu kombin\u0101ciju. T\u0101 lielais PDRN la\u0161a PDRN \u017eelejas tilpums\" \/>\n<meta name=\"robots\" content=\"index, follow, max-snippet:-1, max-image-preview:large, max-video-preview:-1\" \/>\n<link rel=\"canonical\" href=\"https:\/\/www.facecorner.lv\/lv\/shop\/medicube-pdrn-booster-gel-300ml\/\" \/>\n<meta property=\"og:locale\" content=\"lv_LV\" \/>\n<meta property=\"og:type\" content=\"article\" \/>\n<meta property=\"og:title\" content=\"MEDICUBE PDRN Booster Gel 300ml - FACECORNER\" \/>\n<meta property=\"og:description\" content=\"MEDICUBE PDRN Booster Gel pied\u0101v\u0101 sp\u0113c\u012bgu nomierino\u0161u un nostiprino\u0161u \u012bpa\u0161\u012bbu kombin\u0101ciju. T\u0101 lielais PDRN la\u0161a PDRN \u017eelejas tilpums\" \/>\n<meta property=\"og:url\" content=\"https:\/\/www.facecorner.lv\/lv\/shop\/medicube-pdrn-booster-gel-300ml\/\" \/>\n<meta property=\"og:site_name\" content=\"FACECORNER\" \/>\n<meta property=\"article:publisher\" content=\"https:\/\/www.facebook.com\/profile.php?id=100063824551839\" \/>\n<meta property=\"article:modified_time\" content=\"2026-04-29T10:13:24+00:00\" \/>\n<meta property=\"og:image\" content=\"https:\/\/www.facecorner.lv\/wp-content\/uploads\/2025\/02\/s-l1200.jpg\" \/>\n\t<meta property=\"og:image:width\" content=\"1200\" \/>\n\t<meta property=\"og:image:height\" content=\"1200\" \/>\n\t<meta property=\"og:image:type\" content=\"image\/jpeg\" \/>\n<meta name=\"twitter:card\" content=\"summary_large_image\" \/>\n<meta name=\"twitter:label1\" content=\"Price\" \/>\n\t<meta name=\"twitter:data1\" content=\"&euro;41.00\" \/>\n\t<meta name=\"twitter:label2\" content=\"Availability\" \/>\n\t<meta name=\"twitter:data2\" content=\"In stock\" \/>\n<script type=\"application\/ld+json\" class=\"yoast-schema-graph\">{\"@context\":\"https:\\\/\\\/schema.org\",\"@graph\":[{\"@type\":\"WebPage\",\"@id\":\"https:\\\/\\\/www.facecorner.lv\\\/shop\\\/medicube-pdrn-booster-gel-300ml\\\/\",\"url\":\"https:\\\/\\\/www.facecorner.lv\\\/shop\\\/medicube-pdrn-booster-gel-300ml\\\/\",\"name\":\"MEDICUBE PDRN Booster Gel 300ml - FACECORNER\",\"isPartOf\":{\"@id\":\"https:\\\/\\\/www.facecorner.lv\\\/#website\"},\"primaryImageOfPage\":{\"@id\":\"https:\\\/\\\/www.facecorner.lv\\\/shop\\\/medicube-pdrn-booster-gel-300ml\\\/#primaryimage\"},\"image\":{\"@id\":\"https:\\\/\\\/www.facecorner.lv\\\/shop\\\/medicube-pdrn-booster-gel-300ml\\\/#primaryimage\"},\"thumbnailUrl\":\"https:\\\/\\\/www.facecorner.lv\\\/wp-content\\\/uploads\\\/2025\\\/02\\\/s-l1200.jpg\",\"datePublished\":\"2025-02-19T11:50:28+00:00\",\"dateModified\":\"2026-04-29T10:13:24+00:00\",\"description\":\"MEDICUBE PDRN Booster Gel pied\u0101v\u0101 sp\u0113c\u012bgu nomierino\u0161u un nostiprino\u0161u \u012bpa\u0161\u012bbu kombin\u0101ciju. T\u0101 lielais PDRN la\u0161a PDRN \u017eelejas tilpums\",\"breadcrumb\":{\"@id\":\"https:\\\/\\\/www.facecorner.lv\\\/shop\\\/medicube-pdrn-booster-gel-300ml\\\/#breadcrumb\"},\"inLanguage\":\"lv-LV\",\"potentialAction\":[{\"@type\":\"ReadAction\",\"target\":[\"https:\\\/\\\/www.facecorner.lv\\\/shop\\\/medicube-pdrn-booster-gel-300ml\\\/\"]}]},{\"@type\":\"ImageObject\",\"inLanguage\":\"lv-LV\",\"@id\":\"https:\\\/\\\/www.facecorner.lv\\\/shop\\\/medicube-pdrn-booster-gel-300ml\\\/#primaryimage\",\"url\":\"https:\\\/\\\/www.facecorner.lv\\\/wp-content\\\/uploads\\\/2025\\\/02\\\/s-l1200.jpg\",\"contentUrl\":\"https:\\\/\\\/www.facecorner.lv\\\/wp-content\\\/uploads\\\/2025\\\/02\\\/s-l1200.jpg\",\"width\":1200,\"height\":1200,\"caption\":\"Medicube PDRN Booster Gel\"},{\"@type\":\"BreadcrumbList\",\"@id\":\"https:\\\/\\\/www.facecorner.lv\\\/shop\\\/medicube-pdrn-booster-gel-300ml\\\/#breadcrumb\",\"itemListElement\":[{\"@type\":\"ListItem\",\"position\":1,\"name\":\"Home\",\"item\":\"https:\\\/\\\/www.facecorner.lv\\\/\"},{\"@type\":\"ListItem\",\"position\":2,\"name\":\"Veikals\",\"item\":\"https:\\\/\\\/www.facecorner.lv\\\/shop\\\/\"},{\"@type\":\"ListItem\",\"position\":3,\"name\":\"MEDICUBE PDRN Booster Gel 300ml\"}]},{\"@type\":\"WebSite\",\"@id\":\"https:\\\/\\\/www.facecorner.lv\\\/#website\",\"url\":\"https:\\\/\\\/www.facecorner.lv\\\/\",\"name\":\"Facecorner\",\"description\":\"\",\"publisher\":{\"@id\":\"https:\\\/\\\/www.facecorner.lv\\\/#organization\"},\"potentialAction\":[{\"@type\":\"SearchAction\",\"target\":{\"@type\":\"EntryPoint\",\"urlTemplate\":\"https:\\\/\\\/www.facecorner.lv\\\/?s={search_term_string}\"},\"query-input\":{\"@type\":\"PropertyValueSpecification\",\"valueRequired\":true,\"valueName\":\"search_term_string\"}}],\"inLanguage\":\"lv-LV\"},{\"@type\":\"Organization\",\"@id\":\"https:\\\/\\\/www.facecorner.lv\\\/#organization\",\"name\":\"Facecorner\",\"url\":\"https:\\\/\\\/www.facecorner.lv\\\/\",\"logo\":{\"@type\":\"ImageObject\",\"inLanguage\":\"lv-LV\",\"@id\":\"https:\\\/\\\/www.facecorner.lv\\\/#\\\/schema\\\/logo\\\/image\\\/\",\"url\":\"https:\\\/\\\/www.facecorner.lv\\\/wp-content\\\/uploads\\\/2024\\\/04\\\/fc-logo.jpg\",\"contentUrl\":\"https:\\\/\\\/www.facecorner.lv\\\/wp-content\\\/uploads\\\/2024\\\/04\\\/fc-logo.jpg\",\"width\":174,\"height\":28,\"caption\":\"Facecorner\"},\"image\":{\"@id\":\"https:\\\/\\\/www.facecorner.lv\\\/#\\\/schema\\\/logo\\\/image\\\/\"},\"sameAs\":[\"https:\\\/\\\/www.facebook.com\\\/profile.php?id=100063824551839\",\"https:\\\/\\\/www.instagram.com\\\/facecorner_shop\\\/\"]}]}<\/script>\n<meta property=\"product:price:amount\" content=\"41.00\" \/>\n<meta property=\"product:price:currency\" content=\"EUR\" \/>\n<meta property=\"og:availability\" content=\"instock\" \/>\n<meta property=\"product:availability\" content=\"instock\" \/>\n<meta property=\"product:condition\" content=\"new\" \/>\n<!-- \/ Yoast SEO plugin. -->","yoast_head_json":{"title":"MEDICUBE PDRN Booster Gel 300ml - FACECORNER","description":"MEDICUBE PDRN Booster Gel pied\u0101v\u0101 sp\u0113c\u012bgu nomierino\u0161u un nostiprino\u0161u \u012bpa\u0161\u012bbu kombin\u0101ciju. T\u0101 lielais PDRN la\u0161a PDRN \u017eelejas tilpums","robots":{"index":"index","follow":"follow","max-snippet":"max-snippet:-1","max-image-preview":"max-image-preview:large","max-video-preview":"max-video-preview:-1"},"canonical":"https:\/\/www.facecorner.lv\/lv\/shop\/medicube-pdrn-booster-gel-300ml\/","og_locale":"lv_LV","og_type":"article","og_title":"MEDICUBE PDRN Booster Gel 300ml - FACECORNER","og_description":"MEDICUBE PDRN Booster Gel pied\u0101v\u0101 sp\u0113c\u012bgu nomierino\u0161u un nostiprino\u0161u \u012bpa\u0161\u012bbu kombin\u0101ciju. T\u0101 lielais PDRN la\u0161a PDRN \u017eelejas tilpums","og_url":"https:\/\/www.facecorner.lv\/lv\/shop\/medicube-pdrn-booster-gel-300ml\/","og_site_name":"FACECORNER","article_publisher":"https:\/\/www.facebook.com\/profile.php?id=100063824551839","article_modified_time":"2026-04-29T10:13:24+00:00","og_image":[{"width":1200,"height":1200,"url":"https:\/\/www.facecorner.lv\/wp-content\/uploads\/2025\/02\/s-l1200.jpg","type":"image\/jpeg"}],"twitter_card":"summary_large_image","twitter_misc":{"Price":"&euro;41.00","Availability":"In stock"},"schema":{"@context":"https:\/\/schema.org","@graph":[{"@type":"WebPage","@id":"https:\/\/www.facecorner.lv\/shop\/medicube-pdrn-booster-gel-300ml\/","url":"https:\/\/www.facecorner.lv\/shop\/medicube-pdrn-booster-gel-300ml\/","name":"MEDICUBE PDRN Booster Gel 300ml - FACECORNER","isPartOf":{"@id":"https:\/\/www.facecorner.lv\/#website"},"primaryImageOfPage":{"@id":"https:\/\/www.facecorner.lv\/shop\/medicube-pdrn-booster-gel-300ml\/#primaryimage"},"image":{"@id":"https:\/\/www.facecorner.lv\/shop\/medicube-pdrn-booster-gel-300ml\/#primaryimage"},"thumbnailUrl":"https:\/\/www.facecorner.lv\/wp-content\/uploads\/2025\/02\/s-l1200.jpg","datePublished":"2025-02-19T11:50:28+00:00","dateModified":"2026-04-29T10:13:24+00:00","description":"MEDICUBE PDRN Booster Gel pied\u0101v\u0101 sp\u0113c\u012bgu nomierino\u0161u un nostiprino\u0161u \u012bpa\u0161\u012bbu kombin\u0101ciju. T\u0101 lielais PDRN la\u0161a PDRN \u017eelejas tilpums","breadcrumb":{"@id":"https:\/\/www.facecorner.lv\/shop\/medicube-pdrn-booster-gel-300ml\/#breadcrumb"},"inLanguage":"lv-LV","potentialAction":[{"@type":"ReadAction","target":["https:\/\/www.facecorner.lv\/shop\/medicube-pdrn-booster-gel-300ml\/"]}]},{"@type":"ImageObject","inLanguage":"lv-LV","@id":"https:\/\/www.facecorner.lv\/shop\/medicube-pdrn-booster-gel-300ml\/#primaryimage","url":"https:\/\/www.facecorner.lv\/wp-content\/uploads\/2025\/02\/s-l1200.jpg","contentUrl":"https:\/\/www.facecorner.lv\/wp-content\/uploads\/2025\/02\/s-l1200.jpg","width":1200,"height":1200,"caption":"Medicube PDRN Booster Gel"},{"@type":"BreadcrumbList","@id":"https:\/\/www.facecorner.lv\/shop\/medicube-pdrn-booster-gel-300ml\/#breadcrumb","itemListElement":[{"@type":"ListItem","position":1,"name":"Home","item":"https:\/\/www.facecorner.lv\/"},{"@type":"ListItem","position":2,"name":"Veikals","item":"https:\/\/www.facecorner.lv\/shop\/"},{"@type":"ListItem","position":3,"name":"MEDICUBE PDRN Booster Gel 300ml"}]},{"@type":"WebSite","@id":"https:\/\/www.facecorner.lv\/#website","url":"https:\/\/www.facecorner.lv\/","name":"Facecorner","description":"","publisher":{"@id":"https:\/\/www.facecorner.lv\/#organization"},"potentialAction":[{"@type":"SearchAction","target":{"@type":"EntryPoint","urlTemplate":"https:\/\/www.facecorner.lv\/?s={search_term_string}"},"query-input":{"@type":"PropertyValueSpecification","valueRequired":true,"valueName":"search_term_string"}}],"inLanguage":"lv-LV"},{"@type":"Organization","@id":"https:\/\/www.facecorner.lv\/#organization","name":"Facecorner","url":"https:\/\/www.facecorner.lv\/","logo":{"@type":"ImageObject","inLanguage":"lv-LV","@id":"https:\/\/www.facecorner.lv\/#\/schema\/logo\/image\/","url":"https:\/\/www.facecorner.lv\/wp-content\/uploads\/2024\/04\/fc-logo.jpg","contentUrl":"https:\/\/www.facecorner.lv\/wp-content\/uploads\/2024\/04\/fc-logo.jpg","width":174,"height":28,"caption":"Facecorner"},"image":{"@id":"https:\/\/www.facecorner.lv\/#\/schema\/logo\/image\/"},"sameAs":["https:\/\/www.facebook.com\/profile.php?id=100063824551839","https:\/\/www.instagram.com\/facecorner_shop\/"]}]},"product_price_amount":"41.00","product_price_currency":"EUR","og_availability":"instock","product_availability":"instock","product_condition":"new"},"_links":{"self":[{"href":"https:\/\/www.facecorner.lv\/lv\/wp-json\/wp\/v2\/product\/23442","targetHints":{"allow":["GET"]}}],"collection":[{"href":"https:\/\/www.facecorner.lv\/lv\/wp-json\/wp\/v2\/product"}],"about":[{"href":"https:\/\/www.facecorner.lv\/lv\/wp-json\/wp\/v2\/types\/product"}],"replies":[{"embeddable":true,"href":"https:\/\/www.facecorner.lv\/lv\/wp-json\/wp\/v2\/comments?post=23442"}],"wp:featuredmedia":[{"embeddable":true,"href":"https:\/\/www.facecorner.lv\/lv\/wp-json\/wp\/v2\/media\/23443"}],"wp:attachment":[{"href":"https:\/\/www.facecorner.lv\/lv\/wp-json\/wp\/v2\/media?parent=23442"}],"wp:term":[{"taxonomy":"product_brand","embeddable":true,"href":"https:\/\/www.facecorner.lv\/lv\/wp-json\/wp\/v2\/product_brand?post=23442"},{"taxonomy":"product_cat","embeddable":true,"href":"https:\/\/www.facecorner.lv\/lv\/wp-json\/wp\/v2\/product_cat?post=23442"},{"taxonomy":"product_tag","embeddable":true,"href":"https:\/\/www.facecorner.lv\/lv\/wp-json\/wp\/v2\/product_tag?post=23442"},{"taxonomy":"berocket_brand","embeddable":true,"href":"https:\/\/www.facecorner.lv\/lv\/wp-json\/wp\/v2\/berocket_brand?post=23442"}],"curies":[{"name":"wp","href":"https:\/\/api.w.org\/{rel}","templated":true}]}}