{"id":23439,"date":"2025-02-19T14:45:07","date_gmt":"2025-02-19T11:45:07","guid":{"rendered":"https:\/\/www.facecorner.lv\/?post_type=product&#038;p=23439"},"modified":"2025-11-12T15:27:46","modified_gmt":"2025-11-12T12:27:46","slug":"hidrofila-ella-melnajiem-plankumiem-celimax-derma-nature-fresh-blackhead-jojoba-cleansing-oil-150ml","status":"publish","type":"product","link":"https:\/\/www.facecorner.lv\/lv\/shop\/hidrofila-ella-melnajiem-plankumiem-celimax-derma-nature-fresh-blackhead-jojoba-cleansing-oil-150ml\/","title":{"rendered":"Hidrof\u012bl\u0101 e\u013c\u013ca melnajiem plankumiem Celimax Derma Nature Fresh Blackhead Jojoba Cleansing Oil 150ml"},"content":{"rendered":"<p>Celimax Derma Nature Fresh Blackhead Jojoba Cleansing Oil maigi att\u012bra poras, nov\u0113r\u0161 taukainu sp\u012bdumu, c\u012bn\u0101s ar melnajiem plankumiem un no\u0146em pat notur\u012bgu kosm\u0113tiku.<\/p>\n<p>Ilgsto\u0161i lietojot, l\u012bdzeklis samazina melnos plankumus, nov\u0113r\u0161 poru aizsprosto\u0161anos un iekaisumus, ir lieliski piem\u0113rots taukainai \u0101dai, neizraisa acu zonas kairin\u0101jumu.<\/p>\n<p>E\u013c\u013ca ar maigu \u016bdens konsistenci ir viegli izklied\u0113jama un noskalojama, p\u0113c att\u012br\u012b\u0161anas atst\u0101j svaiguma saj\u016btu, bez taukainas pl\u0113ves.<\/p>\n<p><strong>Galven\u0101s akt\u012bv\u0101s sast\u0101vda\u013cas:<\/strong><\/p>\n<ul>\n<li>Jojobas e\u013c\u013cai (1500 ppm) ir cilv\u0113ka sebum l\u012bdz\u012bga strukt\u016bra, t\u0101p\u0113c t\u0101 normaliz\u0113 hidrolip\u012bdu l\u012bdzsvaru un samazina sebuma veido\u0161anos.<\/li>\n<li>Saulespu\u0137u e\u013c\u013ca baro, mitrina, atjauno dabisko aizsargbarjeru un ir nekomedog\u0113na.<\/li>\n<li>Saldo mande\u013cu e\u013c\u013ca nodro\u0161ina antioksidantu \u0161\u016bnu aizsardz\u012bbu, izl\u012bdzina, m\u012bkstina un mitrina.<\/li>\n<li>Ol\u012bve\u013c\u013ca nov\u0113r\u0161 sausumu un lob\u012b\u0161anos, intens\u012bvi mitrina un baro, tai ir antioksidanta iedarb\u012bba.<\/li>\n<li>Za\u013c\u0101s t\u0113jas ekstrakts toniz\u0113, atsvaidzina, c\u012bn\u0101s pret iekaisumiem, pal\u012bdz tikt gal\u0101 ar UV starojuma negat\u012bvo ietekmi, nomierina, tam piem\u012bt antimikrobi\u0101las \u012bpa\u0161\u012bbas.<\/li>\n<\/ul>\n<p><strong>Lieto\u0161ana:<\/strong> uzkl\u0101jiet l\u012bdzekli uz sausas \u0101das, maig\u0101m ap\u013cveida kust\u012bb\u0101m uzkl\u0101jiet uz sejas, nomazg\u0101jiet, pievienojiet nedaudz \u016bdens, iemas\u0113jiet un noskalojiet ar siltu \u016bdeni.<\/p>\n<p><strong>S\u0101stavs:<\/strong>Ethylhexyl Palmitate, Sorbeth-30 Tetraoleate, Citrus Aurantium Bergamia (Bergamot) Fruit Oil, Water, Limnanthes Alba (Meadowfoam) Seed Oil, Simmondsia Chinensis (Jojoba) Seed Oil (1500ppm), Helianthus Annuus (Sunflower) Seed Oil, Prunus Amygdalus Dulcis (Sweet Almond) Oil, Olea Europaea (Olive) Fruit Oil, Vitis Vinifera (Grape) Seed Oil, Prunus Armeniaca (Apricot) Kernel Oil, Camellia Sinensis Leaf Extract, Alcohol, Zanthoxylum Piperitum Fruit Extract, Pulsatilla Koreana Extract, Usnea Barbata (Lichen) Extract,1,2-Hexanediol<\/p>\n","protected":false},"excerpt":{"rendered":"<p>Celimax Derma Nature Fresh Blackhead Jojoba Cleansing Oil att\u012bro\u0161\u0101 e\u013c\u013ca ir z\u012bmola bestsellers. \u0160is atsvaidzino\u0161ais t\u012br\u012b\u0161anas l\u012bdzeklis no\u0146em pat notur\u012bgu kosm\u0113tiku, c\u012bn\u0101s ar melnajiem plankumiem un nov\u0113r\u0161 poru aizs\u0113r\u0113\u0161anu, viegli noskalo, neatst\u0101jot taukainu k\u0101rti\u0146u. Tas satur 6 augu e\u013c\u013cas un za\u013c\u0101s t\u0113jas ekstraktu.<\/p>\n","protected":false},"featured_media":23441,"comment_status":"open","ping_status":"closed","template":"","meta":{"site-sidebar-layout":"default","site-content-layout":"","ast-site-content-layout":"default","site-content-style":"default","site-sidebar-style":"default","ast-global-header-display":"","ast-banner-title-visibility":"","ast-main-header-display":"","ast-hfb-above-header-display":"","ast-hfb-below-header-display":"","ast-hfb-mobile-header-display":"","site-post-title":"","ast-breadcrumbs-content":"","ast-featured-img":"","footer-sml-layout":"","theme-transparent-header-meta":"default","adv-header-id-meta":"","stick-header-meta":"","header-above-stick-meta":"","header-main-stick-meta":"","header-below-stick-meta":"","astra-migrate-meta-layouts":"set","ast-page-background-enabled":"default","ast-page-background-meta":{"desktop":{"background-color":"var(--ast-global-color-4)","background-image":"","background-repeat":"repeat","background-position":"center center","background-size":"auto","background-attachment":"scroll","background-type":"","background-media":"","overlay-type":"","overlay-color":"","overlay-opacity":"","overlay-gradient":""},"tablet":{"background-color":"","background-image":"","background-repeat":"repeat","background-position":"center center","background-size":"auto","background-attachment":"scroll","background-type":"","background-media":"","overlay-type":"","overlay-color":"","overlay-opacity":"","overlay-gradient":""},"mobile":{"background-color":"","background-image":"","background-repeat":"repeat","background-position":"center center","background-size":"auto","background-attachment":"scroll","background-type":"","background-media":"","overlay-type":"","overlay-color":"","overlay-opacity":"","overlay-gradient":""}},"ast-content-background-meta":{"desktop":{"background-color":"var(--ast-global-color-5)","background-image":"","background-repeat":"repeat","background-position":"center center","background-size":"auto","background-attachment":"scroll","background-type":"","background-media":"","overlay-type":"","overlay-color":"","overlay-opacity":"","overlay-gradient":""},"tablet":{"background-color":"var(--ast-global-color-5)","background-image":"","background-repeat":"repeat","background-position":"center center","background-size":"auto","background-attachment":"scroll","background-type":"","background-media":"","overlay-type":"","overlay-color":"","overlay-opacity":"","overlay-gradient":""},"mobile":{"background-color":"var(--ast-global-color-5)","background-image":"","background-repeat":"repeat","background-position":"center center","background-size":"auto","background-attachment":"scroll","background-type":"","background-media":"","overlay-type":"","overlay-color":"","overlay-opacity":"","overlay-gradient":""}}},"product_brand":[],"product_cat":[321],"product_tag":[],"berocket_brand":[604],"class_list":{"0":"post-23439","1":"product","2":"type-product","3":"status-publish","4":"has-post-thumbnail","6":"product_cat-hidrofila-ella","7":"berocket_brand-celimax","8":"desktop-align-left","9":"tablet-align-left","10":"mobile-align-left","12":"first","13":"outofstock","14":"taxable","15":"shipping-taxable","16":"purchasable","17":"product-type-simple","18":"add-to-wishlist-before_image"},"yoast_head":"<!-- This site is optimized with the Yoast SEO plugin v27.4 - https:\/\/yoast.com\/product\/yoast-seo-wordpress\/ -->\n<title>Hidrof\u012bl\u0101 e\u013c\u013ca melnajiem plankumiem Celimax Derma Nature Fresh Blackhead Jojoba Cleansing Oil 150ml - FACECORNER<\/title>\n<meta name=\"description\" content=\"Celimax Derma Nature Fresh Blackhead Jojoba Cleansing Oil maigi att\u012bra poras, nov\u0113r\u0161 taukainu sp\u012bdumu, c\u012bn\u0101s ar melnajiem plankumiem\" \/>\n<meta name=\"robots\" content=\"index, follow, max-snippet:-1, max-image-preview:large, max-video-preview:-1\" \/>\n<link rel=\"canonical\" href=\"https:\/\/www.facecorner.lv\/lv\/shop\/hidrofila-ella-melnajiem-plankumiem-celimax-derma-nature-fresh-blackhead-jojoba-cleansing-oil-150ml\/\" \/>\n<meta property=\"og:locale\" content=\"lv_LV\" \/>\n<meta property=\"og:type\" content=\"article\" \/>\n<meta property=\"og:title\" content=\"Hidrof\u012bl\u0101 e\u013c\u013ca melnajiem plankumiem Celimax Derma Nature Fresh Blackhead Jojoba Cleansing Oil 150ml - FACECORNER\" \/>\n<meta property=\"og:description\" content=\"Celimax Derma Nature Fresh Blackhead Jojoba Cleansing Oil maigi att\u012bra poras, nov\u0113r\u0161 taukainu sp\u012bdumu, c\u012bn\u0101s ar melnajiem plankumiem\" \/>\n<meta property=\"og:url\" content=\"https:\/\/www.facecorner.lv\/lv\/shop\/hidrofila-ella-melnajiem-plankumiem-celimax-derma-nature-fresh-blackhead-jojoba-cleansing-oil-150ml\/\" \/>\n<meta property=\"og:site_name\" content=\"FACECORNER\" \/>\n<meta property=\"article:publisher\" content=\"https:\/\/www.facebook.com\/profile.php?id=100063824551839\" \/>\n<meta property=\"article:modified_time\" content=\"2025-11-12T12:27:46+00:00\" \/>\n<meta property=\"og:image\" content=\"https:\/\/www.facecorner.lv\/wp-content\/uploads\/2025\/02\/img761136_17763.jpg\" \/>\n\t<meta property=\"og:image:width\" content=\"600\" \/>\n\t<meta property=\"og:image:height\" content=\"600\" \/>\n\t<meta property=\"og:image:type\" content=\"image\/jpeg\" \/>\n<meta name=\"twitter:card\" content=\"summary_large_image\" \/>\n<meta name=\"twitter:label1\" content=\"Price\" \/>\n\t<meta name=\"twitter:data1\" content=\"&euro;19.90\" \/>\n\t<meta name=\"twitter:label2\" content=\"Availability\" \/>\n\t<meta name=\"twitter:data2\" content=\"Out of stock\" \/>\n<script type=\"application\/ld+json\" class=\"yoast-schema-graph\">{\"@context\":\"https:\\\/\\\/schema.org\",\"@graph\":[{\"@type\":\"WebPage\",\"@id\":\"https:\\\/\\\/www.facecorner.lv\\\/shop\\\/hidrofila-ella-melnajiem-plankumiem-celimax-derma-nature-fresh-blackhead-jojoba-cleansing-oil-150ml\\\/\",\"url\":\"https:\\\/\\\/www.facecorner.lv\\\/shop\\\/hidrofila-ella-melnajiem-plankumiem-celimax-derma-nature-fresh-blackhead-jojoba-cleansing-oil-150ml\\\/\",\"name\":\"Hidrof\u012bl\u0101 e\u013c\u013ca melnajiem plankumiem Celimax Derma Nature Fresh Blackhead Jojoba Cleansing Oil 150ml - FACECORNER\",\"isPartOf\":{\"@id\":\"https:\\\/\\\/www.facecorner.lv\\\/#website\"},\"primaryImageOfPage\":{\"@id\":\"https:\\\/\\\/www.facecorner.lv\\\/shop\\\/hidrofila-ella-melnajiem-plankumiem-celimax-derma-nature-fresh-blackhead-jojoba-cleansing-oil-150ml\\\/#primaryimage\"},\"image\":{\"@id\":\"https:\\\/\\\/www.facecorner.lv\\\/shop\\\/hidrofila-ella-melnajiem-plankumiem-celimax-derma-nature-fresh-blackhead-jojoba-cleansing-oil-150ml\\\/#primaryimage\"},\"thumbnailUrl\":\"https:\\\/\\\/www.facecorner.lv\\\/wp-content\\\/uploads\\\/2025\\\/02\\\/img761136_17763.jpg\",\"datePublished\":\"2025-02-19T11:45:07+00:00\",\"dateModified\":\"2025-11-12T12:27:46+00:00\",\"description\":\"Celimax Derma Nature Fresh Blackhead Jojoba Cleansing Oil maigi att\u012bra poras, nov\u0113r\u0161 taukainu sp\u012bdumu, c\u012bn\u0101s ar melnajiem plankumiem\",\"breadcrumb\":{\"@id\":\"https:\\\/\\\/www.facecorner.lv\\\/shop\\\/hidrofila-ella-melnajiem-plankumiem-celimax-derma-nature-fresh-blackhead-jojoba-cleansing-oil-150ml\\\/#breadcrumb\"},\"inLanguage\":\"lv-LV\",\"potentialAction\":[{\"@type\":\"ReadAction\",\"target\":[\"https:\\\/\\\/www.facecorner.lv\\\/shop\\\/hidrofila-ella-melnajiem-plankumiem-celimax-derma-nature-fresh-blackhead-jojoba-cleansing-oil-150ml\\\/\"]}]},{\"@type\":\"ImageObject\",\"inLanguage\":\"lv-LV\",\"@id\":\"https:\\\/\\\/www.facecorner.lv\\\/shop\\\/hidrofila-ella-melnajiem-plankumiem-celimax-derma-nature-fresh-blackhead-jojoba-cleansing-oil-150ml\\\/#primaryimage\",\"url\":\"https:\\\/\\\/www.facecorner.lv\\\/wp-content\\\/uploads\\\/2025\\\/02\\\/img761136_17763.jpg\",\"contentUrl\":\"https:\\\/\\\/www.facecorner.lv\\\/wp-content\\\/uploads\\\/2025\\\/02\\\/img761136_17763.jpg\",\"width\":600,\"height\":600,\"caption\":\"Celimax Derma Nature Fresh Blackhead Jojoba Cleansing Oil\"},{\"@type\":\"BreadcrumbList\",\"@id\":\"https:\\\/\\\/www.facecorner.lv\\\/shop\\\/hidrofila-ella-melnajiem-plankumiem-celimax-derma-nature-fresh-blackhead-jojoba-cleansing-oil-150ml\\\/#breadcrumb\",\"itemListElement\":[{\"@type\":\"ListItem\",\"position\":1,\"name\":\"Home\",\"item\":\"https:\\\/\\\/www.facecorner.lv\\\/\"},{\"@type\":\"ListItem\",\"position\":2,\"name\":\"Veikals\",\"item\":\"https:\\\/\\\/www.facecorner.lv\\\/shop\\\/\"},{\"@type\":\"ListItem\",\"position\":3,\"name\":\"Hidrof\u012bl\u0101 e\u013c\u013ca melnajiem plankumiem Celimax Derma Nature Fresh Blackhead Jojoba Cleansing Oil 150ml\"}]},{\"@type\":\"WebSite\",\"@id\":\"https:\\\/\\\/www.facecorner.lv\\\/#website\",\"url\":\"https:\\\/\\\/www.facecorner.lv\\\/\",\"name\":\"Facecorner\",\"description\":\"\",\"publisher\":{\"@id\":\"https:\\\/\\\/www.facecorner.lv\\\/#organization\"},\"potentialAction\":[{\"@type\":\"SearchAction\",\"target\":{\"@type\":\"EntryPoint\",\"urlTemplate\":\"https:\\\/\\\/www.facecorner.lv\\\/?s={search_term_string}\"},\"query-input\":{\"@type\":\"PropertyValueSpecification\",\"valueRequired\":true,\"valueName\":\"search_term_string\"}}],\"inLanguage\":\"lv-LV\"},{\"@type\":\"Organization\",\"@id\":\"https:\\\/\\\/www.facecorner.lv\\\/#organization\",\"name\":\"Facecorner\",\"url\":\"https:\\\/\\\/www.facecorner.lv\\\/\",\"logo\":{\"@type\":\"ImageObject\",\"inLanguage\":\"lv-LV\",\"@id\":\"https:\\\/\\\/www.facecorner.lv\\\/#\\\/schema\\\/logo\\\/image\\\/\",\"url\":\"https:\\\/\\\/www.facecorner.lv\\\/wp-content\\\/uploads\\\/2024\\\/04\\\/fc-logo.jpg\",\"contentUrl\":\"https:\\\/\\\/www.facecorner.lv\\\/wp-content\\\/uploads\\\/2024\\\/04\\\/fc-logo.jpg\",\"width\":174,\"height\":28,\"caption\":\"Facecorner\"},\"image\":{\"@id\":\"https:\\\/\\\/www.facecorner.lv\\\/#\\\/schema\\\/logo\\\/image\\\/\"},\"sameAs\":[\"https:\\\/\\\/www.facebook.com\\\/profile.php?id=100063824551839\",\"https:\\\/\\\/www.instagram.com\\\/facecorner_shop\\\/\"]}]}<\/script>\n<meta property=\"product:price:amount\" content=\"19.90\" \/>\n<meta property=\"product:price:currency\" content=\"EUR\" \/>\n<meta property=\"og:availability\" content=\"out of stock\" \/>\n<meta property=\"product:availability\" content=\"out of stock\" \/>\n<meta property=\"product:condition\" content=\"new\" \/>\n<!-- \/ Yoast SEO plugin. -->","yoast_head_json":{"title":"Hidrof\u012bl\u0101 e\u013c\u013ca melnajiem plankumiem Celimax Derma Nature Fresh Blackhead Jojoba Cleansing Oil 150ml - FACECORNER","description":"Celimax Derma Nature Fresh Blackhead Jojoba Cleansing Oil maigi att\u012bra poras, nov\u0113r\u0161 taukainu sp\u012bdumu, c\u012bn\u0101s ar melnajiem plankumiem","robots":{"index":"index","follow":"follow","max-snippet":"max-snippet:-1","max-image-preview":"max-image-preview:large","max-video-preview":"max-video-preview:-1"},"canonical":"https:\/\/www.facecorner.lv\/lv\/shop\/hidrofila-ella-melnajiem-plankumiem-celimax-derma-nature-fresh-blackhead-jojoba-cleansing-oil-150ml\/","og_locale":"lv_LV","og_type":"article","og_title":"Hidrof\u012bl\u0101 e\u013c\u013ca melnajiem plankumiem Celimax Derma Nature Fresh Blackhead Jojoba Cleansing Oil 150ml - FACECORNER","og_description":"Celimax Derma Nature Fresh Blackhead Jojoba Cleansing Oil maigi att\u012bra poras, nov\u0113r\u0161 taukainu sp\u012bdumu, c\u012bn\u0101s ar melnajiem plankumiem","og_url":"https:\/\/www.facecorner.lv\/lv\/shop\/hidrofila-ella-melnajiem-plankumiem-celimax-derma-nature-fresh-blackhead-jojoba-cleansing-oil-150ml\/","og_site_name":"FACECORNER","article_publisher":"https:\/\/www.facebook.com\/profile.php?id=100063824551839","article_modified_time":"2025-11-12T12:27:46+00:00","og_image":[{"width":600,"height":600,"url":"https:\/\/www.facecorner.lv\/wp-content\/uploads\/2025\/02\/img761136_17763.jpg","type":"image\/jpeg"}],"twitter_card":"summary_large_image","twitter_misc":{"Price":"&euro;19.90","Availability":"Out of stock"},"schema":{"@context":"https:\/\/schema.org","@graph":[{"@type":"WebPage","@id":"https:\/\/www.facecorner.lv\/shop\/hidrofila-ella-melnajiem-plankumiem-celimax-derma-nature-fresh-blackhead-jojoba-cleansing-oil-150ml\/","url":"https:\/\/www.facecorner.lv\/shop\/hidrofila-ella-melnajiem-plankumiem-celimax-derma-nature-fresh-blackhead-jojoba-cleansing-oil-150ml\/","name":"Hidrof\u012bl\u0101 e\u013c\u013ca melnajiem plankumiem Celimax Derma Nature Fresh Blackhead Jojoba Cleansing Oil 150ml - FACECORNER","isPartOf":{"@id":"https:\/\/www.facecorner.lv\/#website"},"primaryImageOfPage":{"@id":"https:\/\/www.facecorner.lv\/shop\/hidrofila-ella-melnajiem-plankumiem-celimax-derma-nature-fresh-blackhead-jojoba-cleansing-oil-150ml\/#primaryimage"},"image":{"@id":"https:\/\/www.facecorner.lv\/shop\/hidrofila-ella-melnajiem-plankumiem-celimax-derma-nature-fresh-blackhead-jojoba-cleansing-oil-150ml\/#primaryimage"},"thumbnailUrl":"https:\/\/www.facecorner.lv\/wp-content\/uploads\/2025\/02\/img761136_17763.jpg","datePublished":"2025-02-19T11:45:07+00:00","dateModified":"2025-11-12T12:27:46+00:00","description":"Celimax Derma Nature Fresh Blackhead Jojoba Cleansing Oil maigi att\u012bra poras, nov\u0113r\u0161 taukainu sp\u012bdumu, c\u012bn\u0101s ar melnajiem plankumiem","breadcrumb":{"@id":"https:\/\/www.facecorner.lv\/shop\/hidrofila-ella-melnajiem-plankumiem-celimax-derma-nature-fresh-blackhead-jojoba-cleansing-oil-150ml\/#breadcrumb"},"inLanguage":"lv-LV","potentialAction":[{"@type":"ReadAction","target":["https:\/\/www.facecorner.lv\/shop\/hidrofila-ella-melnajiem-plankumiem-celimax-derma-nature-fresh-blackhead-jojoba-cleansing-oil-150ml\/"]}]},{"@type":"ImageObject","inLanguage":"lv-LV","@id":"https:\/\/www.facecorner.lv\/shop\/hidrofila-ella-melnajiem-plankumiem-celimax-derma-nature-fresh-blackhead-jojoba-cleansing-oil-150ml\/#primaryimage","url":"https:\/\/www.facecorner.lv\/wp-content\/uploads\/2025\/02\/img761136_17763.jpg","contentUrl":"https:\/\/www.facecorner.lv\/wp-content\/uploads\/2025\/02\/img761136_17763.jpg","width":600,"height":600,"caption":"Celimax Derma Nature Fresh Blackhead Jojoba Cleansing Oil"},{"@type":"BreadcrumbList","@id":"https:\/\/www.facecorner.lv\/shop\/hidrofila-ella-melnajiem-plankumiem-celimax-derma-nature-fresh-blackhead-jojoba-cleansing-oil-150ml\/#breadcrumb","itemListElement":[{"@type":"ListItem","position":1,"name":"Home","item":"https:\/\/www.facecorner.lv\/"},{"@type":"ListItem","position":2,"name":"Veikals","item":"https:\/\/www.facecorner.lv\/shop\/"},{"@type":"ListItem","position":3,"name":"Hidrof\u012bl\u0101 e\u013c\u013ca melnajiem plankumiem Celimax Derma Nature Fresh Blackhead Jojoba Cleansing Oil 150ml"}]},{"@type":"WebSite","@id":"https:\/\/www.facecorner.lv\/#website","url":"https:\/\/www.facecorner.lv\/","name":"Facecorner","description":"","publisher":{"@id":"https:\/\/www.facecorner.lv\/#organization"},"potentialAction":[{"@type":"SearchAction","target":{"@type":"EntryPoint","urlTemplate":"https:\/\/www.facecorner.lv\/?s={search_term_string}"},"query-input":{"@type":"PropertyValueSpecification","valueRequired":true,"valueName":"search_term_string"}}],"inLanguage":"lv-LV"},{"@type":"Organization","@id":"https:\/\/www.facecorner.lv\/#organization","name":"Facecorner","url":"https:\/\/www.facecorner.lv\/","logo":{"@type":"ImageObject","inLanguage":"lv-LV","@id":"https:\/\/www.facecorner.lv\/#\/schema\/logo\/image\/","url":"https:\/\/www.facecorner.lv\/wp-content\/uploads\/2024\/04\/fc-logo.jpg","contentUrl":"https:\/\/www.facecorner.lv\/wp-content\/uploads\/2024\/04\/fc-logo.jpg","width":174,"height":28,"caption":"Facecorner"},"image":{"@id":"https:\/\/www.facecorner.lv\/#\/schema\/logo\/image\/"},"sameAs":["https:\/\/www.facebook.com\/profile.php?id=100063824551839","https:\/\/www.instagram.com\/facecorner_shop\/"]}]},"product_price_amount":"19.90","product_price_currency":"EUR","og_availability":"out of stock","product_availability":"out of stock","product_condition":"new"},"_links":{"self":[{"href":"https:\/\/www.facecorner.lv\/lv\/wp-json\/wp\/v2\/product\/23439","targetHints":{"allow":["GET"]}}],"collection":[{"href":"https:\/\/www.facecorner.lv\/lv\/wp-json\/wp\/v2\/product"}],"about":[{"href":"https:\/\/www.facecorner.lv\/lv\/wp-json\/wp\/v2\/types\/product"}],"replies":[{"embeddable":true,"href":"https:\/\/www.facecorner.lv\/lv\/wp-json\/wp\/v2\/comments?post=23439"}],"wp:featuredmedia":[{"embeddable":true,"href":"https:\/\/www.facecorner.lv\/lv\/wp-json\/wp\/v2\/media\/23441"}],"wp:attachment":[{"href":"https:\/\/www.facecorner.lv\/lv\/wp-json\/wp\/v2\/media?parent=23439"}],"wp:term":[{"taxonomy":"product_brand","embeddable":true,"href":"https:\/\/www.facecorner.lv\/lv\/wp-json\/wp\/v2\/product_brand?post=23439"},{"taxonomy":"product_cat","embeddable":true,"href":"https:\/\/www.facecorner.lv\/lv\/wp-json\/wp\/v2\/product_cat?post=23439"},{"taxonomy":"product_tag","embeddable":true,"href":"https:\/\/www.facecorner.lv\/lv\/wp-json\/wp\/v2\/product_tag?post=23439"},{"taxonomy":"berocket_brand","embeddable":true,"href":"https:\/\/www.facecorner.lv\/lv\/wp-json\/wp\/v2\/berocket_brand?post=23439"}],"curies":[{"name":"wp","href":"https:\/\/api.w.org\/{rel}","templated":true}]}}