{"id":23435,"date":"2025-02-19T14:36:17","date_gmt":"2025-02-19T11:36:17","guid":{"rendered":"https:\/\/www.facecorner.lv\/?post_type=product&#038;p=23435"},"modified":"2026-04-01T14:53:14","modified_gmt":"2026-04-01T11:53:14","slug":"barjeras-krems-ar-keramidu-kompleksu-celimax-dual-barrier-skin-wearable-cream-50ml","status":"publish","type":"product","link":"https:\/\/www.facecorner.lv\/lv\/shop\/barjeras-krems-ar-keramidu-kompleksu-celimax-dual-barrier-skin-wearable-cream-50ml\/","title":{"rendered":"Barjeras kr\u0113ms ar keram\u012bdu kompleksu Celimax Dual Barrier Skin Wearable Cream 50ml"},"content":{"rendered":"<p>Celimax Dual Barrier Skin Wearable Cream kr\u0113ms mitrina un atdz\u012bvina maigu, jut\u012bgu \u0101du: tas nomierina, m\u012bkstina, mazina sausumu un lob\u012b\u0161anos, uzlabo poru st\u0101vokli un nov\u0113r\u0161 \u0101das sasprindzin\u0101jumu p\u0113c mazg\u0101\u0161anas.<\/p>\n<p>Ja dabisk\u0101 aizsargbarjera ir nov\u0101jin\u0101ta, mitrums \u0101tri iztvaiko, un \u0101da s\u0101k lob\u012bties un sajusties saspr\u0113g\u0101jusi. L\u012bdzeklis atjauno hidrolip\u012bdu aizsargbarjeru, saglab\u0101 mitrumu \u0161\u016bn\u0101s, mazina kairin\u0101jumu un gl\u0101bj no iz\u017e\u016b\u0161anas.<\/p>\n<p>Hipoaler\u0123isks l\u012bdzeklis lieliski uzs\u016bcas un nesatur m\u0101ksl\u012bgas smar\u017evielas.<\/p>\n<p>Formulas sast\u0101v\u0101 ir 5 keram\u012bdu komplekss &#8211; lip\u012bdi, kas ir l\u012bdz\u012bgi epidermas lip\u012bdiem, pateicoties kuriem tie iek\u013caujas dabiskaj\u0101 aizsargbarjer\u0101 un stiprina to, samazinot \u0101das reaktivit\u0101ti pret \u0101r\u0113jiem kairin\u0101jumiem, piem\u0113ram, temperat\u016bras izmai\u0146\u0101m, v\u0113ju un aukstumu.<\/p>\n<p><strong>Papildu akt\u012bv\u0101s sast\u0101vda\u013cas:<\/strong><\/p>\n<ul>\n<li>Pantenols (vitam\u012bns B5) stimul\u0113 dz\u012b\u0161anu un re\u0123ener\u0101ciju, mazina aps\u0101rtumu, nov\u0113r\u0161 mitruma iztvaiko\u0161anu.<\/li>\n<li>Alanto\u012bns aizsarg\u0101 \u0161\u016bnas no br\u012bvajiem radik\u0101\u013ciem, nomierina, pa\u0101trina re\u0123ener\u0101cijas procesu, padara \u0101du maz\u0101k jut\u012bgu.<\/li>\n<li>Fitosfingoz\u012bns ir fosfolip\u012bds ar antibakteri\u0101l\u0101m un pretiekaisuma \u012bpa\u0161\u012bb\u0101m, tas pa\u0101trina dz\u012b\u0161anu un pal\u0113nina noveco\u0161an\u0101s procesus.<\/li>\n<li>Ol\u012bve\u013c\u013ca baro, m\u012bkstina un izl\u012bdzina, nov\u0113r\u0161 sausumu.<\/li>\n<li>N\u0101trija hialuron\u0101ts, hialuronsk\u0101bes zemas molekulmasas forma, mitrina, m\u012bkstina, uzlabo elast\u012bbu un uztur tekst\u016bras gludumu.<\/li>\n<\/ul>\n<p><strong>Lieto\u0161ana:<\/strong> uzkl\u0101jiet kr\u0113mu uz sejas p\u0113c att\u012br\u012b\u0161anas un toniz\u0113\u0161anas.<\/p>\n<p><strong>S\u0101stavs:<\/strong> <span style=\"font-size: 16px;\">Water, Glycerin, Caprylic\/Capric Triglyceride, Butylene Glycol, Propanediol, Stearic Acid, Cetearyl Alcohol, Methyl Trimethicone, Caprylyl Methicone, 1,2-Hexanediol, C12-16 Alcohols, Panthenol, Olea Europaea (Olive) Fruit Oil, Dipropylene Glycol, Allantoin, Pantolactone, Malt Extract, Ceramide EOP, Ceramide NS, Ceramide NP, Ceramide AS, Ceramide AP, Sodium Hyaluronate, Heptasodium Hexacarboxymethyl Dipeptide-12, Phytosphingosine, Arachidic Acid, Oleic Acid, Palmitic Acid, Glyceryl Stearate, Hydrogenated Lecithin, Xanthan Gum, Carbomer, Glucose, Cetearyl Glucoside, Ethylhexylglycerin, Cholesterol, Tocopherol, Tromethamine, Disodium EDTA<\/span><\/p>\n<div class=\"card__accordion-item js-accordion-item\"><\/div>\n<p>&nbsp;<\/p>\n","protected":false},"excerpt":{"rendered":"<p>CelimaxDual Barrier Skin Wearable kr\u0113ms ar keram\u012bdu kompleksu pies\u0101tina \u0101du ar mitrumu, m\u012bkstina un nomierina, nodro\u0161inot ilgsto\u0161u mitrin\u0101\u0161anu. L\u012bdzeklis nov\u0113r\u0161 lob\u012b\u0161anos un sausumu, gl\u0101bj no dehidrat\u0101cijas, normaliz\u0113 pl\u0101nas un jut\u012bgas \u0101das st\u0101vokli, stiprina dabisko aizsargbarjeru. Sast\u0101v\u0101 ir 5 keram\u012bdu komplekss, pantenols, alanto\u012bns, hialuronsk\u0101be, Aquatide pept\u012bds un ol\u012bve\u013c\u013ca.<\/p>\n","protected":false},"featured_media":23436,"comment_status":"open","ping_status":"closed","template":"","meta":{"site-sidebar-layout":"default","site-content-layout":"","ast-site-content-layout":"default","site-content-style":"default","site-sidebar-style":"default","ast-global-header-display":"","ast-banner-title-visibility":"","ast-main-header-display":"","ast-hfb-above-header-display":"","ast-hfb-below-header-display":"","ast-hfb-mobile-header-display":"","site-post-title":"","ast-breadcrumbs-content":"","ast-featured-img":"","footer-sml-layout":"","theme-transparent-header-meta":"default","adv-header-id-meta":"","stick-header-meta":"","header-above-stick-meta":"","header-main-stick-meta":"","header-below-stick-meta":"","astra-migrate-meta-layouts":"set","ast-page-background-enabled":"default","ast-page-background-meta":{"desktop":{"background-color":"var(--ast-global-color-4)","background-image":"","background-repeat":"repeat","background-position":"center center","background-size":"auto","background-attachment":"scroll","background-type":"","background-media":"","overlay-type":"","overlay-color":"","overlay-opacity":"","overlay-gradient":""},"tablet":{"background-color":"","background-image":"","background-repeat":"repeat","background-position":"center center","background-size":"auto","background-attachment":"scroll","background-type":"","background-media":"","overlay-type":"","overlay-color":"","overlay-opacity":"","overlay-gradient":""},"mobile":{"background-color":"","background-image":"","background-repeat":"repeat","background-position":"center center","background-size":"auto","background-attachment":"scroll","background-type":"","background-media":"","overlay-type":"","overlay-color":"","overlay-opacity":"","overlay-gradient":""}},"ast-content-background-meta":{"desktop":{"background-color":"var(--ast-global-color-5)","background-image":"","background-repeat":"repeat","background-position":"center center","background-size":"auto","background-attachment":"scroll","background-type":"","background-media":"","overlay-type":"","overlay-color":"","overlay-opacity":"","overlay-gradient":""},"tablet":{"background-color":"var(--ast-global-color-5)","background-image":"","background-repeat":"repeat","background-position":"center center","background-size":"auto","background-attachment":"scroll","background-type":"","background-media":"","overlay-type":"","overlay-color":"","overlay-opacity":"","overlay-gradient":""},"mobile":{"background-color":"var(--ast-global-color-5)","background-image":"","background-repeat":"repeat","background-position":"center center","background-size":"auto","background-attachment":"scroll","background-type":"","background-media":"","overlay-type":"","overlay-color":"","overlay-opacity":"","overlay-gradient":""}}},"product_brand":[],"product_cat":[365,366,369,362],"product_tag":[],"berocket_brand":[604],"class_list":{"0":"post-23435","1":"product","2":"type-product","3":"status-publish","4":"has-post-thumbnail","6":"product_cat-barojoss","7":"product_cat-mitrinoss","8":"product_cat-problematiskai-adai-sejas-krems","9":"product_cat-sejas-krems","10":"berocket_brand-celimax","11":"desktop-align-left","12":"tablet-align-left","13":"mobile-align-left","15":"first","16":"instock","17":"taxable","18":"shipping-taxable","19":"purchasable","20":"product-type-simple","21":"add-to-wishlist-before_image"},"yoast_head":"<!-- This site is optimized with the Yoast SEO plugin v27.4 - https:\/\/yoast.com\/product\/yoast-seo-wordpress\/ -->\n<title>Barjeras kr\u0113ms ar keram\u012bdu kompleksu Celimax Dual Barrier Skin Wearable Cream 50ml - FACECORNER<\/title>\n<meta name=\"description\" content=\"Celimax Dual Barrier Skin Wearable Cream kr\u0113ms mitrina un atdz\u012bvina maigu, jut\u012bgu \u0101du: tas nomierina, m\u012bkstina, mazina sausumu un lob\u012b\u0161anos\" \/>\n<meta name=\"robots\" content=\"index, follow, max-snippet:-1, max-image-preview:large, max-video-preview:-1\" \/>\n<link rel=\"canonical\" href=\"https:\/\/www.facecorner.lv\/lv\/shop\/barjeras-krems-ar-keramidu-kompleksu-celimax-dual-barrier-skin-wearable-cream-50ml\/\" \/>\n<meta property=\"og:locale\" content=\"lv_LV\" \/>\n<meta property=\"og:type\" content=\"article\" \/>\n<meta property=\"og:title\" content=\"Barjeras kr\u0113ms ar keram\u012bdu kompleksu Celimax Dual Barrier Skin Wearable Cream 50ml - FACECORNER\" \/>\n<meta property=\"og:description\" content=\"Celimax Dual Barrier Skin Wearable Cream kr\u0113ms mitrina un atdz\u012bvina maigu, jut\u012bgu \u0101du: tas nomierina, m\u012bkstina, mazina sausumu un lob\u012b\u0161anos\" \/>\n<meta property=\"og:url\" content=\"https:\/\/www.facecorner.lv\/lv\/shop\/barjeras-krems-ar-keramidu-kompleksu-celimax-dual-barrier-skin-wearable-cream-50ml\/\" \/>\n<meta property=\"og:site_name\" content=\"FACECORNER\" \/>\n<meta property=\"article:publisher\" content=\"https:\/\/www.facebook.com\/profile.php?id=100063824551839\" \/>\n<meta property=\"article:modified_time\" content=\"2026-04-01T11:53:14+00:00\" \/>\n<meta property=\"og:image\" content=\"https:\/\/www.facecorner.lv\/wp-content\/uploads\/2025\/02\/de3uuyf8bote3iwdsx8lyk5ubbe0nbkq.webp\" \/>\n\t<meta property=\"og:image:width\" content=\"650\" \/>\n\t<meta property=\"og:image:height\" content=\"650\" \/>\n\t<meta property=\"og:image:type\" content=\"image\/webp\" \/>\n<meta name=\"twitter:card\" content=\"summary_large_image\" \/>\n<meta name=\"twitter:label1\" content=\"Price\" \/>\n\t<meta name=\"twitter:data1\" content=\"&euro;24.00\" \/>\n\t<meta name=\"twitter:label2\" content=\"Availability\" \/>\n\t<meta name=\"twitter:data2\" content=\"In stock\" \/>\n<script type=\"application\/ld+json\" class=\"yoast-schema-graph\">{\"@context\":\"https:\\\/\\\/schema.org\",\"@graph\":[{\"@type\":\"WebPage\",\"@id\":\"https:\\\/\\\/www.facecorner.lv\\\/shop\\\/barjeras-krems-ar-keramidu-kompleksu-celimax-dual-barrier-skin-wearable-cream-50ml\\\/\",\"url\":\"https:\\\/\\\/www.facecorner.lv\\\/shop\\\/barjeras-krems-ar-keramidu-kompleksu-celimax-dual-barrier-skin-wearable-cream-50ml\\\/\",\"name\":\"Barjeras kr\u0113ms ar keram\u012bdu kompleksu Celimax Dual Barrier Skin Wearable Cream 50ml - FACECORNER\",\"isPartOf\":{\"@id\":\"https:\\\/\\\/www.facecorner.lv\\\/#website\"},\"primaryImageOfPage\":{\"@id\":\"https:\\\/\\\/www.facecorner.lv\\\/shop\\\/barjeras-krems-ar-keramidu-kompleksu-celimax-dual-barrier-skin-wearable-cream-50ml\\\/#primaryimage\"},\"image\":{\"@id\":\"https:\\\/\\\/www.facecorner.lv\\\/shop\\\/barjeras-krems-ar-keramidu-kompleksu-celimax-dual-barrier-skin-wearable-cream-50ml\\\/#primaryimage\"},\"thumbnailUrl\":\"https:\\\/\\\/www.facecorner.lv\\\/wp-content\\\/uploads\\\/2025\\\/02\\\/de3uuyf8bote3iwdsx8lyk5ubbe0nbkq.webp\",\"datePublished\":\"2025-02-19T11:36:17+00:00\",\"dateModified\":\"2026-04-01T11:53:14+00:00\",\"description\":\"Celimax Dual Barrier Skin Wearable Cream kr\u0113ms mitrina un atdz\u012bvina maigu, jut\u012bgu \u0101du: tas nomierina, m\u012bkstina, mazina sausumu un lob\u012b\u0161anos\",\"breadcrumb\":{\"@id\":\"https:\\\/\\\/www.facecorner.lv\\\/shop\\\/barjeras-krems-ar-keramidu-kompleksu-celimax-dual-barrier-skin-wearable-cream-50ml\\\/#breadcrumb\"},\"inLanguage\":\"lv-LV\",\"potentialAction\":[{\"@type\":\"ReadAction\",\"target\":[\"https:\\\/\\\/www.facecorner.lv\\\/shop\\\/barjeras-krems-ar-keramidu-kompleksu-celimax-dual-barrier-skin-wearable-cream-50ml\\\/\"]}]},{\"@type\":\"ImageObject\",\"inLanguage\":\"lv-LV\",\"@id\":\"https:\\\/\\\/www.facecorner.lv\\\/shop\\\/barjeras-krems-ar-keramidu-kompleksu-celimax-dual-barrier-skin-wearable-cream-50ml\\\/#primaryimage\",\"url\":\"https:\\\/\\\/www.facecorner.lv\\\/wp-content\\\/uploads\\\/2025\\\/02\\\/de3uuyf8bote3iwdsx8lyk5ubbe0nbkq.webp\",\"contentUrl\":\"https:\\\/\\\/www.facecorner.lv\\\/wp-content\\\/uploads\\\/2025\\\/02\\\/de3uuyf8bote3iwdsx8lyk5ubbe0nbkq.webp\",\"width\":650,\"height\":650,\"caption\":\"Celimax Dual Barrier Skin Wearable Cream\"},{\"@type\":\"BreadcrumbList\",\"@id\":\"https:\\\/\\\/www.facecorner.lv\\\/shop\\\/barjeras-krems-ar-keramidu-kompleksu-celimax-dual-barrier-skin-wearable-cream-50ml\\\/#breadcrumb\",\"itemListElement\":[{\"@type\":\"ListItem\",\"position\":1,\"name\":\"Home\",\"item\":\"https:\\\/\\\/www.facecorner.lv\\\/\"},{\"@type\":\"ListItem\",\"position\":2,\"name\":\"Veikals\",\"item\":\"https:\\\/\\\/www.facecorner.lv\\\/shop\\\/\"},{\"@type\":\"ListItem\",\"position\":3,\"name\":\"Barjeras kr\u0113ms ar keram\u012bdu kompleksu Celimax Dual Barrier Skin Wearable Cream 50ml\"}]},{\"@type\":\"WebSite\",\"@id\":\"https:\\\/\\\/www.facecorner.lv\\\/#website\",\"url\":\"https:\\\/\\\/www.facecorner.lv\\\/\",\"name\":\"Facecorner\",\"description\":\"\",\"publisher\":{\"@id\":\"https:\\\/\\\/www.facecorner.lv\\\/#organization\"},\"potentialAction\":[{\"@type\":\"SearchAction\",\"target\":{\"@type\":\"EntryPoint\",\"urlTemplate\":\"https:\\\/\\\/www.facecorner.lv\\\/?s={search_term_string}\"},\"query-input\":{\"@type\":\"PropertyValueSpecification\",\"valueRequired\":true,\"valueName\":\"search_term_string\"}}],\"inLanguage\":\"lv-LV\"},{\"@type\":\"Organization\",\"@id\":\"https:\\\/\\\/www.facecorner.lv\\\/#organization\",\"name\":\"Facecorner\",\"url\":\"https:\\\/\\\/www.facecorner.lv\\\/\",\"logo\":{\"@type\":\"ImageObject\",\"inLanguage\":\"lv-LV\",\"@id\":\"https:\\\/\\\/www.facecorner.lv\\\/#\\\/schema\\\/logo\\\/image\\\/\",\"url\":\"https:\\\/\\\/www.facecorner.lv\\\/wp-content\\\/uploads\\\/2024\\\/04\\\/fc-logo.jpg\",\"contentUrl\":\"https:\\\/\\\/www.facecorner.lv\\\/wp-content\\\/uploads\\\/2024\\\/04\\\/fc-logo.jpg\",\"width\":174,\"height\":28,\"caption\":\"Facecorner\"},\"image\":{\"@id\":\"https:\\\/\\\/www.facecorner.lv\\\/#\\\/schema\\\/logo\\\/image\\\/\"},\"sameAs\":[\"https:\\\/\\\/www.facebook.com\\\/profile.php?id=100063824551839\",\"https:\\\/\\\/www.instagram.com\\\/facecorner_shop\\\/\"]}]}<\/script>\n<meta property=\"product:price:amount\" content=\"24.00\" \/>\n<meta property=\"product:price:currency\" content=\"EUR\" \/>\n<meta property=\"og:availability\" content=\"instock\" \/>\n<meta property=\"product:availability\" content=\"instock\" \/>\n<meta property=\"product:condition\" content=\"new\" \/>\n<!-- \/ Yoast SEO plugin. -->","yoast_head_json":{"title":"Barjeras kr\u0113ms ar keram\u012bdu kompleksu Celimax Dual Barrier Skin Wearable Cream 50ml - FACECORNER","description":"Celimax Dual Barrier Skin Wearable Cream kr\u0113ms mitrina un atdz\u012bvina maigu, jut\u012bgu \u0101du: tas nomierina, m\u012bkstina, mazina sausumu un lob\u012b\u0161anos","robots":{"index":"index","follow":"follow","max-snippet":"max-snippet:-1","max-image-preview":"max-image-preview:large","max-video-preview":"max-video-preview:-1"},"canonical":"https:\/\/www.facecorner.lv\/lv\/shop\/barjeras-krems-ar-keramidu-kompleksu-celimax-dual-barrier-skin-wearable-cream-50ml\/","og_locale":"lv_LV","og_type":"article","og_title":"Barjeras kr\u0113ms ar keram\u012bdu kompleksu Celimax Dual Barrier Skin Wearable Cream 50ml - FACECORNER","og_description":"Celimax Dual Barrier Skin Wearable Cream kr\u0113ms mitrina un atdz\u012bvina maigu, jut\u012bgu \u0101du: tas nomierina, m\u012bkstina, mazina sausumu un lob\u012b\u0161anos","og_url":"https:\/\/www.facecorner.lv\/lv\/shop\/barjeras-krems-ar-keramidu-kompleksu-celimax-dual-barrier-skin-wearable-cream-50ml\/","og_site_name":"FACECORNER","article_publisher":"https:\/\/www.facebook.com\/profile.php?id=100063824551839","article_modified_time":"2026-04-01T11:53:14+00:00","og_image":[{"width":650,"height":650,"url":"https:\/\/www.facecorner.lv\/wp-content\/uploads\/2025\/02\/de3uuyf8bote3iwdsx8lyk5ubbe0nbkq.webp","type":"image\/webp"}],"twitter_card":"summary_large_image","twitter_misc":{"Price":"&euro;24.00","Availability":"In stock"},"schema":{"@context":"https:\/\/schema.org","@graph":[{"@type":"WebPage","@id":"https:\/\/www.facecorner.lv\/shop\/barjeras-krems-ar-keramidu-kompleksu-celimax-dual-barrier-skin-wearable-cream-50ml\/","url":"https:\/\/www.facecorner.lv\/shop\/barjeras-krems-ar-keramidu-kompleksu-celimax-dual-barrier-skin-wearable-cream-50ml\/","name":"Barjeras kr\u0113ms ar keram\u012bdu kompleksu Celimax Dual Barrier Skin Wearable Cream 50ml - FACECORNER","isPartOf":{"@id":"https:\/\/www.facecorner.lv\/#website"},"primaryImageOfPage":{"@id":"https:\/\/www.facecorner.lv\/shop\/barjeras-krems-ar-keramidu-kompleksu-celimax-dual-barrier-skin-wearable-cream-50ml\/#primaryimage"},"image":{"@id":"https:\/\/www.facecorner.lv\/shop\/barjeras-krems-ar-keramidu-kompleksu-celimax-dual-barrier-skin-wearable-cream-50ml\/#primaryimage"},"thumbnailUrl":"https:\/\/www.facecorner.lv\/wp-content\/uploads\/2025\/02\/de3uuyf8bote3iwdsx8lyk5ubbe0nbkq.webp","datePublished":"2025-02-19T11:36:17+00:00","dateModified":"2026-04-01T11:53:14+00:00","description":"Celimax Dual Barrier Skin Wearable Cream kr\u0113ms mitrina un atdz\u012bvina maigu, jut\u012bgu \u0101du: tas nomierina, m\u012bkstina, mazina sausumu un lob\u012b\u0161anos","breadcrumb":{"@id":"https:\/\/www.facecorner.lv\/shop\/barjeras-krems-ar-keramidu-kompleksu-celimax-dual-barrier-skin-wearable-cream-50ml\/#breadcrumb"},"inLanguage":"lv-LV","potentialAction":[{"@type":"ReadAction","target":["https:\/\/www.facecorner.lv\/shop\/barjeras-krems-ar-keramidu-kompleksu-celimax-dual-barrier-skin-wearable-cream-50ml\/"]}]},{"@type":"ImageObject","inLanguage":"lv-LV","@id":"https:\/\/www.facecorner.lv\/shop\/barjeras-krems-ar-keramidu-kompleksu-celimax-dual-barrier-skin-wearable-cream-50ml\/#primaryimage","url":"https:\/\/www.facecorner.lv\/wp-content\/uploads\/2025\/02\/de3uuyf8bote3iwdsx8lyk5ubbe0nbkq.webp","contentUrl":"https:\/\/www.facecorner.lv\/wp-content\/uploads\/2025\/02\/de3uuyf8bote3iwdsx8lyk5ubbe0nbkq.webp","width":650,"height":650,"caption":"Celimax Dual Barrier Skin Wearable Cream"},{"@type":"BreadcrumbList","@id":"https:\/\/www.facecorner.lv\/shop\/barjeras-krems-ar-keramidu-kompleksu-celimax-dual-barrier-skin-wearable-cream-50ml\/#breadcrumb","itemListElement":[{"@type":"ListItem","position":1,"name":"Home","item":"https:\/\/www.facecorner.lv\/"},{"@type":"ListItem","position":2,"name":"Veikals","item":"https:\/\/www.facecorner.lv\/shop\/"},{"@type":"ListItem","position":3,"name":"Barjeras kr\u0113ms ar keram\u012bdu kompleksu Celimax Dual Barrier Skin Wearable Cream 50ml"}]},{"@type":"WebSite","@id":"https:\/\/www.facecorner.lv\/#website","url":"https:\/\/www.facecorner.lv\/","name":"Facecorner","description":"","publisher":{"@id":"https:\/\/www.facecorner.lv\/#organization"},"potentialAction":[{"@type":"SearchAction","target":{"@type":"EntryPoint","urlTemplate":"https:\/\/www.facecorner.lv\/?s={search_term_string}"},"query-input":{"@type":"PropertyValueSpecification","valueRequired":true,"valueName":"search_term_string"}}],"inLanguage":"lv-LV"},{"@type":"Organization","@id":"https:\/\/www.facecorner.lv\/#organization","name":"Facecorner","url":"https:\/\/www.facecorner.lv\/","logo":{"@type":"ImageObject","inLanguage":"lv-LV","@id":"https:\/\/www.facecorner.lv\/#\/schema\/logo\/image\/","url":"https:\/\/www.facecorner.lv\/wp-content\/uploads\/2024\/04\/fc-logo.jpg","contentUrl":"https:\/\/www.facecorner.lv\/wp-content\/uploads\/2024\/04\/fc-logo.jpg","width":174,"height":28,"caption":"Facecorner"},"image":{"@id":"https:\/\/www.facecorner.lv\/#\/schema\/logo\/image\/"},"sameAs":["https:\/\/www.facebook.com\/profile.php?id=100063824551839","https:\/\/www.instagram.com\/facecorner_shop\/"]}]},"product_price_amount":"24.00","product_price_currency":"EUR","og_availability":"instock","product_availability":"instock","product_condition":"new"},"_links":{"self":[{"href":"https:\/\/www.facecorner.lv\/lv\/wp-json\/wp\/v2\/product\/23435","targetHints":{"allow":["GET"]}}],"collection":[{"href":"https:\/\/www.facecorner.lv\/lv\/wp-json\/wp\/v2\/product"}],"about":[{"href":"https:\/\/www.facecorner.lv\/lv\/wp-json\/wp\/v2\/types\/product"}],"replies":[{"embeddable":true,"href":"https:\/\/www.facecorner.lv\/lv\/wp-json\/wp\/v2\/comments?post=23435"}],"wp:featuredmedia":[{"embeddable":true,"href":"https:\/\/www.facecorner.lv\/lv\/wp-json\/wp\/v2\/media\/23436"}],"wp:attachment":[{"href":"https:\/\/www.facecorner.lv\/lv\/wp-json\/wp\/v2\/media?parent=23435"}],"wp:term":[{"taxonomy":"product_brand","embeddable":true,"href":"https:\/\/www.facecorner.lv\/lv\/wp-json\/wp\/v2\/product_brand?post=23435"},{"taxonomy":"product_cat","embeddable":true,"href":"https:\/\/www.facecorner.lv\/lv\/wp-json\/wp\/v2\/product_cat?post=23435"},{"taxonomy":"product_tag","embeddable":true,"href":"https:\/\/www.facecorner.lv\/lv\/wp-json\/wp\/v2\/product_tag?post=23435"},{"taxonomy":"berocket_brand","embeddable":true,"href":"https:\/\/www.facecorner.lv\/lv\/wp-json\/wp\/v2\/berocket_brand?post=23435"}],"curies":[{"name":"wp","href":"https:\/\/api.w.org\/{rel}","templated":true}]}}