{"id":23377,"date":"2025-02-14T00:02:42","date_gmt":"2025-02-13T21:02:42","guid":{"rendered":"https:\/\/www.facecorner.lv\/?post_type=product&#038;p=23377"},"modified":"2026-04-15T20:19:44","modified_gmt":"2026-04-15T17:19:44","slug":"vt-pdrn-essence-100-30ml","status":"publish","type":"product","link":"https:\/\/www.facecorner.lv\/lv\/shop\/vt-pdrn-essence-100-30ml\/","title":{"rendered":"VT-PDRN Essence 100 30ml"},"content":{"rendered":"<p>VT-PDRN Essence 100 sast\u0101vs ar \u017ee\u0146\u0161e\u0146a ekstraktu \u0101das mirdzumam intens\u012bvi pies\u0101tina \u0101du ar mitrumu, nodro\u0161ina \u0101das tvirtumu, palielina tvirtumu un elast\u012bbu, nov\u0113r\u0161 priek\u0161laic\u012bgu noveco\u0161anos, nov\u0113r\u0161 bl\u0101vumu un pie\u0161\u0137ir vesel\u012bgu mirdzumu.<\/p>\n<p>L\u012bdzeklis aktiviz\u0113 atjauno\u0161an\u0101s procesus, samazina grumbu dzi\u013cumu un c\u012bn\u0101s pret \u0101das \u013cenganumu, uzlabo kop\u0113jo \u0101das tonusu, uzlabo epidermas barjeras \u012bpa\u0161\u012bbas, mazinot paaugstin\u0101tu jut\u012bbu un nov\u0113r\u0161ot aps\u0101rtumu, kairin\u0101jumu, niezi un lob\u012b\u0161anos.<\/p>\n<p>Produktam ir bag\u0101t\u012bga tekst\u016bra, tas \u0101tri ies\u016bcas, neatst\u0101j lip\u012bgumu un uzreiz sniedz komforta saj\u016btu. Esencei ir hipoaler\u0123iska formula, un t\u0101 nesatur m\u0101ksl\u012bgas smar\u017evielas, t\u0101 ir piem\u0113rota pat jut\u012bg\u0101kai \u0101dai.<\/p>\n<p>Phyto PDRN\u00ae 10 % &#8211; patent\u0113ts komplekss uz savva\u013cas \u017ee\u0146\u0161e\u0146a ekstrakta b\u0101zes pa\u0101trina \u0161\u016bnu re\u0123ener\u0101ciju, stimul\u0113 elast\u012bna un kolag\u0113na sint\u0113zi, efekt\u012bvi c\u012bn\u0101s ar pirmaj\u0101m noveco\u0161an\u0101s paz\u012bm\u0113m, redzami savelk sejas ov\u0101lu un izl\u012bdzina mikroreljefu.<\/p>\n<ul>\n<li>5 veidu keram\u012bdu komplekss &#8211; atjauno un stiprina epidermas barjeru, samazina jut\u012bgumu, nov\u0113r\u0161 kairin\u0101jumu, lob\u012b\u0161anos, aps\u0101rtumu un niezi, k\u0101 ar\u012b dehidrat\u0101cijas risku, uzturot optim\u0101lu mitruma l\u012bmeni \u0101d\u0101.<\/li>\n<li>Pantenols (vitam\u012bns B5) &#8211; pies\u0101tina mitrumu un saglab\u0101 to \u0161\u016bn\u0101s, m\u012bkstina, atgrie\u017eot epidermai maigumu un z\u012bdain\u012bbu, nomierina un pa\u0101trina da\u017e\u0101du traumu dz\u012b\u0161anu.<\/li>\n<li>Poliglukuronsk\u0101be &#8211; oligosahar\u012bds ar sp\u0113c\u012bg\u0101m mitrino\u0161\u0101m \u012bpa\u0161\u012bb\u0101m, kas pal\u012bdz izl\u012bdzin\u0101t \u0101das tekst\u016bru, samazina dzi\u013cu grumbu izskatu un likvid\u0113 s\u012bk\u0101s grumbi\u0146as.<\/li>\n<li>Skval\u0101ns &#8211; intens\u012bvi mitrina, aizsarg\u0101 no apk\u0101rt\u0113j\u0101s vides faktoru kait\u012bg\u0101s ietekmes, atjauno hidrolip\u012bdu pl\u012bvuru, samazina jut\u012bgumu, stiprina fiziolo\u0123isk\u0101s aizsargfunkcijas un izl\u012bdzina tekst\u016bru.<\/li>\n<li>Alanto\u012bns &#8211; nov\u0113r\u0161 paaugstin\u0101tu jut\u012bbu, aktiviz\u0113 \u0161\u016bnu re\u0123ener\u0101ciju, pa\u0101trina da\u017e\u0101du traumu dz\u012b\u0161anu, efekt\u012bvi nov\u0113r\u0161 aps\u0101rtumu, kairin\u0101jumu un niezi.<\/li>\n<\/ul>\n<p><strong>Lieto\u0161ana:<\/strong> uzkl\u0101jiet vajadz\u012bgo produkta daudzumu uz iepriek\u0161 att\u012br\u012btas \u0101das, izkl\u0101jiet ar pirkstiem un pagaidiet, l\u012bdz piln\u012bb\u0101 ies\u016bcas. Turpiniet kop\u0161anu, veicot toniz\u0113\u0161anas un mitrin\u0101\u0161anas darb\u012bbas.<\/p>\n<p><strong>Uzman\u012bbu! VT Cosmetics Booster Serum p\u0113c lieto\u0161anas var rad\u012bt tirp\u0161anas saj\u016btu. Nav ieteicams lietot p\u0113c dermatolo\u0123isk\u0101m proced\u016br\u0101m, kas traum\u0113 \u0101das raga sl\u0101ni: p\u012blings, apar\u0101tkosmetolo\u0123ija, injekcijas.<\/strong><\/p>\n<p><strong>S\u0101stavs:<\/strong> <span style=\"font-size: 16px;\">Water, Isopropyl Myristate, Panax Ginseng Root Extract, Caprylic\/Capric Triglyceride, Cetyl Ethylhexanoate, Glycerin, Propanediol, Niacinamide, Polyglyceryl-2 Dipolyhydroxystearate, PEG-30 Dipolyhydroxystearate, Polyglyceryl-3 Diisostearate, 1,2-Hexanediol, Tocopherol, Hydroxyacetophenone, Helianthus Annuus (Sunflower) Seed Oil, Acrylates\/C10-30 Alkyl Acrylate Crosspolymer, Arginine, Adenosine, Ceramide NP, Adansonia Digitata Seed Oil, Disodium EDTA, Hydrogenated Lecithin, Allantoin, Squalane, Panthenol, Polyglucuronic Acid, Ceramide NS, Ceramide AS, Ceramide EOP, Ceramide AP, Sodium DNA.<\/span><\/p>\n<div class=\"info_ext_block ordered-block char\"><\/div>\n","protected":false},"excerpt":{"rendered":"<p>VT-PDRN Essence 100 sast\u0101vs ar \u017ee\u0146\u0161e\u0146a ekstraktu \u0101das mirdzumam intens\u012bvi pies\u0101tina \u0101du ar mitrumu, nodro\u0161ina \u0101das tvirtumu, palielina tvirtumu un elast\u012bbu, nov\u0113r\u0161 priek\u0161laic\u012bgu noveco\u0161anos, nov\u0113r\u0161 bl\u0101vumu un pie\u0161\u0137ir vesel\u012bgu mirdzumu.<\/p>\n","protected":false},"featured_media":23378,"comment_status":"open","ping_status":"closed","template":"","meta":{"site-sidebar-layout":"default","site-content-layout":"","ast-site-content-layout":"default","site-content-style":"default","site-sidebar-style":"default","ast-global-header-display":"","ast-banner-title-visibility":"","ast-main-header-display":"","ast-hfb-above-header-display":"","ast-hfb-below-header-display":"","ast-hfb-mobile-header-display":"","site-post-title":"","ast-breadcrumbs-content":"","ast-featured-img":"","footer-sml-layout":"","theme-transparent-header-meta":"default","adv-header-id-meta":"","stick-header-meta":"","header-above-stick-meta":"","header-main-stick-meta":"","header-below-stick-meta":"","astra-migrate-meta-layouts":"set","ast-page-background-enabled":"default","ast-page-background-meta":{"desktop":{"background-color":"var(--ast-global-color-4)","background-image":"","background-repeat":"repeat","background-position":"center center","background-size":"auto","background-attachment":"scroll","background-type":"","background-media":"","overlay-type":"","overlay-color":"","overlay-opacity":"","overlay-gradient":""},"tablet":{"background-color":"","background-image":"","background-repeat":"repeat","background-position":"center center","background-size":"auto","background-attachment":"scroll","background-type":"","background-media":"","overlay-type":"","overlay-color":"","overlay-opacity":"","overlay-gradient":""},"mobile":{"background-color":"","background-image":"","background-repeat":"repeat","background-position":"center center","background-size":"auto","background-attachment":"scroll","background-type":"","background-media":"","overlay-type":"","overlay-color":"","overlay-opacity":"","overlay-gradient":""}},"ast-content-background-meta":{"desktop":{"background-color":"var(--ast-global-color-5)","background-image":"","background-repeat":"repeat","background-position":"center center","background-size":"auto","background-attachment":"scroll","background-type":"","background-media":"","overlay-type":"","overlay-color":"","overlay-opacity":"","overlay-gradient":""},"tablet":{"background-color":"var(--ast-global-color-5)","background-image":"","background-repeat":"repeat","background-position":"center center","background-size":"auto","background-attachment":"scroll","background-type":"","background-media":"","overlay-type":"","overlay-color":"","overlay-opacity":"","overlay-gradient":""},"mobile":{"background-color":"var(--ast-global-color-5)","background-image":"","background-repeat":"repeat","background-position":"center center","background-size":"auto","background-attachment":"scroll","background-type":"","background-media":"","overlay-type":"","overlay-color":"","overlay-opacity":"","overlay-gradient":""}}},"product_brand":[],"product_cat":[370,371,372,652,374,363],"product_tag":[],"berocket_brand":[582],"class_list":{"0":"post-23377","1":"product","2":"type-product","3":"status-publish","4":"has-post-thumbnail","6":"product_cat-adas-mirdzumam","7":"product_cat-anti-age","8":"product_cat-jutigai-adai-serumi","9":"product_cat-pdrn","10":"product_cat-pret-pinnem","11":"product_cat-serumi","12":"berocket_brand-vt","13":"desktop-align-left","14":"tablet-align-left","15":"mobile-align-left","17":"first","18":"instock","19":"taxable","20":"shipping-taxable","21":"purchasable","22":"product-type-simple","23":"add-to-wishlist-before_image"},"yoast_head":"<!-- This site is optimized with the Yoast SEO plugin v27.4 - https:\/\/yoast.com\/product\/yoast-seo-wordpress\/ -->\n<title>VT-PDRN Essence 100 30ml - FACECORNER<\/title>\n<meta name=\"description\" content=\"VT-PDRN Essence 100 sast\u0101vs ar \u017ee\u0146\u0161e\u0146a ekstraktu \u0101das mirdzumam intens\u012bvi pies\u0101tina \u0101du ar mitrumu, nodro\u0161ina \u0101das tvirtumu, palielina tvirtumu.\" \/>\n<meta name=\"robots\" content=\"index, follow, max-snippet:-1, max-image-preview:large, max-video-preview:-1\" \/>\n<link rel=\"canonical\" href=\"https:\/\/www.facecorner.lv\/lv\/shop\/vt-pdrn-essence-100-30ml\/\" \/>\n<meta property=\"og:locale\" content=\"lv_LV\" \/>\n<meta property=\"og:type\" content=\"article\" \/>\n<meta property=\"og:title\" content=\"VT-PDRN Essence 100 30ml - FACECORNER\" \/>\n<meta property=\"og:description\" content=\"VT-PDRN Essence 100 sast\u0101vs ar \u017ee\u0146\u0161e\u0146a ekstraktu \u0101das mirdzumam intens\u012bvi pies\u0101tina \u0101du ar mitrumu, nodro\u0161ina \u0101das tvirtumu, palielina tvirtumu.\" \/>\n<meta property=\"og:url\" content=\"https:\/\/www.facecorner.lv\/lv\/shop\/vt-pdrn-essence-100-30ml\/\" \/>\n<meta property=\"og:site_name\" content=\"FACECORNER\" \/>\n<meta property=\"article:publisher\" content=\"https:\/\/www.facebook.com\/profile.php?id=100063824551839\" \/>\n<meta property=\"article:modified_time\" content=\"2026-04-15T17:19:44+00:00\" \/>\n<meta property=\"og:image\" content=\"https:\/\/www.facecorner.lv\/wp-content\/uploads\/2025\/02\/VT_Cosmetics_PDRN_Essence_100_30_mL_KBeauty_Australia__62560.jpg\" \/>\n\t<meta property=\"og:image:width\" content=\"1280\" \/>\n\t<meta property=\"og:image:height\" content=\"1280\" \/>\n\t<meta property=\"og:image:type\" content=\"image\/jpeg\" \/>\n<meta name=\"twitter:card\" content=\"summary_large_image\" \/>\n<meta name=\"twitter:label1\" content=\"Price\" \/>\n\t<meta name=\"twitter:data1\" content=\"&euro;45.00\" \/>\n\t<meta name=\"twitter:label2\" content=\"Availability\" \/>\n\t<meta name=\"twitter:data2\" content=\"In stock\" \/>\n<script type=\"application\/ld+json\" class=\"yoast-schema-graph\">{\"@context\":\"https:\\\/\\\/schema.org\",\"@graph\":[{\"@type\":\"WebPage\",\"@id\":\"https:\\\/\\\/www.facecorner.lv\\\/shop\\\/vt-pdrn-essence-100-30ml\\\/\",\"url\":\"https:\\\/\\\/www.facecorner.lv\\\/shop\\\/vt-pdrn-essence-100-30ml\\\/\",\"name\":\"VT-PDRN Essence 100 30ml - FACECORNER\",\"isPartOf\":{\"@id\":\"https:\\\/\\\/www.facecorner.lv\\\/#website\"},\"primaryImageOfPage\":{\"@id\":\"https:\\\/\\\/www.facecorner.lv\\\/shop\\\/vt-pdrn-essence-100-30ml\\\/#primaryimage\"},\"image\":{\"@id\":\"https:\\\/\\\/www.facecorner.lv\\\/shop\\\/vt-pdrn-essence-100-30ml\\\/#primaryimage\"},\"thumbnailUrl\":\"https:\\\/\\\/www.facecorner.lv\\\/wp-content\\\/uploads\\\/2025\\\/02\\\/VT_Cosmetics_PDRN_Essence_100_30_mL_KBeauty_Australia__62560.jpg\",\"datePublished\":\"2025-02-13T21:02:42+00:00\",\"dateModified\":\"2026-04-15T17:19:44+00:00\",\"description\":\"VT-PDRN Essence 100 sast\u0101vs ar \u017ee\u0146\u0161e\u0146a ekstraktu \u0101das mirdzumam intens\u012bvi pies\u0101tina \u0101du ar mitrumu, nodro\u0161ina \u0101das tvirtumu, palielina tvirtumu.\",\"breadcrumb\":{\"@id\":\"https:\\\/\\\/www.facecorner.lv\\\/shop\\\/vt-pdrn-essence-100-30ml\\\/#breadcrumb\"},\"inLanguage\":\"lv-LV\",\"potentialAction\":[{\"@type\":\"ReadAction\",\"target\":[\"https:\\\/\\\/www.facecorner.lv\\\/shop\\\/vt-pdrn-essence-100-30ml\\\/\"]}]},{\"@type\":\"ImageObject\",\"inLanguage\":\"lv-LV\",\"@id\":\"https:\\\/\\\/www.facecorner.lv\\\/shop\\\/vt-pdrn-essence-100-30ml\\\/#primaryimage\",\"url\":\"https:\\\/\\\/www.facecorner.lv\\\/wp-content\\\/uploads\\\/2025\\\/02\\\/VT_Cosmetics_PDRN_Essence_100_30_mL_KBeauty_Australia__62560.jpg\",\"contentUrl\":\"https:\\\/\\\/www.facecorner.lv\\\/wp-content\\\/uploads\\\/2025\\\/02\\\/VT_Cosmetics_PDRN_Essence_100_30_mL_KBeauty_Australia__62560.jpg\",\"width\":1280,\"height\":1280,\"caption\":\"VT-PDRN Essence 100 30ml\"},{\"@type\":\"BreadcrumbList\",\"@id\":\"https:\\\/\\\/www.facecorner.lv\\\/shop\\\/vt-pdrn-essence-100-30ml\\\/#breadcrumb\",\"itemListElement\":[{\"@type\":\"ListItem\",\"position\":1,\"name\":\"Home\",\"item\":\"https:\\\/\\\/www.facecorner.lv\\\/\"},{\"@type\":\"ListItem\",\"position\":2,\"name\":\"Veikals\",\"item\":\"https:\\\/\\\/www.facecorner.lv\\\/shop\\\/\"},{\"@type\":\"ListItem\",\"position\":3,\"name\":\"VT-PDRN Essence 100 30ml\"}]},{\"@type\":\"WebSite\",\"@id\":\"https:\\\/\\\/www.facecorner.lv\\\/#website\",\"url\":\"https:\\\/\\\/www.facecorner.lv\\\/\",\"name\":\"Facecorner\",\"description\":\"\",\"publisher\":{\"@id\":\"https:\\\/\\\/www.facecorner.lv\\\/#organization\"},\"potentialAction\":[{\"@type\":\"SearchAction\",\"target\":{\"@type\":\"EntryPoint\",\"urlTemplate\":\"https:\\\/\\\/www.facecorner.lv\\\/?s={search_term_string}\"},\"query-input\":{\"@type\":\"PropertyValueSpecification\",\"valueRequired\":true,\"valueName\":\"search_term_string\"}}],\"inLanguage\":\"lv-LV\"},{\"@type\":\"Organization\",\"@id\":\"https:\\\/\\\/www.facecorner.lv\\\/#organization\",\"name\":\"Facecorner\",\"url\":\"https:\\\/\\\/www.facecorner.lv\\\/\",\"logo\":{\"@type\":\"ImageObject\",\"inLanguage\":\"lv-LV\",\"@id\":\"https:\\\/\\\/www.facecorner.lv\\\/#\\\/schema\\\/logo\\\/image\\\/\",\"url\":\"https:\\\/\\\/www.facecorner.lv\\\/wp-content\\\/uploads\\\/2024\\\/04\\\/fc-logo.jpg\",\"contentUrl\":\"https:\\\/\\\/www.facecorner.lv\\\/wp-content\\\/uploads\\\/2024\\\/04\\\/fc-logo.jpg\",\"width\":174,\"height\":28,\"caption\":\"Facecorner\"},\"image\":{\"@id\":\"https:\\\/\\\/www.facecorner.lv\\\/#\\\/schema\\\/logo\\\/image\\\/\"},\"sameAs\":[\"https:\\\/\\\/www.facebook.com\\\/profile.php?id=100063824551839\",\"https:\\\/\\\/www.instagram.com\\\/facecorner_shop\\\/\"]}]}<\/script>\n<meta property=\"product:price:amount\" content=\"45.00\" \/>\n<meta property=\"product:price:currency\" content=\"EUR\" \/>\n<meta property=\"og:availability\" content=\"instock\" \/>\n<meta property=\"product:availability\" content=\"instock\" \/>\n<meta property=\"product:condition\" content=\"new\" \/>\n<!-- \/ Yoast SEO plugin. -->","yoast_head_json":{"title":"VT-PDRN Essence 100 30ml - FACECORNER","description":"VT-PDRN Essence 100 sast\u0101vs ar \u017ee\u0146\u0161e\u0146a ekstraktu \u0101das mirdzumam intens\u012bvi pies\u0101tina \u0101du ar mitrumu, nodro\u0161ina \u0101das tvirtumu, palielina tvirtumu.","robots":{"index":"index","follow":"follow","max-snippet":"max-snippet:-1","max-image-preview":"max-image-preview:large","max-video-preview":"max-video-preview:-1"},"canonical":"https:\/\/www.facecorner.lv\/lv\/shop\/vt-pdrn-essence-100-30ml\/","og_locale":"lv_LV","og_type":"article","og_title":"VT-PDRN Essence 100 30ml - FACECORNER","og_description":"VT-PDRN Essence 100 sast\u0101vs ar \u017ee\u0146\u0161e\u0146a ekstraktu \u0101das mirdzumam intens\u012bvi pies\u0101tina \u0101du ar mitrumu, nodro\u0161ina \u0101das tvirtumu, palielina tvirtumu.","og_url":"https:\/\/www.facecorner.lv\/lv\/shop\/vt-pdrn-essence-100-30ml\/","og_site_name":"FACECORNER","article_publisher":"https:\/\/www.facebook.com\/profile.php?id=100063824551839","article_modified_time":"2026-04-15T17:19:44+00:00","og_image":[{"width":1280,"height":1280,"url":"https:\/\/www.facecorner.lv\/wp-content\/uploads\/2025\/02\/VT_Cosmetics_PDRN_Essence_100_30_mL_KBeauty_Australia__62560.jpg","type":"image\/jpeg"}],"twitter_card":"summary_large_image","twitter_misc":{"Price":"&euro;45.00","Availability":"In stock"},"schema":{"@context":"https:\/\/schema.org","@graph":[{"@type":"WebPage","@id":"https:\/\/www.facecorner.lv\/shop\/vt-pdrn-essence-100-30ml\/","url":"https:\/\/www.facecorner.lv\/shop\/vt-pdrn-essence-100-30ml\/","name":"VT-PDRN Essence 100 30ml - FACECORNER","isPartOf":{"@id":"https:\/\/www.facecorner.lv\/#website"},"primaryImageOfPage":{"@id":"https:\/\/www.facecorner.lv\/shop\/vt-pdrn-essence-100-30ml\/#primaryimage"},"image":{"@id":"https:\/\/www.facecorner.lv\/shop\/vt-pdrn-essence-100-30ml\/#primaryimage"},"thumbnailUrl":"https:\/\/www.facecorner.lv\/wp-content\/uploads\/2025\/02\/VT_Cosmetics_PDRN_Essence_100_30_mL_KBeauty_Australia__62560.jpg","datePublished":"2025-02-13T21:02:42+00:00","dateModified":"2026-04-15T17:19:44+00:00","description":"VT-PDRN Essence 100 sast\u0101vs ar \u017ee\u0146\u0161e\u0146a ekstraktu \u0101das mirdzumam intens\u012bvi pies\u0101tina \u0101du ar mitrumu, nodro\u0161ina \u0101das tvirtumu, palielina tvirtumu.","breadcrumb":{"@id":"https:\/\/www.facecorner.lv\/shop\/vt-pdrn-essence-100-30ml\/#breadcrumb"},"inLanguage":"lv-LV","potentialAction":[{"@type":"ReadAction","target":["https:\/\/www.facecorner.lv\/shop\/vt-pdrn-essence-100-30ml\/"]}]},{"@type":"ImageObject","inLanguage":"lv-LV","@id":"https:\/\/www.facecorner.lv\/shop\/vt-pdrn-essence-100-30ml\/#primaryimage","url":"https:\/\/www.facecorner.lv\/wp-content\/uploads\/2025\/02\/VT_Cosmetics_PDRN_Essence_100_30_mL_KBeauty_Australia__62560.jpg","contentUrl":"https:\/\/www.facecorner.lv\/wp-content\/uploads\/2025\/02\/VT_Cosmetics_PDRN_Essence_100_30_mL_KBeauty_Australia__62560.jpg","width":1280,"height":1280,"caption":"VT-PDRN Essence 100 30ml"},{"@type":"BreadcrumbList","@id":"https:\/\/www.facecorner.lv\/shop\/vt-pdrn-essence-100-30ml\/#breadcrumb","itemListElement":[{"@type":"ListItem","position":1,"name":"Home","item":"https:\/\/www.facecorner.lv\/"},{"@type":"ListItem","position":2,"name":"Veikals","item":"https:\/\/www.facecorner.lv\/shop\/"},{"@type":"ListItem","position":3,"name":"VT-PDRN Essence 100 30ml"}]},{"@type":"WebSite","@id":"https:\/\/www.facecorner.lv\/#website","url":"https:\/\/www.facecorner.lv\/","name":"Facecorner","description":"","publisher":{"@id":"https:\/\/www.facecorner.lv\/#organization"},"potentialAction":[{"@type":"SearchAction","target":{"@type":"EntryPoint","urlTemplate":"https:\/\/www.facecorner.lv\/?s={search_term_string}"},"query-input":{"@type":"PropertyValueSpecification","valueRequired":true,"valueName":"search_term_string"}}],"inLanguage":"lv-LV"},{"@type":"Organization","@id":"https:\/\/www.facecorner.lv\/#organization","name":"Facecorner","url":"https:\/\/www.facecorner.lv\/","logo":{"@type":"ImageObject","inLanguage":"lv-LV","@id":"https:\/\/www.facecorner.lv\/#\/schema\/logo\/image\/","url":"https:\/\/www.facecorner.lv\/wp-content\/uploads\/2024\/04\/fc-logo.jpg","contentUrl":"https:\/\/www.facecorner.lv\/wp-content\/uploads\/2024\/04\/fc-logo.jpg","width":174,"height":28,"caption":"Facecorner"},"image":{"@id":"https:\/\/www.facecorner.lv\/#\/schema\/logo\/image\/"},"sameAs":["https:\/\/www.facebook.com\/profile.php?id=100063824551839","https:\/\/www.instagram.com\/facecorner_shop\/"]}]},"product_price_amount":"45.00","product_price_currency":"EUR","og_availability":"instock","product_availability":"instock","product_condition":"new"},"_links":{"self":[{"href":"https:\/\/www.facecorner.lv\/lv\/wp-json\/wp\/v2\/product\/23377","targetHints":{"allow":["GET"]}}],"collection":[{"href":"https:\/\/www.facecorner.lv\/lv\/wp-json\/wp\/v2\/product"}],"about":[{"href":"https:\/\/www.facecorner.lv\/lv\/wp-json\/wp\/v2\/types\/product"}],"replies":[{"embeddable":true,"href":"https:\/\/www.facecorner.lv\/lv\/wp-json\/wp\/v2\/comments?post=23377"}],"wp:featuredmedia":[{"embeddable":true,"href":"https:\/\/www.facecorner.lv\/lv\/wp-json\/wp\/v2\/media\/23378"}],"wp:attachment":[{"href":"https:\/\/www.facecorner.lv\/lv\/wp-json\/wp\/v2\/media?parent=23377"}],"wp:term":[{"taxonomy":"product_brand","embeddable":true,"href":"https:\/\/www.facecorner.lv\/lv\/wp-json\/wp\/v2\/product_brand?post=23377"},{"taxonomy":"product_cat","embeddable":true,"href":"https:\/\/www.facecorner.lv\/lv\/wp-json\/wp\/v2\/product_cat?post=23377"},{"taxonomy":"product_tag","embeddable":true,"href":"https:\/\/www.facecorner.lv\/lv\/wp-json\/wp\/v2\/product_tag?post=23377"},{"taxonomy":"berocket_brand","embeddable":true,"href":"https:\/\/www.facecorner.lv\/lv\/wp-json\/wp\/v2\/berocket_brand?post=23377"}],"curies":[{"name":"wp","href":"https:\/\/api.w.org\/{rel}","templated":true}]}}