{"id":23338,"date":"2025-02-09T23:44:18","date_gmt":"2025-02-09T20:44:18","guid":{"rendered":"https:\/\/www.facecorner.lv\/?post_type=product&#038;p=23338"},"modified":"2025-09-16T12:03:17","modified_gmt":"2025-09-16T09:03:17","slug":"tonizejosie-spilventini-adas-tonusa-izlidzinasanai-celimax-poredark-spot-brightening-pad-40-gab","status":"publish","type":"product","link":"https:\/\/www.facecorner.lv\/lv\/shop\/tonizejosie-spilventini-adas-tonusa-izlidzinasanai-celimax-poredark-spot-brightening-pad-40-gab\/","title":{"rendered":"Toniz\u0113jo\u0161ie spilventi\u0146i \u0101das tonusa izl\u012bdzin\u0101\u0161anai Celimax Pore+Dark Spot Brightening Pad 40 gab"},"content":{"rendered":"<p>Toniz\u0113jo\u0161ie spilventi\u0146i \u0101das tonusa izl\u012bdzin\u0101\u0161anai Celimax Pore+Dark Spot Brightening Pad\u00a0 toniz\u0113jo\u0161ie spilventi\u0146i izl\u012bdzina \u0101das tekst\u016bru, maigi p\u012blings, samazina p\u0113pne un vecuma plankumus un pie\u0161\u0137ir vesel\u012bgu mirdzumu. pH l\u012bmenis ir 4,3-6,3.<\/p>\n<p>Padzi\u013cin\u0101jumi c\u012bn\u0101s ar bl\u0101vumu, balina tauku pavedienus, nov\u0113r\u0161 pigment\u0101ciju un pal\u012bdz sa\u0161aurin\u0101t papla\u0161in\u0101t\u0101s poras, m\u012bkstina raupjas zonas. Tie neizraisa sausumu un sasprindzin\u0101jumu.<\/p>\n<p>Ieklok\u0161\u0146u auduma pamatni veido 3 sl\u0101\u0146i: viskoze, celuloze un viskozes \u0161\u0137iedra. Elast\u012bgais audums lieliski izstiepjas, cie\u0161i piegu\u013c pie \u0101das un ir bag\u0101t\u012bgi pies\u016bcin\u0101ts ar esenci. Pateicoties pusm\u0113ness formai, spilventi\u0146us var uzkl\u0101t uz da\u017e\u0101d\u0101m sejas zon\u0101m.<\/p>\n<p>Produkta akt\u012bv\u0101s sast\u0101vda\u013cas nov\u0113r\u0161 pigment\u0101cijas veido\u0161anos visos posmos: t\u0101s blo\u0137\u0113 melan\u012bna veido\u0161anos, nov\u0113r\u0161 t\u0101 transport\u0113\u0161anu uz \u0101das aug\u0161\u0113jiem sl\u0101\u0146iem un stimul\u0113 t\u0101 no\u0101rd\u012b\u0161anos.<\/p>\n<p><strong>Galven\u0101s akt\u012bv\u0101s sast\u0101vda\u013cas: <\/strong><\/p>\n<ul>\n<li>Niacinam\u012bdam (vitam\u012bns B3) ir daudzfunkcion\u0101la iedarb\u012bba: tas izgaismo un nov\u0113r\u0161 pigment\u0101cijas par\u0101d\u012b\u0161anos, regul\u0113 sebuma sekr\u0113ciju, nov\u0113r\u0161ot taukainu sp\u012bdumu, k\u0101 ar\u012b stimul\u0113 kolag\u0113na ra\u017eo\u0161anu, palielinot elast\u012bbu un tvirtumu.<\/li>\n<li>Traneksam\u012bnsk\u0101be &#8211; balino\u0161\u0101 akt\u012bv\u0101 viela, kav\u0113 tirozin\u0101zes &#8211; enz\u012bma, kas izraisa melan\u012bna pigmenta veido\u0161anos, &#8211; darb\u012bbu. T\u0101 neizraisa fotosensitivit\u0101ti un to var lietot dienas kop\u0161an\u0101.<\/li>\n<li>Arbut\u012bns nov\u0113r\u0161 pigment\u0101cijas ra\u0161anos, kav\u0113jot enz\u012bma tirozin\u0101zes aktivit\u0101ti, k\u0101 ar\u012b tam piem\u012bt antiseptiska un nomierino\u0161a iedarb\u012bba.<\/li>\n<li>Melazero\u00ae ir balino\u0161s augu komplekss, kura pamat\u0101 ir musmulbene, piparm\u0113tra un decilglikoz\u012bds. Nov\u0113r\u0161 vecuma plankumu un melasmas ra\u0161anos.<\/li>\n<li>Papaijas ekstrakts nodro\u0161ina maigu, bet efekt\u012bvu att\u012br\u012b\u0161anu un p\u012blingu. Tam piem\u012bt balino\u0161s efekts, kas izl\u012bdzina kop\u0113jo toni un uzlabo sejas kr\u0101su.<\/li>\n<li>\u0100bolu ekstrakts ir bag\u0101ts ar olbaltumviel\u0101m, cukuriem, sk\u0101b\u0113m un vitam\u012bniem. Tas mitrina un m\u012bkstina \u0101du, tam piem\u012bt antibakteri\u0101la iedarb\u012bba un, maigi p\u012blingojot, tas uzlabo kop\u0113jo tonusu.<\/li>\n<li>8 hialuronsk\u0101bes veidi iedarbojas dzi\u013ci \u0101d\u0101 un uz t\u0101s virsmas, mitrinot un saglab\u0101jot mitrumu, nov\u0113r\u0161ot sausumu un sasprindzin\u0101jumu, k\u0101 ar\u012b izl\u012bdzinot tekst\u016bru un uzlabojot elast\u012bbu.<\/li>\n<\/ul>\n<p><strong>Lieto\u0161ana:<\/strong> p\u0113c mazg\u0101\u0161anas maigi noslaukiet seju ar spilventi\u0146u no centra uz perif\u0113riju. Intens\u012bv\u0101kam efektam uzkl\u0101jiet spilventi\u0146us uz pigment\u0101cijas zonas un atst\u0101jiet uz \u0101das uz 3-5 min\u016bt\u0113m, p\u0113c tam no\u0146emiet. Neskalojiet atliku\u0161o esenci, t\u0101 ies\u016bcas \u0101d\u0101.<\/p>\n<p><strong>S\u0101stavs:<\/strong> <span style=\"font-size: 16px;\">Water, Dipropylene Glycol, Butylene Glycol, Isopentyldiol, Niacinamide, Propanediol, Glycerin, Hydroxyacetophenone, Caprylyl Glycol, Tranexamic Acid, Ethylhexylglycerin, Xanthan Gum, Papaya Fruit Extract, Citric Acid, Plum Extract, Apple Extract, Grape Extract, 1,2-Hexanediol, Sodium Phytate,\u00a0Eriobotrya Japonica (Loquat) Leaf Extract, Sodium Hyaluronate, Spearmint Extract, Arbutin, Dipotassium Glycyrrhizate, Hydroxypropyltrimonium Hyaluronate, Tocopherol, Hydrolyzed Hyaluronic Acid, Sodium Acetylated Hyaluronate, Hyaluronic Acid, Sodium Hyaluronate Crosspolymer, Hydrolyzed Sodium Hyaluronate, Potassium Hyaluronate<\/span><\/p>\n<div class=\"card__accordion-item js-accordion-item\"><\/div>\n","protected":false},"excerpt":{"rendered":"<p>Celimax Pore+Dark Spot Brightening Toniz\u0113jo\u0161ie spilventi\u0146i izl\u012bdzina tekst\u016bru, maigi p\u012blings, mazina p\u0113pne un vecuma plankumus un pie\u0161\u0137ir vesel\u012bgu mirdzumu. Bl\u012bv\u012btes c\u012bn\u0101s ar bl\u0101vumu, izgaismo tauku pavedienus, nov\u0113r\u0161 pigment\u0101ciju un pal\u012bdz sa\u0161aurin\u0101t papla\u0161in\u0101t\u0101s poras, m\u012bkstina raupjos plankumus. Satur niacinam\u012bdu, traneksam\u012bnsk\u0101bi, arbut\u012bnu, balino\u0161o augu kompleksu Melazero\u00aeV2, papaijas, \u0101bolu, pl\u016bmju un v\u012bnogu ekstraktus, k\u0101 ar\u012b 8 veidu hialuronsk\u0101bi. pH l\u012bmenis 4,3-6,3.<\/p>\n","protected":false},"featured_media":23339,"comment_status":"open","ping_status":"closed","template":"","meta":{"site-sidebar-layout":"default","site-content-layout":"","ast-site-content-layout":"default","site-content-style":"default","site-sidebar-style":"default","ast-global-header-display":"","ast-banner-title-visibility":"","ast-main-header-display":"","ast-hfb-above-header-display":"","ast-hfb-below-header-display":"","ast-hfb-mobile-header-display":"","site-post-title":"","ast-breadcrumbs-content":"","ast-featured-img":"","footer-sml-layout":"","theme-transparent-header-meta":"default","adv-header-id-meta":"","stick-header-meta":"","header-above-stick-meta":"","header-main-stick-meta":"","header-below-stick-meta":"","astra-migrate-meta-layouts":"set","ast-page-background-enabled":"default","ast-page-background-meta":{"desktop":{"background-color":"var(--ast-global-color-4)","background-image":"","background-repeat":"repeat","background-position":"center center","background-size":"auto","background-attachment":"scroll","background-type":"","background-media":"","overlay-type":"","overlay-color":"","overlay-opacity":"","overlay-gradient":""},"tablet":{"background-color":"","background-image":"","background-repeat":"repeat","background-position":"center center","background-size":"auto","background-attachment":"scroll","background-type":"","background-media":"","overlay-type":"","overlay-color":"","overlay-opacity":"","overlay-gradient":""},"mobile":{"background-color":"","background-image":"","background-repeat":"repeat","background-position":"center center","background-size":"auto","background-attachment":"scroll","background-type":"","background-media":"","overlay-type":"","overlay-color":"","overlay-opacity":"","overlay-gradient":""}},"ast-content-background-meta":{"desktop":{"background-color":"var(--ast-global-color-5)","background-image":"","background-repeat":"repeat","background-position":"center center","background-size":"auto","background-attachment":"scroll","background-type":"","background-media":"","overlay-type":"","overlay-color":"","overlay-opacity":"","overlay-gradient":""},"tablet":{"background-color":"var(--ast-global-color-5)","background-image":"","background-repeat":"repeat","background-position":"center center","background-size":"auto","background-attachment":"scroll","background-type":"","background-media":"","overlay-type":"","overlay-color":"","overlay-opacity":"","overlay-gradient":""},"mobile":{"background-color":"var(--ast-global-color-5)","background-image":"","background-repeat":"repeat","background-position":"center center","background-size":"auto","background-attachment":"scroll","background-type":"","background-media":"","overlay-type":"","overlay-color":"","overlay-opacity":"","overlay-gradient":""}}},"product_brand":[],"product_cat":[375,328,377,364,376],"product_tag":[],"berocket_brand":[604],"class_list":{"0":"post-23338","1":"product","2":"type-product","3":"status-publish","4":"has-post-thumbnail","6":"product_cat-jutigai-adai-toneri","7":"product_cat-pilingi-un-skrubji","8":"product_cat-problematiskai-adai-toneri","9":"product_cat-toneri","10":"product_cat-kombinetai-adai-toneri","11":"berocket_brand-celimax","12":"desktop-align-left","13":"tablet-align-left","14":"mobile-align-left","16":"first","17":"instock","18":"taxable","19":"shipping-taxable","20":"purchasable","21":"product-type-simple","22":"add-to-wishlist-before_image"},"yoast_head":"<!-- This site is optimized with the Yoast SEO plugin v27.3 - https:\/\/yoast.com\/product\/yoast-seo-wordpress\/ -->\n<title>Toniz\u0113jo\u0161ie spilventi\u0146i \u0101das tonusa izl\u012bdzin\u0101\u0161anai Celimax Pore+Dark Spot Brightening Pad 40 gab - FACECORNER<\/title>\n<meta name=\"description\" content=\"Toniz\u0113jo\u0161ie spilventi\u0146i \u0101das tonusa un tekst\u016bras izl\u012bdzin\u0101\u0161anai Celimax Pore+Dark Spot Brightening Pad\u00a0 toniz\u0113jo\u0161ie spilventi\u0146i izl\u012bdzina \u0101das tekst\u016bru\" \/>\n<meta name=\"robots\" content=\"index, follow, max-snippet:-1, max-image-preview:large, max-video-preview:-1\" \/>\n<link rel=\"canonical\" href=\"https:\/\/www.facecorner.lv\/lv\/shop\/tonizejosie-spilventini-adas-tonusa-izlidzinasanai-celimax-poredark-spot-brightening-pad-40-gab\/\" \/>\n<meta property=\"og:locale\" content=\"lv_LV\" \/>\n<meta property=\"og:type\" content=\"article\" \/>\n<meta property=\"og:title\" content=\"Toniz\u0113jo\u0161ie spilventi\u0146i \u0101das tonusa izl\u012bdzin\u0101\u0161anai Celimax Pore+Dark Spot Brightening Pad 40 gab - FACECORNER\" \/>\n<meta property=\"og:description\" content=\"Toniz\u0113jo\u0161ie spilventi\u0146i \u0101das tonusa un tekst\u016bras izl\u012bdzin\u0101\u0161anai Celimax Pore+Dark Spot Brightening Pad\u00a0 toniz\u0113jo\u0161ie spilventi\u0146i izl\u012bdzina \u0101das tekst\u016bru\" \/>\n<meta property=\"og:url\" content=\"https:\/\/www.facecorner.lv\/lv\/shop\/tonizejosie-spilventini-adas-tonusa-izlidzinasanai-celimax-poredark-spot-brightening-pad-40-gab\/\" \/>\n<meta property=\"og:site_name\" content=\"FACECORNER\" \/>\n<meta property=\"article:publisher\" content=\"https:\/\/www.facebook.com\/profile.php?id=100063824551839\" \/>\n<meta property=\"article:modified_time\" content=\"2025-09-16T09:03:17+00:00\" \/>\n<meta property=\"og:image\" content=\"https:\/\/www.facecorner.lv\/wp-content\/uploads\/2025\/02\/Celimax_Pore_Dark_Spot_Brightening_Pad.webp\" \/>\n\t<meta property=\"og:image:width\" content=\"950\" \/>\n\t<meta property=\"og:image:height\" content=\"950\" \/>\n\t<meta property=\"og:image:type\" content=\"image\/webp\" \/>\n<meta name=\"twitter:card\" content=\"summary_large_image\" \/>\n<meta name=\"twitter:label1\" content=\"Price\" \/>\n\t<meta name=\"twitter:data1\" content=\"&euro;21.00\" \/>\n\t<meta name=\"twitter:label2\" content=\"Availability\" \/>\n\t<meta name=\"twitter:data2\" content=\"In stock\" \/>\n<script type=\"application\/ld+json\" class=\"yoast-schema-graph\">{\"@context\":\"https:\\\/\\\/schema.org\",\"@graph\":[{\"@type\":\"WebPage\",\"@id\":\"https:\\\/\\\/www.facecorner.lv\\\/shop\\\/tonizejosie-spilventini-adas-tonusa-izlidzinasanai-celimax-poredark-spot-brightening-pad-40-gab\\\/\",\"url\":\"https:\\\/\\\/www.facecorner.lv\\\/shop\\\/tonizejosie-spilventini-adas-tonusa-izlidzinasanai-celimax-poredark-spot-brightening-pad-40-gab\\\/\",\"name\":\"Toniz\u0113jo\u0161ie spilventi\u0146i \u0101das tonusa izl\u012bdzin\u0101\u0161anai Celimax Pore+Dark Spot Brightening Pad 40 gab - FACECORNER\",\"isPartOf\":{\"@id\":\"https:\\\/\\\/www.facecorner.lv\\\/#website\"},\"primaryImageOfPage\":{\"@id\":\"https:\\\/\\\/www.facecorner.lv\\\/shop\\\/tonizejosie-spilventini-adas-tonusa-izlidzinasanai-celimax-poredark-spot-brightening-pad-40-gab\\\/#primaryimage\"},\"image\":{\"@id\":\"https:\\\/\\\/www.facecorner.lv\\\/shop\\\/tonizejosie-spilventini-adas-tonusa-izlidzinasanai-celimax-poredark-spot-brightening-pad-40-gab\\\/#primaryimage\"},\"thumbnailUrl\":\"https:\\\/\\\/www.facecorner.lv\\\/wp-content\\\/uploads\\\/2025\\\/02\\\/Celimax_Pore_Dark_Spot_Brightening_Pad.webp\",\"datePublished\":\"2025-02-09T20:44:18+00:00\",\"dateModified\":\"2025-09-16T09:03:17+00:00\",\"description\":\"Toniz\u0113jo\u0161ie spilventi\u0146i \u0101das tonusa un tekst\u016bras izl\u012bdzin\u0101\u0161anai Celimax Pore+Dark Spot Brightening Pad\u00a0 toniz\u0113jo\u0161ie spilventi\u0146i izl\u012bdzina \u0101das tekst\u016bru\",\"breadcrumb\":{\"@id\":\"https:\\\/\\\/www.facecorner.lv\\\/shop\\\/tonizejosie-spilventini-adas-tonusa-izlidzinasanai-celimax-poredark-spot-brightening-pad-40-gab\\\/#breadcrumb\"},\"inLanguage\":\"lv-LV\",\"potentialAction\":[{\"@type\":\"ReadAction\",\"target\":[\"https:\\\/\\\/www.facecorner.lv\\\/shop\\\/tonizejosie-spilventini-adas-tonusa-izlidzinasanai-celimax-poredark-spot-brightening-pad-40-gab\\\/\"]}]},{\"@type\":\"ImageObject\",\"inLanguage\":\"lv-LV\",\"@id\":\"https:\\\/\\\/www.facecorner.lv\\\/shop\\\/tonizejosie-spilventini-adas-tonusa-izlidzinasanai-celimax-poredark-spot-brightening-pad-40-gab\\\/#primaryimage\",\"url\":\"https:\\\/\\\/www.facecorner.lv\\\/wp-content\\\/uploads\\\/2025\\\/02\\\/Celimax_Pore_Dark_Spot_Brightening_Pad.webp\",\"contentUrl\":\"https:\\\/\\\/www.facecorner.lv\\\/wp-content\\\/uploads\\\/2025\\\/02\\\/Celimax_Pore_Dark_Spot_Brightening_Pad.webp\",\"width\":950,\"height\":950,\"caption\":\"Celimax Pore+Dark Spot Brightening Pad\"},{\"@type\":\"BreadcrumbList\",\"@id\":\"https:\\\/\\\/www.facecorner.lv\\\/shop\\\/tonizejosie-spilventini-adas-tonusa-izlidzinasanai-celimax-poredark-spot-brightening-pad-40-gab\\\/#breadcrumb\",\"itemListElement\":[{\"@type\":\"ListItem\",\"position\":1,\"name\":\"Home\",\"item\":\"https:\\\/\\\/www.facecorner.lv\\\/\"},{\"@type\":\"ListItem\",\"position\":2,\"name\":\"Veikals\",\"item\":\"https:\\\/\\\/www.facecorner.lv\\\/shop\\\/\"},{\"@type\":\"ListItem\",\"position\":3,\"name\":\"Toniz\u0113jo\u0161ie spilventi\u0146i \u0101das tonusa izl\u012bdzin\u0101\u0161anai Celimax Pore+Dark Spot Brightening Pad 40 gab\"}]},{\"@type\":\"WebSite\",\"@id\":\"https:\\\/\\\/www.facecorner.lv\\\/#website\",\"url\":\"https:\\\/\\\/www.facecorner.lv\\\/\",\"name\":\"Facecorner\",\"description\":\"\",\"publisher\":{\"@id\":\"https:\\\/\\\/www.facecorner.lv\\\/#organization\"},\"potentialAction\":[{\"@type\":\"SearchAction\",\"target\":{\"@type\":\"EntryPoint\",\"urlTemplate\":\"https:\\\/\\\/www.facecorner.lv\\\/?s={search_term_string}\"},\"query-input\":{\"@type\":\"PropertyValueSpecification\",\"valueRequired\":true,\"valueName\":\"search_term_string\"}}],\"inLanguage\":\"lv-LV\"},{\"@type\":\"Organization\",\"@id\":\"https:\\\/\\\/www.facecorner.lv\\\/#organization\",\"name\":\"Facecorner\",\"url\":\"https:\\\/\\\/www.facecorner.lv\\\/\",\"logo\":{\"@type\":\"ImageObject\",\"inLanguage\":\"lv-LV\",\"@id\":\"https:\\\/\\\/www.facecorner.lv\\\/#\\\/schema\\\/logo\\\/image\\\/\",\"url\":\"https:\\\/\\\/www.facecorner.lv\\\/wp-content\\\/uploads\\\/2024\\\/04\\\/fc-logo.jpg\",\"contentUrl\":\"https:\\\/\\\/www.facecorner.lv\\\/wp-content\\\/uploads\\\/2024\\\/04\\\/fc-logo.jpg\",\"width\":174,\"height\":28,\"caption\":\"Facecorner\"},\"image\":{\"@id\":\"https:\\\/\\\/www.facecorner.lv\\\/#\\\/schema\\\/logo\\\/image\\\/\"},\"sameAs\":[\"https:\\\/\\\/www.facebook.com\\\/profile.php?id=100063824551839\",\"https:\\\/\\\/www.instagram.com\\\/facecorner_shop\\\/\"]}]}<\/script>\n<meta property=\"product:price:amount\" content=\"21.00\" \/>\n<meta property=\"product:price:currency\" content=\"EUR\" \/>\n<meta property=\"og:availability\" content=\"instock\" \/>\n<meta property=\"product:availability\" content=\"instock\" \/>\n<meta property=\"product:condition\" content=\"new\" \/>\n<!-- \/ Yoast SEO plugin. -->","yoast_head_json":{"title":"Toniz\u0113jo\u0161ie spilventi\u0146i \u0101das tonusa izl\u012bdzin\u0101\u0161anai Celimax Pore+Dark Spot Brightening Pad 40 gab - FACECORNER","description":"Toniz\u0113jo\u0161ie spilventi\u0146i \u0101das tonusa un tekst\u016bras izl\u012bdzin\u0101\u0161anai Celimax Pore+Dark Spot Brightening Pad\u00a0 toniz\u0113jo\u0161ie spilventi\u0146i izl\u012bdzina \u0101das tekst\u016bru","robots":{"index":"index","follow":"follow","max-snippet":"max-snippet:-1","max-image-preview":"max-image-preview:large","max-video-preview":"max-video-preview:-1"},"canonical":"https:\/\/www.facecorner.lv\/lv\/shop\/tonizejosie-spilventini-adas-tonusa-izlidzinasanai-celimax-poredark-spot-brightening-pad-40-gab\/","og_locale":"lv_LV","og_type":"article","og_title":"Toniz\u0113jo\u0161ie spilventi\u0146i \u0101das tonusa izl\u012bdzin\u0101\u0161anai Celimax Pore+Dark Spot Brightening Pad 40 gab - FACECORNER","og_description":"Toniz\u0113jo\u0161ie spilventi\u0146i \u0101das tonusa un tekst\u016bras izl\u012bdzin\u0101\u0161anai Celimax Pore+Dark Spot Brightening Pad\u00a0 toniz\u0113jo\u0161ie spilventi\u0146i izl\u012bdzina \u0101das tekst\u016bru","og_url":"https:\/\/www.facecorner.lv\/lv\/shop\/tonizejosie-spilventini-adas-tonusa-izlidzinasanai-celimax-poredark-spot-brightening-pad-40-gab\/","og_site_name":"FACECORNER","article_publisher":"https:\/\/www.facebook.com\/profile.php?id=100063824551839","article_modified_time":"2025-09-16T09:03:17+00:00","og_image":[{"width":950,"height":950,"url":"https:\/\/www.facecorner.lv\/wp-content\/uploads\/2025\/02\/Celimax_Pore_Dark_Spot_Brightening_Pad.webp","type":"image\/webp"}],"twitter_card":"summary_large_image","twitter_misc":{"Price":"&euro;21.00","Availability":"In stock"},"schema":{"@context":"https:\/\/schema.org","@graph":[{"@type":"WebPage","@id":"https:\/\/www.facecorner.lv\/shop\/tonizejosie-spilventini-adas-tonusa-izlidzinasanai-celimax-poredark-spot-brightening-pad-40-gab\/","url":"https:\/\/www.facecorner.lv\/shop\/tonizejosie-spilventini-adas-tonusa-izlidzinasanai-celimax-poredark-spot-brightening-pad-40-gab\/","name":"Toniz\u0113jo\u0161ie spilventi\u0146i \u0101das tonusa izl\u012bdzin\u0101\u0161anai Celimax Pore+Dark Spot Brightening Pad 40 gab - FACECORNER","isPartOf":{"@id":"https:\/\/www.facecorner.lv\/#website"},"primaryImageOfPage":{"@id":"https:\/\/www.facecorner.lv\/shop\/tonizejosie-spilventini-adas-tonusa-izlidzinasanai-celimax-poredark-spot-brightening-pad-40-gab\/#primaryimage"},"image":{"@id":"https:\/\/www.facecorner.lv\/shop\/tonizejosie-spilventini-adas-tonusa-izlidzinasanai-celimax-poredark-spot-brightening-pad-40-gab\/#primaryimage"},"thumbnailUrl":"https:\/\/www.facecorner.lv\/wp-content\/uploads\/2025\/02\/Celimax_Pore_Dark_Spot_Brightening_Pad.webp","datePublished":"2025-02-09T20:44:18+00:00","dateModified":"2025-09-16T09:03:17+00:00","description":"Toniz\u0113jo\u0161ie spilventi\u0146i \u0101das tonusa un tekst\u016bras izl\u012bdzin\u0101\u0161anai Celimax Pore+Dark Spot Brightening Pad\u00a0 toniz\u0113jo\u0161ie spilventi\u0146i izl\u012bdzina \u0101das tekst\u016bru","breadcrumb":{"@id":"https:\/\/www.facecorner.lv\/shop\/tonizejosie-spilventini-adas-tonusa-izlidzinasanai-celimax-poredark-spot-brightening-pad-40-gab\/#breadcrumb"},"inLanguage":"lv-LV","potentialAction":[{"@type":"ReadAction","target":["https:\/\/www.facecorner.lv\/shop\/tonizejosie-spilventini-adas-tonusa-izlidzinasanai-celimax-poredark-spot-brightening-pad-40-gab\/"]}]},{"@type":"ImageObject","inLanguage":"lv-LV","@id":"https:\/\/www.facecorner.lv\/shop\/tonizejosie-spilventini-adas-tonusa-izlidzinasanai-celimax-poredark-spot-brightening-pad-40-gab\/#primaryimage","url":"https:\/\/www.facecorner.lv\/wp-content\/uploads\/2025\/02\/Celimax_Pore_Dark_Spot_Brightening_Pad.webp","contentUrl":"https:\/\/www.facecorner.lv\/wp-content\/uploads\/2025\/02\/Celimax_Pore_Dark_Spot_Brightening_Pad.webp","width":950,"height":950,"caption":"Celimax Pore+Dark Spot Brightening Pad"},{"@type":"BreadcrumbList","@id":"https:\/\/www.facecorner.lv\/shop\/tonizejosie-spilventini-adas-tonusa-izlidzinasanai-celimax-poredark-spot-brightening-pad-40-gab\/#breadcrumb","itemListElement":[{"@type":"ListItem","position":1,"name":"Home","item":"https:\/\/www.facecorner.lv\/"},{"@type":"ListItem","position":2,"name":"Veikals","item":"https:\/\/www.facecorner.lv\/shop\/"},{"@type":"ListItem","position":3,"name":"Toniz\u0113jo\u0161ie spilventi\u0146i \u0101das tonusa izl\u012bdzin\u0101\u0161anai Celimax Pore+Dark Spot Brightening Pad 40 gab"}]},{"@type":"WebSite","@id":"https:\/\/www.facecorner.lv\/#website","url":"https:\/\/www.facecorner.lv\/","name":"Facecorner","description":"","publisher":{"@id":"https:\/\/www.facecorner.lv\/#organization"},"potentialAction":[{"@type":"SearchAction","target":{"@type":"EntryPoint","urlTemplate":"https:\/\/www.facecorner.lv\/?s={search_term_string}"},"query-input":{"@type":"PropertyValueSpecification","valueRequired":true,"valueName":"search_term_string"}}],"inLanguage":"lv-LV"},{"@type":"Organization","@id":"https:\/\/www.facecorner.lv\/#organization","name":"Facecorner","url":"https:\/\/www.facecorner.lv\/","logo":{"@type":"ImageObject","inLanguage":"lv-LV","@id":"https:\/\/www.facecorner.lv\/#\/schema\/logo\/image\/","url":"https:\/\/www.facecorner.lv\/wp-content\/uploads\/2024\/04\/fc-logo.jpg","contentUrl":"https:\/\/www.facecorner.lv\/wp-content\/uploads\/2024\/04\/fc-logo.jpg","width":174,"height":28,"caption":"Facecorner"},"image":{"@id":"https:\/\/www.facecorner.lv\/#\/schema\/logo\/image\/"},"sameAs":["https:\/\/www.facebook.com\/profile.php?id=100063824551839","https:\/\/www.instagram.com\/facecorner_shop\/"]}]},"product_price_amount":"21.00","product_price_currency":"EUR","og_availability":"instock","product_availability":"instock","product_condition":"new"},"_links":{"self":[{"href":"https:\/\/www.facecorner.lv\/lv\/wp-json\/wp\/v2\/product\/23338","targetHints":{"allow":["GET"]}}],"collection":[{"href":"https:\/\/www.facecorner.lv\/lv\/wp-json\/wp\/v2\/product"}],"about":[{"href":"https:\/\/www.facecorner.lv\/lv\/wp-json\/wp\/v2\/types\/product"}],"replies":[{"embeddable":true,"href":"https:\/\/www.facecorner.lv\/lv\/wp-json\/wp\/v2\/comments?post=23338"}],"wp:featuredmedia":[{"embeddable":true,"href":"https:\/\/www.facecorner.lv\/lv\/wp-json\/wp\/v2\/media\/23339"}],"wp:attachment":[{"href":"https:\/\/www.facecorner.lv\/lv\/wp-json\/wp\/v2\/media?parent=23338"}],"wp:term":[{"taxonomy":"product_brand","embeddable":true,"href":"https:\/\/www.facecorner.lv\/lv\/wp-json\/wp\/v2\/product_brand?post=23338"},{"taxonomy":"product_cat","embeddable":true,"href":"https:\/\/www.facecorner.lv\/lv\/wp-json\/wp\/v2\/product_cat?post=23338"},{"taxonomy":"product_tag","embeddable":true,"href":"https:\/\/www.facecorner.lv\/lv\/wp-json\/wp\/v2\/product_tag?post=23338"},{"taxonomy":"berocket_brand","embeddable":true,"href":"https:\/\/www.facecorner.lv\/lv\/wp-json\/wp\/v2\/berocket_brand?post=23338"}],"curies":[{"name":"wp","href":"https:\/\/api.w.org\/{rel}","templated":true}]}}