{"id":23335,"date":"2025-02-09T23:23:13","date_gmt":"2025-02-09T20:23:13","guid":{"rendered":"https:\/\/www.facecorner.lv\/?post_type=product&#038;p=23335"},"modified":"2025-07-18T19:06:55","modified_gmt":"2025-07-18T16:06:55","slug":"serums-adas-tona-un-teksturas-izlidzinasanai-celimax-poredark-spot-brightening-serum-30ml","status":"publish","type":"product","link":"https:\/\/www.facecorner.lv\/lv\/shop\/serums-adas-tona-un-teksturas-izlidzinasanai-celimax-poredark-spot-brightening-serum-30ml\/","title":{"rendered":"Serums \u0101das to\u0146a un tekst\u016bras izl\u012bdzin\u0101\u0161anai Celimax Pore+Dark Spot Brightening Serum 30ml"},"content":{"rendered":"<p>Serums \u0101das to\u0146a un tekst\u016bras izl\u012bdzin\u0101\u0161anai Celimax Pore+Dark Spot Brightening Serum maigi izgaismo pigment\u0101ciju un p\u0113c pinnes, uzlabo kop\u0113jo tonusu, nov\u0113r\u0161 bl\u0101vumu un nodro\u0161ina vesel\u012bgu mirdzumu. pH l\u012bmenis 5,9-7,9.<\/p>\n<p>Izl\u012bdzina \u0101das tekst\u016bru, sa\u0161aurina papla\u0161in\u0101t\u0101s poras, izl\u012bdzina mikroreljefu un izgaismo tauku pavedienus.<\/p>\n<p>Tam ir bl\u012bva tekst\u016bra, uzkl\u0101\u0161anas br\u012bd\u012b tas neatst\u0101j lip\u012bgumu, pat\u012bkami atsvaidzina. Neizraisa sausumu un kairin\u0101jumu, nesatur smar\u017evielas.<\/p>\n<p><strong>Galven\u0101s akt\u012bv\u0101s sast\u0101vda\u013cas:<\/strong><\/p>\n<ul>\n<li>5% niacinam\u012bda (vitam\u012bna B3) iedarb\u012bba ir daudzfunkcion\u0101la: tas regul\u0113 sebuma veido\u0161anos, nov\u0113r\u0161ot taukainu sp\u012bdumu, balina un nov\u0113r\u0161 pigment\u0101ciju, stimul\u0113 kolag\u0113na veido\u0161anos, palielinot tvirtumu un elast\u012bbu.<\/li>\n<li>3% traneksam\u012bnsk\u0101be &#8211; spilgtino\u0161a akt\u012bv\u0101 viela, kav\u0113 tirozin\u0101zes &#8211; enz\u012bma, kas izraisa melan\u012bna pigmenta veido\u0161anos &#8211; darb\u012bbu. Tas neizraisa fotosensitivit\u0101ti un to var lietot dienas kop\u0161an\u0101.<\/li>\n<li>Melazero\u00ae &#8211; balino\u0161s augu komplekss, kura pamat\u0101 ir musmulbene, piparm\u0113tra un decilglikoz\u012bds. Nov\u0113r\u0161 vecuma plankumu un melasmas ra\u0161anos.<\/li>\n<li>N\u0101trija hialuron\u0101ts &#8211; zemas molekulmasas hialuronsk\u0101be. Tas iek\u013c\u016bst dzi\u013ci raga sl\u0101n\u012b, intens\u012bvi mitrina, palielina elast\u012bbu un izl\u012bdzina reljefu. Celimax Serum n\u0101trija hialuron\u0101ts tiek ieg\u016bts, ferment\u0113jot mie\u017eus, t\u0101p\u0113c \u0161\u012b sast\u0101vda\u013ca ir veg\u0101niska.<\/li>\n<li>Bisabolols ir akt\u012bv\u0101 viela, kas ieg\u016bta no aptieci\u0146as kumel\u012btes. Nomierina, mazina aps\u0101rtumu un kairin\u0101jumu, pa\u0101trina audu atjauno\u0161anos.<\/li>\n<\/ul>\n<p><strong>Lieto\u0161ana:<\/strong> p\u0113c mazg\u0101\u0161anas un toniz\u0113\u0161anas uzkl\u0101jiet serumu uz sejas, izkl\u0101jiet to pa \u0101du. Dien\u0101 lietojiet saules aizsargkr\u0113mu. Lai pan\u0101ktu vislab\u0101ko efektu, ieteicams lietot kop\u0101 ar Celimax Pore+Dark Spot Brightening Pad.<\/p>\n<p><strong>S\u0101stavs:<\/strong> Water, Glycerin, Butylene Glycol, Niacinamide, Tranexamic Acid, 1,2-hexanediol, Methylpropanediol, Vinyl Dimethicone, Glycereth-26, Isononyl Isononanoate,\u00a0Eriobotrya Japonica\u00a0(Loquat) Leaf Extract, Spearmint Extract, Sodium Hyaluronate, Propanediol, Cetearyl Olivate, Sorbitan Olivate, Sodium Acrylates\/sodium Acryloyldimethyltaurate Copolymer, Isohexadecane, Hydroxyethyl Acrylates\/sodium Acryloyldimethyltaurate Copolymer, Ammonium Acryloyldimethyltaurate\/VP Copolymer, Disodium EDTA, Carbomer, Sorbitan Oleate, Tromethamine, Sorbitan Isostearate, Bisabolol, Polysorbate 20, Polysorbate 80, Polysorbate 60, Ethylhexylglycerin<\/p>\n","protected":false},"excerpt":{"rendered":"<p>Celimax Pore+Dark Spot Brightening Serum maigi izgaismo pigment\u0101cijas un \u0101das tonusu p\u0113c pinnes, uzlabo kop\u0113jo tonusu, nov\u0113r\u0161 bl\u0101vumu un pie\u0161\u0137ir vesel\u012bgu mirdzumu. Padara \u0101das tekst\u016bru gludu un vienm\u0113r\u012bgu, sa\u0161aurina papla\u0161in\u0101t\u0101s poras, izl\u012bdzina mikroreljefu un izgaismo tauku pavedienus. Neizraisa sausumu un kairin\u0101jumu. Sast\u0101vs: 5 % niacinam\u012bda, 3 % traneksam\u012bnsk\u0101bes, 1 % Melazero\u00ae augu spilgtino\u0161\u0101 kompleksa, hialuronsk\u0101bes un bisabolola. pH 5,9-7,9.<\/p>\n","protected":false},"featured_media":23336,"comment_status":"open","ping_status":"closed","template":"","meta":{"site-sidebar-layout":"default","site-content-layout":"","ast-site-content-layout":"default","site-content-style":"default","site-sidebar-style":"default","ast-global-header-display":"","ast-banner-title-visibility":"","ast-main-header-display":"","ast-hfb-above-header-display":"","ast-hfb-below-header-display":"","ast-hfb-mobile-header-display":"","site-post-title":"","ast-breadcrumbs-content":"","ast-featured-img":"","footer-sml-layout":"","theme-transparent-header-meta":"default","adv-header-id-meta":"","stick-header-meta":"","header-above-stick-meta":"","header-main-stick-meta":"","header-below-stick-meta":"","astra-migrate-meta-layouts":"set","ast-page-background-enabled":"default","ast-page-background-meta":{"desktop":{"background-color":"var(--ast-global-color-4)","background-image":"","background-repeat":"repeat","background-position":"center center","background-size":"auto","background-attachment":"scroll","background-type":"","background-media":"","overlay-type":"","overlay-color":"","overlay-opacity":"","overlay-gradient":""},"tablet":{"background-color":"","background-image":"","background-repeat":"repeat","background-position":"center center","background-size":"auto","background-attachment":"scroll","background-type":"","background-media":"","overlay-type":"","overlay-color":"","overlay-opacity":"","overlay-gradient":""},"mobile":{"background-color":"","background-image":"","background-repeat":"repeat","background-position":"center center","background-size":"auto","background-attachment":"scroll","background-type":"","background-media":"","overlay-type":"","overlay-color":"","overlay-opacity":"","overlay-gradient":""}},"ast-content-background-meta":{"desktop":{"background-color":"var(--ast-global-color-5)","background-image":"","background-repeat":"repeat","background-position":"center center","background-size":"auto","background-attachment":"scroll","background-type":"","background-media":"","overlay-type":"","overlay-color":"","overlay-opacity":"","overlay-gradient":""},"tablet":{"background-color":"var(--ast-global-color-5)","background-image":"","background-repeat":"repeat","background-position":"center center","background-size":"auto","background-attachment":"scroll","background-type":"","background-media":"","overlay-type":"","overlay-color":"","overlay-opacity":"","overlay-gradient":""},"mobile":{"background-color":"var(--ast-global-color-5)","background-image":"","background-repeat":"repeat","background-position":"center center","background-size":"auto","background-attachment":"scroll","background-type":"","background-media":"","overlay-type":"","overlay-color":"","overlay-opacity":"","overlay-gradient":""}}},"product_brand":[],"product_cat":[435],"product_tag":[],"berocket_brand":[604],"class_list":{"0":"post-23335","1":"product","2":"type-product","3":"status-publish","4":"has-post-thumbnail","6":"product_cat-jaunumi","7":"berocket_brand-celimax","8":"desktop-align-left","9":"tablet-align-left","10":"mobile-align-left","12":"first","13":"instock","14":"taxable","15":"shipping-taxable","16":"purchasable","17":"product-type-simple","18":"add-to-wishlist-before_image"},"yoast_head":"<!-- This site is optimized with the Yoast SEO plugin v27.4 - https:\/\/yoast.com\/product\/yoast-seo-wordpress\/ -->\n<title>Serums \u0101das to\u0146a un tekst\u016bras izl\u012bdzin\u0101\u0161anai Celimax Pore+Dark Spot Brightening Serum 30ml - FACECORNER<\/title>\n<meta name=\"description\" content=\"Serums \u0101das to\u0146a un tekst\u016bras izl\u012bdzin\u0101\u0161anai Celimax Pore+Dark Spot Brightening Serum maigi izgaismo pigment\u0101ciju un p\u0113c pinnes, uzlabo kop\u0113jo tonusu\" \/>\n<meta name=\"robots\" content=\"index, follow, max-snippet:-1, max-image-preview:large, max-video-preview:-1\" \/>\n<link rel=\"canonical\" href=\"https:\/\/www.facecorner.lv\/lv\/shop\/serums-adas-tona-un-teksturas-izlidzinasanai-celimax-poredark-spot-brightening-serum-30ml\/\" \/>\n<meta property=\"og:locale\" content=\"lv_LV\" \/>\n<meta property=\"og:type\" content=\"article\" \/>\n<meta property=\"og:title\" content=\"Serums \u0101das to\u0146a un tekst\u016bras izl\u012bdzin\u0101\u0161anai Celimax Pore+Dark Spot Brightening Serum 30ml - FACECORNER\" \/>\n<meta property=\"og:description\" content=\"Serums \u0101das to\u0146a un tekst\u016bras izl\u012bdzin\u0101\u0161anai Celimax Pore+Dark Spot Brightening Serum maigi izgaismo pigment\u0101ciju un p\u0113c pinnes, uzlabo kop\u0113jo tonusu\" \/>\n<meta property=\"og:url\" content=\"https:\/\/www.facecorner.lv\/lv\/shop\/serums-adas-tona-un-teksturas-izlidzinasanai-celimax-poredark-spot-brightening-serum-30ml\/\" \/>\n<meta property=\"og:site_name\" content=\"FACECORNER\" \/>\n<meta property=\"article:publisher\" content=\"https:\/\/www.facebook.com\/profile.php?id=100063824551839\" \/>\n<meta property=\"article:modified_time\" content=\"2025-07-18T16:06:55+00:00\" \/>\n<meta property=\"og:image\" content=\"https:\/\/www.facecorner.lv\/wp-content\/uploads\/2025\/02\/CelimaxPore_DarkSpotBrighteningSerum.webp\" \/>\n\t<meta property=\"og:image:width\" content=\"950\" \/>\n\t<meta property=\"og:image:height\" content=\"950\" \/>\n\t<meta property=\"og:image:type\" content=\"image\/webp\" \/>\n<meta name=\"twitter:card\" content=\"summary_large_image\" \/>\n<meta name=\"twitter:label1\" content=\"Price\" \/>\n\t<meta name=\"twitter:data1\" content=\"&euro;24.50\" \/>\n\t<meta name=\"twitter:label2\" content=\"Availability\" \/>\n\t<meta name=\"twitter:data2\" content=\"In stock\" \/>\n<script type=\"application\/ld+json\" class=\"yoast-schema-graph\">{\"@context\":\"https:\\\/\\\/schema.org\",\"@graph\":[{\"@type\":\"WebPage\",\"@id\":\"https:\\\/\\\/www.facecorner.lv\\\/shop\\\/serums-adas-tona-un-teksturas-izlidzinasanai-celimax-poredark-spot-brightening-serum-30ml\\\/\",\"url\":\"https:\\\/\\\/www.facecorner.lv\\\/shop\\\/serums-adas-tona-un-teksturas-izlidzinasanai-celimax-poredark-spot-brightening-serum-30ml\\\/\",\"name\":\"Serums \u0101das to\u0146a un tekst\u016bras izl\u012bdzin\u0101\u0161anai Celimax Pore+Dark Spot Brightening Serum 30ml - FACECORNER\",\"isPartOf\":{\"@id\":\"https:\\\/\\\/www.facecorner.lv\\\/#website\"},\"primaryImageOfPage\":{\"@id\":\"https:\\\/\\\/www.facecorner.lv\\\/shop\\\/serums-adas-tona-un-teksturas-izlidzinasanai-celimax-poredark-spot-brightening-serum-30ml\\\/#primaryimage\"},\"image\":{\"@id\":\"https:\\\/\\\/www.facecorner.lv\\\/shop\\\/serums-adas-tona-un-teksturas-izlidzinasanai-celimax-poredark-spot-brightening-serum-30ml\\\/#primaryimage\"},\"thumbnailUrl\":\"https:\\\/\\\/www.facecorner.lv\\\/wp-content\\\/uploads\\\/2025\\\/02\\\/CelimaxPore_DarkSpotBrighteningSerum.webp\",\"datePublished\":\"2025-02-09T20:23:13+00:00\",\"dateModified\":\"2025-07-18T16:06:55+00:00\",\"description\":\"Serums \u0101das to\u0146a un tekst\u016bras izl\u012bdzin\u0101\u0161anai Celimax Pore+Dark Spot Brightening Serum maigi izgaismo pigment\u0101ciju un p\u0113c pinnes, uzlabo kop\u0113jo tonusu\",\"breadcrumb\":{\"@id\":\"https:\\\/\\\/www.facecorner.lv\\\/shop\\\/serums-adas-tona-un-teksturas-izlidzinasanai-celimax-poredark-spot-brightening-serum-30ml\\\/#breadcrumb\"},\"inLanguage\":\"lv-LV\",\"potentialAction\":[{\"@type\":\"ReadAction\",\"target\":[\"https:\\\/\\\/www.facecorner.lv\\\/shop\\\/serums-adas-tona-un-teksturas-izlidzinasanai-celimax-poredark-spot-brightening-serum-30ml\\\/\"]}]},{\"@type\":\"ImageObject\",\"inLanguage\":\"lv-LV\",\"@id\":\"https:\\\/\\\/www.facecorner.lv\\\/shop\\\/serums-adas-tona-un-teksturas-izlidzinasanai-celimax-poredark-spot-brightening-serum-30ml\\\/#primaryimage\",\"url\":\"https:\\\/\\\/www.facecorner.lv\\\/wp-content\\\/uploads\\\/2025\\\/02\\\/CelimaxPore_DarkSpotBrighteningSerum.webp\",\"contentUrl\":\"https:\\\/\\\/www.facecorner.lv\\\/wp-content\\\/uploads\\\/2025\\\/02\\\/CelimaxPore_DarkSpotBrighteningSerum.webp\",\"width\":950,\"height\":950,\"caption\":\"Celimax Pore+Dark Spot Brightening Serum\"},{\"@type\":\"BreadcrumbList\",\"@id\":\"https:\\\/\\\/www.facecorner.lv\\\/shop\\\/serums-adas-tona-un-teksturas-izlidzinasanai-celimax-poredark-spot-brightening-serum-30ml\\\/#breadcrumb\",\"itemListElement\":[{\"@type\":\"ListItem\",\"position\":1,\"name\":\"Home\",\"item\":\"https:\\\/\\\/www.facecorner.lv\\\/\"},{\"@type\":\"ListItem\",\"position\":2,\"name\":\"Veikals\",\"item\":\"https:\\\/\\\/www.facecorner.lv\\\/shop\\\/\"},{\"@type\":\"ListItem\",\"position\":3,\"name\":\"Serums \u0101das to\u0146a un tekst\u016bras izl\u012bdzin\u0101\u0161anai Celimax Pore+Dark Spot Brightening Serum 30ml\"}]},{\"@type\":\"WebSite\",\"@id\":\"https:\\\/\\\/www.facecorner.lv\\\/#website\",\"url\":\"https:\\\/\\\/www.facecorner.lv\\\/\",\"name\":\"Facecorner\",\"description\":\"\",\"publisher\":{\"@id\":\"https:\\\/\\\/www.facecorner.lv\\\/#organization\"},\"potentialAction\":[{\"@type\":\"SearchAction\",\"target\":{\"@type\":\"EntryPoint\",\"urlTemplate\":\"https:\\\/\\\/www.facecorner.lv\\\/?s={search_term_string}\"},\"query-input\":{\"@type\":\"PropertyValueSpecification\",\"valueRequired\":true,\"valueName\":\"search_term_string\"}}],\"inLanguage\":\"lv-LV\"},{\"@type\":\"Organization\",\"@id\":\"https:\\\/\\\/www.facecorner.lv\\\/#organization\",\"name\":\"Facecorner\",\"url\":\"https:\\\/\\\/www.facecorner.lv\\\/\",\"logo\":{\"@type\":\"ImageObject\",\"inLanguage\":\"lv-LV\",\"@id\":\"https:\\\/\\\/www.facecorner.lv\\\/#\\\/schema\\\/logo\\\/image\\\/\",\"url\":\"https:\\\/\\\/www.facecorner.lv\\\/wp-content\\\/uploads\\\/2024\\\/04\\\/fc-logo.jpg\",\"contentUrl\":\"https:\\\/\\\/www.facecorner.lv\\\/wp-content\\\/uploads\\\/2024\\\/04\\\/fc-logo.jpg\",\"width\":174,\"height\":28,\"caption\":\"Facecorner\"},\"image\":{\"@id\":\"https:\\\/\\\/www.facecorner.lv\\\/#\\\/schema\\\/logo\\\/image\\\/\"},\"sameAs\":[\"https:\\\/\\\/www.facebook.com\\\/profile.php?id=100063824551839\",\"https:\\\/\\\/www.instagram.com\\\/facecorner_shop\\\/\"]}]}<\/script>\n<meta property=\"product:price:amount\" content=\"24.50\" \/>\n<meta property=\"product:price:currency\" content=\"EUR\" \/>\n<meta property=\"og:availability\" content=\"instock\" \/>\n<meta property=\"product:availability\" content=\"instock\" \/>\n<meta property=\"product:condition\" content=\"new\" \/>\n<!-- \/ Yoast SEO plugin. -->","yoast_head_json":{"title":"Serums \u0101das to\u0146a un tekst\u016bras izl\u012bdzin\u0101\u0161anai Celimax Pore+Dark Spot Brightening Serum 30ml - FACECORNER","description":"Serums \u0101das to\u0146a un tekst\u016bras izl\u012bdzin\u0101\u0161anai Celimax Pore+Dark Spot Brightening Serum maigi izgaismo pigment\u0101ciju un p\u0113c pinnes, uzlabo kop\u0113jo tonusu","robots":{"index":"index","follow":"follow","max-snippet":"max-snippet:-1","max-image-preview":"max-image-preview:large","max-video-preview":"max-video-preview:-1"},"canonical":"https:\/\/www.facecorner.lv\/lv\/shop\/serums-adas-tona-un-teksturas-izlidzinasanai-celimax-poredark-spot-brightening-serum-30ml\/","og_locale":"lv_LV","og_type":"article","og_title":"Serums \u0101das to\u0146a un tekst\u016bras izl\u012bdzin\u0101\u0161anai Celimax Pore+Dark Spot Brightening Serum 30ml - FACECORNER","og_description":"Serums \u0101das to\u0146a un tekst\u016bras izl\u012bdzin\u0101\u0161anai Celimax Pore+Dark Spot Brightening Serum maigi izgaismo pigment\u0101ciju un p\u0113c pinnes, uzlabo kop\u0113jo tonusu","og_url":"https:\/\/www.facecorner.lv\/lv\/shop\/serums-adas-tona-un-teksturas-izlidzinasanai-celimax-poredark-spot-brightening-serum-30ml\/","og_site_name":"FACECORNER","article_publisher":"https:\/\/www.facebook.com\/profile.php?id=100063824551839","article_modified_time":"2025-07-18T16:06:55+00:00","og_image":[{"width":950,"height":950,"url":"https:\/\/www.facecorner.lv\/wp-content\/uploads\/2025\/02\/CelimaxPore_DarkSpotBrighteningSerum.webp","type":"image\/webp"}],"twitter_card":"summary_large_image","twitter_misc":{"Price":"&euro;24.50","Availability":"In stock"},"schema":{"@context":"https:\/\/schema.org","@graph":[{"@type":"WebPage","@id":"https:\/\/www.facecorner.lv\/shop\/serums-adas-tona-un-teksturas-izlidzinasanai-celimax-poredark-spot-brightening-serum-30ml\/","url":"https:\/\/www.facecorner.lv\/shop\/serums-adas-tona-un-teksturas-izlidzinasanai-celimax-poredark-spot-brightening-serum-30ml\/","name":"Serums \u0101das to\u0146a un tekst\u016bras izl\u012bdzin\u0101\u0161anai Celimax Pore+Dark Spot Brightening Serum 30ml - FACECORNER","isPartOf":{"@id":"https:\/\/www.facecorner.lv\/#website"},"primaryImageOfPage":{"@id":"https:\/\/www.facecorner.lv\/shop\/serums-adas-tona-un-teksturas-izlidzinasanai-celimax-poredark-spot-brightening-serum-30ml\/#primaryimage"},"image":{"@id":"https:\/\/www.facecorner.lv\/shop\/serums-adas-tona-un-teksturas-izlidzinasanai-celimax-poredark-spot-brightening-serum-30ml\/#primaryimage"},"thumbnailUrl":"https:\/\/www.facecorner.lv\/wp-content\/uploads\/2025\/02\/CelimaxPore_DarkSpotBrighteningSerum.webp","datePublished":"2025-02-09T20:23:13+00:00","dateModified":"2025-07-18T16:06:55+00:00","description":"Serums \u0101das to\u0146a un tekst\u016bras izl\u012bdzin\u0101\u0161anai Celimax Pore+Dark Spot Brightening Serum maigi izgaismo pigment\u0101ciju un p\u0113c pinnes, uzlabo kop\u0113jo tonusu","breadcrumb":{"@id":"https:\/\/www.facecorner.lv\/shop\/serums-adas-tona-un-teksturas-izlidzinasanai-celimax-poredark-spot-brightening-serum-30ml\/#breadcrumb"},"inLanguage":"lv-LV","potentialAction":[{"@type":"ReadAction","target":["https:\/\/www.facecorner.lv\/shop\/serums-adas-tona-un-teksturas-izlidzinasanai-celimax-poredark-spot-brightening-serum-30ml\/"]}]},{"@type":"ImageObject","inLanguage":"lv-LV","@id":"https:\/\/www.facecorner.lv\/shop\/serums-adas-tona-un-teksturas-izlidzinasanai-celimax-poredark-spot-brightening-serum-30ml\/#primaryimage","url":"https:\/\/www.facecorner.lv\/wp-content\/uploads\/2025\/02\/CelimaxPore_DarkSpotBrighteningSerum.webp","contentUrl":"https:\/\/www.facecorner.lv\/wp-content\/uploads\/2025\/02\/CelimaxPore_DarkSpotBrighteningSerum.webp","width":950,"height":950,"caption":"Celimax Pore+Dark Spot Brightening Serum"},{"@type":"BreadcrumbList","@id":"https:\/\/www.facecorner.lv\/shop\/serums-adas-tona-un-teksturas-izlidzinasanai-celimax-poredark-spot-brightening-serum-30ml\/#breadcrumb","itemListElement":[{"@type":"ListItem","position":1,"name":"Home","item":"https:\/\/www.facecorner.lv\/"},{"@type":"ListItem","position":2,"name":"Veikals","item":"https:\/\/www.facecorner.lv\/shop\/"},{"@type":"ListItem","position":3,"name":"Serums \u0101das to\u0146a un tekst\u016bras izl\u012bdzin\u0101\u0161anai Celimax Pore+Dark Spot Brightening Serum 30ml"}]},{"@type":"WebSite","@id":"https:\/\/www.facecorner.lv\/#website","url":"https:\/\/www.facecorner.lv\/","name":"Facecorner","description":"","publisher":{"@id":"https:\/\/www.facecorner.lv\/#organization"},"potentialAction":[{"@type":"SearchAction","target":{"@type":"EntryPoint","urlTemplate":"https:\/\/www.facecorner.lv\/?s={search_term_string}"},"query-input":{"@type":"PropertyValueSpecification","valueRequired":true,"valueName":"search_term_string"}}],"inLanguage":"lv-LV"},{"@type":"Organization","@id":"https:\/\/www.facecorner.lv\/#organization","name":"Facecorner","url":"https:\/\/www.facecorner.lv\/","logo":{"@type":"ImageObject","inLanguage":"lv-LV","@id":"https:\/\/www.facecorner.lv\/#\/schema\/logo\/image\/","url":"https:\/\/www.facecorner.lv\/wp-content\/uploads\/2024\/04\/fc-logo.jpg","contentUrl":"https:\/\/www.facecorner.lv\/wp-content\/uploads\/2024\/04\/fc-logo.jpg","width":174,"height":28,"caption":"Facecorner"},"image":{"@id":"https:\/\/www.facecorner.lv\/#\/schema\/logo\/image\/"},"sameAs":["https:\/\/www.facebook.com\/profile.php?id=100063824551839","https:\/\/www.instagram.com\/facecorner_shop\/"]}]},"product_price_amount":"24.50","product_price_currency":"EUR","og_availability":"instock","product_availability":"instock","product_condition":"new"},"_links":{"self":[{"href":"https:\/\/www.facecorner.lv\/lv\/wp-json\/wp\/v2\/product\/23335","targetHints":{"allow":["GET"]}}],"collection":[{"href":"https:\/\/www.facecorner.lv\/lv\/wp-json\/wp\/v2\/product"}],"about":[{"href":"https:\/\/www.facecorner.lv\/lv\/wp-json\/wp\/v2\/types\/product"}],"replies":[{"embeddable":true,"href":"https:\/\/www.facecorner.lv\/lv\/wp-json\/wp\/v2\/comments?post=23335"}],"wp:featuredmedia":[{"embeddable":true,"href":"https:\/\/www.facecorner.lv\/lv\/wp-json\/wp\/v2\/media\/23336"}],"wp:attachment":[{"href":"https:\/\/www.facecorner.lv\/lv\/wp-json\/wp\/v2\/media?parent=23335"}],"wp:term":[{"taxonomy":"product_brand","embeddable":true,"href":"https:\/\/www.facecorner.lv\/lv\/wp-json\/wp\/v2\/product_brand?post=23335"},{"taxonomy":"product_cat","embeddable":true,"href":"https:\/\/www.facecorner.lv\/lv\/wp-json\/wp\/v2\/product_cat?post=23335"},{"taxonomy":"product_tag","embeddable":true,"href":"https:\/\/www.facecorner.lv\/lv\/wp-json\/wp\/v2\/product_tag?post=23335"},{"taxonomy":"berocket_brand","embeddable":true,"href":"https:\/\/www.facecorner.lv\/lv\/wp-json\/wp\/v2\/berocket_brand?post=23335"}],"curies":[{"name":"wp","href":"https:\/\/api.w.org\/{rel}","templated":true}]}}