{"id":23280,"date":"2025-02-03T21:30:32","date_gmt":"2025-02-03T18:30:32","guid":{"rendered":"https:\/\/www.facecorner.lv\/?post_type=product&#038;p=23280"},"modified":"2025-12-16T02:12:22","modified_gmt":"2025-12-15T23:12:22","slug":"medipeel-red-lacto-collagen-skin-care-set","status":"publish","type":"product","link":"https:\/\/www.facecorner.lv\/lv\/shop\/medipeel-red-lacto-collagen-skin-care-set\/","title":{"rendered":"MEDIPEEL Red Lacto Collagen Skin Care Set"},"content":{"rendered":"<p>MEDIPEEL Red Lacto Collagen Skin Care Set\u00a0 \u0161is ekskluz\u012bvais kompleksais \u0101das kop\u0161anas komplekts ir izstr\u0101d\u0101ts, lai dzi\u013ci mitrin\u0101tu, atjaunotu elast\u012bbu un maigi sa\u0161aurin\u0101tu poras.<\/p>\n<p>Tas satur tr\u012bs \u013coti efekt\u012bvus produktus: nomierino\u0161u toniku, nostiprino\u0161u serumu un mitrino\u0161u kr\u0113mu, kas bag\u0101tin\u0101ts ar pept\u012bdiem, hialuronsk\u0101bi un kolag\u0113nu.<\/p>\n<p>\u0160is komplekts ir ide\u0101ls ievads MEDIPEEL produktiem, nodro\u0161inot j\u016bsu \u0101dai profesion\u0101lu kop\u0161anu un redzamus rezult\u0101tus.<\/p>\n<p><strong>Komplekt\u0101 ietilpst (preces uzskait\u012btas lieto\u0161anas sec\u012bb\u0101):<\/strong><\/p>\n<p><strong>Sarkan\u0101 laktokolag\u0113na iet\u012b\u0161anas maska (15 ml)<\/strong> satur sp\u0113c\u012bgu kolag\u0113nu, kas atjauno \u0101das jaun\u012bbu, elast\u012bbu un tvirtumu. T\u0101 nodro\u0161ina intens\u012bvu mitrin\u0101\u0161anu, baro \u0101du un uztur t\u0101s dabisko mitruma l\u012bdzsvaru. T\u0101s unik\u0101l\u0101 formula iek\u013c\u016bst dzi\u013ci \u0101das sl\u0101\u0146os, stimul\u0113jot re\u0123ener\u0101cijas procesus. Viegli piel\u0101gojas sejas kont\u016br\u0101m. Pal\u012bdz no\u0146emt net\u012brumus, p\u0101rm\u0113r\u012bgu sebuma daudzumu un atmiru\u0161\u0101s \u0161\u016bnas, pie\u0161\u0137irot \u0101dai vesel\u012bgu un koptu izskatu. Lieto\u0161ana: uzkl\u0101jiet masku uz att\u012br\u012btas sejas \u0101das, iz\u0146emot apvidu ap ac\u012bm un muti. P\u0113c 10-20 min\u016bt\u0113m uz sejas virsmas par\u0101d\u0101s caursp\u012bd\u012bga pl\u0113ve, no\u0146emiet to, velkot malu. P\u0113c pl\u0113ves no\u0146em\u0161anas noskalojiet seju ar \u016bdeni.<\/p>\n<p><strong>Medi-Peel Red Lacto Collagen Soothing Essence Toneris (30 ml)<\/strong> satur bifidobakt\u0113riju ekstraktu, veg\u0101nu kolag\u0113nu, elast\u012bnu, pept\u012bdus, hialuronsk\u0101bi, augu un aug\u013cu ekstraktus. Pateicoties uzlabotai inkapsul\u0101cijas tehnolo\u0123ijai, akt\u012bv\u0101s sast\u0101vda\u013cas \u0101tri uzs\u016bcas un iek\u013c\u016bst dzi\u013ci \u0101das sl\u0101\u0146os, nodro\u0161inot mitrin\u0101\u0161anu un efektivit\u0101ti. Tonika formula samazina poras, uzlabo \u0101das tvirtumu un elast\u012bbu, izl\u012bdzina tekst\u016bru, nomierina un nov\u0113r\u0161 sausumu. Lieto\u0161ana: not\u012briet att\u012br\u012btu \u0101du ar vates disci\u0146u, kas samitrin\u0101ts ar toniku, vai uzkl\u0101jiet nelielu tonika daudzumu uz \u0101das ar t\u012br\u0101m rok\u0101m, maigi gl\u0101stot.<\/p>\n<p><strong>Sarkan\u0101 laktokolag\u0113na savelkojo\u0161\u0101 ampula (15 ml)<\/strong> ir paredz\u0113ta \u0101das tvirtuma un elast\u012bbas uzlabo\u0161anai. T\u0101s unik\u0101l\u0101 formula satur bifidobakt\u0113rijas, kas savelk poras, padarot \u0101du gludu un vienm\u0113r\u012bgu. Tr\u012bs veidu kolag\u0113ns pal\u012bdz uzlabot \u0101das elast\u012bbu un pie\u0161\u0137ir J\u016bsu sejai vesel\u012bgu sejas kr\u0101su. Pateicoties inovat\u012bvai inkapsul\u0101cijas tehnolo\u0123ijai, seruma akt\u012bv\u0101s sast\u0101vda\u013cas \u0101tri uzs\u016bcas un iek\u013c\u016bst dzi\u013ci \u0101das sl\u0101\u0146os, nodro\u0161inot intens\u012bvu mitrin\u0101\u0161anu un augstu efektivit\u0101ti. Serums ir dermatolo\u0123iski p\u0101rbaud\u012bts, sertific\u0113ts veg\u0101ns un piem\u0113rots visiem \u0101das tipiem, tostarp jut\u012bgai \u0101dai. \u0160is produkts ir ide\u0101li piem\u0113rots tiem, kas v\u0113las samazin\u0101t poru izskatu, uzlabot \u0101das tvirtumu un nodro\u0161in\u0101t ilgsto\u0161u mitrin\u0101\u0161anu. Piem\u0113rots visiem \u0101das tipiem. Lieto\u0161ana: uzkl\u0101jiet nelielu daudzumu seruma uz sejas. Vienm\u0113r\u012bgi izkl\u0101jiet serumu pa visu sejas \u0101du.<\/p>\n<p><strong>Sarkan\u0101 laktokolag\u0113na barjerkr\u0113ms (15 ml)<\/strong> nodro\u0161ina intens\u012bvu mitrin\u0101\u0161anu un piln\u012bgu kop\u0161anu, palielina \u0101das elast\u012bbu un uzlabo t\u0101s strukt\u016bru. Pateicoties unik\u0101lajam hialuronsk\u0101bes kompleksam, kr\u0113ms dzi\u013ci mitrina \u0101du, stiprinot t\u0101s dabisko aizsargbarjeru pret negat\u012bvo vides ietekmi. \u012apa\u0161a laktobacilu, augu kolag\u0113na un 6 veidu pept\u012bdu kombin\u0101cija iev\u0113rojami samazina poras un uzlabo \u0101das elast\u012bbu, pie\u0161\u0137irot tai jaun\u012bbas, gludu, starojo\u0161u un tvirt\u0101ku izskatu. Gran\u0101t\u0101bolu, \u0101bolu, dz\u0113rve\u0146u, zeme\u0146u un pl\u016bmju ekstrakti atbalsta \u0101das dabisko tvirtumu un vesel\u012bbu. Dermatolo\u0123iski test\u0113ts. Nesatur dz\u012bvnieku izcelsmes sast\u0101vda\u013cas. Lieto\u0161ana: \u0146em nelielu kr\u0113ma daudzumu un vienm\u0113r\u012bgi uzkl\u0101j uz sejas un kakla \u0101das.<\/p>\n<p>&nbsp;<\/p>\n","protected":false},"excerpt":{"rendered":"<p>MEDIPEEL Red Lacto Collagen Skin Care Set\u00a0 \u0161is ekskluz\u012bvais kompleksais \u0101das kop\u0161anas komplekts ir izstr\u0101d\u0101ts, lai dzi\u013ci mitrin\u0101tu, atjaunotu elast\u012bbu un maigi sa\u0161aurin\u0101tu poras.<\/p>\n","protected":false},"featured_media":23281,"comment_status":"open","ping_status":"closed","template":"","meta":{"site-sidebar-layout":"default","site-content-layout":"","ast-site-content-layout":"default","site-content-style":"default","site-sidebar-style":"default","ast-global-header-display":"","ast-banner-title-visibility":"","ast-main-header-display":"","ast-hfb-above-header-display":"","ast-hfb-below-header-display":"","ast-hfb-mobile-header-display":"","site-post-title":"","ast-breadcrumbs-content":"","ast-featured-img":"","footer-sml-layout":"","theme-transparent-header-meta":"default","adv-header-id-meta":"","stick-header-meta":"","header-above-stick-meta":"","header-main-stick-meta":"","header-below-stick-meta":"","astra-migrate-meta-layouts":"set","ast-page-background-enabled":"default","ast-page-background-meta":{"desktop":{"background-color":"var(--ast-global-color-4)","background-image":"","background-repeat":"repeat","background-position":"center center","background-size":"auto","background-attachment":"scroll","background-type":"","background-media":"","overlay-type":"","overlay-color":"","overlay-opacity":"","overlay-gradient":""},"tablet":{"background-color":"","background-image":"","background-repeat":"repeat","background-position":"center center","background-size":"auto","background-attachment":"scroll","background-type":"","background-media":"","overlay-type":"","overlay-color":"","overlay-opacity":"","overlay-gradient":""},"mobile":{"background-color":"","background-image":"","background-repeat":"repeat","background-position":"center center","background-size":"auto","background-attachment":"scroll","background-type":"","background-media":"","overlay-type":"","overlay-color":"","overlay-opacity":"","overlay-gradient":""}},"ast-content-background-meta":{"desktop":{"background-color":"var(--ast-global-color-5)","background-image":"","background-repeat":"repeat","background-position":"center center","background-size":"auto","background-attachment":"scroll","background-type":"","background-media":"","overlay-type":"","overlay-color":"","overlay-opacity":"","overlay-gradient":""},"tablet":{"background-color":"var(--ast-global-color-5)","background-image":"","background-repeat":"repeat","background-position":"center center","background-size":"auto","background-attachment":"scroll","background-type":"","background-media":"","overlay-type":"","overlay-color":"","overlay-opacity":"","overlay-gradient":""},"mobile":{"background-color":"var(--ast-global-color-5)","background-image":"","background-repeat":"repeat","background-position":"center center","background-size":"auto","background-attachment":"scroll","background-type":"","background-media":"","overlay-type":"","overlay-color":"","overlay-opacity":"","overlay-gradient":""}}},"product_brand":[],"product_cat":[310,318,315,307,364],"product_tag":[],"berocket_brand":[583],"class_list":{"0":"post-23280","1":"product","2":"type-product","3":"status-publish","4":"has-post-thumbnail","6":"product_cat-attirisana","7":"product_cat-komplekti-sejai","8":"product_cat-maskas","9":"product_cat-sejai","10":"product_cat-toneri","11":"berocket_brand-medi-peel","12":"desktop-align-left","13":"tablet-align-left","14":"mobile-align-left","16":"first","17":"instock","18":"taxable","19":"shipping-taxable","20":"purchasable","21":"product-type-simple","22":"add-to-wishlist-before_image"},"yoast_head":"<!-- This site is optimized with the Yoast SEO plugin v27.4 - https:\/\/yoast.com\/product\/yoast-seo-wordpress\/ -->\n<title>MEDIPEEL Red Lacto Collagen Skin Care Set - FACECORNER<\/title>\n<meta name=\"description\" content=\"MEDIPEEL Red Lacto Collagen Skin Care Set\u00a0 \u0161is ekskluz\u012bvais kompleksais \u0101das kop\u0161anas komplekts ir izstr\u0101d\u0101ts, lai dzi\u013ci mitrin\u0101tu, atjaunotu elast\u012bbu\" \/>\n<meta name=\"robots\" content=\"index, follow, max-snippet:-1, max-image-preview:large, max-video-preview:-1\" \/>\n<link rel=\"canonical\" href=\"https:\/\/www.facecorner.lv\/lv\/shop\/medipeel-red-lacto-collagen-skin-care-set\/\" \/>\n<meta property=\"og:locale\" content=\"lv_LV\" \/>\n<meta property=\"og:type\" content=\"article\" \/>\n<meta property=\"og:title\" content=\"MEDIPEEL Red Lacto Collagen Skin Care Set - FACECORNER\" \/>\n<meta property=\"og:description\" content=\"MEDIPEEL Red Lacto Collagen Skin Care Set\u00a0 \u0161is ekskluz\u012bvais kompleksais \u0101das kop\u0161anas komplekts ir izstr\u0101d\u0101ts, lai dzi\u013ci mitrin\u0101tu, atjaunotu elast\u012bbu\" \/>\n<meta property=\"og:url\" content=\"https:\/\/www.facecorner.lv\/lv\/shop\/medipeel-red-lacto-collagen-skin-care-set\/\" \/>\n<meta property=\"og:site_name\" content=\"FACECORNER\" \/>\n<meta property=\"article:publisher\" content=\"https:\/\/www.facebook.com\/profile.php?id=100063824551839\" \/>\n<meta property=\"article:modified_time\" content=\"2025-12-15T23:12:22+00:00\" \/>\n<meta property=\"og:image\" content=\"https:\/\/www.facecorner.lv\/wp-content\/uploads\/2025\/02\/Medi-Peel_Red_Lacto_Collagen_Skin_Care_Trial_Kit-c495b915262a3618ad52b910671f53c2.webp\" \/>\n\t<meta property=\"og:image:width\" content=\"1000\" \/>\n\t<meta property=\"og:image:height\" content=\"1000\" \/>\n\t<meta property=\"og:image:type\" content=\"image\/webp\" \/>\n<meta name=\"twitter:card\" content=\"summary_large_image\" \/>\n<meta name=\"twitter:label1\" content=\"Price\" \/>\n\t<meta name=\"twitter:data1\" content=\"&euro;22.00\" \/>\n\t<meta name=\"twitter:label2\" content=\"Availability\" \/>\n\t<meta name=\"twitter:data2\" content=\"In stock\" \/>\n<script type=\"application\/ld+json\" class=\"yoast-schema-graph\">{\"@context\":\"https:\\\/\\\/schema.org\",\"@graph\":[{\"@type\":\"WebPage\",\"@id\":\"https:\\\/\\\/www.facecorner.lv\\\/shop\\\/medipeel-red-lacto-collagen-skin-care-set\\\/\",\"url\":\"https:\\\/\\\/www.facecorner.lv\\\/shop\\\/medipeel-red-lacto-collagen-skin-care-set\\\/\",\"name\":\"MEDIPEEL Red Lacto Collagen Skin Care Set - FACECORNER\",\"isPartOf\":{\"@id\":\"https:\\\/\\\/www.facecorner.lv\\\/#website\"},\"primaryImageOfPage\":{\"@id\":\"https:\\\/\\\/www.facecorner.lv\\\/shop\\\/medipeel-red-lacto-collagen-skin-care-set\\\/#primaryimage\"},\"image\":{\"@id\":\"https:\\\/\\\/www.facecorner.lv\\\/shop\\\/medipeel-red-lacto-collagen-skin-care-set\\\/#primaryimage\"},\"thumbnailUrl\":\"https:\\\/\\\/www.facecorner.lv\\\/wp-content\\\/uploads\\\/2025\\\/02\\\/Medi-Peel_Red_Lacto_Collagen_Skin_Care_Trial_Kit-c495b915262a3618ad52b910671f53c2.webp\",\"datePublished\":\"2025-02-03T18:30:32+00:00\",\"dateModified\":\"2025-12-15T23:12:22+00:00\",\"description\":\"MEDIPEEL Red Lacto Collagen Skin Care Set\u00a0 \u0161is ekskluz\u012bvais kompleksais \u0101das kop\u0161anas komplekts ir izstr\u0101d\u0101ts, lai dzi\u013ci mitrin\u0101tu, atjaunotu elast\u012bbu\",\"breadcrumb\":{\"@id\":\"https:\\\/\\\/www.facecorner.lv\\\/shop\\\/medipeel-red-lacto-collagen-skin-care-set\\\/#breadcrumb\"},\"inLanguage\":\"lv-LV\",\"potentialAction\":[{\"@type\":\"ReadAction\",\"target\":[\"https:\\\/\\\/www.facecorner.lv\\\/shop\\\/medipeel-red-lacto-collagen-skin-care-set\\\/\"]}]},{\"@type\":\"ImageObject\",\"inLanguage\":\"lv-LV\",\"@id\":\"https:\\\/\\\/www.facecorner.lv\\\/shop\\\/medipeel-red-lacto-collagen-skin-care-set\\\/#primaryimage\",\"url\":\"https:\\\/\\\/www.facecorner.lv\\\/wp-content\\\/uploads\\\/2025\\\/02\\\/Medi-Peel_Red_Lacto_Collagen_Skin_Care_Trial_Kit-c495b915262a3618ad52b910671f53c2.webp\",\"contentUrl\":\"https:\\\/\\\/www.facecorner.lv\\\/wp-content\\\/uploads\\\/2025\\\/02\\\/Medi-Peel_Red_Lacto_Collagen_Skin_Care_Trial_Kit-c495b915262a3618ad52b910671f53c2.webp\",\"width\":1000,\"height\":1000,\"caption\":\"MEDIPEEL Red Lacto Collagen Skin Care Set\"},{\"@type\":\"BreadcrumbList\",\"@id\":\"https:\\\/\\\/www.facecorner.lv\\\/shop\\\/medipeel-red-lacto-collagen-skin-care-set\\\/#breadcrumb\",\"itemListElement\":[{\"@type\":\"ListItem\",\"position\":1,\"name\":\"Home\",\"item\":\"https:\\\/\\\/www.facecorner.lv\\\/\"},{\"@type\":\"ListItem\",\"position\":2,\"name\":\"Veikals\",\"item\":\"https:\\\/\\\/www.facecorner.lv\\\/shop\\\/\"},{\"@type\":\"ListItem\",\"position\":3,\"name\":\"MEDIPEEL Red Lacto Collagen Skin Care Set\"}]},{\"@type\":\"WebSite\",\"@id\":\"https:\\\/\\\/www.facecorner.lv\\\/#website\",\"url\":\"https:\\\/\\\/www.facecorner.lv\\\/\",\"name\":\"Facecorner\",\"description\":\"\",\"publisher\":{\"@id\":\"https:\\\/\\\/www.facecorner.lv\\\/#organization\"},\"potentialAction\":[{\"@type\":\"SearchAction\",\"target\":{\"@type\":\"EntryPoint\",\"urlTemplate\":\"https:\\\/\\\/www.facecorner.lv\\\/?s={search_term_string}\"},\"query-input\":{\"@type\":\"PropertyValueSpecification\",\"valueRequired\":true,\"valueName\":\"search_term_string\"}}],\"inLanguage\":\"lv-LV\"},{\"@type\":\"Organization\",\"@id\":\"https:\\\/\\\/www.facecorner.lv\\\/#organization\",\"name\":\"Facecorner\",\"url\":\"https:\\\/\\\/www.facecorner.lv\\\/\",\"logo\":{\"@type\":\"ImageObject\",\"inLanguage\":\"lv-LV\",\"@id\":\"https:\\\/\\\/www.facecorner.lv\\\/#\\\/schema\\\/logo\\\/image\\\/\",\"url\":\"https:\\\/\\\/www.facecorner.lv\\\/wp-content\\\/uploads\\\/2024\\\/04\\\/fc-logo.jpg\",\"contentUrl\":\"https:\\\/\\\/www.facecorner.lv\\\/wp-content\\\/uploads\\\/2024\\\/04\\\/fc-logo.jpg\",\"width\":174,\"height\":28,\"caption\":\"Facecorner\"},\"image\":{\"@id\":\"https:\\\/\\\/www.facecorner.lv\\\/#\\\/schema\\\/logo\\\/image\\\/\"},\"sameAs\":[\"https:\\\/\\\/www.facebook.com\\\/profile.php?id=100063824551839\",\"https:\\\/\\\/www.instagram.com\\\/facecorner_shop\\\/\"]}]}<\/script>\n<meta property=\"product:price:amount\" content=\"22.00\" \/>\n<meta property=\"product:price:currency\" content=\"EUR\" \/>\n<meta property=\"og:availability\" content=\"instock\" \/>\n<meta property=\"product:availability\" content=\"instock\" \/>\n<meta property=\"product:condition\" content=\"new\" \/>\n<!-- \/ Yoast SEO plugin. -->","yoast_head_json":{"title":"MEDIPEEL Red Lacto Collagen Skin Care Set - FACECORNER","description":"MEDIPEEL Red Lacto Collagen Skin Care Set\u00a0 \u0161is ekskluz\u012bvais kompleksais \u0101das kop\u0161anas komplekts ir izstr\u0101d\u0101ts, lai dzi\u013ci mitrin\u0101tu, atjaunotu elast\u012bbu","robots":{"index":"index","follow":"follow","max-snippet":"max-snippet:-1","max-image-preview":"max-image-preview:large","max-video-preview":"max-video-preview:-1"},"canonical":"https:\/\/www.facecorner.lv\/lv\/shop\/medipeel-red-lacto-collagen-skin-care-set\/","og_locale":"lv_LV","og_type":"article","og_title":"MEDIPEEL Red Lacto Collagen Skin Care Set - FACECORNER","og_description":"MEDIPEEL Red Lacto Collagen Skin Care Set\u00a0 \u0161is ekskluz\u012bvais kompleksais \u0101das kop\u0161anas komplekts ir izstr\u0101d\u0101ts, lai dzi\u013ci mitrin\u0101tu, atjaunotu elast\u012bbu","og_url":"https:\/\/www.facecorner.lv\/lv\/shop\/medipeel-red-lacto-collagen-skin-care-set\/","og_site_name":"FACECORNER","article_publisher":"https:\/\/www.facebook.com\/profile.php?id=100063824551839","article_modified_time":"2025-12-15T23:12:22+00:00","og_image":[{"width":1000,"height":1000,"url":"https:\/\/www.facecorner.lv\/wp-content\/uploads\/2025\/02\/Medi-Peel_Red_Lacto_Collagen_Skin_Care_Trial_Kit-c495b915262a3618ad52b910671f53c2.webp","type":"image\/webp"}],"twitter_card":"summary_large_image","twitter_misc":{"Price":"&euro;22.00","Availability":"In stock"},"schema":{"@context":"https:\/\/schema.org","@graph":[{"@type":"WebPage","@id":"https:\/\/www.facecorner.lv\/shop\/medipeel-red-lacto-collagen-skin-care-set\/","url":"https:\/\/www.facecorner.lv\/shop\/medipeel-red-lacto-collagen-skin-care-set\/","name":"MEDIPEEL Red Lacto Collagen Skin Care Set - FACECORNER","isPartOf":{"@id":"https:\/\/www.facecorner.lv\/#website"},"primaryImageOfPage":{"@id":"https:\/\/www.facecorner.lv\/shop\/medipeel-red-lacto-collagen-skin-care-set\/#primaryimage"},"image":{"@id":"https:\/\/www.facecorner.lv\/shop\/medipeel-red-lacto-collagen-skin-care-set\/#primaryimage"},"thumbnailUrl":"https:\/\/www.facecorner.lv\/wp-content\/uploads\/2025\/02\/Medi-Peel_Red_Lacto_Collagen_Skin_Care_Trial_Kit-c495b915262a3618ad52b910671f53c2.webp","datePublished":"2025-02-03T18:30:32+00:00","dateModified":"2025-12-15T23:12:22+00:00","description":"MEDIPEEL Red Lacto Collagen Skin Care Set\u00a0 \u0161is ekskluz\u012bvais kompleksais \u0101das kop\u0161anas komplekts ir izstr\u0101d\u0101ts, lai dzi\u013ci mitrin\u0101tu, atjaunotu elast\u012bbu","breadcrumb":{"@id":"https:\/\/www.facecorner.lv\/shop\/medipeel-red-lacto-collagen-skin-care-set\/#breadcrumb"},"inLanguage":"lv-LV","potentialAction":[{"@type":"ReadAction","target":["https:\/\/www.facecorner.lv\/shop\/medipeel-red-lacto-collagen-skin-care-set\/"]}]},{"@type":"ImageObject","inLanguage":"lv-LV","@id":"https:\/\/www.facecorner.lv\/shop\/medipeel-red-lacto-collagen-skin-care-set\/#primaryimage","url":"https:\/\/www.facecorner.lv\/wp-content\/uploads\/2025\/02\/Medi-Peel_Red_Lacto_Collagen_Skin_Care_Trial_Kit-c495b915262a3618ad52b910671f53c2.webp","contentUrl":"https:\/\/www.facecorner.lv\/wp-content\/uploads\/2025\/02\/Medi-Peel_Red_Lacto_Collagen_Skin_Care_Trial_Kit-c495b915262a3618ad52b910671f53c2.webp","width":1000,"height":1000,"caption":"MEDIPEEL Red Lacto Collagen Skin Care Set"},{"@type":"BreadcrumbList","@id":"https:\/\/www.facecorner.lv\/shop\/medipeel-red-lacto-collagen-skin-care-set\/#breadcrumb","itemListElement":[{"@type":"ListItem","position":1,"name":"Home","item":"https:\/\/www.facecorner.lv\/"},{"@type":"ListItem","position":2,"name":"Veikals","item":"https:\/\/www.facecorner.lv\/shop\/"},{"@type":"ListItem","position":3,"name":"MEDIPEEL Red Lacto Collagen Skin Care Set"}]},{"@type":"WebSite","@id":"https:\/\/www.facecorner.lv\/#website","url":"https:\/\/www.facecorner.lv\/","name":"Facecorner","description":"","publisher":{"@id":"https:\/\/www.facecorner.lv\/#organization"},"potentialAction":[{"@type":"SearchAction","target":{"@type":"EntryPoint","urlTemplate":"https:\/\/www.facecorner.lv\/?s={search_term_string}"},"query-input":{"@type":"PropertyValueSpecification","valueRequired":true,"valueName":"search_term_string"}}],"inLanguage":"lv-LV"},{"@type":"Organization","@id":"https:\/\/www.facecorner.lv\/#organization","name":"Facecorner","url":"https:\/\/www.facecorner.lv\/","logo":{"@type":"ImageObject","inLanguage":"lv-LV","@id":"https:\/\/www.facecorner.lv\/#\/schema\/logo\/image\/","url":"https:\/\/www.facecorner.lv\/wp-content\/uploads\/2024\/04\/fc-logo.jpg","contentUrl":"https:\/\/www.facecorner.lv\/wp-content\/uploads\/2024\/04\/fc-logo.jpg","width":174,"height":28,"caption":"Facecorner"},"image":{"@id":"https:\/\/www.facecorner.lv\/#\/schema\/logo\/image\/"},"sameAs":["https:\/\/www.facebook.com\/profile.php?id=100063824551839","https:\/\/www.instagram.com\/facecorner_shop\/"]}]},"product_price_amount":"22.00","product_price_currency":"EUR","og_availability":"instock","product_availability":"instock","product_condition":"new"},"_links":{"self":[{"href":"https:\/\/www.facecorner.lv\/lv\/wp-json\/wp\/v2\/product\/23280","targetHints":{"allow":["GET"]}}],"collection":[{"href":"https:\/\/www.facecorner.lv\/lv\/wp-json\/wp\/v2\/product"}],"about":[{"href":"https:\/\/www.facecorner.lv\/lv\/wp-json\/wp\/v2\/types\/product"}],"replies":[{"embeddable":true,"href":"https:\/\/www.facecorner.lv\/lv\/wp-json\/wp\/v2\/comments?post=23280"}],"wp:featuredmedia":[{"embeddable":true,"href":"https:\/\/www.facecorner.lv\/lv\/wp-json\/wp\/v2\/media\/23281"}],"wp:attachment":[{"href":"https:\/\/www.facecorner.lv\/lv\/wp-json\/wp\/v2\/media?parent=23280"}],"wp:term":[{"taxonomy":"product_brand","embeddable":true,"href":"https:\/\/www.facecorner.lv\/lv\/wp-json\/wp\/v2\/product_brand?post=23280"},{"taxonomy":"product_cat","embeddable":true,"href":"https:\/\/www.facecorner.lv\/lv\/wp-json\/wp\/v2\/product_cat?post=23280"},{"taxonomy":"product_tag","embeddable":true,"href":"https:\/\/www.facecorner.lv\/lv\/wp-json\/wp\/v2\/product_tag?post=23280"},{"taxonomy":"berocket_brand","embeddable":true,"href":"https:\/\/www.facecorner.lv\/lv\/wp-json\/wp\/v2\/berocket_brand?post=23280"}],"curies":[{"name":"wp","href":"https:\/\/api.w.org\/{rel}","templated":true}]}}