{"id":23210,"date":"2025-02-02T16:29:12","date_gmt":"2025-02-02T13:29:12","guid":{"rendered":"https:\/\/www.facecorner.lv\/?post_type=product&#038;p=23210"},"modified":"2025-12-30T11:09:46","modified_gmt":"2025-12-30T08:09:46","slug":"matu-apjomu-palielinoss-kondicionieris-esthetic-house-cp-1-volume-booster-conditioner-500ml","status":"publish","type":"product","link":"https:\/\/www.facecorner.lv\/lv\/shop\/matu-apjomu-palielinoss-kondicionieris-esthetic-house-cp-1-volume-booster-conditioner-500ml\/","title":{"rendered":"Matu apjomu palielino\u0161s kondicionieris Esthetic House CP-1 Volume Booster Conditioner 500ml"},"content":{"rendered":"<p>Matu apjomu palielino\u0161s kondicionieris Esthetic House CP-1 Volume Booster Conditioner efekt\u012bvi palielina smalku matu apjomu, padarot tos sul\u012bgus un vieglus. Tas akt\u012bvi stiprina katra matojuma strukt\u016bru, mazinot l\u016b\u0161anu un \u0161\u0137el\u0161anos, lai mati b\u016btu vizu\u0101li vesel\u012bg\u0101ki un biez\u0101ki. Kondicioniera \u012bpa\u0161i izstr\u0101d\u0101t\u0101 formula nodro\u0161ina dzi\u013cu baro\u0161anu un mitrin\u0101\u0161anu, nepadarot matus smagus. Tas pal\u012bdz saglab\u0101t dabisko apjomu un atvieglo matu veido\u0161anu.<\/p>\n<p><strong>Lieto\u0161\u0101na<\/strong>: P\u0113c mazg\u0101\u0161anas ar \u0161amp\u016bnu uzkl\u0101jiet kondicionieri uz mitriem matiem, vienm\u0113r\u012bgi izklied\u0113jot pa visu matu garumu, iz\u0146emot saknes, lai izvair\u012btos no matu apsm\u0113r\u0113\u0161anas. Atst\u0101jiet uz 2-3 min\u016bt\u0113m, lai akt\u012bv\u0101s sast\u0101vda\u013cas s\u0101ktu iedarboties, p\u0113c tam r\u016bp\u012bgi izskalojiet. Tas \u013caus jums sasniegt optim\u0101lu rezult\u0101tu un saglab\u0101t matu apjomu.<\/p>\n<p><strong>S\u0101stavs<\/strong>: <span style=\"font-size: 16px;\">Purified Water, Ceteraryl Alcohol, Cyclopentasiloxane, Dimethicone, Stearimonium Chloride, Propylene Glycol, Cetrimonium Chloride, Glycerin, Butylene Glycol, Acetylhexapeptide-8, Caputraipeptide-1, Palmitoylpentapeptide-4, Tripeptide-1, Palmitoyl Tripeptide-1, Hexapeptide-9, Nonapeptide-1, Molokia Leaf Extract, Black Bean Extract, Kelp Extract, Subzero Sugar Extract, Green Plum Extract, Green Plum Extract, Green Pepper Extract, Green Pepper Extract, Green Pepper Extract Lactobacillus\/Bean Fermentation Extract, Lactobacillus\/Pomegranate Fermentation Extract, 1,2-Hexanediol, Capryl Glycol, Methylpropanediol, Climbazole, Glycerylcaprylate, Ethylhexylglycerin, Dexpantenol, El-Mentol, Salicylic Acid, Sodium Citrate, Disodium Edithia, Flavoring<\/span><\/p>\n","protected":false},"excerpt":{"rendered":"<p>Matu apjomu palielino\u0161s kondicionieris Esthetic House CP-1 Volume Booster Conditioner efekt\u012bvi palielina smalku matu apjomu, padarot tos sul\u012bgus un vieglus. Tas akt\u012bvi stiprina katra matojuma strukt\u016bru, mazinot l\u016b\u0161anu un \u0161\u0137el\u0161anos, lai mati b\u016btu vizu\u0101li vesel\u012bg\u0101ki un biez\u0101ki. Kondicioniera \u012bpa\u0161i izstr\u0101d\u0101t\u0101 formula nodro\u0161ina dzi\u013cu baro\u0161anu un mitrin\u0101\u0161anu, nepadarot matus smagus. Tas pal\u012bdz saglab\u0101t dabisko apjomu un atvieglo matu veido\u0161anu.<\/p>\n","protected":false},"featured_media":23212,"comment_status":"open","ping_status":"closed","template":"","meta":{"site-sidebar-layout":"default","site-content-layout":"","ast-site-content-layout":"default","site-content-style":"default","site-sidebar-style":"default","ast-global-header-display":"","ast-banner-title-visibility":"","ast-main-header-display":"","ast-hfb-above-header-display":"","ast-hfb-below-header-display":"","ast-hfb-mobile-header-display":"","site-post-title":"","ast-breadcrumbs-content":"","ast-featured-img":"","footer-sml-layout":"","theme-transparent-header-meta":"default","adv-header-id-meta":"","stick-header-meta":"","header-above-stick-meta":"","header-main-stick-meta":"","header-below-stick-meta":"","astra-migrate-meta-layouts":"set","ast-page-background-enabled":"default","ast-page-background-meta":{"desktop":{"background-color":"var(--ast-global-color-4)","background-image":"","background-repeat":"repeat","background-position":"center center","background-size":"auto","background-attachment":"scroll","background-type":"","background-media":"","overlay-type":"","overlay-color":"","overlay-opacity":"","overlay-gradient":""},"tablet":{"background-color":"","background-image":"","background-repeat":"repeat","background-position":"center center","background-size":"auto","background-attachment":"scroll","background-type":"","background-media":"","overlay-type":"","overlay-color":"","overlay-opacity":"","overlay-gradient":""},"mobile":{"background-color":"","background-image":"","background-repeat":"repeat","background-position":"center center","background-size":"auto","background-attachment":"scroll","background-type":"","background-media":"","overlay-type":"","overlay-color":"","overlay-opacity":"","overlay-gradient":""}},"ast-content-background-meta":{"desktop":{"background-color":"var(--ast-global-color-5)","background-image":"","background-repeat":"repeat","background-position":"center center","background-size":"auto","background-attachment":"scroll","background-type":"","background-media":"","overlay-type":"","overlay-color":"","overlay-opacity":"","overlay-gradient":""},"tablet":{"background-color":"var(--ast-global-color-5)","background-image":"","background-repeat":"repeat","background-position":"center center","background-size":"auto","background-attachment":"scroll","background-type":"","background-media":"","overlay-type":"","overlay-color":"","overlay-opacity":"","overlay-gradient":""},"mobile":{"background-color":"var(--ast-global-color-5)","background-image":"","background-repeat":"repeat","background-position":"center center","background-size":"auto","background-attachment":"scroll","background-type":"","background-media":"","overlay-type":"","overlay-color":"","overlay-opacity":"","overlay-gradient":""}}},"product_brand":[],"product_cat":[356],"product_tag":[],"berocket_brand":[],"class_list":{"0":"post-23210","1":"product","2":"type-product","3":"status-publish","4":"has-post-thumbnail","6":"product_cat-kondicionieri","7":"desktop-align-left","8":"tablet-align-left","9":"mobile-align-left","11":"first","12":"instock","13":"taxable","14":"shipping-taxable","15":"purchasable","16":"product-type-simple","17":"add-to-wishlist-before_image"},"yoast_head":"<!-- This site is optimized with the Yoast SEO plugin v27.4 - https:\/\/yoast.com\/product\/yoast-seo-wordpress\/ -->\n<title>Matu apjomu palielino\u0161s kondicionieris Esthetic House CP-1 Volume Booster Conditioner 500ml - FACECORNER<\/title>\n<meta name=\"description\" content=\"Matu apjomu palielino\u0161s kondicionieris Esthetic House CP-1 Volume Booster Conditioner efekt\u012bvi palielina smalku matu apjomu, padarot tos sul\u012bgus un vieglus\" \/>\n<meta name=\"robots\" content=\"index, follow, max-snippet:-1, max-image-preview:large, max-video-preview:-1\" \/>\n<link rel=\"canonical\" href=\"https:\/\/www.facecorner.lv\/lv\/shop\/matu-apjomu-palielinoss-kondicionieris-esthetic-house-cp-1-volume-booster-conditioner-500ml\/\" \/>\n<meta property=\"og:locale\" content=\"lv_LV\" \/>\n<meta property=\"og:type\" content=\"article\" \/>\n<meta property=\"og:title\" content=\"Matu apjomu palielino\u0161s kondicionieris Esthetic House CP-1 Volume Booster Conditioner 500ml - FACECORNER\" \/>\n<meta property=\"og:description\" content=\"Matu apjomu palielino\u0161s kondicionieris Esthetic House CP-1 Volume Booster Conditioner efekt\u012bvi palielina smalku matu apjomu, padarot tos sul\u012bgus un vieglus\" \/>\n<meta property=\"og:url\" content=\"https:\/\/www.facecorner.lv\/lv\/shop\/matu-apjomu-palielinoss-kondicionieris-esthetic-house-cp-1-volume-booster-conditioner-500ml\/\" \/>\n<meta property=\"og:site_name\" content=\"FACECORNER\" \/>\n<meta property=\"article:publisher\" content=\"https:\/\/www.facebook.com\/profile.php?id=100063824551839\" \/>\n<meta property=\"article:modified_time\" content=\"2025-12-30T08:09:46+00:00\" \/>\n<meta property=\"og:image\" content=\"https:\/\/www.facecorner.lv\/wp-content\/uploads\/2025\/02\/esthetic-house-cp-1-volume-booster-conditioner-500ml-547.jpg\" \/>\n\t<meta property=\"og:image:width\" content=\"1000\" \/>\n\t<meta property=\"og:image:height\" content=\"1000\" \/>\n\t<meta property=\"og:image:type\" content=\"image\/jpeg\" \/>\n<meta name=\"twitter:card\" content=\"summary_large_image\" \/>\n<meta name=\"twitter:label1\" content=\"Price\" \/>\n\t<meta name=\"twitter:data1\" content=\"&euro;18.90\" \/>\n\t<meta name=\"twitter:label2\" content=\"Availability\" \/>\n\t<meta name=\"twitter:data2\" content=\"In stock\" \/>\n<script type=\"application\/ld+json\" class=\"yoast-schema-graph\">{\"@context\":\"https:\\\/\\\/schema.org\",\"@graph\":[{\"@type\":\"WebPage\",\"@id\":\"https:\\\/\\\/www.facecorner.lv\\\/shop\\\/matu-apjomu-palielinoss-kondicionieris-esthetic-house-cp-1-volume-booster-conditioner-500ml\\\/\",\"url\":\"https:\\\/\\\/www.facecorner.lv\\\/shop\\\/matu-apjomu-palielinoss-kondicionieris-esthetic-house-cp-1-volume-booster-conditioner-500ml\\\/\",\"name\":\"Matu apjomu palielino\u0161s kondicionieris Esthetic House CP-1 Volume Booster Conditioner 500ml - FACECORNER\",\"isPartOf\":{\"@id\":\"https:\\\/\\\/www.facecorner.lv\\\/#website\"},\"primaryImageOfPage\":{\"@id\":\"https:\\\/\\\/www.facecorner.lv\\\/shop\\\/matu-apjomu-palielinoss-kondicionieris-esthetic-house-cp-1-volume-booster-conditioner-500ml\\\/#primaryimage\"},\"image\":{\"@id\":\"https:\\\/\\\/www.facecorner.lv\\\/shop\\\/matu-apjomu-palielinoss-kondicionieris-esthetic-house-cp-1-volume-booster-conditioner-500ml\\\/#primaryimage\"},\"thumbnailUrl\":\"https:\\\/\\\/www.facecorner.lv\\\/wp-content\\\/uploads\\\/2025\\\/02\\\/esthetic-house-cp-1-volume-booster-conditioner-500ml-547.jpg\",\"datePublished\":\"2025-02-02T13:29:12+00:00\",\"dateModified\":\"2025-12-30T08:09:46+00:00\",\"description\":\"Matu apjomu palielino\u0161s kondicionieris Esthetic House CP-1 Volume Booster Conditioner efekt\u012bvi palielina smalku matu apjomu, padarot tos sul\u012bgus un vieglus\",\"breadcrumb\":{\"@id\":\"https:\\\/\\\/www.facecorner.lv\\\/shop\\\/matu-apjomu-palielinoss-kondicionieris-esthetic-house-cp-1-volume-booster-conditioner-500ml\\\/#breadcrumb\"},\"inLanguage\":\"lv-LV\",\"potentialAction\":[{\"@type\":\"ReadAction\",\"target\":[\"https:\\\/\\\/www.facecorner.lv\\\/shop\\\/matu-apjomu-palielinoss-kondicionieris-esthetic-house-cp-1-volume-booster-conditioner-500ml\\\/\"]}]},{\"@type\":\"ImageObject\",\"inLanguage\":\"lv-LV\",\"@id\":\"https:\\\/\\\/www.facecorner.lv\\\/shop\\\/matu-apjomu-palielinoss-kondicionieris-esthetic-house-cp-1-volume-booster-conditioner-500ml\\\/#primaryimage\",\"url\":\"https:\\\/\\\/www.facecorner.lv\\\/wp-content\\\/uploads\\\/2025\\\/02\\\/esthetic-house-cp-1-volume-booster-conditioner-500ml-547.jpg\",\"contentUrl\":\"https:\\\/\\\/www.facecorner.lv\\\/wp-content\\\/uploads\\\/2025\\\/02\\\/esthetic-house-cp-1-volume-booster-conditioner-500ml-547.jpg\",\"width\":1000,\"height\":1000,\"caption\":\"Matu apjomu palielino\u0161s kondicionieris Esthetic House CP-1 Volume Booster Conditioner\"},{\"@type\":\"BreadcrumbList\",\"@id\":\"https:\\\/\\\/www.facecorner.lv\\\/shop\\\/matu-apjomu-palielinoss-kondicionieris-esthetic-house-cp-1-volume-booster-conditioner-500ml\\\/#breadcrumb\",\"itemListElement\":[{\"@type\":\"ListItem\",\"position\":1,\"name\":\"Home\",\"item\":\"https:\\\/\\\/www.facecorner.lv\\\/\"},{\"@type\":\"ListItem\",\"position\":2,\"name\":\"Veikals\",\"item\":\"https:\\\/\\\/www.facecorner.lv\\\/shop\\\/\"},{\"@type\":\"ListItem\",\"position\":3,\"name\":\"Matu apjomu palielino\u0161s kondicionieris Esthetic House CP-1 Volume Booster Conditioner 500ml\"}]},{\"@type\":\"WebSite\",\"@id\":\"https:\\\/\\\/www.facecorner.lv\\\/#website\",\"url\":\"https:\\\/\\\/www.facecorner.lv\\\/\",\"name\":\"Facecorner\",\"description\":\"\",\"publisher\":{\"@id\":\"https:\\\/\\\/www.facecorner.lv\\\/#organization\"},\"potentialAction\":[{\"@type\":\"SearchAction\",\"target\":{\"@type\":\"EntryPoint\",\"urlTemplate\":\"https:\\\/\\\/www.facecorner.lv\\\/?s={search_term_string}\"},\"query-input\":{\"@type\":\"PropertyValueSpecification\",\"valueRequired\":true,\"valueName\":\"search_term_string\"}}],\"inLanguage\":\"lv-LV\"},{\"@type\":\"Organization\",\"@id\":\"https:\\\/\\\/www.facecorner.lv\\\/#organization\",\"name\":\"Facecorner\",\"url\":\"https:\\\/\\\/www.facecorner.lv\\\/\",\"logo\":{\"@type\":\"ImageObject\",\"inLanguage\":\"lv-LV\",\"@id\":\"https:\\\/\\\/www.facecorner.lv\\\/#\\\/schema\\\/logo\\\/image\\\/\",\"url\":\"https:\\\/\\\/www.facecorner.lv\\\/wp-content\\\/uploads\\\/2024\\\/04\\\/fc-logo.jpg\",\"contentUrl\":\"https:\\\/\\\/www.facecorner.lv\\\/wp-content\\\/uploads\\\/2024\\\/04\\\/fc-logo.jpg\",\"width\":174,\"height\":28,\"caption\":\"Facecorner\"},\"image\":{\"@id\":\"https:\\\/\\\/www.facecorner.lv\\\/#\\\/schema\\\/logo\\\/image\\\/\"},\"sameAs\":[\"https:\\\/\\\/www.facebook.com\\\/profile.php?id=100063824551839\",\"https:\\\/\\\/www.instagram.com\\\/facecorner_shop\\\/\"]}]}<\/script>\n<meta property=\"product:price:amount\" content=\"18.90\" \/>\n<meta property=\"product:price:currency\" content=\"EUR\" \/>\n<meta property=\"og:availability\" content=\"instock\" \/>\n<meta property=\"product:availability\" content=\"instock\" \/>\n<meta property=\"product:condition\" content=\"new\" \/>\n<!-- \/ Yoast SEO plugin. -->","yoast_head_json":{"title":"Matu apjomu palielino\u0161s kondicionieris Esthetic House CP-1 Volume Booster Conditioner 500ml - FACECORNER","description":"Matu apjomu palielino\u0161s kondicionieris Esthetic House CP-1 Volume Booster Conditioner efekt\u012bvi palielina smalku matu apjomu, padarot tos sul\u012bgus un vieglus","robots":{"index":"index","follow":"follow","max-snippet":"max-snippet:-1","max-image-preview":"max-image-preview:large","max-video-preview":"max-video-preview:-1"},"canonical":"https:\/\/www.facecorner.lv\/lv\/shop\/matu-apjomu-palielinoss-kondicionieris-esthetic-house-cp-1-volume-booster-conditioner-500ml\/","og_locale":"lv_LV","og_type":"article","og_title":"Matu apjomu palielino\u0161s kondicionieris Esthetic House CP-1 Volume Booster Conditioner 500ml - FACECORNER","og_description":"Matu apjomu palielino\u0161s kondicionieris Esthetic House CP-1 Volume Booster Conditioner efekt\u012bvi palielina smalku matu apjomu, padarot tos sul\u012bgus un vieglus","og_url":"https:\/\/www.facecorner.lv\/lv\/shop\/matu-apjomu-palielinoss-kondicionieris-esthetic-house-cp-1-volume-booster-conditioner-500ml\/","og_site_name":"FACECORNER","article_publisher":"https:\/\/www.facebook.com\/profile.php?id=100063824551839","article_modified_time":"2025-12-30T08:09:46+00:00","og_image":[{"width":1000,"height":1000,"url":"https:\/\/www.facecorner.lv\/wp-content\/uploads\/2025\/02\/esthetic-house-cp-1-volume-booster-conditioner-500ml-547.jpg","type":"image\/jpeg"}],"twitter_card":"summary_large_image","twitter_misc":{"Price":"&euro;18.90","Availability":"In stock"},"schema":{"@context":"https:\/\/schema.org","@graph":[{"@type":"WebPage","@id":"https:\/\/www.facecorner.lv\/shop\/matu-apjomu-palielinoss-kondicionieris-esthetic-house-cp-1-volume-booster-conditioner-500ml\/","url":"https:\/\/www.facecorner.lv\/shop\/matu-apjomu-palielinoss-kondicionieris-esthetic-house-cp-1-volume-booster-conditioner-500ml\/","name":"Matu apjomu palielino\u0161s kondicionieris Esthetic House CP-1 Volume Booster Conditioner 500ml - FACECORNER","isPartOf":{"@id":"https:\/\/www.facecorner.lv\/#website"},"primaryImageOfPage":{"@id":"https:\/\/www.facecorner.lv\/shop\/matu-apjomu-palielinoss-kondicionieris-esthetic-house-cp-1-volume-booster-conditioner-500ml\/#primaryimage"},"image":{"@id":"https:\/\/www.facecorner.lv\/shop\/matu-apjomu-palielinoss-kondicionieris-esthetic-house-cp-1-volume-booster-conditioner-500ml\/#primaryimage"},"thumbnailUrl":"https:\/\/www.facecorner.lv\/wp-content\/uploads\/2025\/02\/esthetic-house-cp-1-volume-booster-conditioner-500ml-547.jpg","datePublished":"2025-02-02T13:29:12+00:00","dateModified":"2025-12-30T08:09:46+00:00","description":"Matu apjomu palielino\u0161s kondicionieris Esthetic House CP-1 Volume Booster Conditioner efekt\u012bvi palielina smalku matu apjomu, padarot tos sul\u012bgus un vieglus","breadcrumb":{"@id":"https:\/\/www.facecorner.lv\/shop\/matu-apjomu-palielinoss-kondicionieris-esthetic-house-cp-1-volume-booster-conditioner-500ml\/#breadcrumb"},"inLanguage":"lv-LV","potentialAction":[{"@type":"ReadAction","target":["https:\/\/www.facecorner.lv\/shop\/matu-apjomu-palielinoss-kondicionieris-esthetic-house-cp-1-volume-booster-conditioner-500ml\/"]}]},{"@type":"ImageObject","inLanguage":"lv-LV","@id":"https:\/\/www.facecorner.lv\/shop\/matu-apjomu-palielinoss-kondicionieris-esthetic-house-cp-1-volume-booster-conditioner-500ml\/#primaryimage","url":"https:\/\/www.facecorner.lv\/wp-content\/uploads\/2025\/02\/esthetic-house-cp-1-volume-booster-conditioner-500ml-547.jpg","contentUrl":"https:\/\/www.facecorner.lv\/wp-content\/uploads\/2025\/02\/esthetic-house-cp-1-volume-booster-conditioner-500ml-547.jpg","width":1000,"height":1000,"caption":"Matu apjomu palielino\u0161s kondicionieris Esthetic House CP-1 Volume Booster Conditioner"},{"@type":"BreadcrumbList","@id":"https:\/\/www.facecorner.lv\/shop\/matu-apjomu-palielinoss-kondicionieris-esthetic-house-cp-1-volume-booster-conditioner-500ml\/#breadcrumb","itemListElement":[{"@type":"ListItem","position":1,"name":"Home","item":"https:\/\/www.facecorner.lv\/"},{"@type":"ListItem","position":2,"name":"Veikals","item":"https:\/\/www.facecorner.lv\/shop\/"},{"@type":"ListItem","position":3,"name":"Matu apjomu palielino\u0161s kondicionieris Esthetic House CP-1 Volume Booster Conditioner 500ml"}]},{"@type":"WebSite","@id":"https:\/\/www.facecorner.lv\/#website","url":"https:\/\/www.facecorner.lv\/","name":"Facecorner","description":"","publisher":{"@id":"https:\/\/www.facecorner.lv\/#organization"},"potentialAction":[{"@type":"SearchAction","target":{"@type":"EntryPoint","urlTemplate":"https:\/\/www.facecorner.lv\/?s={search_term_string}"},"query-input":{"@type":"PropertyValueSpecification","valueRequired":true,"valueName":"search_term_string"}}],"inLanguage":"lv-LV"},{"@type":"Organization","@id":"https:\/\/www.facecorner.lv\/#organization","name":"Facecorner","url":"https:\/\/www.facecorner.lv\/","logo":{"@type":"ImageObject","inLanguage":"lv-LV","@id":"https:\/\/www.facecorner.lv\/#\/schema\/logo\/image\/","url":"https:\/\/www.facecorner.lv\/wp-content\/uploads\/2024\/04\/fc-logo.jpg","contentUrl":"https:\/\/www.facecorner.lv\/wp-content\/uploads\/2024\/04\/fc-logo.jpg","width":174,"height":28,"caption":"Facecorner"},"image":{"@id":"https:\/\/www.facecorner.lv\/#\/schema\/logo\/image\/"},"sameAs":["https:\/\/www.facebook.com\/profile.php?id=100063824551839","https:\/\/www.instagram.com\/facecorner_shop\/"]}]},"product_price_amount":"18.90","product_price_currency":"EUR","og_availability":"instock","product_availability":"instock","product_condition":"new"},"_links":{"self":[{"href":"https:\/\/www.facecorner.lv\/lv\/wp-json\/wp\/v2\/product\/23210","targetHints":{"allow":["GET"]}}],"collection":[{"href":"https:\/\/www.facecorner.lv\/lv\/wp-json\/wp\/v2\/product"}],"about":[{"href":"https:\/\/www.facecorner.lv\/lv\/wp-json\/wp\/v2\/types\/product"}],"replies":[{"embeddable":true,"href":"https:\/\/www.facecorner.lv\/lv\/wp-json\/wp\/v2\/comments?post=23210"}],"wp:featuredmedia":[{"embeddable":true,"href":"https:\/\/www.facecorner.lv\/lv\/wp-json\/wp\/v2\/media\/23212"}],"wp:attachment":[{"href":"https:\/\/www.facecorner.lv\/lv\/wp-json\/wp\/v2\/media?parent=23210"}],"wp:term":[{"taxonomy":"product_brand","embeddable":true,"href":"https:\/\/www.facecorner.lv\/lv\/wp-json\/wp\/v2\/product_brand?post=23210"},{"taxonomy":"product_cat","embeddable":true,"href":"https:\/\/www.facecorner.lv\/lv\/wp-json\/wp\/v2\/product_cat?post=23210"},{"taxonomy":"product_tag","embeddable":true,"href":"https:\/\/www.facecorner.lv\/lv\/wp-json\/wp\/v2\/product_tag?post=23210"},{"taxonomy":"berocket_brand","embeddable":true,"href":"https:\/\/www.facecorner.lv\/lv\/wp-json\/wp\/v2\/berocket_brand?post=23210"}],"curies":[{"name":"wp","href":"https:\/\/api.w.org\/{rel}","templated":true}]}}