{"id":23206,"date":"2025-02-02T15:53:31","date_gmt":"2025-02-02T12:53:31","guid":{"rendered":"https:\/\/www.facecorner.lv\/?post_type=product&#038;p=23206"},"modified":"2025-02-02T15:55:44","modified_gmt":"2025-02-02T12:55:44","slug":"apjomu-palielinoss-sampuns-cp-1-volume-booster-shampoo","status":"publish","type":"product","link":"https:\/\/www.facecorner.lv\/lv\/shop\/apjomu-palielinoss-sampuns-cp-1-volume-booster-shampoo\/","title":{"rendered":"Apjomu palielino\u0161s \u0161amp\u016bns  CP-1 Volume Booster Shampoo"},"content":{"rendered":"<p>Apjomu palielino\u0161s \u0161amp\u016bns CP-1 Volume Booster Shampoo pamat\u0101 ir patent\u0113tais \u201cVolume Plus\u201d komplekss, kas pie\u0161\u0137ir matiem dabisku apjomu, pace\u013c matus no sakn\u0113m un nodro\u0161ina ilgsto\u0161u sul\u012bgu matu efektu. \u0160amp\u016bn\u0101 eso\u0161ie pept\u012bdi baro un stiprina, pies\u0101tina matus ar vitalit\u0101ti, atjauno elast\u012bbu un vesel\u012bgu sp\u012bdumu. Prebiotikas mitrina galvas \u0101du un atjauno mikrobiomu. Augu ekstrakti padara matus iztur\u012bg\u0101kus pret l\u016b\u0161anu un negat\u012bviem vides faktoriem. \u0160amp\u016bns padara matus m\u012bkstus un z\u012bdainus.<\/p>\n<p>\u0160amp\u016bns lieliski att\u012bra, neiz\u017e\u0101v\u0113jot galvas \u0101du, t\u0101p\u0113c tas ir ide\u0101li piem\u0113rots jut\u012bgai galvas \u0101dai. \u0160amp\u016bns neapgr\u016btina matus un to var lietot katru dienu.<\/p>\n<p>Tas atjauno boj\u0101tos matus no iek\u0161puses, \u0161\u016bnu l\u012bmen\u012b, t\u0101p\u0113c efekts neb\u016bs tikai \u0101r\u0113js &#8211; j\u016bsu mati patie\u0161\u0101m k\u013c\u016bs vesel\u012bg\u0101ki. T\u0101 sast\u0101v\u0101 ir prote\u012bni, jojobas e\u013c\u013ca, kam\u0113lijas e\u013c\u013ca, kokosriekstu e\u013c\u013ca un beta\u012bns.<\/p>\n<p><strong>Lieto\u0161\u0101na:<\/strong> Uzkl\u0101jiet vajadz\u012bgo daudzumu \u0161amp\u016bna uz mitriem matiem, saputojiet un iemas\u0113jiet galvas \u0101du. Noskalojiet ar siltu \u016bdeni un vajadz\u012bbas gad\u012bjum\u0101 atk\u0101rtojiet procesu.<\/p>\n<p><strong>S\u0101tsvas:<\/strong> <span style=\"font-size: 16px;\">Purified water, sodium C14-16 olefin sulfonate, lauryl betaine, kakamide miffa, sodium cocoil iscetionate, sodium chloride, glycerin, acetylhexapeptide-8, caputripeptide-1, palmitoylpentapeptide-4, tripeptide-1, palmitoylpentapeptide-1, hexapeptide-9, nonapeptide-1, molokia leaf extract, black bean extract, kelp extract, subzero giza extract, green bean extract, green bean extract, capric\/capric Lactobacillus\/bean fermentation extract, lactobacillus\/pomegranate fermentation extract, butylene glycol, dexpantenol, niacinamide, salicylic acid, citric acid, menthol, capryl glycol, 1,2-hexanediol, sodium benzoate, polyquantium-10, disodium edithia, flavoring<\/span><\/p>\n<section id=\"shopify-section-template--24420135240027__17278867031e017cd0\" class=\"shopify-section section\">\n<div class=\"content-indent default\">\n<div id=\"template--24420135240027__17278867031e017cd0\" class=\"page-width \" data-section-id=\"template--24420135240027__17278867031e017cd0\" data-section-type=\"carousel\">\n<div id=\"shopify-block-AV1oxRTVEblpucCtxT__loox_reviews_loox_dynamic_section_TpRzK9\" class=\"shopify-block shopify-app-block\"><\/div>\n<\/div>\n<\/div>\n<\/section>\n","protected":false},"excerpt":{"rendered":"<p>Apjomu palielino\u0161s \u0161amp\u016bns CP-1 Volume Booster Shampoo pamat\u0101 ir patent\u0113tais \u201cVolume Plus\u201d komplekss, kas pie\u0161\u0137ir matiem dabisku apjomu, pace\u013c matus no sakn\u0113m un nodro\u0161ina ilgsto\u0161u sul\u012bgu matu efektu. \u0160amp\u016bn\u0101 eso\u0161ie pept\u012bdi baro un stiprina, pies\u0101tina matus ar vitalit\u0101ti, atjauno elast\u012bbu un vesel\u012bgu sp\u012bdumu. Prebiotikas mitrina galvas \u0101du un atjauno mikrobiomu. Augu ekstrakti padara matus iztur\u012bg\u0101kus pret l\u016b\u0161anu un negat\u012bviem vides faktoriem. \u0160amp\u016bns padara matus m\u012bkstus un z\u012bdainus.<\/p>\n","protected":false},"featured_media":23208,"comment_status":"open","ping_status":"closed","template":"","meta":{"site-sidebar-layout":"default","site-content-layout":"","ast-site-content-layout":"default","site-content-style":"default","site-sidebar-style":"default","ast-global-header-display":"","ast-banner-title-visibility":"","ast-main-header-display":"","ast-hfb-above-header-display":"","ast-hfb-below-header-display":"","ast-hfb-mobile-header-display":"","site-post-title":"","ast-breadcrumbs-content":"","ast-featured-img":"","footer-sml-layout":"","theme-transparent-header-meta":"default","adv-header-id-meta":"","stick-header-meta":"","header-above-stick-meta":"","header-main-stick-meta":"","header-below-stick-meta":"","astra-migrate-meta-layouts":"set","ast-page-background-enabled":"default","ast-page-background-meta":{"desktop":{"background-color":"var(--ast-global-color-4)","background-image":"","background-repeat":"repeat","background-position":"center center","background-size":"auto","background-attachment":"scroll","background-type":"","background-media":"","overlay-type":"","overlay-color":"","overlay-opacity":"","overlay-gradient":""},"tablet":{"background-color":"","background-image":"","background-repeat":"repeat","background-position":"center center","background-size":"auto","background-attachment":"scroll","background-type":"","background-media":"","overlay-type":"","overlay-color":"","overlay-opacity":"","overlay-gradient":""},"mobile":{"background-color":"","background-image":"","background-repeat":"repeat","background-position":"center center","background-size":"auto","background-attachment":"scroll","background-type":"","background-media":"","overlay-type":"","overlay-color":"","overlay-opacity":"","overlay-gradient":""}},"ast-content-background-meta":{"desktop":{"background-color":"var(--ast-global-color-5)","background-image":"","background-repeat":"repeat","background-position":"center center","background-size":"auto","background-attachment":"scroll","background-type":"","background-media":"","overlay-type":"","overlay-color":"","overlay-opacity":"","overlay-gradient":""},"tablet":{"background-color":"var(--ast-global-color-5)","background-image":"","background-repeat":"repeat","background-position":"center center","background-size":"auto","background-attachment":"scroll","background-type":"","background-media":"","overlay-type":"","overlay-color":"","overlay-opacity":"","overlay-gradient":""},"mobile":{"background-color":"var(--ast-global-color-5)","background-image":"","background-repeat":"repeat","background-position":"center center","background-size":"auto","background-attachment":"scroll","background-type":"","background-media":"","overlay-type":"","overlay-color":"","overlay-opacity":"","overlay-gradient":""}}},"product_brand":[],"product_cat":[330,357],"product_tag":[],"berocket_brand":[592],"class_list":{"0":"post-23206","1":"product","2":"type-product","3":"status-publish","4":"has-post-thumbnail","6":"product_cat-matiem","7":"product_cat-sampuni","8":"berocket_brand-esthetic-house","9":"desktop-align-left","10":"tablet-align-left","11":"mobile-align-left","13":"first","14":"instock","15":"taxable","16":"shipping-taxable","17":"purchasable","18":"product-type-simple","19":"add-to-wishlist-before_image"},"yoast_head":"<!-- This site is optimized with the Yoast SEO plugin v27.4 - https:\/\/yoast.com\/product\/yoast-seo-wordpress\/ -->\n<title>Apjomu palielino\u0161s \u0161amp\u016bns CP-1 Volume Booster Shampoo - FACECORNER<\/title>\n<meta name=\"description\" content=\"Apjomu palielino\u0161s \u0161amp\u016bns CP-1 Volume Booster Shampoo pamat\u0101 ir patent\u0113tais \u201cVolume Plus\u201d komplekss, kas pie\u0161\u0137ir matiem dabisku apjomu\" \/>\n<meta name=\"robots\" content=\"index, follow, max-snippet:-1, max-image-preview:large, max-video-preview:-1\" \/>\n<link rel=\"canonical\" href=\"https:\/\/www.facecorner.lv\/lv\/shop\/apjomu-palielinoss-sampuns-cp-1-volume-booster-shampoo\/\" \/>\n<meta property=\"og:locale\" content=\"lv_LV\" \/>\n<meta property=\"og:type\" content=\"article\" \/>\n<meta property=\"og:title\" content=\"Apjomu palielino\u0161s \u0161amp\u016bns CP-1 Volume Booster Shampoo - FACECORNER\" \/>\n<meta property=\"og:description\" content=\"Apjomu palielino\u0161s \u0161amp\u016bns CP-1 Volume Booster Shampoo pamat\u0101 ir patent\u0113tais \u201cVolume Plus\u201d komplekss, kas pie\u0161\u0137ir matiem dabisku apjomu\" \/>\n<meta property=\"og:url\" content=\"https:\/\/www.facecorner.lv\/lv\/shop\/apjomu-palielinoss-sampuns-cp-1-volume-booster-shampoo\/\" \/>\n<meta property=\"og:site_name\" content=\"FACECORNER\" \/>\n<meta property=\"article:publisher\" content=\"https:\/\/www.facebook.com\/profile.php?id=100063824551839\" \/>\n<meta property=\"article:modified_time\" content=\"2025-02-02T12:55:44+00:00\" \/>\n<meta property=\"og:image\" content=\"https:\/\/www.facecorner.lv\/wp-content\/uploads\/2025\/02\/rus_pl_CP-1-Volume-Booster-Shampoo-SHAMPUN-DLIA-UVELICHENIIA-OB-EMA-VOLOS-500ml-22983_1-1.webp\" \/>\n\t<meta property=\"og:image:width\" content=\"1500\" \/>\n\t<meta property=\"og:image:height\" content=\"1500\" \/>\n\t<meta property=\"og:image:type\" content=\"image\/webp\" \/>\n<meta name=\"twitter:card\" content=\"summary_large_image\" \/>\n<meta name=\"twitter:label1\" content=\"Price\" \/>\n\t<meta name=\"twitter:data1\" content=\"&euro;18.90\" \/>\n\t<meta name=\"twitter:label2\" content=\"Availability\" \/>\n\t<meta name=\"twitter:data2\" content=\"In stock\" \/>\n<script type=\"application\/ld+json\" class=\"yoast-schema-graph\">{\"@context\":\"https:\\\/\\\/schema.org\",\"@graph\":[{\"@type\":\"WebPage\",\"@id\":\"https:\\\/\\\/www.facecorner.lv\\\/shop\\\/apjomu-palielinoss-sampuns-cp-1-volume-booster-shampoo\\\/\",\"url\":\"https:\\\/\\\/www.facecorner.lv\\\/shop\\\/apjomu-palielinoss-sampuns-cp-1-volume-booster-shampoo\\\/\",\"name\":\"Apjomu palielino\u0161s \u0161amp\u016bns CP-1 Volume Booster Shampoo - FACECORNER\",\"isPartOf\":{\"@id\":\"https:\\\/\\\/www.facecorner.lv\\\/#website\"},\"primaryImageOfPage\":{\"@id\":\"https:\\\/\\\/www.facecorner.lv\\\/shop\\\/apjomu-palielinoss-sampuns-cp-1-volume-booster-shampoo\\\/#primaryimage\"},\"image\":{\"@id\":\"https:\\\/\\\/www.facecorner.lv\\\/shop\\\/apjomu-palielinoss-sampuns-cp-1-volume-booster-shampoo\\\/#primaryimage\"},\"thumbnailUrl\":\"https:\\\/\\\/www.facecorner.lv\\\/wp-content\\\/uploads\\\/2025\\\/02\\\/rus_pl_CP-1-Volume-Booster-Shampoo-SHAMPUN-DLIA-UVELICHENIIA-OB-EMA-VOLOS-500ml-22983_1-1.webp\",\"datePublished\":\"2025-02-02T12:53:31+00:00\",\"dateModified\":\"2025-02-02T12:55:44+00:00\",\"description\":\"Apjomu palielino\u0161s \u0161amp\u016bns CP-1 Volume Booster Shampoo pamat\u0101 ir patent\u0113tais \u201cVolume Plus\u201d komplekss, kas pie\u0161\u0137ir matiem dabisku apjomu\",\"breadcrumb\":{\"@id\":\"https:\\\/\\\/www.facecorner.lv\\\/shop\\\/apjomu-palielinoss-sampuns-cp-1-volume-booster-shampoo\\\/#breadcrumb\"},\"inLanguage\":\"lv-LV\",\"potentialAction\":[{\"@type\":\"ReadAction\",\"target\":[\"https:\\\/\\\/www.facecorner.lv\\\/shop\\\/apjomu-palielinoss-sampuns-cp-1-volume-booster-shampoo\\\/\"]}]},{\"@type\":\"ImageObject\",\"inLanguage\":\"lv-LV\",\"@id\":\"https:\\\/\\\/www.facecorner.lv\\\/shop\\\/apjomu-palielinoss-sampuns-cp-1-volume-booster-shampoo\\\/#primaryimage\",\"url\":\"https:\\\/\\\/www.facecorner.lv\\\/wp-content\\\/uploads\\\/2025\\\/02\\\/rus_pl_CP-1-Volume-Booster-Shampoo-SHAMPUN-DLIA-UVELICHENIIA-OB-EMA-VOLOS-500ml-22983_1-1.webp\",\"contentUrl\":\"https:\\\/\\\/www.facecorner.lv\\\/wp-content\\\/uploads\\\/2025\\\/02\\\/rus_pl_CP-1-Volume-Booster-Shampoo-SHAMPUN-DLIA-UVELICHENIIA-OB-EMA-VOLOS-500ml-22983_1-1.webp\",\"width\":1500,\"height\":1500,\"caption\":\"Apjomu palielino\u0161s \u0161amp\u016bns CP-1 Volume Booster Shampoo\"},{\"@type\":\"BreadcrumbList\",\"@id\":\"https:\\\/\\\/www.facecorner.lv\\\/shop\\\/apjomu-palielinoss-sampuns-cp-1-volume-booster-shampoo\\\/#breadcrumb\",\"itemListElement\":[{\"@type\":\"ListItem\",\"position\":1,\"name\":\"Home\",\"item\":\"https:\\\/\\\/www.facecorner.lv\\\/\"},{\"@type\":\"ListItem\",\"position\":2,\"name\":\"Veikals\",\"item\":\"https:\\\/\\\/www.facecorner.lv\\\/shop\\\/\"},{\"@type\":\"ListItem\",\"position\":3,\"name\":\"Apjomu palielino\u0161s \u0161amp\u016bns CP-1 Volume Booster Shampoo\"}]},{\"@type\":\"WebSite\",\"@id\":\"https:\\\/\\\/www.facecorner.lv\\\/#website\",\"url\":\"https:\\\/\\\/www.facecorner.lv\\\/\",\"name\":\"Facecorner\",\"description\":\"\",\"publisher\":{\"@id\":\"https:\\\/\\\/www.facecorner.lv\\\/#organization\"},\"potentialAction\":[{\"@type\":\"SearchAction\",\"target\":{\"@type\":\"EntryPoint\",\"urlTemplate\":\"https:\\\/\\\/www.facecorner.lv\\\/?s={search_term_string}\"},\"query-input\":{\"@type\":\"PropertyValueSpecification\",\"valueRequired\":true,\"valueName\":\"search_term_string\"}}],\"inLanguage\":\"lv-LV\"},{\"@type\":\"Organization\",\"@id\":\"https:\\\/\\\/www.facecorner.lv\\\/#organization\",\"name\":\"Facecorner\",\"url\":\"https:\\\/\\\/www.facecorner.lv\\\/\",\"logo\":{\"@type\":\"ImageObject\",\"inLanguage\":\"lv-LV\",\"@id\":\"https:\\\/\\\/www.facecorner.lv\\\/#\\\/schema\\\/logo\\\/image\\\/\",\"url\":\"https:\\\/\\\/www.facecorner.lv\\\/wp-content\\\/uploads\\\/2024\\\/04\\\/fc-logo.jpg\",\"contentUrl\":\"https:\\\/\\\/www.facecorner.lv\\\/wp-content\\\/uploads\\\/2024\\\/04\\\/fc-logo.jpg\",\"width\":174,\"height\":28,\"caption\":\"Facecorner\"},\"image\":{\"@id\":\"https:\\\/\\\/www.facecorner.lv\\\/#\\\/schema\\\/logo\\\/image\\\/\"},\"sameAs\":[\"https:\\\/\\\/www.facebook.com\\\/profile.php?id=100063824551839\",\"https:\\\/\\\/www.instagram.com\\\/facecorner_shop\\\/\"]}]}<\/script>\n<meta property=\"product:price:amount\" content=\"18.90\" \/>\n<meta property=\"product:price:currency\" content=\"EUR\" \/>\n<meta property=\"og:availability\" content=\"instock\" \/>\n<meta property=\"product:availability\" content=\"instock\" \/>\n<meta property=\"product:condition\" content=\"new\" \/>\n<!-- \/ Yoast SEO plugin. -->","yoast_head_json":{"title":"Apjomu palielino\u0161s \u0161amp\u016bns CP-1 Volume Booster Shampoo - FACECORNER","description":"Apjomu palielino\u0161s \u0161amp\u016bns CP-1 Volume Booster Shampoo pamat\u0101 ir patent\u0113tais \u201cVolume Plus\u201d komplekss, kas pie\u0161\u0137ir matiem dabisku apjomu","robots":{"index":"index","follow":"follow","max-snippet":"max-snippet:-1","max-image-preview":"max-image-preview:large","max-video-preview":"max-video-preview:-1"},"canonical":"https:\/\/www.facecorner.lv\/lv\/shop\/apjomu-palielinoss-sampuns-cp-1-volume-booster-shampoo\/","og_locale":"lv_LV","og_type":"article","og_title":"Apjomu palielino\u0161s \u0161amp\u016bns CP-1 Volume Booster Shampoo - FACECORNER","og_description":"Apjomu palielino\u0161s \u0161amp\u016bns CP-1 Volume Booster Shampoo pamat\u0101 ir patent\u0113tais \u201cVolume Plus\u201d komplekss, kas pie\u0161\u0137ir matiem dabisku apjomu","og_url":"https:\/\/www.facecorner.lv\/lv\/shop\/apjomu-palielinoss-sampuns-cp-1-volume-booster-shampoo\/","og_site_name":"FACECORNER","article_publisher":"https:\/\/www.facebook.com\/profile.php?id=100063824551839","article_modified_time":"2025-02-02T12:55:44+00:00","og_image":[{"width":1500,"height":1500,"url":"https:\/\/www.facecorner.lv\/wp-content\/uploads\/2025\/02\/rus_pl_CP-1-Volume-Booster-Shampoo-SHAMPUN-DLIA-UVELICHENIIA-OB-EMA-VOLOS-500ml-22983_1-1.webp","type":"image\/webp"}],"twitter_card":"summary_large_image","twitter_misc":{"Price":"&euro;18.90","Availability":"In stock"},"schema":{"@context":"https:\/\/schema.org","@graph":[{"@type":"WebPage","@id":"https:\/\/www.facecorner.lv\/shop\/apjomu-palielinoss-sampuns-cp-1-volume-booster-shampoo\/","url":"https:\/\/www.facecorner.lv\/shop\/apjomu-palielinoss-sampuns-cp-1-volume-booster-shampoo\/","name":"Apjomu palielino\u0161s \u0161amp\u016bns CP-1 Volume Booster Shampoo - FACECORNER","isPartOf":{"@id":"https:\/\/www.facecorner.lv\/#website"},"primaryImageOfPage":{"@id":"https:\/\/www.facecorner.lv\/shop\/apjomu-palielinoss-sampuns-cp-1-volume-booster-shampoo\/#primaryimage"},"image":{"@id":"https:\/\/www.facecorner.lv\/shop\/apjomu-palielinoss-sampuns-cp-1-volume-booster-shampoo\/#primaryimage"},"thumbnailUrl":"https:\/\/www.facecorner.lv\/wp-content\/uploads\/2025\/02\/rus_pl_CP-1-Volume-Booster-Shampoo-SHAMPUN-DLIA-UVELICHENIIA-OB-EMA-VOLOS-500ml-22983_1-1.webp","datePublished":"2025-02-02T12:53:31+00:00","dateModified":"2025-02-02T12:55:44+00:00","description":"Apjomu palielino\u0161s \u0161amp\u016bns CP-1 Volume Booster Shampoo pamat\u0101 ir patent\u0113tais \u201cVolume Plus\u201d komplekss, kas pie\u0161\u0137ir matiem dabisku apjomu","breadcrumb":{"@id":"https:\/\/www.facecorner.lv\/shop\/apjomu-palielinoss-sampuns-cp-1-volume-booster-shampoo\/#breadcrumb"},"inLanguage":"lv-LV","potentialAction":[{"@type":"ReadAction","target":["https:\/\/www.facecorner.lv\/shop\/apjomu-palielinoss-sampuns-cp-1-volume-booster-shampoo\/"]}]},{"@type":"ImageObject","inLanguage":"lv-LV","@id":"https:\/\/www.facecorner.lv\/shop\/apjomu-palielinoss-sampuns-cp-1-volume-booster-shampoo\/#primaryimage","url":"https:\/\/www.facecorner.lv\/wp-content\/uploads\/2025\/02\/rus_pl_CP-1-Volume-Booster-Shampoo-SHAMPUN-DLIA-UVELICHENIIA-OB-EMA-VOLOS-500ml-22983_1-1.webp","contentUrl":"https:\/\/www.facecorner.lv\/wp-content\/uploads\/2025\/02\/rus_pl_CP-1-Volume-Booster-Shampoo-SHAMPUN-DLIA-UVELICHENIIA-OB-EMA-VOLOS-500ml-22983_1-1.webp","width":1500,"height":1500,"caption":"Apjomu palielino\u0161s \u0161amp\u016bns CP-1 Volume Booster Shampoo"},{"@type":"BreadcrumbList","@id":"https:\/\/www.facecorner.lv\/shop\/apjomu-palielinoss-sampuns-cp-1-volume-booster-shampoo\/#breadcrumb","itemListElement":[{"@type":"ListItem","position":1,"name":"Home","item":"https:\/\/www.facecorner.lv\/"},{"@type":"ListItem","position":2,"name":"Veikals","item":"https:\/\/www.facecorner.lv\/shop\/"},{"@type":"ListItem","position":3,"name":"Apjomu palielino\u0161s \u0161amp\u016bns CP-1 Volume Booster Shampoo"}]},{"@type":"WebSite","@id":"https:\/\/www.facecorner.lv\/#website","url":"https:\/\/www.facecorner.lv\/","name":"Facecorner","description":"","publisher":{"@id":"https:\/\/www.facecorner.lv\/#organization"},"potentialAction":[{"@type":"SearchAction","target":{"@type":"EntryPoint","urlTemplate":"https:\/\/www.facecorner.lv\/?s={search_term_string}"},"query-input":{"@type":"PropertyValueSpecification","valueRequired":true,"valueName":"search_term_string"}}],"inLanguage":"lv-LV"},{"@type":"Organization","@id":"https:\/\/www.facecorner.lv\/#organization","name":"Facecorner","url":"https:\/\/www.facecorner.lv\/","logo":{"@type":"ImageObject","inLanguage":"lv-LV","@id":"https:\/\/www.facecorner.lv\/#\/schema\/logo\/image\/","url":"https:\/\/www.facecorner.lv\/wp-content\/uploads\/2024\/04\/fc-logo.jpg","contentUrl":"https:\/\/www.facecorner.lv\/wp-content\/uploads\/2024\/04\/fc-logo.jpg","width":174,"height":28,"caption":"Facecorner"},"image":{"@id":"https:\/\/www.facecorner.lv\/#\/schema\/logo\/image\/"},"sameAs":["https:\/\/www.facebook.com\/profile.php?id=100063824551839","https:\/\/www.instagram.com\/facecorner_shop\/"]}]},"product_price_amount":"18.90","product_price_currency":"EUR","og_availability":"instock","product_availability":"instock","product_condition":"new"},"_links":{"self":[{"href":"https:\/\/www.facecorner.lv\/lv\/wp-json\/wp\/v2\/product\/23206","targetHints":{"allow":["GET"]}}],"collection":[{"href":"https:\/\/www.facecorner.lv\/lv\/wp-json\/wp\/v2\/product"}],"about":[{"href":"https:\/\/www.facecorner.lv\/lv\/wp-json\/wp\/v2\/types\/product"}],"replies":[{"embeddable":true,"href":"https:\/\/www.facecorner.lv\/lv\/wp-json\/wp\/v2\/comments?post=23206"}],"wp:featuredmedia":[{"embeddable":true,"href":"https:\/\/www.facecorner.lv\/lv\/wp-json\/wp\/v2\/media\/23208"}],"wp:attachment":[{"href":"https:\/\/www.facecorner.lv\/lv\/wp-json\/wp\/v2\/media?parent=23206"}],"wp:term":[{"taxonomy":"product_brand","embeddable":true,"href":"https:\/\/www.facecorner.lv\/lv\/wp-json\/wp\/v2\/product_brand?post=23206"},{"taxonomy":"product_cat","embeddable":true,"href":"https:\/\/www.facecorner.lv\/lv\/wp-json\/wp\/v2\/product_cat?post=23206"},{"taxonomy":"product_tag","embeddable":true,"href":"https:\/\/www.facecorner.lv\/lv\/wp-json\/wp\/v2\/product_tag?post=23206"},{"taxonomy":"berocket_brand","embeddable":true,"href":"https:\/\/www.facecorner.lv\/lv\/wp-json\/wp\/v2\/berocket_brand?post=23206"}],"curies":[{"name":"wp","href":"https:\/\/api.w.org\/{rel}","templated":true}]}}